{"id":52215,"date":"2026-04-01T12:01:50","date_gmt":"2026-04-01T09:01:50","guid":{"rendered":"https:\/\/rodoaed.ee\/tyhjiopakkaajat\/"},"modified":"2026-04-01T12:07:37","modified_gmt":"2026-04-01T09:07:37","slug":"tyhjiopakkaajat","status":"publish","type":"page","link":"https:\/\/rodoaed.ee\/fi\/info-2\/kuvia-paikasta\/tyhjiopakkaajat\/","title":{"rendered":"Tyhji\u00f6pakkaajat"},"content":{"rendered":"\n<p>Tyhji\u00f6pakkaus pident\u00e4\u00e4 elintarvikkeiden s\u00e4ilyvyytt\u00e4 3-5 kertaa. Italialaiset Takaje-tyhji\u00f6pakkauslaitteet ovat Euroopan parhaimmiksi arvioituja sek\u00e4 suunnittelun ett\u00e4 luotettavuuden osalta.  <\/p>\n\n<ul class=\"wp-block-gallery columns-5 is-cropped wp-block-gallery-1 is-layout-flex wp-block-gallery-is-layout-flex\"><li class=\"blocks-gallery-item\"><figure><a href=\"https:\/\/rodoaed.ee\/wp-content\/uploads\/2019\/08\/kasipump-vaakumpakendajale_3.jpg\"><img loading=\"lazy\" decoding=\"async\" width=\"350\" height=\"350\" src=\"https:\/\/rodoaed.ee\/wp-content\/uploads\/2019\/08\/kasipump-vaakumpakendajale_3.jpg\" alt=\"\" data-id=\"25073\" data-link=\"https:\/\/rodoaed.ee\/?attachment_id=25073\" class=\"wp-image-25073\"\/><\/a><\/figure><\/li><li class=\"blocks-gallery-item\"><figure><a href=\"https:\/\/rodoaed.ee\/wp-content\/uploads\/2019\/08\/kasipump-vaakumpakendajale_4.jpg\"><img loading=\"lazy\" decoding=\"async\" width=\"350\" height=\"350\" src=\"https:\/\/rodoaed.ee\/wp-content\/uploads\/2019\/08\/kasipump-vaakumpakendajale_4.jpg\" alt=\"\" data-id=\"25076\" data-link=\"https:\/\/rodoaed.ee\/?attachment_id=25076\" class=\"wp-image-25076\"\/><\/a><\/figure><\/li><li class=\"blocks-gallery-item\"><figure><a href=\"https:\/\/rodoaed.ee\/wp-content\/uploads\/2019\/08\/kasipump-vaakumpakendajale_5.jpg\"><img loading=\"lazy\" decoding=\"async\" width=\"350\" height=\"350\" src=\"https:\/\/rodoaed.ee\/wp-content\/uploads\/2019\/08\/kasipump-vaakumpakendajale_5.jpg\" alt=\"\" data-id=\"25079\" data-link=\"https:\/\/rodoaed.ee\/?attachment_id=25079\" class=\"wp-image-25079\"\/><\/a><\/figure><\/li><li class=\"blocks-gallery-item\"><figure><a href=\"https:\/\/rodoaed.ee\/wp-content\/uploads\/2019\/08\/liha-vaakumpakendamine.jpg\"><img loading=\"lazy\" decoding=\"async\" width=\"800\" height=\"426\" src=\"https:\/\/rodoaed.ee\/wp-content\/uploads\/2019\/08\/liha-vaakumpakendamine.jpg\" alt=\"\" data-id=\"25082\" data-link=\"https:\/\/rodoaed.ee\/?attachment_id=25082\" class=\"wp-image-25082\" srcset=\"https:\/\/rodoaed.ee\/wp-content\/uploads\/2019\/08\/liha-vaakumpakendamine.jpg 800w, https:\/\/rodoaed.ee\/wp-content\/uploads\/2019\/08\/liha-vaakumpakendamine-768x409.jpg 768w\" sizes=\"auto, (max-width: 800px) 100vw, 800px\" \/><\/a><\/figure><\/li><li class=\"blocks-gallery-item\"><figure><a href=\"https:\/\/rodoaed.ee\/wp-content\/uploads\/2019\/08\/takaje-vaakumpakendajad.jpg\"><img loading=\"lazy\" decoding=\"async\" width=\"800\" height=\"426\" src=\"https:\/\/rodoaed.ee\/wp-content\/uploads\/2019\/08\/takaje-vaakumpakendajad.jpg\" alt=\"\" data-id=\"25085\" data-link=\"https:\/\/rodoaed.ee\/?attachment_id=25085\" class=\"wp-image-25085\"\/><\/a><\/figure><\/li><li class=\"blocks-gallery-item\"><figure><a href=\"https:\/\/rodoaed.ee\/wp-content\/uploads\/2019\/08\/takaje-vacuum-box-big.jpg\"><img loading=\"lazy\" decoding=\"async\" width=\"800\" height=\"533\" src=\"https:\/\/rodoaed.ee\/wp-content\/uploads\/2019\/08\/takaje-vacuum-box-big.jpg\" alt=\"\" data-id=\"25088\" data-link=\"https:\/\/rodoaed.ee\/?attachment_id=25088\" class=\"wp-image-25088\"\/><\/a><\/figure><\/li><li class=\"blocks-gallery-item\"><figure><a href=\"https:\/\/rodoaed.ee\/wp-content\/uploads\/2019\/08\/toidukuivati-tre-spade_dry-5.jpg\"><img loading=\"lazy\" decoding=\"async\" width=\"800\" height=\"526\" src=\"https:\/\/rodoaed.ee\/wp-content\/uploads\/2019\/08\/toidukuivati-tre-spade_dry-5.jpg\" alt=\"\" data-id=\"25091\" data-link=\"https:\/\/rodoaed.ee\/?attachment_id=25091\" class=\"wp-image-25091\" srcset=\"https:\/\/rodoaed.ee\/wp-content\/uploads\/2019\/08\/toidukuivati-tre-spade_dry-5.jpg 800w, https:\/\/rodoaed.ee\/wp-content\/uploads\/2019\/08\/toidukuivati-tre-spade_dry-5-768x505.jpg 768w\" sizes=\"auto, (max-width: 800px) 100vw, 800px\" \/><\/a><\/figure><\/li><li class=\"blocks-gallery-item\"><figure><a href=\"https:\/\/rodoaed.ee\/wp-content\/uploads\/2019\/08\/toidukuivati-tre-spade_dry-deluxe.jpg\"><img loading=\"lazy\" decoding=\"async\" width=\"800\" height=\"487\" src=\"https:\/\/rodoaed.ee\/wp-content\/uploads\/2019\/08\/toidukuivati-tre-spade_dry-deluxe.jpg\" alt=\"\" data-id=\"25094\" data-link=\"https:\/\/rodoaed.ee\/?attachment_id=25094\" class=\"wp-image-25094\" srcset=\"https:\/\/rodoaed.ee\/wp-content\/uploads\/2019\/08\/toidukuivati-tre-spade_dry-deluxe.jpg 800w, https:\/\/rodoaed.ee\/wp-content\/uploads\/2019\/08\/toidukuivati-tre-spade_dry-deluxe-768x468.jpg 768w\" sizes=\"auto, (max-width: 800px) 100vw, 800px\" \/><\/a><\/figure><\/li><li class=\"blocks-gallery-item\"><figure><a href=\"https:\/\/rodoaed.ee\/wp-content\/uploads\/2019\/08\/vaakumkotid-vaakumpakendajale.jpg\"><img loading=\"lazy\" decoding=\"async\" width=\"800\" height=\"533\" src=\"https:\/\/rodoaed.ee\/wp-content\/uploads\/2019\/08\/vaakumkotid-vaakumpakendajale.jpg\" alt=\"\" data-id=\"25097\" data-link=\"https:\/\/rodoaed.ee\/?attachment_id=25097\" class=\"wp-image-25097\"\/><\/a><\/figure><\/li><li class=\"blocks-gallery-item\"><figure><a href=\"https:\/\/rodoaed.ee\/wp-content\/uploads\/2019\/08\/vaakumpakendaja-perepilt_takaje-family-picture.jpg\"><img loading=\"lazy\" decoding=\"async\" width=\"690\" height=\"600\" src=\"https:\/\/rodoaed.ee\/wp-content\/uploads\/2019\/08\/vaakumpakendaja-perepilt_takaje-family-picture.jpg\" alt=\"\" data-id=\"25100\" data-link=\"https:\/\/rodoaed.ee\/?attachment_id=25100\" class=\"wp-image-25100\"\/><\/a><\/figure><\/li><li class=\"blocks-gallery-item\"><figure><a href=\"https:\/\/rodoaed.ee\/wp-content\/uploads\/2019\/08\/vaakumpakendaja-pudeli-tihendid.jpg\"><img loading=\"lazy\" decoding=\"async\" width=\"800\" height=\"533\" src=\"https:\/\/rodoaed.ee\/wp-content\/uploads\/2019\/08\/vaakumpakendaja-pudeli-tihendid.jpg\" alt=\"\" data-id=\"25103\" data-link=\"https:\/\/rodoaed.ee\/?attachment_id=25103\" class=\"wp-image-25103\"\/><\/a><\/figure><\/li><li class=\"blocks-gallery-item\"><figure><a href=\"https:\/\/rodoaed.ee\/wp-content\/uploads\/2019\/08\/vaakumpakendaja-takaje_1.jpg\"><img loading=\"lazy\" decoding=\"async\" width=\"800\" height=\"426\" src=\"https:\/\/rodoaed.ee\/wp-content\/uploads\/2019\/08\/vaakumpakendaja-takaje_1.jpg\" alt=\"\" data-id=\"25106\" data-link=\"https:\/\/rodoaed.ee\/?attachment_id=25106\" class=\"wp-image-25106\"\/><\/a><\/figure><\/li><li class=\"blocks-gallery-item\"><figure><a href=\"https:\/\/rodoaed.ee\/wp-content\/uploads\/2019\/08\/vaakumpakendaja-takaje_2.jpg\"><img loading=\"lazy\" decoding=\"async\" width=\"800\" height=\"426\" src=\"https:\/\/rodoaed.ee\/wp-content\/uploads\/2019\/08\/vaakumpakendaja-takaje_2.jpg\" alt=\"\" data-id=\"25109\" data-link=\"https:\/\/rodoaed.ee\/?attachment_id=25109\" class=\"wp-image-25109\"\/><\/a><\/figure><\/li><li class=\"blocks-gallery-item\"><figure><a href=\"https:\/\/rodoaed.ee\/wp-content\/uploads\/2019\/08\/vaakumpakendaja-takaje_punane.jpg\"><img loading=\"lazy\" decoding=\"async\" width=\"800\" height=\"369\" src=\"https:\/\/rodoaed.ee\/wp-content\/uploads\/2019\/08\/vaakumpakendaja-takaje_punane.jpg\" alt=\"\" data-id=\"25112\" data-link=\"https:\/\/rodoaed.ee\/?attachment_id=25112\" class=\"wp-image-25112\"\/><\/a><\/figure><\/li><li class=\"blocks-gallery-item\"><figure><a href=\"https:\/\/rodoaed.ee\/wp-content\/uploads\/2019\/08\/vaakumpakendaja-takaje_valge.jpg\"><img loading=\"lazy\" decoding=\"async\" width=\"665\" height=\"600\" src=\"https:\/\/rodoaed.ee\/wp-content\/uploads\/2019\/08\/vaakumpakendaja-takaje_valge.jpg\" alt=\"\" data-id=\"25115\" data-link=\"https:\/\/rodoaed.ee\/?attachment_id=25115\" class=\"wp-image-25115\"\/><\/a><\/figure><\/li><li class=\"blocks-gallery-item\"><figure><a href=\"https:\/\/rodoaed.ee\/wp-content\/uploads\/2019\/08\/vaakumpakendamine-klaastaarasse.jpg\"><img loading=\"lazy\" decoding=\"async\" width=\"800\" height=\"426\" src=\"https:\/\/rodoaed.ee\/wp-content\/uploads\/2019\/08\/vaakumpakendamine-klaastaarasse.jpg\" alt=\"\" data-id=\"25118\" data-link=\"https:\/\/rodoaed.ee\/?attachment_id=25118\" class=\"wp-image-25118\"\/><\/a><\/figure><\/li><li class=\"blocks-gallery-item\"><figure><a href=\"https:\/\/rodoaed.ee\/wp-content\/uploads\/2019\/08\/vaakumpakendamine-klaastaarasse_2.jpg\"><img loading=\"lazy\" decoding=\"async\" width=\"800\" height=\"426\" src=\"https:\/\/rodoaed.ee\/wp-content\/uploads\/2019\/08\/vaakumpakendamine-klaastaarasse_2.jpg\" alt=\"\" data-id=\"25121\" data-link=\"https:\/\/rodoaed.ee\/?attachment_id=25121\" class=\"wp-image-25121\"\/><\/a><\/figure><\/li><li class=\"blocks-gallery-item\"><figure><a href=\"https:\/\/rodoaed.ee\/wp-content\/uploads\/2019\/08\/vaakumventiil-klaastaarale_1.jpg\"><img loading=\"lazy\" decoding=\"async\" width=\"800\" height=\"426\" src=\"https:\/\/rodoaed.ee\/wp-content\/uploads\/2019\/08\/vaakumventiil-klaastaarale_1.jpg\" alt=\"\" data-id=\"25124\" data-link=\"https:\/\/rodoaed.ee\/?attachment_id=25124\" class=\"wp-image-25124\"\/><\/a><\/figure><\/li><li class=\"blocks-gallery-item\"><figure><a href=\"https:\/\/rodoaed.ee\/wp-content\/uploads\/2019\/08\/vaakumventiil-klaastaarale_2.jpg\"><img loading=\"lazy\" decoding=\"async\" width=\"800\" height=\"426\" src=\"https:\/\/rodoaed.ee\/wp-content\/uploads\/2019\/08\/vaakumventiil-klaastaarale_2.jpg\" alt=\"\" data-id=\"25127\" data-link=\"https:\/\/rodoaed.ee\/?attachment_id=25127\" class=\"wp-image-25127\"\/><\/a><\/figure><\/li><li class=\"blocks-gallery-item\"><figure><a href=\"https:\/\/rodoaed.ee\/wp-content\/uploads\/2019\/08\/kasipump-vaakumpakendajale_1-1.jpg\"><img loading=\"lazy\" decoding=\"async\" width=\"800\" height=\"426\" src=\"https:\/\/rodoaed.ee\/wp-content\/uploads\/2019\/08\/kasipump-vaakumpakendajale_1-1.jpg\" alt=\"\" data-id=\"25130\" data-link=\"https:\/\/rodoaed.ee\/?attachment_id=25130\" class=\"wp-image-25130\"\/><\/a><\/figure><\/li><li class=\"blocks-gallery-item\"><figure><a href=\"https:\/\/rodoaed.ee\/wp-content\/uploads\/2019\/08\/kasipump-vaakumpakendajale_2.jpg\"><img loading=\"lazy\" decoding=\"async\" width=\"350\" height=\"350\" src=\"https:\/\/rodoaed.ee\/wp-content\/uploads\/2019\/08\/kasipump-vaakumpakendajale_2.jpg\" alt=\"\" data-id=\"25133\" data-link=\"https:\/\/rodoaed.ee\/?attachment_id=25133\" class=\"wp-image-25133\"\/><\/a><\/figure><\/li><\/ul>\n","protected":false},"excerpt":{"rendered":"<p>Tyhji\u00f6pakkaus pident\u00e4\u00e4 elintarvikkeiden s\u00e4ilyvyytt\u00e4 3-5 kertaa. Italialaiset Takaje-tyhji\u00f6pakkauslaitteet ovat Euroopan parhaimmiksi arvioituja sek\u00e4 suunnittelun ett\u00e4 luotettavuuden osalta.<\/p>\n","protected":false},"author":1,"featured_media":0,"parent":52252,"menu_order":110,"comment_status":"closed","ping_status":"closed","template":"","meta":{"_acf_changed":false,"footnotes":""},"class_list":["post-52215","page","type-page","status-publish","hentry"],"acf":[],"yoast_head":"<!-- This site is optimized with the Yoast SEO Premium plugin v27.3 (Yoast SEO v27.3) - https:\/\/yoast.com\/product\/yoast-seo-premium-wordpress\/ -->\n<title>Tyhji\u00f6pakkaajat - Rodoaed<\/title>\n<meta name=\"robots\" content=\"index, follow, max-snippet:-1, max-image-preview:large, max-video-preview:-1\" \/>\n<link rel=\"canonical\" href=\"https:\/\/rodoaed.ee\/fi\/info-2\/kuvia-paikasta\/tyhjiopakkaajat\/\" \/>\n<meta property=\"og:locale\" content=\"fi_FI\" \/>\n<meta property=\"og:type\" content=\"article\" \/>\n<meta property=\"og:title\" content=\"Tyhji\u00f6pakkaajat\" \/>\n<meta property=\"og:description\" content=\"Tyhji\u00f6pakkaus pident\u00e4\u00e4 elintarvikkeiden s\u00e4ilyvyytt\u00e4 3-5 kertaa. Italialaiset Takaje-tyhji\u00f6pakkauslaitteet ovat Euroopan parhaimmiksi arvioituja sek\u00e4\" \/>\n<meta property=\"og:url\" content=\"https:\/\/rodoaed.ee\/fi\/info-2\/kuvia-paikasta\/tyhjiopakkaajat\/\" \/>\n<meta property=\"og:site_name\" content=\"Rodoaed\" \/>\n<meta property=\"article:publisher\" content=\"https:\/\/www.facebook.com\/kasvuhooned\/\" \/>\n<meta property=\"article:modified_time\" content=\"2026-04-01T09:07:37+00:00\" \/>\n<meta property=\"og:image\" content=\"https:\/\/rodoaed.ee\/wp-content\/uploads\/2019\/08\/kasipump-vaakumpakendajale_3.jpg\" \/>\n\t<meta property=\"og:image:width\" content=\"350\" \/>\n\t<meta property=\"og:image:height\" content=\"350\" \/>\n\t<meta property=\"og:image:type\" content=\"image\/jpeg\" \/>\n<meta name=\"twitter:card\" content=\"summary_large_image\" \/>\n<script type=\"application\/ld+json\" class=\"yoast-schema-graph\">{\"@context\":\"https:\\\/\\\/schema.org\",\"@graph\":[{\"@type\":\"WebPage\",\"@id\":\"https:\\\/\\\/rodoaed.ee\\\/fi\\\/info-2\\\/kuvia-paikasta\\\/tyhjiopakkaajat\\\/\",\"url\":\"https:\\\/\\\/rodoaed.ee\\\/fi\\\/info-2\\\/kuvia-paikasta\\\/tyhjiopakkaajat\\\/\",\"name\":\"Tyhji\u00f6pakkaajat - Rodoaed\",\"isPartOf\":{\"@id\":\"https:\\\/\\\/rodoaed.ee\\\/#website\"},\"primaryImageOfPage\":{\"@id\":\"https:\\\/\\\/rodoaed.ee\\\/fi\\\/info-2\\\/kuvia-paikasta\\\/tyhjiopakkaajat\\\/#primaryimage\"},\"image\":{\"@id\":\"https:\\\/\\\/rodoaed.ee\\\/fi\\\/info-2\\\/kuvia-paikasta\\\/tyhjiopakkaajat\\\/#primaryimage\"},\"thumbnailUrl\":\"https:\\\/\\\/rodoaed.ee\\\/wp-content\\\/uploads\\\/2019\\\/08\\\/kasipump-vaakumpakendajale_3.jpg\",\"datePublished\":\"2026-04-01T09:01:50+00:00\",\"dateModified\":\"2026-04-01T09:07:37+00:00\",\"breadcrumb\":{\"@id\":\"https:\\\/\\\/rodoaed.ee\\\/fi\\\/info-2\\\/kuvia-paikasta\\\/tyhjiopakkaajat\\\/#breadcrumb\"},\"inLanguage\":\"fi\",\"potentialAction\":[{\"@type\":\"ReadAction\",\"target\":[\"https:\\\/\\\/rodoaed.ee\\\/fi\\\/info-2\\\/kuvia-paikasta\\\/tyhjiopakkaajat\\\/\"]}]},{\"@type\":\"ImageObject\",\"inLanguage\":\"fi\",\"@id\":\"https:\\\/\\\/rodoaed.ee\\\/fi\\\/info-2\\\/kuvia-paikasta\\\/tyhjiopakkaajat\\\/#primaryimage\",\"url\":\"https:\\\/\\\/rodoaed.ee\\\/wp-content\\\/uploads\\\/2019\\\/08\\\/kasipump-vaakumpakendajale_3.jpg\",\"contentUrl\":\"https:\\\/\\\/rodoaed.ee\\\/wp-content\\\/uploads\\\/2019\\\/08\\\/kasipump-vaakumpakendajale_3.jpg\"},{\"@type\":\"BreadcrumbList\",\"@id\":\"https:\\\/\\\/rodoaed.ee\\\/fi\\\/info-2\\\/kuvia-paikasta\\\/tyhjiopakkaajat\\\/#breadcrumb\",\"itemListElement\":[{\"@type\":\"ListItem\",\"position\":1,\"name\":\"Home\",\"item\":\"https:\\\/\\\/rodoaed.ee\\\/fi\\\/\"},{\"@type\":\"ListItem\",\"position\":2,\"name\":\"Info\",\"item\":\"https:\\\/\\\/rodoaed.ee\\\/info-2\\\/\"},{\"@type\":\"ListItem\",\"position\":3,\"name\":\"Kuvia paikasta\",\"item\":\"https:\\\/\\\/rodoaed.ee\\\/fi\\\/info-2\\\/kuvia-paikasta\\\/\"},{\"@type\":\"ListItem\",\"position\":4,\"name\":\"Tyhji\u00f6pakkaajat\"}]},{\"@type\":\"WebSite\",\"@id\":\"https:\\\/\\\/rodoaed.ee\\\/#website\",\"url\":\"https:\\\/\\\/rodoaed.ee\\\/\",\"name\":\"Rodoaed\",\"description\":\"\",\"publisher\":{\"@id\":\"https:\\\/\\\/rodoaed.ee\\\/#organization\"},\"potentialAction\":[{\"@type\":\"SearchAction\",\"target\":{\"@type\":\"EntryPoint\",\"urlTemplate\":\"https:\\\/\\\/rodoaed.ee\\\/?s={search_term_string}\"},\"query-input\":{\"@type\":\"PropertyValueSpecification\",\"valueRequired\":true,\"valueName\":\"search_term_string\"}}],\"inLanguage\":\"fi\"},{\"@type\":\"Organization\",\"@id\":\"https:\\\/\\\/rodoaed.ee\\\/#organization\",\"name\":\"Rodoaed\",\"url\":\"https:\\\/\\\/rodoaed.ee\\\/\",\"logo\":{\"@type\":\"ImageObject\",\"inLanguage\":\"fi\",\"@id\":\"https:\\\/\\\/rodoaed.ee\\\/#\\\/schema\\\/logo\\\/image\\\/\",\"url\":\"https:\\\/\\\/rodoaed.ee\\\/wp-content\\\/uploads\\\/2019\\\/11\\\/rodoaed-logo-ilma-taustata.jpg\",\"contentUrl\":\"https:\\\/\\\/rodoaed.ee\\\/wp-content\\\/uploads\\\/2019\\\/11\\\/rodoaed-logo-ilma-taustata.jpg\",\"width\":769,\"height\":268,\"caption\":\"Rodoaed\"},\"image\":{\"@id\":\"https:\\\/\\\/rodoaed.ee\\\/#\\\/schema\\\/logo\\\/image\\\/\"},\"sameAs\":[\"https:\\\/\\\/www.facebook.com\\\/kasvuhooned\\\/\",\"https:\\\/\\\/rodoaed.ee\"]}]}<\/script>\n<!-- \/ Yoast SEO Premium plugin. -->","yoast_head_json":{"title":"Tyhji\u00f6pakkaajat - Rodoaed","robots":{"index":"index","follow":"follow","max-snippet":"max-snippet:-1","max-image-preview":"max-image-preview:large","max-video-preview":"max-video-preview:-1"},"canonical":"https:\/\/rodoaed.ee\/fi\/info-2\/kuvia-paikasta\/tyhjiopakkaajat\/","og_locale":"fi_FI","og_type":"article","og_title":"Tyhji\u00f6pakkaajat","og_description":"Tyhji\u00f6pakkaus pident\u00e4\u00e4 elintarvikkeiden s\u00e4ilyvyytt\u00e4 3-5 kertaa. Italialaiset Takaje-tyhji\u00f6pakkauslaitteet ovat Euroopan parhaimmiksi arvioituja sek\u00e4","og_url":"https:\/\/rodoaed.ee\/fi\/info-2\/kuvia-paikasta\/tyhjiopakkaajat\/","og_site_name":"Rodoaed","article_publisher":"https:\/\/www.facebook.com\/kasvuhooned\/","article_modified_time":"2026-04-01T09:07:37+00:00","og_image":[{"width":350,"height":350,"url":"https:\/\/rodoaed.ee\/wp-content\/uploads\/2019\/08\/kasipump-vaakumpakendajale_3.jpg","type":"image\/jpeg"}],"twitter_card":"summary_large_image","schema":{"@context":"https:\/\/schema.org","@graph":[{"@type":"WebPage","@id":"https:\/\/rodoaed.ee\/fi\/info-2\/kuvia-paikasta\/tyhjiopakkaajat\/","url":"https:\/\/rodoaed.ee\/fi\/info-2\/kuvia-paikasta\/tyhjiopakkaajat\/","name":"Tyhji\u00f6pakkaajat - Rodoaed","isPartOf":{"@id":"https:\/\/rodoaed.ee\/#website"},"primaryImageOfPage":{"@id":"https:\/\/rodoaed.ee\/fi\/info-2\/kuvia-paikasta\/tyhjiopakkaajat\/#primaryimage"},"image":{"@id":"https:\/\/rodoaed.ee\/fi\/info-2\/kuvia-paikasta\/tyhjiopakkaajat\/#primaryimage"},"thumbnailUrl":"https:\/\/rodoaed.ee\/wp-content\/uploads\/2019\/08\/kasipump-vaakumpakendajale_3.jpg","datePublished":"2026-04-01T09:01:50+00:00","dateModified":"2026-04-01T09:07:37+00:00","breadcrumb":{"@id":"https:\/\/rodoaed.ee\/fi\/info-2\/kuvia-paikasta\/tyhjiopakkaajat\/#breadcrumb"},"inLanguage":"fi","potentialAction":[{"@type":"ReadAction","target":["https:\/\/rodoaed.ee\/fi\/info-2\/kuvia-paikasta\/tyhjiopakkaajat\/"]}]},{"@type":"ImageObject","inLanguage":"fi","@id":"https:\/\/rodoaed.ee\/fi\/info-2\/kuvia-paikasta\/tyhjiopakkaajat\/#primaryimage","url":"https:\/\/rodoaed.ee\/wp-content\/uploads\/2019\/08\/kasipump-vaakumpakendajale_3.jpg","contentUrl":"https:\/\/rodoaed.ee\/wp-content\/uploads\/2019\/08\/kasipump-vaakumpakendajale_3.jpg"},{"@type":"BreadcrumbList","@id":"https:\/\/rodoaed.ee\/fi\/info-2\/kuvia-paikasta\/tyhjiopakkaajat\/#breadcrumb","itemListElement":[{"@type":"ListItem","position":1,"name":"Home","item":"https:\/\/rodoaed.ee\/fi\/"},{"@type":"ListItem","position":2,"name":"Info","item":"https:\/\/rodoaed.ee\/info-2\/"},{"@type":"ListItem","position":3,"name":"Kuvia paikasta","item":"https:\/\/rodoaed.ee\/fi\/info-2\/kuvia-paikasta\/"},{"@type":"ListItem","position":4,"name":"Tyhji\u00f6pakkaajat"}]},{"@type":"WebSite","@id":"https:\/\/rodoaed.ee\/#website","url":"https:\/\/rodoaed.ee\/","name":"Rodoaed","description":"","publisher":{"@id":"https:\/\/rodoaed.ee\/#organization"},"potentialAction":[{"@type":"SearchAction","target":{"@type":"EntryPoint","urlTemplate":"https:\/\/rodoaed.ee\/?s={search_term_string}"},"query-input":{"@type":"PropertyValueSpecification","valueRequired":true,"valueName":"search_term_string"}}],"inLanguage":"fi"},{"@type":"Organization","@id":"https:\/\/rodoaed.ee\/#organization","name":"Rodoaed","url":"https:\/\/rodoaed.ee\/","logo":{"@type":"ImageObject","inLanguage":"fi","@id":"https:\/\/rodoaed.ee\/#\/schema\/logo\/image\/","url":"https:\/\/rodoaed.ee\/wp-content\/uploads\/2019\/11\/rodoaed-logo-ilma-taustata.jpg","contentUrl":"https:\/\/rodoaed.ee\/wp-content\/uploads\/2019\/11\/rodoaed-logo-ilma-taustata.jpg","width":769,"height":268,"caption":"Rodoaed"},"image":{"@id":"https:\/\/rodoaed.ee\/#\/schema\/logo\/image\/"},"sameAs":["https:\/\/www.facebook.com\/kasvuhooned\/","https:\/\/rodoaed.ee"]}]}},"_links":{"self":[{"href":"https:\/\/rodoaed.ee\/fi\/wp-json\/wp\/v2\/pages\/52215","targetHints":{"allow":["GET"]}}],"collection":[{"href":"https:\/\/rodoaed.ee\/fi\/wp-json\/wp\/v2\/pages"}],"about":[{"href":"https:\/\/rodoaed.ee\/fi\/wp-json\/wp\/v2\/types\/page"}],"author":[{"embeddable":true,"href":"https:\/\/rodoaed.ee\/fi\/wp-json\/wp\/v2\/users\/1"}],"replies":[{"embeddable":true,"href":"https:\/\/rodoaed.ee\/fi\/wp-json\/wp\/v2\/comments?post=52215"}],"version-history":[{"count":0,"href":"https:\/\/rodoaed.ee\/fi\/wp-json\/wp\/v2\/pages\/52215\/revisions"}],"up":[{"embeddable":true,"href":"https:\/\/rodoaed.ee\/fi\/wp-json\/wp\/v2\/pages\/52252"}],"wp:attachment":[{"href":"https:\/\/rodoaed.ee\/fi\/wp-json\/wp\/v2\/media?parent=52215"}],"curies":[{"name":"wp","href":"https:\/\/api.w.org\/{rel}","templated":true}]}}