{"id":52217,"date":"2026-04-01T12:01:53","date_gmt":"2026-04-01T09:01:53","guid":{"rendered":"https:\/\/rodoaed.ee\/talvipuutarha-pyrola\/"},"modified":"2026-04-01T12:07:37","modified_gmt":"2026-04-01T09:07:37","slug":"talvipuutarha-pyrola","status":"publish","type":"page","link":"https:\/\/rodoaed.ee\/fi\/info-2\/kuvia-paikasta\/talvipuutarha-pyrola\/","title":{"rendered":"Talvipuutarha Pyrola"},"content":{"rendered":"\n<p>Pyrola-talvihuone 3,80&#215;6,04m sopii erinomaisesti sek\u00e4 palmupalstaksi ett\u00e4 mukavaksi oleskelualueeksi. Kuvan mallissa on 4 mm:n karkaistua lasia olevat sein\u00e4t ja 8 mm:n polykarbonaattikatto. Polykarbonaattikatto suojaa paahtavalta ja haalistuvalta auringolta ja on s\u00e4rkym\u00e4t\u00f6n lumessa. Lasisein\u00e4t takaavat j\u00e4lleen puhtaan l\u00e4pin\u00e4kyvyyden.  <\/p>\n\n<ul class=\"wp-block-gallery columns-4 is-cropped wp-block-gallery-1 is-layout-flex wp-block-gallery-is-layout-flex\"><li class=\"blocks-gallery-item\"><figure><a href=\"https:\/\/rodoaed.ee\/wp-content\/uploads\/2019\/08\/kasvuhoone-pyrola-2.jpg\"><img loading=\"lazy\" decoding=\"async\" width=\"800\" height=\"533\" src=\"https:\/\/rodoaed.ee\/wp-content\/uploads\/2019\/08\/kasvuhoone-pyrola-2.jpg\" alt=\"\" data-id=\"25035\" data-link=\"https:\/\/rodoaed.ee\/?attachment_id=25035\" class=\"wp-image-25035\"\/><\/a><\/figure><\/li><li class=\"blocks-gallery-item\"><figure><a href=\"https:\/\/rodoaed.ee\/wp-content\/uploads\/2019\/08\/kasvuhoone-pyrola-3.jpg\"><img loading=\"lazy\" decoding=\"async\" width=\"800\" height=\"533\" src=\"https:\/\/rodoaed.ee\/wp-content\/uploads\/2019\/08\/kasvuhoone-pyrola-3.jpg\" alt=\"\" data-id=\"25038\" data-link=\"https:\/\/rodoaed.ee\/?attachment_id=25038\" class=\"wp-image-25038\"\/><\/a><\/figure><\/li><li class=\"blocks-gallery-item\"><figure><a href=\"https:\/\/rodoaed.ee\/wp-content\/uploads\/2019\/08\/kasvuhoone-pyrola-5.jpg\"><img loading=\"lazy\" decoding=\"async\" width=\"800\" height=\"533\" src=\"https:\/\/rodoaed.ee\/wp-content\/uploads\/2019\/08\/kasvuhoone-pyrola-5.jpg\" alt=\"\" data-id=\"25041\" data-link=\"https:\/\/rodoaed.ee\/?attachment_id=25041\" class=\"wp-image-25041\"\/><\/a><\/figure><\/li><li class=\"blocks-gallery-item\"><figure><a href=\"https:\/\/rodoaed.ee\/wp-content\/uploads\/2019\/08\/kasvuhoone-pyrola-6.jpg\"><img loading=\"lazy\" decoding=\"async\" width=\"800\" height=\"533\" src=\"https:\/\/rodoaed.ee\/wp-content\/uploads\/2019\/08\/kasvuhoone-pyrola-6.jpg\" alt=\"\" data-id=\"25044\" data-link=\"https:\/\/rodoaed.ee\/?attachment_id=25044\" class=\"wp-image-25044\"\/><\/a><\/figure><\/li><li class=\"blocks-gallery-item\"><figure><a href=\"https:\/\/rodoaed.ee\/wp-content\/uploads\/2019\/08\/kasvuhoone-pyrola-12.jpg\"><img loading=\"lazy\" decoding=\"async\" width=\"800\" height=\"533\" src=\"https:\/\/rodoaed.ee\/wp-content\/uploads\/2019\/08\/kasvuhoone-pyrola-12.jpg\" alt=\"\" data-id=\"25047\" data-link=\"https:\/\/rodoaed.ee\/?attachment_id=25047\" class=\"wp-image-25047\"\/><\/a><\/figure><\/li><li class=\"blocks-gallery-item\"><figure><a href=\"https:\/\/rodoaed.ee\/wp-content\/uploads\/2019\/08\/kasvuhoone-pyrola-1-2.jpg\"><img decoding=\"async\" src=\"https:\/\/rodoaed.ee\/wp-content\/uploads\/2019\/08\/kasvuhoone-pyrola-1-2.jpg\" alt=\"\" data-id=\"25050\" data-link=\"https:\/\/rodoaed.ee\/?attachment_id=25050\" class=\"wp-image-25050\"\/><\/a><\/figure><\/li><\/ul>\n","protected":false},"excerpt":{"rendered":"<p>Pyrola-talvihuone 3,80&#215;6,04m sopii erinomaisesti sek\u00e4 palmupalstaksi ett\u00e4 mukavaksi oleskelualueeksi. Kuvan mallissa on 4 mm:n karkaistua lasia olevat sein\u00e4t ja 8 mm:n polykarbonaattikatto. Polykarbonaattikatto suojaa paahtavalta ja haalistuvalta auringolta ja on s\u00e4rkym\u00e4t\u00f6n lumessa. Lasisein\u00e4t takaavat j\u00e4lleen puhtaan l\u00e4pin\u00e4kyvyyden.<\/p>\n","protected":false},"author":1,"featured_media":0,"parent":52252,"menu_order":90,"comment_status":"closed","ping_status":"closed","template":"","meta":{"_acf_changed":false,"footnotes":""},"class_list":["post-52217","page","type-page","status-publish","hentry"],"acf":[],"yoast_head":"<!-- This site is optimized with the Yoast SEO Premium plugin v27.3 (Yoast SEO v27.3) - https:\/\/yoast.com\/product\/yoast-seo-premium-wordpress\/ -->\n<title>Talvipuutarha Pyrola - Rodoaed<\/title>\n<meta name=\"robots\" content=\"index, follow, max-snippet:-1, max-image-preview:large, max-video-preview:-1\" \/>\n<link rel=\"canonical\" href=\"https:\/\/rodoaed.ee\/fi\/info-2\/kuvia-paikasta\/talvipuutarha-pyrola\/\" \/>\n<meta property=\"og:locale\" content=\"fi_FI\" \/>\n<meta property=\"og:type\" content=\"article\" \/>\n<meta property=\"og:title\" content=\"Talvipuutarha Pyrola\" \/>\n<meta property=\"og:description\" content=\"Pyrola-talvihuone 3,80x6,04m sopii erinomaisesti sek\u00e4 palmupalstaksi ett\u00e4 mukavaksi oleskelualueeksi. Kuvan mallissa on 4 mm:n karkaistua lasia olevat\" \/>\n<meta property=\"og:url\" content=\"https:\/\/rodoaed.ee\/fi\/info-2\/kuvia-paikasta\/talvipuutarha-pyrola\/\" \/>\n<meta property=\"og:site_name\" content=\"Rodoaed\" \/>\n<meta property=\"article:publisher\" content=\"https:\/\/www.facebook.com\/kasvuhooned\/\" \/>\n<meta property=\"article:modified_time\" content=\"2026-04-01T09:07:37+00:00\" \/>\n<meta property=\"og:image\" content=\"https:\/\/rodoaed.ee\/wp-content\/uploads\/2019\/08\/kasvuhoone-pyrola-2.jpg\" \/>\n\t<meta property=\"og:image:width\" content=\"800\" \/>\n\t<meta property=\"og:image:height\" content=\"533\" \/>\n\t<meta property=\"og:image:type\" content=\"image\/jpeg\" \/>\n<meta name=\"twitter:card\" content=\"summary_large_image\" \/>\n<script type=\"application\/ld+json\" class=\"yoast-schema-graph\">{\"@context\":\"https:\\\/\\\/schema.org\",\"@graph\":[{\"@type\":\"WebPage\",\"@id\":\"https:\\\/\\\/rodoaed.ee\\\/fi\\\/info-2\\\/kuvia-paikasta\\\/talvipuutarha-pyrola\\\/\",\"url\":\"https:\\\/\\\/rodoaed.ee\\\/fi\\\/info-2\\\/kuvia-paikasta\\\/talvipuutarha-pyrola\\\/\",\"name\":\"Talvipuutarha Pyrola - Rodoaed\",\"isPartOf\":{\"@id\":\"https:\\\/\\\/rodoaed.ee\\\/#website\"},\"primaryImageOfPage\":{\"@id\":\"https:\\\/\\\/rodoaed.ee\\\/fi\\\/info-2\\\/kuvia-paikasta\\\/talvipuutarha-pyrola\\\/#primaryimage\"},\"image\":{\"@id\":\"https:\\\/\\\/rodoaed.ee\\\/fi\\\/info-2\\\/kuvia-paikasta\\\/talvipuutarha-pyrola\\\/#primaryimage\"},\"thumbnailUrl\":\"https:\\\/\\\/rodoaed.ee\\\/wp-content\\\/uploads\\\/2019\\\/08\\\/kasvuhoone-pyrola-2.jpg\",\"datePublished\":\"2026-04-01T09:01:53+00:00\",\"dateModified\":\"2026-04-01T09:07:37+00:00\",\"breadcrumb\":{\"@id\":\"https:\\\/\\\/rodoaed.ee\\\/fi\\\/info-2\\\/kuvia-paikasta\\\/talvipuutarha-pyrola\\\/#breadcrumb\"},\"inLanguage\":\"fi\",\"potentialAction\":[{\"@type\":\"ReadAction\",\"target\":[\"https:\\\/\\\/rodoaed.ee\\\/fi\\\/info-2\\\/kuvia-paikasta\\\/talvipuutarha-pyrola\\\/\"]}]},{\"@type\":\"ImageObject\",\"inLanguage\":\"fi\",\"@id\":\"https:\\\/\\\/rodoaed.ee\\\/fi\\\/info-2\\\/kuvia-paikasta\\\/talvipuutarha-pyrola\\\/#primaryimage\",\"url\":\"https:\\\/\\\/rodoaed.ee\\\/wp-content\\\/uploads\\\/2019\\\/08\\\/kasvuhoone-pyrola-2.jpg\",\"contentUrl\":\"https:\\\/\\\/rodoaed.ee\\\/wp-content\\\/uploads\\\/2019\\\/08\\\/kasvuhoone-pyrola-2.jpg\"},{\"@type\":\"BreadcrumbList\",\"@id\":\"https:\\\/\\\/rodoaed.ee\\\/fi\\\/info-2\\\/kuvia-paikasta\\\/talvipuutarha-pyrola\\\/#breadcrumb\",\"itemListElement\":[{\"@type\":\"ListItem\",\"position\":1,\"name\":\"Home\",\"item\":\"https:\\\/\\\/rodoaed.ee\\\/fi\\\/\"},{\"@type\":\"ListItem\",\"position\":2,\"name\":\"Info\",\"item\":\"https:\\\/\\\/rodoaed.ee\\\/info-2\\\/\"},{\"@type\":\"ListItem\",\"position\":3,\"name\":\"Kuvia paikasta\",\"item\":\"https:\\\/\\\/rodoaed.ee\\\/fi\\\/info-2\\\/kuvia-paikasta\\\/\"},{\"@type\":\"ListItem\",\"position\":4,\"name\":\"Talvipuutarha Pyrola\"}]},{\"@type\":\"WebSite\",\"@id\":\"https:\\\/\\\/rodoaed.ee\\\/#website\",\"url\":\"https:\\\/\\\/rodoaed.ee\\\/\",\"name\":\"Rodoaed\",\"description\":\"\",\"publisher\":{\"@id\":\"https:\\\/\\\/rodoaed.ee\\\/#organization\"},\"potentialAction\":[{\"@type\":\"SearchAction\",\"target\":{\"@type\":\"EntryPoint\",\"urlTemplate\":\"https:\\\/\\\/rodoaed.ee\\\/?s={search_term_string}\"},\"query-input\":{\"@type\":\"PropertyValueSpecification\",\"valueRequired\":true,\"valueName\":\"search_term_string\"}}],\"inLanguage\":\"fi\"},{\"@type\":\"Organization\",\"@id\":\"https:\\\/\\\/rodoaed.ee\\\/#organization\",\"name\":\"Rodoaed\",\"url\":\"https:\\\/\\\/rodoaed.ee\\\/\",\"logo\":{\"@type\":\"ImageObject\",\"inLanguage\":\"fi\",\"@id\":\"https:\\\/\\\/rodoaed.ee\\\/#\\\/schema\\\/logo\\\/image\\\/\",\"url\":\"https:\\\/\\\/rodoaed.ee\\\/wp-content\\\/uploads\\\/2019\\\/11\\\/rodoaed-logo-ilma-taustata.jpg\",\"contentUrl\":\"https:\\\/\\\/rodoaed.ee\\\/wp-content\\\/uploads\\\/2019\\\/11\\\/rodoaed-logo-ilma-taustata.jpg\",\"width\":769,\"height\":268,\"caption\":\"Rodoaed\"},\"image\":{\"@id\":\"https:\\\/\\\/rodoaed.ee\\\/#\\\/schema\\\/logo\\\/image\\\/\"},\"sameAs\":[\"https:\\\/\\\/www.facebook.com\\\/kasvuhooned\\\/\",\"https:\\\/\\\/rodoaed.ee\"]}]}<\/script>\n<!-- \/ Yoast SEO Premium plugin. -->","yoast_head_json":{"title":"Talvipuutarha Pyrola - Rodoaed","robots":{"index":"index","follow":"follow","max-snippet":"max-snippet:-1","max-image-preview":"max-image-preview:large","max-video-preview":"max-video-preview:-1"},"canonical":"https:\/\/rodoaed.ee\/fi\/info-2\/kuvia-paikasta\/talvipuutarha-pyrola\/","og_locale":"fi_FI","og_type":"article","og_title":"Talvipuutarha Pyrola","og_description":"Pyrola-talvihuone 3,80x6,04m sopii erinomaisesti sek\u00e4 palmupalstaksi ett\u00e4 mukavaksi oleskelualueeksi. Kuvan mallissa on 4 mm:n karkaistua lasia olevat","og_url":"https:\/\/rodoaed.ee\/fi\/info-2\/kuvia-paikasta\/talvipuutarha-pyrola\/","og_site_name":"Rodoaed","article_publisher":"https:\/\/www.facebook.com\/kasvuhooned\/","article_modified_time":"2026-04-01T09:07:37+00:00","og_image":[{"width":800,"height":533,"url":"https:\/\/rodoaed.ee\/wp-content\/uploads\/2019\/08\/kasvuhoone-pyrola-2.jpg","type":"image\/jpeg"}],"twitter_card":"summary_large_image","schema":{"@context":"https:\/\/schema.org","@graph":[{"@type":"WebPage","@id":"https:\/\/rodoaed.ee\/fi\/info-2\/kuvia-paikasta\/talvipuutarha-pyrola\/","url":"https:\/\/rodoaed.ee\/fi\/info-2\/kuvia-paikasta\/talvipuutarha-pyrola\/","name":"Talvipuutarha Pyrola - Rodoaed","isPartOf":{"@id":"https:\/\/rodoaed.ee\/#website"},"primaryImageOfPage":{"@id":"https:\/\/rodoaed.ee\/fi\/info-2\/kuvia-paikasta\/talvipuutarha-pyrola\/#primaryimage"},"image":{"@id":"https:\/\/rodoaed.ee\/fi\/info-2\/kuvia-paikasta\/talvipuutarha-pyrola\/#primaryimage"},"thumbnailUrl":"https:\/\/rodoaed.ee\/wp-content\/uploads\/2019\/08\/kasvuhoone-pyrola-2.jpg","datePublished":"2026-04-01T09:01:53+00:00","dateModified":"2026-04-01T09:07:37+00:00","breadcrumb":{"@id":"https:\/\/rodoaed.ee\/fi\/info-2\/kuvia-paikasta\/talvipuutarha-pyrola\/#breadcrumb"},"inLanguage":"fi","potentialAction":[{"@type":"ReadAction","target":["https:\/\/rodoaed.ee\/fi\/info-2\/kuvia-paikasta\/talvipuutarha-pyrola\/"]}]},{"@type":"ImageObject","inLanguage":"fi","@id":"https:\/\/rodoaed.ee\/fi\/info-2\/kuvia-paikasta\/talvipuutarha-pyrola\/#primaryimage","url":"https:\/\/rodoaed.ee\/wp-content\/uploads\/2019\/08\/kasvuhoone-pyrola-2.jpg","contentUrl":"https:\/\/rodoaed.ee\/wp-content\/uploads\/2019\/08\/kasvuhoone-pyrola-2.jpg"},{"@type":"BreadcrumbList","@id":"https:\/\/rodoaed.ee\/fi\/info-2\/kuvia-paikasta\/talvipuutarha-pyrola\/#breadcrumb","itemListElement":[{"@type":"ListItem","position":1,"name":"Home","item":"https:\/\/rodoaed.ee\/fi\/"},{"@type":"ListItem","position":2,"name":"Info","item":"https:\/\/rodoaed.ee\/info-2\/"},{"@type":"ListItem","position":3,"name":"Kuvia paikasta","item":"https:\/\/rodoaed.ee\/fi\/info-2\/kuvia-paikasta\/"},{"@type":"ListItem","position":4,"name":"Talvipuutarha Pyrola"}]},{"@type":"WebSite","@id":"https:\/\/rodoaed.ee\/#website","url":"https:\/\/rodoaed.ee\/","name":"Rodoaed","description":"","publisher":{"@id":"https:\/\/rodoaed.ee\/#organization"},"potentialAction":[{"@type":"SearchAction","target":{"@type":"EntryPoint","urlTemplate":"https:\/\/rodoaed.ee\/?s={search_term_string}"},"query-input":{"@type":"PropertyValueSpecification","valueRequired":true,"valueName":"search_term_string"}}],"inLanguage":"fi"},{"@type":"Organization","@id":"https:\/\/rodoaed.ee\/#organization","name":"Rodoaed","url":"https:\/\/rodoaed.ee\/","logo":{"@type":"ImageObject","inLanguage":"fi","@id":"https:\/\/rodoaed.ee\/#\/schema\/logo\/image\/","url":"https:\/\/rodoaed.ee\/wp-content\/uploads\/2019\/11\/rodoaed-logo-ilma-taustata.jpg","contentUrl":"https:\/\/rodoaed.ee\/wp-content\/uploads\/2019\/11\/rodoaed-logo-ilma-taustata.jpg","width":769,"height":268,"caption":"Rodoaed"},"image":{"@id":"https:\/\/rodoaed.ee\/#\/schema\/logo\/image\/"},"sameAs":["https:\/\/www.facebook.com\/kasvuhooned\/","https:\/\/rodoaed.ee"]}]}},"_links":{"self":[{"href":"https:\/\/rodoaed.ee\/fi\/wp-json\/wp\/v2\/pages\/52217","targetHints":{"allow":["GET"]}}],"collection":[{"href":"https:\/\/rodoaed.ee\/fi\/wp-json\/wp\/v2\/pages"}],"about":[{"href":"https:\/\/rodoaed.ee\/fi\/wp-json\/wp\/v2\/types\/page"}],"author":[{"embeddable":true,"href":"https:\/\/rodoaed.ee\/fi\/wp-json\/wp\/v2\/users\/1"}],"replies":[{"embeddable":true,"href":"https:\/\/rodoaed.ee\/fi\/wp-json\/wp\/v2\/comments?post=52217"}],"version-history":[{"count":0,"href":"https:\/\/rodoaed.ee\/fi\/wp-json\/wp\/v2\/pages\/52217\/revisions"}],"up":[{"embeddable":true,"href":"https:\/\/rodoaed.ee\/fi\/wp-json\/wp\/v2\/pages\/52252"}],"wp:attachment":[{"href":"https:\/\/rodoaed.ee\/fi\/wp-json\/wp\/v2\/media?parent=52217"}],"curies":[{"name":"wp","href":"https:\/\/api.w.org\/{rel}","templated":true}]}}