{"id":52227,"date":"2026-04-01T12:02:07","date_gmt":"2026-04-01T09:02:07","guid":{"rendered":"https:\/\/rodoaed.ee\/tuotantorakennukset-ja-kasvihuoneet-yrittajalle\/"},"modified":"2026-04-01T12:07:33","modified_gmt":"2026-04-01T09:07:33","slug":"tuotantorakennukset-ja-kasvihuoneet-yrittajalle","status":"publish","type":"page","link":"https:\/\/rodoaed.ee\/fi\/info-2\/palvelut\/tuotantorakennukset-ja-kasvihuoneet-yrittajalle\/","title":{"rendered":"Tuotantorakennukset ja kasvihuoneet yritt\u00e4j\u00e4lle"},"content":{"rendered":"<p><strong>Valikoimastamme l\u00f6yd\u00e4t varmasti yrityksellesi sopivat tuotantorakennukset. Valikoima sis\u00e4lt\u00e4\u00e4 kasvihuoneita, joissa on harjakatto ja l\u00e4mmin alumiinirunko. <\/strong><\/p>\n<p><a href=\"https:\/\/rodoaed.ee\/tootekategooria\/kasvuhooned-ja-talveaiad\/euro-serre-kasvuhooned\/\">Euro-Serren kasvihuoneissa<\/a> on eritt\u00e4in tukeva rakenne ja eritt\u00e4in korkealaatuinen polykarbonaattikatto, joka pit\u00e4\u00e4 l\u00e4mpim\u00e4n\u00e4. Yrityksesi ja tarpeidesi mukaan voimme tarjota sinulle monenlaisia kasvihuonekokoja. Koska kasvihuoneidemme kokoa voidaan mitoittaa melko vapaasti tietyin askelin, voimme koota tarvitsemasi tuotantokasvihuoneet. Voimme muuttaa sein\u00e4korkeutta. Voimme sijoittaa ovet haluamallasi tavalla ja sinulle parhaiten sopivalle sein\u00e4lle.    <\/p>\n<h2> <\/h2>\n<h2>Tuotantorakennukset kev\u00e4tkes\u00e4n viljely\u00e4 varten<\/h2>\n<figure id=\"attachment_5633\" aria-describedby=\"caption-attachment-5633\" style=\"width: 300px\" class=\"wp-caption alignright\"><img loading=\"lazy\" decoding=\"async\" class=\"wp-image-5633 size-full\" title=\"M\u00f5driku-kasvuhoone-Plus_7-300x199\" src=\"https:\/\/www.rodoaed.ee\/wp-content\/uploads\/2013\/12\/M%C3%B5driku-kasvuhoone-Plus_7-300x199.jpg\" alt=\"tuotantorakennukset\" width=\"300\" height=\"199\"><figcaption id=\"caption-attachment-5633\" class=\"wp-caption-text\">Kaksi vakiomallia, 50 m2, kiviparkettilattialla.<\/figcaption><\/figure>\n<p>Jos tarvitset tuotantokasvihuoneen p\u00e4\u00e4asiassa kev\u00e4t-kes\u00e4-syysk\u00e4ytt\u00f6\u00f6n, on optimaalista k\u00e4ytt\u00e4\u00e4 polykarbonaattisia kasvihuonemalleja, joissa on 8 mm paksut umpinaiset p\u00e4\u00e4t. Inspiraatiota voit hakea seuraavista <a href=\"https:\/\/rodoaed.ee\/tootekategooria\/kasvuhooned-ja-talveaiad\/euro-serre-kasvuhooned\/kasvuhoone-euro-maxi\/\"><strong>Euro Maxi -kasvihuone <\/strong><\/a>ja<a href=\"https:\/\/rodoaed.ee\/tootekategooria\/kasvuhooned-ja-talveaiad\/euro-serre-kasvuhooned\/kasvuhoone-euro-plus\/\"><strong> Euro Plus -kasvihuone<\/strong><\/a> malleja inspiraation saamiseksi, mutta tied\u00e4, ett\u00e4 voimme koota my\u00f6s pidempi\u00e4 malleja kuin vakiona luetellut. <\/p>\n<p>8 mm:n polykarbonaattip\u00e4\u00e4llysteiset kasvihuoneemme ovat ihanteellisia kaikenlaisten tomaattien, kurkkujen, paprikoiden ja kukkien, huonekasvien ja yrttien viljelyyn. Tarvittaessa voit lis\u00e4t\u00e4 joko <a href=\"https:\/\/rodoaed.ee\/tootekategooria\/kasvuhooned-ja-talveaiad\/kasvuhoone-lisavarustus\/kasvuhoone-kute\/\">automaattisen s\u00e4hk\u00f6- tai kaasul\u00e4mmitysj\u00e4rjestelm\u00e4n<\/a> ja suojata kasvisi my\u00f6h\u00e4isillan pakkasilta. <\/p>\n<p>Kastelusta huolehtii <a href=\"https:\/\/rodoaed.ee\/tootekategooria\/kasvuhooned-ja-talveaiad\/kasvuhoone-lisavarustus\/kasvuhoone-kastmine\/\"><strong>automaattinen kasteluj\u00e4rjestelm\u00e4<\/strong><\/a>joka laskee kunkin yksitt\u00e4isen kasvin todellisen maaper\u00e4n kosteuden ja kastelee kasvien erityistarpeiden mukaan. Asennuksen j\u00e4lkeen Blumatin kasteluj\u00e4rjestelm\u00e4t ovat k\u00e4yt\u00e4nn\u00f6ss\u00e4 huoltovapaita. <\/p>\n<h2> <\/h2>\n<h2>L\u00e4mpim\u00e4t kasvihuoneet varhaiskev\u00e4\u00e4n ja talven viljely\u00e4 varten<\/h2>\n<p>Jos tarkoituksenasi on esikasvattaa kasvit aikaisin kev\u00e4\u00e4ll\u00e4, jos kasvatat kasveja ymp\u00e4ri vuoden tai jos valmistelet kasveja myyt\u00e4v\u00e4ksi uuteen vuoteen, kannattaa harkita l\u00e4mpim\u00e4mp\u00e4\u00e4 mallia. <a href=\"https:\/\/rodoaed.ee\/tootekategooria\/kasvuhooned-ja-talveaiad\/euro-serre-kasvuhooned\/kasvuhone-tropic-plus\/\"><strong>Tropic Plus -kasvihuone<\/strong><\/a> malleissa on paksumpi rakenne, l\u00e4mpim\u00e4mm\u00e4t tiivisteet ja paksumpi kansi. K\u00e4yt\u00e4mme 3-kerroksista 16 mm paksua suljettua polykarbonaattikattoa. Tropic-kasvihuoneet pysyv\u00e4t viel\u00e4 l\u00e4mpim\u00e4mpin\u00e4 kuin vakiomallit. Suuri hy\u00f6ty l\u00e4mm\u00f6npid\u00e4tyskyvyss\u00e4 n\u00e4kyy jo ensimm\u00e4isen talven l\u00e4mmityskustannuksissa.   <\/p>\n<p>Olemme melko joustavia Tropic-kasvihuoneen koon suhteen, jos tied\u00e4mme tarpeesi. Kerro meille, mit\u00e4 kasvatat ja mitk\u00e4 ovat tarpeesi, niin autamme sinua l\u00f6yt\u00e4m\u00e4\u00e4n optimaalisen ratkaisun kasvihuoneen, l\u00e4mmityksen, valaistuksen ja ilmanvaihdon suhteen. <\/p>\n<\/p>\n<h2>Virossa valmistettuja kaarikattoisia tuotantorakennuksia start-up-yrityksille<\/h2>\n<p>Belgialaisten Euro-Serre-kasvihuoneiden lis\u00e4ksi tarjoamme my\u00f6s mahdollisuuden k\u00e4ytt\u00e4\u00e4 Virossa valmistettuja kaarikattoisia kasvihuoneita. Kaarikattoiset kasvihuoneet valmistetaan alumiinin sijasta halvemmasta sinkityst\u00e4 ter\u00e4ksest\u00e4, joten voit aloittaa v\u00e4hint\u00e4\u00e4n kaksi kertaa halvemmalla. <\/p>\n<p>Katetut kasvihuoneet voivat olla 3 tai 4 metri\u00e4 leveit\u00e4 ja tarvittaessa enemm\u00e4nkin, ja pituudeltaan voimme valmistaa melko pitki\u00e4 kasvihuoneita. Kaarihuoneella on tietysti tiettyj\u00e4 rajoituksia belgialaisiin kasvihuonemalleihin verrattuna tilan, sein\u00e4korkeuden ja l\u00e4mm\u00f6ntalteenoton suhteen, mutta se on ep\u00e4ilem\u00e4tt\u00e4 houkutteleva vaihtoehto kohtuulliseen hintaan. <\/p>\n<\/p>\n<p>\n\n<p><strong>Koko kasvihuonevalikoima verkkokaupassamme: <a href=\"https:\/\/rodoaed.ee\/tootekategooria\/kasvuhooned-ja-talveaiad\/euro-serre-kasvuhooned\/\">Euro-Serre<\/a> <a href=\"https:\/\/rodoaed.ee\/tootekategooria\/kasvuhooned-ja-talveaiad\/hobby-kasvuhooned\/\">Hobby<\/a> <a href=\"https:\/\/rodoaed.ee\/tootekategooria\/kasvuhooned-ja-talveaiad\/acd-kasvuhooned\/\">ACD<\/a> <a href=\"https:\/\/rodoaed.ee\/tootekategooria\/kasvuhooned-ja-talveaiad\/floria-kasvuhooned\/\">Floria<\/a><\/strong><\/p>\n<p><\/p>\n<p><a href=\"https:\/\/rodoaed.ee\/kasvuhoone-varvimine-kas-varviga-voi-varvita\/\">Kasvihuoneen maalaus<\/a>, <a href=\"https:\/\/rodoaed.ee\/kasvuhoone-paigaldus-montaaz\/\">Kasvihuoneen asennus<\/a>, <a href=\"https:\/\/rodoaed.ee\/polukarbonaat-voi-klaas-kasvuhoonel\/\">Polykarbonaatti tai lasi kasvihuoneessa<\/a>, <a href=\"https:\/\/rodoaed.ee\/info\/kasvuhooned-p\/kasvuhooned-noudlikule-harrastajale\/\">Kasvihuoneet vaativille k\u00e4ytt\u00e4jille<\/a>, <a href=\"https:\/\/rodoaed.ee\/fi\/kasvihuonetakuu\/\">Kasvihuoneen takuu,<\/a> <\/p>\n<p><\/p><\/p>\n<p>Lue lis\u00e4\u00e4: <a href=\"https:\/\/www.rodoaed.ee\/kasvuhoonesse-avamaale-ning-aknalauale-sobivad-tomatisordid\/\">Kasvihuoneeseen sopivat tomaattilajikkeet<\/a>,    <a href=\"https:\/\/www.rodoaed.ee\/mida-kasvuhoones-kasvatada\/\">Mit\u00e4 kasvattaa kasvihuoneessa?<\/a>,  <a title=\"Kuinka monta tomaattia kasvihuone voi tuottaa...\" href=\"https:\/\/www.rodoaed.ee\/kui-palju-tomateid-saab-osta-kasvuhoone-eest\/\">Kuinka monta tomaattia voit ostaa kasvihuoneeseen?<\/a>,  <a href=\"https:\/\/www.rodoaed.ee\/kastmissusteem-kasvuhoonesse-taimede-automaatne-kastmine\/\">Kasvihuoneen kasteluj\u00e4rjestelm\u00e4<\/a>,  <a title=\"Tomaattien kuivaaminen kuivausrummussa\" href=\"https:\/\/www.rodoaed.ee\/tomati-kuivatamine-kuivatis-paikesekuivatatud-tomatite-tegemine\/\">Tomaattien kuivaaminen kuivausrummussa. Aurinkokuivattujen tomaattien valmistus <\/a>,  <a title=\"Viiniryp\u00e4leet kasvihuoneessa\" href=\"https:\/\/www.rodoaed.ee\/viinamarjad-kasvuhoones-eestis\/\">Viiniryp\u00e4leet kasvihuoneessa<\/a>, <a title=\"Kasvihuoneen kokoonpano\" href=\"https:\/\/www.rodoaed.ee\/kasvuhoone-kokkupanemine-montaaz\/\">Kasvihuoneen kokoaminen<\/a>, <a title=\"Kasvihuoneen puhdistus\" href=\"https:\/\/www.rodoaed.ee\/kasvuhoone-puhastamine-sugisel\/\">Kasvihuoneen puhdistus<\/a>, <a title=\"Kasvihuone on investointi terveyteen\" href=\"https:\/\/www.rodoaed.ee\/kasvuhoone-on-investeering-tervisesse\/\">Kasvihuone on investointi terveyteen<\/a>, <a title=\"Kasvihuoneen suojaaminen myrskyilt\u00e4\" href=\"https:\/\/www.rodoaed.ee\/kasvuhoone-kaitsmine-tormi-korral\/\">Kasvihuoneen suojaaminen myrskyilt\u00e4<\/a>, <a title=\"Paprikan lajikkeet\" href=\"https:\/\/www.rodoaed.ee\/soovituslikud-paprika-sordid\/\">Paprikalajikkeet<\/a>, <a title=\"Kurkkulajikkeet\" href=\"https:\/\/www.rodoaed.ee\/kasvuhoonesse-ja-aeda-sobivad-kurgisordid\/\">Kurkkulajikkeet<\/a>, <a title=\"Kasvihuonetuet\" href=\"https:\/\/www.rodoaed.ee\/millised-abivahendid-teevad-kasvuhoone-kasutamise-lihtsamaks-ja-tohusamaks\/\">Kasvihuonetuet<\/a>, <a title=\"Kasvihuoneen l\u00e4mmitys ja valaistus\" href=\"https:\/\/www.rodoaed.ee\/kasvuhoone-kutmine-ja-valgustamine-taimede-ettekasvatuseks\/\">Kasvihuoneen l\u00e4mmitys ja valaistus<\/a>, <a title=\"Kasvihuoneen k\u00e4ytt\u00f6 talvella\" href=\"https:\/\/www.rodoaed.ee\/kasvuhoone-kasutamine-talvel\/\">Kasvihuoneen k\u00e4ytt\u00f6 talvella<\/a>, <a title=\"Asenna kasvihuone syksyll\u00e4 ja kylv\u00e4 kasvit kev\u00e4\u00e4ll\u00e4.\" href=\"https:\/\/www.rodoaed.ee\/kasvuhoonet-paigalda-sugisel-ja-taimi-kulva-kevadel\/\">Kasvihuoneen asentaminen syksyll\u00e4 ja kasvien kylv\u00f6 kev\u00e4\u00e4ll\u00e4<\/a>, <a title=\"Inkiv\u00e4\u00e4rin kasvattaminen\" href=\"https:\/\/www.rodoaed.ee\/ingveri-kasvatamine-kodus\/\">Inkiv\u00e4\u00e4rin viljely<\/a>, <a title=\"Kasvihuoneen l\u00e4mp\u00f6viihtyvyys\" href=\"https:\/\/www.rodoaed.ee\/kasvuhoone-soojapidavus-ja-soojustus\/\">Kasvihuoneen l\u00e4mm\u00f6ntalteenotto<\/a>, <a title=\"Tomaatin ja paprikan esikasvatus\" href=\"https:\/\/www.rodoaed.ee\/tomati-ja-paprika-taimede-ettekasvatamine\/\">Tomaatin ja paprikan esikasvatus<\/a>, <a title=\"Paprikan viljely\" href=\"https:\/\/www.rodoaed.ee\/paprika-kasvatamine\/\">Paprikan viljely<\/a>,                <a title=\"Kasvihuoneen valinta\" href=\"https:\/\/www.rodoaed.ee\/kasvuhoone-valimine-mille-jargi-peaks-otsustama\/\">Kasvihuoneen valinta<\/a>, <a title=\"Kasvihuoneen huolto\" href=\"https:\/\/www.rodoaed.ee\/kasvuhoone-hooldustood-sugisel\/\">Kasvihuoneen yll\u00e4pito<\/a>, <a title=\"Ananaksen viljely\" href=\"https:\/\/www.rodoaed.ee\/ananassi-kasvatamine-kodus-ja-kasvuhoones\/\">Ananaksen kasvatus<\/a>,    <a title=\"Banaanien viljely\" href=\"https:\/\/www.rodoaed.ee\/banaani-kasvatamine-kodus-ja-kasvuhoones\/\">Banaanien viljely<\/a><\/p>\n\n<p><a href=\"https:\/\/rodoaed.ee\/kasvuhoone-valimine-mida-arvestada-et-tuleks-hea-valik\/\">Kasvihuoneen valinta<\/a>, <a href=\"https:\/\/rodoaed.ee\/kuidas-valida-omale-sobiv-talveaed\/\">Kasvihuoneen valinta<\/a>, <a href=\"https:\/\/rodoaed.ee\/2015-aasta-kasvuhoone-trendid\/\">Kasvihuonetrendit<\/a>, <a href=\"https:\/\/rodoaed.ee\/tere-tulemast-rongimudelite-ja-automudelite-ponevasse-miniatuurmaailma\/\">Mallijunat<\/a>, <a href=\"https:\/\/rodoaed.ee\/mahlapress-on-koduaias-vajalik-abimees-toormahla-tegemine-marjadest-ja-viinamarjadest\/\">Myllymylly<\/a>, <a href=\"https:\/\/rodoaed.ee\/kasvuhoone-kaitsmine-tormi-korral\/\">Kasvihuone myrskyll\u00e4<\/a>, Kasvihuonetrendit, <a href=\"https:\/\/rodoaed.ee\/vaakumpakendamine-on-kiireim-viis-tervislikult-toiduaineid-sailitada\/\">Tyhji\u00f6pakkaus<\/a>, <a href=\"https:\/\/rodoaed.ee\/viinamarjade-kuivatamine-toidukuivatiga\/\">Viiniryp\u00e4leiden kuivaus<\/a>, <a href=\"https:\/\/rodoaed.ee\/pesakasti-puhastamine-suve-lopus\/\">Pes\u00e4laatikon puhdistus<\/a>, <a href=\"https:\/\/rodoaed.ee\/lindude-aitamine-linnas\/\">Lintujen auttaminen<\/a>, <a href=\"https:\/\/rodoaed.ee\/noored-aialinnud-valivad-omale-uue-kodu-augustis-pesakast-paigalda-suve-lopus\">Puutarhan nuoret linnut<\/a>, <a href=\"https:\/\/rodoaed.ee\/kasvuhoone-soojapidavus-ja-soojustus\/\">Kasvihuoneen eristys<\/a>, <a href=\"https:\/\/rodoaed.ee\/millised-abivahendid-teevad-kasvuhoone-kasutamise-lihtsamaks-ja-tohusamaks\/\">Kasvihuonetarvikkeet<\/a>, <a href=\"https:\/\/rodoaed.ee\/miks-on-puitbetoonist-pesakast-lindudele-parem-kui-isetehtud-puidust-pesakast\/\">Betoniset pes\u00e4laatikot<\/a>, Kasvihuonetarvikkeet, <a href=\"https:\/\/rodoaed.ee\/kasvuhoonete-tulevik-helge-eesti-aednikud-eelistavad-korralikku-ja-tugevat-kasvuhoonet\/\">Virolaiset puutarhurit<\/a>,             <a href=\"https:\/\/rodoaed.ee\/kuldnoka-pesakast-pesakasti-paigaldamine-maja-valvurile-ja-kevadekuulutajale\">Kultasirkun pes\u00e4kotelo<\/a>, <a href=\"https:\/\/rodoaed.ee\/5-soovitust-pesakasti-paigalduseks\">5 suositusta pes\u00e4kotelon asentamiseen<\/a>, <a href=\"https:\/\/rodoaed.ee\/aitame-eesti-paasukesi-pesakastid-paasukestele-ja-piiritajatele\">Viron p\u00e4\u00e4skyjen auttaminen<\/a>, <a href=\"https:\/\/rodoaed.ee\/9-nippi-kuidas-oma-aeda-siilisobralikuks-muuta\">Siiliyst\u00e4v\u00e4llinen puutarha<\/a>, <a href=\"https:\/\/rodoaed.ee\/milliseid-ravimtaimi-korjata-ja-kuivatada-suvel\">L\u00e4\u00e4kekasvien kuivaaminen,<\/a>     <\/p>\n","protected":false},"excerpt":{"rendered":"<p>Valikoimastamme l\u00f6yd\u00e4t varmasti yrityksellesi sopivat tuotantorakennukset. Valikoima sis\u00e4lt\u00e4\u00e4 kasvihuoneita, joissa on harjakatto ja l\u00e4mmin alumiinirunko. Euro-Serren kasvihuoneissa on eritt\u00e4in tukeva rakenne ja eritt\u00e4in korkealaatuinen polykarbonaattikatto, joka pit\u00e4\u00e4 l\u00e4mpim\u00e4n\u00e4. Yrityksesi ja tarpeidesi mukaan voimme tarjota sinulle monenlaisia kasvihuonekokoja. Koska kasvihuoneidemme kokoa voidaan mitoittaa melko vapaasti tietyin askelin, voimme koota tarvitsemasi tuotantokasvihuoneet. Voimme muuttaa sein\u00e4korkeutta. Voimme sijoittaa ovet haluamallasi tavalla ja sinulle parhaiten sopivalle sein\u00e4lle. Tuotantorakennukset kev\u00e4tkes\u00e4n&#8230;<\/p>\n","protected":false},"author":1,"featured_media":0,"parent":52244,"menu_order":30,"comment_status":"closed","ping_status":"closed","template":"","meta":{"_acf_changed":false,"footnotes":""},"class_list":["post-52227","page","type-page","status-publish","hentry"],"acf":[],"yoast_head":"<!-- This site is optimized with the Yoast SEO Premium plugin v27.3 (Yoast SEO v27.3) - https:\/\/yoast.com\/product\/yoast-seo-premium-wordpress\/ -->\n<title>Tuotantorakennukset ja kasvihuoneet yritt\u00e4j\u00e4lle - Rodoaed<\/title>\n<meta name=\"description\" content=\"Tuotantorakennukset on tarkoitettu p\u00e4\u00e4asiassa yritt\u00e4j\u00e4lle. Tarjoamme p\u00e4\u00e4kaupunkiseudun belgialaisia ja liettualaisia tuotantorakennuksia, joissa on vankka ja l\u00e4mmin alumiini rakenne.\" \/>\n<meta name=\"robots\" content=\"index, follow, max-snippet:-1, max-image-preview:large, max-video-preview:-1\" \/>\n<link rel=\"canonical\" href=\"https:\/\/rodoaed.ee\/fi\/info-2\/palvelut\/tuotantorakennukset-ja-kasvihuoneet-yrittajalle\/\" \/>\n<meta property=\"og:locale\" content=\"fi_FI\" \/>\n<meta property=\"og:type\" content=\"article\" \/>\n<meta property=\"og:title\" content=\"Tuotantorakennukset ja kasvihuoneet yritt\u00e4j\u00e4lle\" \/>\n<meta property=\"og:description\" content=\"Valikoimastamme l\u00f6yd\u00e4t varmasti yrityksellesi sopivat tuotantorakennukset. Valikoima sis\u00e4lt\u00e4\u00e4 kasvihuoneita, joissa on harjakatto ja l\u00e4mmin alumiinirunko.\" \/>\n<meta property=\"og:url\" content=\"https:\/\/rodoaed.ee\/fi\/info-2\/palvelut\/tuotantorakennukset-ja-kasvihuoneet-yrittajalle\/\" \/>\n<meta property=\"og:site_name\" content=\"Rodoaed\" \/>\n<meta property=\"article:publisher\" content=\"https:\/\/www.facebook.com\/kasvuhooned\/\" \/>\n<meta property=\"article:modified_time\" content=\"2026-04-01T09:07:33+00:00\" \/>\n<meta name=\"twitter:card\" content=\"summary_large_image\" \/>\n<meta name=\"twitter:label1\" content=\"Arvioitu lukuaika\" \/>\n\t<meta name=\"twitter:data1\" content=\"3 minuuttia\" \/>\n<script type=\"application\/ld+json\" class=\"yoast-schema-graph\">{\"@context\":\"https:\\\/\\\/schema.org\",\"@graph\":[{\"@type\":\"WebPage\",\"@id\":\"https:\\\/\\\/rodoaed.ee\\\/fi\\\/info-2\\\/palvelut\\\/tuotantorakennukset-ja-kasvihuoneet-yrittajalle\\\/\",\"url\":\"https:\\\/\\\/rodoaed.ee\\\/fi\\\/info-2\\\/palvelut\\\/tuotantorakennukset-ja-kasvihuoneet-yrittajalle\\\/\",\"name\":\"Tuotantorakennukset ja kasvihuoneet yritt\u00e4j\u00e4lle - Rodoaed\",\"isPartOf\":{\"@id\":\"https:\\\/\\\/rodoaed.ee\\\/#website\"},\"primaryImageOfPage\":{\"@id\":\"https:\\\/\\\/rodoaed.ee\\\/fi\\\/info-2\\\/palvelut\\\/tuotantorakennukset-ja-kasvihuoneet-yrittajalle\\\/#primaryimage\"},\"image\":{\"@id\":\"https:\\\/\\\/rodoaed.ee\\\/fi\\\/info-2\\\/palvelut\\\/tuotantorakennukset-ja-kasvihuoneet-yrittajalle\\\/#primaryimage\"},\"thumbnailUrl\":\"https:\\\/\\\/www.rodoaed.ee\\\/wp-content\\\/uploads\\\/2013\\\/12\\\/M%C3%B5driku-kasvuhoone-Plus_7-300x199.jpg\",\"datePublished\":\"2026-04-01T09:02:07+00:00\",\"dateModified\":\"2026-04-01T09:07:33+00:00\",\"description\":\"Tuotantorakennukset on tarkoitettu p\u00e4\u00e4asiassa yritt\u00e4j\u00e4lle. Tarjoamme p\u00e4\u00e4kaupunkiseudun belgialaisia ja liettualaisia tuotantorakennuksia, joissa on vankka ja l\u00e4mmin alumiini rakenne.\",\"breadcrumb\":{\"@id\":\"https:\\\/\\\/rodoaed.ee\\\/fi\\\/info-2\\\/palvelut\\\/tuotantorakennukset-ja-kasvihuoneet-yrittajalle\\\/#breadcrumb\"},\"inLanguage\":\"fi\",\"potentialAction\":[{\"@type\":\"ReadAction\",\"target\":[\"https:\\\/\\\/rodoaed.ee\\\/fi\\\/info-2\\\/palvelut\\\/tuotantorakennukset-ja-kasvihuoneet-yrittajalle\\\/\"]}]},{\"@type\":\"ImageObject\",\"inLanguage\":\"fi\",\"@id\":\"https:\\\/\\\/rodoaed.ee\\\/fi\\\/info-2\\\/palvelut\\\/tuotantorakennukset-ja-kasvihuoneet-yrittajalle\\\/#primaryimage\",\"url\":\"https:\\\/\\\/www.rodoaed.ee\\\/wp-content\\\/uploads\\\/2013\\\/12\\\/M%C3%B5driku-kasvuhoone-Plus_7-300x199.jpg\",\"contentUrl\":\"https:\\\/\\\/www.rodoaed.ee\\\/wp-content\\\/uploads\\\/2013\\\/12\\\/M%C3%B5driku-kasvuhoone-Plus_7-300x199.jpg\"},{\"@type\":\"BreadcrumbList\",\"@id\":\"https:\\\/\\\/rodoaed.ee\\\/fi\\\/info-2\\\/palvelut\\\/tuotantorakennukset-ja-kasvihuoneet-yrittajalle\\\/#breadcrumb\",\"itemListElement\":[{\"@type\":\"ListItem\",\"position\":1,\"name\":\"Home\",\"item\":\"https:\\\/\\\/rodoaed.ee\\\/fi\\\/\"},{\"@type\":\"ListItem\",\"position\":2,\"name\":\"Info\",\"item\":\"https:\\\/\\\/rodoaed.ee\\\/info-2\\\/\"},{\"@type\":\"ListItem\",\"position\":3,\"name\":\"Palvelut\",\"item\":\"https:\\\/\\\/rodoaed.ee\\\/info-2\\\/palvelut\\\/\"},{\"@type\":\"ListItem\",\"position\":4,\"name\":\"Tuotantorakennukset ja kasvihuoneet yritt\u00e4j\u00e4lle\"}]},{\"@type\":\"WebSite\",\"@id\":\"https:\\\/\\\/rodoaed.ee\\\/#website\",\"url\":\"https:\\\/\\\/rodoaed.ee\\\/\",\"name\":\"Rodoaed\",\"description\":\"\",\"publisher\":{\"@id\":\"https:\\\/\\\/rodoaed.ee\\\/#organization\"},\"potentialAction\":[{\"@type\":\"SearchAction\",\"target\":{\"@type\":\"EntryPoint\",\"urlTemplate\":\"https:\\\/\\\/rodoaed.ee\\\/?s={search_term_string}\"},\"query-input\":{\"@type\":\"PropertyValueSpecification\",\"valueRequired\":true,\"valueName\":\"search_term_string\"}}],\"inLanguage\":\"fi\"},{\"@type\":\"Organization\",\"@id\":\"https:\\\/\\\/rodoaed.ee\\\/#organization\",\"name\":\"Rodoaed\",\"url\":\"https:\\\/\\\/rodoaed.ee\\\/\",\"logo\":{\"@type\":\"ImageObject\",\"inLanguage\":\"fi\",\"@id\":\"https:\\\/\\\/rodoaed.ee\\\/#\\\/schema\\\/logo\\\/image\\\/\",\"url\":\"https:\\\/\\\/rodoaed.ee\\\/wp-content\\\/uploads\\\/2019\\\/11\\\/rodoaed-logo-ilma-taustata.jpg\",\"contentUrl\":\"https:\\\/\\\/rodoaed.ee\\\/wp-content\\\/uploads\\\/2019\\\/11\\\/rodoaed-logo-ilma-taustata.jpg\",\"width\":769,\"height\":268,\"caption\":\"Rodoaed\"},\"image\":{\"@id\":\"https:\\\/\\\/rodoaed.ee\\\/#\\\/schema\\\/logo\\\/image\\\/\"},\"sameAs\":[\"https:\\\/\\\/www.facebook.com\\\/kasvuhooned\\\/\",\"https:\\\/\\\/rodoaed.ee\"]}]}<\/script>\n<!-- \/ Yoast SEO Premium plugin. -->","yoast_head_json":{"title":"Tuotantorakennukset ja kasvihuoneet yritt\u00e4j\u00e4lle - Rodoaed","description":"Tuotantorakennukset on tarkoitettu p\u00e4\u00e4asiassa yritt\u00e4j\u00e4lle. Tarjoamme p\u00e4\u00e4kaupunkiseudun belgialaisia ja liettualaisia tuotantorakennuksia, joissa on vankka ja l\u00e4mmin alumiini rakenne.","robots":{"index":"index","follow":"follow","max-snippet":"max-snippet:-1","max-image-preview":"max-image-preview:large","max-video-preview":"max-video-preview:-1"},"canonical":"https:\/\/rodoaed.ee\/fi\/info-2\/palvelut\/tuotantorakennukset-ja-kasvihuoneet-yrittajalle\/","og_locale":"fi_FI","og_type":"article","og_title":"Tuotantorakennukset ja kasvihuoneet yritt\u00e4j\u00e4lle","og_description":"Valikoimastamme l\u00f6yd\u00e4t varmasti yrityksellesi sopivat tuotantorakennukset. Valikoima sis\u00e4lt\u00e4\u00e4 kasvihuoneita, joissa on harjakatto ja l\u00e4mmin alumiinirunko.","og_url":"https:\/\/rodoaed.ee\/fi\/info-2\/palvelut\/tuotantorakennukset-ja-kasvihuoneet-yrittajalle\/","og_site_name":"Rodoaed","article_publisher":"https:\/\/www.facebook.com\/kasvuhooned\/","article_modified_time":"2026-04-01T09:07:33+00:00","twitter_card":"summary_large_image","twitter_misc":{"Arvioitu lukuaika":"3 minuuttia"},"schema":{"@context":"https:\/\/schema.org","@graph":[{"@type":"WebPage","@id":"https:\/\/rodoaed.ee\/fi\/info-2\/palvelut\/tuotantorakennukset-ja-kasvihuoneet-yrittajalle\/","url":"https:\/\/rodoaed.ee\/fi\/info-2\/palvelut\/tuotantorakennukset-ja-kasvihuoneet-yrittajalle\/","name":"Tuotantorakennukset ja kasvihuoneet yritt\u00e4j\u00e4lle - Rodoaed","isPartOf":{"@id":"https:\/\/rodoaed.ee\/#website"},"primaryImageOfPage":{"@id":"https:\/\/rodoaed.ee\/fi\/info-2\/palvelut\/tuotantorakennukset-ja-kasvihuoneet-yrittajalle\/#primaryimage"},"image":{"@id":"https:\/\/rodoaed.ee\/fi\/info-2\/palvelut\/tuotantorakennukset-ja-kasvihuoneet-yrittajalle\/#primaryimage"},"thumbnailUrl":"https:\/\/www.rodoaed.ee\/wp-content\/uploads\/2013\/12\/M%C3%B5driku-kasvuhoone-Plus_7-300x199.jpg","datePublished":"2026-04-01T09:02:07+00:00","dateModified":"2026-04-01T09:07:33+00:00","description":"Tuotantorakennukset on tarkoitettu p\u00e4\u00e4asiassa yritt\u00e4j\u00e4lle. Tarjoamme p\u00e4\u00e4kaupunkiseudun belgialaisia ja liettualaisia tuotantorakennuksia, joissa on vankka ja l\u00e4mmin alumiini rakenne.","breadcrumb":{"@id":"https:\/\/rodoaed.ee\/fi\/info-2\/palvelut\/tuotantorakennukset-ja-kasvihuoneet-yrittajalle\/#breadcrumb"},"inLanguage":"fi","potentialAction":[{"@type":"ReadAction","target":["https:\/\/rodoaed.ee\/fi\/info-2\/palvelut\/tuotantorakennukset-ja-kasvihuoneet-yrittajalle\/"]}]},{"@type":"ImageObject","inLanguage":"fi","@id":"https:\/\/rodoaed.ee\/fi\/info-2\/palvelut\/tuotantorakennukset-ja-kasvihuoneet-yrittajalle\/#primaryimage","url":"https:\/\/www.rodoaed.ee\/wp-content\/uploads\/2013\/12\/M%C3%B5driku-kasvuhoone-Plus_7-300x199.jpg","contentUrl":"https:\/\/www.rodoaed.ee\/wp-content\/uploads\/2013\/12\/M%C3%B5driku-kasvuhoone-Plus_7-300x199.jpg"},{"@type":"BreadcrumbList","@id":"https:\/\/rodoaed.ee\/fi\/info-2\/palvelut\/tuotantorakennukset-ja-kasvihuoneet-yrittajalle\/#breadcrumb","itemListElement":[{"@type":"ListItem","position":1,"name":"Home","item":"https:\/\/rodoaed.ee\/fi\/"},{"@type":"ListItem","position":2,"name":"Info","item":"https:\/\/rodoaed.ee\/info-2\/"},{"@type":"ListItem","position":3,"name":"Palvelut","item":"https:\/\/rodoaed.ee\/info-2\/palvelut\/"},{"@type":"ListItem","position":4,"name":"Tuotantorakennukset ja kasvihuoneet yritt\u00e4j\u00e4lle"}]},{"@type":"WebSite","@id":"https:\/\/rodoaed.ee\/#website","url":"https:\/\/rodoaed.ee\/","name":"Rodoaed","description":"","publisher":{"@id":"https:\/\/rodoaed.ee\/#organization"},"potentialAction":[{"@type":"SearchAction","target":{"@type":"EntryPoint","urlTemplate":"https:\/\/rodoaed.ee\/?s={search_term_string}"},"query-input":{"@type":"PropertyValueSpecification","valueRequired":true,"valueName":"search_term_string"}}],"inLanguage":"fi"},{"@type":"Organization","@id":"https:\/\/rodoaed.ee\/#organization","name":"Rodoaed","url":"https:\/\/rodoaed.ee\/","logo":{"@type":"ImageObject","inLanguage":"fi","@id":"https:\/\/rodoaed.ee\/#\/schema\/logo\/image\/","url":"https:\/\/rodoaed.ee\/wp-content\/uploads\/2019\/11\/rodoaed-logo-ilma-taustata.jpg","contentUrl":"https:\/\/rodoaed.ee\/wp-content\/uploads\/2019\/11\/rodoaed-logo-ilma-taustata.jpg","width":769,"height":268,"caption":"Rodoaed"},"image":{"@id":"https:\/\/rodoaed.ee\/#\/schema\/logo\/image\/"},"sameAs":["https:\/\/www.facebook.com\/kasvuhooned\/","https:\/\/rodoaed.ee"]}]}},"_links":{"self":[{"href":"https:\/\/rodoaed.ee\/fi\/wp-json\/wp\/v2\/pages\/52227","targetHints":{"allow":["GET"]}}],"collection":[{"href":"https:\/\/rodoaed.ee\/fi\/wp-json\/wp\/v2\/pages"}],"about":[{"href":"https:\/\/rodoaed.ee\/fi\/wp-json\/wp\/v2\/types\/page"}],"author":[{"embeddable":true,"href":"https:\/\/rodoaed.ee\/fi\/wp-json\/wp\/v2\/users\/1"}],"replies":[{"embeddable":true,"href":"https:\/\/rodoaed.ee\/fi\/wp-json\/wp\/v2\/comments?post=52227"}],"version-history":[{"count":0,"href":"https:\/\/rodoaed.ee\/fi\/wp-json\/wp\/v2\/pages\/52227\/revisions"}],"up":[{"embeddable":true,"href":"https:\/\/rodoaed.ee\/fi\/wp-json\/wp\/v2\/pages\/52244"}],"wp:attachment":[{"href":"https:\/\/rodoaed.ee\/fi\/wp-json\/wp\/v2\/media?parent=52227"}],"curies":[{"name":"wp","href":"https:\/\/api.w.org\/{rel}","templated":true}]}}