{"id":52228,"date":"2026-04-01T12:02:09","date_gmt":"2026-04-01T09:02:09","guid":{"rendered":"https:\/\/rodoaed.ee\/tarjoamme-vain-parasta-kasvihuoneita-kanaloita-keittiokoneita\/"},"modified":"2026-04-01T12:07:33","modified_gmt":"2026-04-01T09:07:33","slug":"tarjoamme-vain-parasta-kasvihuoneita-kanaloita-keittiokoneita","status":"publish","type":"page","link":"https:\/\/rodoaed.ee\/fi\/info-2\/palvelut\/tarjoamme-vain-parasta-kasvihuoneita-kanaloita-keittiokoneita\/","title":{"rendered":"Tarjoamme vain parasta &#8211; kasvihuoneita, kanaloita, keitti\u00f6koneita&#8230;"},"content":{"rendered":"<h4>Oleme oma tegevuse algusest peale seadnud \u00fclesandeks leida valikusse tooteid, mis on millegi poolest parimad v\u00f5i erilised. Keskp\u00e4raseid tooteid on Eesti turul juba k\u00fcllalt ja hiina kaupadest on inimesed v\u00e4sinud.<\/h4>\n<p>Meie valikust leiad palju tooteid, mis on oma klassi parimad- kas siis materjalide ja vastupidavuse v\u00f5i unikaalsete tehniliste lahenduste poolest. Peamiselt on tegemist Belgia, Saksamaa, Austria ja Itaalia toodetega.<\/p>\n<h4>Euroopa parimad Kasvuhooned<\/h4>\n<figure id=\"attachment_5618\" aria-describedby=\"caption-attachment-5618\" style=\"width: 300px\" class=\"wp-caption alignright\"><img loading=\"lazy\" decoding=\"async\" class=\"size-medium wp-image-5618\" title=\"kasvuhoone-Euro-Plus-28m2-20-1024x682\" src=\"https:\/\/www.rodoaed.ee\/wp-content\/uploads\/2013\/12\/kasvuhoone-Euro-Plus-28m2-20-1024x682-300x199.jpg\" alt=\"\" width=\"300\" height=\"199\"><figcaption id=\"caption-attachment-5618\" class=\"wp-caption-text\">Euro-Serre Plus kasvuhoone<\/figcaption><\/figure>\n<p><strong>Kasvuhoonete osas tegime oma otsuse peale mitmeaastast katsetamist ja erinevate kasvuhoonete tootjate mudelite p\u00f5hjalikku uurimist. Kuna Eesti on p\u00f5hjamaa oma paksu lumevaibaga talvel, tugevate tormidega s\u00fcgisel ja pikaealise vastupidavuse traditsioondega juba muinasajast alates, siis j\u00e4i s\u00f5elale ainult \u00fcks tootja- Belgia Euro-Serre kasvuhooned.<\/strong><\/p>\n<p><strong>Belgia Euro-Serre kui k\u00f5ige tugevam ja kvaliteetsem kasvuhoone.&nbsp;<\/strong>&nbsp;<a href=\"https:\/\/www.rodoaed.ee\/tooted\/euro-serre-kasvuhooned\/\">Euro-Serre kasvuhooned<\/a> on hetkel ainuke tootja Euroopas (ja tegelikult ka maailmas..), kes toodab t\u00f5eliselt tugeva raamiga talvekindlaid kasvuhooneid, mis sobivad p\u00f5hjamaades kasutamiseks. See ei t\u00e4henda, et k\u00f5ik teised on k\u00f5lbmatud, sugugi mitte. Samuti on Euro-Serrel palju kopeerijaid nagu parimatel ikka.<\/p>\n<p>Lihtsalt Euro-Serre kasvuhoone kogu konstruktsioon on v\u00e4ga h\u00e4sti l\u00e4bi m\u00f5eldud juba insenerlahenduste staadiumis. K\u00f5ik s\u00f5lmed, \u00fchendused, tihendused, materjalid, proportsioonid ja m\u00f5\u00f5tmed on t\u00f5eline meistriteos mis k\u00f5ik koos toimib nagu tugev Tensegrity struktuur. Teda on lihtne ja m\u00f5nus kokku panna kuna k\u00f5ik detailid on \u00e4\u00e4rmiselt t\u00e4pselt viimistletud. See on nagu suurte meeste Lego konstruktor.<\/p>\n<p>Eriti kvaliteetsest materjalist pol\u00fckarbonaatplaadid ja ainukese tootjana pakutav otstest suletavad plaadid tagavad parema soojapidavuse ning kirka l\u00e4bipaistvuse ka paljude aastate p\u00e4rast. Euro-Serre on lihtsalt klass omaette.<\/p>\n<p>Aastaid tagasi m\u00fc\u00fcsime pikka aega ka tuntud Taani firma Juliana kasvuhooneid aga paraku nende hinna-kvaliteedi suhe ei \u00f5igustanud nende pakkumist parimatena. Kellegi jaoks on ka need tooted just \u00f5ige valik aga mitte meie jaoks. <strong>Rahuldume ainult parimaga ja parim peab olema ka hinna suhe sellesse, mida kasutaja saab<\/strong>.<\/p>\n<p><strong>Kui v\u00f5tta kokku k\u00f5ik Euro-Serre tugevused ja plussid teiste ees ja see suhtestada hinnaga, siis saame v\u00e4ga soodsa pakkumise.<\/strong><\/p>\n<p>Kuna parimatest parim ei ole kindlasti k\u00f5ige odavam absoluutarvudes, siis lisasime valikusse ka v\u00f5imaluse omandada veidi lihtsam kasvuhoone t\u00e4iesti s\u00fcmboolse hinnaga. Vaata kasvuhoone mudeleid kategoorias <a href=\"https:\/\/www.rodoaed.ee\/tooted\/teised-kasvuhooned\/\">Teised Kasvuhooned<\/a>.<\/p>\n<p>Nii on kasvuhoonete valik t\u00f5esti igale maitsele.<\/p>\n<figure id=\"attachment_5620\" aria-describedby=\"caption-attachment-5620\" style=\"width: 223px\" class=\"wp-caption alignleft\"><img loading=\"lazy\" decoding=\"async\" class=\"size-medium wp-image-5620\" title=\"Soojapuhur-Palma-763x1024\" src=\"https:\/\/www.rodoaed.ee\/wp-content\/uploads\/2013\/12\/Soojapuhur-Palma-763x1024-223x300.jpg\" alt=\"\" width=\"223\" height=\"300\"><figcaption id=\"caption-attachment-5620\" class=\"wp-caption-text\">Digitaalselt kontrollitav soojapuhur Palma<\/figcaption><\/figure>\n<h4>Kasvuhoone ja aedniku tarvikud- soojapuhurid, taimelambid, kastmiss\u00fcsteemid, taimekuivatid jne<\/h4>\n<p>Kasvuhoone tarvikute valik on mitmelt Saksamaa ja Austria tootjalt. S\u00f5elale j\u00e4id ainult kvaliteedi ja t\u00f5hususe osas parimad tooted.<\/p>\n<p>Eraldi tasub mainida Austria tehast, kes toodab murrangulise leiutisena tuntud patenteeritud <strong><a href=\"https:\/\/www.rodoaed.ee\/tooted\/kasvuhoone-lisavarustus\/kastmissusteemid-aedniku-tarvikud\/\">keraamilise anduriga Blumat kastmiss\u00fcsteeme<\/a><\/strong>. Automaatsete kastmiss\u00fcsteemide kasutamise aianduses v\u00f5ib p\u00f5him\u00f5tteliselt jagada kaheks &#8211; aeg enne seda leiutist ja p\u00e4rast. Kuigi kaubanduses v\u00f5ib leida veel igasuguseid s\u00fcsteeme vanemast ajast on keraamilised andurid oma lihtsuse ja vastupidavusega k\u00f5ik elektroonilised ja muud kastmiss\u00fcsteemid praktiliselt k\u00f5rvale t\u00f5rjunud.<\/p>\n<p>Taimede ettekasvatamine ja aastaringne kasvatamine on n\u00fc\u00fcd v\u00e4ga lihtne ja mugav t\u00e4nud paljudele abivahenditele nagu <a href=\"https:\/\/www.rodoaed.ee\/tooted\/kasvuhoone-lisavarustus\/kasvuhoone-valgustus\/\">t\u00f5husad taimelambid<\/a>, <a href=\"https:\/\/www.rodoaed.ee\/tooted\/kasvuhoone-lisavarustus\/elektrilised-soojendusmatid\/\">ettekasvatuse elektrimatid<\/a>, <a href=\"https:\/\/www.rodoaed.ee\/tooted\/kasvuhoone-lisavarustus\/kasvuhoone-kute\/\">minikasvuhooned<\/a>, <a href=\"https:\/\/www.rodoaed.ee\/tooted\/kasvuhoone-lisavarustus\/kasvuhoone-kute\/\">digitaalse anduriga soojapuhurid<\/a> ja v\u00e4ga s\u00e4\u00e4stlikud <a href=\"https:\/\/www.rodoaed.ee\/tooted\/kasvuhoone-lisavarustus\/kasvuhoone-kute\/\">gaasipuhurid<\/a>. T\u00e4nu headele ja odavatele profivahenditele on taimede kasvatamine n\u00fc\u00fcd k\u00e4ttesaadav igale hobiaednikule. Ainult naudi.<\/p>\n<p>Loomulikult ei piirdu valik ainult kasvuhoone tarvikutega vaid pakume ka \u00fcldaiandusele ja koduaeda sobivaid tooteid. Olgu n\u00e4iteks patenteeritud <strong><a href=\"https:\/\/www.rodoaed.ee\/tooted\/kasvuhoone-lisavarustus\/eriti-tugevad-koormakatted\/\">eriti tugevast materjalist koormakatted<\/a><\/strong>, mis kannatavad kuni 5x rohkem r\u00e4simist kui tavalised analoogid. Samuti unikaalsed <strong>saksa telk-kasvuhooned v\u00f5i <a href=\"https:\/\/www.rodoaed.ee\/tooted\/teised-kasvuhooned\/tropic-island-kasvutelgid\/\">kasvuhoone telgid<\/a><\/strong>, mis pakuvad mobiilset alternatiivi kapitaalsele kasvuhoonele. Kasvuhoone telgi saad p\u00fcstitada aeda, verandale v\u00f5i korrusmaja r\u00f5dule 20 minutiga. Sama kiiresti saad ta uuesti lahti v\u00f5tta ja mugavasse kandekotti pakkida. Kasvuhoone telk on unikaalne v\u00f5imalus panna kiiresti ja odavalt k\u00fclma\u00f5rnadele taimedele peale talvekaitse koos soojendusega.<\/p>\n<h4>TRE Spade&nbsp;toidukuivatid<\/h4>\n<figure id=\"attachment_5616\" aria-describedby=\"caption-attachment-5616\" style=\"width: 300px\" class=\"wp-caption alignright\"><img loading=\"lazy\" decoding=\"async\" class=\"size-medium wp-image-5616\" title=\"Dry-Delux_73500_L_suur\" src=\"https:\/\/www.rodoaed.ee\/wp-content\/uploads\/2013\/12\/Dry-Delux_73500_L_suur-300x182.jpg\" alt=\"\" width=\"300\" height=\"182\"><figcaption id=\"caption-attachment-5616\" class=\"wp-caption-text\">Tre Spade Dry-Deluxe<\/figcaption><\/figure>\n<p>Itaalia TRE Spade <a href=\"https:\/\/www.rodoaed.ee\/tooted\/taimede-ja-toidu-kuivatid\/\">toidu- ja taimekuivatid<\/a> on parim valik nii professionaalile kui kodukasutajale. Taimekuivatite valik on tehtud l\u00e4htudes k\u00f5rgest kvaliteedist, pikaajalisest tootmiskogemusest, kasutusmugavusest ja t\u00f5hususest. TRE Spade taimekuivatid on k\u00f5ige vaiksemad, k\u00f5ige kaasaegsemad ja k\u00f5ige t\u00f6\u00f6kindlamad taimekuivatid.<\/p>\n<p>Rikkalik tagasiside Eesti kasutajatelt on n\u00e4idanud, et need taimekuivatid sobivad t\u00f5esti oma kasutuse lihtsuselt nii 90 aastasele memmele kui oma t\u00f5hususelt n\u00f5udlikkule Eesti ettev\u00f5tjale. T\u00e4name k\u00f5iki kasutajaid.<\/p>\n<p>Head toodet on meeldiv Sinuga jagada.<\/p>\n<h4>Schwegleri pesakastid, linnus\u00f6\u00f6gimajad ja linnus\u00f6\u00f6gid<\/h4>\n<p>J\u00e4llegi parimatest parim valitud just Sinu jaoks, kes Sa hindad oma aega ja raha. <strong>Schwegler on pika traditsiooniga saksa tootja, kes on loonud ja patenteerinud suure osa uuendustest lindude pesakastide loomisel.<\/strong> Kuna tegemist on ettev\u00f5ttega, kelle eesm\u00e4rk pole pelgalt \u00e4riline vaid peamist r\u00f5hku pannakse lindude ja metsiku looduse kaitsmisele, siis on tooted t\u00f5esti parimad. Nende meeskonnas on v\u00e4ga palju Euroopa parimaid linnuteadlasi, kes pesitsemistingimuste loomisel oma tooteid pidevalt katsetavad ja t\u00e4iustavad.<\/p>\n<p>Nende v\u00e4ljat\u00f6\u00f6tatud ja n\u00fc\u00fcdseks kogu maailmas juba ligi 10 miljonit komplekti m\u00fc\u00fcdud puit-betoonist pesakastid on osutunud v\u00e4ga t\u00f5husaks. T\u00e4nu headele isolatsiooni omadustele ja eri kujule asustavad linnud neid pesakaste ca 3 korda rohkem kui tavalisi puidust pesakaste. <strong>Ja kuna vastupidavus on \u00fcle paarik\u00fcmne aasta, siis on hinna-kvaliteedi suhe t\u00f5eliselt erakordne.<\/strong><\/p>\n<p>Lisaks lindudele on <a href=\"https:\/\/www.rodoaed.ee\/tooted\/pesakastid-ja-linnusoogid\/nahkhiirte-pesakastid\/\">pesakaste nahkhiirtele<\/a>, samuti <a href=\"https:\/\/www.rodoaed.ee\/tooted\/pesakastid-ja-linnusoogid\/siili-maja\/\">pesamajad siilidele<\/a>, <a href=\"https:\/\/www.rodoaed.ee\/tooted\/pesakastid-ja-linnusoogid\/putukate-kaitse\/maamesilase-pesad\/\">maamesilastele<\/a>, kimalastele, liblikatele, herilastele jne. Mitte ainlt linnud ei vaja meiepoolset kaitset ja abi. V\u00e4hemalt sama suurt abi vajavad paljud putukaliigid ja eriti mesilased ja kimalased, kes hoolitsevad kogu p\u00f5llumajanduse saagi tolmutamise eest.<\/p>\n<h4>S\u00f6\u00f6gimajad ja s\u00f6\u00f6gisegud lindudele<\/h4>\n<p><a href=\"https:\/\/www.rodoaed.ee\/tooted\/pesakastid-ja-linnusoogid\/talvine-ja-suvine-toitmine\/\">Lindude talvine s\u00f6\u00f6tmine<\/a> on igale eestimaalasele juba lapsep\u00f5lvest tuttav tegevus. Kes meist poleks tihastele akna taha pekki riputanud v\u00f5i talvel seemneid s\u00f6\u00f6gimajasse pannud. Selles osas on samuti aeg edasi l\u00e4inud. N\u00fc\u00fcd on olemas suures valikus linnus\u00f6\u00f6ke vastavalt aastaajale ja linnuliigile. Iga linnuliik vajab natuke erinevat l\u00e4henemist ja kui soovid oma aias n\u00e4ha palju erinevaid linde, siis on m\u00f5istlik panna v\u00e4lja ka erinevaid s\u00f6\u00f6gimaju ja erivaid s\u00f6\u00f6ke.<\/p>\n<p>S\u00f6\u00f6gimajade osas on valikus nii ameerika, inglise kui saksa s\u00f6\u00f6gimajade t\u00f5eline paremik. M\u00f5ned s\u00f6\u00f6gimajad toodetakse USA ja Inglismaa patentide alusel saksamaal, teised ongi saksa patendid aga k\u00f5ik nad on palju auhindu saanud ja parimatest parimad. Kasutatud on ainult parimaid materjale nagu ilmastikukindel l\u00e4bipaistev pol\u00fckarbonaat, roostevabast terasest v\u00f5rgud, roostekinlast metallist osad ja \u00f5rred jne.<\/p>\n<p>N\u00e4iteks kuulsad <strong><a href=\"https:\/\/www.rodoaed.ee\/tooted\/pesakastid-ja-linnusoogid\/talvine-ja-suvine-toitmine\/lindude-soogimajad\/ring-pull-soogimajad\/\">RingPull s\u00f6\u00f6gimaja mudelid<\/a><\/strong> on patenteeritud ja auhinnatud kergesti avatavad ja puhastatavad s\u00f6\u00f6gimajad. Parim kingitus linnus\u00f5brale.<\/p>\n<p><strong>LifeTime p\u00e4hklis\u00f6\u00f6tjad<\/strong> ongi eluaegse garantiiga roostevabast metallist s\u00f6\u00f6gimajad.<\/p>\n<p><strong><a href=\"https:\/\/www.rodoaed.ee\/tooted\/pesakastid-ja-linnusoogid\/talvine-ja-suvine-toitmine\/lindude-soogimajad\/birdlovers-soogimajad\/\">Aknale kinnitatavad s\u00f6\u00f6gimajad<\/a><\/strong> p\u00fcsivad t\u00f5esti h\u00e4sti ja peavad kaua vastu.<\/p>\n<p>Euroopas ja Eestis lained l\u00f6\u00f6vad <strong><a href=\"https:\/\/www.rodoaed.ee\/tooted\/pesakastid-ja-linnusoogid\/talvine-ja-suvine-toitmine\/linnusoogid\/soodakoogid-lindudele\/\">Schwegleri s\u00f6\u00f6dakoogid<\/a> ja <a href=\"https:\/\/www.rodoaed.ee\/tooted\/pesakastid-ja-linnusoogid\/talvine-ja-suvine-toitmine\/linnusoogid\/soodapallid-lindudele\/\">rasvapallid<\/a><\/strong> on orgaanilisest toorainest toodetud talves\u00f6\u00f6gid, mida linnud v\u00e4ga hindavad. Kuna s\u00f6\u00f6gid on loodud linnuteadlaste poolt pikaajaliste katse-eksituse viisil t\u00e4iustades l\u00e4htuvad nad just lindude vajadusetest, mitte \u00e4rilisest huvist. T\u00f5eliselt hea tulemus. Samuti v\u00e4rskendavalt uudne l\u00e4henemine, kus esikohal on lindude huvid ja \u00e4rihuvid on kuskil tagapool- v\u00e4ga haruldane t\u00e4nap\u00e4eva maailmas.<\/p>\n<p><img loading=\"lazy\" decoding=\"async\" class=\"alignnone  wp-image-5623\" title=\"schwegler_logo1\" src=\"https:\/\/www.rodoaed.ee\/wp-content\/uploads\/2013\/12\/schwegler_logo11.jpg\" alt=\"\" width=\"697\" height=\"185\"><\/p>\n<h4>Ostes meie pesakaste, s\u00f6\u00f6gimaju ning lindude s\u00f6\u00f6ki astud Rodoaed Looduses\u00f5bra klubi liikmeks ning toetad Eesti linde ja teisi loomi. Me sponsoreerime igal aastal kuskil Eestis&nbsp;pesakastide \u00fclespanekut ja lindude lisatoitmist. Ostes meilt toetad otseselt ja kaudselt seda vajalikku ettev\u00f5tmist.<\/h4>\n<h2><span style=\"color: #808000;\">T\u00e4name Sind rohelise eluviisi toetamise eest !<\/span><\/h2>\n","protected":false},"excerpt":{"rendered":"<p>Oleme oma tegevuse algusest peale seadnud \u00fclesandeks leida valikusse tooteid, mis on millegi poolest parimad v\u00f5i erilised. Keskp\u00e4raseid tooteid on Eesti turul juba k\u00fcllalt ja hiina kaupadest on inimesed v\u00e4sinud. Meie valikust leiad palju tooteid, mis on oma klassi parimad- kas siis materjalide ja vastupidavuse v\u00f5i unikaalsete tehniliste lahenduste poolest. Peamiselt on tegemist Belgia, Saksamaa, Austria ja Itaalia toodetega. Euroopa parimad Kasvuhooned Kasvuhoonete osas tegime&#8230;<\/p>\n","protected":false},"author":1,"featured_media":0,"parent":52244,"menu_order":10,"comment_status":"closed","ping_status":"closed","template":"","meta":{"_acf_changed":false,"footnotes":""},"class_list":["post-52228","page","type-page","status-publish","hentry"],"acf":[],"yoast_head":"<!-- This site is optimized with the Yoast SEO Premium plugin v27.3 (Yoast SEO v27.3) - https:\/\/yoast.com\/product\/yoast-seo-premium-wordpress\/ -->\n<title>Euroopan parhaat kasvihuoneet -% Rodoaedin kasvihuoneet<\/title>\n<meta name=\"description\" content=\"Kasvihuoneet, paviljongit, talvihuoneet - tarjoamme sinulle Euroopan parhaiden valmistajien parhaat tuotteet. Vahvempia, l\u00e4mpim\u00e4mpi\u00e4 ja mukavampia kasvihuoneita rahoillesi.\" \/>\n<meta name=\"robots\" content=\"index, follow, max-snippet:-1, max-image-preview:large, max-video-preview:-1\" \/>\n<link rel=\"canonical\" href=\"https:\/\/rodoaed.ee\/fi\/info-2\/palvelut\/tarjoamme-vain-parasta-kasvihuoneita-kanaloita-keittiokoneita\/\" \/>\n<meta property=\"og:locale\" content=\"fi_FI\" \/>\n<meta property=\"og:type\" content=\"article\" \/>\n<meta property=\"og:title\" content=\"Tarjoamme vain parasta - kasvihuoneita, kanaloita, keitti\u00f6koneita...\" \/>\n<meta property=\"og:description\" content=\"Oleme oma tegevuse algusest peale seadnud \u00fclesandeks leida valikusse tooteid, mis on millegi poolest parimad v\u00f5i erilised. Keskp\u00e4raseid tooteid on Eesti\" \/>\n<meta property=\"og:url\" content=\"https:\/\/rodoaed.ee\/fi\/info-2\/palvelut\/tarjoamme-vain-parasta-kasvihuoneita-kanaloita-keittiokoneita\/\" \/>\n<meta property=\"og:site_name\" content=\"Rodoaed\" \/>\n<meta property=\"article:publisher\" content=\"https:\/\/www.facebook.com\/kasvuhooned\/\" \/>\n<meta property=\"article:modified_time\" content=\"2026-04-01T09:07:33+00:00\" \/>\n<meta name=\"twitter:card\" content=\"summary_large_image\" \/>\n<meta name=\"twitter:label1\" content=\"Arvioitu lukuaika\" \/>\n\t<meta name=\"twitter:data1\" content=\"6 minuuttia\" \/>\n<script type=\"application\/ld+json\" class=\"yoast-schema-graph\">{\"@context\":\"https:\\\/\\\/schema.org\",\"@graph\":[{\"@type\":\"WebPage\",\"@id\":\"https:\\\/\\\/rodoaed.ee\\\/fi\\\/info-2\\\/palvelut\\\/tarjoamme-vain-parasta-kasvihuoneita-kanaloita-keittiokoneita\\\/\",\"url\":\"https:\\\/\\\/rodoaed.ee\\\/fi\\\/info-2\\\/palvelut\\\/tarjoamme-vain-parasta-kasvihuoneita-kanaloita-keittiokoneita\\\/\",\"name\":\"Euroopan parhaat kasvihuoneet -% Rodoaedin kasvihuoneet\",\"isPartOf\":{\"@id\":\"https:\\\/\\\/rodoaed.ee\\\/#website\"},\"primaryImageOfPage\":{\"@id\":\"https:\\\/\\\/rodoaed.ee\\\/fi\\\/info-2\\\/palvelut\\\/tarjoamme-vain-parasta-kasvihuoneita-kanaloita-keittiokoneita\\\/#primaryimage\"},\"image\":{\"@id\":\"https:\\\/\\\/rodoaed.ee\\\/fi\\\/info-2\\\/palvelut\\\/tarjoamme-vain-parasta-kasvihuoneita-kanaloita-keittiokoneita\\\/#primaryimage\"},\"thumbnailUrl\":\"https:\\\/\\\/www.rodoaed.ee\\\/wp-content\\\/uploads\\\/2013\\\/12\\\/kasvuhoone-Euro-Plus-28m2-20-1024x682-300x199.jpg\",\"datePublished\":\"2026-04-01T09:02:09+00:00\",\"dateModified\":\"2026-04-01T09:07:33+00:00\",\"description\":\"Kasvihuoneet, paviljongit, talvihuoneet - tarjoamme sinulle Euroopan parhaiden valmistajien parhaat tuotteet. Vahvempia, l\u00e4mpim\u00e4mpi\u00e4 ja mukavampia kasvihuoneita rahoillesi.\",\"breadcrumb\":{\"@id\":\"https:\\\/\\\/rodoaed.ee\\\/fi\\\/info-2\\\/palvelut\\\/tarjoamme-vain-parasta-kasvihuoneita-kanaloita-keittiokoneita\\\/#breadcrumb\"},\"inLanguage\":\"fi\",\"potentialAction\":[{\"@type\":\"ReadAction\",\"target\":[\"https:\\\/\\\/rodoaed.ee\\\/fi\\\/info-2\\\/palvelut\\\/tarjoamme-vain-parasta-kasvihuoneita-kanaloita-keittiokoneita\\\/\"]}]},{\"@type\":\"ImageObject\",\"inLanguage\":\"fi\",\"@id\":\"https:\\\/\\\/rodoaed.ee\\\/fi\\\/info-2\\\/palvelut\\\/tarjoamme-vain-parasta-kasvihuoneita-kanaloita-keittiokoneita\\\/#primaryimage\",\"url\":\"https:\\\/\\\/www.rodoaed.ee\\\/wp-content\\\/uploads\\\/2013\\\/12\\\/kasvuhoone-Euro-Plus-28m2-20-1024x682-300x199.jpg\",\"contentUrl\":\"https:\\\/\\\/www.rodoaed.ee\\\/wp-content\\\/uploads\\\/2013\\\/12\\\/kasvuhoone-Euro-Plus-28m2-20-1024x682-300x199.jpg\"},{\"@type\":\"BreadcrumbList\",\"@id\":\"https:\\\/\\\/rodoaed.ee\\\/fi\\\/info-2\\\/palvelut\\\/tarjoamme-vain-parasta-kasvihuoneita-kanaloita-keittiokoneita\\\/#breadcrumb\",\"itemListElement\":[{\"@type\":\"ListItem\",\"position\":1,\"name\":\"Home\",\"item\":\"https:\\\/\\\/rodoaed.ee\\\/fi\\\/\"},{\"@type\":\"ListItem\",\"position\":2,\"name\":\"Info\",\"item\":\"https:\\\/\\\/rodoaed.ee\\\/info-2\\\/\"},{\"@type\":\"ListItem\",\"position\":3,\"name\":\"Palvelut\",\"item\":\"https:\\\/\\\/rodoaed.ee\\\/info-2\\\/palvelut\\\/\"},{\"@type\":\"ListItem\",\"position\":4,\"name\":\"Tarjoamme vain parasta &#8211; kasvihuoneita, kanaloita, keitti\u00f6koneita&#8230;\"}]},{\"@type\":\"WebSite\",\"@id\":\"https:\\\/\\\/rodoaed.ee\\\/#website\",\"url\":\"https:\\\/\\\/rodoaed.ee\\\/\",\"name\":\"Rodoaed\",\"description\":\"\",\"publisher\":{\"@id\":\"https:\\\/\\\/rodoaed.ee\\\/#organization\"},\"potentialAction\":[{\"@type\":\"SearchAction\",\"target\":{\"@type\":\"EntryPoint\",\"urlTemplate\":\"https:\\\/\\\/rodoaed.ee\\\/?s={search_term_string}\"},\"query-input\":{\"@type\":\"PropertyValueSpecification\",\"valueRequired\":true,\"valueName\":\"search_term_string\"}}],\"inLanguage\":\"fi\"},{\"@type\":\"Organization\",\"@id\":\"https:\\\/\\\/rodoaed.ee\\\/#organization\",\"name\":\"Rodoaed\",\"url\":\"https:\\\/\\\/rodoaed.ee\\\/\",\"logo\":{\"@type\":\"ImageObject\",\"inLanguage\":\"fi\",\"@id\":\"https:\\\/\\\/rodoaed.ee\\\/#\\\/schema\\\/logo\\\/image\\\/\",\"url\":\"https:\\\/\\\/rodoaed.ee\\\/wp-content\\\/uploads\\\/2019\\\/11\\\/rodoaed-logo-ilma-taustata.jpg\",\"contentUrl\":\"https:\\\/\\\/rodoaed.ee\\\/wp-content\\\/uploads\\\/2019\\\/11\\\/rodoaed-logo-ilma-taustata.jpg\",\"width\":769,\"height\":268,\"caption\":\"Rodoaed\"},\"image\":{\"@id\":\"https:\\\/\\\/rodoaed.ee\\\/#\\\/schema\\\/logo\\\/image\\\/\"},\"sameAs\":[\"https:\\\/\\\/www.facebook.com\\\/kasvuhooned\\\/\",\"https:\\\/\\\/rodoaed.ee\"]}]}<\/script>\n<!-- \/ Yoast SEO Premium plugin. -->","yoast_head_json":{"title":"Euroopan parhaat kasvihuoneet -% Rodoaedin kasvihuoneet","description":"Kasvihuoneet, paviljongit, talvihuoneet - tarjoamme sinulle Euroopan parhaiden valmistajien parhaat tuotteet. Vahvempia, l\u00e4mpim\u00e4mpi\u00e4 ja mukavampia kasvihuoneita rahoillesi.","robots":{"index":"index","follow":"follow","max-snippet":"max-snippet:-1","max-image-preview":"max-image-preview:large","max-video-preview":"max-video-preview:-1"},"canonical":"https:\/\/rodoaed.ee\/fi\/info-2\/palvelut\/tarjoamme-vain-parasta-kasvihuoneita-kanaloita-keittiokoneita\/","og_locale":"fi_FI","og_type":"article","og_title":"Tarjoamme vain parasta - kasvihuoneita, kanaloita, keitti\u00f6koneita...","og_description":"Oleme oma tegevuse algusest peale seadnud \u00fclesandeks leida valikusse tooteid, mis on millegi poolest parimad v\u00f5i erilised. Keskp\u00e4raseid tooteid on Eesti","og_url":"https:\/\/rodoaed.ee\/fi\/info-2\/palvelut\/tarjoamme-vain-parasta-kasvihuoneita-kanaloita-keittiokoneita\/","og_site_name":"Rodoaed","article_publisher":"https:\/\/www.facebook.com\/kasvuhooned\/","article_modified_time":"2026-04-01T09:07:33+00:00","twitter_card":"summary_large_image","twitter_misc":{"Arvioitu lukuaika":"6 minuuttia"},"schema":{"@context":"https:\/\/schema.org","@graph":[{"@type":"WebPage","@id":"https:\/\/rodoaed.ee\/fi\/info-2\/palvelut\/tarjoamme-vain-parasta-kasvihuoneita-kanaloita-keittiokoneita\/","url":"https:\/\/rodoaed.ee\/fi\/info-2\/palvelut\/tarjoamme-vain-parasta-kasvihuoneita-kanaloita-keittiokoneita\/","name":"Euroopan parhaat kasvihuoneet -% Rodoaedin kasvihuoneet","isPartOf":{"@id":"https:\/\/rodoaed.ee\/#website"},"primaryImageOfPage":{"@id":"https:\/\/rodoaed.ee\/fi\/info-2\/palvelut\/tarjoamme-vain-parasta-kasvihuoneita-kanaloita-keittiokoneita\/#primaryimage"},"image":{"@id":"https:\/\/rodoaed.ee\/fi\/info-2\/palvelut\/tarjoamme-vain-parasta-kasvihuoneita-kanaloita-keittiokoneita\/#primaryimage"},"thumbnailUrl":"https:\/\/www.rodoaed.ee\/wp-content\/uploads\/2013\/12\/kasvuhoone-Euro-Plus-28m2-20-1024x682-300x199.jpg","datePublished":"2026-04-01T09:02:09+00:00","dateModified":"2026-04-01T09:07:33+00:00","description":"Kasvihuoneet, paviljongit, talvihuoneet - tarjoamme sinulle Euroopan parhaiden valmistajien parhaat tuotteet. Vahvempia, l\u00e4mpim\u00e4mpi\u00e4 ja mukavampia kasvihuoneita rahoillesi.","breadcrumb":{"@id":"https:\/\/rodoaed.ee\/fi\/info-2\/palvelut\/tarjoamme-vain-parasta-kasvihuoneita-kanaloita-keittiokoneita\/#breadcrumb"},"inLanguage":"fi","potentialAction":[{"@type":"ReadAction","target":["https:\/\/rodoaed.ee\/fi\/info-2\/palvelut\/tarjoamme-vain-parasta-kasvihuoneita-kanaloita-keittiokoneita\/"]}]},{"@type":"ImageObject","inLanguage":"fi","@id":"https:\/\/rodoaed.ee\/fi\/info-2\/palvelut\/tarjoamme-vain-parasta-kasvihuoneita-kanaloita-keittiokoneita\/#primaryimage","url":"https:\/\/www.rodoaed.ee\/wp-content\/uploads\/2013\/12\/kasvuhoone-Euro-Plus-28m2-20-1024x682-300x199.jpg","contentUrl":"https:\/\/www.rodoaed.ee\/wp-content\/uploads\/2013\/12\/kasvuhoone-Euro-Plus-28m2-20-1024x682-300x199.jpg"},{"@type":"BreadcrumbList","@id":"https:\/\/rodoaed.ee\/fi\/info-2\/palvelut\/tarjoamme-vain-parasta-kasvihuoneita-kanaloita-keittiokoneita\/#breadcrumb","itemListElement":[{"@type":"ListItem","position":1,"name":"Home","item":"https:\/\/rodoaed.ee\/fi\/"},{"@type":"ListItem","position":2,"name":"Info","item":"https:\/\/rodoaed.ee\/info-2\/"},{"@type":"ListItem","position":3,"name":"Palvelut","item":"https:\/\/rodoaed.ee\/info-2\/palvelut\/"},{"@type":"ListItem","position":4,"name":"Tarjoamme vain parasta &#8211; kasvihuoneita, kanaloita, keitti\u00f6koneita&#8230;"}]},{"@type":"WebSite","@id":"https:\/\/rodoaed.ee\/#website","url":"https:\/\/rodoaed.ee\/","name":"Rodoaed","description":"","publisher":{"@id":"https:\/\/rodoaed.ee\/#organization"},"potentialAction":[{"@type":"SearchAction","target":{"@type":"EntryPoint","urlTemplate":"https:\/\/rodoaed.ee\/?s={search_term_string}"},"query-input":{"@type":"PropertyValueSpecification","valueRequired":true,"valueName":"search_term_string"}}],"inLanguage":"fi"},{"@type":"Organization","@id":"https:\/\/rodoaed.ee\/#organization","name":"Rodoaed","url":"https:\/\/rodoaed.ee\/","logo":{"@type":"ImageObject","inLanguage":"fi","@id":"https:\/\/rodoaed.ee\/#\/schema\/logo\/image\/","url":"https:\/\/rodoaed.ee\/wp-content\/uploads\/2019\/11\/rodoaed-logo-ilma-taustata.jpg","contentUrl":"https:\/\/rodoaed.ee\/wp-content\/uploads\/2019\/11\/rodoaed-logo-ilma-taustata.jpg","width":769,"height":268,"caption":"Rodoaed"},"image":{"@id":"https:\/\/rodoaed.ee\/#\/schema\/logo\/image\/"},"sameAs":["https:\/\/www.facebook.com\/kasvuhooned\/","https:\/\/rodoaed.ee"]}]}},"_links":{"self":[{"href":"https:\/\/rodoaed.ee\/fi\/wp-json\/wp\/v2\/pages\/52228","targetHints":{"allow":["GET"]}}],"collection":[{"href":"https:\/\/rodoaed.ee\/fi\/wp-json\/wp\/v2\/pages"}],"about":[{"href":"https:\/\/rodoaed.ee\/fi\/wp-json\/wp\/v2\/types\/page"}],"author":[{"embeddable":true,"href":"https:\/\/rodoaed.ee\/fi\/wp-json\/wp\/v2\/users\/1"}],"replies":[{"embeddable":true,"href":"https:\/\/rodoaed.ee\/fi\/wp-json\/wp\/v2\/comments?post=52228"}],"version-history":[{"count":0,"href":"https:\/\/rodoaed.ee\/fi\/wp-json\/wp\/v2\/pages\/52228\/revisions"}],"up":[{"embeddable":true,"href":"https:\/\/rodoaed.ee\/fi\/wp-json\/wp\/v2\/pages\/52244"}],"wp:attachment":[{"href":"https:\/\/rodoaed.ee\/fi\/wp-json\/wp\/v2\/media?parent=52228"}],"curies":[{"name":"wp","href":"https:\/\/api.w.org\/{rel}","templated":true}]}}