{"id":52229,"date":"2026-04-01T12:02:11","date_gmt":"2026-04-01T09:02:11","guid":{"rendered":"https:\/\/rodoaed.ee\/modriku-iluaed-ou-kasvihuoneet-plus-604x830m\/"},"modified":"2026-04-01T12:02:14","modified_gmt":"2026-04-01T09:02:14","slug":"modriku-iluaed-ou-kasvihuoneet-plus-604x830m","status":"publish","type":"page","link":"https:\/\/rodoaed.ee\/fi\/info-2\/kasvihuoneen-kayttajat\/modriku-iluaed-ou-kasvihuoneet-plus-604x830m\/","title":{"rendered":"M\u00f5driku Iluaed O\u00dc Kasvihuoneet Plus 6,04&#215;8,30m"},"content":{"rendered":"<figure id=\"attachment_2679\" aria-describedby=\"caption-attachment-2679\" style=\"width: 498px\" class=\"wp-caption alignright\"><img loading=\"lazy\" decoding=\"async\" class=\" wp-image-2679 \" title=\"Miekka Kasvihuone Plus_1\" src=\"https:\/\/www.rodoaed.ee\/wp-content\/uploads\/2012\/09\/M%C3%B5driku-kasvuhoone-Plus_1-1024x682.jpg\" alt=\"\" width=\"498\" height=\"332\"><figcaption id=\"caption-attachment-2679\" class=\"wp-caption-text\">M\u00f5driku Iluaed O\u00dc ja Keivabun perheen kasvihuoneet Plus 6,04&#215;8,30m.<\/figcaption><\/figure>\n<h4>M\u00f5driku Iluaed O\u00dc hankki hiljattain Rodoaed.ee:lt\u00e4 kaksi 50m\u00b2 Plus-mallia. Asennusryhm\u00e4mme k\u00e4vi juuri asentamassa ne ja ottamassa ne k\u00e4ytt\u00f6\u00f6n. Otamme selv\u00e4\u00e4, miten he onnistuivat ja mihin he aikovat k\u00e4ytt\u00e4\u00e4 kasvihuoneita.  <\/h4>\n<figure id=\"attachment_2682\" aria-describedby=\"caption-attachment-2682\" style=\"width: 300px\" class=\"wp-caption alignleft\"><img loading=\"lazy\" decoding=\"async\" class=\"size-medium wp-image-2682\" title=\"Miekka Kasvihuone Plus_7\" src=\"https:\/\/www.rodoaed.ee\/wp-content\/uploads\/2012\/09\/M%C3%B5driku-kasvuhoone-Plus_7-300x199.jpg\" alt=\"\" width=\"300\" height=\"199\"><figcaption id=\"caption-attachment-2682\" class=\"wp-caption-text\">Kaksi 50 neli\u00f6metrin Plus-mallia ovat varsin rohkaisevia n\u00e4kymi\u00e4 puutarhanhoitoalalle. Niihin mahtuu suuria m\u00e4\u00e4ri\u00e4 kasveja, ja hyv\u00e4n l\u00e4mm\u00f6npid\u00e4tyskyvyn ansiosta kasvukustannukset ovat alhaiset.<\/figcaption><\/figure>\n<p><a title=\"M\u00f5driku Iluaed O\u00dc\" href=\"http:\/\/www.modrikuiluaed.ee\/kollektsioonaed\">M\u00f5driku Iluaed O\u00dc<\/a> on tunnettu puutarha-alan yritys L\u00e4nsi-Viron maakunnassa. Heid\u00e4n p\u00e4\u00e4toimialansa on kasvien ja taimien myynti sek\u00e4 puutarhasuunnittelu ja maisemointi. Uusi teknologia on Scandicurb-menetelm\u00e4 betonisten pihakivien valmistuksessa. Betonista voidaan tehd\u00e4 paikan p\u00e4\u00e4ll\u00e4 reunuksia, puutarhapolkuja ja jalkak\u00e4yt\u00e4vien reunoja tarpeen mukaan. Juuri asennetut kaksi suurta Euro-Plus-kasvihuonetta mahdollistavat my\u00f6s kev\u00e4tistutusten aloittamisen.    <\/p>\n<p>M\u00f5driku Beauty Garden on todellinen perheyritys. Sit\u00e4 johtavat omistaja Anita Keivabu ja is\u00e4nt\u00e4 Peeter Keivabu. Perheess\u00e4 on nelj\u00e4 muuta lasta, joista nuorin on vasta 2 kuukauden ik\u00e4inen. Perheen rinnalla ja kanssa tehd\u00e4\u00e4n kaikki tarvittavat puutarhaty\u00f6t ja tietenkin k\u00e4ytet\u00e4\u00e4n apulaisia.   <\/p>\n<p>Kasvihuoneen valinta tehtiin koon, kest\u00e4vyyden ja laadun perusteella. Kuten omistaja totesi, monia eri vaihtoehtoja ja tarjouksia tutkittiin, mutta Euro-Plus-malli oli se, joka miellytti h\u00e4nt\u00e4 v\u00e4litt\u00f6m\u00e4sti ja sopi hyvin yritykseen. Plus-malli on vankkarakenteinen ja tilava kasvihuone, jossa voi kasvattaa taimia, nuoria kasveja ja tarvittaessa jopa hyvin korkeita taimia. Sen kattokorkeus on 3,2 metri\u00e4, joten tilaa on runsaasti. 6,04&#215;8,30m Plus-kasvihuone on nimens\u00e4 mukaisesti 6 metri\u00e4 leve\u00e4 ja 8,3 metri\u00e4 pitk\u00e4. Koska kasvien tarpeet ovat etusijalla, kasvihuone on p\u00e4\u00e4llystetty 8 mm:n paksuisella umpinaisella polykarbonaatilla, joka on s\u00e4rkym\u00e4t\u00f6nt\u00e4 ja pit\u00e4\u00e4 hyvin l\u00e4mp\u00f6\u00e4.     <\/p>\n<figure id=\"attachment_2684\" aria-describedby=\"caption-attachment-2684\" style=\"width: 300px\" class=\"wp-caption alignleft\"><img loading=\"lazy\" decoding=\"async\" class=\"size-medium wp-image-2684\" title=\"Miekka Kasvihuone Plus_4\" src=\"https:\/\/www.rodoaed.ee\/wp-content\/uploads\/2012\/09\/M%C3%B5driku-kasvuhoone-Plus_4-300x200.jpg\" alt=\"\" width=\"300\" height=\"200\"><figcaption id=\"caption-attachment-2684\" class=\"wp-caption-text\">100 neli\u00f6metrin kasvihuoneiden asentaminen on melko suuri ty\u00f6. Pitk\u00e4 kokemus auttaa.<\/figcaption><\/figure>\n<p>Tilavuuden lis\u00e4ksi t\u00e4rkein\u00e4 kriteerein\u00e4 pidettiin kovien tuulten ja lumen kest\u00e4vyytt\u00e4 sek\u00e4 helppohoitoisuutta. Koska kasvihuoneet sijaitsevat tilan sivussa pellon reunalla, tuuli on melko t\u00e4rke\u00e4 tekij\u00e4. Kokoonpanijat kokivat my\u00f6s kovia tuulia kokoonpanoprosessin aikana, kun ajoittaiset tuulenpuuskat pyrkiv\u00e4t puhaltamaan kattopellit pois paikoiltaan.  <\/p>\n<figure id=\"attachment_2688\" aria-describedby=\"caption-attachment-2688\" style=\"width: 300px\" class=\"wp-caption alignright\"><img loading=\"lazy\" decoding=\"async\" class=\"size-medium wp-image-2688\" title=\"Miekka Kasvihuone Plus_2\" src=\"https:\/\/www.rodoaed.ee\/wp-content\/uploads\/2012\/09\/M%C3%B5driku-kasvuhoone-Plus_2-300x200.jpg\" alt=\"\" width=\"300\" height=\"200\"><figcaption id=\"caption-attachment-2688\" class=\"wp-caption-text\">Ty\u00f6skentely aamuvarhaisesta my\u00f6h\u00e4\u00e4n iltaan<\/figcaption><\/figure>\n<p>Omistaja rakensi kasvihuoneen perustaksi omilla koneillaan kivialustan, joka on reilusti leve\u00e4mpi kuin itse kasvihuoneet ja j\u00e4tt\u00e4\u00e4 kahden kasvihuoneen v\u00e4liin mukavan sis\u00e4pihan kaltaisen alueen. Kahden isomman kasvihuoneen v\u00e4liin j\u00e4\u00e4v\u00e4 rako on j\u00e4rkev\u00e4 ratkaisu, kun ne sijoitetaan vierekk\u00e4in, sill\u00e4 lumisena talvena katoilta tippuva lumi voi muodostaa melko korkean kasan. Lumen on liukastuttava jonnekin ja oltava k\u00e4tev\u00e4sti poistettavissa.  <\/p>\n<p>Kasvihuoneiden v\u00e4linen suojaisa alue on kuitenkin my\u00f6s eritt\u00e4in hyv\u00e4 kasvien kasvatusalue. Kaikkien kasvien ei tarvitse olla kes\u00e4ll\u00e4 kasvihuoneessa, mutta monet taimet viihtyv\u00e4t paremmin tuulensuojassa. Tai kontissa kasvatettavat eksoottiset hedelm\u00e4puut, kuten aprikoosit ja persikkapuut.  <\/p>\n<p>Ennen kuin kiviparkettialusta rakennettiin, maanviljelij\u00e4 Peter asensi vesijohdot ja s\u00e4hk\u00f6kaapelin molempiin kasvihuoneisiin. Kasvihuoneen sis\u00e4ll\u00e4 oleva vesijohto tekee automaattisen kastelun k\u00e4yt\u00f6st\u00e4 eritt\u00e4in k\u00e4tev\u00e4\u00e4. S\u00e4hk\u00f6\u00e4 k\u00e4ytet\u00e4\u00e4n tietenkin kasvien lis\u00e4valaistukseen Hellight-ammattilaisvalaisimilla ja l\u00e4mmitykseen esikasvatuskaudella. L\u00e4mmitysratkaisuksi valittiin ilmal\u00e4mp\u00f6pumput, jotka ovat kev\u00e4\u00e4ll\u00e4 taloudellisempia kuin perinteinen s\u00e4hk\u00f6l\u00e4mmitys.   <\/p>\n<figure id=\"attachment_2690\" aria-describedby=\"caption-attachment-2690\" style=\"width: 300px\" class=\"wp-caption alignleft\"><img loading=\"lazy\" decoding=\"async\" class=\"size-medium wp-image-2690\" title=\"Miekka Kasvihuone Plus_5\" src=\"https:\/\/www.rodoaed.ee\/wp-content\/uploads\/2012\/09\/M%C3%B5driku-kasvuhoone-Plus_5-300x200.jpg\" alt=\"\" width=\"300\" height=\"200\"><figcaption id=\"caption-attachment-2690\" class=\"wp-caption-text\">Valmiina!<\/figcaption><\/figure>\n<p>On ilo ty\u00f6skennell\u00e4 kauniissa paikassa, ja niinp\u00e4 montaasiryhm\u00e4mme j\u00e4senet tekiv\u00e4t ty\u00f6ns\u00e4 suurella ilolla. Kaksi todella pitk\u00e4\u00e4 p\u00e4iv\u00e4\u00e4 ja kokenut nelihenkinen tiimi onnistui kokoamaan 100m\u00b2 kasvihuoneita. Voit tehd\u00e4 sen itse kotona, mutta se vie hieman enemm\u00e4n aikaa kuin ensimm\u00e4inen kerta.  <\/p>\n<figure id=\"attachment_2692\" aria-describedby=\"caption-attachment-2692\" style=\"width: 300px\" class=\"wp-caption alignright\"><img loading=\"lazy\" decoding=\"async\" class=\"size-medium wp-image-2692\" title=\"Miekka Kasvihuone Plus_8\" src=\"https:\/\/www.rodoaed.ee\/wp-content\/uploads\/2012\/09\/M%C3%B5driku-kasvuhoone-Plus_8-300x200.jpg\" alt=\"\" width=\"300\" height=\"200\"><figcaption id=\"caption-attachment-2692\" class=\"wp-caption-text\">Anita ja Peeter Keivabu<\/figcaption><\/figure>\n<p>Asennusryhm\u00e4mme on ty\u00f6skennellyt t\u00e4ll\u00e4 tavoin jo monta vuotta ja asentanut l\u00e4hes sata erilaista kasvihuonetta. Yhdess\u00e4 ty\u00f6skennelless\u00e4 kaikki tiet\u00e4v\u00e4t tarkalleen, mit\u00e4 on teht\u00e4v\u00e4 ja miss\u00e4 j\u00e4rjestyksess\u00e4. Se tehd\u00e4\u00e4n yksinkertaisesti, mutta nopeasti ja tehokkaasti. K\u00e4yt\u00f6ss\u00e4 on useita ty\u00f6n aikana keksittyj\u00e4 apuv\u00e4lineit\u00e4 ja ty\u00f6kaluja. Ty\u00f6t\u00e4 tehd\u00e4\u00e4n ilolla ja siihen liittyv\u00e4ll\u00e4 rentoudella. Rutiineja ei ole, sill\u00e4 jokainen ty\u00f6maa on erilainen ja omassa paikassaan Virossa.     <\/p>\n<p>Toivotamme M\u00f5driku Iluaed O\u00dc:lle ja Keivabun perheelle menestyst\u00e4 heid\u00e4n pyrkimyksiss\u00e4\u00e4n.<\/p>\n\n<p><strong>Koko kasvihuonevalikoima verkkokaupassamme: <a href=\"https:\/\/rodoaed.ee\/tootekategooria\/kasvuhooned-ja-talveaiad\/euro-serre-kasvuhooned\/\">Euro-Serre<\/a> <a href=\"https:\/\/rodoaed.ee\/tootekategooria\/kasvuhooned-ja-talveaiad\/hobby-kasvuhooned\/\">Hobby<\/a> <a href=\"https:\/\/rodoaed.ee\/tootekategooria\/kasvuhooned-ja-talveaiad\/acd-kasvuhooned\/\">ACD<\/a> <a href=\"https:\/\/rodoaed.ee\/tootekategooria\/kasvuhooned-ja-talveaiad\/floria-kasvuhooned\/\">Floria<\/a><\/strong><\/p>\n\n<p><a href=\"https:\/\/rodoaed.ee\/info\/kasvuhooned-p\/kasvuhooned-noudlikule-harrastajale\/\">Kasvihuoneet vaativalle k\u00e4ytt\u00e4j\u00e4lle<\/a>   <a href=\"https:\/\/rodoaed.ee\/info\/kasvuhooned-p\/kasvuhoone-valimine\/\">Kasvihuoneen valinta<\/a>   <a href=\"https:\/\/rodoaed.ee\/info\/kasvuhooned-p\/kasvuhoone-vundamendi-ehitamine\/\">Kasvihuoneen perustukset<\/a>   <a href=\"https:\/\/www.rodoaed.ee\/kasvuhoone-kokkupanemine-montaaz\/\">Kasvihuoneen kokoaminen<\/a><\/p>\n","protected":false},"excerpt":{"rendered":"<p>M\u00f5driku Iluaed O\u00dc hankki hiljattain Rodoaed.ee:lt\u00e4 kaksi 50m\u00b2 Plus-mallia. Asennusryhm\u00e4mme k\u00e4vi juuri asentamassa ne ja ottamassa ne k\u00e4ytt\u00f6\u00f6n. Otamme selv\u00e4\u00e4, miten he onnistuivat ja mihin he aikovat k\u00e4ytt\u00e4\u00e4 kasvihuoneita. M\u00f5driku Iluaed O\u00dc on tunnettu puutarha-alan yritys L\u00e4nsi-Viron maakunnassa. Heid\u00e4n p\u00e4\u00e4toimialansa on kasvien ja taimien myynti sek\u00e4 puutarhasuunnittelu ja maisemointi. Uusi teknologia on Scandicurb-menetelm\u00e4 betonisten pihakivien valmistuksessa. Betonista voidaan tehd\u00e4 paikan p\u00e4\u00e4ll\u00e4 reunuksia, puutarhapolkuja ja jalkak\u00e4yt\u00e4vien&#8230;<\/p>\n","protected":false},"author":1,"featured_media":0,"parent":52230,"menu_order":30,"comment_status":"closed","ping_status":"closed","template":"","meta":{"_acf_changed":false,"footnotes":""},"class_list":["post-52229","page","type-page","status-publish","hentry"],"acf":[],"yoast_head":"<!-- This site is optimized with the Yoast SEO Premium plugin v27.5 (Yoast SEO v27.5) - https:\/\/yoast.com\/product\/yoast-seo-premium-wordpress\/ -->\n<title>M\u00f5driku Iluaed O\u00dc Kasvihuoneet Plus 6,04x8,30m - Rodoaed<\/title>\n<meta name=\"robots\" content=\"index, follow, max-snippet:-1, max-image-preview:large, max-video-preview:-1\" \/>\n<link rel=\"canonical\" href=\"https:\/\/rodoaed.ee\/fi\/info-2\/kasvihuoneen-kayttajat\/modriku-iluaed-ou-kasvihuoneet-plus-604x830m\/\" \/>\n<meta property=\"og:locale\" content=\"fi_FI\" \/>\n<meta property=\"og:type\" content=\"article\" \/>\n<meta property=\"og:title\" content=\"M\u00f5driku Iluaed O\u00dc Kasvihuoneet Plus 6,04x8,30m\" \/>\n<meta property=\"og:description\" content=\"M\u00f5driku Iluaed O\u00dc hankki hiljattain Rodoaed.ee:lt\u00e4 kaksi 50m\u00b2 Plus-mallia. Asennusryhm\u00e4mme k\u00e4vi juuri asentamassa ne ja ottamassa ne k\u00e4ytt\u00f6\u00f6n. Otamme\" \/>\n<meta property=\"og:url\" content=\"https:\/\/rodoaed.ee\/fi\/info-2\/kasvihuoneen-kayttajat\/modriku-iluaed-ou-kasvihuoneet-plus-604x830m\/\" \/>\n<meta property=\"og:site_name\" content=\"Rodoaed\" \/>\n<meta property=\"article:publisher\" content=\"https:\/\/www.facebook.com\/kasvuhooned\/\" \/>\n<meta property=\"article:modified_time\" content=\"2026-04-01T09:02:14+00:00\" \/>\n<meta name=\"twitter:card\" content=\"summary_large_image\" \/>\n<meta name=\"twitter:label1\" content=\"Arvioitu lukuaika\" \/>\n\t<meta name=\"twitter:data1\" content=\"4 minuuttia\" \/>\n<script type=\"application\/ld+json\" class=\"yoast-schema-graph\">{\"@context\":\"https:\\\/\\\/schema.org\",\"@graph\":[{\"@type\":\"WebPage\",\"@id\":\"https:\\\/\\\/rodoaed.ee\\\/fi\\\/info-2\\\/kasvihuoneen-kayttajat\\\/modriku-iluaed-ou-kasvihuoneet-plus-604x830m\\\/\",\"url\":\"https:\\\/\\\/rodoaed.ee\\\/fi\\\/info-2\\\/kasvihuoneen-kayttajat\\\/modriku-iluaed-ou-kasvihuoneet-plus-604x830m\\\/\",\"name\":\"M\u00f5driku Iluaed O\u00dc Kasvihuoneet Plus 6,04x8,30m - Rodoaed\",\"isPartOf\":{\"@id\":\"https:\\\/\\\/rodoaed.ee\\\/#website\"},\"primaryImageOfPage\":{\"@id\":\"https:\\\/\\\/rodoaed.ee\\\/fi\\\/info-2\\\/kasvihuoneen-kayttajat\\\/modriku-iluaed-ou-kasvihuoneet-plus-604x830m\\\/#primaryimage\"},\"image\":{\"@id\":\"https:\\\/\\\/rodoaed.ee\\\/fi\\\/info-2\\\/kasvihuoneen-kayttajat\\\/modriku-iluaed-ou-kasvihuoneet-plus-604x830m\\\/#primaryimage\"},\"thumbnailUrl\":\"https:\\\/\\\/www.rodoaed.ee\\\/wp-content\\\/uploads\\\/2012\\\/09\\\/M%C3%B5driku-kasvuhoone-Plus_1-1024x682.jpg\",\"datePublished\":\"2026-04-01T09:02:11+00:00\",\"dateModified\":\"2026-04-01T09:02:14+00:00\",\"breadcrumb\":{\"@id\":\"https:\\\/\\\/rodoaed.ee\\\/fi\\\/info-2\\\/kasvihuoneen-kayttajat\\\/modriku-iluaed-ou-kasvihuoneet-plus-604x830m\\\/#breadcrumb\"},\"inLanguage\":\"fi\",\"potentialAction\":[{\"@type\":\"ReadAction\",\"target\":[\"https:\\\/\\\/rodoaed.ee\\\/fi\\\/info-2\\\/kasvihuoneen-kayttajat\\\/modriku-iluaed-ou-kasvihuoneet-plus-604x830m\\\/\"]}]},{\"@type\":\"ImageObject\",\"inLanguage\":\"fi\",\"@id\":\"https:\\\/\\\/rodoaed.ee\\\/fi\\\/info-2\\\/kasvihuoneen-kayttajat\\\/modriku-iluaed-ou-kasvihuoneet-plus-604x830m\\\/#primaryimage\",\"url\":\"https:\\\/\\\/www.rodoaed.ee\\\/wp-content\\\/uploads\\\/2012\\\/09\\\/M%C3%B5driku-kasvuhoone-Plus_1-1024x682.jpg\",\"contentUrl\":\"https:\\\/\\\/www.rodoaed.ee\\\/wp-content\\\/uploads\\\/2012\\\/09\\\/M%C3%B5driku-kasvuhoone-Plus_1-1024x682.jpg\"},{\"@type\":\"BreadcrumbList\",\"@id\":\"https:\\\/\\\/rodoaed.ee\\\/fi\\\/info-2\\\/kasvihuoneen-kayttajat\\\/modriku-iluaed-ou-kasvihuoneet-plus-604x830m\\\/#breadcrumb\",\"itemListElement\":[{\"@type\":\"ListItem\",\"position\":1,\"name\":\"Home\",\"item\":\"https:\\\/\\\/rodoaed.ee\\\/fi\\\/\"},{\"@type\":\"ListItem\",\"position\":2,\"name\":\"Info\",\"item\":\"https:\\\/\\\/rodoaed.ee\\\/info-2\\\/\"},{\"@type\":\"ListItem\",\"position\":3,\"name\":\"Kasvihuoneen k\u00e4ytt\u00e4j\u00e4t\",\"item\":\"https:\\\/\\\/rodoaed.ee\\\/fi\\\/info-2\\\/kasvihuoneen-kayttajat\\\/\"},{\"@type\":\"ListItem\",\"position\":4,\"name\":\"M\u00f5driku Iluaed O\u00dc Kasvihuoneet Plus 6,04&#215;8,30m\"}]},{\"@type\":\"WebSite\",\"@id\":\"https:\\\/\\\/rodoaed.ee\\\/#website\",\"url\":\"https:\\\/\\\/rodoaed.ee\\\/\",\"name\":\"Rodoaed\",\"description\":\"\",\"publisher\":{\"@id\":\"https:\\\/\\\/rodoaed.ee\\\/#organization\"},\"potentialAction\":[{\"@type\":\"SearchAction\",\"target\":{\"@type\":\"EntryPoint\",\"urlTemplate\":\"https:\\\/\\\/rodoaed.ee\\\/?s={search_term_string}\"},\"query-input\":{\"@type\":\"PropertyValueSpecification\",\"valueRequired\":true,\"valueName\":\"search_term_string\"}}],\"inLanguage\":\"fi\"},{\"@type\":\"Organization\",\"@id\":\"https:\\\/\\\/rodoaed.ee\\\/#organization\",\"name\":\"Rodoaed\",\"url\":\"https:\\\/\\\/rodoaed.ee\\\/\",\"logo\":{\"@type\":\"ImageObject\",\"inLanguage\":\"fi\",\"@id\":\"https:\\\/\\\/rodoaed.ee\\\/#\\\/schema\\\/logo\\\/image\\\/\",\"url\":\"https:\\\/\\\/rodoaed.ee\\\/wp-content\\\/uploads\\\/2019\\\/11\\\/rodoaed-logo-ilma-taustata.jpg\",\"contentUrl\":\"https:\\\/\\\/rodoaed.ee\\\/wp-content\\\/uploads\\\/2019\\\/11\\\/rodoaed-logo-ilma-taustata.jpg\",\"width\":769,\"height\":268,\"caption\":\"Rodoaed\"},\"image\":{\"@id\":\"https:\\\/\\\/rodoaed.ee\\\/#\\\/schema\\\/logo\\\/image\\\/\"},\"sameAs\":[\"https:\\\/\\\/www.facebook.com\\\/kasvuhooned\\\/\",\"https:\\\/\\\/rodoaed.ee\"]}]}<\/script>\n<!-- \/ Yoast SEO Premium plugin. -->","yoast_head_json":{"title":"M\u00f5driku Iluaed O\u00dc Kasvihuoneet Plus 6,04x8,30m - Rodoaed","robots":{"index":"index","follow":"follow","max-snippet":"max-snippet:-1","max-image-preview":"max-image-preview:large","max-video-preview":"max-video-preview:-1"},"canonical":"https:\/\/rodoaed.ee\/fi\/info-2\/kasvihuoneen-kayttajat\/modriku-iluaed-ou-kasvihuoneet-plus-604x830m\/","og_locale":"fi_FI","og_type":"article","og_title":"M\u00f5driku Iluaed O\u00dc Kasvihuoneet Plus 6,04x8,30m","og_description":"M\u00f5driku Iluaed O\u00dc hankki hiljattain Rodoaed.ee:lt\u00e4 kaksi 50m\u00b2 Plus-mallia. Asennusryhm\u00e4mme k\u00e4vi juuri asentamassa ne ja ottamassa ne k\u00e4ytt\u00f6\u00f6n. Otamme","og_url":"https:\/\/rodoaed.ee\/fi\/info-2\/kasvihuoneen-kayttajat\/modriku-iluaed-ou-kasvihuoneet-plus-604x830m\/","og_site_name":"Rodoaed","article_publisher":"https:\/\/www.facebook.com\/kasvuhooned\/","article_modified_time":"2026-04-01T09:02:14+00:00","twitter_card":"summary_large_image","twitter_misc":{"Arvioitu lukuaika":"4 minuuttia"},"schema":{"@context":"https:\/\/schema.org","@graph":[{"@type":"WebPage","@id":"https:\/\/rodoaed.ee\/fi\/info-2\/kasvihuoneen-kayttajat\/modriku-iluaed-ou-kasvihuoneet-plus-604x830m\/","url":"https:\/\/rodoaed.ee\/fi\/info-2\/kasvihuoneen-kayttajat\/modriku-iluaed-ou-kasvihuoneet-plus-604x830m\/","name":"M\u00f5driku Iluaed O\u00dc Kasvihuoneet Plus 6,04x8,30m - Rodoaed","isPartOf":{"@id":"https:\/\/rodoaed.ee\/#website"},"primaryImageOfPage":{"@id":"https:\/\/rodoaed.ee\/fi\/info-2\/kasvihuoneen-kayttajat\/modriku-iluaed-ou-kasvihuoneet-plus-604x830m\/#primaryimage"},"image":{"@id":"https:\/\/rodoaed.ee\/fi\/info-2\/kasvihuoneen-kayttajat\/modriku-iluaed-ou-kasvihuoneet-plus-604x830m\/#primaryimage"},"thumbnailUrl":"https:\/\/www.rodoaed.ee\/wp-content\/uploads\/2012\/09\/M%C3%B5driku-kasvuhoone-Plus_1-1024x682.jpg","datePublished":"2026-04-01T09:02:11+00:00","dateModified":"2026-04-01T09:02:14+00:00","breadcrumb":{"@id":"https:\/\/rodoaed.ee\/fi\/info-2\/kasvihuoneen-kayttajat\/modriku-iluaed-ou-kasvihuoneet-plus-604x830m\/#breadcrumb"},"inLanguage":"fi","potentialAction":[{"@type":"ReadAction","target":["https:\/\/rodoaed.ee\/fi\/info-2\/kasvihuoneen-kayttajat\/modriku-iluaed-ou-kasvihuoneet-plus-604x830m\/"]}]},{"@type":"ImageObject","inLanguage":"fi","@id":"https:\/\/rodoaed.ee\/fi\/info-2\/kasvihuoneen-kayttajat\/modriku-iluaed-ou-kasvihuoneet-plus-604x830m\/#primaryimage","url":"https:\/\/www.rodoaed.ee\/wp-content\/uploads\/2012\/09\/M%C3%B5driku-kasvuhoone-Plus_1-1024x682.jpg","contentUrl":"https:\/\/www.rodoaed.ee\/wp-content\/uploads\/2012\/09\/M%C3%B5driku-kasvuhoone-Plus_1-1024x682.jpg"},{"@type":"BreadcrumbList","@id":"https:\/\/rodoaed.ee\/fi\/info-2\/kasvihuoneen-kayttajat\/modriku-iluaed-ou-kasvihuoneet-plus-604x830m\/#breadcrumb","itemListElement":[{"@type":"ListItem","position":1,"name":"Home","item":"https:\/\/rodoaed.ee\/fi\/"},{"@type":"ListItem","position":2,"name":"Info","item":"https:\/\/rodoaed.ee\/info-2\/"},{"@type":"ListItem","position":3,"name":"Kasvihuoneen k\u00e4ytt\u00e4j\u00e4t","item":"https:\/\/rodoaed.ee\/fi\/info-2\/kasvihuoneen-kayttajat\/"},{"@type":"ListItem","position":4,"name":"M\u00f5driku Iluaed O\u00dc Kasvihuoneet Plus 6,04&#215;8,30m"}]},{"@type":"WebSite","@id":"https:\/\/rodoaed.ee\/#website","url":"https:\/\/rodoaed.ee\/","name":"Rodoaed","description":"","publisher":{"@id":"https:\/\/rodoaed.ee\/#organization"},"potentialAction":[{"@type":"SearchAction","target":{"@type":"EntryPoint","urlTemplate":"https:\/\/rodoaed.ee\/?s={search_term_string}"},"query-input":{"@type":"PropertyValueSpecification","valueRequired":true,"valueName":"search_term_string"}}],"inLanguage":"fi"},{"@type":"Organization","@id":"https:\/\/rodoaed.ee\/#organization","name":"Rodoaed","url":"https:\/\/rodoaed.ee\/","logo":{"@type":"ImageObject","inLanguage":"fi","@id":"https:\/\/rodoaed.ee\/#\/schema\/logo\/image\/","url":"https:\/\/rodoaed.ee\/wp-content\/uploads\/2019\/11\/rodoaed-logo-ilma-taustata.jpg","contentUrl":"https:\/\/rodoaed.ee\/wp-content\/uploads\/2019\/11\/rodoaed-logo-ilma-taustata.jpg","width":769,"height":268,"caption":"Rodoaed"},"image":{"@id":"https:\/\/rodoaed.ee\/#\/schema\/logo\/image\/"},"sameAs":["https:\/\/www.facebook.com\/kasvuhooned\/","https:\/\/rodoaed.ee"]}]}},"_links":{"self":[{"href":"https:\/\/rodoaed.ee\/fi\/wp-json\/wp\/v2\/pages\/52229","targetHints":{"allow":["GET"]}}],"collection":[{"href":"https:\/\/rodoaed.ee\/fi\/wp-json\/wp\/v2\/pages"}],"about":[{"href":"https:\/\/rodoaed.ee\/fi\/wp-json\/wp\/v2\/types\/page"}],"author":[{"embeddable":true,"href":"https:\/\/rodoaed.ee\/fi\/wp-json\/wp\/v2\/users\/1"}],"replies":[{"embeddable":true,"href":"https:\/\/rodoaed.ee\/fi\/wp-json\/wp\/v2\/comments?post=52229"}],"version-history":[{"count":0,"href":"https:\/\/rodoaed.ee\/fi\/wp-json\/wp\/v2\/pages\/52229\/revisions"}],"up":[{"embeddable":true,"href":"https:\/\/rodoaed.ee\/fi\/wp-json\/wp\/v2\/pages\/52230"}],"wp:attachment":[{"href":"https:\/\/rodoaed.ee\/fi\/wp-json\/wp\/v2\/media?parent=52229"}],"curies":[{"name":"wp","href":"https:\/\/api.w.org\/{rel}","templated":true}]}}