{"id":52230,"date":"2026-04-01T12:02:14","date_gmt":"2026-04-01T09:02:14","guid":{"rendered":"https:\/\/rodoaed.ee\/info-2\/kasvihuoneen-kayttajat\/"},"modified":"2026-04-01T12:02:14","modified_gmt":"2026-04-01T09:02:14","slug":"kasvihuoneen-kayttajat","status":"publish","type":"page","link":"https:\/\/rodoaed.ee\/fi\/info-2\/kasvihuoneen-kayttajat\/","title":{"rendered":"Kasvihuoneen k\u00e4ytt\u00e4j\u00e4t"},"content":{"rendered":"<h4>Kasvihuoneiden k\u00e4ytt\u00e4j\u00e4t -valikon alle lis\u00e4t\u00e4\u00e4n tarinoita erilaisista kasvihuoneista, talvihuoneista ja kuistimalleista sek\u00e4 niiden k\u00e4ytt\u00e4jist\u00e4. Kasvihuoneet eiv\u00e4t ole vain tomaatteja varten ja talvihuoneet eiv\u00e4t ole vain kaunis ja tilava tila palmujen kasvattamiseen. <\/h4>\n<p>Toivomme, ett\u00e4 n\u00e4m\u00e4 tarinat auttavat sinua l\u00f6yt\u00e4m\u00e4\u00e4n inspiraatiota, antavat uusia ideoita ja auttavat sinua l\u00f6yt\u00e4m\u00e4\u00e4n visiosi selke\u00e4mmin. Olemme saaneet aikanaan inspiraatiota monilta tekij\u00f6ilt\u00e4, ja haluamme jakaa innostuksemme kanssasi. <\/p>\n<p>Yksinkertaistakin kasvihuonetta voidaan k\u00e4ytt\u00e4\u00e4 monin eri tavoin, kuten taimitarhana, oleskelutilana, kahvittelutilana tai jopa valoisana ty\u00f6tilana.<\/p>\n<p>Meill\u00e4 on k\u00e4ytt\u00e4ji\u00e4, jotka ovat ottaneet talvihuoneen tai suuren kasvihuoneen mallin k\u00e4ytt\u00f6\u00f6n esimerkiksi taideateljeeksi, koska se on tilava ja valoa saa joka s\u00e4\u00e4ll\u00e4. Toisissa tapauksissa ammattivalokuvaajat ovat k\u00e4ytt\u00e4neet talvihuonetta valokuvausstudiona. J\u00e4lleen kerran luonnollisen valon vuoksi, joka olisi pit\u00e4nyt luoda keinotekoisesti sis\u00e4tiloissa. Suuria Euro-Serre-malleja on k\u00e4ytetty lukemattomia kertoja perheiden oleskelupaikkana, lasten leikkipaikkana ja viihtyis\u00e4n\u00e4 liiketapaamispaikkana. Vain mielikuvituksesi rajoittaa k\u00e4ytt\u00f6\u00e4.    <\/p>\n<p>Mutta jos olet todellinen kasviharrastaja ja haluat kokeilla jotain j\u00e4nnitt\u00e4v\u00e4mp\u00e4\u00e4 kuin tomaatteja, paprikoita ja viiniryp\u00e4leit\u00e4, Tropicin eristetyt kasvihuonemallit ovat sinua varten. Tropic-mallien avulla voit kasvattaa eksoottisia kasveja ymp\u00e4ri vuoden tai yksinkertaisesti siirt\u00e4\u00e4 arat kasvit hieman l\u00e4mpim\u00e4mp\u00e4\u00e4n paikkaan talveksi. Se riippuu kiinnostuksestasi. Meill\u00e4 on k\u00e4ytt\u00e4ji\u00e4 fanaattisista kaktuskasvattajista intohimoisiin orkideafaneihin ja parantumattomiin trooppisten hedelm\u00e4puiden ja palmujen kokeilijoihin.   <\/p>\n<p>Mik\u00e4 on todellinen intohimosi? \u00c4lk\u00e4\u00e4 pid\u00e4ttelk\u00f6. <\/p>\n","protected":false},"excerpt":{"rendered":"<p>Kasvihuoneiden k\u00e4ytt\u00e4j\u00e4t -valikon alle lis\u00e4t\u00e4\u00e4n tarinoita erilaisista kasvihuoneista, talvihuoneista ja kuistimalleista sek\u00e4 niiden k\u00e4ytt\u00e4jist\u00e4. Kasvihuoneet eiv\u00e4t ole vain tomaatteja varten ja talvihuoneet eiv\u00e4t ole vain kaunis ja tilava tila palmujen kasvattamiseen. Toivomme, ett\u00e4 n\u00e4m\u00e4 tarinat auttavat sinua l\u00f6yt\u00e4m\u00e4\u00e4n inspiraatiota, antavat uusia ideoita ja auttavat sinua l\u00f6yt\u00e4m\u00e4\u00e4n visiosi selke\u00e4mmin. Olemme saaneet aikanaan inspiraatiota monilta tekij\u00f6ilt\u00e4, ja haluamme jakaa innostuksemme kanssasi. Yksinkertaistakin kasvihuonetta voidaan k\u00e4ytt\u00e4\u00e4 monin eri&#8230;<\/p>\n","protected":false},"author":1,"featured_media":0,"parent":52216,"menu_order":30,"comment_status":"closed","ping_status":"closed","template":"","meta":{"_acf_changed":false,"footnotes":""},"class_list":["post-52230","page","type-page","status-publish","hentry"],"acf":[],"yoast_head":"<!-- This site is optimized with the Yoast SEO Premium plugin v27.3 (Yoast SEO v27.3) - https:\/\/yoast.com\/product\/yoast-seo-premium-wordpress\/ -->\n<title>Kasvihuoneen k\u00e4ytt\u00e4j\u00e4t% % -% Rodoaedin kasvihuoneet<\/title>\n<meta name=\"description\" content=\"Kasvihuoneiden k\u00e4ytt\u00e4j\u00e4t ja heid\u00e4n tarinansa. Kuka ja miten he saivat ostettua oman kasvihuoneen. Mink\u00e4 kasvihuoneen he ovat valinneet ja miksi.\" \/>\n<meta name=\"robots\" content=\"index, follow, max-snippet:-1, max-image-preview:large, max-video-preview:-1\" \/>\n<link rel=\"canonical\" href=\"https:\/\/rodoaed.ee\/fi\/info-2\/kasvihuoneen-kayttajat\/\" \/>\n<meta property=\"og:locale\" content=\"fi_FI\" \/>\n<meta property=\"og:type\" content=\"article\" \/>\n<meta property=\"og:title\" content=\"Kasvihuoneen k\u00e4ytt\u00e4j\u00e4t\" \/>\n<meta property=\"og:description\" content=\"Kasvihuoneiden k\u00e4ytt\u00e4j\u00e4t -valikon alle lis\u00e4t\u00e4\u00e4n tarinoita erilaisista kasvihuoneista, talvihuoneista ja kuistimalleista sek\u00e4 niiden k\u00e4ytt\u00e4jist\u00e4.\" \/>\n<meta property=\"og:url\" content=\"https:\/\/rodoaed.ee\/fi\/info-2\/kasvihuoneen-kayttajat\/\" \/>\n<meta property=\"og:site_name\" content=\"Rodoaed\" \/>\n<meta property=\"article:publisher\" content=\"https:\/\/www.facebook.com\/kasvuhooned\/\" \/>\n<meta name=\"twitter:card\" content=\"summary_large_image\" \/>\n<meta name=\"twitter:label1\" content=\"Arvioitu lukuaika\" \/>\n\t<meta name=\"twitter:data1\" content=\"1 minuutti\" \/>\n<script type=\"application\/ld+json\" class=\"yoast-schema-graph\">{\"@context\":\"https:\\\/\\\/schema.org\",\"@graph\":[{\"@type\":\"WebPage\",\"@id\":\"https:\\\/\\\/rodoaed.ee\\\/fi\\\/info-2\\\/kasvihuoneen-kayttajat\\\/\",\"url\":\"https:\\\/\\\/rodoaed.ee\\\/fi\\\/info-2\\\/kasvihuoneen-kayttajat\\\/\",\"name\":\"Kasvihuoneen k\u00e4ytt\u00e4j\u00e4t% % -% Rodoaedin kasvihuoneet\",\"isPartOf\":{\"@id\":\"https:\\\/\\\/rodoaed.ee\\\/#website\"},\"datePublished\":\"2026-04-01T09:02:14+00:00\",\"description\":\"Kasvihuoneiden k\u00e4ytt\u00e4j\u00e4t ja heid\u00e4n tarinansa. Kuka ja miten he saivat ostettua oman kasvihuoneen. Mink\u00e4 kasvihuoneen he ovat valinneet ja miksi.\",\"breadcrumb\":{\"@id\":\"https:\\\/\\\/rodoaed.ee\\\/fi\\\/info-2\\\/kasvihuoneen-kayttajat\\\/#breadcrumb\"},\"inLanguage\":\"fi\",\"potentialAction\":[{\"@type\":\"ReadAction\",\"target\":[\"https:\\\/\\\/rodoaed.ee\\\/fi\\\/info-2\\\/kasvihuoneen-kayttajat\\\/\"]}]},{\"@type\":\"BreadcrumbList\",\"@id\":\"https:\\\/\\\/rodoaed.ee\\\/fi\\\/info-2\\\/kasvihuoneen-kayttajat\\\/#breadcrumb\",\"itemListElement\":[{\"@type\":\"ListItem\",\"position\":1,\"name\":\"Home\",\"item\":\"https:\\\/\\\/rodoaed.ee\\\/fi\\\/\"},{\"@type\":\"ListItem\",\"position\":2,\"name\":\"Info\",\"item\":\"https:\\\/\\\/rodoaed.ee\\\/info-2\\\/\"},{\"@type\":\"ListItem\",\"position\":3,\"name\":\"Kasvihuoneen k\u00e4ytt\u00e4j\u00e4t\"}]},{\"@type\":\"WebSite\",\"@id\":\"https:\\\/\\\/rodoaed.ee\\\/#website\",\"url\":\"https:\\\/\\\/rodoaed.ee\\\/\",\"name\":\"Rodoaed\",\"description\":\"\",\"publisher\":{\"@id\":\"https:\\\/\\\/rodoaed.ee\\\/#organization\"},\"potentialAction\":[{\"@type\":\"SearchAction\",\"target\":{\"@type\":\"EntryPoint\",\"urlTemplate\":\"https:\\\/\\\/rodoaed.ee\\\/?s={search_term_string}\"},\"query-input\":{\"@type\":\"PropertyValueSpecification\",\"valueRequired\":true,\"valueName\":\"search_term_string\"}}],\"inLanguage\":\"fi\"},{\"@type\":\"Organization\",\"@id\":\"https:\\\/\\\/rodoaed.ee\\\/#organization\",\"name\":\"Rodoaed\",\"url\":\"https:\\\/\\\/rodoaed.ee\\\/\",\"logo\":{\"@type\":\"ImageObject\",\"inLanguage\":\"fi\",\"@id\":\"https:\\\/\\\/rodoaed.ee\\\/#\\\/schema\\\/logo\\\/image\\\/\",\"url\":\"https:\\\/\\\/rodoaed.ee\\\/wp-content\\\/uploads\\\/2019\\\/11\\\/rodoaed-logo-ilma-taustata.jpg\",\"contentUrl\":\"https:\\\/\\\/rodoaed.ee\\\/wp-content\\\/uploads\\\/2019\\\/11\\\/rodoaed-logo-ilma-taustata.jpg\",\"width\":769,\"height\":268,\"caption\":\"Rodoaed\"},\"image\":{\"@id\":\"https:\\\/\\\/rodoaed.ee\\\/#\\\/schema\\\/logo\\\/image\\\/\"},\"sameAs\":[\"https:\\\/\\\/www.facebook.com\\\/kasvuhooned\\\/\",\"https:\\\/\\\/rodoaed.ee\"]}]}<\/script>\n<!-- \/ Yoast SEO Premium plugin. -->","yoast_head_json":{"title":"Kasvihuoneen k\u00e4ytt\u00e4j\u00e4t% % -% Rodoaedin kasvihuoneet","description":"Kasvihuoneiden k\u00e4ytt\u00e4j\u00e4t ja heid\u00e4n tarinansa. Kuka ja miten he saivat ostettua oman kasvihuoneen. Mink\u00e4 kasvihuoneen he ovat valinneet ja miksi.","robots":{"index":"index","follow":"follow","max-snippet":"max-snippet:-1","max-image-preview":"max-image-preview:large","max-video-preview":"max-video-preview:-1"},"canonical":"https:\/\/rodoaed.ee\/fi\/info-2\/kasvihuoneen-kayttajat\/","og_locale":"fi_FI","og_type":"article","og_title":"Kasvihuoneen k\u00e4ytt\u00e4j\u00e4t","og_description":"Kasvihuoneiden k\u00e4ytt\u00e4j\u00e4t -valikon alle lis\u00e4t\u00e4\u00e4n tarinoita erilaisista kasvihuoneista, talvihuoneista ja kuistimalleista sek\u00e4 niiden k\u00e4ytt\u00e4jist\u00e4.","og_url":"https:\/\/rodoaed.ee\/fi\/info-2\/kasvihuoneen-kayttajat\/","og_site_name":"Rodoaed","article_publisher":"https:\/\/www.facebook.com\/kasvuhooned\/","twitter_card":"summary_large_image","twitter_misc":{"Arvioitu lukuaika":"1 minuutti"},"schema":{"@context":"https:\/\/schema.org","@graph":[{"@type":"WebPage","@id":"https:\/\/rodoaed.ee\/fi\/info-2\/kasvihuoneen-kayttajat\/","url":"https:\/\/rodoaed.ee\/fi\/info-2\/kasvihuoneen-kayttajat\/","name":"Kasvihuoneen k\u00e4ytt\u00e4j\u00e4t% % -% Rodoaedin kasvihuoneet","isPartOf":{"@id":"https:\/\/rodoaed.ee\/#website"},"datePublished":"2026-04-01T09:02:14+00:00","description":"Kasvihuoneiden k\u00e4ytt\u00e4j\u00e4t ja heid\u00e4n tarinansa. Kuka ja miten he saivat ostettua oman kasvihuoneen. Mink\u00e4 kasvihuoneen he ovat valinneet ja miksi.","breadcrumb":{"@id":"https:\/\/rodoaed.ee\/fi\/info-2\/kasvihuoneen-kayttajat\/#breadcrumb"},"inLanguage":"fi","potentialAction":[{"@type":"ReadAction","target":["https:\/\/rodoaed.ee\/fi\/info-2\/kasvihuoneen-kayttajat\/"]}]},{"@type":"BreadcrumbList","@id":"https:\/\/rodoaed.ee\/fi\/info-2\/kasvihuoneen-kayttajat\/#breadcrumb","itemListElement":[{"@type":"ListItem","position":1,"name":"Home","item":"https:\/\/rodoaed.ee\/fi\/"},{"@type":"ListItem","position":2,"name":"Info","item":"https:\/\/rodoaed.ee\/info-2\/"},{"@type":"ListItem","position":3,"name":"Kasvihuoneen k\u00e4ytt\u00e4j\u00e4t"}]},{"@type":"WebSite","@id":"https:\/\/rodoaed.ee\/#website","url":"https:\/\/rodoaed.ee\/","name":"Rodoaed","description":"","publisher":{"@id":"https:\/\/rodoaed.ee\/#organization"},"potentialAction":[{"@type":"SearchAction","target":{"@type":"EntryPoint","urlTemplate":"https:\/\/rodoaed.ee\/?s={search_term_string}"},"query-input":{"@type":"PropertyValueSpecification","valueRequired":true,"valueName":"search_term_string"}}],"inLanguage":"fi"},{"@type":"Organization","@id":"https:\/\/rodoaed.ee\/#organization","name":"Rodoaed","url":"https:\/\/rodoaed.ee\/","logo":{"@type":"ImageObject","inLanguage":"fi","@id":"https:\/\/rodoaed.ee\/#\/schema\/logo\/image\/","url":"https:\/\/rodoaed.ee\/wp-content\/uploads\/2019\/11\/rodoaed-logo-ilma-taustata.jpg","contentUrl":"https:\/\/rodoaed.ee\/wp-content\/uploads\/2019\/11\/rodoaed-logo-ilma-taustata.jpg","width":769,"height":268,"caption":"Rodoaed"},"image":{"@id":"https:\/\/rodoaed.ee\/#\/schema\/logo\/image\/"},"sameAs":["https:\/\/www.facebook.com\/kasvuhooned\/","https:\/\/rodoaed.ee"]}]}},"_links":{"self":[{"href":"https:\/\/rodoaed.ee\/fi\/wp-json\/wp\/v2\/pages\/52230","targetHints":{"allow":["GET"]}}],"collection":[{"href":"https:\/\/rodoaed.ee\/fi\/wp-json\/wp\/v2\/pages"}],"about":[{"href":"https:\/\/rodoaed.ee\/fi\/wp-json\/wp\/v2\/types\/page"}],"author":[{"embeddable":true,"href":"https:\/\/rodoaed.ee\/fi\/wp-json\/wp\/v2\/users\/1"}],"replies":[{"embeddable":true,"href":"https:\/\/rodoaed.ee\/fi\/wp-json\/wp\/v2\/comments?post=52230"}],"version-history":[{"count":0,"href":"https:\/\/rodoaed.ee\/fi\/wp-json\/wp\/v2\/pages\/52230\/revisions"}],"up":[{"embeddable":true,"href":"https:\/\/rodoaed.ee\/fi\/wp-json\/wp\/v2\/pages\/52216"}],"wp:attachment":[{"href":"https:\/\/rodoaed.ee\/fi\/wp-json\/wp\/v2\/media?parent=52230"}],"curies":[{"name":"wp","href":"https:\/\/api.w.org\/{rel}","templated":true}]}}