{"id":52231,"date":"2026-04-01T12:02:14","date_gmt":"2026-04-01T09:02:14","guid":{"rendered":"https:\/\/rodoaed.ee\/info-2\/kasvihuoneen-kayttajat\/evelin-kasvihuone-maxi-117m%c2%b2\/"},"modified":"2026-04-01T12:02:15","modified_gmt":"2026-04-01T09:02:15","slug":"evelin-kasvihuone-maxi-117m%c2%b2","status":"publish","type":"page","link":"https:\/\/rodoaed.ee\/fi\/info-2\/kasvihuoneen-kayttajat\/evelin-kasvihuone-maxi-117m%c2%b2\/","title":{"rendered":"Evelin kasvihuone Maxi 11,7m\u00b2"},"content":{"rendered":"<figure id=\"attachment_2658\" aria-describedby=\"caption-attachment-2658\" style=\"width: 597px\" class=\"wp-caption alignright\"><img loading=\"lazy\" decoding=\"async\" class=\" wp-image-2658 \" title=\"Evelinin kasvihuone\" src=\"https:\/\/www.rodoaed.ee\/wp-content\/uploads\/2012\/09\/Evelini-kasvuhoone-1024x682.jpg\" alt=\"\" width=\"597\" height=\"398\"><figcaption id=\"caption-attachment-2658\" class=\"wp-caption-text\">Evelinin perheen kasvihuone on juuri tarpeeksi pieni ja silti niin suuri&#8230; pienimm\u00e4lle<\/figcaption><\/figure>\n<h4>Evelin ja Erik sek\u00e4 heid\u00e4n pieni tytt\u00e4rens\u00e4 Melan ja poikansa Hendrik ovat klassinen virolainen nuori perhe. Perheell\u00e4 on koira ja kissa &#8211; lyhyesti sanottuna kaikki mit\u00e4 he tarvitsevat. He asuvat uudessa, lainalla rakennetussa talossa kauniilla paikalla Harkun kunnassa. Talon ymp\u00e4rill\u00e4 on mukava pieni puutarha ja tietenkin kasvihuone.   <\/h4>\n<figure id=\"attachment_2661\" aria-describedby=\"caption-attachment-2661\" style=\"width: 300px\" class=\"wp-caption alignleft\"><img loading=\"lazy\" decoding=\"async\" class=\"size-medium wp-image-2661\" title=\"Kasvihuone Maxi 11,7m2_s\" src=\"https:\/\/www.rodoaed.ee\/wp-content\/uploads\/2012\/09\/kasvuhoone-Maxi-117m2_s-300x200.jpg\" alt=\"\" width=\"300\" height=\"200\"><figcaption id=\"caption-attachment-2661\" class=\"wp-caption-text\">Evelinin valitsema kasvihuone on Euro-Maxi 3,09&#215;3,80m malli.<\/figcaption><\/figure>\n<p><a title=\"Miten valita kasvihuone\" href=\"https:\/\/www.rodoaed.ee\/kasvuhooned\/kuidas-valida-kasvuhoone\/\">Kasvihuone<\/a> valittiin muun puutarhan koon perusteella &#8211; sen piti olla juuri tarpeeksi suuri, jotta siin\u00e4 pystytt\u00e4isiin kasvattamaan tomaatteja ja yrttej\u00e4 perheelle, mutta ei liian suuri, jotta se hallitsisi puutarhaa.<\/p>\n<p><a title=\"Kasvihuoneen valintaperusteet\" href=\"https:\/\/www.rodoaed.ee\/kasvuhooned\/miks-valida-kvaliteetne-kasvuhoone\/\">Kasvihuoneessa<\/a> oli oltava korkea sein\u00e4, jotta sis\u00e4ll\u00e4 ty\u00f6skennelt\u00e4ess\u00e4 ei tarvinnut kiipeill\u00e4 ja jotta hyllyt olivat miellytt\u00e4v\u00e4ll\u00e4 korkeudella k\u00e4ytt\u00f6\u00e4 varten. Toinen t\u00e4rke\u00e4 kriteeri oli, ett\u00e4 kasvihuoneen oli kestett\u00e4v\u00e4 kovaa tuulta ja lunta ja ett\u00e4 sit\u00e4 oli helppo huoltaa. Koska tontti on hyvin l\u00e4hell\u00e4 merta, voimakkaat tuulet olivat t\u00e4rke\u00e4 seikka mallia valittaessa. Koska perhe ja lapset vaativat paljon huomiota, on my\u00f6s t\u00e4rke\u00e4\u00e4, ett\u00e4 kasvihuoneen yll\u00e4pito ei vie paljon aikaa. Alumiinirunko ja karkaistu lasi ovat molemmat v\u00e4h\u00e4n huoltoa vaativia materiaaleja.    <\/p>\n<p>Evelinin perheelle kasvihuone on paikka, josta saa luonnonmukaisesti kasvatettuja vihanneksia ja tuoreita vitamiineja. Kotona kasvatettu ja hoidettu &#8211; prosessi on yht\u00e4 t\u00e4rke\u00e4 kuin lopputulos. Evelin sanoo, ett\u00e4 kun olet kerran maistanut tuoretta tomaattia suoraan kasvihuoneesta auringon l\u00e4mm\u00f6ss\u00e4, et en\u00e4\u00e4 koskaan palaa kauppaan hakemaan uutta. Hyv\u00e4 makuel\u00e4mys saa sinut nopeasti haluamaan jotain parempaa.   <\/p>\n<p>Evelin on aina ollut tarkka siit\u00e4, mit\u00e4 h\u00e4nen lapsensa sy\u00f6v\u00e4t, ja h\u00e4n on ollut tietoinen riskeist\u00e4, joita erilaiset ei-luonnolliset elintarvikkeet voivat aiheuttaa. Siksi omien kasvien kasvattaminen on vitamiinien ja puhtaan ruokavalion lis\u00e4ksi hyv\u00e4 oppimiskokemus h\u00e4nelle itselleen ja h\u00e4nen lapsilleen. H\u00e4n n\u00e4kee kasvihuoneen t\u00e4rke\u00e4n\u00e4 mahdollisuutena opettaa lapsille alusta alkaen, miten erilaiset kasvit kasvavat ja miten niit\u00e4 voi <\/p>\n<figure id=\"attachment_2662\" aria-describedby=\"caption-attachment-2662\" style=\"width: 300px\" class=\"wp-caption alignleft\"><img loading=\"lazy\" decoding=\"async\" class=\"size-medium wp-image-2662\" title=\"Evelinin kasvihuone_2\" src=\"https:\/\/www.rodoaed.ee\/wp-content\/uploads\/2012\/09\/Evelini-kasvuhoone_2-300x199.jpg\" alt=\"\" width=\"300\" height=\"199\"><figcaption id=\"caption-attachment-2662\" class=\"wp-caption-text\">Melanille kasvihuoneessa on paljon muutakin j\u00e4nnitt\u00e4v\u00e4\u00e4 kuin h\u00e4nen suosikkiporkkanansa. Ainoa porkkanoita j\u00e4nnitt\u00e4v\u00e4mpi asia ovat k\u00e4rp\u00e4sen poikaset.<\/figcaption><\/figure>\n<p>huolehtia kasveista. N\u00e4in lasten on helpompi selviyty\u00e4 my\u00f6hemmin el\u00e4m\u00e4ss\u00e4\u00e4n, jos perusasiat ovat selvill\u00e4 jo pienest\u00e4 pit\u00e4en. <\/p>\n<figure id=\"attachment_2668\" aria-describedby=\"caption-attachment-2668\" style=\"width: 300px\" class=\"wp-caption alignright\"><img loading=\"lazy\" decoding=\"async\" class=\"size-medium wp-image-2668\" title=\"Evelinin kasvihuone\" src=\"https:\/\/www.rodoaed.ee\/wp-content\/uploads\/2012\/09\/Evelini-kasvuhoones-300x199.jpg\" alt=\"\" width=\"300\" height=\"199\"><figcaption id=\"caption-attachment-2668\" class=\"wp-caption-text\">Melanille pienet sammakot ovat kiehtovia hahmoja. Itse asiassa niin kiehtovia, ett\u00e4 voit hetkeksi j\u00e4tt\u00e4\u00e4 pois puutarhasta poimitut tuoreet porkkanat.<\/figcaption><\/figure>\n<p>Evelinin perheen kasvihuoneessa kasvoi t\u00e4n\u00e4 vuonna tomaatteja ja kurkkuja sek\u00e4 yrttej\u00e4, kuten basilikaa ja tilli\u00e4. Takanurkassa pari nuorta viiniryp\u00e4lekasvia on tulossa ensimm\u00e4iseen elinvuoteeseensa. Osa yhteisen puutarhan mansikkakasveista tuotti ensimm\u00e4iset marjansa, kun avomaalla olevat mansikat olivat vasta kukkimassa. Aikaisin kev\u00e4\u00e4ll\u00e4 kylvetyt retiisit ja salaatit saapuivat perheen ruokap\u00f6yt\u00e4\u00e4n toukokuussa.   <\/p>\n<p>Kasvihuoneeseen kylvetyt porkkanat osoittautuivat perheen lasten todelliseksi suosikiksi. Nuoret, makeat porkkanat olivat niin houkuttelevia, ett\u00e4 lapsia oli v\u00e4lill\u00e4 pidett\u00e4v\u00e4 kurissa, kun he liikkuivat kasvihuoneessa omatoimisesti. <\/p>\n<p>Kasvihuoneessa on lis\u00e4ksi erilaisia pieni\u00e4 olentoja, jotka viihdytt\u00e4v\u00e4t lapsia. Kasvihuoneessa asuu nuoria konnia&#8230; <\/p>\n<p>Ne ovat pieni\u00e4 kuin lelut, ja ne kiertelev\u00e4t kypsi\u00e4 tomaatteja eritt\u00e4in t\u00e4rkein\u00e4. Koska kasvihuoneen ovet ovat enimm\u00e4kseen auki, sinne saapuu hy\u00f6nteisi\u00e4 etsim\u00e4\u00e4n monenlaisia lintuja aina uteliaista tiaisista ja punarinnoista lehtokirviksiin ja tuulihaukkoihin. Kiehtova oppimiskokemus perheen pienimmille.  <\/p>\n<figure id=\"attachment_2670\" aria-describedby=\"caption-attachment-2670\" style=\"width: 200px\" class=\"wp-caption alignleft\"><img loading=\"lazy\" decoding=\"async\" class=\"size-medium wp-image-2670\" title=\"Evelinin kasvihuoneet_2\" src=\"https:\/\/www.rodoaed.ee\/wp-content\/uploads\/2012\/09\/Evelini-kasvuhoones_2-200x300.jpg\" alt=\"\" width=\"200\" height=\"300\"><figcaption id=\"caption-attachment-2670\" class=\"wp-caption-text\">Melani porkkanamets\u00e4ss\u00e4. Onhan sammakoiden katselun j\u00e4lkeen sy\u00f6t\u00e4v\u00e4 jotain hyv\u00e4\u00e4.<\/figcaption><\/figure>\n<p>Nyt kes\u00e4n lopussa nuori koti\u00e4iti Evelin ei voi kuvitella, miten koko perhe p\u00e4rj\u00e4si viime vuonna ilman kasvihuonetta. Se tuntuu nyt niin kaukaiselta menneisyydelt\u00e4. <\/p>\n<p>Voit lukea lis\u00e4\u00e4 Evelinin valitsemista Maxi-kasvihuoneista:<a title=\"Maxi kasvihuoneet\" href=\"https:\/\/www.rodoaed.ee\/tooted\/euro-serre-kasvuhooned\/kasvuhoone-maxi\/\">&#8221;Maxi-kasvihuoneet<\/a>&#8221; ja kasvihuoneiden valinnasta yleens\u00e4:<a title=\"Miten valita kasvihuone\" href=\"https:\/\/www.rodoaed.ee\/kasvuhooned\/kuidas-valida-kasvuhoone\/\">&#8221;Kasvihuoneen valintaperusteet<\/a>&#8221;.<\/p>\n\n<p><strong>Koko kasvihuonevalikoima verkkokaupassamme: <a href=\"https:\/\/rodoaed.ee\/tootekategooria\/kasvuhooned-ja-talveaiad\/euro-serre-kasvuhooned\/\">Euro-Serre<\/a> <a href=\"https:\/\/rodoaed.ee\/tootekategooria\/kasvuhooned-ja-talveaiad\/hobby-kasvuhooned\/\">Hobby<\/a> <a href=\"https:\/\/rodoaed.ee\/tootekategooria\/kasvuhooned-ja-talveaiad\/acd-kasvuhooned\/\">ACD<\/a> <a href=\"https:\/\/rodoaed.ee\/tootekategooria\/kasvuhooned-ja-talveaiad\/floria-kasvuhooned\/\">Floria<\/a><\/strong><\/p>\n\n<p><a href=\"https:\/\/rodoaed.ee\/info\/kasvuhooned-p\/kasvuhooned-noudlikule-harrastajale\/\">Kasvihuoneet vaativalle k\u00e4ytt\u00e4j\u00e4lle<\/a>   <a href=\"https:\/\/rodoaed.ee\/info\/kasvuhooned-p\/kasvuhoone-valimine\/\">Kasvihuoneen valinta<\/a>   <a href=\"https:\/\/rodoaed.ee\/info\/kasvuhooned-p\/kasvuhoone-vundamendi-ehitamine\/\">Kasvihuoneen perustukset<\/a>   <a href=\"https:\/\/www.rodoaed.ee\/kasvuhoone-kokkupanemine-montaaz\/\">Kasvihuoneen kokoaminen<\/a><\/p>\n","protected":false},"excerpt":{"rendered":"<p>Evelin ja Erik sek\u00e4 heid\u00e4n pieni tytt\u00e4rens\u00e4 Melan ja poikansa Hendrik ovat klassinen virolainen nuori perhe. Perheell\u00e4 on koira ja kissa &#8211; lyhyesti sanottuna kaikki mit\u00e4 he tarvitsevat. He asuvat uudessa, lainalla rakennetussa talossa kauniilla paikalla Harkun kunnassa. Talon ymp\u00e4rill\u00e4 on mukava pieni puutarha ja tietenkin kasvihuone. Kasvihuone valittiin muun puutarhan koon perusteella &#8211; sen piti olla juuri tarpeeksi suuri, jotta siin\u00e4 pystytt\u00e4isiin kasvattamaan tomaatteja&#8230;<\/p>\n","protected":false},"author":1,"featured_media":0,"parent":52230,"menu_order":20,"comment_status":"closed","ping_status":"closed","template":"","meta":{"_acf_changed":false,"footnotes":""},"class_list":["post-52231","page","type-page","status-publish","hentry"],"acf":[],"yoast_head":"<!-- This site is optimized with the Yoast SEO Premium plugin v27.5 (Yoast SEO v27.5) - https:\/\/yoast.com\/product\/yoast-seo-premium-wordpress\/ -->\n<title>Evelin kasvihuone Maxi 11,7m\u00b2 - Rodoaed<\/title>\n<meta name=\"robots\" content=\"index, follow, max-snippet:-1, max-image-preview:large, max-video-preview:-1\" \/>\n<link rel=\"canonical\" href=\"https:\/\/rodoaed.ee\/fi\/info-2\/kasvihuoneen-kayttajat\/evelin-kasvihuone-maxi-117m\u00b2\/\" \/>\n<meta property=\"og:locale\" content=\"fi_FI\" \/>\n<meta property=\"og:type\" content=\"article\" \/>\n<meta property=\"og:title\" content=\"Evelin kasvihuone Maxi 11,7m\u00b2\" \/>\n<meta property=\"og:description\" content=\"Evelin ja Erik sek\u00e4 heid\u00e4n pieni tytt\u00e4rens\u00e4 Melan ja poikansa Hendrik ovat klassinen virolainen nuori perhe. Perheell\u00e4 on koira ja kissa - lyhyesti\" \/>\n<meta property=\"og:url\" content=\"https:\/\/rodoaed.ee\/fi\/info-2\/kasvihuoneen-kayttajat\/evelin-kasvihuone-maxi-117m\u00b2\/\" \/>\n<meta property=\"og:site_name\" content=\"Rodoaed\" \/>\n<meta property=\"article:publisher\" content=\"https:\/\/www.facebook.com\/kasvuhooned\/\" \/>\n<meta property=\"article:modified_time\" content=\"2026-04-01T09:02:15+00:00\" \/>\n<meta name=\"twitter:card\" content=\"summary_large_image\" \/>\n<meta name=\"twitter:label1\" content=\"Arvioitu lukuaika\" \/>\n\t<meta name=\"twitter:data1\" content=\"3 minuuttia\" \/>\n<script type=\"application\/ld+json\" class=\"yoast-schema-graph\">{\"@context\":\"https:\\\/\\\/schema.org\",\"@graph\":[{\"@type\":\"WebPage\",\"@id\":\"https:\\\/\\\/rodoaed.ee\\\/fi\\\/info-2\\\/kasvihuoneen-kayttajat\\\/evelin-kasvihuone-maxi-117m%c2%b2\\\/\",\"url\":\"https:\\\/\\\/rodoaed.ee\\\/fi\\\/info-2\\\/kasvihuoneen-kayttajat\\\/evelin-kasvihuone-maxi-117m%c2%b2\\\/\",\"name\":\"Evelin kasvihuone Maxi 11,7m\u00b2 - Rodoaed\",\"isPartOf\":{\"@id\":\"https:\\\/\\\/rodoaed.ee\\\/#website\"},\"primaryImageOfPage\":{\"@id\":\"https:\\\/\\\/rodoaed.ee\\\/fi\\\/info-2\\\/kasvihuoneen-kayttajat\\\/evelin-kasvihuone-maxi-117m%c2%b2\\\/#primaryimage\"},\"image\":{\"@id\":\"https:\\\/\\\/rodoaed.ee\\\/fi\\\/info-2\\\/kasvihuoneen-kayttajat\\\/evelin-kasvihuone-maxi-117m%c2%b2\\\/#primaryimage\"},\"thumbnailUrl\":\"https:\\\/\\\/www.rodoaed.ee\\\/wp-content\\\/uploads\\\/2012\\\/09\\\/Evelini-kasvuhoone-1024x682.jpg\",\"datePublished\":\"2026-04-01T09:02:14+00:00\",\"dateModified\":\"2026-04-01T09:02:15+00:00\",\"breadcrumb\":{\"@id\":\"https:\\\/\\\/rodoaed.ee\\\/fi\\\/info-2\\\/kasvihuoneen-kayttajat\\\/evelin-kasvihuone-maxi-117m%c2%b2\\\/#breadcrumb\"},\"inLanguage\":\"fi\",\"potentialAction\":[{\"@type\":\"ReadAction\",\"target\":[\"https:\\\/\\\/rodoaed.ee\\\/fi\\\/info-2\\\/kasvihuoneen-kayttajat\\\/evelin-kasvihuone-maxi-117m%c2%b2\\\/\"]}]},{\"@type\":\"ImageObject\",\"inLanguage\":\"fi\",\"@id\":\"https:\\\/\\\/rodoaed.ee\\\/fi\\\/info-2\\\/kasvihuoneen-kayttajat\\\/evelin-kasvihuone-maxi-117m%c2%b2\\\/#primaryimage\",\"url\":\"https:\\\/\\\/www.rodoaed.ee\\\/wp-content\\\/uploads\\\/2012\\\/09\\\/Evelini-kasvuhoone-1024x682.jpg\",\"contentUrl\":\"https:\\\/\\\/www.rodoaed.ee\\\/wp-content\\\/uploads\\\/2012\\\/09\\\/Evelini-kasvuhoone-1024x682.jpg\"},{\"@type\":\"BreadcrumbList\",\"@id\":\"https:\\\/\\\/rodoaed.ee\\\/fi\\\/info-2\\\/kasvihuoneen-kayttajat\\\/evelin-kasvihuone-maxi-117m%c2%b2\\\/#breadcrumb\",\"itemListElement\":[{\"@type\":\"ListItem\",\"position\":1,\"name\":\"Home\",\"item\":\"https:\\\/\\\/rodoaed.ee\\\/fi\\\/\"},{\"@type\":\"ListItem\",\"position\":2,\"name\":\"Info\",\"item\":\"https:\\\/\\\/rodoaed.ee\\\/info-2\\\/\"},{\"@type\":\"ListItem\",\"position\":3,\"name\":\"Kasvihuoneen k\u00e4ytt\u00e4j\u00e4t\",\"item\":\"https:\\\/\\\/rodoaed.ee\\\/fi\\\/info-2\\\/kasvihuoneen-kayttajat\\\/\"},{\"@type\":\"ListItem\",\"position\":4,\"name\":\"Evelin kasvihuone Maxi 11,7m\u00b2\"}]},{\"@type\":\"WebSite\",\"@id\":\"https:\\\/\\\/rodoaed.ee\\\/#website\",\"url\":\"https:\\\/\\\/rodoaed.ee\\\/\",\"name\":\"Rodoaed\",\"description\":\"\",\"publisher\":{\"@id\":\"https:\\\/\\\/rodoaed.ee\\\/#organization\"},\"potentialAction\":[{\"@type\":\"SearchAction\",\"target\":{\"@type\":\"EntryPoint\",\"urlTemplate\":\"https:\\\/\\\/rodoaed.ee\\\/?s={search_term_string}\"},\"query-input\":{\"@type\":\"PropertyValueSpecification\",\"valueRequired\":true,\"valueName\":\"search_term_string\"}}],\"inLanguage\":\"fi\"},{\"@type\":\"Organization\",\"@id\":\"https:\\\/\\\/rodoaed.ee\\\/#organization\",\"name\":\"Rodoaed\",\"url\":\"https:\\\/\\\/rodoaed.ee\\\/\",\"logo\":{\"@type\":\"ImageObject\",\"inLanguage\":\"fi\",\"@id\":\"https:\\\/\\\/rodoaed.ee\\\/#\\\/schema\\\/logo\\\/image\\\/\",\"url\":\"https:\\\/\\\/rodoaed.ee\\\/wp-content\\\/uploads\\\/2019\\\/11\\\/rodoaed-logo-ilma-taustata.jpg\",\"contentUrl\":\"https:\\\/\\\/rodoaed.ee\\\/wp-content\\\/uploads\\\/2019\\\/11\\\/rodoaed-logo-ilma-taustata.jpg\",\"width\":769,\"height\":268,\"caption\":\"Rodoaed\"},\"image\":{\"@id\":\"https:\\\/\\\/rodoaed.ee\\\/#\\\/schema\\\/logo\\\/image\\\/\"},\"sameAs\":[\"https:\\\/\\\/www.facebook.com\\\/kasvuhooned\\\/\",\"https:\\\/\\\/rodoaed.ee\"]}]}<\/script>\n<!-- \/ Yoast SEO Premium plugin. -->","yoast_head_json":{"title":"Evelin kasvihuone Maxi 11,7m\u00b2 - Rodoaed","robots":{"index":"index","follow":"follow","max-snippet":"max-snippet:-1","max-image-preview":"max-image-preview:large","max-video-preview":"max-video-preview:-1"},"canonical":"https:\/\/rodoaed.ee\/fi\/info-2\/kasvihuoneen-kayttajat\/evelin-kasvihuone-maxi-117m\u00b2\/","og_locale":"fi_FI","og_type":"article","og_title":"Evelin kasvihuone Maxi 11,7m\u00b2","og_description":"Evelin ja Erik sek\u00e4 heid\u00e4n pieni tytt\u00e4rens\u00e4 Melan ja poikansa Hendrik ovat klassinen virolainen nuori perhe. Perheell\u00e4 on koira ja kissa - lyhyesti","og_url":"https:\/\/rodoaed.ee\/fi\/info-2\/kasvihuoneen-kayttajat\/evelin-kasvihuone-maxi-117m\u00b2\/","og_site_name":"Rodoaed","article_publisher":"https:\/\/www.facebook.com\/kasvuhooned\/","article_modified_time":"2026-04-01T09:02:15+00:00","twitter_card":"summary_large_image","twitter_misc":{"Arvioitu lukuaika":"3 minuuttia"},"schema":{"@context":"https:\/\/schema.org","@graph":[{"@type":"WebPage","@id":"https:\/\/rodoaed.ee\/fi\/info-2\/kasvihuoneen-kayttajat\/evelin-kasvihuone-maxi-117m%c2%b2\/","url":"https:\/\/rodoaed.ee\/fi\/info-2\/kasvihuoneen-kayttajat\/evelin-kasvihuone-maxi-117m%c2%b2\/","name":"Evelin kasvihuone Maxi 11,7m\u00b2 - Rodoaed","isPartOf":{"@id":"https:\/\/rodoaed.ee\/#website"},"primaryImageOfPage":{"@id":"https:\/\/rodoaed.ee\/fi\/info-2\/kasvihuoneen-kayttajat\/evelin-kasvihuone-maxi-117m%c2%b2\/#primaryimage"},"image":{"@id":"https:\/\/rodoaed.ee\/fi\/info-2\/kasvihuoneen-kayttajat\/evelin-kasvihuone-maxi-117m%c2%b2\/#primaryimage"},"thumbnailUrl":"https:\/\/www.rodoaed.ee\/wp-content\/uploads\/2012\/09\/Evelini-kasvuhoone-1024x682.jpg","datePublished":"2026-04-01T09:02:14+00:00","dateModified":"2026-04-01T09:02:15+00:00","breadcrumb":{"@id":"https:\/\/rodoaed.ee\/fi\/info-2\/kasvihuoneen-kayttajat\/evelin-kasvihuone-maxi-117m%c2%b2\/#breadcrumb"},"inLanguage":"fi","potentialAction":[{"@type":"ReadAction","target":["https:\/\/rodoaed.ee\/fi\/info-2\/kasvihuoneen-kayttajat\/evelin-kasvihuone-maxi-117m%c2%b2\/"]}]},{"@type":"ImageObject","inLanguage":"fi","@id":"https:\/\/rodoaed.ee\/fi\/info-2\/kasvihuoneen-kayttajat\/evelin-kasvihuone-maxi-117m%c2%b2\/#primaryimage","url":"https:\/\/www.rodoaed.ee\/wp-content\/uploads\/2012\/09\/Evelini-kasvuhoone-1024x682.jpg","contentUrl":"https:\/\/www.rodoaed.ee\/wp-content\/uploads\/2012\/09\/Evelini-kasvuhoone-1024x682.jpg"},{"@type":"BreadcrumbList","@id":"https:\/\/rodoaed.ee\/fi\/info-2\/kasvihuoneen-kayttajat\/evelin-kasvihuone-maxi-117m%c2%b2\/#breadcrumb","itemListElement":[{"@type":"ListItem","position":1,"name":"Home","item":"https:\/\/rodoaed.ee\/fi\/"},{"@type":"ListItem","position":2,"name":"Info","item":"https:\/\/rodoaed.ee\/info-2\/"},{"@type":"ListItem","position":3,"name":"Kasvihuoneen k\u00e4ytt\u00e4j\u00e4t","item":"https:\/\/rodoaed.ee\/fi\/info-2\/kasvihuoneen-kayttajat\/"},{"@type":"ListItem","position":4,"name":"Evelin kasvihuone Maxi 11,7m\u00b2"}]},{"@type":"WebSite","@id":"https:\/\/rodoaed.ee\/#website","url":"https:\/\/rodoaed.ee\/","name":"Rodoaed","description":"","publisher":{"@id":"https:\/\/rodoaed.ee\/#organization"},"potentialAction":[{"@type":"SearchAction","target":{"@type":"EntryPoint","urlTemplate":"https:\/\/rodoaed.ee\/?s={search_term_string}"},"query-input":{"@type":"PropertyValueSpecification","valueRequired":true,"valueName":"search_term_string"}}],"inLanguage":"fi"},{"@type":"Organization","@id":"https:\/\/rodoaed.ee\/#organization","name":"Rodoaed","url":"https:\/\/rodoaed.ee\/","logo":{"@type":"ImageObject","inLanguage":"fi","@id":"https:\/\/rodoaed.ee\/#\/schema\/logo\/image\/","url":"https:\/\/rodoaed.ee\/wp-content\/uploads\/2019\/11\/rodoaed-logo-ilma-taustata.jpg","contentUrl":"https:\/\/rodoaed.ee\/wp-content\/uploads\/2019\/11\/rodoaed-logo-ilma-taustata.jpg","width":769,"height":268,"caption":"Rodoaed"},"image":{"@id":"https:\/\/rodoaed.ee\/#\/schema\/logo\/image\/"},"sameAs":["https:\/\/www.facebook.com\/kasvuhooned\/","https:\/\/rodoaed.ee"]}]}},"_links":{"self":[{"href":"https:\/\/rodoaed.ee\/fi\/wp-json\/wp\/v2\/pages\/52231","targetHints":{"allow":["GET"]}}],"collection":[{"href":"https:\/\/rodoaed.ee\/fi\/wp-json\/wp\/v2\/pages"}],"about":[{"href":"https:\/\/rodoaed.ee\/fi\/wp-json\/wp\/v2\/types\/page"}],"author":[{"embeddable":true,"href":"https:\/\/rodoaed.ee\/fi\/wp-json\/wp\/v2\/users\/1"}],"replies":[{"embeddable":true,"href":"https:\/\/rodoaed.ee\/fi\/wp-json\/wp\/v2\/comments?post=52231"}],"version-history":[{"count":0,"href":"https:\/\/rodoaed.ee\/fi\/wp-json\/wp\/v2\/pages\/52231\/revisions"}],"up":[{"embeddable":true,"href":"https:\/\/rodoaed.ee\/fi\/wp-json\/wp\/v2\/pages\/52230"}],"wp:attachment":[{"href":"https:\/\/rodoaed.ee\/fi\/wp-json\/wp\/v2\/media?parent=52231"}],"curies":[{"name":"wp","href":"https:\/\/api.w.org\/{rel}","templated":true}]}}