{"id":52233,"date":"2026-04-01T12:02:15","date_gmt":"2026-04-01T09:02:15","guid":{"rendered":"https:\/\/rodoaed.ee\/kasvihuoneen-perustuksen-rakentaminen\/"},"modified":"2026-04-01T12:02:40","modified_gmt":"2026-04-01T09:02:40","slug":"kasvihuoneen-perustuksen-rakentaminen","status":"publish","type":"page","link":"https:\/\/rodoaed.ee\/fi\/info-2\/kasvihuoneet\/kasvihuoneen-perustuksen-rakentaminen\/","title":{"rendered":"Kasvihuoneen perustuksen rakentaminen"},"content":{"rendered":"\n<div class=\"wp-block-media-text alignwide\"><figure class=\"wp-block-media-text__media\"><img loading=\"lazy\" decoding=\"async\" width=\"1400\" height=\"933\" src=\"https:\/\/rodoaed.ee\/wp-content\/uploads\/2019\/10\/Kasvuhoone-vundament_lintvundament-fibo-plokkidest-1400x933.jpg\" alt=\"kasvihuoneen perustusten rakentaminen\" class=\"wp-image-28757\" srcset=\"https:\/\/rodoaed.ee\/wp-content\/uploads\/2019\/10\/Kasvuhoone-vundament_lintvundament-fibo-plokkidest-1400x933.jpg 1400w, https:\/\/rodoaed.ee\/wp-content\/uploads\/2019\/10\/Kasvuhoone-vundament_lintvundament-fibo-plokkidest-768x512.jpg 768w\" sizes=\"auto, (max-width: 1400px) 100vw, 1400px\" \/><\/figure><div class=\"wp-block-media-text__content\">\n<h2 class=\"wp-block-heading\">Kasvihuoneen perustusten rakentaminen<\/h2>\n\n\n\n<p>Kasvihuoneen perustuksen rakentaminen. Kasvihuoneesi tarvitsee vakaan perustuksen, jotta se kest\u00e4\u00e4, ovet ja ikkunat liikkuvat helposti ja sadevesi virtaa oikeaan suuntaan. <\/p>\n\n\n\n<p>Kasvihuoneen perustukset rakennetaan yleens\u00e4 kahdella tavalla: joko betonipaalujen varaan perustettavana pylv\u00e4sperustuksena tai kuituharkkojen varaan perustettavana nauhaperustuksena.<br\/>Molemmat ovat helppoja rakentaa, mutta materiaalikustannukset ja siten my\u00f6s kustannukset ovat hieman erilaiset.<br\/>Pylv\u00e4sperustukseen tarvitaan hiekkaa ja sementti\u00e4 maaper\u00e4st\u00e4 riippuen sek\u00e4 muotteja ankkuripylv\u00e4it\u00e4 varten. Kuituperustukseen tarvitaan kuituharkkoja, hieman raudoitusta, muurausmassaa ja hiekkaa. <\/p>\n\n\n\n<p>J\u00e4lkij\u00e4nnitetyn perustuksen rakentaminen on nopeaa, helppoa ja edullisempaa.<br\/>Fibo-perustuksessa on etunsa silloin, kun maaper\u00e4 on ep\u00e4tasainen, rinne on jyrkk\u00e4 tai kun kasvihuoneen lattia halutaan viimeistell\u00e4 sis\u00e4lt\u00e4 esimerkiksi kivilaatoilla.<\/p>\n\n\n\n<p>Kasvihuoneet ovat suhteellisen kevyit\u00e4, ja perustusta ei tarvita niink\u00e4\u00e4n painon kantamiseen kuin vakauttamiseen pakkasrapautumista ja maaper\u00e4n vajoamista vastaan. Metallisen perustuskehyksen yl\u00e4tason on oltava t\u00e4sm\u00e4lleen tasainen. <\/p>\n<\/div><\/div>\n\n<div class=\"wp-block-media-text alignwide has-media-on-the-right\"><figure class=\"wp-block-media-text__media\"><img loading=\"lazy\" decoding=\"async\" width=\"2048\" height=\"1536\" src=\"https:\/\/rodoaed.ee\/wp-content\/uploads\/2019\/08\/Kasvuhoone-postvundament.jpg\" alt=\"Kasvihuoneen pylv\u00e4sperustuksen kulmapylv\u00e4s on kaivettu esiin, jotta siit\u00e4 saataisiin hieno kuva.\" class=\"wp-image-25176\" srcset=\"https:\/\/rodoaed.ee\/wp-content\/uploads\/2019\/08\/Kasvuhoone-postvundament.jpg 2048w, https:\/\/rodoaed.ee\/wp-content\/uploads\/2019\/08\/Kasvuhoone-postvundament-768x576.jpg 768w, https:\/\/rodoaed.ee\/wp-content\/uploads\/2019\/08\/Kasvuhoone-postvundament-1400x1050.jpg 1400w\" sizes=\"auto, (max-width: 2048px) 100vw, 2048px\" \/><\/figure><div class=\"wp-block-media-text__content\">\n<h2 class=\"wp-block-heading\">Kasvihuoneen perustuksen rakentaminen pylv\u00e4sperustuksena  <\/h2>\n\n\n\n<p><strong>Kasvihuoneet ovat suhteellisen kevyit\u00e4, ja perustusta ei tarvita niink\u00e4\u00e4n painon kantamiseen kuin vakauttamiseen pakkasrapautumista ja maaper\u00e4n vajoamista vastaan. Metallisen perustuskehyksen yl\u00e4tason on oltava t\u00e4sm\u00e4lleen tasainen. <\/strong><\/p>\n\n\n\n<p>Kun kyseess\u00e4 on j\u00e4lkiperustukset, poista ensin pintamaa perustuskehyksen alta v\u00e4hint\u00e4\u00e4n lapion syvyydelt\u00e4 ja korvaa se hiekalla. My\u00f6s <\/p>\n\n\n\n<p>70-90 cm:n syvyiset rei\u00e4t on kaivettava kulmiin ja keskelle pylv\u00e4iden pitk\u00e4\u00e4 sivua (tarkat mitat l\u00f6ytyv\u00e4t mallioppaasta). Tolppien on ulotuttava maahan noin 60-70 cm, ja niiden alle on asetettava pieni hiekkatyyny. Kun putket ovat oikeassa syvyydess\u00e4, kaiva putket kokonaan hiekkaan ja tiivist\u00e4 pinta.  <\/p>\n\n\n\n<p>Muovisia viem\u00e4riputkia, joiden halkaisija on 10-15 cm, tai pahviputkia voidaan k\u00e4ytt\u00e4\u00e4 ankkuripylv\u00e4iden muotteina.<\/p>\n\n\n\n<p>Ennen betonivalua aseta valmiiksi koottu metallinen aluskehys ankkureineen putkien p\u00e4\u00e4lle, jotta varmistetaan, ett\u00e4 mitat ovat oikeat. Muista tarkistaa my\u00f6s l\u00e4vist\u00e4j\u00e4t! Jos kaikki on oikein ja ankkurit ovat putkien keskell\u00e4 ja aluskehyksen yl\u00e4pinta pysyy tasaisena, voit aloittaa valun. Ankkureiden p\u00e4\u00e4t kannattaa ensin taivuttaa hieman ulosp\u00e4in, jotta ne pysyv\u00e4t paremmin betonissa. Tarkista valun j\u00e4lkeen viel\u00e4 kerran, ett\u00e4 aluskehyksen pinta on t\u00e4sm\u00e4lleen tasainen, tarvittaessa naputtelemalla kevyesti pylv\u00e4smuotteja ja ripustamalla ne n\u00e4in. \u00c4l\u00e4 unohda valaa betonia toistuvasti, kun se kovettuu, jotta valusta tulee vahvempi.     <\/p>\n\n\n\n<p>Kun betoni on kovettunut, tasoita lopuksi maa ja aloita kasvihuoneen kokoaminen tai anna sen kokoaminen urakoitsijan teht\u00e4v\u00e4ksi.<\/p>\n<\/div><\/div>\n\n<div class=\"wp-block-media-text alignwide\"><figure class=\"wp-block-media-text__media\"><img loading=\"lazy\" decoding=\"async\" width=\"2048\" height=\"1536\" src=\"https:\/\/rodoaed.ee\/wp-content\/uploads\/2019\/08\/Kasvuhoone-plaatvundament.jpg\" alt=\"Kasvihuoneen perustana voidaan k\u00e4ytt\u00e4\u00e4 my\u00f6s kivilaatoista tehty\u00e4 kiinte\u00e4\u00e4 pohjaa. T\u00e4m\u00e4 &quot;laattaperustus&quot; on helppo asentaa, ja sis\u00e4pinta pysyy helppohoitoisena kivilattiana. \" class=\"wp-image-25179\" srcset=\"https:\/\/rodoaed.ee\/wp-content\/uploads\/2019\/08\/Kasvuhoone-plaatvundament.jpg 2048w, https:\/\/rodoaed.ee\/wp-content\/uploads\/2019\/08\/Kasvuhoone-plaatvundament-768x576.jpg 768w, https:\/\/rodoaed.ee\/wp-content\/uploads\/2019\/08\/Kasvuhoone-plaatvundament-1400x1050.jpg 1400w\" sizes=\"auto, (max-width: 2048px) 100vw, 2048px\" \/><\/figure><div class=\"wp-block-media-text__content\">\n<h2 class=\"wp-block-heading\">Kasvihuoneen perustuksen rakentaminen vy\u00f6perustuksena  <\/h2>\n\n\n\n<p><strong>Kun kyseess\u00e4 on laattaperustus, ty\u00f6 aloitetaan kaivamalla perustuksen kaivanto. Syvyys riippuu maaper\u00e4st\u00e4 &#8211; hiekkamaalla kaivamista tarvitaan v\u00e4hemm\u00e4n, mutta mustassa maaper\u00e4ss\u00e4 pintamaa on poistettava v\u00e4hint\u00e4\u00e4n 60 cm:n syvyyteen.   <\/strong><\/p>\n\n\n\n<p>Yksi vaihtoehto on asentaa ensimm\u00e4inen kerros kuituharkkoja irtotavarana tiivistetyn hiekkapohjan p\u00e4\u00e4lle (t\u00e4m\u00e4 vie jonkin verran aikaa); toinen vaihtoehto on valaa noin 5-7 cm paksu ja noin 30 cm leve\u00e4 betonilaatta hiekkapohjan p\u00e4\u00e4lle (tekem\u00e4ll\u00e4 yksinkertainen muotti laudoista). Kun betonilaatta on tasoitettu hyvin, kuituharkkosein\u00e4 on helppo asentaa. Optimaalinen koko on 200 kuitupalikkaa (tai 20 cm leve\u00e4).  <br\/>  Optimaalista olisi asentaa kolme kivikerrosta, eli noin 60 cm korkea kiviosa.<\/p>\n<\/div><\/div>\n\n<p>Ensimm\u00e4isen kerroksen p\u00e4\u00e4lle ja viimeisen kerroksen alle on asennettava fibo-vahvistuskehykset sein\u00e4n j\u00e4ykkyyden varmistamiseksi. Sein\u00e4n yl\u00e4reunan on joka tapauksessa j\u00e4\u00e4t\u00e4v\u00e4 hieman maanpinnan yl\u00e4puolelle. Sein\u00e4\u00e4 voidaan nostaa viel\u00e4 enemm\u00e4n maanpinnan yl\u00e4puolelle pinoamalla lis\u00e4\u00e4 kerroksia, jolloin kasvihuoneen sis\u00e4korkeus kasvaa. Ota kuitenkin huomioon oven kansi, joka j\u00e4\u00e4 t\u00e4ll\u00f6in hieman korkeammalle.     <\/p>\n\n<p>Kun kyseess\u00e4 on laattapohjainen perustus, ei ole tarpeen k\u00e4ytt\u00e4\u00e4 perustuskehyksen mukana tulevia ankkurijalustoja samalla tavalla kuin j\u00e4lkij\u00e4nnitetyn perustuksen tapauksessa. On paljon k\u00e4yt\u00e4nn\u00f6llisemp\u00e4\u00e4 tehd\u00e4 nauhaperustus yhten\u00e4isen\u00e4 sein\u00e4n\u00e4 ja kiinnitt\u00e4\u00e4 kasvihuonekehys my\u00f6hemmin sis\u00e4lt\u00e4p\u00e4in kiveen metallinauloilla. Siksi on t\u00e4rke\u00e4\u00e4 tehd\u00e4 nauhaperustus v\u00e4hint\u00e4\u00e4n 20 cm leve\u00e4ksi, jotta metallinaulat voidaan kiinnitt\u00e4\u00e4 sis\u00e4puolelta. Yleens\u00e4 on suositeltavaa ottaa huomioon nauhaperustuksen leveys ja kasvihuoneen sijoittelu siten, ett\u00e4 kiviosan leveys sis\u00e4puolella on 10 cm, jolloin kasvihuoneen sein\u00e4n leveys on n. 5 cm ja ulkopuolelta 5 cm. Voit tehd\u00e4 siit\u00e4 my\u00f6s leve\u00e4mm\u00e4n.    <\/p>\n\n<h2 class=\"wp-block-heading\">Rakentaminen perusta kuin kivi parketti  <\/h2>\n\n<p>Kasvihuoneen perustana voidaan k\u00e4ytt\u00e4\u00e4 my\u00f6s kivilaatoista tehty\u00e4 kiinte\u00e4\u00e4 pohjaa. T\u00e4m\u00e4n &#8221;laattapohjan&#8221; varaan kasvihuone tai kasvihuone on helppo asentaa, ja sis\u00e4pinta pysyy helppohoitoisena kivilattiana. T\u00e4m\u00e4ntyyppisen alustan suosio kasvaa vuosi vuodelta, koska sis\u00e4pinta on puhdas ja miellytt\u00e4v\u00e4. Kasvihuoneiden tapauksessa se on jopa 90-prosenttisesti kannattava ratkaisu.   <\/p>\n\n<p>Kasvihuoneen lattiaa voidaan muotoilla istuttamalla s\u00e4ngyt suoraan maaper\u00e4\u00e4n, esimerkiksi k\u00e4ytt\u00e4m\u00e4ll\u00e4 lautoja reunojen ja kulkuv\u00e4ylien tekoon. Lattia voidaan my\u00f6s laatoittaa laattalattiaksi peitt\u00e4m\u00e4ll\u00e4 kasvualusta lapion syvyisell\u00e4 hiekkatyynyll\u00e4 ja asettamalla irtonaiset laattakivet tasoitetun ja tiivistetyn hiekan p\u00e4\u00e4lle. Kivilattia mahdollistaa kasvien kasvattamisen kasviastioissa, kukkaruukuissa tai edelleen pieness\u00e4 puutarhassa, mutta t\u00e4ss\u00e4 tapauksessa pieniss\u00e4 astioissa. Koska kivet ovat l\u00f6ys\u00e4sti hiekan p\u00e4\u00e4ll\u00e4, ylim\u00e4\u00e4r\u00e4inen vesi valuu suoraan hiekkaan ja lattia on helppo pit\u00e4\u00e4 puhtaana.     <\/p>\n\n<p>Kysy rohkeasti, jos tarvitset apua materiaalim\u00e4\u00e4rien laskemisessa. Hiekan m\u00e4\u00e4r\u00e4\u00e4 on vaikeampi arvioida tarkasti, koska se riippuu k\u00e4ytett\u00e4viss\u00e4 olevasta maaper\u00e4st\u00e4, mutta jos viet kuorman pois, sit\u00e4 j\u00e4\u00e4 varmasti riitt\u00e4v\u00e4sti lasten hiekkalaatikolle. Sen sijaan fibon, armatuurin ja muurausmassan m\u00e4\u00e4r\u00e4t voidaan suunnitella melko tarkasti. Tarvitaan vain kasvihuoneen malli ja haluttu nauhaperustuksen syvyys\/kerrosluku.     <\/p>\n\n<p><strong>Koko kasvihuonevalikoima verkkokaupassamme: <a href=\"https:\/\/rodoaed.ee\/tootekategooria\/kasvuhooned-ja-talveaiad\/euro-serre-kasvuhooned\/\">Euro-Serre<\/a> <a href=\"https:\/\/rodoaed.ee\/tootekategooria\/kasvuhooned-ja-talveaiad\/hobby-kasvuhooned\/\">Hobby<\/a> <a href=\"https:\/\/rodoaed.ee\/tootekategooria\/kasvuhooned-ja-talveaiad\/acd-kasvuhooned\/\">ACD<\/a> <a href=\"https:\/\/rodoaed.ee\/tootekategooria\/kasvuhooned-ja-talveaiad\/floria-kasvuhooned\/\">Floria<\/a><\/strong><\/p>\n\n<p><a href=\"https:\/\/rodoaed.ee\/info\/kasvuhooned-p\/kasvuhooned-noudlikule-harrastajale\/\">Kasvihuoneet<\/a>, <a href=\"https:\/\/rodoaed.ee\/fi\/tuotantorakennukset-ja-kasvihuoneet-yrittajalle\/\">tuotantorakennukset yritt\u00e4j\u00e4lle<\/a>,  <\/p>\n","protected":false},"excerpt":{"rendered":"<p>Kasvihuoneen perustusten rakentaminen Kasvihuoneen perustuksen rakentaminen. Kasvihuoneesi tarvitsee vakaan perustuksen, jotta se kest\u00e4\u00e4, ovet ja ikkunat liikkuvat helposti ja sadevesi virtaa oikeaan suuntaan. Kasvihuoneen perustukset rakennetaan yleens\u00e4 kahdella tavalla: joko betonipaalujen varaan perustettavana pylv\u00e4sperustuksena tai kuituharkkojen varaan perustettavana nauhaperustuksena.Molemmat ovat helppoja rakentaa, mutta materiaalikustannukset ja siten my\u00f6s kustannukset ovat hieman erilaiset.Pylv\u00e4sperustukseen tarvitaan hiekkaa ja sementti\u00e4 maaper\u00e4st\u00e4 riippuen sek\u00e4 muotteja ankkuripylv\u00e4it\u00e4 varten. Kuituperustukseen tarvitaan kuituharkkoja, hieman&#8230;<\/p>\n","protected":false},"author":1,"featured_media":28756,"parent":52234,"menu_order":30,"comment_status":"closed","ping_status":"closed","template":"","meta":{"_acf_changed":false,"footnotes":""},"class_list":["post-52233","page","type-page","status-publish","has-post-thumbnail","hentry"],"acf":[],"yoast_head":"<!-- This site is optimized with the Yoast SEO Premium plugin v27.3 (Yoast SEO v27.3) - https:\/\/yoast.com\/product\/yoast-seo-premium-wordpress\/ -->\n<title>Kasvihuoneen perustuksen rakentaminen% % -% Rodoaed% kasvihuoneen perusrunko<\/title>\n<meta name=\"description\" content=\"Kasvihuoneen perustusten rakentaminen - joko pylv\u00e4sperustus tai nauhaperustus. Kasvihuoneen perustukset voidaan rakentaa my\u00f6s kiviparkettina.\" \/>\n<meta name=\"robots\" content=\"index, follow, max-snippet:-1, max-image-preview:large, max-video-preview:-1\" \/>\n<link rel=\"canonical\" href=\"https:\/\/rodoaed.ee\/fi\/info-2\/kasvihuoneet\/kasvihuoneen-perustuksen-rakentaminen\/\" \/>\n<meta property=\"og:locale\" content=\"fi_FI\" \/>\n<meta property=\"og:type\" content=\"article\" \/>\n<meta property=\"og:title\" content=\"Kasvihuoneen perustuksen rakentaminen\" \/>\n<meta property=\"og:description\" content=\"Kasvihuoneen perustusten rakentaminen Kasvihuoneen perustuksen rakentaminen. Kasvihuoneesi tarvitsee vakaan perustuksen, jotta se kest\u00e4\u00e4, ovet ja ikkunat\" \/>\n<meta property=\"og:url\" content=\"https:\/\/rodoaed.ee\/fi\/info-2\/kasvihuoneet\/kasvihuoneen-perustuksen-rakentaminen\/\" \/>\n<meta property=\"og:site_name\" content=\"Rodoaed\" \/>\n<meta property=\"article:publisher\" content=\"https:\/\/www.facebook.com\/kasvuhooned\/\" \/>\n<meta property=\"article:modified_time\" content=\"2026-04-01T09:02:40+00:00\" \/>\n<meta property=\"og:image\" content=\"https:\/\/rodoaed.ee\/wp-content\/uploads\/2019\/10\/Kasvuhoone-vundament_postvundament.jpg\" \/>\n\t<meta property=\"og:image:width\" content=\"2048\" \/>\n\t<meta property=\"og:image:height\" content=\"1536\" \/>\n\t<meta property=\"og:image:type\" content=\"image\/jpeg\" \/>\n<meta name=\"twitter:card\" content=\"summary_large_image\" \/>\n<meta name=\"twitter:label1\" content=\"Arvioitu lukuaika\" \/>\n\t<meta name=\"twitter:data1\" content=\"4 minuuttia\" \/>\n<script type=\"application\/ld+json\" class=\"yoast-schema-graph\">{\"@context\":\"https:\\\/\\\/schema.org\",\"@graph\":[{\"@type\":\"WebPage\",\"@id\":\"https:\\\/\\\/rodoaed.ee\\\/fi\\\/info-2\\\/kasvihuoneet\\\/kasvihuoneen-perustuksen-rakentaminen\\\/\",\"url\":\"https:\\\/\\\/rodoaed.ee\\\/fi\\\/info-2\\\/kasvihuoneet\\\/kasvihuoneen-perustuksen-rakentaminen\\\/\",\"name\":\"Kasvihuoneen perustuksen rakentaminen% % -% Rodoaed% kasvihuoneen perusrunko\",\"isPartOf\":{\"@id\":\"https:\\\/\\\/rodoaed.ee\\\/#website\"},\"primaryImageOfPage\":{\"@id\":\"https:\\\/\\\/rodoaed.ee\\\/fi\\\/info-2\\\/kasvihuoneet\\\/kasvihuoneen-perustuksen-rakentaminen\\\/#primaryimage\"},\"image\":{\"@id\":\"https:\\\/\\\/rodoaed.ee\\\/fi\\\/info-2\\\/kasvihuoneet\\\/kasvihuoneen-perustuksen-rakentaminen\\\/#primaryimage\"},\"thumbnailUrl\":\"https:\\\/\\\/rodoaed.ee\\\/wp-content\\\/uploads\\\/2019\\\/10\\\/Kasvuhoone-vundament_postvundament.jpg\",\"datePublished\":\"2026-04-01T09:02:15+00:00\",\"dateModified\":\"2026-04-01T09:02:40+00:00\",\"description\":\"Kasvihuoneen perustusten rakentaminen - joko pylv\u00e4sperustus tai nauhaperustus. Kasvihuoneen perustukset voidaan rakentaa my\u00f6s kiviparkettina.\",\"breadcrumb\":{\"@id\":\"https:\\\/\\\/rodoaed.ee\\\/fi\\\/info-2\\\/kasvihuoneet\\\/kasvihuoneen-perustuksen-rakentaminen\\\/#breadcrumb\"},\"inLanguage\":\"fi\",\"potentialAction\":[{\"@type\":\"ReadAction\",\"target\":[\"https:\\\/\\\/rodoaed.ee\\\/fi\\\/info-2\\\/kasvihuoneet\\\/kasvihuoneen-perustuksen-rakentaminen\\\/\"]}]},{\"@type\":\"ImageObject\",\"inLanguage\":\"fi\",\"@id\":\"https:\\\/\\\/rodoaed.ee\\\/fi\\\/info-2\\\/kasvihuoneet\\\/kasvihuoneen-perustuksen-rakentaminen\\\/#primaryimage\",\"url\":\"https:\\\/\\\/rodoaed.ee\\\/wp-content\\\/uploads\\\/2019\\\/10\\\/Kasvuhoone-vundament_postvundament.jpg\",\"contentUrl\":\"https:\\\/\\\/rodoaed.ee\\\/wp-content\\\/uploads\\\/2019\\\/10\\\/Kasvuhoone-vundament_postvundament.jpg\",\"width\":2048,\"height\":1536,\"caption\":\"kasvuhoone vundamendi ehitus\"},{\"@type\":\"BreadcrumbList\",\"@id\":\"https:\\\/\\\/rodoaed.ee\\\/fi\\\/info-2\\\/kasvihuoneet\\\/kasvihuoneen-perustuksen-rakentaminen\\\/#breadcrumb\",\"itemListElement\":[{\"@type\":\"ListItem\",\"position\":1,\"name\":\"Home\",\"item\":\"https:\\\/\\\/rodoaed.ee\\\/fi\\\/\"},{\"@type\":\"ListItem\",\"position\":2,\"name\":\"Info\",\"item\":\"https:\\\/\\\/rodoaed.ee\\\/info-2\\\/\"},{\"@type\":\"ListItem\",\"position\":3,\"name\":\"Kasvihuoneet\",\"item\":\"https:\\\/\\\/rodoaed.ee\\\/info-2\\\/kasvihuoneet\\\/\"},{\"@type\":\"ListItem\",\"position\":4,\"name\":\"Kasvihuoneen perustuksen rakentaminen\"}]},{\"@type\":\"WebSite\",\"@id\":\"https:\\\/\\\/rodoaed.ee\\\/#website\",\"url\":\"https:\\\/\\\/rodoaed.ee\\\/\",\"name\":\"Rodoaed\",\"description\":\"\",\"publisher\":{\"@id\":\"https:\\\/\\\/rodoaed.ee\\\/#organization\"},\"potentialAction\":[{\"@type\":\"SearchAction\",\"target\":{\"@type\":\"EntryPoint\",\"urlTemplate\":\"https:\\\/\\\/rodoaed.ee\\\/?s={search_term_string}\"},\"query-input\":{\"@type\":\"PropertyValueSpecification\",\"valueRequired\":true,\"valueName\":\"search_term_string\"}}],\"inLanguage\":\"fi\"},{\"@type\":\"Organization\",\"@id\":\"https:\\\/\\\/rodoaed.ee\\\/#organization\",\"name\":\"Rodoaed\",\"url\":\"https:\\\/\\\/rodoaed.ee\\\/\",\"logo\":{\"@type\":\"ImageObject\",\"inLanguage\":\"fi\",\"@id\":\"https:\\\/\\\/rodoaed.ee\\\/#\\\/schema\\\/logo\\\/image\\\/\",\"url\":\"https:\\\/\\\/rodoaed.ee\\\/wp-content\\\/uploads\\\/2019\\\/11\\\/rodoaed-logo-ilma-taustata.jpg\",\"contentUrl\":\"https:\\\/\\\/rodoaed.ee\\\/wp-content\\\/uploads\\\/2019\\\/11\\\/rodoaed-logo-ilma-taustata.jpg\",\"width\":769,\"height\":268,\"caption\":\"Rodoaed\"},\"image\":{\"@id\":\"https:\\\/\\\/rodoaed.ee\\\/#\\\/schema\\\/logo\\\/image\\\/\"},\"sameAs\":[\"https:\\\/\\\/www.facebook.com\\\/kasvuhooned\\\/\",\"https:\\\/\\\/rodoaed.ee\"]}]}<\/script>\n<!-- \/ Yoast SEO Premium plugin. -->","yoast_head_json":{"title":"Kasvihuoneen perustuksen rakentaminen% % -% Rodoaed% kasvihuoneen perusrunko","description":"Kasvihuoneen perustusten rakentaminen - joko pylv\u00e4sperustus tai nauhaperustus. Kasvihuoneen perustukset voidaan rakentaa my\u00f6s kiviparkettina.","robots":{"index":"index","follow":"follow","max-snippet":"max-snippet:-1","max-image-preview":"max-image-preview:large","max-video-preview":"max-video-preview:-1"},"canonical":"https:\/\/rodoaed.ee\/fi\/info-2\/kasvihuoneet\/kasvihuoneen-perustuksen-rakentaminen\/","og_locale":"fi_FI","og_type":"article","og_title":"Kasvihuoneen perustuksen rakentaminen","og_description":"Kasvihuoneen perustusten rakentaminen Kasvihuoneen perustuksen rakentaminen. Kasvihuoneesi tarvitsee vakaan perustuksen, jotta se kest\u00e4\u00e4, ovet ja ikkunat","og_url":"https:\/\/rodoaed.ee\/fi\/info-2\/kasvihuoneet\/kasvihuoneen-perustuksen-rakentaminen\/","og_site_name":"Rodoaed","article_publisher":"https:\/\/www.facebook.com\/kasvuhooned\/","article_modified_time":"2026-04-01T09:02:40+00:00","og_image":[{"width":2048,"height":1536,"url":"https:\/\/rodoaed.ee\/wp-content\/uploads\/2019\/10\/Kasvuhoone-vundament_postvundament.jpg","type":"image\/jpeg"}],"twitter_card":"summary_large_image","twitter_misc":{"Arvioitu lukuaika":"4 minuuttia"},"schema":{"@context":"https:\/\/schema.org","@graph":[{"@type":"WebPage","@id":"https:\/\/rodoaed.ee\/fi\/info-2\/kasvihuoneet\/kasvihuoneen-perustuksen-rakentaminen\/","url":"https:\/\/rodoaed.ee\/fi\/info-2\/kasvihuoneet\/kasvihuoneen-perustuksen-rakentaminen\/","name":"Kasvihuoneen perustuksen rakentaminen% % -% Rodoaed% kasvihuoneen perusrunko","isPartOf":{"@id":"https:\/\/rodoaed.ee\/#website"},"primaryImageOfPage":{"@id":"https:\/\/rodoaed.ee\/fi\/info-2\/kasvihuoneet\/kasvihuoneen-perustuksen-rakentaminen\/#primaryimage"},"image":{"@id":"https:\/\/rodoaed.ee\/fi\/info-2\/kasvihuoneet\/kasvihuoneen-perustuksen-rakentaminen\/#primaryimage"},"thumbnailUrl":"https:\/\/rodoaed.ee\/wp-content\/uploads\/2019\/10\/Kasvuhoone-vundament_postvundament.jpg","datePublished":"2026-04-01T09:02:15+00:00","dateModified":"2026-04-01T09:02:40+00:00","description":"Kasvihuoneen perustusten rakentaminen - joko pylv\u00e4sperustus tai nauhaperustus. Kasvihuoneen perustukset voidaan rakentaa my\u00f6s kiviparkettina.","breadcrumb":{"@id":"https:\/\/rodoaed.ee\/fi\/info-2\/kasvihuoneet\/kasvihuoneen-perustuksen-rakentaminen\/#breadcrumb"},"inLanguage":"fi","potentialAction":[{"@type":"ReadAction","target":["https:\/\/rodoaed.ee\/fi\/info-2\/kasvihuoneet\/kasvihuoneen-perustuksen-rakentaminen\/"]}]},{"@type":"ImageObject","inLanguage":"fi","@id":"https:\/\/rodoaed.ee\/fi\/info-2\/kasvihuoneet\/kasvihuoneen-perustuksen-rakentaminen\/#primaryimage","url":"https:\/\/rodoaed.ee\/wp-content\/uploads\/2019\/10\/Kasvuhoone-vundament_postvundament.jpg","contentUrl":"https:\/\/rodoaed.ee\/wp-content\/uploads\/2019\/10\/Kasvuhoone-vundament_postvundament.jpg","width":2048,"height":1536,"caption":"kasvuhoone vundamendi ehitus"},{"@type":"BreadcrumbList","@id":"https:\/\/rodoaed.ee\/fi\/info-2\/kasvihuoneet\/kasvihuoneen-perustuksen-rakentaminen\/#breadcrumb","itemListElement":[{"@type":"ListItem","position":1,"name":"Home","item":"https:\/\/rodoaed.ee\/fi\/"},{"@type":"ListItem","position":2,"name":"Info","item":"https:\/\/rodoaed.ee\/info-2\/"},{"@type":"ListItem","position":3,"name":"Kasvihuoneet","item":"https:\/\/rodoaed.ee\/info-2\/kasvihuoneet\/"},{"@type":"ListItem","position":4,"name":"Kasvihuoneen perustuksen rakentaminen"}]},{"@type":"WebSite","@id":"https:\/\/rodoaed.ee\/#website","url":"https:\/\/rodoaed.ee\/","name":"Rodoaed","description":"","publisher":{"@id":"https:\/\/rodoaed.ee\/#organization"},"potentialAction":[{"@type":"SearchAction","target":{"@type":"EntryPoint","urlTemplate":"https:\/\/rodoaed.ee\/?s={search_term_string}"},"query-input":{"@type":"PropertyValueSpecification","valueRequired":true,"valueName":"search_term_string"}}],"inLanguage":"fi"},{"@type":"Organization","@id":"https:\/\/rodoaed.ee\/#organization","name":"Rodoaed","url":"https:\/\/rodoaed.ee\/","logo":{"@type":"ImageObject","inLanguage":"fi","@id":"https:\/\/rodoaed.ee\/#\/schema\/logo\/image\/","url":"https:\/\/rodoaed.ee\/wp-content\/uploads\/2019\/11\/rodoaed-logo-ilma-taustata.jpg","contentUrl":"https:\/\/rodoaed.ee\/wp-content\/uploads\/2019\/11\/rodoaed-logo-ilma-taustata.jpg","width":769,"height":268,"caption":"Rodoaed"},"image":{"@id":"https:\/\/rodoaed.ee\/#\/schema\/logo\/image\/"},"sameAs":["https:\/\/www.facebook.com\/kasvuhooned\/","https:\/\/rodoaed.ee"]}]}},"_links":{"self":[{"href":"https:\/\/rodoaed.ee\/fi\/wp-json\/wp\/v2\/pages\/52233","targetHints":{"allow":["GET"]}}],"collection":[{"href":"https:\/\/rodoaed.ee\/fi\/wp-json\/wp\/v2\/pages"}],"about":[{"href":"https:\/\/rodoaed.ee\/fi\/wp-json\/wp\/v2\/types\/page"}],"author":[{"embeddable":true,"href":"https:\/\/rodoaed.ee\/fi\/wp-json\/wp\/v2\/users\/1"}],"replies":[{"embeddable":true,"href":"https:\/\/rodoaed.ee\/fi\/wp-json\/wp\/v2\/comments?post=52233"}],"version-history":[{"count":0,"href":"https:\/\/rodoaed.ee\/fi\/wp-json\/wp\/v2\/pages\/52233\/revisions"}],"up":[{"embeddable":true,"href":"https:\/\/rodoaed.ee\/fi\/wp-json\/wp\/v2\/pages\/52234"}],"wp:featuredmedia":[{"embeddable":true,"href":"https:\/\/rodoaed.ee\/fi\/wp-json\/wp\/v2\/media\/28756"}],"wp:attachment":[{"href":"https:\/\/rodoaed.ee\/fi\/wp-json\/wp\/v2\/media?parent=52233"}],"curies":[{"name":"wp","href":"https:\/\/api.w.org\/{rel}","templated":true}]}}