{"id":52235,"date":"2026-04-01T12:02:40","date_gmt":"2026-04-01T09:02:40","guid":{"rendered":"https:\/\/rodoaed.ee\/kasvihuonetakuu\/"},"modified":"2026-04-01T12:02:40","modified_gmt":"2026-04-01T09:02:40","slug":"kasvihuonetakuu","status":"publish","type":"page","link":"https:\/\/rodoaed.ee\/fi\/info-2\/kasvihuoneet\/kasvihuonetakuu\/","title":{"rendered":"Kasvihuonetakuu"},"content":{"rendered":"<p>Kasvihuonetakuu. Euro-Serre-kasvihuoneiden laadussa emme liioittele.<br \/>\nEuro-Serre-kasvihuoneprofiileilla on 12 vuoden valmistajan takuu valmistus- ja materiaalivirheit\u00e4 vastaan. Polykarbonaattipaneeleilla on 10 vuoden valmistajan takuu virheiden varalta oikein asennettuna. Jauhemaalatuilla alumiiniprofiileilla on 2 vuoden v\u00e4ritakuu.   <\/p>\n<h2>Kasvihuonetakuu on valmistajan my\u00f6nt\u00e4m\u00e4 enint\u00e4\u00e4n 12 vuoden takuu vikojen varalta kaikille Euro-Serren kasvihuoneille.<\/h2>\n<h2>Kasvihuonetakuu &#8211; Mihin kasvihuonetakuu auttaa ja mihin se ei auta?<\/h2>\n<p>Kasvihuonetakuu takaa laadukkaan tuotteen ja t\u00e4ydellisen sarjan. T\u00e4m\u00e4 tarkoittaa, ett\u00e4 jos sarjasta puuttuu jotain, valmistaja ja maahantuoja ovat vastuussa siit\u00e4, joten puuttuvat osat l\u00e4hetet\u00e4\u00e4n sinulle nopeasti. K\u00e4yt\u00e4nn\u00f6ss\u00e4 n\u00e4in k\u00e4y harvoin valmistusyrityksiss\u00e4mme, sill\u00e4 kaikissa tehtaissa on koko tuotanto- ja pakkausprosessin videovalvonta, ja kaikki vaiheet tarkastetaan useita kertoja ennen kuin pakkaus edes l\u00e4htee tehtaalta.  <\/p>\n<h3><strong>Kasvihuonetakuu ei kata s\u00e4\u00e4olosuhteita eik\u00e4 k\u00e4ytt\u00f6vikoja. Takuu ei kata lasiosia.   <\/strong><\/h3>\n<p>Kasvihuoneen takuu ei ole voimassa, jos kasvihuonetta ei ole asennettu t\u00e4sm\u00e4lleen annettujen ohjeiden mukaisesti tai jos kasvihuonetta ei ole ankkuroitu riitt\u00e4v\u00e4n tukevasti, jos kasvihuone on rakennettu uudelleen tai sen rakennetta on muutettu tai jos ostaja tai h\u00e4nen palveluksessaan oleva henkil\u00f6 on vahingoittanut kasvihuonetta tai aiheuttanut siin\u00e4 toimintah\u00e4iri\u00f6it\u00e4. Takuu ei ole voimassa \u00e4\u00e4rimm\u00e4isiss\u00e4 s\u00e4\u00e4olosuhteissa ja yli 21 m\/s tuulennopeuden vallitessa. <\/p>\n<h3>Kasvihuoneen konsolidointi<\/h3>\n<p>Koska t\u00e4t\u00e4 on kysytty, selvenn\u00e4mme asiaa &#8211; jos kasvihuoneesi on kaatunut puun alle tai myrskytuuli on vienyt sen pois tai jos poikkeuksellisen kova lumi on vahingoittanut sit\u00e4, takuu ei kata t\u00e4t\u00e4. Voit aina halutessasi vakuuttaa kasvihuoneesi tai kasvihuoneesi onnettomuuksien varalta. Voit esimerkiksi vakuuttaa my\u00f6s kasvihuoneesi sis\u00e4ll\u00f6n. Jos jotain tapahtuu, sinun on ilmoitettava siit\u00e4 v\u00e4litt\u00f6m\u00e4sti sek\u00e4 meille ett\u00e4 vakuutusyhti\u00f6lle.   <\/p>\n<p>Meill\u00e4 on ollut tarpeeksi onnellisia tilanteita, joissa kasvihuoneasiakkaillamme on ollut kasvihuone- tai kasvihuonevakuutus, ja jotain odottamatonta on tapahtunut. Jopa niinkin pieni asia kuin nurmikkotraktorin t\u00f6rm\u00e4\u00e4minen kasvihuoneen sein\u00e4\u00e4n &#8211; me toimitamme kaikki tarvittavat osat kasvihuoneen kunnostamiseen, ja vakuutus kattaa kustannukset. Paljon mukavampaa, kun riski on katettu.  <\/p>\n<p><strong>Florian kasvihuoneilla on 2 vuoden valmistajan takuu vikojen varalta.<\/strong><\/p>\n<h2><\/h2>\n<h2>Kasvihuoneen k\u00e4ytt\u00f6ehdot ja suositukset<\/h2>\n<ol>\n<li>Kasvihuoneen pitk\u00e4aikaisen kest\u00e4vyyden edellytyksen\u00e4 on asianmukainen kokoonpano. Jos kokoat kasvihuoneen itse, noudata kokoamisohjeita. Ohjeet ovat hyvin yksinkertaiset ja suoraviivaiset, kokoaminen on eritt\u00e4in miellytt\u00e4v\u00e4\u00e4 puuhaa, eik\u00e4 mit\u00e4\u00e4n voi koota v\u00e4\u00e4rin. On t\u00e4rke\u00e4\u00e4, ett\u00e4 t\u00e4rkeiden profiilien l\u00e4pi ei leikata ja porata eik\u00e4 kasvihuonetta rakenneta uudelleen kysym\u00e4tt\u00e4 neuvoa. Jos t\u00e4rkeit\u00e4 rakenneosia vahingoitetaan, kasvihuoneen lujuus tai myrskynkest\u00e4vyys k\u00e4rsii.    <\/li>\n<li><span style=\"font-size: inherit;\">Koska t\u00e4t\u00e4 on kysytty, selit\u00e4mme &#8211; Sinun ei tarvitse tilata asennusta meilt\u00e4 s\u00e4ilytt\u00e4\u00e4kseen kasvihuonetakuun. Olen kuullut, ett\u00e4 jotkut kasvihuonemyyj\u00e4t ovat ottaneet t\u00e4m\u00e4n vaatimuksen k\u00e4ytt\u00f6\u00f6n, mutta niin ei todellisuudessa pit\u00e4isi tehd\u00e4. Kasvihuoneen takuu s\u00e4ilyy joka tapauksessa, jos asennat kasvihuoneen itse ja teet sen oikein ja ohjeiden mukaan. Kokoonpanopalvelumme tilaaminen on pikemminkin nopeus- ja mukavuuspalvelu kuin velvoite.   <\/span><\/li>\n<li>Kasvihuone on aina sijoitettava tasaiselle ja tukevalle alustalle. Maahan asennettaessa kasvualusta on poistettava seinien alta ja t\u00e4ytett\u00e4v\u00e4 hiekalla. N\u00e4in estet\u00e4\u00e4n kylm\u00e4halkeamat kasvihuoneen seiniss\u00e4 ja varmistetaan ovien ja luukkujen helppo liikuteltavuus.  <\/li>\n<li><span style=\"font-size: inherit;\">Kiinnit\u00e4 kasvihuone asianmukaisesti rakennettavaan perustukseen, peruskehikkoon tai perustukseen. Kun kasvihuone kiinnitet\u00e4\u00e4n asianmukaisesti, voimakkaat tuulet eiv\u00e4t voi vahingoittaa sit\u00e4, ja se on my\u00f6s paremmin suojassa myrskyilt\u00e4. <\/span><\/li>\n<li><span style=\"font-size: inherit;\">Voimakkaiden myrskyjen sattuessa suosittelemme, ett\u00e4 kiinnit\u00e4t kasvihuoneen kattoluukut ja ovet asianmukaisesti. Jos tuuli ei p\u00e4\u00e4se kasvihuoneeseen, kasvihuone on paljon paremmin suojattu. <\/span><\/li>\n<li><span style=\"font-size: inherit;\">Puhdista talvella kasvihuoneiden katot s\u00e4\u00e4nn\u00f6llisesti lumesta ja v\u00e4lt\u00e4 suurten lumim\u00e4\u00e4rien kertymist\u00e4 katolle.<\/span><\/li>\n<\/ol>\n<p>Vaikka yhdess\u00e4k\u00e4\u00e4n Euro-Serre-mallissa ei ole ilmennyt lumivaurioita Viron olosuhteissa, lumen puhdistamatta j\u00e4tt\u00e4minen on k\u00e4ytt\u00e4j\u00e4n vastuulla. Viime talvien lumet ovat luoneet melkoisia \u00e4\u00e4ritilanteita jopa asuinrakennusten katoille.<\/p>\n<h2><\/h2>\n<h2>Mit\u00e4 tehd\u00e4, jos..<\/h2>\n<h3>Tutustu vammoihin<\/h3>\n<p>Jos huomaat, ett\u00e4 kasvihuone tai kasvihuonepakkaus on vahingoittunut toimituksen aikana, sinun on ilmoitettava meille v\u00e4litt\u00f6m\u00e4sti. Jos mahdollista, vammat olisi kirjattava valokuvin kuljettajan l\u00e4sn\u00e4 ollessa.  <strong>Vahingosta on ilmoitettava kuljetusyritykselle viimeist\u00e4\u00e4n 5 ty\u00f6p\u00e4iv\u00e4n kuluessa, sill\u00e4 my\u00f6hemmin esitettyj\u00e4 korvausvaatimuksia ei oteta huomioon.<\/strong><\/p>\n<p>Seuraavaksi paketti on avattava, lajiteltava tuotteet ja kirjattava vialliset tuotteet. Pakkauksen vaurioituminen ei tietenk\u00e4\u00e4n v\u00e4ltt\u00e4m\u00e4tt\u00e4 tarkoita sit\u00e4, ett\u00e4 sis\u00e4lt\u00f6 olisi vahingoittunut. Jos kuitenkin on, k\u00e4yt\u00e4 paketin mukana toimitettua osaluetteloa ja m\u00e4\u00e4rit\u00e4 vaurioituneiden osien nimet ja koodit ja l\u00e4het\u00e4 meille s\u00e4hk\u00f6posti-ilmoitus. T\u00e4m\u00e4n j\u00e4lkeen voimme pyrki\u00e4 ratkaisemaan tilanteen mahdollisimman nopeasti ja k\u00e4tev\u00e4sti.<\/p>\n<p><strong>Ilmoitukset on aina teht\u00e4v\u00e4 kirjallisesti s\u00e4hk\u00f6postitse.<\/strong> Voit ilmoittaa meille etuk\u00e4teen puhelimitse, mutta sinun on my\u00f6s l\u00e4hetett\u00e4v\u00e4 meille kirjallinen pyynt\u00f6, jotta yksityiskohtien numerot vahvistetaan. T\u00e4m\u00e4 on v\u00e4ltt\u00e4m\u00e4t\u00f6nt\u00e4, jotta sinua voidaan palvella paremmin, sill\u00e4 puhelimessa on hyvin helppo tehd\u00e4 numerovirheit\u00e4.<\/p>\n<p>Koska t\u00e4t\u00e4 on kysytty konkreettisesti, toistamme t\u00e4m\u00e4n &#8211; jos p\u00e4\u00e4t\u00e4t koota kasvihuoneesi vuosi tai kaksi sen saamisen j\u00e4lkeen ja huomaat, ett\u00e4 pakkaus on vahingoittunut. Silloin ei valitettavasti ole mit\u00e4\u00e4n teht\u00e4viss\u00e4. Vaurioituneet osat on vaihdettava omalla kustannuksellasi. Loukkaantumisista on ilmoitettava 5 ty\u00f6p\u00e4iv\u00e4n kuluessa.<\/p>\n<h3>Jotain puuttuu..<\/h3>\n<p>Jos huomaat, ett\u00e4 kasvihuonepakkauksesta puuttuu jotakin, lajittele ja kirjaa tuotekoodit osaluettelon mukaisesti ja l\u00e4het\u00e4 meille v\u00e4litt\u00f6m\u00e4sti kirjallinen ilmoitus s\u00e4hk\u00f6postitse. Teemme parhaamme saadaksemme puuttuvat tiedot nopeasti.<\/p>\n<p>J\u00e4lleen kerran, oman etusi vuoksi voimme k\u00e4sitell\u00e4 <strong>vain kirjallisesti vastaanotettuja ilmoituksia<\/strong>. Tilauksesi lis\u00e4ksi meill\u00e4 on satoja eri tilauksia k\u00e4ynniss\u00e4 samaan aikaan, joten kukaan ei voi antaa sinulle tietoja puhelimitse.<\/p>\n<h3>Tied\u00e4mme, kun asiat eiv\u00e4t ole niin kuin niiden pit\u00e4isi olla &#8230;<\/h3>\n<p>Euro-Serren belgialaisella tehtaalla on itse asiassa eritt\u00e4in tehokas laadunvalvonta, ja koko pakkausprosessi tallennetaan videolle, joten voimme nopeasti selvitt\u00e4\u00e4, j\u00e4iv\u00e4tk\u00f6 tuotteet pakkaamatta tehtaalla tai h\u00e4visiv\u00e4tk\u00f6 ne esimerkiksi ostajalle paikan p\u00e4\u00e4ll\u00e4 paketin avaamisen j\u00e4lkeen. Voimme tietysti auttaa my\u00f6s j\u00e4lkimm\u00e4isess\u00e4 tapauksessa, mutta se on eri prosessi.<\/p>\n<h3>Unohdatte yksityiskohdat toisistanne<\/h3>\n<p>Kun avaat pakkausta ja kokoat kasvihuonetta, ole varovainen, sill\u00e4 monet ohuemmat profiilit on pakattu suurempien profiilien sis\u00e4\u00e4n. Pakkauksessa on my\u00f6s erillinen varoitusmerkint\u00e4. Jos todella k\u00e4y niin, ett\u00e4 sinulla oli kiire koota runko ja j\u00e4tit joitakin osia pois profiileista, p\u00e4\u00e4t\u00e4 paikan p\u00e4\u00e4ll\u00e4, onko k\u00e4yt\u00e4nn\u00f6llisemp\u00e4\u00e4 purkaa runko uudelleen vai ei. Jos p\u00e4\u00e4t\u00e4t, ett\u00e4 rungon avaaminen on liian ty\u00f6l\u00e4st\u00e4, voit tietenkin tilata tarvittavat osat, mutta se vie aikaa, ja sinun on maksettava siit\u00e4.<\/p>\n<h3>Tarkista tilaus tilatessasi<\/h3>\n<p>Varmista kasvihuonetta tilatessasi, ett\u00e4 kaikki tarvitsemasi lis\u00e4varusteet sis\u00e4ltyv\u00e4t laskuun pyydetyll\u00e4 tavalla. Jos haluat esimerkiksi kasvihuoneen, jossa on maalattu runko, varmista, ett\u00e4 t\u00e4m\u00e4 rivi on merkitty laskuun. \u00c4l\u00e4 oleta, ett\u00e4 tied\u00e4mme, mit\u00e4 haluat. Jos olet ep\u00e4varma, kysy aina.<\/p>\n<p>Toivottavasti n\u00e4ist\u00e4 tiedoista oli sinulle hy\u00f6ty\u00e4.<\/p>\n<p><strong>Koko kasvihuonevalikoima verkkokaupassamme: <a href=\"https:\/\/rodoaed.ee\/tootekategooria\/kasvuhooned-ja-talveaiad\/euro-serre-kasvuhooned\/\">Euro-Serre<\/a> <a href=\"https:\/\/rodoaed.ee\/tootekategooria\/kasvuhooned-ja-talveaiad\/hobby-kasvuhooned\/\">Hobby<\/a> <a href=\"https:\/\/rodoaed.ee\/tootekategooria\/kasvuhooned-ja-talveaiad\/acd-kasvuhooned\/\">ACD<\/a> <a href=\"https:\/\/rodoaed.ee\/tootekategooria\/kasvuhooned-ja-talveaiad\/floria-kasvuhooned\/\">Floria<\/a><\/strong><\/p>\n<p><a href=\"https:\/\/rodoaed.ee\/info\/kasvuhooned-p\/kasvuhooned-noudlikule-harrastajale\/\">Kasvihuoneet, <\/a><a href=\"https:\/\/rodoaed.ee\/fi\/tuotantorakennukset-ja-kasvihuoneet-yrittajalle\/\">tuotantorakennukset yritt\u00e4j\u00e4lle<\/a>,<\/p>\n","protected":false},"excerpt":{"rendered":"<p>Kasvihuonetakuu. Euro-Serre-kasvihuoneiden laadussa emme liioittele. Euro-Serre-kasvihuoneprofiileilla on 12 vuoden valmistajan takuu valmistus- ja materiaalivirheit\u00e4 vastaan. Polykarbonaattipaneeleilla on 10 vuoden valmistajan takuu virheiden varalta oikein asennettuna. Jauhemaalatuilla alumiiniprofiileilla on 2 vuoden v\u00e4ritakuu. Kasvihuonetakuu on valmistajan my\u00f6nt\u00e4m\u00e4 enint\u00e4\u00e4n 12 vuoden takuu vikojen varalta kaikille Euro-Serren kasvihuoneille. Kasvihuonetakuu &#8211; Mihin kasvihuonetakuu auttaa ja mihin se ei auta? Kasvihuonetakuu takaa laadukkaan tuotteen ja t\u00e4ydellisen sarjan. T\u00e4m\u00e4 tarkoittaa, ett\u00e4 jos&#8230;<\/p>\n","protected":false},"author":1,"featured_media":0,"parent":52234,"menu_order":40,"comment_status":"closed","ping_status":"closed","template":"","meta":{"_acf_changed":false,"footnotes":""},"class_list":["post-52235","page","type-page","status-publish","hentry"],"acf":[],"yoast_head":"<!-- This site is optimized with the Yoast SEO Premium plugin v27.3 (Yoast SEO v27.3) - https:\/\/yoast.com\/product\/yoast-seo-premium-wordpress\/ -->\n<title>Kasvihuonetakuu - Rodoaed% kasvihuoneet ja tarvikkeet<\/title>\n<meta name=\"description\" content=\"Kasvihuoneiden takuu Euro-Serren kasvihuoneilla on valmistajan my\u00f6nt\u00e4m\u00e4 12 vuoden takuu vikojen varalta. Kasvihuonetakuu ei kata vikoja.\" \/>\n<meta name=\"robots\" content=\"index, follow, max-snippet:-1, max-image-preview:large, max-video-preview:-1\" \/>\n<link rel=\"canonical\" href=\"https:\/\/rodoaed.ee\/fi\/kasvihuonetakuu\/\" \/>\n<meta property=\"og:locale\" content=\"fi_FI\" \/>\n<meta property=\"og:type\" content=\"article\" \/>\n<meta property=\"og:title\" content=\"Kasvihuonetakuu\" \/>\n<meta property=\"og:description\" content=\"Kasvihuonetakuu. Euro-Serre-kasvihuoneiden laadussa emme liioittele. Euro-Serre-kasvihuoneprofiileilla on 12 vuoden valmistajan takuu valmistus- ja\" \/>\n<meta property=\"og:url\" content=\"https:\/\/rodoaed.ee\/fi\/kasvihuonetakuu\/\" \/>\n<meta property=\"og:site_name\" content=\"Rodoaed\" \/>\n<meta property=\"article:publisher\" content=\"https:\/\/www.facebook.com\/kasvuhooned\/\" \/>\n<meta name=\"twitter:card\" content=\"summary_large_image\" \/>\n<meta name=\"twitter:label1\" content=\"Arvioitu lukuaika\" \/>\n\t<meta name=\"twitter:data1\" content=\"6 minuuttia\" \/>\n<script type=\"application\/ld+json\" class=\"yoast-schema-graph\">{\"@context\":\"https:\\\/\\\/schema.org\",\"@graph\":[{\"@type\":\"WebPage\",\"@id\":\"https:\\\/\\\/rodoaed.ee\\\/fi\\\/kasvihuonetakuu\\\/\",\"url\":\"https:\\\/\\\/rodoaed.ee\\\/fi\\\/kasvihuonetakuu\\\/\",\"name\":\"Kasvihuonetakuu - Rodoaed% kasvihuoneet ja tarvikkeet\",\"isPartOf\":{\"@id\":\"https:\\\/\\\/rodoaed.ee\\\/#website\"},\"datePublished\":\"2026-04-01T09:02:40+00:00\",\"description\":\"Kasvihuoneiden takuu Euro-Serren kasvihuoneilla on valmistajan my\u00f6nt\u00e4m\u00e4 12 vuoden takuu vikojen varalta. Kasvihuonetakuu ei kata vikoja.\",\"breadcrumb\":{\"@id\":\"https:\\\/\\\/rodoaed.ee\\\/fi\\\/kasvihuonetakuu\\\/#breadcrumb\"},\"inLanguage\":\"fi\",\"potentialAction\":[{\"@type\":\"ReadAction\",\"target\":[\"https:\\\/\\\/rodoaed.ee\\\/fi\\\/kasvihuonetakuu\\\/\"]}]},{\"@type\":\"BreadcrumbList\",\"@id\":\"https:\\\/\\\/rodoaed.ee\\\/fi\\\/kasvihuonetakuu\\\/#breadcrumb\",\"itemListElement\":[{\"@type\":\"ListItem\",\"position\":1,\"name\":\"Home\",\"item\":\"https:\\\/\\\/rodoaed.ee\\\/fi\\\/\"},{\"@type\":\"ListItem\",\"position\":2,\"name\":\"Kasvihuonetakuu\"}]},{\"@type\":\"WebSite\",\"@id\":\"https:\\\/\\\/rodoaed.ee\\\/#website\",\"url\":\"https:\\\/\\\/rodoaed.ee\\\/\",\"name\":\"Rodoaed\",\"description\":\"\",\"publisher\":{\"@id\":\"https:\\\/\\\/rodoaed.ee\\\/#organization\"},\"potentialAction\":[{\"@type\":\"SearchAction\",\"target\":{\"@type\":\"EntryPoint\",\"urlTemplate\":\"https:\\\/\\\/rodoaed.ee\\\/?s={search_term_string}\"},\"query-input\":{\"@type\":\"PropertyValueSpecification\",\"valueRequired\":true,\"valueName\":\"search_term_string\"}}],\"inLanguage\":\"fi\"},{\"@type\":\"Organization\",\"@id\":\"https:\\\/\\\/rodoaed.ee\\\/#organization\",\"name\":\"Rodoaed\",\"url\":\"https:\\\/\\\/rodoaed.ee\\\/\",\"logo\":{\"@type\":\"ImageObject\",\"inLanguage\":\"fi\",\"@id\":\"https:\\\/\\\/rodoaed.ee\\\/#\\\/schema\\\/logo\\\/image\\\/\",\"url\":\"https:\\\/\\\/rodoaed.ee\\\/wp-content\\\/uploads\\\/2019\\\/11\\\/rodoaed-logo-ilma-taustata.jpg\",\"contentUrl\":\"https:\\\/\\\/rodoaed.ee\\\/wp-content\\\/uploads\\\/2019\\\/11\\\/rodoaed-logo-ilma-taustata.jpg\",\"width\":769,\"height\":268,\"caption\":\"Rodoaed\"},\"image\":{\"@id\":\"https:\\\/\\\/rodoaed.ee\\\/#\\\/schema\\\/logo\\\/image\\\/\"},\"sameAs\":[\"https:\\\/\\\/www.facebook.com\\\/kasvuhooned\\\/\",\"https:\\\/\\\/rodoaed.ee\"]}]}<\/script>\n<!-- \/ Yoast SEO Premium plugin. -->","yoast_head_json":{"title":"Kasvihuonetakuu - Rodoaed% kasvihuoneet ja tarvikkeet","description":"Kasvihuoneiden takuu Euro-Serren kasvihuoneilla on valmistajan my\u00f6nt\u00e4m\u00e4 12 vuoden takuu vikojen varalta. Kasvihuonetakuu ei kata vikoja.","robots":{"index":"index","follow":"follow","max-snippet":"max-snippet:-1","max-image-preview":"max-image-preview:large","max-video-preview":"max-video-preview:-1"},"canonical":"https:\/\/rodoaed.ee\/fi\/kasvihuonetakuu\/","og_locale":"fi_FI","og_type":"article","og_title":"Kasvihuonetakuu","og_description":"Kasvihuonetakuu. Euro-Serre-kasvihuoneiden laadussa emme liioittele. Euro-Serre-kasvihuoneprofiileilla on 12 vuoden valmistajan takuu valmistus- ja","og_url":"https:\/\/rodoaed.ee\/fi\/kasvihuonetakuu\/","og_site_name":"Rodoaed","article_publisher":"https:\/\/www.facebook.com\/kasvuhooned\/","twitter_card":"summary_large_image","twitter_misc":{"Arvioitu lukuaika":"6 minuuttia"},"schema":{"@context":"https:\/\/schema.org","@graph":[{"@type":"WebPage","@id":"https:\/\/rodoaed.ee\/fi\/kasvihuonetakuu\/","url":"https:\/\/rodoaed.ee\/fi\/kasvihuonetakuu\/","name":"Kasvihuonetakuu - Rodoaed% kasvihuoneet ja tarvikkeet","isPartOf":{"@id":"https:\/\/rodoaed.ee\/#website"},"datePublished":"2026-04-01T09:02:40+00:00","description":"Kasvihuoneiden takuu Euro-Serren kasvihuoneilla on valmistajan my\u00f6nt\u00e4m\u00e4 12 vuoden takuu vikojen varalta. Kasvihuonetakuu ei kata vikoja.","breadcrumb":{"@id":"https:\/\/rodoaed.ee\/fi\/kasvihuonetakuu\/#breadcrumb"},"inLanguage":"fi","potentialAction":[{"@type":"ReadAction","target":["https:\/\/rodoaed.ee\/fi\/kasvihuonetakuu\/"]}]},{"@type":"BreadcrumbList","@id":"https:\/\/rodoaed.ee\/fi\/kasvihuonetakuu\/#breadcrumb","itemListElement":[{"@type":"ListItem","position":1,"name":"Home","item":"https:\/\/rodoaed.ee\/fi\/"},{"@type":"ListItem","position":2,"name":"Kasvihuonetakuu"}]},{"@type":"WebSite","@id":"https:\/\/rodoaed.ee\/#website","url":"https:\/\/rodoaed.ee\/","name":"Rodoaed","description":"","publisher":{"@id":"https:\/\/rodoaed.ee\/#organization"},"potentialAction":[{"@type":"SearchAction","target":{"@type":"EntryPoint","urlTemplate":"https:\/\/rodoaed.ee\/?s={search_term_string}"},"query-input":{"@type":"PropertyValueSpecification","valueRequired":true,"valueName":"search_term_string"}}],"inLanguage":"fi"},{"@type":"Organization","@id":"https:\/\/rodoaed.ee\/#organization","name":"Rodoaed","url":"https:\/\/rodoaed.ee\/","logo":{"@type":"ImageObject","inLanguage":"fi","@id":"https:\/\/rodoaed.ee\/#\/schema\/logo\/image\/","url":"https:\/\/rodoaed.ee\/wp-content\/uploads\/2019\/11\/rodoaed-logo-ilma-taustata.jpg","contentUrl":"https:\/\/rodoaed.ee\/wp-content\/uploads\/2019\/11\/rodoaed-logo-ilma-taustata.jpg","width":769,"height":268,"caption":"Rodoaed"},"image":{"@id":"https:\/\/rodoaed.ee\/#\/schema\/logo\/image\/"},"sameAs":["https:\/\/www.facebook.com\/kasvuhooned\/","https:\/\/rodoaed.ee"]}]}},"_links":{"self":[{"href":"https:\/\/rodoaed.ee\/fi\/wp-json\/wp\/v2\/pages\/52235","targetHints":{"allow":["GET"]}}],"collection":[{"href":"https:\/\/rodoaed.ee\/fi\/wp-json\/wp\/v2\/pages"}],"about":[{"href":"https:\/\/rodoaed.ee\/fi\/wp-json\/wp\/v2\/types\/page"}],"author":[{"embeddable":true,"href":"https:\/\/rodoaed.ee\/fi\/wp-json\/wp\/v2\/users\/1"}],"replies":[{"embeddable":true,"href":"https:\/\/rodoaed.ee\/fi\/wp-json\/wp\/v2\/comments?post=52235"}],"version-history":[{"count":0,"href":"https:\/\/rodoaed.ee\/fi\/wp-json\/wp\/v2\/pages\/52235\/revisions"}],"up":[{"embeddable":true,"href":"https:\/\/rodoaed.ee\/fi\/wp-json\/wp\/v2\/pages\/52234"}],"wp:attachment":[{"href":"https:\/\/rodoaed.ee\/fi\/wp-json\/wp\/v2\/media?parent=52235"}],"curies":[{"name":"wp","href":"https:\/\/api.w.org\/{rel}","templated":true}]}}