{"id":52237,"date":"2026-04-01T12:02:41","date_gmt":"2026-04-01T09:02:41","guid":{"rendered":"https:\/\/rodoaed.ee\/info-2\/kasvihuoneet\/kasvihuoneen-valinta\/"},"modified":"2026-04-01T12:02:41","modified_gmt":"2026-04-01T09:02:41","slug":"kasvihuoneen-valinta","status":"publish","type":"page","link":"https:\/\/rodoaed.ee\/fi\/info-2\/kasvihuoneet\/kasvihuoneen-valinta\/","title":{"rendered":"Kasvihuoneen valinta"},"content":{"rendered":"<h2>Kasvihuoneen valinta &#8211; mit\u00e4 on otettava huomioon hyv\u00e4n valinnan tekemiseksi<\/h2>\n<p>Kasvihuoneen valinta on suuri askel, jota on harkittava huolellisesti. Loppujen lopuksi valitsemme kasvihuoneen hyvin pitk\u00e4ksi aikaa. Hyv\u00e4 kasvihuone kest\u00e4\u00e4 vuosikymmeni\u00e4.  <\/p>\n<\/p>\n<h2><strong>Kasvihuoneen valitseminen puutarhaan<\/strong><\/h2>\n<p>Kun valitset kasvihuonetta, sinun on mietitt\u00e4v\u00e4, mit\u00e4 aiot kasvattaa ja kuinka paljon &#8211; sen kokoa. Lapsiperheelle optimaalinen koko olisi noin 18 m2 , sill\u00e4 t\u00e4m\u00e4n kokoiseen kasvihuoneeseen mahtuu jo koko perheen tarvitsema m\u00e4\u00e4r\u00e4 tomaatteja, kurkkuja ja paprikoita. Pienempi, noin 12 m2:n kasvihuone olisi my\u00f6s hyv\u00e4, mutta silloin tilaa ei olisi yht\u00e4 runsaasti. Jos et ole varma, mit\u00e4 haluat kasvattaa, mutta haluaisit kokeilla, kokeile 10-12 m2:n kasvihuonetta. Emme todellakaan suosittele alle 10m2 kasvihuonetta, koska jos saat hampaat irti, kasvihuoneesta tulee nopeasti ahdas, ja kaikki alle 10 neli\u00f6n kasvihuone olisi pettymys.    <\/p>\n<p>Se, onko kasvihuoneen pit\u00e4minen sinulle todellinen intohimo vai vain ylim\u00e4\u00e4r\u00e4inen harrastus puutarhassa, riippuu siit\u00e4, kuinka paljon olet valmis investoimaan kasvihuoneeseen. Suurempi investointi kannattaa varmasti pitk\u00e4ll\u00e4 aikav\u00e4lill\u00e4 ja p\u00e4ivitt\u00e4isen k\u00e4yt\u00f6n helppouden kannalta. Laadukas kasvihuone on puutarhasi koriste, ei vain k\u00e4yt\u00e4nn\u00f6llinen paikka.  <\/p>\n<\/p>\n<h2><strong>Kasvihuoneen valinta &#8211; mist\u00e4<\/strong><strong> Mist\u00e4 kasvihuoneen pit\u00e4isi olla tehty?<\/strong><\/h2>\n<p>Kasvihuoneen tulisi olla alumiinirakenteinen, ja suosittelemme vahvasti polykarbonaattikattoa lasin sijasta. Alumiinirungot ovat kevyit\u00e4 ja kest\u00e4v\u00e4t hyvin, hyvin pitk\u00e4\u00e4n, toisin kuin rauta, joka ruostuu vuosien kuluessa. <\/p>\n<\/p>\n<h2><strong>Kasvihuonemateriaalien hyv\u00e4t ja huonot puolet<\/strong><\/h2>\n<p>Kasvihuone on nostalginen, mutta se vaatii enemm\u00e4n huoltoa, eik\u00e4 se ole niin hyv\u00e4 ratkaisu kasveille. Jos valitset lasia, varmista, ett\u00e4 se on karkaistua 4 mm:n lasia, sill\u00e4 se ei anna ter\u00e4vi\u00e4 sirpaleita rikkoutuessaan. Tavallista 3 mm:n lasia ei todellakaan suositella, sill\u00e4 se antaa rikkoutuessaan paljon ter\u00e4vi\u00e4 sirpaleita, jotka voivat vahingoittaa maaper\u00e4\u00e4 ja olla eritt\u00e4in vaarallisia lapsille.  <\/p>\n<p>Polykarbonaatti on parempi kasveille &#8211; olettaen, ett\u00e4 valittu kasvihuone on hyv\u00e4laatuista polykarbonaattia kasvihuoneisiin. Mainitsen t\u00e4m\u00e4n, koska kiinalaiset kasvihuoneet ja monet superhalvat sarjat sis\u00e4lt\u00e4v\u00e4t tavallista rakennuslevy\u00e4, joka ei kest\u00e4 s\u00e4\u00e4ss\u00e4 ja auringossa kuin pari vuotta.   <\/p>\n<p>Polykarbonaatin etuna lasiin verrattuna on ensinn\u00e4kin sen kyky hajottaa valoa ja l\u00e4mp\u00f6\u00e4. Kun olet polykarbonaattirakennuksessa, aurinko ei paista suoraan kattoon, vaan valo on miellytt\u00e4v\u00e4sti hajallaan. Toiseksi polykarbonaatti pid\u00e4tt\u00e4\u00e4 l\u00e4mp\u00f6\u00e4 paremmin kuin lasi ja l\u00e4p\u00e4isee my\u00f6s suurimman osan auringon spektrist\u00e4, mik\u00e4 on t\u00e4rke\u00e4\u00e4 kasveille. Polykarbonaatti on k\u00e4yt\u00e4nn\u00f6ss\u00e4 s\u00e4rkym\u00e4t\u00f6nt\u00e4, jos katolle putoaa esimerkiksi puun oksa tai jokin muu esine.   <\/p>\n<p>Polykarbonaatin paksuus voi olla 8 mm. Vaikka 4 mm:n paksuista kantta k\u00e4ytet\u00e4\u00e4n my\u00f6s hyvin pieniss\u00e4 kasvihuoneissa, alle 8 mm:n paksuista kantta olisi v\u00e4ltett\u00e4v\u00e4 suuremmissa malleissa, koska raskas lumi voi ty\u00f6nt\u00e4\u00e4 sen sis\u00e4\u00e4n. \u00c4l\u00e4 murskaa, vaan ty\u00f6nn\u00e4 kokonaiset laatat kehyksiin.  <\/p>\n<p>Uusi standardi on 8 mm:n umpinaiset polykarbonaattilaatat, jotka pysyv\u00e4t sis\u00e4lt\u00e4 puhtaina pidemp\u00e4\u00e4n ja pid\u00e4tt\u00e4v\u00e4t l\u00e4mp\u00f6\u00e4 paremmin kuin irtonaiset laatat. Ostamalla laattanauhan voit tehd\u00e4 my\u00f6s tavallisista laatoista paljon l\u00e4mpim\u00e4mpi\u00e4. <\/p>\n<\/p>\n<h2><strong>Kuinka suuri kasvihuone kannattaa valita?<\/strong><\/h2>\n<p>Kasvihuoneen koko on aina valittava varovaisesti. Yleisesti ottaen yksik\u00e4\u00e4n kasvihuone ei ole koskaan ollut tyhj\u00e4, ja tilaa on paljon. On harmillista, kun valinta on tehty ja sitten huomaa, ett\u00e4 se onkin liian pieni. Harrastepuutarhurille optimaalinen koko olisi 12-18 m2, johon mahtuu tomaatteja, kurkkuja, paprikoita sek\u00e4 yrttej\u00e4 ja salaatin vihanneksia. T\u00e4m\u00e4n kokoiset kasvihuoneet ovat my\u00f6s edullisia.     <\/p>\n<p>Yl\u00e4kokorajoitusta ei ole. Hyvin pieniss\u00e4 kasvihuoneissa, kuten 4-7 m2 :n kasvihuoneissa, on kuitenkin otettava huomioon, ett\u00e4 ilma l\u00e4mpenee nopeammin ja kosteuden ja l\u00e4mp\u00f6tilan pit\u00e4minen tasaisena on paljon vaikeampaa kuin suuremmissa kasvihuoneissa. Lis\u00e4ksi pienet mallit ovat yleens\u00e4 hyvin matalia.  <\/p>\n<h2><strong>Mit\u00e4 asioita on otettava huomioon kasvihuonetta valittaessa?<\/strong><\/h2>\n<p>Kasvihuoneen ostaminen on pitk\u00e4aikainen p\u00e4\u00e4t\u00f6s. Hyv\u00e4 kasvihuone kest\u00e4\u00e4 kauemmin kuin auto. Mieti siis tarkkaan, kuinka hyv\u00e4 kasvihuone kannattaa sinulle ja lapsillesi.  <\/p>\n<\/p>\n<h2><strong>Miten erottaa hyv\u00e4 kasvihuone huonosta?<\/strong><\/h2>\n<p>Olet t\u00e4ysin tyytyv\u00e4inen hyv\u00e4\u00e4n kasvihuoneeseen. Tunnet tehneesi oikean p\u00e4\u00e4t\u00f6ksen ja olet tyytyv\u00e4inen sijoitukseesi tulevina vuosina. Jos ostat huonon kasvihuoneen, olet tyytyv\u00e4inen vasta, kun maksat siit\u00e4 kassalla, ja kadut sit\u00e4 koko loppuel\u00e4m\u00e4si ajan. Hyv\u00e4 kasvihuone on sis\u00e4lt\u00e4 tilava ja ulkoa kohtelias; sen rakenne on vahvasti profiloitu ja j\u00e4ykk\u00e4, ja se kest\u00e4\u00e4 raskasta lunta, myrskytuulia ja kattokiipeily\u00e4. Hyv\u00e4n kasvihuoneen ovet ja luukut kulkevat sulavasti ja varmasti (huonon kasvihuoneen luukut tukkeutuvat ja ovet irtoavat helposti kiskoista). Hyv\u00e4 kasvihuone on ergonomisesti suunniteltu niin, ett\u00e4 sit\u00e4 on mukava k\u00e4ytt\u00e4\u00e4. Nyrkkis\u00e4\u00e4nt\u00f6 on, ett\u00e4 ergonomisiin asioihin tottuu nopeasti eik\u00e4 niit\u00e4 pian huomaa, kun taas ep\u00e4mukavista asioista saa jatkuvasti muistutuksen.      <\/p>\n<\/p>\n<h2><strong>Mit\u00e4 lis\u00e4varusteita sinun pit\u00e4isi ehdottomasti ostaa kasvihuoneeseesi?<\/strong><\/h2>\n<p>Kattoluukkuihin kannattaa ehdottomasti hankkia automaattiset avaimet, jotta sinun ei tarvitse ry\u00f6mi\u00e4 katon alle ja avata ja sulkea luukkuja kahdesti p\u00e4iv\u00e4ss\u00e4. En toivoisi t\u00e4t\u00e4 ty\u00f6t\u00e4 kenellek\u00e4\u00e4n. <\/p>\n<p>Jokaisessa kasvihuoneessa on my\u00f6s oltava nykyaikainen kasteluj\u00e4rjestelm\u00e4, jossa on keraamiset anturit, jotta varmistetaan kasvien tasainen kosteustaso. Tomaattikasvit kasvavat paljon terveemmiksi ja vahvemmiksi, jos ne saavat vett\u00e4 tasaisesti sen sijaan, ett\u00e4 ne kuivuvat ja sitten tulvivat. N\u00e4in tomaatit kasvattavat stressin vuoksi paksun kuoren ja hyv\u00e4 maku menetet\u00e4\u00e4n.  <\/p>\n<p>Kasvihuoneen pit\u00e4minen ei saisi olla ty\u00f6 ja velvollisuus, vaan ilo. Kun ilmanvaihto ja kastelu annetaan automaattisen j\u00e4rjestelm\u00e4n teht\u00e4v\u00e4ksi, ty\u00f6l\u00e4it\u00e4 toimintoja ei tarvitse tehd\u00e4. <\/p>\n<p>Kasvihuoneen sein\u00e4lle kannattaa ehdottomasti hankkia hyllyj\u00e4 ja ty\u00f6taso istutusta ja muita t\u00f6it\u00e4 varten. Hyllyjen avulla voit hy\u00f6dynt\u00e4\u00e4 rajallisen tilan parhaalla mahdollisella tavalla, ja voit my\u00f6s sijoittaa tarvittavat ty\u00f6kalut, ruukut ja v\u00e4lineet ty\u00f6tasolle. <\/p>\n<\/p>\n<h2><strong>Mihin kasvihuone tulisi sijoittaa?<\/strong><\/h2>\n<p>Kasvihuone olisi hyv\u00e4 sijoittaa aurinkoiseen paikkaan puutarhassa, pois suurten puiden l\u00e4heisyydest\u00e4. Hyv\u00e4 suunta olisi pohjois-etel\u00e4, jotta kasvit saavat mahdollisimman paljon valoa koko p\u00e4iv\u00e4n ajan. Suurten puiden alla on vaarana, ett\u00e4 tuuli puhaltaa joitakin suuria oksia ja ett\u00e4 sinne ker\u00e4\u00e4ntyy lehti\u00e4 ja muita roskia, joiden siivoaminen on hankalaa.  <\/p>\n<\/p>\n<h2><strong>Kuinka kauan kasvihuone kest\u00e4\u00e4?  <\/strong><\/h2>\n<p>Kasvihuoneen k\u00e4ytt\u00f6ik\u00e4 riippuu suoraan valitun kasvihuoneen rakenteesta ja laadusta. Kahdessa \u00e4\u00e4rip\u00e4\u00e4ss\u00e4 &#8211; valtaosa Virossa joka vuosi supertarjouksin ostetuista superedullisista kasvihuoneista romahtaa talvimyrskyiss\u00e4 tai lumen painon alla. Kunnolliset, Euroopassa valmistetut kasvihuoneet kest\u00e4v\u00e4t vuosikymmeni\u00e4 tai enemm\u00e4nkin. Nykyaikaiset alumiinirakenteet kest\u00e4v\u00e4t hyvin pitk\u00e4\u00e4n, kukaan ei tied\u00e4, kuinka kauan itse asiassa. Metallirakenne ruostuu pois noin 5-10 vuodessa. Alumiinirakenteen pit\u00e4isi kest\u00e4\u00e4 v\u00e4hint\u00e4\u00e4n 50 vuotta. Polykarbonaatilla on yleens\u00e4 12 vuoden takuu, mutta materiaali kest\u00e4\u00e4 tietenkin paljon kauemmin.      <\/p>\n<p><strong>Koko kasvihuonevalikoima verkkokaupassamme: <a href=\"https:\/\/rodoaed.ee\/tootekategooria\/kasvuhooned-ja-talveaiad\/euro-serre-kasvuhooned\/\">Euro-Serre<\/a> <a href=\"https:\/\/rodoaed.ee\/tootekategooria\/kasvuhooned-ja-talveaiad\/hobby-kasvuhooned\/\">Hobby<\/a> <a href=\"https:\/\/rodoaed.ee\/tootekategooria\/kasvuhooned-ja-talveaiad\/acd-kasvuhooned\/\">ACD<\/a> <a href=\"https:\/\/rodoaed.ee\/tootekategooria\/kasvuhooned-ja-talveaiad\/floria-kasvuhooned\/\">Floria<\/a><\/strong><\/p>\n<p><a href=\"https:\/\/rodoaed.ee\/info\/kasvuhooned-p\/kasvuhooned-noudlikule-harrastajale\/\">Kasvihuoneet, <\/a><a href=\"https:\/\/rodoaed.ee\/fi\/tuotantorakennukset-ja-kasvihuoneet-yrittajalle\/\">tuotantorakennukset yritt\u00e4j\u00e4lle<\/a>,<\/p>\n\n<p><\/p>\n","protected":false},"excerpt":{"rendered":"<p>Kasvihuoneen valinta &#8211; mit\u00e4 on otettava huomioon hyv\u00e4n valinnan tekemiseksi Kasvihuoneen valinta on suuri askel, jota on harkittava huolellisesti. Loppujen lopuksi valitsemme kasvihuoneen hyvin pitk\u00e4ksi aikaa. Hyv\u00e4 kasvihuone kest\u00e4\u00e4 vuosikymmeni\u00e4. Kasvihuoneen valitseminen puutarhaan Kun valitset kasvihuonetta, sinun on mietitt\u00e4v\u00e4, mit\u00e4 aiot kasvattaa ja kuinka paljon &#8211; sen kokoa. Lapsiperheelle optimaalinen koko olisi noin 18 m2 , sill\u00e4 t\u00e4m\u00e4n kokoiseen kasvihuoneeseen mahtuu jo koko perheen tarvitsema&#8230;<\/p>\n","protected":false},"author":1,"featured_media":26545,"parent":52234,"menu_order":20,"comment_status":"closed","ping_status":"closed","template":"","meta":{"_acf_changed":false,"footnotes":""},"class_list":["post-52237","page","type-page","status-publish","has-post-thumbnail","hentry"],"acf":[],"yoast_head":"<!-- This site is optimized with the Yoast SEO Premium plugin v27.3 (Yoast SEO v27.3) - https:\/\/yoast.com\/product\/yoast-seo-premium-wordpress\/ -->\n<title>Kasvihuoneen valinta -% Rodoaed kasvihuoneet ja tarvikkeet<\/title>\n<meta name=\"description\" content=\"Kasvihuoneen valitseminen puutarhaan on suuri askel, jota kannattaa harkita huolellisesti. Kasvihuoneen valinta ja k\u00e4yt\u00e4nn\u00f6n ehdotuksia.\" \/>\n<meta name=\"robots\" content=\"index, follow, max-snippet:-1, max-image-preview:large, max-video-preview:-1\" \/>\n<link rel=\"canonical\" href=\"https:\/\/rodoaed.ee\/fi\/info-2\/kasvihuoneet\/kasvihuoneen-valinta\/\" \/>\n<meta property=\"og:locale\" content=\"fi_FI\" \/>\n<meta property=\"og:type\" content=\"article\" \/>\n<meta property=\"og:title\" content=\"Kasvihuoneen valinta\" \/>\n<meta property=\"og:description\" content=\"Kasvihuoneen valinta - mit\u00e4 on otettava huomioon hyv\u00e4n valinnan tekemiseksi Kasvihuoneen valinta on suuri askel, jota on harkittava huolellisesti.\" \/>\n<meta property=\"og:url\" content=\"https:\/\/rodoaed.ee\/fi\/info-2\/kasvihuoneet\/kasvihuoneen-valinta\/\" \/>\n<meta property=\"og:site_name\" content=\"Rodoaed\" \/>\n<meta property=\"article:publisher\" content=\"https:\/\/www.facebook.com\/kasvuhooned\/\" \/>\n<meta property=\"og:image\" content=\"https:\/\/rodoaed.ee\/wp-content\/uploads\/2019\/09\/Kasvuhoone_gothic_12.jpg\" \/>\n\t<meta property=\"og:image:width\" content=\"960\" \/>\n\t<meta property=\"og:image:height\" content=\"720\" \/>\n\t<meta property=\"og:image:type\" content=\"image\/jpeg\" \/>\n<meta name=\"twitter:card\" content=\"summary_large_image\" \/>\n<meta name=\"twitter:label1\" content=\"Arvioitu lukuaika\" \/>\n\t<meta name=\"twitter:data1\" content=\"5 minuuttia\" \/>\n<script type=\"application\/ld+json\" class=\"yoast-schema-graph\">{\"@context\":\"https:\\\/\\\/schema.org\",\"@graph\":[{\"@type\":\"WebPage\",\"@id\":\"https:\\\/\\\/rodoaed.ee\\\/fi\\\/info-2\\\/kasvihuoneet\\\/kasvihuoneen-valinta\\\/\",\"url\":\"https:\\\/\\\/rodoaed.ee\\\/fi\\\/info-2\\\/kasvihuoneet\\\/kasvihuoneen-valinta\\\/\",\"name\":\"Kasvihuoneen valinta -% Rodoaed kasvihuoneet ja tarvikkeet\",\"isPartOf\":{\"@id\":\"https:\\\/\\\/rodoaed.ee\\\/#website\"},\"primaryImageOfPage\":{\"@id\":\"https:\\\/\\\/rodoaed.ee\\\/fi\\\/info-2\\\/kasvihuoneet\\\/kasvihuoneen-valinta\\\/#primaryimage\"},\"image\":{\"@id\":\"https:\\\/\\\/rodoaed.ee\\\/fi\\\/info-2\\\/kasvihuoneet\\\/kasvihuoneen-valinta\\\/#primaryimage\"},\"thumbnailUrl\":\"https:\\\/\\\/rodoaed.ee\\\/wp-content\\\/uploads\\\/2019\\\/09\\\/Kasvuhoone_gothic_12.jpg\",\"datePublished\":\"2026-04-01T09:02:41+00:00\",\"description\":\"Kasvihuoneen valitseminen puutarhaan on suuri askel, jota kannattaa harkita huolellisesti. Kasvihuoneen valinta ja k\u00e4yt\u00e4nn\u00f6n ehdotuksia.\",\"breadcrumb\":{\"@id\":\"https:\\\/\\\/rodoaed.ee\\\/fi\\\/info-2\\\/kasvihuoneet\\\/kasvihuoneen-valinta\\\/#breadcrumb\"},\"inLanguage\":\"fi\",\"potentialAction\":[{\"@type\":\"ReadAction\",\"target\":[\"https:\\\/\\\/rodoaed.ee\\\/fi\\\/info-2\\\/kasvihuoneet\\\/kasvihuoneen-valinta\\\/\"]}]},{\"@type\":\"ImageObject\",\"inLanguage\":\"fi\",\"@id\":\"https:\\\/\\\/rodoaed.ee\\\/fi\\\/info-2\\\/kasvihuoneet\\\/kasvihuoneen-valinta\\\/#primaryimage\",\"url\":\"https:\\\/\\\/rodoaed.ee\\\/wp-content\\\/uploads\\\/2019\\\/09\\\/Kasvuhoone_gothic_12.jpg\",\"contentUrl\":\"https:\\\/\\\/rodoaed.ee\\\/wp-content\\\/uploads\\\/2019\\\/09\\\/Kasvuhoone_gothic_12.jpg\",\"width\":960,\"height\":720,\"caption\":\"kasvihuoneen valinta\"},{\"@type\":\"BreadcrumbList\",\"@id\":\"https:\\\/\\\/rodoaed.ee\\\/fi\\\/info-2\\\/kasvihuoneet\\\/kasvihuoneen-valinta\\\/#breadcrumb\",\"itemListElement\":[{\"@type\":\"ListItem\",\"position\":1,\"name\":\"Home\",\"item\":\"https:\\\/\\\/rodoaed.ee\\\/fi\\\/\"},{\"@type\":\"ListItem\",\"position\":2,\"name\":\"Info\",\"item\":\"https:\\\/\\\/rodoaed.ee\\\/info-2\\\/\"},{\"@type\":\"ListItem\",\"position\":3,\"name\":\"Kasvihuoneet\",\"item\":\"https:\\\/\\\/rodoaed.ee\\\/info-2\\\/kasvihuoneet\\\/\"},{\"@type\":\"ListItem\",\"position\":4,\"name\":\"Kasvihuoneen valinta\"}]},{\"@type\":\"WebSite\",\"@id\":\"https:\\\/\\\/rodoaed.ee\\\/#website\",\"url\":\"https:\\\/\\\/rodoaed.ee\\\/\",\"name\":\"Rodoaed\",\"description\":\"\",\"publisher\":{\"@id\":\"https:\\\/\\\/rodoaed.ee\\\/#organization\"},\"potentialAction\":[{\"@type\":\"SearchAction\",\"target\":{\"@type\":\"EntryPoint\",\"urlTemplate\":\"https:\\\/\\\/rodoaed.ee\\\/?s={search_term_string}\"},\"query-input\":{\"@type\":\"PropertyValueSpecification\",\"valueRequired\":true,\"valueName\":\"search_term_string\"}}],\"inLanguage\":\"fi\"},{\"@type\":\"Organization\",\"@id\":\"https:\\\/\\\/rodoaed.ee\\\/#organization\",\"name\":\"Rodoaed\",\"url\":\"https:\\\/\\\/rodoaed.ee\\\/\",\"logo\":{\"@type\":\"ImageObject\",\"inLanguage\":\"fi\",\"@id\":\"https:\\\/\\\/rodoaed.ee\\\/#\\\/schema\\\/logo\\\/image\\\/\",\"url\":\"https:\\\/\\\/rodoaed.ee\\\/wp-content\\\/uploads\\\/2019\\\/11\\\/rodoaed-logo-ilma-taustata.jpg\",\"contentUrl\":\"https:\\\/\\\/rodoaed.ee\\\/wp-content\\\/uploads\\\/2019\\\/11\\\/rodoaed-logo-ilma-taustata.jpg\",\"width\":769,\"height\":268,\"caption\":\"Rodoaed\"},\"image\":{\"@id\":\"https:\\\/\\\/rodoaed.ee\\\/#\\\/schema\\\/logo\\\/image\\\/\"},\"sameAs\":[\"https:\\\/\\\/www.facebook.com\\\/kasvuhooned\\\/\",\"https:\\\/\\\/rodoaed.ee\"]}]}<\/script>\n<!-- \/ Yoast SEO Premium plugin. -->","yoast_head_json":{"title":"Kasvihuoneen valinta -% Rodoaed kasvihuoneet ja tarvikkeet","description":"Kasvihuoneen valitseminen puutarhaan on suuri askel, jota kannattaa harkita huolellisesti. Kasvihuoneen valinta ja k\u00e4yt\u00e4nn\u00f6n ehdotuksia.","robots":{"index":"index","follow":"follow","max-snippet":"max-snippet:-1","max-image-preview":"max-image-preview:large","max-video-preview":"max-video-preview:-1"},"canonical":"https:\/\/rodoaed.ee\/fi\/info-2\/kasvihuoneet\/kasvihuoneen-valinta\/","og_locale":"fi_FI","og_type":"article","og_title":"Kasvihuoneen valinta","og_description":"Kasvihuoneen valinta - mit\u00e4 on otettava huomioon hyv\u00e4n valinnan tekemiseksi Kasvihuoneen valinta on suuri askel, jota on harkittava huolellisesti.","og_url":"https:\/\/rodoaed.ee\/fi\/info-2\/kasvihuoneet\/kasvihuoneen-valinta\/","og_site_name":"Rodoaed","article_publisher":"https:\/\/www.facebook.com\/kasvuhooned\/","og_image":[{"width":960,"height":720,"url":"https:\/\/rodoaed.ee\/wp-content\/uploads\/2019\/09\/Kasvuhoone_gothic_12.jpg","type":"image\/jpeg"}],"twitter_card":"summary_large_image","twitter_misc":{"Arvioitu lukuaika":"5 minuuttia"},"schema":{"@context":"https:\/\/schema.org","@graph":[{"@type":"WebPage","@id":"https:\/\/rodoaed.ee\/fi\/info-2\/kasvihuoneet\/kasvihuoneen-valinta\/","url":"https:\/\/rodoaed.ee\/fi\/info-2\/kasvihuoneet\/kasvihuoneen-valinta\/","name":"Kasvihuoneen valinta -% Rodoaed kasvihuoneet ja tarvikkeet","isPartOf":{"@id":"https:\/\/rodoaed.ee\/#website"},"primaryImageOfPage":{"@id":"https:\/\/rodoaed.ee\/fi\/info-2\/kasvihuoneet\/kasvihuoneen-valinta\/#primaryimage"},"image":{"@id":"https:\/\/rodoaed.ee\/fi\/info-2\/kasvihuoneet\/kasvihuoneen-valinta\/#primaryimage"},"thumbnailUrl":"https:\/\/rodoaed.ee\/wp-content\/uploads\/2019\/09\/Kasvuhoone_gothic_12.jpg","datePublished":"2026-04-01T09:02:41+00:00","description":"Kasvihuoneen valitseminen puutarhaan on suuri askel, jota kannattaa harkita huolellisesti. Kasvihuoneen valinta ja k\u00e4yt\u00e4nn\u00f6n ehdotuksia.","breadcrumb":{"@id":"https:\/\/rodoaed.ee\/fi\/info-2\/kasvihuoneet\/kasvihuoneen-valinta\/#breadcrumb"},"inLanguage":"fi","potentialAction":[{"@type":"ReadAction","target":["https:\/\/rodoaed.ee\/fi\/info-2\/kasvihuoneet\/kasvihuoneen-valinta\/"]}]},{"@type":"ImageObject","inLanguage":"fi","@id":"https:\/\/rodoaed.ee\/fi\/info-2\/kasvihuoneet\/kasvihuoneen-valinta\/#primaryimage","url":"https:\/\/rodoaed.ee\/wp-content\/uploads\/2019\/09\/Kasvuhoone_gothic_12.jpg","contentUrl":"https:\/\/rodoaed.ee\/wp-content\/uploads\/2019\/09\/Kasvuhoone_gothic_12.jpg","width":960,"height":720,"caption":"kasvihuoneen valinta"},{"@type":"BreadcrumbList","@id":"https:\/\/rodoaed.ee\/fi\/info-2\/kasvihuoneet\/kasvihuoneen-valinta\/#breadcrumb","itemListElement":[{"@type":"ListItem","position":1,"name":"Home","item":"https:\/\/rodoaed.ee\/fi\/"},{"@type":"ListItem","position":2,"name":"Info","item":"https:\/\/rodoaed.ee\/info-2\/"},{"@type":"ListItem","position":3,"name":"Kasvihuoneet","item":"https:\/\/rodoaed.ee\/info-2\/kasvihuoneet\/"},{"@type":"ListItem","position":4,"name":"Kasvihuoneen valinta"}]},{"@type":"WebSite","@id":"https:\/\/rodoaed.ee\/#website","url":"https:\/\/rodoaed.ee\/","name":"Rodoaed","description":"","publisher":{"@id":"https:\/\/rodoaed.ee\/#organization"},"potentialAction":[{"@type":"SearchAction","target":{"@type":"EntryPoint","urlTemplate":"https:\/\/rodoaed.ee\/?s={search_term_string}"},"query-input":{"@type":"PropertyValueSpecification","valueRequired":true,"valueName":"search_term_string"}}],"inLanguage":"fi"},{"@type":"Organization","@id":"https:\/\/rodoaed.ee\/#organization","name":"Rodoaed","url":"https:\/\/rodoaed.ee\/","logo":{"@type":"ImageObject","inLanguage":"fi","@id":"https:\/\/rodoaed.ee\/#\/schema\/logo\/image\/","url":"https:\/\/rodoaed.ee\/wp-content\/uploads\/2019\/11\/rodoaed-logo-ilma-taustata.jpg","contentUrl":"https:\/\/rodoaed.ee\/wp-content\/uploads\/2019\/11\/rodoaed-logo-ilma-taustata.jpg","width":769,"height":268,"caption":"Rodoaed"},"image":{"@id":"https:\/\/rodoaed.ee\/#\/schema\/logo\/image\/"},"sameAs":["https:\/\/www.facebook.com\/kasvuhooned\/","https:\/\/rodoaed.ee"]}]}},"_links":{"self":[{"href":"https:\/\/rodoaed.ee\/fi\/wp-json\/wp\/v2\/pages\/52237","targetHints":{"allow":["GET"]}}],"collection":[{"href":"https:\/\/rodoaed.ee\/fi\/wp-json\/wp\/v2\/pages"}],"about":[{"href":"https:\/\/rodoaed.ee\/fi\/wp-json\/wp\/v2\/types\/page"}],"author":[{"embeddable":true,"href":"https:\/\/rodoaed.ee\/fi\/wp-json\/wp\/v2\/users\/1"}],"replies":[{"embeddable":true,"href":"https:\/\/rodoaed.ee\/fi\/wp-json\/wp\/v2\/comments?post=52237"}],"version-history":[{"count":0,"href":"https:\/\/rodoaed.ee\/fi\/wp-json\/wp\/v2\/pages\/52237\/revisions"}],"up":[{"embeddable":true,"href":"https:\/\/rodoaed.ee\/fi\/wp-json\/wp\/v2\/pages\/52234"}],"wp:featuredmedia":[{"embeddable":true,"href":"https:\/\/rodoaed.ee\/fi\/wp-json\/wp\/v2\/media\/26545"}],"wp:attachment":[{"href":"https:\/\/rodoaed.ee\/fi\/wp-json\/wp\/v2\/media?parent=52237"}],"curies":[{"name":"wp","href":"https:\/\/api.w.org\/{rel}","templated":true}]}}