{"id":52247,"date":"2026-04-01T12:07:33","date_gmt":"2026-04-01T09:07:33","guid":{"rendered":"https:\/\/rodoaed.ee\/blogi\/"},"modified":"2026-04-01T12:07:33","modified_gmt":"2026-04-01T09:07:33","slug":"blogi","status":"publish","type":"page","link":"https:\/\/rodoaed.ee\/fi\/blogi\/","title":{"rendered":"Blogi"},"content":{"rendered":"","protected":false},"excerpt":{"rendered":"<p>Kasvihuone ja puutarhanhoito blogi. Mutta ei vain sit\u00e4 &#8211; t\u00e4\u00e4ll\u00e4 on my\u00f6s artikkeleita keitti\u00f6v\u00e4lineist\u00e4, kotitaloustavaroista ja paljon muuta. <\/p>\n","protected":false},"author":1,"featured_media":0,"parent":0,"menu_order":0,"comment_status":"closed","ping_status":"closed","template":"","meta":{"_acf_changed":false,"footnotes":""},"class_list":["post-52247","page","type-page","status-publish","hentry"],"acf":[],"yoast_head":"<!-- This site is optimized with the Yoast SEO Premium plugin v27.3 (Yoast SEO v27.3) - https:\/\/yoast.com\/product\/yoast-seo-premium-wordpress\/ -->\n<title>Blogi% % -% Rodoaed% Kasvihuone ja puutarhanhoito blogi blogi blogi<\/title>\n<meta name=\"description\" content=\"Kasvihuone ja puutarhanhoito blogi. Kasvihuoneblogi tarjoaa k\u00e4yt\u00e4nn\u00f6n tarinoita puutarhanhoidosta, kasvihuoneista ja muusta.\" \/>\n<meta name=\"robots\" content=\"index, follow, max-snippet:-1, max-image-preview:large, max-video-preview:-1\" \/>\n<link rel=\"canonical\" href=\"https:\/\/rodoaed.ee\/fi\/blogi\/\" \/>\n<meta property=\"og:locale\" content=\"fi_FI\" \/>\n<meta property=\"og:type\" content=\"article\" \/>\n<meta property=\"og:title\" content=\"Blogi\" \/>\n<meta property=\"og:description\" content=\"Kasvihuone ja puutarhanhoito blogi. Mutta ei vain sit\u00e4 - t\u00e4\u00e4ll\u00e4 on my\u00f6s artikkeleita keitti\u00f6v\u00e4lineist\u00e4, kotitaloustavaroista ja paljon muuta.\" \/>\n<meta property=\"og:url\" content=\"https:\/\/rodoaed.ee\/fi\/blogi\/\" \/>\n<meta property=\"og:site_name\" content=\"Rodoaed\" \/>\n<meta property=\"article:publisher\" content=\"https:\/\/www.facebook.com\/kasvuhooned\/\" \/>\n<meta property=\"og:image\" content=\"https:\/\/rodoaed.ee\/wp-content\/uploads\/2019\/08\/Kasvuhoone-Maxi-309x380_01L.jpg\" \/>\n<meta name=\"twitter:card\" content=\"summary_large_image\" \/>\n<script type=\"application\/ld+json\" class=\"yoast-schema-graph\">{\"@context\":\"https:\\\/\\\/schema.org\",\"@graph\":[{\"@type\":\"WebPage\",\"@id\":\"https:\\\/\\\/rodoaed.ee\\\/fi\\\/blogi\\\/\",\"url\":\"https:\\\/\\\/rodoaed.ee\\\/fi\\\/blogi\\\/\",\"name\":\"Blogi% % -% Rodoaed% Kasvihuone ja puutarhanhoito blogi blogi blogi\",\"isPartOf\":{\"@id\":\"https:\\\/\\\/rodoaed.ee\\\/#website\"},\"datePublished\":\"2026-04-01T09:07:33+00:00\",\"description\":\"Kasvihuone ja puutarhanhoito blogi. Kasvihuoneblogi tarjoaa k\u00e4yt\u00e4nn\u00f6n tarinoita puutarhanhoidosta, kasvihuoneista ja muusta.\",\"breadcrumb\":{\"@id\":\"https:\\\/\\\/rodoaed.ee\\\/fi\\\/blogi\\\/#breadcrumb\"},\"inLanguage\":\"fi\",\"potentialAction\":[{\"@type\":\"ReadAction\",\"target\":[\"https:\\\/\\\/rodoaed.ee\\\/fi\\\/blogi\\\/\"]}]},{\"@type\":\"BreadcrumbList\",\"@id\":\"https:\\\/\\\/rodoaed.ee\\\/fi\\\/blogi\\\/#breadcrumb\",\"itemListElement\":[{\"@type\":\"ListItem\",\"position\":1,\"name\":\"Home\",\"item\":\"https:\\\/\\\/rodoaed.ee\\\/fi\\\/\"},{\"@type\":\"ListItem\",\"position\":2,\"name\":\"Blogi\"}]},{\"@type\":\"WebSite\",\"@id\":\"https:\\\/\\\/rodoaed.ee\\\/#website\",\"url\":\"https:\\\/\\\/rodoaed.ee\\\/\",\"name\":\"Rodoaed\",\"description\":\"\",\"publisher\":{\"@id\":\"https:\\\/\\\/rodoaed.ee\\\/#organization\"},\"potentialAction\":[{\"@type\":\"SearchAction\",\"target\":{\"@type\":\"EntryPoint\",\"urlTemplate\":\"https:\\\/\\\/rodoaed.ee\\\/?s={search_term_string}\"},\"query-input\":{\"@type\":\"PropertyValueSpecification\",\"valueRequired\":true,\"valueName\":\"search_term_string\"}}],\"inLanguage\":\"fi\"},{\"@type\":\"Organization\",\"@id\":\"https:\\\/\\\/rodoaed.ee\\\/#organization\",\"name\":\"Rodoaed\",\"url\":\"https:\\\/\\\/rodoaed.ee\\\/\",\"logo\":{\"@type\":\"ImageObject\",\"inLanguage\":\"fi\",\"@id\":\"https:\\\/\\\/rodoaed.ee\\\/#\\\/schema\\\/logo\\\/image\\\/\",\"url\":\"https:\\\/\\\/rodoaed.ee\\\/wp-content\\\/uploads\\\/2019\\\/11\\\/rodoaed-logo-ilma-taustata.jpg\",\"contentUrl\":\"https:\\\/\\\/rodoaed.ee\\\/wp-content\\\/uploads\\\/2019\\\/11\\\/rodoaed-logo-ilma-taustata.jpg\",\"width\":769,\"height\":268,\"caption\":\"Rodoaed\"},\"image\":{\"@id\":\"https:\\\/\\\/rodoaed.ee\\\/#\\\/schema\\\/logo\\\/image\\\/\"},\"sameAs\":[\"https:\\\/\\\/www.facebook.com\\\/kasvuhooned\\\/\",\"https:\\\/\\\/rodoaed.ee\"]}]}<\/script>\n<!-- \/ Yoast SEO Premium plugin. -->","yoast_head_json":{"title":"Blogi% % -% Rodoaed% Kasvihuone ja puutarhanhoito blogi blogi blogi","description":"Kasvihuone ja puutarhanhoito blogi. Kasvihuoneblogi tarjoaa k\u00e4yt\u00e4nn\u00f6n tarinoita puutarhanhoidosta, kasvihuoneista ja muusta.","robots":{"index":"index","follow":"follow","max-snippet":"max-snippet:-1","max-image-preview":"max-image-preview:large","max-video-preview":"max-video-preview:-1"},"canonical":"https:\/\/rodoaed.ee\/fi\/blogi\/","og_locale":"fi_FI","og_type":"article","og_title":"Blogi","og_description":"Kasvihuone ja puutarhanhoito blogi. Mutta ei vain sit\u00e4 - t\u00e4\u00e4ll\u00e4 on my\u00f6s artikkeleita keitti\u00f6v\u00e4lineist\u00e4, kotitaloustavaroista ja paljon muuta.","og_url":"https:\/\/rodoaed.ee\/fi\/blogi\/","og_site_name":"Rodoaed","article_publisher":"https:\/\/www.facebook.com\/kasvuhooned\/","og_image":[{"url":"https:\/\/rodoaed.ee\/wp-content\/uploads\/2019\/08\/Kasvuhoone-Maxi-309x380_01L.jpg","type":"","width":"","height":""}],"twitter_card":"summary_large_image","schema":{"@context":"https:\/\/schema.org","@graph":[{"@type":"WebPage","@id":"https:\/\/rodoaed.ee\/fi\/blogi\/","url":"https:\/\/rodoaed.ee\/fi\/blogi\/","name":"Blogi% % -% Rodoaed% Kasvihuone ja puutarhanhoito blogi blogi blogi","isPartOf":{"@id":"https:\/\/rodoaed.ee\/#website"},"datePublished":"2026-04-01T09:07:33+00:00","description":"Kasvihuone ja puutarhanhoito blogi. Kasvihuoneblogi tarjoaa k\u00e4yt\u00e4nn\u00f6n tarinoita puutarhanhoidosta, kasvihuoneista ja muusta.","breadcrumb":{"@id":"https:\/\/rodoaed.ee\/fi\/blogi\/#breadcrumb"},"inLanguage":"fi","potentialAction":[{"@type":"ReadAction","target":["https:\/\/rodoaed.ee\/fi\/blogi\/"]}]},{"@type":"BreadcrumbList","@id":"https:\/\/rodoaed.ee\/fi\/blogi\/#breadcrumb","itemListElement":[{"@type":"ListItem","position":1,"name":"Home","item":"https:\/\/rodoaed.ee\/fi\/"},{"@type":"ListItem","position":2,"name":"Blogi"}]},{"@type":"WebSite","@id":"https:\/\/rodoaed.ee\/#website","url":"https:\/\/rodoaed.ee\/","name":"Rodoaed","description":"","publisher":{"@id":"https:\/\/rodoaed.ee\/#organization"},"potentialAction":[{"@type":"SearchAction","target":{"@type":"EntryPoint","urlTemplate":"https:\/\/rodoaed.ee\/?s={search_term_string}"},"query-input":{"@type":"PropertyValueSpecification","valueRequired":true,"valueName":"search_term_string"}}],"inLanguage":"fi"},{"@type":"Organization","@id":"https:\/\/rodoaed.ee\/#organization","name":"Rodoaed","url":"https:\/\/rodoaed.ee\/","logo":{"@type":"ImageObject","inLanguage":"fi","@id":"https:\/\/rodoaed.ee\/#\/schema\/logo\/image\/","url":"https:\/\/rodoaed.ee\/wp-content\/uploads\/2019\/11\/rodoaed-logo-ilma-taustata.jpg","contentUrl":"https:\/\/rodoaed.ee\/wp-content\/uploads\/2019\/11\/rodoaed-logo-ilma-taustata.jpg","width":769,"height":268,"caption":"Rodoaed"},"image":{"@id":"https:\/\/rodoaed.ee\/#\/schema\/logo\/image\/"},"sameAs":["https:\/\/www.facebook.com\/kasvuhooned\/","https:\/\/rodoaed.ee"]}]}},"_links":{"self":[{"href":"https:\/\/rodoaed.ee\/fi\/wp-json\/wp\/v2\/pages\/52247","targetHints":{"allow":["GET"]}}],"collection":[{"href":"https:\/\/rodoaed.ee\/fi\/wp-json\/wp\/v2\/pages"}],"about":[{"href":"https:\/\/rodoaed.ee\/fi\/wp-json\/wp\/v2\/types\/page"}],"author":[{"embeddable":true,"href":"https:\/\/rodoaed.ee\/fi\/wp-json\/wp\/v2\/users\/1"}],"replies":[{"embeddable":true,"href":"https:\/\/rodoaed.ee\/fi\/wp-json\/wp\/v2\/comments?post=52247"}],"version-history":[{"count":0,"href":"https:\/\/rodoaed.ee\/fi\/wp-json\/wp\/v2\/pages\/52247\/revisions"}],"wp:attachment":[{"href":"https:\/\/rodoaed.ee\/fi\/wp-json\/wp\/v2\/media?parent=52247"}],"curies":[{"name":"wp","href":"https:\/\/api.w.org\/{rel}","templated":true}]}}