{"id":52252,"date":"2026-04-01T12:07:36","date_gmt":"2026-04-01T09:07:36","guid":{"rendered":"https:\/\/rodoaed.ee\/info-2\/kuvia-paikasta\/"},"modified":"2026-04-01T12:07:38","modified_gmt":"2026-04-01T09:07:38","slug":"kuvia-paikasta","status":"publish","type":"page","link":"https:\/\/rodoaed.ee\/fi\/info-2\/kuvia-paikasta\/","title":{"rendered":"Kuvia paikasta"},"content":{"rendered":"\n<h4 class=\"wp-block-heading\" id=\"h-kasvuhoone-pildid-selgitavad-fotod-kasvuhoonetest-mudelite-kaupa-koos-detailsemate-vaadetega-kasvuhoone-montaazi-piltidest-v-ib-sulle-abi-olla-kui-hakkad-kokku-panema\"><strong>Kuvia kasvihuoneesta. Kasvihuoneiden selitt\u00e4vi\u00e4 kuvia malleittain yksityiskohtaisempien n\u00e4kymien avulla. Kasvihuoneen montakuvat voivat auttaa sinua, kun aloitat kokoamisen.  <\/strong><\/h4>\n\n<figure class=\"wp-block-gallery columns-0 is-cropped wp-block-gallery-1 is-layout-flex wp-block-gallery-is-layout-flex\"><ul class=\"blocks-gallery-grid\"><\/ul><\/figure>\n\n<figure class=\"wp-block-gallery columns-4 is-cropped wp-block-gallery-2 is-layout-flex wp-block-gallery-is-layout-flex\"><ul class=\"blocks-gallery-grid\"><li class=\"blocks-gallery-item\"><figure><a href=\"https:\/\/rodoaed.ee\/wp-content\/uploads\/2019\/08\/toostuslik-kasvuhoone-euro-plus-2.jpg\"><img loading=\"lazy\" decoding=\"async\" width=\"800\" height=\"533\" src=\"https:\/\/rodoaed.ee\/wp-content\/uploads\/2019\/08\/toostuslik-kasvuhoone-euro-plus-2.jpg\" alt=\"\" data-id=\"24587\" data-full-url=\"https:\/\/rodoaed.ee\/wp-content\/uploads\/2019\/08\/toostuslik-kasvuhoone-euro-plus-2.jpg\" data-link=\"https:\/\/rodoaed.ee\/info\/kasvuhoone-pildid\/toostuslik-kasvuhoone-euro-plus-2\/\" class=\"wp-image-24587\" srcset=\"https:\/\/rodoaed.ee\/wp-content\/uploads\/2019\/08\/toostuslik-kasvuhoone-euro-plus-2.jpg 800w, https:\/\/rodoaed.ee\/wp-content\/uploads\/2019\/08\/toostuslik-kasvuhoone-euro-plus-2-768x512.jpg 768w\" sizes=\"auto, (max-width: 800px) 100vw, 800px\" \/><\/a><figcaption class=\"blocks-gallery-item__caption\">50m\u00b2 kasvihuoneet Euro Plus<\/figcaption><\/figure><\/li><li class=\"blocks-gallery-item\"><figure><a href=\"https:\/\/rodoaed.ee\/wp-content\/uploads\/2019\/08\/kasvuhoone-montaaz_01.jpg\"><img loading=\"lazy\" decoding=\"async\" width=\"800\" height=\"516\" src=\"https:\/\/rodoaed.ee\/wp-content\/uploads\/2019\/08\/kasvuhoone-montaaz_01.jpg\" alt=\"\" data-id=\"24593\" data-full-url=\"https:\/\/rodoaed.ee\/wp-content\/uploads\/2019\/08\/kasvuhoone-montaaz_01.jpg\" data-link=\"https:\/\/rodoaed.ee\/info\/kasvuhoone-pildid\/kasvuhoone-montaaz_01\/\" class=\"wp-image-24593\" srcset=\"https:\/\/rodoaed.ee\/wp-content\/uploads\/2019\/08\/kasvuhoone-montaaz_01.jpg 800w, https:\/\/rodoaed.ee\/wp-content\/uploads\/2019\/08\/kasvuhoone-montaaz_01-768x495.jpg 768w\" sizes=\"auto, (max-width: 800px) 100vw, 800px\" \/><\/a><figcaption class=\"blocks-gallery-item__caption\">Kasvihuone Euro Maxi Montaaz<\/figcaption><\/figure><\/li><li class=\"blocks-gallery-item\"><figure><a href=\"https:\/\/rodoaed.ee\/wp-content\/uploads\/2019\/08\/kasvuhoone-euro-maxi-18m2-1.jpg\"><img loading=\"lazy\" decoding=\"async\" width=\"800\" height=\"533\" src=\"https:\/\/rodoaed.ee\/wp-content\/uploads\/2019\/08\/kasvuhoone-euro-maxi-18m2-1.jpg\" alt=\"\" data-id=\"24590\" data-full-url=\"https:\/\/rodoaed.ee\/wp-content\/uploads\/2019\/08\/kasvuhoone-euro-maxi-18m2-1.jpg\" data-link=\"https:\/\/rodoaed.ee\/info\/kasvuhoone-pildid\/kasvuhoone-euro-maxi-18m2-1\/\" class=\"wp-image-24590\" srcset=\"https:\/\/rodoaed.ee\/wp-content\/uploads\/2019\/08\/kasvuhoone-euro-maxi-18m2-1.jpg 800w, https:\/\/rodoaed.ee\/wp-content\/uploads\/2019\/08\/kasvuhoone-euro-maxi-18m2-1-768x512.jpg 768w\" sizes=\"auto, (max-width: 800px) 100vw, 800px\" \/><\/a><figcaption class=\"blocks-gallery-item__caption\">Kasvihuone Maxi 18,7m\u00b2<\/figcaption><\/figure><\/li><li class=\"blocks-gallery-item\"><figure><a href=\"https:\/\/rodoaed.ee\/wp-content\/uploads\/2019\/08\/kasvuhoone-euro-plus-28m2-1.jpg\"><img loading=\"lazy\" decoding=\"async\" width=\"800\" height=\"600\" src=\"https:\/\/rodoaed.ee\/wp-content\/uploads\/2019\/08\/kasvuhoone-euro-plus-28m2-1.jpg\" alt=\"\" data-id=\"24596\" data-full-url=\"https:\/\/rodoaed.ee\/wp-content\/uploads\/2019\/08\/kasvuhoone-euro-plus-28m2-1.jpg\" data-link=\"https:\/\/rodoaed.ee\/info\/kasvuhoone-pildid\/kasvuhoone-euro-plus-28m2-1\/\" class=\"wp-image-24596\" srcset=\"https:\/\/rodoaed.ee\/wp-content\/uploads\/2019\/08\/kasvuhoone-euro-plus-28m2-1.jpg 800w, https:\/\/rodoaed.ee\/wp-content\/uploads\/2019\/08\/kasvuhoone-euro-plus-28m2-1-768x576.jpg 768w\" sizes=\"auto, (max-width: 800px) 100vw, 800px\" \/><\/a><figcaption class=\"blocks-gallery-item__caption\">Kasvihuone Plus 28m\u00b2<\/figcaption><\/figure><\/li><li class=\"blocks-gallery-item\"><figure><a href=\"https:\/\/rodoaed.ee\/wp-content\/uploads\/2019\/08\/kasvuhoone-euro-maxi-14m2-1.jpg\"><img loading=\"lazy\" decoding=\"async\" width=\"800\" height=\"600\" src=\"https:\/\/rodoaed.ee\/wp-content\/uploads\/2019\/08\/kasvuhoone-euro-maxi-14m2-1.jpg\" alt=\"\" data-id=\"24599\" data-full-url=\"https:\/\/rodoaed.ee\/wp-content\/uploads\/2019\/08\/kasvuhoone-euro-maxi-14m2-1.jpg\" data-link=\"https:\/\/rodoaed.ee\/info\/kasvuhoone-pildid\/kasvuhoone-euro-maxi-14m2-1\/\" class=\"wp-image-24599\" srcset=\"https:\/\/rodoaed.ee\/wp-content\/uploads\/2019\/08\/kasvuhoone-euro-maxi-14m2-1.jpg 800w, https:\/\/rodoaed.ee\/wp-content\/uploads\/2019\/08\/kasvuhoone-euro-maxi-14m2-1-768x576.jpg 768w\" sizes=\"auto, (max-width: 800px) 100vw, 800px\" \/><\/a><figcaption class=\"blocks-gallery-item__caption\">Kasvihuone Maxi 14m\u00b2<\/figcaption><\/figure><\/li><li class=\"blocks-gallery-item\"><figure><a href=\"https:\/\/rodoaed.ee\/wp-content\/uploads\/2019\/08\/kasvuhoone-pyrola-1.jpg\"><img loading=\"lazy\" decoding=\"async\" width=\"800\" height=\"533\" src=\"https:\/\/rodoaed.ee\/wp-content\/uploads\/2019\/08\/kasvuhoone-pyrola-1.jpg\" alt=\"\" data-id=\"24602\" data-full-url=\"https:\/\/rodoaed.ee\/wp-content\/uploads\/2019\/08\/kasvuhoone-pyrola-1.jpg\" data-link=\"https:\/\/rodoaed.ee\/info\/kasvuhoone-pildid\/kasvuhoone-pyrola-1\/\" class=\"wp-image-24602\"\/><\/a><figcaption class=\"blocks-gallery-item__caption\">Talvipuutarha Pyrola<\/figcaption><\/figure><\/li><li class=\"blocks-gallery-item\"><figure><a href=\"https:\/\/rodoaed.ee\/wp-content\/uploads\/2019\/08\/lindude-talvine-toitmine.jpg\"><img loading=\"lazy\" decoding=\"async\" width=\"399\" height=\"600\" src=\"https:\/\/rodoaed.ee\/wp-content\/uploads\/2019\/08\/lindude-talvine-toitmine.jpg\" alt=\"\" data-id=\"24605\" data-full-url=\"https:\/\/rodoaed.ee\/wp-content\/uploads\/2019\/08\/lindude-talvine-toitmine.jpg\" data-link=\"https:\/\/rodoaed.ee\/info\/kasvuhoone-pildid\/lindude-talvine-toitmine\/\" class=\"wp-image-24605\"\/><\/a><figcaption class=\"blocks-gallery-item__caption\">Linnan illalliset ja ravintolat<\/figcaption><\/figure><\/li><li class=\"blocks-gallery-item\"><figure><a href=\"https:\/\/rodoaed.ee\/wp-content\/uploads\/2019\/08\/kasvuhoone-exotic-1.jpg\"><img loading=\"lazy\" decoding=\"async\" width=\"800\" height=\"533\" src=\"https:\/\/rodoaed.ee\/wp-content\/uploads\/2019\/08\/kasvuhoone-exotic-1.jpg\" alt=\"\" data-id=\"24608\" data-full-url=\"https:\/\/rodoaed.ee\/wp-content\/uploads\/2019\/08\/kasvuhoone-exotic-1.jpg\" data-link=\"https:\/\/rodoaed.ee\/info\/kasvuhoone-pildid\/kasvuhoone-exotic-1\/\" class=\"wp-image-24608\"\/><\/a><figcaption class=\"blocks-gallery-item__caption\">Paviljonki Eksoottinen<\/figcaption><\/figure><\/li><li class=\"blocks-gallery-item\"><figure><a href=\"https:\/\/rodoaed.ee\/wp-content\/uploads\/2019\/08\/12_18ms.jpg\"><img loading=\"lazy\" decoding=\"async\" width=\"1280\" height=\"960\" src=\"https:\/\/rodoaed.ee\/wp-content\/uploads\/2019\/08\/12_18ms.jpg\" alt=\"\" data-id=\"24611\" data-full-url=\"https:\/\/rodoaed.ee\/wp-content\/uploads\/2019\/08\/12_18ms.jpg\" data-link=\"https:\/\/rodoaed.ee\/info\/kasvuhoone-pildid\/12_18ms\/\" class=\"wp-image-24611\" srcset=\"https:\/\/rodoaed.ee\/wp-content\/uploads\/2019\/08\/12_18ms.jpg 1280w, https:\/\/rodoaed.ee\/wp-content\/uploads\/2019\/08\/12_18ms-768x576.jpg 768w\" sizes=\"auto, (max-width: 1280px) 100vw, 1280px\" \/><\/a><figcaption class=\"blocks-gallery-item__caption\">Rhododendronit kuvassa<\/figcaption><\/figure><\/li><li class=\"blocks-gallery-item\"><figure><a href=\"https:\/\/rodoaed.ee\/wp-content\/uploads\/2019\/08\/talveaed-royal1.jpg\"><img loading=\"lazy\" decoding=\"async\" width=\"639\" height=\"428\" src=\"https:\/\/rodoaed.ee\/wp-content\/uploads\/2019\/08\/talveaed-royal1.jpg\" alt=\"\" data-id=\"24614\" data-full-url=\"https:\/\/rodoaed.ee\/wp-content\/uploads\/2019\/08\/talveaed-royal1.jpg\" data-link=\"https:\/\/rodoaed.ee\/info\/kasvuhoone-pildid\/talveaed-royal1\/\" class=\"wp-image-24614\"\/><\/a><figcaption class=\"blocks-gallery-item__caption\">Talvipuutarha Euro Royal<\/figcaption><\/figure><\/li><li class=\"blocks-gallery-item\"><figure><a href=\"https:\/\/rodoaed.ee\/wp-content\/uploads\/2019\/08\/kasvuhoone-talveaed-tropic-veranda-1.jpg\"><img loading=\"lazy\" decoding=\"async\" width=\"800\" height=\"533\" src=\"https:\/\/rodoaed.ee\/wp-content\/uploads\/2019\/08\/kasvuhoone-talveaed-tropic-veranda-1.jpg\" alt=\"\" data-id=\"24620\" data-full-url=\"https:\/\/rodoaed.ee\/wp-content\/uploads\/2019\/08\/kasvuhoone-talveaed-tropic-veranda-1.jpg\" data-link=\"https:\/\/rodoaed.ee\/info\/kasvuhoone-pildid\/kasvuhoone-talveaed-tropic-veranda-1\/\" class=\"wp-image-24620\" srcset=\"https:\/\/rodoaed.ee\/wp-content\/uploads\/2019\/08\/kasvuhoone-talveaed-tropic-veranda-1.jpg 800w, https:\/\/rodoaed.ee\/wp-content\/uploads\/2019\/08\/kasvuhoone-talveaed-tropic-veranda-1-768x512.jpg 768w\" sizes=\"auto, (max-width: 800px) 100vw, 800px\" \/><\/a><figcaption class=\"blocks-gallery-item__caption\">Talveaed Tropic Veranda<\/figcaption><\/figure><\/li><li class=\"blocks-gallery-item\"><figure><a href=\"https:\/\/rodoaed.ee\/wp-content\/uploads\/2019\/08\/kasvuhoone-talveaed-royal-1.jpg\"><img loading=\"lazy\" decoding=\"async\" width=\"800\" height=\"533\" src=\"https:\/\/rodoaed.ee\/wp-content\/uploads\/2019\/08\/kasvuhoone-talveaed-royal-1.jpg\" alt=\"kasvuhoone v&#xE4;rvimine Talveaed Royal\" data-id=\"24626\" data-full-url=\"https:\/\/rodoaed.ee\/wp-content\/uploads\/2019\/08\/kasvuhoone-talveaed-royal-1.jpg\" data-link=\"https:\/\/rodoaed.ee\/info\/kasvuhoone-pildid\/kasvuhoone-talveaed-royal-1-2\/\" class=\"wp-image-24626\"\/><\/a><figcaption class=\"blocks-gallery-item__caption\">Talvipuutarha Royal Painted Frame<\/figcaption><\/figure><\/li><\/ul><\/figure>\n","protected":false},"excerpt":{"rendered":"<p>Kuvia kasvihuoneesta. Kasvihuoneiden selitt\u00e4vi\u00e4 kuvia malleittain yksityiskohtaisempien n\u00e4kymien avulla. Kasvihuoneen montakuvat voivat auttaa sinua, kun aloitat kokoamisen.<\/p>\n","protected":false},"author":1,"featured_media":0,"parent":52216,"menu_order":0,"comment_status":"closed","ping_status":"closed","template":"","meta":{"_acf_changed":false,"footnotes":""},"class_list":["post-52252","page","type-page","status-publish","hentry"],"acf":[],"yoast_head":"<!-- This site is optimized with the Yoast SEO Premium plugin v27.3 (Yoast SEO v27.3) - https:\/\/yoast.com\/product\/yoast-seo-premium-wordpress\/ -->\n<title>Kuvia paikasta - Rodoaed<\/title>\n<meta name=\"robots\" content=\"index, follow, max-snippet:-1, max-image-preview:large, max-video-preview:-1\" \/>\n<link rel=\"canonical\" href=\"https:\/\/rodoaed.ee\/fi\/info-2\/kuvia-paikasta\/\" \/>\n<meta property=\"og:locale\" content=\"fi_FI\" \/>\n<meta property=\"og:type\" content=\"article\" \/>\n<meta property=\"og:title\" content=\"Kuvia paikasta\" \/>\n<meta property=\"og:description\" content=\"Kuvia kasvihuoneesta. Kasvihuoneiden selitt\u00e4vi\u00e4 kuvia malleittain yksityiskohtaisempien n\u00e4kymien avulla. Kasvihuoneen montakuvat voivat auttaa sinua, kun\" \/>\n<meta property=\"og:url\" content=\"https:\/\/rodoaed.ee\/fi\/info-2\/kuvia-paikasta\/\" \/>\n<meta property=\"og:site_name\" content=\"Rodoaed\" \/>\n<meta property=\"article:publisher\" content=\"https:\/\/www.facebook.com\/kasvuhooned\/\" \/>\n<meta property=\"article:modified_time\" content=\"2026-04-01T09:07:38+00:00\" \/>\n<meta property=\"og:image\" content=\"https:\/\/rodoaed.ee\/wp-content\/uploads\/2019\/08\/toostuslik-kasvuhoone-euro-plus-2.jpg\" \/>\n\t<meta property=\"og:image:width\" content=\"800\" \/>\n\t<meta property=\"og:image:height\" content=\"533\" \/>\n\t<meta property=\"og:image:type\" content=\"image\/jpeg\" \/>\n<meta name=\"twitter:card\" content=\"summary_large_image\" \/>\n<script type=\"application\/ld+json\" class=\"yoast-schema-graph\">{\"@context\":\"https:\\\/\\\/schema.org\",\"@graph\":[{\"@type\":\"WebPage\",\"@id\":\"https:\\\/\\\/rodoaed.ee\\\/fi\\\/info-2\\\/kuvia-paikasta\\\/\",\"url\":\"https:\\\/\\\/rodoaed.ee\\\/fi\\\/info-2\\\/kuvia-paikasta\\\/\",\"name\":\"Kuvia paikasta - Rodoaed\",\"isPartOf\":{\"@id\":\"https:\\\/\\\/rodoaed.ee\\\/#website\"},\"primaryImageOfPage\":{\"@id\":\"https:\\\/\\\/rodoaed.ee\\\/fi\\\/info-2\\\/kuvia-paikasta\\\/#primaryimage\"},\"image\":{\"@id\":\"https:\\\/\\\/rodoaed.ee\\\/fi\\\/info-2\\\/kuvia-paikasta\\\/#primaryimage\"},\"thumbnailUrl\":\"https:\\\/\\\/rodoaed.ee\\\/wp-content\\\/uploads\\\/2019\\\/08\\\/toostuslik-kasvuhoone-euro-plus-2.jpg\",\"datePublished\":\"2026-04-01T09:07:36+00:00\",\"dateModified\":\"2026-04-01T09:07:38+00:00\",\"breadcrumb\":{\"@id\":\"https:\\\/\\\/rodoaed.ee\\\/fi\\\/info-2\\\/kuvia-paikasta\\\/#breadcrumb\"},\"inLanguage\":\"fi\",\"potentialAction\":[{\"@type\":\"ReadAction\",\"target\":[\"https:\\\/\\\/rodoaed.ee\\\/fi\\\/info-2\\\/kuvia-paikasta\\\/\"]}]},{\"@type\":\"ImageObject\",\"inLanguage\":\"fi\",\"@id\":\"https:\\\/\\\/rodoaed.ee\\\/fi\\\/info-2\\\/kuvia-paikasta\\\/#primaryimage\",\"url\":\"https:\\\/\\\/rodoaed.ee\\\/wp-content\\\/uploads\\\/2019\\\/08\\\/toostuslik-kasvuhoone-euro-plus-2.jpg\",\"contentUrl\":\"https:\\\/\\\/rodoaed.ee\\\/wp-content\\\/uploads\\\/2019\\\/08\\\/toostuslik-kasvuhoone-euro-plus-2.jpg\"},{\"@type\":\"BreadcrumbList\",\"@id\":\"https:\\\/\\\/rodoaed.ee\\\/fi\\\/info-2\\\/kuvia-paikasta\\\/#breadcrumb\",\"itemListElement\":[{\"@type\":\"ListItem\",\"position\":1,\"name\":\"Home\",\"item\":\"https:\\\/\\\/rodoaed.ee\\\/fi\\\/\"},{\"@type\":\"ListItem\",\"position\":2,\"name\":\"Info\",\"item\":\"https:\\\/\\\/rodoaed.ee\\\/info-2\\\/\"},{\"@type\":\"ListItem\",\"position\":3,\"name\":\"Kuvia paikasta\"}]},{\"@type\":\"WebSite\",\"@id\":\"https:\\\/\\\/rodoaed.ee\\\/#website\",\"url\":\"https:\\\/\\\/rodoaed.ee\\\/\",\"name\":\"Rodoaed\",\"description\":\"\",\"publisher\":{\"@id\":\"https:\\\/\\\/rodoaed.ee\\\/#organization\"},\"potentialAction\":[{\"@type\":\"SearchAction\",\"target\":{\"@type\":\"EntryPoint\",\"urlTemplate\":\"https:\\\/\\\/rodoaed.ee\\\/?s={search_term_string}\"},\"query-input\":{\"@type\":\"PropertyValueSpecification\",\"valueRequired\":true,\"valueName\":\"search_term_string\"}}],\"inLanguage\":\"fi\"},{\"@type\":\"Organization\",\"@id\":\"https:\\\/\\\/rodoaed.ee\\\/#organization\",\"name\":\"Rodoaed\",\"url\":\"https:\\\/\\\/rodoaed.ee\\\/\",\"logo\":{\"@type\":\"ImageObject\",\"inLanguage\":\"fi\",\"@id\":\"https:\\\/\\\/rodoaed.ee\\\/#\\\/schema\\\/logo\\\/image\\\/\",\"url\":\"https:\\\/\\\/rodoaed.ee\\\/wp-content\\\/uploads\\\/2019\\\/11\\\/rodoaed-logo-ilma-taustata.jpg\",\"contentUrl\":\"https:\\\/\\\/rodoaed.ee\\\/wp-content\\\/uploads\\\/2019\\\/11\\\/rodoaed-logo-ilma-taustata.jpg\",\"width\":769,\"height\":268,\"caption\":\"Rodoaed\"},\"image\":{\"@id\":\"https:\\\/\\\/rodoaed.ee\\\/#\\\/schema\\\/logo\\\/image\\\/\"},\"sameAs\":[\"https:\\\/\\\/www.facebook.com\\\/kasvuhooned\\\/\",\"https:\\\/\\\/rodoaed.ee\"]}]}<\/script>\n<!-- \/ Yoast SEO Premium plugin. -->","yoast_head_json":{"title":"Kuvia paikasta - Rodoaed","robots":{"index":"index","follow":"follow","max-snippet":"max-snippet:-1","max-image-preview":"max-image-preview:large","max-video-preview":"max-video-preview:-1"},"canonical":"https:\/\/rodoaed.ee\/fi\/info-2\/kuvia-paikasta\/","og_locale":"fi_FI","og_type":"article","og_title":"Kuvia paikasta","og_description":"Kuvia kasvihuoneesta. Kasvihuoneiden selitt\u00e4vi\u00e4 kuvia malleittain yksityiskohtaisempien n\u00e4kymien avulla. Kasvihuoneen montakuvat voivat auttaa sinua, kun","og_url":"https:\/\/rodoaed.ee\/fi\/info-2\/kuvia-paikasta\/","og_site_name":"Rodoaed","article_publisher":"https:\/\/www.facebook.com\/kasvuhooned\/","article_modified_time":"2026-04-01T09:07:38+00:00","og_image":[{"width":800,"height":533,"url":"https:\/\/rodoaed.ee\/wp-content\/uploads\/2019\/08\/toostuslik-kasvuhoone-euro-plus-2.jpg","type":"image\/jpeg"}],"twitter_card":"summary_large_image","schema":{"@context":"https:\/\/schema.org","@graph":[{"@type":"WebPage","@id":"https:\/\/rodoaed.ee\/fi\/info-2\/kuvia-paikasta\/","url":"https:\/\/rodoaed.ee\/fi\/info-2\/kuvia-paikasta\/","name":"Kuvia paikasta - Rodoaed","isPartOf":{"@id":"https:\/\/rodoaed.ee\/#website"},"primaryImageOfPage":{"@id":"https:\/\/rodoaed.ee\/fi\/info-2\/kuvia-paikasta\/#primaryimage"},"image":{"@id":"https:\/\/rodoaed.ee\/fi\/info-2\/kuvia-paikasta\/#primaryimage"},"thumbnailUrl":"https:\/\/rodoaed.ee\/wp-content\/uploads\/2019\/08\/toostuslik-kasvuhoone-euro-plus-2.jpg","datePublished":"2026-04-01T09:07:36+00:00","dateModified":"2026-04-01T09:07:38+00:00","breadcrumb":{"@id":"https:\/\/rodoaed.ee\/fi\/info-2\/kuvia-paikasta\/#breadcrumb"},"inLanguage":"fi","potentialAction":[{"@type":"ReadAction","target":["https:\/\/rodoaed.ee\/fi\/info-2\/kuvia-paikasta\/"]}]},{"@type":"ImageObject","inLanguage":"fi","@id":"https:\/\/rodoaed.ee\/fi\/info-2\/kuvia-paikasta\/#primaryimage","url":"https:\/\/rodoaed.ee\/wp-content\/uploads\/2019\/08\/toostuslik-kasvuhoone-euro-plus-2.jpg","contentUrl":"https:\/\/rodoaed.ee\/wp-content\/uploads\/2019\/08\/toostuslik-kasvuhoone-euro-plus-2.jpg"},{"@type":"BreadcrumbList","@id":"https:\/\/rodoaed.ee\/fi\/info-2\/kuvia-paikasta\/#breadcrumb","itemListElement":[{"@type":"ListItem","position":1,"name":"Home","item":"https:\/\/rodoaed.ee\/fi\/"},{"@type":"ListItem","position":2,"name":"Info","item":"https:\/\/rodoaed.ee\/info-2\/"},{"@type":"ListItem","position":3,"name":"Kuvia paikasta"}]},{"@type":"WebSite","@id":"https:\/\/rodoaed.ee\/#website","url":"https:\/\/rodoaed.ee\/","name":"Rodoaed","description":"","publisher":{"@id":"https:\/\/rodoaed.ee\/#organization"},"potentialAction":[{"@type":"SearchAction","target":{"@type":"EntryPoint","urlTemplate":"https:\/\/rodoaed.ee\/?s={search_term_string}"},"query-input":{"@type":"PropertyValueSpecification","valueRequired":true,"valueName":"search_term_string"}}],"inLanguage":"fi"},{"@type":"Organization","@id":"https:\/\/rodoaed.ee\/#organization","name":"Rodoaed","url":"https:\/\/rodoaed.ee\/","logo":{"@type":"ImageObject","inLanguage":"fi","@id":"https:\/\/rodoaed.ee\/#\/schema\/logo\/image\/","url":"https:\/\/rodoaed.ee\/wp-content\/uploads\/2019\/11\/rodoaed-logo-ilma-taustata.jpg","contentUrl":"https:\/\/rodoaed.ee\/wp-content\/uploads\/2019\/11\/rodoaed-logo-ilma-taustata.jpg","width":769,"height":268,"caption":"Rodoaed"},"image":{"@id":"https:\/\/rodoaed.ee\/#\/schema\/logo\/image\/"},"sameAs":["https:\/\/www.facebook.com\/kasvuhooned\/","https:\/\/rodoaed.ee"]}]}},"_links":{"self":[{"href":"https:\/\/rodoaed.ee\/fi\/wp-json\/wp\/v2\/pages\/52252","targetHints":{"allow":["GET"]}}],"collection":[{"href":"https:\/\/rodoaed.ee\/fi\/wp-json\/wp\/v2\/pages"}],"about":[{"href":"https:\/\/rodoaed.ee\/fi\/wp-json\/wp\/v2\/types\/page"}],"author":[{"embeddable":true,"href":"https:\/\/rodoaed.ee\/fi\/wp-json\/wp\/v2\/users\/1"}],"replies":[{"embeddable":true,"href":"https:\/\/rodoaed.ee\/fi\/wp-json\/wp\/v2\/comments?post=52252"}],"version-history":[{"count":0,"href":"https:\/\/rodoaed.ee\/fi\/wp-json\/wp\/v2\/pages\/52252\/revisions"}],"up":[{"embeddable":true,"href":"https:\/\/rodoaed.ee\/fi\/wp-json\/wp\/v2\/pages\/52216"}],"wp:attachment":[{"href":"https:\/\/rodoaed.ee\/fi\/wp-json\/wp\/v2\/media?parent=52252"}],"curies":[{"name":"wp","href":"https:\/\/api.w.org\/{rel}","templated":true}]}}