{"id":52253,"date":"2026-04-01T12:07:36","date_gmt":"2026-04-01T09:07:36","guid":{"rendered":"https:\/\/rodoaed.ee\/info-2\/pesakotelot\/viron-lepakot-lepakkokopit-ja-suojat\/"},"modified":"2026-04-01T12:07:36","modified_gmt":"2026-04-01T09:07:36","slug":"viron-lepakot-lepakkokopit-ja-suojat","status":"publish","type":"page","link":"https:\/\/rodoaed.ee\/fi\/info-2\/pesakotelot\/viron-lepakot-lepakkokopit-ja-suojat\/","title":{"rendered":"Viron lepakot. Lepakkokopit ja -suojat."},"content":{"rendered":"<h4>Lepakot ovat Viron metsien ja puistojen sek\u00e4 asutuksen ja rakennusten pitk\u00e4aikaisia kumppaneita. Koska lepakot ovat y\u00f6el\u00e4imi\u00e4 ja viett\u00e4v\u00e4t p\u00e4iv\u00e4saikaansa lep\u00e4illen varjoisissa paikoissa, monet ihmiset eiv\u00e4t ymm\u00e4rr\u00e4, ett\u00e4 he itse asiassa el\u00e4v\u00e4t lepakoiden kanssa. <\/h4>\n<h2><\/h2>\n<p>Lepakoita asuu Tallinnan Kalamajaan ja Kadriorgiin sek\u00e4 m\u00f6kkialueille ymp\u00e4ri kaupunkia. Niit\u00e4 tavataan asutuksissa, puistoissa ja metsiss\u00e4 &#8211; kaikkialla siell\u00e4, miss\u00e4 on riitt\u00e4v\u00e4sti hy\u00f6nteisi\u00e4 ja sopivia pes\u00e4paikkoja sek\u00e4 turvallisia paikkoja talvehtimiselle. <\/p>\n<figure id=\"attachment_4163\" aria-describedby=\"caption-attachment-4163\" style=\"width: 232px\" class=\"wp-caption alignright\"><img loading=\"lazy\" decoding=\"async\" class=\"size-full wp-image-4163\" title=\"Lepakoiden pes\u00e4kotelo 1FF_2\" src=\"https:\/\/www.rodoaed.ee\/wp-content\/uploads\/2011\/03\/Nahkhiire-pesakast-1FF_2.jpg\" alt=\"\" width=\"232\" height=\"400\"><figcaption id=\"caption-attachment-4163\" class=\"wp-caption-text\">Schweglerin lepakon pes\u00e4kotelo 1FF avoin<\/figcaption><\/figure>\n<p><a href=\"https:\/\/www.rodoaed.ee\/tooted\/pesakastid-ja-linnusoogid\/nahkhiirte-pesakastid\/\">Lepakoiden elinymp\u00e4rist\u00f6j\u00e4<\/a> on ullakoilla, r\u00e4yst\u00e4ill\u00e4, suurissa teollisuusrakennuksissa, maantiesiltojen alla, seinien v\u00e4liss\u00e4 ja kellareissa. Lepakot eiv\u00e4t rakenna omia nukkumapaikkojaan, vaan k\u00e4ytt\u00e4v\u00e4t olemassa olevia sopivia paikkoja, kuten pensaita, kellareita, luolia, puiden koloja, varisten tekemi\u00e4 pes\u00e4koloja tai lintujen pes\u00e4koppeja. Nyky\u00e4\u00e4n uudet talot ovat kuitenkin yleens\u00e4 niin sileit\u00e4 ja tiheit\u00e4, etteiv\u00e4t linnut eiv\u00e4tk\u00e4 lepakot l\u00f6yd\u00e4 niist\u00e4 pes\u00e4paikkoja. Vastaavasti sopivia suojapaikkoja katoaa aina, kun vanhassa talossa tehd\u00e4\u00e4n supereristys ja julkisivun ja pensaiden &#8221;euro-remontti&#8221;.   <\/p>\n<h4>Lepakoiden tukemiseksi voimme asentaa suojia ja pes\u00e4koteloita.<\/h4>\n<p>T\u00e4m\u00e4 on johtanut siihen, ett\u00e4 lepakot ja linnut ovat viime aikoina v\u00e4hentyneet Viron kaupungeissa. Ihmiset ovat huomanneet t\u00e4m\u00e4n ja ryhtyneet toimiin. Esimerkiksi monet Tallinnan Kalamajan asukkaat ovat huomanneet, ett\u00e4 lepakoita lentelee huomattavasti v\u00e4hemm\u00e4n kuin lapsuusmuistoissa. Vastaava prosessi on ollut k\u00e4ynniss\u00e4 L\u00e4nsi-Euroopan kaupungeissa paljon aikaisemmin kuin meill\u00e4, ja sen tuloksena on kehitetty hyv\u00e4ksi havaittuja ratkaisuja. Saksa on edell\u00e4k\u00e4vij\u00e4 t\u00e4ll\u00e4 alalla, sill\u00e4 siell\u00e4 on toimittu n\u00e4in jo l\u00e4hes 65 vuotta, ja kaikki <a title=\"Lepakkosuojat, pes\u00e4kotelot ja talvehtimislaatikot\" href=\"https:\/\/www.rodoaed.ee\/tooted\/pesakastid-ja-linnusoogid\/nahkhiirte-pesakastid\/\">lepakoiden k\u00e4mppi\u00e4, suojia ja talvehtimislaatikoita<\/a> on suunniteltu ja parannettu puhtaasti k\u00e4yt\u00e4nn\u00f6n kokemusten perusteella.    <\/p>\n<p>Kun j\u00e4nnitt\u00e4vien piilopaikkojen valikoima asutuskeskuksissa v\u00e4henee yh\u00e4 enemm\u00e4n, lepakot ottavat mielell\u00e4\u00e4n asentamamme laatikot ja suojapaikat k\u00e4ytt\u00f6\u00f6ns\u00e4. Meid\u00e4n on vain noudatettava perusasennuss\u00e4\u00e4nt\u00f6j\u00e4, ja meill\u00e4 on j\u00e4lleen kerran j\u00e4nnitt\u00e4vi\u00e4 naapureita, jotka pit\u00e4v\u00e4t puutarhamme ja ymp\u00e4rist\u00f6mme tuholaisvapaana. <\/p>\n<h4>Lepakoiden k\u00e4ytt\u00e4ytyminen ja pes\u00e4koteloiden k\u00e4ytt\u00f6<\/h4>\n<p>Yksi ja sama lepakkokoppa tai varjolaatikko toimii lepakoille useissa eri teht\u00e4viss\u00e4 kev\u00e4\u00e4st\u00e4 syksyyn. My\u00f6s talvehtiville lepakoille on olemassa erillisi\u00e4 lepakkolaatikoita. Kes\u00e4k\u00e4ytt\u00f6\u00f6n suunniteltuja lepakkolaatikoita lepakot k\u00e4ytt\u00e4v\u00e4t esimerkiksi v\u00e4liaikaisina lepakoiden makuupaikkoina, kun ne siirtyv\u00e4t kev\u00e4\u00e4ll\u00e4 talvehtimispaikoilta siihen asti, kunnes ne lent\u00e4v\u00e4t kes\u00e4majoille. Kes\u00e4ll\u00e4 samat laatikot soveltuvat pes\u00e4paikoiksi synnytt\u00e4m\u00e4\u00e4n tuleville naaraslepakoille. Niit\u00e4 k\u00e4ytt\u00e4v\u00e4t my\u00f6s yksitt\u00e4iset uroslepakot, jotka pysyttelev\u00e4t hieman erill\u00e4\u00e4n. Syksyll\u00e4 koppilaatikoita k\u00e4ytet\u00e4\u00e4n suurena pes\u00e4paikkana ja my\u00f6hemmin taas siirtym\u00e4tiloina ennen siirtymist\u00e4 talvehtimispaikoille.     <\/p>\n<p>Lepakot ovat hyvin aktiivisia, ja naaraat, nuoret yksil\u00f6t ja koko kolonia liikkuvat jatkuvasti pes\u00e4paikkojen v\u00e4lill\u00e4. Joskus koko yhdyskunta siirtyy joka y\u00f6 uuteen paikkaan. <\/p>\n<h4>Asenna aina useita suojia ja pes\u00e4koteloita lepakoille samanaikaisesti.<\/h4>\n<figure id=\"attachment_4165\" aria-describedby=\"caption-attachment-4165\" style=\"width: 417px\" class=\"wp-caption alignright\"><img loading=\"lazy\" decoding=\"async\" class=\"size-full wp-image-4165\" title=\"Lepakoiden pes\u00e4kotelo 1FF_12-2\" src=\"https:\/\/www.rodoaed.ee\/wp-content\/uploads\/2011\/03\/Nahkhiire-pesakast-1FF_12-2.jpg\" alt=\"\" width=\"417\" height=\"298\"><figcaption id=\"caption-attachment-4165\" class=\"wp-caption-text\">Lepakkolaatikot 1FF useissa riveiss\u00e4 vierekk\u00e4in talon julkisivulla.<\/figcaption><\/figure>\n<p>T\u00e4m\u00e4n vuoksi lepakot olisi aina sijoitettava samalle alueelle useampaan laatikkoon kerrallaan. N\u00e4in ne voivat aina tarpeen mukaan valita sopivan lepakko- tai lep\u00e4ilypaikan tai tilap\u00e4isen suojapaikan. On my\u00f6s parempi asentaa erilaisia malleja, jotta voit kokeilla k\u00e4yt\u00e4nn\u00f6ss\u00e4, mit\u00e4 tietyn pes\u00e4kkeen lepakot mieluiten k\u00e4ytt\u00e4v\u00e4t. Kokemuksista oppimalla n\u00e4it\u00e4 erityisi\u00e4 nukkumislaatikkomalleja voidaan lis\u00e4t\u00e4 tulevina vuosina.   <\/p>\n<h4>Lepakoiden talvehtimislaatikot<\/h4>\n<p>Lepakoille sopivista kellareista ja luolista on usein paljon enemm\u00e4n puutetta kuin kes\u00e4isist\u00e4 suojista. T\u00e4ss\u00e4kin suhteessa n\u00e4it\u00e4 pikkuruisia otuksia on ajateltu. Saksalaiset ovat vuosikymmenten aikana kehittyneet luomaan l\u00e4mpimi\u00e4 ja turvallisia talvehtimislaatikoita, jotka voidaan ripustaa puihin, rakennuksiin tai rakentaa suoraan rakennuksen seiniin.  <\/p>\n<h4>Mit\u00e4 voimme tehd\u00e4 itse?<\/h4>\n<p>Jos olet kiinnostunut villiel\u00e4imist\u00e4 ja haluat auttaa lepakoita, se on itse asiassa hyvin helppoa. Ei tarvitse lahjoittaa hyv\u00e4ntekev\u00e4isyyteen ja odottaa ihmett\u00e4 \ud83d\ude42 <\/p>\n<p>Tutki ensin kotiasi ja etsi mahdollisia paikkoja, joihin voisit asentaa nahkiaisen pes\u00e4koteloita. Sopivia paikkoja ovat esimerkiksi talon etel\u00e4- ja it\u00e4sein\u00e4t, korkeammat puunrungot, joissa ei ole h\u00e4iritsevi\u00e4 oksia, tai ulkorakennuksen tai ulkorakennuksen sein\u00e4, johon p\u00e4\u00e4see tikkaiden avulla ja johon voi asentaa pes\u00e4kotelon. <\/p>\n<p>Kunhan lepakkokotelo on v\u00e4hint\u00e4\u00e4n 3-4 metri\u00e4 maanpinnan yl\u00e4puolella eik\u00e4 sen edess\u00e4 ole esteit\u00e4, kuten oksia tai muita esineit\u00e4. Lepakkolaatikot voidaan hyvin asentaa esimerkiksi rivitalon sein\u00e4\u00e4n tai 9-levyisen rakennuksen sein\u00e4\u00e4n jne. T\u00e4h\u00e4n tarkoitukseen on saatavilla sopivia pes\u00e4kotelomalleja. Muista kuitenkin kysy\u00e4 neuvoa ennen kuin p\u00e4\u00e4t\u00e4t, \u00e4l\u00e4k\u00e4 aloita asennusta ripustamalla jotakin paneeli-ikkunaan. Turvallisuus ennen kaikkea. T\u00e4h\u00e4n on olemassa turvallisia ratkaisuja.     <\/p>\n<figure id=\"attachment_4169\" aria-describedby=\"caption-attachment-4169\" style=\"width: 317px\" class=\"wp-caption alignleft\"><img loading=\"lazy\" decoding=\"async\" class=\"size-full wp-image-4169\" title=\"Lepakoiden pes\u00e4kotelo 1FQ_15-2\" src=\"https:\/\/www.rodoaed.ee\/wp-content\/uploads\/2011\/03\/Nahkhiire-pesakast-1FQ_15-2.jpg\" alt=\"\" width=\"317\" height=\"373\"><figcaption id=\"caption-attachment-4169\" class=\"wp-caption-text\">1FQ lepakkolaatikko talon sein\u00e4ll\u00e4<\/figcaption><\/figure>\n<h4>Miten voin valmistaa tai mist\u00e4 voin hankkia lepakoille sopivia suojia ja koppia?<\/h4>\n<p>Lepakkosuojat ja pes\u00e4kotelot voidaan periaatteessa veist\u00e4\u00e4 my\u00f6s puusta, ja niit\u00e4 koskevia suosituksia l\u00f6ytyy internetist\u00e4, mutta suosittelemme k\u00e4ytt\u00e4m\u00e4\u00e4n erityisesti suunniteltuja ratkaisuja. On useita syit\u00e4 luottaa hyv\u00e4ksi koettuun kokemukseen. <\/p>\n<p><strong>Ensinn\u00e4kin erityisesti lepakoille suunnitellut ratkaisut ovat turvallisempia ja pitk\u00e4ik\u00e4isempi\u00e4<\/strong>. Jos puinen lepakkosuoja kest\u00e4\u00e4 luonnossa muutaman vuoden, mutta sitten siihen tulee v\u00e4ist\u00e4m\u00e4tt\u00e4 halkeamia ja rakoja, lepakot yksinkertaisesti j\u00e4tt\u00e4v\u00e4t sen taakseen. Parempi vaihtoehto. Koska lepakot ovat kuitenkin hyvin tarkkoja elinymp\u00e4rist\u00f6ns\u00e4 valinnassa, nopeasti lahoavan tai huonolaatuisen laatikon asentaminen voi olla niille turvallisuusriski. Talvipes\u00e4st\u00e4 l\u00e4htev\u00e4t lepakot suosivat paikkaa, jota ne ovat k\u00e4ytt\u00e4neet vuoden ajan, ja jos se ei ole en\u00e4\u00e4 k\u00e4ytett\u00e4viss\u00e4, niiden on l\u00f6ydett\u00e4v\u00e4 nopeasti korvaava paikka. Kev\u00e4\u00e4ll\u00e4 aika on kuitenkin valttia.     <\/p>\n<p>Toinen syy on hyvin yksinkertainen.  <strong>Ammattimaiset puubetoniset lepakkolaatikot ovat yksinkertaisesti paljon houkuttelevampia lepakoille ja paljon v\u00e4kirikkaampia kuin kotitekoiset puulaatikot.<\/strong><\/p>\n<p><strong>Kolmas syy on suuret s\u00e4\u00e4st\u00f6t asentajalle.<\/strong> Ammattimaiset puubetoniset lepakkosuojat ja lepakoiden pes\u00e4paikat <strong>kest\u00e4v\u00e4t luonnossa 30 vuotta tai kauemmin.<\/strong> Kun ostat ja asennat kerran, voit nauttia lepakoista ja niiden elinymp\u00e4rist\u00f6ist\u00e4 k\u00e4yt\u00e4nn\u00f6ss\u00e4 koko el\u00e4m\u00e4si ajan ja tulevien sukupolvien ajan. Schweglerin puubetonimateriaali on eritt\u00e4in kest\u00e4v\u00e4\u00e4 ja samalla hengitt\u00e4v\u00e4\u00e4, mik\u00e4 s\u00e4\u00e4telee l\u00e4mp\u00f6tilaa pes\u00e4kopin sis\u00e4ll\u00e4. Viilent\u00e4\u00e4 kuumalla s\u00e4\u00e4ll\u00e4 ja l\u00e4mmitt\u00e4\u00e4 kylm\u00e4ll\u00e4 s\u00e4\u00e4ll\u00e4. Se j\u00e4ljittelee puunrungon suurta onkaloa tai luonnollisen luolan vakautta.    <\/p>\n<p>Jos haluat ottaa ensimm\u00e4isen j\u00e4nnitt\u00e4v\u00e4n askeleen, tutustu tarkemmin <a title=\"Lepakoiden pes\u00e4kotelot\" href=\"https:\/\/www.rodoaed.ee\/tooted\/pesakastid-ja-linnusoogid\/nahkhiirte-pesakastid\/\">erilaisiin lepakkokotelomalleihin.<\/a><\/p>\n<h4>Toivotamme sinulle menestyst\u00e4 ja autamme sinua aina, kun sinulla on kysytt\u00e4v\u00e4\u00e4 tai tarvitset apua.<\/h4>\n","protected":false},"excerpt":{"rendered":"<p>Lepakot ovat Viron metsien ja puistojen sek\u00e4 asutuksen ja rakennusten pitk\u00e4aikaisia kumppaneita. Koska lepakot ovat y\u00f6el\u00e4imi\u00e4 ja viett\u00e4v\u00e4t p\u00e4iv\u00e4saikaansa lep\u00e4illen varjoisissa paikoissa, monet ihmiset eiv\u00e4t ymm\u00e4rr\u00e4, ett\u00e4 he itse asiassa el\u00e4v\u00e4t lepakoiden kanssa. Lepakoita asuu Tallinnan Kalamajaan ja Kadriorgiin sek\u00e4 m\u00f6kkialueille ymp\u00e4ri kaupunkia. Niit\u00e4 tavataan asutuksissa, puistoissa ja metsiss\u00e4 &#8211; kaikkialla siell\u00e4, miss\u00e4 on riitt\u00e4v\u00e4sti hy\u00f6nteisi\u00e4 ja sopivia pes\u00e4paikkoja sek\u00e4 turvallisia paikkoja talvehtimiselle. Lepakoiden elinymp\u00e4rist\u00f6j\u00e4&#8230;<\/p>\n","protected":false},"author":1,"featured_media":0,"parent":52248,"menu_order":60,"comment_status":"closed","ping_status":"closed","template":"","meta":{"_acf_changed":false,"footnotes":""},"class_list":["post-52253","page","type-page","status-publish","hentry"],"acf":[],"yoast_head":"<!-- This site is optimized with the Yoast SEO Premium plugin v27.5 (Yoast SEO v27.5) - https:\/\/yoast.com\/product\/yoast-seo-premium-wordpress\/ -->\n<title>Viron lepakot. Lepakkokopit ja -suojat. - Rodoaed<\/title>\n<meta name=\"robots\" content=\"index, follow, max-snippet:-1, max-image-preview:large, max-video-preview:-1\" \/>\n<link rel=\"canonical\" href=\"https:\/\/rodoaed.ee\/info-2\/pesakotelot\/viron-lepakot-lepakkokopit-ja-suojat\/\" \/>\n<meta property=\"og:locale\" content=\"fi_FI\" \/>\n<meta property=\"og:type\" content=\"article\" \/>\n<meta property=\"og:title\" content=\"Viron lepakot. Lepakkokopit ja -suojat.\" \/>\n<meta property=\"og:description\" content=\"Lepakot ovat Viron metsien ja puistojen sek\u00e4 asutuksen ja rakennusten pitk\u00e4aikaisia kumppaneita. Koska lepakot ovat y\u00f6el\u00e4imi\u00e4 ja viett\u00e4v\u00e4t p\u00e4iv\u00e4saikaansa\" \/>\n<meta property=\"og:url\" content=\"https:\/\/rodoaed.ee\/info-2\/pesakotelot\/viron-lepakot-lepakkokopit-ja-suojat\/\" \/>\n<meta property=\"og:site_name\" content=\"Rodoaed\" \/>\n<meta property=\"article:publisher\" content=\"https:\/\/www.facebook.com\/kasvuhooned\/\" \/>\n<meta name=\"twitter:card\" content=\"summary_large_image\" \/>\n<meta name=\"twitter:label1\" content=\"Arvioitu lukuaika\" \/>\n\t<meta name=\"twitter:data1\" content=\"5 minuuttia\" \/>\n<script type=\"application\/ld+json\" class=\"yoast-schema-graph\">{\"@context\":\"https:\\\/\\\/schema.org\",\"@graph\":[{\"@type\":\"WebPage\",\"@id\":\"https:\\\/\\\/rodoaed.ee\\\/info-2\\\/pesakotelot\\\/viron-lepakot-lepakkokopit-ja-suojat\\\/\",\"url\":\"https:\\\/\\\/rodoaed.ee\\\/info-2\\\/pesakotelot\\\/viron-lepakot-lepakkokopit-ja-suojat\\\/\",\"name\":\"Viron lepakot. Lepakkokopit ja -suojat. - Rodoaed\",\"isPartOf\":{\"@id\":\"https:\\\/\\\/rodoaed.ee\\\/#website\"},\"primaryImageOfPage\":{\"@id\":\"https:\\\/\\\/rodoaed.ee\\\/info-2\\\/pesakotelot\\\/viron-lepakot-lepakkokopit-ja-suojat\\\/#primaryimage\"},\"image\":{\"@id\":\"https:\\\/\\\/rodoaed.ee\\\/info-2\\\/pesakotelot\\\/viron-lepakot-lepakkokopit-ja-suojat\\\/#primaryimage\"},\"thumbnailUrl\":\"https:\\\/\\\/www.rodoaed.ee\\\/wp-content\\\/uploads\\\/2011\\\/03\\\/Nahkhiire-pesakast-1FF_2.jpg\",\"datePublished\":\"2026-04-01T09:07:36+00:00\",\"breadcrumb\":{\"@id\":\"https:\\\/\\\/rodoaed.ee\\\/info-2\\\/pesakotelot\\\/viron-lepakot-lepakkokopit-ja-suojat\\\/#breadcrumb\"},\"inLanguage\":\"fi\",\"potentialAction\":[{\"@type\":\"ReadAction\",\"target\":[\"https:\\\/\\\/rodoaed.ee\\\/info-2\\\/pesakotelot\\\/viron-lepakot-lepakkokopit-ja-suojat\\\/\"]}]},{\"@type\":\"ImageObject\",\"inLanguage\":\"fi\",\"@id\":\"https:\\\/\\\/rodoaed.ee\\\/info-2\\\/pesakotelot\\\/viron-lepakot-lepakkokopit-ja-suojat\\\/#primaryimage\",\"url\":\"https:\\\/\\\/www.rodoaed.ee\\\/wp-content\\\/uploads\\\/2011\\\/03\\\/Nahkhiire-pesakast-1FF_2.jpg\",\"contentUrl\":\"https:\\\/\\\/www.rodoaed.ee\\\/wp-content\\\/uploads\\\/2011\\\/03\\\/Nahkhiire-pesakast-1FF_2.jpg\"},{\"@type\":\"BreadcrumbList\",\"@id\":\"https:\\\/\\\/rodoaed.ee\\\/info-2\\\/pesakotelot\\\/viron-lepakot-lepakkokopit-ja-suojat\\\/#breadcrumb\",\"itemListElement\":[{\"@type\":\"ListItem\",\"position\":1,\"name\":\"Home\",\"item\":\"https:\\\/\\\/rodoaed.ee\\\/fi\\\/\"},{\"@type\":\"ListItem\",\"position\":2,\"name\":\"Info\",\"item\":\"https:\\\/\\\/rodoaed.ee\\\/info-2\\\/\"},{\"@type\":\"ListItem\",\"position\":3,\"name\":\"Pes\u00e4kotelot\",\"item\":\"https:\\\/\\\/rodoaed.ee\\\/fi\\\/info-2\\\/pesakotelot\\\/\"},{\"@type\":\"ListItem\",\"position\":4,\"name\":\"Viron lepakot. Lepakkokopit ja -suojat.\"}]},{\"@type\":\"WebSite\",\"@id\":\"https:\\\/\\\/rodoaed.ee\\\/#website\",\"url\":\"https:\\\/\\\/rodoaed.ee\\\/\",\"name\":\"Rodoaed\",\"description\":\"\",\"publisher\":{\"@id\":\"https:\\\/\\\/rodoaed.ee\\\/#organization\"},\"potentialAction\":[{\"@type\":\"SearchAction\",\"target\":{\"@type\":\"EntryPoint\",\"urlTemplate\":\"https:\\\/\\\/rodoaed.ee\\\/?s={search_term_string}\"},\"query-input\":{\"@type\":\"PropertyValueSpecification\",\"valueRequired\":true,\"valueName\":\"search_term_string\"}}],\"inLanguage\":\"fi\"},{\"@type\":\"Organization\",\"@id\":\"https:\\\/\\\/rodoaed.ee\\\/#organization\",\"name\":\"Rodoaed\",\"url\":\"https:\\\/\\\/rodoaed.ee\\\/\",\"logo\":{\"@type\":\"ImageObject\",\"inLanguage\":\"fi\",\"@id\":\"https:\\\/\\\/rodoaed.ee\\\/#\\\/schema\\\/logo\\\/image\\\/\",\"url\":\"https:\\\/\\\/rodoaed.ee\\\/wp-content\\\/uploads\\\/2019\\\/11\\\/rodoaed-logo-ilma-taustata.jpg\",\"contentUrl\":\"https:\\\/\\\/rodoaed.ee\\\/wp-content\\\/uploads\\\/2019\\\/11\\\/rodoaed-logo-ilma-taustata.jpg\",\"width\":769,\"height\":268,\"caption\":\"Rodoaed\"},\"image\":{\"@id\":\"https:\\\/\\\/rodoaed.ee\\\/#\\\/schema\\\/logo\\\/image\\\/\"},\"sameAs\":[\"https:\\\/\\\/www.facebook.com\\\/kasvuhooned\\\/\",\"https:\\\/\\\/rodoaed.ee\"]}]}<\/script>\n<!-- \/ Yoast SEO Premium plugin. -->","yoast_head_json":{"title":"Viron lepakot. Lepakkokopit ja -suojat. - Rodoaed","robots":{"index":"index","follow":"follow","max-snippet":"max-snippet:-1","max-image-preview":"max-image-preview:large","max-video-preview":"max-video-preview:-1"},"canonical":"https:\/\/rodoaed.ee\/info-2\/pesakotelot\/viron-lepakot-lepakkokopit-ja-suojat\/","og_locale":"fi_FI","og_type":"article","og_title":"Viron lepakot. Lepakkokopit ja -suojat.","og_description":"Lepakot ovat Viron metsien ja puistojen sek\u00e4 asutuksen ja rakennusten pitk\u00e4aikaisia kumppaneita. Koska lepakot ovat y\u00f6el\u00e4imi\u00e4 ja viett\u00e4v\u00e4t p\u00e4iv\u00e4saikaansa","og_url":"https:\/\/rodoaed.ee\/info-2\/pesakotelot\/viron-lepakot-lepakkokopit-ja-suojat\/","og_site_name":"Rodoaed","article_publisher":"https:\/\/www.facebook.com\/kasvuhooned\/","twitter_card":"summary_large_image","twitter_misc":{"Arvioitu lukuaika":"5 minuuttia"},"schema":{"@context":"https:\/\/schema.org","@graph":[{"@type":"WebPage","@id":"https:\/\/rodoaed.ee\/info-2\/pesakotelot\/viron-lepakot-lepakkokopit-ja-suojat\/","url":"https:\/\/rodoaed.ee\/info-2\/pesakotelot\/viron-lepakot-lepakkokopit-ja-suojat\/","name":"Viron lepakot. Lepakkokopit ja -suojat. - Rodoaed","isPartOf":{"@id":"https:\/\/rodoaed.ee\/#website"},"primaryImageOfPage":{"@id":"https:\/\/rodoaed.ee\/info-2\/pesakotelot\/viron-lepakot-lepakkokopit-ja-suojat\/#primaryimage"},"image":{"@id":"https:\/\/rodoaed.ee\/info-2\/pesakotelot\/viron-lepakot-lepakkokopit-ja-suojat\/#primaryimage"},"thumbnailUrl":"https:\/\/www.rodoaed.ee\/wp-content\/uploads\/2011\/03\/Nahkhiire-pesakast-1FF_2.jpg","datePublished":"2026-04-01T09:07:36+00:00","breadcrumb":{"@id":"https:\/\/rodoaed.ee\/info-2\/pesakotelot\/viron-lepakot-lepakkokopit-ja-suojat\/#breadcrumb"},"inLanguage":"fi","potentialAction":[{"@type":"ReadAction","target":["https:\/\/rodoaed.ee\/info-2\/pesakotelot\/viron-lepakot-lepakkokopit-ja-suojat\/"]}]},{"@type":"ImageObject","inLanguage":"fi","@id":"https:\/\/rodoaed.ee\/info-2\/pesakotelot\/viron-lepakot-lepakkokopit-ja-suojat\/#primaryimage","url":"https:\/\/www.rodoaed.ee\/wp-content\/uploads\/2011\/03\/Nahkhiire-pesakast-1FF_2.jpg","contentUrl":"https:\/\/www.rodoaed.ee\/wp-content\/uploads\/2011\/03\/Nahkhiire-pesakast-1FF_2.jpg"},{"@type":"BreadcrumbList","@id":"https:\/\/rodoaed.ee\/info-2\/pesakotelot\/viron-lepakot-lepakkokopit-ja-suojat\/#breadcrumb","itemListElement":[{"@type":"ListItem","position":1,"name":"Home","item":"https:\/\/rodoaed.ee\/fi\/"},{"@type":"ListItem","position":2,"name":"Info","item":"https:\/\/rodoaed.ee\/info-2\/"},{"@type":"ListItem","position":3,"name":"Pes\u00e4kotelot","item":"https:\/\/rodoaed.ee\/fi\/info-2\/pesakotelot\/"},{"@type":"ListItem","position":4,"name":"Viron lepakot. Lepakkokopit ja -suojat."}]},{"@type":"WebSite","@id":"https:\/\/rodoaed.ee\/#website","url":"https:\/\/rodoaed.ee\/","name":"Rodoaed","description":"","publisher":{"@id":"https:\/\/rodoaed.ee\/#organization"},"potentialAction":[{"@type":"SearchAction","target":{"@type":"EntryPoint","urlTemplate":"https:\/\/rodoaed.ee\/?s={search_term_string}"},"query-input":{"@type":"PropertyValueSpecification","valueRequired":true,"valueName":"search_term_string"}}],"inLanguage":"fi"},{"@type":"Organization","@id":"https:\/\/rodoaed.ee\/#organization","name":"Rodoaed","url":"https:\/\/rodoaed.ee\/","logo":{"@type":"ImageObject","inLanguage":"fi","@id":"https:\/\/rodoaed.ee\/#\/schema\/logo\/image\/","url":"https:\/\/rodoaed.ee\/wp-content\/uploads\/2019\/11\/rodoaed-logo-ilma-taustata.jpg","contentUrl":"https:\/\/rodoaed.ee\/wp-content\/uploads\/2019\/11\/rodoaed-logo-ilma-taustata.jpg","width":769,"height":268,"caption":"Rodoaed"},"image":{"@id":"https:\/\/rodoaed.ee\/#\/schema\/logo\/image\/"},"sameAs":["https:\/\/www.facebook.com\/kasvuhooned\/","https:\/\/rodoaed.ee"]}]}},"_links":{"self":[{"href":"https:\/\/rodoaed.ee\/fi\/wp-json\/wp\/v2\/pages\/52253","targetHints":{"allow":["GET"]}}],"collection":[{"href":"https:\/\/rodoaed.ee\/fi\/wp-json\/wp\/v2\/pages"}],"about":[{"href":"https:\/\/rodoaed.ee\/fi\/wp-json\/wp\/v2\/types\/page"}],"author":[{"embeddable":true,"href":"https:\/\/rodoaed.ee\/fi\/wp-json\/wp\/v2\/users\/1"}],"replies":[{"embeddable":true,"href":"https:\/\/rodoaed.ee\/fi\/wp-json\/wp\/v2\/comments?post=52253"}],"version-history":[{"count":0,"href":"https:\/\/rodoaed.ee\/fi\/wp-json\/wp\/v2\/pages\/52253\/revisions"}],"up":[{"embeddable":true,"href":"https:\/\/rodoaed.ee\/fi\/wp-json\/wp\/v2\/pages\/52248"}],"wp:attachment":[{"href":"https:\/\/rodoaed.ee\/fi\/wp-json\/wp\/v2\/media?parent=52253"}],"curies":[{"name":"wp","href":"https:\/\/api.w.org\/{rel}","templated":true}]}}