{"id":52254,"date":"2026-04-01T12:07:37","date_gmt":"2026-04-01T09:07:37","guid":{"rendered":"https:\/\/rodoaed.ee\/info-2\/pesakotelot\/pesakotelot-kakaroille-ohjeet-pesalaatikoiden-asentamiseen-kavioille\/"},"modified":"2026-04-01T12:07:37","modified_gmt":"2026-04-01T09:07:37","slug":"pesakotelot-kakaroille-ohjeet-pesalaatikoiden-asentamiseen-kavioille","status":"publish","type":"page","link":"https:\/\/rodoaed.ee\/fi\/info-2\/pesakotelot\/pesakotelot-kakaroille-ohjeet-pesalaatikoiden-asentamiseen-kavioille\/","title":{"rendered":"Pes\u00e4kotelot kakaroille. Ohjeet pes\u00e4laatikoiden asentamiseen kavioille"},"content":{"rendered":"<figure id=\"attachment_6357\" aria-describedby=\"caption-attachment-6357\" style=\"width: 265px\" class=\"wp-caption alignright\"><img loading=\"lazy\" decoding=\"async\" class=\"size-full wp-image-6357\" title=\"pes\u00e4laatikko pupuille no5_181_01\" src=\"https:\/\/www.rodoaed.ee\/wp-content\/uploads\/2011\/03\/kakuliste-pesakast-nr5_181_01.jpg\" alt=\"\" width=\"265\" height=\"400\"><figcaption id=\"caption-attachment-6357\" class=\"wp-caption-text\">Suurempi kaktuspes\u00e4laatikko tai malli nro 5.<\/figcaption><\/figure>\n<h4>Pes\u00e4koteloita asennetaan metsiin ja puistoihin sek\u00e4 hiirikannan hallitsemiseksi ett\u00e4 luonnollisen monimuotoisuuden tukemiseksi. Tavalliselle lintuharrastajalle pesiv\u00e4 kukkopari l\u00e4hell\u00e4 kotia on kuitenkin yksinkertaisesti j\u00e4nnitt\u00e4v\u00e4 kokemus ja my\u00f6s hyv\u00e4 naapuri. <\/h4>\n<p>Virossa voi tavata <strong>sarvikuukin<\/strong>, <strong>m\u00f6kkikuukin<\/strong> ja pikkuruisen v\u00e4rikk\u00e4\u00e4n <strong>k\u00e4kiksen<\/strong> pesim\u00e4ss\u00e4 pes\u00e4laatikossa. Mutta viime vuonna Virossa harvinainen tiaisen pesint\u00e4 osoitti, ett\u00e4 my\u00f6s r\u00e4k\u00e4ttirastas pesii mieluiten onkalossa. Kuka tiet\u00e4\u00e4, ehk\u00e4p\u00e4 pes\u00e4laatikoita pystytt\u00e4m\u00e4ll\u00e4 l\u00f6yd\u00e4mme pian my\u00f6s Virossa pesiv\u00e4n <strong>h\u00f6m\u00f6tiaisen<\/strong> laajemminkin.  <\/p>\n<p>Kottaraisten, tai yleiskieless\u00e4 p\u00f6ll\u00f6jen, puubetonisia pes\u00e4koteloita varten on vuosikymmeni\u00e4 kest\u00e4neiden testien ja parannusten j\u00e4lkeen luotu mallit N:o 4 ja N:o 5. Niit\u00e4 voidaan k\u00e4ytt\u00e4\u00e4 vain, jos niit\u00e4 on testattu ja parannettu. N\u00e4m\u00e4 pes\u00e4kotelot on suunniteltu korvaamaan luonnolliset puiden kolot ja variksen tekem\u00e4t pes\u00e4kolot. N\u00e4iss\u00e4 pes\u00e4laatikoissa asuu joskus my\u00f6s muita asukkaita, kuten oravia. Varikset k\u00e4yv\u00e4t usein pes\u00e4- ja lev\u00e4hdyspaikoilla, mutta varikset rakentavat joka vuosi uuden pes\u00e4laatikon puihin.   <\/p>\n<p>Koska ter\u00e4sbetoninen pes\u00e4kotelo on niin kest\u00e4v\u00e4 ja pitk\u00e4ik\u00e4inen, se tarjoaa erinomaista vastinetta rahalle. Pes\u00e4laatikko on l\u00e4mmin ja sateenpit\u00e4v\u00e4 pesinn\u00e4n aikana ja samalla viile\u00e4 ja mukava nuorille linnuille kasvukauden aikana. T\u00e4m\u00e4n pes\u00e4laatikon muotoa, sein\u00e4m\u00e4n paksuutta ja mittoja on testattu ja parannettu viimeisten 40 vuoden aikana, ja lopputulos on se, mit\u00e4 linnut kutsuvat &#8221;hienoksi vanhaksi puiseksi pes\u00e4laatikoksi&#8221;. Linnut tuntevat olonsa eritt\u00e4in turvalliseksi t\u00e4llaisessa pes\u00e4kotelossa, ja vakaat olosuhteet suojaavat sek\u00e4 munia ett\u00e4 poikasia. Kaikkien pes\u00e4laatikoiden mukana toimitetaan ripustuskannattimet ja erityiset Schweglerin alumiininaulat.     <\/p>\n<h4>K\u00e4en pes\u00e4koteloiden asentaminen<\/h4>\n<p>K\u00e4en pes\u00e4koteloita asennetaan puistoihin, metsiin ja puutarhoihin. Jotkut cockatielit ovat arkajalkaisempia, kun taas toiset siet\u00e4v\u00e4t ihmisi\u00e4 paremmin ja pesiv\u00e4t rauhallisesti asuntojen l\u00e4hell\u00e4, jos olosuhteet ovat sopivat. Ne eiv\u00e4t yleens\u00e4 pysty sanomaan hyv\u00e4stej\u00e4 n\u00e4in erinomaiselle pes\u00e4kotelolle.  <\/p>\n<p>Pes\u00e4laatikon pystytt\u00e4minen kakaduille on eritt\u00e4in kannattavaa, sill\u00e4 n\u00e4m\u00e4 arvokkaat pes\u00e4kolot eiv\u00e4t koskaan j\u00e4\u00e4 tyhjiksi. Jos kanat eiv\u00e4t ensimm\u00e4isen\u00e4 vuonna muuta, n\u00e4m\u00e4 pes\u00e4kotelot sopivat erinomaisesti my\u00f6s esimerkiksi oraville ja kotiloille. Ne sopivat erinomaisesti my\u00f6s kiehtoville vesilinnuille, kuten kahlaajille ja harmaap\u00e4\u00e4tikkaille, eik\u00e4 veden tarvitse olla aivan l\u00e4hell\u00e4. My\u00f6s Virossa hyvin harvinainen, mutta eritt\u00e4in kaunis pes\u00e4p\u00f6ll\u00f6 pesii mielell\u00e4\u00e4n n\u00e4iss\u00e4 pes\u00e4kopeissa.   <\/p>\n<h4>Metsurin pes\u00e4laatikko kakun kanssa<\/h4>\n<p>On t\u00e4rke\u00e4\u00e4 pit\u00e4\u00e4 mieless\u00e4, ett\u00e4 pienell\u00e4 koristepuulla on taipumus asuttaa suuria k\u00e4kiksen pes\u00e4laatikoita. Puukiipij\u00e4t voivat olla itsekin pieni\u00e4 lintuja, mutta aina kun mahdollista, ne asuttavat mieluummin isompia pes\u00e4laatikoita. Suuri lentoaukko t\u00e4ytet\u00e4\u00e4n osittain savella niin, ett\u00e4 vain ne mahtuvat sis\u00e4\u00e4n. Puukiipij\u00e4n pes\u00e4laatikko on suunniteltu erityisesti puukiipij\u00e4n tavat huomioon ottaen.   <\/p>\n<p>Jos siis asennat pes\u00e4koteloita kaktukseen, on viisasta asentaa pes\u00e4kotelo my\u00f6s puun koristelijalle samaan puuhun, alemmas tai naapuripuuhun. Muuten puukoriste muuttaa sinne ennen k\u00e4ke\u00e4. <\/p>\n<p>Seuraavassa kerrotaan hieman lis\u00e4\u00e4 kahdesta kanoille suunnitellusta pes\u00e4kotelomallista.<\/p>\n<h4><\/h4>\n<h4><a href=\"https:\/\/rodoaed.ee\/tootekategooria\/pesakastid-ja-linnusoogid\/pesakastid\/lindude-pesakastid\/pesakastid-kakkudele\/\">Pes\u00e4laatikko kakadulle nro 4<\/a>, sarvikakadulle, mustakakadulle, oravalle, leijulinnulle.<\/h4>\n<div>\n<figure id=\"attachment_6360\" aria-describedby=\"caption-attachment-6360\" style=\"width: 150px\" class=\"wp-caption alignright\"><img loading=\"lazy\" decoding=\"async\" class=\"size-full wp-image-6360\" title=\"pes\u00e4laatikko nro 4 poo_1\" src=\"https:\/\/www.rodoaed.ee\/wp-content\/uploads\/2011\/03\/pesakast-nr4-kakkudele_11.jpg\" alt=\"\" width=\"150\" height=\"223\"><figcaption id=\"caption-attachment-6360\" class=\"wp-caption-text\">k\u00e4ki-\u00e4iti katselee ulos ikkunasta<\/figcaption><\/figure>\n<p>T\u00e4m\u00e4 suurikokoinen pes\u00e4laatikko on tarkoitettu ensisijaisesti <strong>sarvijalkakakadulle<\/strong> ja <strong>pikkukakadulle<\/strong>, mutta my\u00f6s <strong>leijup\u00f6ll\u00f6lle<\/strong>, <strong>oravap\u00f6ll\u00f6lle<\/strong> ja <strong>kottaraiselle<\/strong>. My\u00f6s suuremmat pesim\u00e4lajit, kuten <strong>mustakurkku-uikku<\/strong>, <strong>harmaapyrst\u00f6kuiri<\/strong> ja <strong>harmaapyrst\u00f6kuiri<\/strong>, tykk\u00e4\u00e4v\u00e4t lev\u00e4ht\u00e4\u00e4 t\u00e4ss\u00e4 pes\u00e4laatikossa. Pes\u00e4laatikko sopii my\u00f6s Virossa hyvin harvinaiselle <strong>r\u00e4k\u00e4ttirastaselle<\/strong>.  <\/p>\n<h4><\/h4>\n<h4>Pes\u00e4kotelon asentaminen<\/h4>\n<p>Asenna t\u00e4m\u00e4 pes\u00e4laatikko puuhun 4-6 metrin korkeudelle. K\u00e4yt\u00e4 mukana toimitettua erikoiskiinnikett\u00e4 ja alumiininauloja, jotka ovat turvallisia puunrungolle. <\/p>\n<p>Huomaa: Ripottele pes\u00e4kotelon pohjalle kerros h\u00f6yl\u00e4ysmassaa tai sahanpurua. Kakut eiv\u00e4t laita itse kuiviketta. Muille linnuille ei tarvitse antaa pes\u00e4n t\u00e4yteainetta. Joutsenelle on olemassa erityinen pohjalokero (kysy ostaessasi), joka tarjoaa hygieenisen ymp\u00e4rist\u00f6n, koska jousipoikaset ulostavat pes\u00e4\u00e4n kasvaessaan eiv\u00e4tk\u00e4 emolinnut puhdista sit\u00e4.   <\/p>\n<h4><\/h4>\n<h4><\/h4>\n<h4><a href=\"https:\/\/rodoaed.ee\/tootekategooria\/pesakastid-ja-linnusoogid\/pesakastid\/lindude-pesakastid\/pesakastid-kakkudele\/\">Kakkulaatikko nro 5 kotitekoisille kakuille, leivonnaisille, nyytille ja pullien leivonnaisille.<\/a> <\/h4>\n<div>\n<p>T\u00e4m\u00e4 suurikokoinen pes\u00e4laatikko on suunniteltu ensisijaisesti <strong>kotiel\u00e4imin\u00e4 pidett\u00e4ville k\u00e4kille<\/strong> ja <strong>leijulinnuille<\/strong>, mutta my\u00f6s <strong>poikasille<\/strong>. My\u00f6s <strong>arktinen<\/strong> ja <strong>l\u00e4nsisuohaukka<\/strong> pesiv\u00e4t mielell\u00e4\u00e4n t\u00e4ss\u00e4 pes\u00e4laatikossa. <\/p>\n<h4><\/h4>\n<h4>Pes\u00e4kotelon asentaminen<\/h4>\n<p>Asenna t\u00e4m\u00e4 pes\u00e4laatikko puunrunkoon 4-6 metrin korkeudelle. K\u00e4yt\u00e4 mukana toimitettua erikoiskiinnikett\u00e4 ja alumiininauloja, jotka ovat turvallisia puunrungolle. <\/p>\n<p>Pes\u00e4kotelon pohjalle ripotellaan kerros h\u00f6yl\u00e4ysmassaa tai sahanpurua. Kakut eiv\u00e4t laita itse kuiviketta. Muille linnuille ei tarvitse antaa pes\u00e4n t\u00e4yteainetta. Joutsenelle on olemassa erityinen pohjalokero (kysy ostaessasi), joka tarjoaa hygieenisen ymp\u00e4rist\u00f6n, koska jousipoikaset ulostavat pes\u00e4\u00e4n kasvaessaan eiv\u00e4tk\u00e4 emolinnut puhdista sit\u00e4.   <\/p>\n<\/div>\n<\/div>\n","protected":false},"excerpt":{"rendered":"<p>Pes\u00e4koteloita asennetaan metsiin ja puistoihin sek\u00e4 hiirikannan hallitsemiseksi ett\u00e4 luonnollisen monimuotoisuuden tukemiseksi. Tavalliselle lintuharrastajalle pesiv\u00e4 kukkopari l\u00e4hell\u00e4 kotia on kuitenkin yksinkertaisesti j\u00e4nnitt\u00e4v\u00e4 kokemus ja my\u00f6s hyv\u00e4 naapuri. Virossa voi tavata sarvikuukin, m\u00f6kkikuukin ja pikkuruisen v\u00e4rikk\u00e4\u00e4n k\u00e4kiksen pesim\u00e4ss\u00e4 pes\u00e4laatikossa. Mutta viime vuonna Virossa harvinainen tiaisen pesint\u00e4 osoitti, ett\u00e4 my\u00f6s r\u00e4k\u00e4ttirastas pesii mieluiten onkalossa. Kuka tiet\u00e4\u00e4, ehk\u00e4p\u00e4 pes\u00e4laatikoita pystytt\u00e4m\u00e4ll\u00e4 l\u00f6yd\u00e4mme pian my\u00f6s Virossa pesiv\u00e4n h\u00f6m\u00f6tiaisen laajemminkin. Kottaraisten,&#8230;<\/p>\n","protected":false},"author":1,"featured_media":0,"parent":52248,"menu_order":70,"comment_status":"closed","ping_status":"closed","template":"","meta":{"_acf_changed":false,"footnotes":""},"class_list":["post-52254","page","type-page","status-publish","hentry"],"acf":[],"yoast_head":"<!-- This site is optimized with the Yoast SEO Premium plugin v27.3 (Yoast SEO v27.3) - https:\/\/yoast.com\/product\/yoast-seo-premium-wordpress\/ -->\n<title>Pes\u00e4kotelot kakaroille. Ohjeet pes\u00e4laatikoiden asentamiseen kavioille - Rodoaed<\/title>\n<meta name=\"robots\" content=\"index, follow, max-snippet:-1, max-image-preview:large, max-video-preview:-1\" \/>\n<link rel=\"canonical\" href=\"https:\/\/rodoaed.ee\/info-2\/pesakotelot\/pesakotelot-kakaroille-ohjeet-pesalaatikoiden-asentamiseen-kavioille\/\" \/>\n<meta property=\"og:locale\" content=\"fi_FI\" \/>\n<meta property=\"og:type\" content=\"article\" \/>\n<meta property=\"og:title\" content=\"Pes\u00e4kotelot kakaroille. Ohjeet pes\u00e4laatikoiden asentamiseen kavioille\" \/>\n<meta property=\"og:description\" content=\"Pes\u00e4koteloita asennetaan metsiin ja puistoihin sek\u00e4 hiirikannan hallitsemiseksi ett\u00e4 luonnollisen monimuotoisuuden tukemiseksi. Tavalliselle\" \/>\n<meta property=\"og:url\" content=\"https:\/\/rodoaed.ee\/info-2\/pesakotelot\/pesakotelot-kakaroille-ohjeet-pesalaatikoiden-asentamiseen-kavioille\/\" \/>\n<meta property=\"og:site_name\" content=\"Rodoaed\" \/>\n<meta property=\"article:publisher\" content=\"https:\/\/www.facebook.com\/kasvuhooned\/\" \/>\n<meta name=\"twitter:card\" content=\"summary_large_image\" \/>\n<meta name=\"twitter:label1\" content=\"Arvioitu lukuaika\" \/>\n\t<meta name=\"twitter:data1\" content=\"4 minuuttia\" \/>\n<script type=\"application\/ld+json\" class=\"yoast-schema-graph\">{\"@context\":\"https:\\\/\\\/schema.org\",\"@graph\":[{\"@type\":\"WebPage\",\"@id\":\"https:\\\/\\\/rodoaed.ee\\\/info-2\\\/pesakotelot\\\/pesakotelot-kakaroille-ohjeet-pesalaatikoiden-asentamiseen-kavioille\\\/\",\"url\":\"https:\\\/\\\/rodoaed.ee\\\/info-2\\\/pesakotelot\\\/pesakotelot-kakaroille-ohjeet-pesalaatikoiden-asentamiseen-kavioille\\\/\",\"name\":\"Pes\u00e4kotelot kakaroille. Ohjeet pes\u00e4laatikoiden asentamiseen kavioille - Rodoaed\",\"isPartOf\":{\"@id\":\"https:\\\/\\\/rodoaed.ee\\\/#website\"},\"primaryImageOfPage\":{\"@id\":\"https:\\\/\\\/rodoaed.ee\\\/info-2\\\/pesakotelot\\\/pesakotelot-kakaroille-ohjeet-pesalaatikoiden-asentamiseen-kavioille\\\/#primaryimage\"},\"image\":{\"@id\":\"https:\\\/\\\/rodoaed.ee\\\/info-2\\\/pesakotelot\\\/pesakotelot-kakaroille-ohjeet-pesalaatikoiden-asentamiseen-kavioille\\\/#primaryimage\"},\"thumbnailUrl\":\"https:\\\/\\\/www.rodoaed.ee\\\/wp-content\\\/uploads\\\/2011\\\/03\\\/kakuliste-pesakast-nr5_181_01.jpg\",\"datePublished\":\"2026-04-01T09:07:37+00:00\",\"breadcrumb\":{\"@id\":\"https:\\\/\\\/rodoaed.ee\\\/info-2\\\/pesakotelot\\\/pesakotelot-kakaroille-ohjeet-pesalaatikoiden-asentamiseen-kavioille\\\/#breadcrumb\"},\"inLanguage\":\"fi\",\"potentialAction\":[{\"@type\":\"ReadAction\",\"target\":[\"https:\\\/\\\/rodoaed.ee\\\/info-2\\\/pesakotelot\\\/pesakotelot-kakaroille-ohjeet-pesalaatikoiden-asentamiseen-kavioille\\\/\"]}]},{\"@type\":\"ImageObject\",\"inLanguage\":\"fi\",\"@id\":\"https:\\\/\\\/rodoaed.ee\\\/info-2\\\/pesakotelot\\\/pesakotelot-kakaroille-ohjeet-pesalaatikoiden-asentamiseen-kavioille\\\/#primaryimage\",\"url\":\"https:\\\/\\\/www.rodoaed.ee\\\/wp-content\\\/uploads\\\/2011\\\/03\\\/kakuliste-pesakast-nr5_181_01.jpg\",\"contentUrl\":\"https:\\\/\\\/www.rodoaed.ee\\\/wp-content\\\/uploads\\\/2011\\\/03\\\/kakuliste-pesakast-nr5_181_01.jpg\"},{\"@type\":\"BreadcrumbList\",\"@id\":\"https:\\\/\\\/rodoaed.ee\\\/info-2\\\/pesakotelot\\\/pesakotelot-kakaroille-ohjeet-pesalaatikoiden-asentamiseen-kavioille\\\/#breadcrumb\",\"itemListElement\":[{\"@type\":\"ListItem\",\"position\":1,\"name\":\"Home\",\"item\":\"https:\\\/\\\/rodoaed.ee\\\/fi\\\/\"},{\"@type\":\"ListItem\",\"position\":2,\"name\":\"Info\",\"item\":\"https:\\\/\\\/rodoaed.ee\\\/info-2\\\/\"},{\"@type\":\"ListItem\",\"position\":3,\"name\":\"Pes\u00e4kotelot\",\"item\":\"https:\\\/\\\/rodoaed.ee\\\/fi\\\/info-2\\\/pesakotelot\\\/\"},{\"@type\":\"ListItem\",\"position\":4,\"name\":\"Pes\u00e4kotelot kakaroille. Ohjeet pes\u00e4laatikoiden asentamiseen kavioille\"}]},{\"@type\":\"WebSite\",\"@id\":\"https:\\\/\\\/rodoaed.ee\\\/#website\",\"url\":\"https:\\\/\\\/rodoaed.ee\\\/\",\"name\":\"Rodoaed\",\"description\":\"\",\"publisher\":{\"@id\":\"https:\\\/\\\/rodoaed.ee\\\/#organization\"},\"potentialAction\":[{\"@type\":\"SearchAction\",\"target\":{\"@type\":\"EntryPoint\",\"urlTemplate\":\"https:\\\/\\\/rodoaed.ee\\\/?s={search_term_string}\"},\"query-input\":{\"@type\":\"PropertyValueSpecification\",\"valueRequired\":true,\"valueName\":\"search_term_string\"}}],\"inLanguage\":\"fi\"},{\"@type\":\"Organization\",\"@id\":\"https:\\\/\\\/rodoaed.ee\\\/#organization\",\"name\":\"Rodoaed\",\"url\":\"https:\\\/\\\/rodoaed.ee\\\/\",\"logo\":{\"@type\":\"ImageObject\",\"inLanguage\":\"fi\",\"@id\":\"https:\\\/\\\/rodoaed.ee\\\/#\\\/schema\\\/logo\\\/image\\\/\",\"url\":\"https:\\\/\\\/rodoaed.ee\\\/wp-content\\\/uploads\\\/2019\\\/11\\\/rodoaed-logo-ilma-taustata.jpg\",\"contentUrl\":\"https:\\\/\\\/rodoaed.ee\\\/wp-content\\\/uploads\\\/2019\\\/11\\\/rodoaed-logo-ilma-taustata.jpg\",\"width\":769,\"height\":268,\"caption\":\"Rodoaed\"},\"image\":{\"@id\":\"https:\\\/\\\/rodoaed.ee\\\/#\\\/schema\\\/logo\\\/image\\\/\"},\"sameAs\":[\"https:\\\/\\\/www.facebook.com\\\/kasvuhooned\\\/\",\"https:\\\/\\\/rodoaed.ee\"]}]}<\/script>\n<!-- \/ Yoast SEO Premium plugin. -->","yoast_head_json":{"title":"Pes\u00e4kotelot kakaroille. Ohjeet pes\u00e4laatikoiden asentamiseen kavioille - Rodoaed","robots":{"index":"index","follow":"follow","max-snippet":"max-snippet:-1","max-image-preview":"max-image-preview:large","max-video-preview":"max-video-preview:-1"},"canonical":"https:\/\/rodoaed.ee\/info-2\/pesakotelot\/pesakotelot-kakaroille-ohjeet-pesalaatikoiden-asentamiseen-kavioille\/","og_locale":"fi_FI","og_type":"article","og_title":"Pes\u00e4kotelot kakaroille. Ohjeet pes\u00e4laatikoiden asentamiseen kavioille","og_description":"Pes\u00e4koteloita asennetaan metsiin ja puistoihin sek\u00e4 hiirikannan hallitsemiseksi ett\u00e4 luonnollisen monimuotoisuuden tukemiseksi. Tavalliselle","og_url":"https:\/\/rodoaed.ee\/info-2\/pesakotelot\/pesakotelot-kakaroille-ohjeet-pesalaatikoiden-asentamiseen-kavioille\/","og_site_name":"Rodoaed","article_publisher":"https:\/\/www.facebook.com\/kasvuhooned\/","twitter_card":"summary_large_image","twitter_misc":{"Arvioitu lukuaika":"4 minuuttia"},"schema":{"@context":"https:\/\/schema.org","@graph":[{"@type":"WebPage","@id":"https:\/\/rodoaed.ee\/info-2\/pesakotelot\/pesakotelot-kakaroille-ohjeet-pesalaatikoiden-asentamiseen-kavioille\/","url":"https:\/\/rodoaed.ee\/info-2\/pesakotelot\/pesakotelot-kakaroille-ohjeet-pesalaatikoiden-asentamiseen-kavioille\/","name":"Pes\u00e4kotelot kakaroille. Ohjeet pes\u00e4laatikoiden asentamiseen kavioille - Rodoaed","isPartOf":{"@id":"https:\/\/rodoaed.ee\/#website"},"primaryImageOfPage":{"@id":"https:\/\/rodoaed.ee\/info-2\/pesakotelot\/pesakotelot-kakaroille-ohjeet-pesalaatikoiden-asentamiseen-kavioille\/#primaryimage"},"image":{"@id":"https:\/\/rodoaed.ee\/info-2\/pesakotelot\/pesakotelot-kakaroille-ohjeet-pesalaatikoiden-asentamiseen-kavioille\/#primaryimage"},"thumbnailUrl":"https:\/\/www.rodoaed.ee\/wp-content\/uploads\/2011\/03\/kakuliste-pesakast-nr5_181_01.jpg","datePublished":"2026-04-01T09:07:37+00:00","breadcrumb":{"@id":"https:\/\/rodoaed.ee\/info-2\/pesakotelot\/pesakotelot-kakaroille-ohjeet-pesalaatikoiden-asentamiseen-kavioille\/#breadcrumb"},"inLanguage":"fi","potentialAction":[{"@type":"ReadAction","target":["https:\/\/rodoaed.ee\/info-2\/pesakotelot\/pesakotelot-kakaroille-ohjeet-pesalaatikoiden-asentamiseen-kavioille\/"]}]},{"@type":"ImageObject","inLanguage":"fi","@id":"https:\/\/rodoaed.ee\/info-2\/pesakotelot\/pesakotelot-kakaroille-ohjeet-pesalaatikoiden-asentamiseen-kavioille\/#primaryimage","url":"https:\/\/www.rodoaed.ee\/wp-content\/uploads\/2011\/03\/kakuliste-pesakast-nr5_181_01.jpg","contentUrl":"https:\/\/www.rodoaed.ee\/wp-content\/uploads\/2011\/03\/kakuliste-pesakast-nr5_181_01.jpg"},{"@type":"BreadcrumbList","@id":"https:\/\/rodoaed.ee\/info-2\/pesakotelot\/pesakotelot-kakaroille-ohjeet-pesalaatikoiden-asentamiseen-kavioille\/#breadcrumb","itemListElement":[{"@type":"ListItem","position":1,"name":"Home","item":"https:\/\/rodoaed.ee\/fi\/"},{"@type":"ListItem","position":2,"name":"Info","item":"https:\/\/rodoaed.ee\/info-2\/"},{"@type":"ListItem","position":3,"name":"Pes\u00e4kotelot","item":"https:\/\/rodoaed.ee\/fi\/info-2\/pesakotelot\/"},{"@type":"ListItem","position":4,"name":"Pes\u00e4kotelot kakaroille. Ohjeet pes\u00e4laatikoiden asentamiseen kavioille"}]},{"@type":"WebSite","@id":"https:\/\/rodoaed.ee\/#website","url":"https:\/\/rodoaed.ee\/","name":"Rodoaed","description":"","publisher":{"@id":"https:\/\/rodoaed.ee\/#organization"},"potentialAction":[{"@type":"SearchAction","target":{"@type":"EntryPoint","urlTemplate":"https:\/\/rodoaed.ee\/?s={search_term_string}"},"query-input":{"@type":"PropertyValueSpecification","valueRequired":true,"valueName":"search_term_string"}}],"inLanguage":"fi"},{"@type":"Organization","@id":"https:\/\/rodoaed.ee\/#organization","name":"Rodoaed","url":"https:\/\/rodoaed.ee\/","logo":{"@type":"ImageObject","inLanguage":"fi","@id":"https:\/\/rodoaed.ee\/#\/schema\/logo\/image\/","url":"https:\/\/rodoaed.ee\/wp-content\/uploads\/2019\/11\/rodoaed-logo-ilma-taustata.jpg","contentUrl":"https:\/\/rodoaed.ee\/wp-content\/uploads\/2019\/11\/rodoaed-logo-ilma-taustata.jpg","width":769,"height":268,"caption":"Rodoaed"},"image":{"@id":"https:\/\/rodoaed.ee\/#\/schema\/logo\/image\/"},"sameAs":["https:\/\/www.facebook.com\/kasvuhooned\/","https:\/\/rodoaed.ee"]}]}},"_links":{"self":[{"href":"https:\/\/rodoaed.ee\/fi\/wp-json\/wp\/v2\/pages\/52254","targetHints":{"allow":["GET"]}}],"collection":[{"href":"https:\/\/rodoaed.ee\/fi\/wp-json\/wp\/v2\/pages"}],"about":[{"href":"https:\/\/rodoaed.ee\/fi\/wp-json\/wp\/v2\/types\/page"}],"author":[{"embeddable":true,"href":"https:\/\/rodoaed.ee\/fi\/wp-json\/wp\/v2\/users\/1"}],"replies":[{"embeddable":true,"href":"https:\/\/rodoaed.ee\/fi\/wp-json\/wp\/v2\/comments?post=52254"}],"version-history":[{"count":0,"href":"https:\/\/rodoaed.ee\/fi\/wp-json\/wp\/v2\/pages\/52254\/revisions"}],"up":[{"embeddable":true,"href":"https:\/\/rodoaed.ee\/fi\/wp-json\/wp\/v2\/pages\/52248"}],"wp:attachment":[{"href":"https:\/\/rodoaed.ee\/fi\/wp-json\/wp\/v2\/media?parent=52254"}],"curies":[{"name":"wp","href":"https:\/\/api.w.org\/{rel}","templated":true}]}}