{"id":52259,"date":"2026-04-01T12:07:38","date_gmt":"2026-04-01T09:07:38","guid":{"rendered":"https:\/\/rodoaed.ee\/info-2\/kasvihuoneen-kayttajat\/rene-kasvihuone-maxi-7m2\/"},"modified":"2026-04-01T12:07:39","modified_gmt":"2026-04-01T09:07:39","slug":"rene-kasvihuone-maxi-7m2","status":"publish","type":"page","link":"https:\/\/rodoaed.ee\/fi\/info-2\/kasvihuoneen-kayttajat\/rene-kasvihuone-maxi-7m2\/","title":{"rendered":"Rene Kasvihuone Maxi 7m2"},"content":{"rendered":"<h4>Kasvihuoneita on monen kokoisia, joten jokainen voi l\u00f6yt\u00e4\u00e4 itselleen sopivan kasvihuoneen. Ehk\u00e4 on otettava huomioon olemassa oleva kasvihuoneen perusta; joskus taas sinun on sovitettava juuri oikean kokoinen kasvihuone ulkorakennukseen, tai joskus haluat vain jotain pient\u00e4 ja romanttista kaupunkipuutarhaan. Renel oli jo tehnyt kiviparketin, jossa oli puutarhapaviljonki, kun h\u00e4n alkoi etsi\u00e4 sopivan kokoista kasvihuoneen mallia.<\/h4>\n<figure id=\"attachment_2778\" aria-describedby=\"caption-attachment-2778\" style=\"width: 300px\" class=\"wp-caption alignright\"><img loading=\"lazy\" decoding=\"async\" class=\"size-medium wp-image-2778\" title=\"Kasvihuone Maxi233x309m-2\" src=\"https:\/\/www.rodoaed.ee\/wp-content\/uploads\/2012\/10\/kasvuhoone-Maxi233x309m-2-300x199.jpg\" alt=\"\" width=\"300\" height=\"199\"><figcaption id=\"caption-attachment-2778\" class=\"wp-caption-text\">Kasvihuoneen sein\u00e4n l\u00e4pi n\u00e4et viljelij\u00e4n tekem\u00e4t viljelylaatikot. Taustalla on grillikota, jossa kasvihuoneen tuoreet tuotteet ovat valmiina lihan kanssa.<\/figcaption><\/figure>\n<p>Euro-Serre Greenhouse Maxi 7m2 -malli on itse asiassa yksi valikoimamme pienimmist\u00e4, mutta korkeiden (1,81 m) sivuseiniens\u00e4 ansiosta siin\u00e4 on paljon tilaa k\u00e4ytett\u00e4v\u00e4ksi. Koska sein\u00e4t ovat korkeat, voit k\u00e4ytt\u00e4\u00e4 k\u00e4yt\u00e4nn\u00f6ss\u00e4 kaiken tilan sis\u00e4ll\u00e4. Kasvit voidaan istuttaa suoraan maahan, mutta kaikkia kasveja voidaan kasvattaa my\u00f6s astioissa, mik\u00e4 on tullut viime vuosina hyvin muodikkaaksi. Jos on valittu kasvihuone, jossa on puhdas kivilattia, kasvattaminen astiassa tai laatikossa on eritt\u00e4in puhdasta ja k\u00e4tev\u00e4\u00e4. Lis\u00e4tietoja<a title=\"kasvihuoneen puutarhanhoito astiassa\" href=\"https:\/\/www.rodoaed.ee\/konteineraiandus-kasvuhoones-taimede-potis-kasvatamine\/\">konttipuutarhaviljelyst\u00e4 on artikkelissa&#8221;Konttipuutarhaviljely kasvihuoneessa&#8221;.<\/a> Nuoret kasvit ja taimet voidaan sijoittaa k\u00e4teviin lantiokorkeisiin sein\u00e4hyllyihin. N\u00e4in hankausta on v\u00e4hemm\u00e4n.<\/p>\n<p>Kuten kuvassa n\u00e4kyy kasvihuoneen sein\u00e4n l\u00e4pi, omistaja on tehnyt itse kauniita puisia tomaattilaatikoita metallirunkoihin. Laatikoiden mitat ovat noin 30x100cm ja niiden korkeus jalkojen kanssa on noin 30cm. Laatikot on vuorattu sis\u00e4lt\u00e4 hienolla kankaalla, joka sitoo maaper\u00e4n mutta p\u00e4\u00e4st\u00e4\u00e4 ylim\u00e4\u00e4r\u00e4isen kosteuden l\u00e4pi.<\/p>\n<p>Rene kertoi, ett\u00e4 ensi kev\u00e4\u00e4n\u00e4 eri tomaatti- ja paprikkalajikkeet it\u00e4v\u00e4t aikaisin. Jokainen, joka on kokeillut sit\u00e4 itse ja on jo leikannut hampaitaan, tiet\u00e4\u00e4, ett\u00e4 parhaiten maistuvat tomaatit voi kasvattaa vain siemenist\u00e4. Valittavanasi on useita lajikkeita, mutta ole mies ja huolehdi siit\u00e4, ett\u00e4 siemenet it\u00e4v\u00e4t ajoissa.<\/p>\n<p>Toivotamme Renen perheelle voimia ja odotamme kev\u00e4tt\u00e4!<\/p>\n<figure id=\"attachment_2785\" aria-describedby=\"caption-attachment-2785\" style=\"width: 300px\" class=\"wp-caption alignleft\"><img loading=\"lazy\" decoding=\"async\" class=\"size-medium wp-image-2785\" title=\"Kasvihuone Maxi233x309m-3\" src=\"https:\/\/www.rodoaed.ee\/wp-content\/uploads\/2012\/10\/kasvuhoone-Maxi233x309m-3-300x199.jpg\" alt=\"\" width=\"300\" height=\"199\"><figcaption id=\"caption-attachment-2785\" class=\"wp-caption-text\">Pieni kasvihuone sopii t\u00e4ydellisesti kaupunkipuutarhoihin<\/figcaption><\/figure>\n<\/p>\n<\/p>\n<\/p>\n<p><strong>Koko kasvihuonevalikoima verkkokaupassamme: <a href=\"https:\/\/rodoaed.ee\/tootekategooria\/kasvuhooned-ja-talveaiad\/euro-serre-kasvuhooned\/\">Euro-Serre<\/a> <a href=\"https:\/\/rodoaed.ee\/tootekategooria\/kasvuhooned-ja-talveaiad\/hobby-kasvuhooned\/\">Hobby<\/a> <a href=\"https:\/\/rodoaed.ee\/tootekategooria\/kasvuhooned-ja-talveaiad\/acd-kasvuhooned\/\">ACD<\/a> <a href=\"https:\/\/rodoaed.ee\/tootekategooria\/kasvuhooned-ja-talveaiad\/floria-kasvuhooned\/\">Floria<\/a><\/strong><\/p>\n<p><a href=\"https:\/\/rodoaed.ee\/fi\/info-2\/kasvihuoneet\/kasvihuoneet-vaativalle-kayttajalle\/\">Kasvihuoneet vaativalle k\u00e4ytt\u00e4j\u00e4lle<\/a>   <a href=\"https:\/\/rodoaed.ee\/fi\/info-2\/kasvihuoneet\/kasvihuoneen-valinta\/\">Kasvihuoneen valinta<\/a>   <a href=\"https:\/\/rodoaed.ee\/fi\/info-2\/kasvihuoneet\/kasvihuoneen-perustuksen-rakentaminen\/\">Kasvihuoneen perustukset<\/a>   <\/p>\n\n<p><\/p>\n","protected":false},"excerpt":{"rendered":"<p>Kasvihuoneita on monen kokoisia, joten jokainen voi l\u00f6yt\u00e4\u00e4 itselleen sopivan kasvihuoneen. Ehk\u00e4 on otettava huomioon olemassa oleva kasvihuoneen perusta; joskus taas sinun on sovitettava juuri oikean kokoinen kasvihuone ulkorakennukseen, tai joskus haluat vain jotain pient\u00e4 ja romanttista kaupunkipuutarhaan. Renel oli jo tehnyt kiviparketin, jossa oli puutarhapaviljonki, kun h\u00e4n alkoi etsi\u00e4 sopivan kokoista kasvihuoneen mallia. Euro-Serre Greenhouse Maxi 7m2 -malli on itse asiassa yksi valikoimamme pienimmist\u00e4,&#8230;<\/p>\n","protected":false},"author":1,"featured_media":0,"parent":52230,"menu_order":40,"comment_status":"closed","ping_status":"closed","template":"","meta":{"_acf_changed":false,"footnotes":""},"class_list":["post-52259","page","type-page","status-publish","hentry"],"acf":[],"yoast_head":"<!-- This site is optimized with the Yoast SEO Premium plugin v27.5 (Yoast SEO v27.5) - https:\/\/yoast.com\/product\/yoast-seo-premium-wordpress\/ -->\n<title>Rene Kasvihuone Maxi 7m2 - Rodoaed<\/title>\n<meta name=\"robots\" content=\"index, follow, max-snippet:-1, max-image-preview:large, max-video-preview:-1\" \/>\n<link rel=\"canonical\" href=\"https:\/\/rodoaed.ee\/fi\/info-2\/kasvihuoneen-kayttajat\/rene-kasvihuone-maxi-7m2\/\" \/>\n<meta property=\"og:locale\" content=\"fi_FI\" \/>\n<meta property=\"og:type\" content=\"article\" \/>\n<meta property=\"og:title\" content=\"Rene Kasvihuone Maxi 7m2\" \/>\n<meta property=\"og:description\" content=\"Kasvihuoneita on monen kokoisia, joten jokainen voi l\u00f6yt\u00e4\u00e4 itselleen sopivan kasvihuoneen. Ehk\u00e4 on otettava huomioon olemassa oleva kasvihuoneen perusta;\" \/>\n<meta property=\"og:url\" content=\"https:\/\/rodoaed.ee\/fi\/info-2\/kasvihuoneen-kayttajat\/rene-kasvihuone-maxi-7m2\/\" \/>\n<meta property=\"og:site_name\" content=\"Rodoaed\" \/>\n<meta property=\"article:publisher\" content=\"https:\/\/www.facebook.com\/kasvuhooned\/\" \/>\n<meta property=\"article:modified_time\" content=\"2026-04-01T09:07:39+00:00\" \/>\n<meta name=\"twitter:card\" content=\"summary_large_image\" \/>\n<meta name=\"twitter:label1\" content=\"Arvioitu lukuaika\" \/>\n\t<meta name=\"twitter:data1\" content=\"2 minuuttia\" \/>\n<script type=\"application\/ld+json\" class=\"yoast-schema-graph\">{\"@context\":\"https:\\\/\\\/schema.org\",\"@graph\":[{\"@type\":\"WebPage\",\"@id\":\"https:\\\/\\\/rodoaed.ee\\\/fi\\\/info-2\\\/kasvihuoneen-kayttajat\\\/rene-kasvihuone-maxi-7m2\\\/\",\"url\":\"https:\\\/\\\/rodoaed.ee\\\/fi\\\/info-2\\\/kasvihuoneen-kayttajat\\\/rene-kasvihuone-maxi-7m2\\\/\",\"name\":\"Rene Kasvihuone Maxi 7m2 - Rodoaed\",\"isPartOf\":{\"@id\":\"https:\\\/\\\/rodoaed.ee\\\/#website\"},\"primaryImageOfPage\":{\"@id\":\"https:\\\/\\\/rodoaed.ee\\\/fi\\\/info-2\\\/kasvihuoneen-kayttajat\\\/rene-kasvihuone-maxi-7m2\\\/#primaryimage\"},\"image\":{\"@id\":\"https:\\\/\\\/rodoaed.ee\\\/fi\\\/info-2\\\/kasvihuoneen-kayttajat\\\/rene-kasvihuone-maxi-7m2\\\/#primaryimage\"},\"thumbnailUrl\":\"https:\\\/\\\/www.rodoaed.ee\\\/wp-content\\\/uploads\\\/2012\\\/10\\\/kasvuhoone-Maxi233x309m-2-300x199.jpg\",\"datePublished\":\"2026-04-01T09:07:38+00:00\",\"dateModified\":\"2026-04-01T09:07:39+00:00\",\"breadcrumb\":{\"@id\":\"https:\\\/\\\/rodoaed.ee\\\/fi\\\/info-2\\\/kasvihuoneen-kayttajat\\\/rene-kasvihuone-maxi-7m2\\\/#breadcrumb\"},\"inLanguage\":\"fi\",\"potentialAction\":[{\"@type\":\"ReadAction\",\"target\":[\"https:\\\/\\\/rodoaed.ee\\\/fi\\\/info-2\\\/kasvihuoneen-kayttajat\\\/rene-kasvihuone-maxi-7m2\\\/\"]}]},{\"@type\":\"ImageObject\",\"inLanguage\":\"fi\",\"@id\":\"https:\\\/\\\/rodoaed.ee\\\/fi\\\/info-2\\\/kasvihuoneen-kayttajat\\\/rene-kasvihuone-maxi-7m2\\\/#primaryimage\",\"url\":\"https:\\\/\\\/www.rodoaed.ee\\\/wp-content\\\/uploads\\\/2012\\\/10\\\/kasvuhoone-Maxi233x309m-2-300x199.jpg\",\"contentUrl\":\"https:\\\/\\\/www.rodoaed.ee\\\/wp-content\\\/uploads\\\/2012\\\/10\\\/kasvuhoone-Maxi233x309m-2-300x199.jpg\"},{\"@type\":\"BreadcrumbList\",\"@id\":\"https:\\\/\\\/rodoaed.ee\\\/fi\\\/info-2\\\/kasvihuoneen-kayttajat\\\/rene-kasvihuone-maxi-7m2\\\/#breadcrumb\",\"itemListElement\":[{\"@type\":\"ListItem\",\"position\":1,\"name\":\"Home\",\"item\":\"https:\\\/\\\/rodoaed.ee\\\/fi\\\/\"},{\"@type\":\"ListItem\",\"position\":2,\"name\":\"Info\",\"item\":\"https:\\\/\\\/rodoaed.ee\\\/info-2\\\/\"},{\"@type\":\"ListItem\",\"position\":3,\"name\":\"Kasvihuoneen k\u00e4ytt\u00e4j\u00e4t\",\"item\":\"https:\\\/\\\/rodoaed.ee\\\/fi\\\/info-2\\\/kasvihuoneen-kayttajat\\\/\"},{\"@type\":\"ListItem\",\"position\":4,\"name\":\"Rene Kasvihuone Maxi 7m2\"}]},{\"@type\":\"WebSite\",\"@id\":\"https:\\\/\\\/rodoaed.ee\\\/#website\",\"url\":\"https:\\\/\\\/rodoaed.ee\\\/\",\"name\":\"Rodoaed\",\"description\":\"\",\"publisher\":{\"@id\":\"https:\\\/\\\/rodoaed.ee\\\/#organization\"},\"potentialAction\":[{\"@type\":\"SearchAction\",\"target\":{\"@type\":\"EntryPoint\",\"urlTemplate\":\"https:\\\/\\\/rodoaed.ee\\\/?s={search_term_string}\"},\"query-input\":{\"@type\":\"PropertyValueSpecification\",\"valueRequired\":true,\"valueName\":\"search_term_string\"}}],\"inLanguage\":\"fi\"},{\"@type\":\"Organization\",\"@id\":\"https:\\\/\\\/rodoaed.ee\\\/#organization\",\"name\":\"Rodoaed\",\"url\":\"https:\\\/\\\/rodoaed.ee\\\/\",\"logo\":{\"@type\":\"ImageObject\",\"inLanguage\":\"fi\",\"@id\":\"https:\\\/\\\/rodoaed.ee\\\/#\\\/schema\\\/logo\\\/image\\\/\",\"url\":\"https:\\\/\\\/rodoaed.ee\\\/wp-content\\\/uploads\\\/2019\\\/11\\\/rodoaed-logo-ilma-taustata.jpg\",\"contentUrl\":\"https:\\\/\\\/rodoaed.ee\\\/wp-content\\\/uploads\\\/2019\\\/11\\\/rodoaed-logo-ilma-taustata.jpg\",\"width\":769,\"height\":268,\"caption\":\"Rodoaed\"},\"image\":{\"@id\":\"https:\\\/\\\/rodoaed.ee\\\/#\\\/schema\\\/logo\\\/image\\\/\"},\"sameAs\":[\"https:\\\/\\\/www.facebook.com\\\/kasvuhooned\\\/\",\"https:\\\/\\\/rodoaed.ee\"]}]}<\/script>\n<!-- \/ Yoast SEO Premium plugin. -->","yoast_head_json":{"title":"Rene Kasvihuone Maxi 7m2 - Rodoaed","robots":{"index":"index","follow":"follow","max-snippet":"max-snippet:-1","max-image-preview":"max-image-preview:large","max-video-preview":"max-video-preview:-1"},"canonical":"https:\/\/rodoaed.ee\/fi\/info-2\/kasvihuoneen-kayttajat\/rene-kasvihuone-maxi-7m2\/","og_locale":"fi_FI","og_type":"article","og_title":"Rene Kasvihuone Maxi 7m2","og_description":"Kasvihuoneita on monen kokoisia, joten jokainen voi l\u00f6yt\u00e4\u00e4 itselleen sopivan kasvihuoneen. Ehk\u00e4 on otettava huomioon olemassa oleva kasvihuoneen perusta;","og_url":"https:\/\/rodoaed.ee\/fi\/info-2\/kasvihuoneen-kayttajat\/rene-kasvihuone-maxi-7m2\/","og_site_name":"Rodoaed","article_publisher":"https:\/\/www.facebook.com\/kasvuhooned\/","article_modified_time":"2026-04-01T09:07:39+00:00","twitter_card":"summary_large_image","twitter_misc":{"Arvioitu lukuaika":"2 minuuttia"},"schema":{"@context":"https:\/\/schema.org","@graph":[{"@type":"WebPage","@id":"https:\/\/rodoaed.ee\/fi\/info-2\/kasvihuoneen-kayttajat\/rene-kasvihuone-maxi-7m2\/","url":"https:\/\/rodoaed.ee\/fi\/info-2\/kasvihuoneen-kayttajat\/rene-kasvihuone-maxi-7m2\/","name":"Rene Kasvihuone Maxi 7m2 - Rodoaed","isPartOf":{"@id":"https:\/\/rodoaed.ee\/#website"},"primaryImageOfPage":{"@id":"https:\/\/rodoaed.ee\/fi\/info-2\/kasvihuoneen-kayttajat\/rene-kasvihuone-maxi-7m2\/#primaryimage"},"image":{"@id":"https:\/\/rodoaed.ee\/fi\/info-2\/kasvihuoneen-kayttajat\/rene-kasvihuone-maxi-7m2\/#primaryimage"},"thumbnailUrl":"https:\/\/www.rodoaed.ee\/wp-content\/uploads\/2012\/10\/kasvuhoone-Maxi233x309m-2-300x199.jpg","datePublished":"2026-04-01T09:07:38+00:00","dateModified":"2026-04-01T09:07:39+00:00","breadcrumb":{"@id":"https:\/\/rodoaed.ee\/fi\/info-2\/kasvihuoneen-kayttajat\/rene-kasvihuone-maxi-7m2\/#breadcrumb"},"inLanguage":"fi","potentialAction":[{"@type":"ReadAction","target":["https:\/\/rodoaed.ee\/fi\/info-2\/kasvihuoneen-kayttajat\/rene-kasvihuone-maxi-7m2\/"]}]},{"@type":"ImageObject","inLanguage":"fi","@id":"https:\/\/rodoaed.ee\/fi\/info-2\/kasvihuoneen-kayttajat\/rene-kasvihuone-maxi-7m2\/#primaryimage","url":"https:\/\/www.rodoaed.ee\/wp-content\/uploads\/2012\/10\/kasvuhoone-Maxi233x309m-2-300x199.jpg","contentUrl":"https:\/\/www.rodoaed.ee\/wp-content\/uploads\/2012\/10\/kasvuhoone-Maxi233x309m-2-300x199.jpg"},{"@type":"BreadcrumbList","@id":"https:\/\/rodoaed.ee\/fi\/info-2\/kasvihuoneen-kayttajat\/rene-kasvihuone-maxi-7m2\/#breadcrumb","itemListElement":[{"@type":"ListItem","position":1,"name":"Home","item":"https:\/\/rodoaed.ee\/fi\/"},{"@type":"ListItem","position":2,"name":"Info","item":"https:\/\/rodoaed.ee\/info-2\/"},{"@type":"ListItem","position":3,"name":"Kasvihuoneen k\u00e4ytt\u00e4j\u00e4t","item":"https:\/\/rodoaed.ee\/fi\/info-2\/kasvihuoneen-kayttajat\/"},{"@type":"ListItem","position":4,"name":"Rene Kasvihuone Maxi 7m2"}]},{"@type":"WebSite","@id":"https:\/\/rodoaed.ee\/#website","url":"https:\/\/rodoaed.ee\/","name":"Rodoaed","description":"","publisher":{"@id":"https:\/\/rodoaed.ee\/#organization"},"potentialAction":[{"@type":"SearchAction","target":{"@type":"EntryPoint","urlTemplate":"https:\/\/rodoaed.ee\/?s={search_term_string}"},"query-input":{"@type":"PropertyValueSpecification","valueRequired":true,"valueName":"search_term_string"}}],"inLanguage":"fi"},{"@type":"Organization","@id":"https:\/\/rodoaed.ee\/#organization","name":"Rodoaed","url":"https:\/\/rodoaed.ee\/","logo":{"@type":"ImageObject","inLanguage":"fi","@id":"https:\/\/rodoaed.ee\/#\/schema\/logo\/image\/","url":"https:\/\/rodoaed.ee\/wp-content\/uploads\/2019\/11\/rodoaed-logo-ilma-taustata.jpg","contentUrl":"https:\/\/rodoaed.ee\/wp-content\/uploads\/2019\/11\/rodoaed-logo-ilma-taustata.jpg","width":769,"height":268,"caption":"Rodoaed"},"image":{"@id":"https:\/\/rodoaed.ee\/#\/schema\/logo\/image\/"},"sameAs":["https:\/\/www.facebook.com\/kasvuhooned\/","https:\/\/rodoaed.ee"]}]}},"_links":{"self":[{"href":"https:\/\/rodoaed.ee\/fi\/wp-json\/wp\/v2\/pages\/52259","targetHints":{"allow":["GET"]}}],"collection":[{"href":"https:\/\/rodoaed.ee\/fi\/wp-json\/wp\/v2\/pages"}],"about":[{"href":"https:\/\/rodoaed.ee\/fi\/wp-json\/wp\/v2\/types\/page"}],"author":[{"embeddable":true,"href":"https:\/\/rodoaed.ee\/fi\/wp-json\/wp\/v2\/users\/1"}],"replies":[{"embeddable":true,"href":"https:\/\/rodoaed.ee\/fi\/wp-json\/wp\/v2\/comments?post=52259"}],"version-history":[{"count":0,"href":"https:\/\/rodoaed.ee\/fi\/wp-json\/wp\/v2\/pages\/52259\/revisions"}],"up":[{"embeddable":true,"href":"https:\/\/rodoaed.ee\/fi\/wp-json\/wp\/v2\/pages\/52230"}],"wp:attachment":[{"href":"https:\/\/rodoaed.ee\/fi\/wp-json\/wp\/v2\/media?parent=52259"}],"curies":[{"name":"wp","href":"https:\/\/api.w.org\/{rel}","templated":true}]}}