{"id":52260,"date":"2026-04-01T12:07:39","date_gmt":"2026-04-01T09:07:39","guid":{"rendered":"https:\/\/rodoaed.ee\/info-2\/pesakotelot\/schweglerin-pesakotelot-ja-luontotarvikkeet\/"},"modified":"2026-04-01T12:07:39","modified_gmt":"2026-04-01T09:07:39","slug":"schweglerin-pesakotelot-ja-luontotarvikkeet","status":"publish","type":"page","link":"https:\/\/rodoaed.ee\/fi\/info-2\/pesakotelot\/schweglerin-pesakotelot-ja-luontotarvikkeet\/","title":{"rendered":"Schweglerin pes\u00e4kotelot ja luontotarvikkeet"},"content":{"rendered":"<h2>Schweglerin pes\u00e4kotelot ja elinymp\u00e4rist\u00f6t linnuille, lepakoille, nis\u00e4kk\u00e4ille ja hy\u00f6dyllisille hy\u00f6nteisille.<\/h2>\n<p><img loading=\"lazy\" decoding=\"async\" class=\" wp-image-3602 alignleft\" title=\"schwegler_logo\" src=\"https:\/\/www.rodoaed.ee\/wp-content\/uploads\/2011\/03\/schwegler_logo1.jpg\" alt=\"\" width=\"697\" height=\"185\"><\/p>\n<p>Kiitos kiinnostuksestasi. Saksalainen Schwegler-yritys on suunnitellut ja rakentanut pes\u00e4laatikoita ja muita pes\u00e4apuv\u00e4lineit\u00e4 linnuille, lepakoille, hy\u00f6nteisille ja monille muille el\u00e4imille jo yli 50 vuoden ajan. Scweglerin puubetonipainotteiset pes\u00e4kotelot ovat osoittautuneet suureksi menestykseksi lintujen ja pikkunis\u00e4kk\u00e4iden keskuudessa kaikkialla Euroopassa ja Amerikassa.  <\/p>\n<h2>Meid\u00e4n panoksemme luontoon on t\u00e4rke\u00e4\u00e4<\/h2>\n<p>Vaikka useimmat ihmiset ovat hyvin tietoisia meit\u00e4 ymp\u00e4r\u00f6iv\u00e4\u00e4n luonnonymp\u00e4rist\u00f6\u00f6n kohdistuvista erilaisista uhkista, usein unohdetaan, ett\u00e4 jokainen meist\u00e4 voi ryhty\u00e4 ratkaiseviin toimiin luonnon monimuotoisuuden s\u00e4ilytt\u00e4miseksi. Schweglerin pes\u00e4kotelot on valmistettu patentoidusta puubetonimateriaalistamme, joka on eritt\u00e4in kest\u00e4v\u00e4 ja samalla eritt\u00e4in ymp\u00e4rist\u00f6yst\u00e4v\u00e4llinen. T\u00e4h\u00e4n menness\u00e4 yli 8,5 miljoonaa Schweglerin pes\u00e4laatikkoa on asennettu metsiin, puutarhoihin ja hedelm\u00e4tarhoihin Euroopassa, Yhdysvalloissa, Kanadassa ja monissa muissa maissa. Ja suurimmaksi osaksi ne ovat edelleen k\u00e4yt\u00f6ss\u00e4.   <\/p>\n<h2>Uudet mallit<\/h2>\n<p>T\u00e4ksi kaudeksi olemme laajentaneet tuotevalikoimaamme, joka voidaan asentaa rakennuksiin, siltoihin, mastoihin ja muihin rakenteisiin. Tutustu uuteen sis\u00e4\u00e4nrakennettavaan monij\u00e4rjestelm\u00e4iseen Schweglerin pes\u00e4kotelomallistoon ja sein\u00e4\u00e4n kiinnitett\u00e4v\u00e4\u00e4n 1FQ- lepakkokoppeen sek\u00e4 muihin vastaaviin uusiin tuotteisiin. Jatkamme my\u00f6s kaikkien korkealaatuisten puutarha- ja parvekelaatikoiden valmistusta. Katso my\u00f6s tuotetietomme &#8221;Rakennuksissa ja seiniss\u00e4 pesiv\u00e4t linnut ja lepakot&#8221;.   <\/p>\n<p>Tarjoamme kuitenkin paljon muutakin kuin pelkki\u00e4 pes\u00e4laatikoita. Esimerkiksi Boundary Beacon CD. T\u00e4ll\u00e4 CD-levyll\u00e4 on erityisi\u00e4 kutsuhuutoja, jotka houkuttelevat n\u00e4it\u00e4 lintuja. T\u00e4m\u00e4 on osoittautunut eritt\u00e4in tehokkaaksi. CD-levyn avulla voidaan houkutella naurulokkeja pesim\u00e4\u00e4n sopivilla pesim\u00e4alueilla, joilla ne eiv\u00e4t ole aiemmin pesineet. Fregattilintujen lis\u00e4ksi my\u00f6s muita pes\u00e4laatikoitamme on laajennettu.     <\/p>\n<h2>Schweglerin pes\u00e4laatikot, p\u00e4\u00e4piirteet ja edut perinteisiin pes\u00e4laatikoihin verrattuna:<\/h2>\n<ol>\n<li>Kanalamme on<strong> helppo asentaa, tarkistaa ja puhdistaa.<\/strong><\/li>\n<li><strong>Patentoitu asennusmenetelm\u00e4 <\/strong>puihin est\u00e4\u00e4 puiden vaurioitumisen ja puunrungon kasvun pes\u00e4kotelon kiinnityksen ymp\u00e4rill\u00e4.<\/li>\n<li>Pes\u00e4laatikot<strong> on suunniteltu luonnollisten elinymp\u00e4rist\u00f6jen mukaan <\/strong>. Pes\u00e4laatikoiden sis\u00e4mitat ja muodot muistuttavat variksen tekemi\u00e4 tai vanhoihin puunrunkoihin luonnollisen pehmenemisen seurauksena muodostuvia pes\u00e4koppeja.<\/li>\n<li>Pes\u00e4kotelomme ovat tunnettuja <strong>kest\u00e4vyydest\u00e4\u00e4n<\/strong>. Ne kest\u00e4v\u00e4t v\u00e4hint\u00e4\u00e4n 20-25 vuotta, ja linnut voivat k\u00e4ytt\u00e4\u00e4 niit\u00e4 v\u00e4litt\u00f6m\u00e4sti. Se tarkoittaa useita vuosikymmeni\u00e4 onnistunutta pesint\u00e4\u00e4 todellisissa olosuhteissa. Pes\u00e4laatikkomme on kehitetty ja suunniteltu tiiviiss\u00e4 yhteisty\u00f6ss\u00e4 johtavien ornitologien, luonnonsuojeluj\u00e4rjest\u00f6jen, kansallisten luonnonsuojeluvirastojen ja mets\u00e4asiantuntijoiden kanssa. Ne ovat vuosikymmenten k\u00e4yt\u00e4nn\u00f6n kokemuksen ja asiantuntemuksen tulosta. Pes\u00e4laatikot valmistetaan ainutlaatuisesta puubetoniseoksestamme, joka on t\u00e4ysin luonnollinen tuote, joka koostuu 75 prosenttisesti puusta ja erilaisista lis\u00e4aineista, jotka tasapainottavat s\u00e4\u00e4n vaikutuksia. T\u00e4m\u00e4 materiaali erist\u00e4\u00e4 hyvin l\u00e4mp\u00f6tilan vaihteluita vastaan, antaa ilman liikkua seinien l\u00e4pi ja est\u00e4\u00e4 pes\u00e4n tiivistymisen, jota tapahtuu helposti muovisissa, kivisiss\u00e4 tai massiivibetonisissa pes\u00e4koteloissa. Materiaalimme on my\u00f6s paljon pitk\u00e4ik\u00e4isemp\u00e4\u00e4, kest\u00e4v\u00e4mp\u00e4\u00e4 ja <strong>s\u00e4\u00e4nkest\u00e4v\u00e4mp\u00e4\u00e4<\/strong> kuin puu. Puubetoninen pes\u00e4kotelo kest\u00e4\u00e4 hyvin my\u00f6s <strong>torakoiden hy\u00f6kk\u00e4yksi\u00e4<\/strong>.        <\/li>\n<li>Kunkin pes\u00e4kotelon mitat, pes\u00e4kammion koko ja muoto, lentoaukon muoto ja koko sek\u00e4 monet muut ominaisuudet mukautetaan jatkuvasti lintujen ja el\u00e4inten mukaan. Lintujen suojeluj\u00e4rjest\u00f6jen eri puolilla maailmaa tekem\u00e4t kokeet vahvistavat, ett\u00e4 suunnittelemillamme pes\u00e4laatikoilla saavutetaan <strong>korkein lintujen populaatiotiheys<\/strong> (eli pesivi\u00e4 pareja hehtaaria kohti). <\/li>\n<li>Schweglerin tuotteet ovat palkittuja ja monien kansainv\u00e4listen <strong>organisaatioiden virallisesti tunnustamia ja hyv\u00e4ksymi\u00e4<\/strong>. T\u00e4ss\u00e4 muutamia niist\u00e4: <\/li>\n<\/ol>\n<ul>\n<li>Saksan liittovaltion biologinen maa- ja mets\u00e4talouskeskus (BBA)<\/li>\n<li>Saksan luonnonsuojeluliitto (NABU)<\/li>\n<li>Baijerin alueellinen lintujensuojeluyhdistys (LBV)<\/li>\n<li>Saksan ymp\u00e4rist\u00f6nsuojeluyhdistys (DUH)<\/li>\n<li>Jordsand, Merilintujen ja luonnon suojeluyhdistys ry.<\/li>\n<li>EURONATUR\/Euroopan kulttuuriperint\u00f6s\u00e4\u00e4ti\u00f6<\/li>\n<li>LPO, Ranska<\/li>\n<li>Luxemburgin lintu- ja luonnonsuojeluyhdistys ry.<\/li>\n<li>Blue Bird Association of North America<\/li>\n<li>SEO, Espanja<\/li>\n<li>LIPU, Italia<\/li>\n<li>Global Nature Fund<\/li>\n<li>Vogelbescherming, Belgia<\/li>\n<\/ul>\n","protected":false},"excerpt":{"rendered":"<p>Schweglerin pes\u00e4kotelot ja elinymp\u00e4rist\u00f6t linnuille, lepakoille, nis\u00e4kk\u00e4ille ja hy\u00f6dyllisille hy\u00f6nteisille. Kiitos kiinnostuksestasi. Saksalainen Schwegler-yritys on suunnitellut ja rakentanut pes\u00e4laatikoita ja muita pes\u00e4apuv\u00e4lineit\u00e4 linnuille, lepakoille, hy\u00f6nteisille ja monille muille el\u00e4imille jo yli 50 vuoden ajan. Scweglerin puubetonipainotteiset pes\u00e4kotelot ovat osoittautuneet suureksi menestykseksi lintujen ja pikkunis\u00e4kk\u00e4iden keskuudessa kaikkialla Euroopassa ja Amerikassa. Meid\u00e4n panoksemme luontoon on t\u00e4rke\u00e4\u00e4 Vaikka useimmat ihmiset ovat hyvin tietoisia meit\u00e4 ymp\u00e4r\u00f6iv\u00e4\u00e4n luonnonymp\u00e4rist\u00f6\u00f6n kohdistuvista erilaisista&#8230;<\/p>\n","protected":false},"author":1,"featured_media":0,"parent":52248,"menu_order":10,"comment_status":"closed","ping_status":"closed","template":"","meta":{"_acf_changed":false,"footnotes":""},"class_list":["post-52260","page","type-page","status-publish","hentry"],"acf":[],"yoast_head":"<!-- This site is optimized with the Yoast SEO Premium plugin v27.3 (Yoast SEO v27.3) - https:\/\/yoast.com\/product\/yoast-seo-premium-wordpress\/ -->\n<title>Schweglerin pes\u00e4kotelot ja luontotarvikkeet% % -% Rodoaed% Pes\u00e4laatikot<\/title>\n<meta name=\"description\" content=\"Schweglerin pes\u00e4laatikot ja luontotarvikkeet puutarhaan. Schweglerin pes\u00e4laatikot kest\u00e4v\u00e4t luonnossa v\u00e4hint\u00e4\u00e4n 40 vuotta, ja ne sopivat linnuille paremmin kuin itse tehdyt.\" \/>\n<meta name=\"robots\" content=\"index, follow, max-snippet:-1, max-image-preview:large, max-video-preview:-1\" \/>\n<link rel=\"canonical\" href=\"https:\/\/rodoaed.ee\/fi\/info-2\/pesakotelot\/schweglerin-pesakotelot-ja-luontotarvikkeet\/\" \/>\n<meta property=\"og:locale\" content=\"fi_FI\" \/>\n<meta property=\"og:type\" content=\"article\" \/>\n<meta property=\"og:title\" content=\"Schweglerin pes\u00e4kotelot ja luontotarvikkeet\" \/>\n<meta property=\"og:description\" content=\"Schweglerin pes\u00e4kotelot ja elinymp\u00e4rist\u00f6t linnuille, lepakoille, nis\u00e4kk\u00e4ille ja hy\u00f6dyllisille hy\u00f6nteisille. Kiitos kiinnostuksestasi. Saksalainen\" \/>\n<meta property=\"og:url\" content=\"https:\/\/rodoaed.ee\/fi\/info-2\/pesakotelot\/schweglerin-pesakotelot-ja-luontotarvikkeet\/\" \/>\n<meta property=\"og:site_name\" content=\"Rodoaed\" \/>\n<meta property=\"article:publisher\" content=\"https:\/\/www.facebook.com\/kasvuhooned\/\" \/>\n<meta name=\"twitter:card\" content=\"summary_large_image\" \/>\n<meta name=\"twitter:label1\" content=\"Arvioitu lukuaika\" \/>\n\t<meta name=\"twitter:data1\" content=\"3 minuuttia\" \/>\n<script type=\"application\/ld+json\" class=\"yoast-schema-graph\">{\"@context\":\"https:\\\/\\\/schema.org\",\"@graph\":[{\"@type\":\"WebPage\",\"@id\":\"https:\\\/\\\/rodoaed.ee\\\/fi\\\/info-2\\\/pesakotelot\\\/schweglerin-pesakotelot-ja-luontotarvikkeet\\\/\",\"url\":\"https:\\\/\\\/rodoaed.ee\\\/fi\\\/info-2\\\/pesakotelot\\\/schweglerin-pesakotelot-ja-luontotarvikkeet\\\/\",\"name\":\"Schweglerin pes\u00e4kotelot ja luontotarvikkeet% % -% Rodoaed% Pes\u00e4laatikot\",\"isPartOf\":{\"@id\":\"https:\\\/\\\/rodoaed.ee\\\/#website\"},\"primaryImageOfPage\":{\"@id\":\"https:\\\/\\\/rodoaed.ee\\\/fi\\\/info-2\\\/pesakotelot\\\/schweglerin-pesakotelot-ja-luontotarvikkeet\\\/#primaryimage\"},\"image\":{\"@id\":\"https:\\\/\\\/rodoaed.ee\\\/fi\\\/info-2\\\/pesakotelot\\\/schweglerin-pesakotelot-ja-luontotarvikkeet\\\/#primaryimage\"},\"thumbnailUrl\":\"https:\\\/\\\/www.rodoaed.ee\\\/wp-content\\\/uploads\\\/2011\\\/03\\\/schwegler_logo1.jpg\",\"datePublished\":\"2026-04-01T09:07:39+00:00\",\"description\":\"Schweglerin pes\u00e4laatikot ja luontotarvikkeet puutarhaan. Schweglerin pes\u00e4laatikot kest\u00e4v\u00e4t luonnossa v\u00e4hint\u00e4\u00e4n 40 vuotta, ja ne sopivat linnuille paremmin kuin itse tehdyt.\",\"breadcrumb\":{\"@id\":\"https:\\\/\\\/rodoaed.ee\\\/fi\\\/info-2\\\/pesakotelot\\\/schweglerin-pesakotelot-ja-luontotarvikkeet\\\/#breadcrumb\"},\"inLanguage\":\"fi\",\"potentialAction\":[{\"@type\":\"ReadAction\",\"target\":[\"https:\\\/\\\/rodoaed.ee\\\/fi\\\/info-2\\\/pesakotelot\\\/schweglerin-pesakotelot-ja-luontotarvikkeet\\\/\"]}]},{\"@type\":\"ImageObject\",\"inLanguage\":\"fi\",\"@id\":\"https:\\\/\\\/rodoaed.ee\\\/fi\\\/info-2\\\/pesakotelot\\\/schweglerin-pesakotelot-ja-luontotarvikkeet\\\/#primaryimage\",\"url\":\"https:\\\/\\\/www.rodoaed.ee\\\/wp-content\\\/uploads\\\/2011\\\/03\\\/schwegler_logo1.jpg\",\"contentUrl\":\"https:\\\/\\\/www.rodoaed.ee\\\/wp-content\\\/uploads\\\/2011\\\/03\\\/schwegler_logo1.jpg\"},{\"@type\":\"BreadcrumbList\",\"@id\":\"https:\\\/\\\/rodoaed.ee\\\/fi\\\/info-2\\\/pesakotelot\\\/schweglerin-pesakotelot-ja-luontotarvikkeet\\\/#breadcrumb\",\"itemListElement\":[{\"@type\":\"ListItem\",\"position\":1,\"name\":\"Home\",\"item\":\"https:\\\/\\\/rodoaed.ee\\\/fi\\\/\"},{\"@type\":\"ListItem\",\"position\":2,\"name\":\"Info\",\"item\":\"https:\\\/\\\/rodoaed.ee\\\/info-2\\\/\"},{\"@type\":\"ListItem\",\"position\":3,\"name\":\"Pes\u00e4kotelot\",\"item\":\"https:\\\/\\\/rodoaed.ee\\\/fi\\\/info-2\\\/pesakotelot\\\/\"},{\"@type\":\"ListItem\",\"position\":4,\"name\":\"Schweglerin pes\u00e4kotelot ja luontotarvikkeet\"}]},{\"@type\":\"WebSite\",\"@id\":\"https:\\\/\\\/rodoaed.ee\\\/#website\",\"url\":\"https:\\\/\\\/rodoaed.ee\\\/\",\"name\":\"Rodoaed\",\"description\":\"\",\"publisher\":{\"@id\":\"https:\\\/\\\/rodoaed.ee\\\/#organization\"},\"potentialAction\":[{\"@type\":\"SearchAction\",\"target\":{\"@type\":\"EntryPoint\",\"urlTemplate\":\"https:\\\/\\\/rodoaed.ee\\\/?s={search_term_string}\"},\"query-input\":{\"@type\":\"PropertyValueSpecification\",\"valueRequired\":true,\"valueName\":\"search_term_string\"}}],\"inLanguage\":\"fi\"},{\"@type\":\"Organization\",\"@id\":\"https:\\\/\\\/rodoaed.ee\\\/#organization\",\"name\":\"Rodoaed\",\"url\":\"https:\\\/\\\/rodoaed.ee\\\/\",\"logo\":{\"@type\":\"ImageObject\",\"inLanguage\":\"fi\",\"@id\":\"https:\\\/\\\/rodoaed.ee\\\/#\\\/schema\\\/logo\\\/image\\\/\",\"url\":\"https:\\\/\\\/rodoaed.ee\\\/wp-content\\\/uploads\\\/2019\\\/11\\\/rodoaed-logo-ilma-taustata.jpg\",\"contentUrl\":\"https:\\\/\\\/rodoaed.ee\\\/wp-content\\\/uploads\\\/2019\\\/11\\\/rodoaed-logo-ilma-taustata.jpg\",\"width\":769,\"height\":268,\"caption\":\"Rodoaed\"},\"image\":{\"@id\":\"https:\\\/\\\/rodoaed.ee\\\/#\\\/schema\\\/logo\\\/image\\\/\"},\"sameAs\":[\"https:\\\/\\\/www.facebook.com\\\/kasvuhooned\\\/\",\"https:\\\/\\\/rodoaed.ee\"]}]}<\/script>\n<!-- \/ Yoast SEO Premium plugin. -->","yoast_head_json":{"title":"Schweglerin pes\u00e4kotelot ja luontotarvikkeet% % -% Rodoaed% Pes\u00e4laatikot","description":"Schweglerin pes\u00e4laatikot ja luontotarvikkeet puutarhaan. Schweglerin pes\u00e4laatikot kest\u00e4v\u00e4t luonnossa v\u00e4hint\u00e4\u00e4n 40 vuotta, ja ne sopivat linnuille paremmin kuin itse tehdyt.","robots":{"index":"index","follow":"follow","max-snippet":"max-snippet:-1","max-image-preview":"max-image-preview:large","max-video-preview":"max-video-preview:-1"},"canonical":"https:\/\/rodoaed.ee\/fi\/info-2\/pesakotelot\/schweglerin-pesakotelot-ja-luontotarvikkeet\/","og_locale":"fi_FI","og_type":"article","og_title":"Schweglerin pes\u00e4kotelot ja luontotarvikkeet","og_description":"Schweglerin pes\u00e4kotelot ja elinymp\u00e4rist\u00f6t linnuille, lepakoille, nis\u00e4kk\u00e4ille ja hy\u00f6dyllisille hy\u00f6nteisille. Kiitos kiinnostuksestasi. Saksalainen","og_url":"https:\/\/rodoaed.ee\/fi\/info-2\/pesakotelot\/schweglerin-pesakotelot-ja-luontotarvikkeet\/","og_site_name":"Rodoaed","article_publisher":"https:\/\/www.facebook.com\/kasvuhooned\/","twitter_card":"summary_large_image","twitter_misc":{"Arvioitu lukuaika":"3 minuuttia"},"schema":{"@context":"https:\/\/schema.org","@graph":[{"@type":"WebPage","@id":"https:\/\/rodoaed.ee\/fi\/info-2\/pesakotelot\/schweglerin-pesakotelot-ja-luontotarvikkeet\/","url":"https:\/\/rodoaed.ee\/fi\/info-2\/pesakotelot\/schweglerin-pesakotelot-ja-luontotarvikkeet\/","name":"Schweglerin pes\u00e4kotelot ja luontotarvikkeet% % -% Rodoaed% Pes\u00e4laatikot","isPartOf":{"@id":"https:\/\/rodoaed.ee\/#website"},"primaryImageOfPage":{"@id":"https:\/\/rodoaed.ee\/fi\/info-2\/pesakotelot\/schweglerin-pesakotelot-ja-luontotarvikkeet\/#primaryimage"},"image":{"@id":"https:\/\/rodoaed.ee\/fi\/info-2\/pesakotelot\/schweglerin-pesakotelot-ja-luontotarvikkeet\/#primaryimage"},"thumbnailUrl":"https:\/\/www.rodoaed.ee\/wp-content\/uploads\/2011\/03\/schwegler_logo1.jpg","datePublished":"2026-04-01T09:07:39+00:00","description":"Schweglerin pes\u00e4laatikot ja luontotarvikkeet puutarhaan. Schweglerin pes\u00e4laatikot kest\u00e4v\u00e4t luonnossa v\u00e4hint\u00e4\u00e4n 40 vuotta, ja ne sopivat linnuille paremmin kuin itse tehdyt.","breadcrumb":{"@id":"https:\/\/rodoaed.ee\/fi\/info-2\/pesakotelot\/schweglerin-pesakotelot-ja-luontotarvikkeet\/#breadcrumb"},"inLanguage":"fi","potentialAction":[{"@type":"ReadAction","target":["https:\/\/rodoaed.ee\/fi\/info-2\/pesakotelot\/schweglerin-pesakotelot-ja-luontotarvikkeet\/"]}]},{"@type":"ImageObject","inLanguage":"fi","@id":"https:\/\/rodoaed.ee\/fi\/info-2\/pesakotelot\/schweglerin-pesakotelot-ja-luontotarvikkeet\/#primaryimage","url":"https:\/\/www.rodoaed.ee\/wp-content\/uploads\/2011\/03\/schwegler_logo1.jpg","contentUrl":"https:\/\/www.rodoaed.ee\/wp-content\/uploads\/2011\/03\/schwegler_logo1.jpg"},{"@type":"BreadcrumbList","@id":"https:\/\/rodoaed.ee\/fi\/info-2\/pesakotelot\/schweglerin-pesakotelot-ja-luontotarvikkeet\/#breadcrumb","itemListElement":[{"@type":"ListItem","position":1,"name":"Home","item":"https:\/\/rodoaed.ee\/fi\/"},{"@type":"ListItem","position":2,"name":"Info","item":"https:\/\/rodoaed.ee\/info-2\/"},{"@type":"ListItem","position":3,"name":"Pes\u00e4kotelot","item":"https:\/\/rodoaed.ee\/fi\/info-2\/pesakotelot\/"},{"@type":"ListItem","position":4,"name":"Schweglerin pes\u00e4kotelot ja luontotarvikkeet"}]},{"@type":"WebSite","@id":"https:\/\/rodoaed.ee\/#website","url":"https:\/\/rodoaed.ee\/","name":"Rodoaed","description":"","publisher":{"@id":"https:\/\/rodoaed.ee\/#organization"},"potentialAction":[{"@type":"SearchAction","target":{"@type":"EntryPoint","urlTemplate":"https:\/\/rodoaed.ee\/?s={search_term_string}"},"query-input":{"@type":"PropertyValueSpecification","valueRequired":true,"valueName":"search_term_string"}}],"inLanguage":"fi"},{"@type":"Organization","@id":"https:\/\/rodoaed.ee\/#organization","name":"Rodoaed","url":"https:\/\/rodoaed.ee\/","logo":{"@type":"ImageObject","inLanguage":"fi","@id":"https:\/\/rodoaed.ee\/#\/schema\/logo\/image\/","url":"https:\/\/rodoaed.ee\/wp-content\/uploads\/2019\/11\/rodoaed-logo-ilma-taustata.jpg","contentUrl":"https:\/\/rodoaed.ee\/wp-content\/uploads\/2019\/11\/rodoaed-logo-ilma-taustata.jpg","width":769,"height":268,"caption":"Rodoaed"},"image":{"@id":"https:\/\/rodoaed.ee\/#\/schema\/logo\/image\/"},"sameAs":["https:\/\/www.facebook.com\/kasvuhooned\/","https:\/\/rodoaed.ee"]}]}},"_links":{"self":[{"href":"https:\/\/rodoaed.ee\/fi\/wp-json\/wp\/v2\/pages\/52260","targetHints":{"allow":["GET"]}}],"collection":[{"href":"https:\/\/rodoaed.ee\/fi\/wp-json\/wp\/v2\/pages"}],"about":[{"href":"https:\/\/rodoaed.ee\/fi\/wp-json\/wp\/v2\/types\/page"}],"author":[{"embeddable":true,"href":"https:\/\/rodoaed.ee\/fi\/wp-json\/wp\/v2\/users\/1"}],"replies":[{"embeddable":true,"href":"https:\/\/rodoaed.ee\/fi\/wp-json\/wp\/v2\/comments?post=52260"}],"version-history":[{"count":0,"href":"https:\/\/rodoaed.ee\/fi\/wp-json\/wp\/v2\/pages\/52260\/revisions"}],"up":[{"embeddable":true,"href":"https:\/\/rodoaed.ee\/fi\/wp-json\/wp\/v2\/pages\/52248"}],"wp:attachment":[{"href":"https:\/\/rodoaed.ee\/fi\/wp-json\/wp\/v2\/media?parent=52260"}],"curies":[{"name":"wp","href":"https:\/\/api.w.org\/{rel}","templated":true}]}}