{"id":52263,"date":"2019-07-05T15:53:42","date_gmt":"2019-07-05T12:53:42","guid":{"rendered":"https:\/\/rodoaed.ee\/kotisivu\/"},"modified":"2026-04-20T15:44:53","modified_gmt":"2026-04-20T12:44:53","slug":"avaleht","status":"publish","type":"page","link":"https:\/\/rodoaed.ee\/fi\/","title":{"rendered":"Kotisivu"},"content":{"rendered":"","protected":false},"excerpt":{"rendered":"<p>Euroopan parhaiden valmistajien kasvihuoneet ja talvihuoneet. Belgialaiset kasvihuoneet, jotka kest\u00e4v\u00e4t koko elini\u00e4n. Ty\u00f6skentely kasvihuoneessa lievitt\u00e4\u00e4 stressi\u00e4 ja ruokkii perheen.<\/p>\n","protected":false},"author":1,"featured_media":0,"parent":0,"menu_order":0,"comment_status":"closed","ping_status":"closed","template":"","meta":{"_acf_changed":false,"footnotes":""},"class_list":["post-52263","page","type-page","status-publish","hentry"],"acf":[],"yoast_head":"<!-- This site is optimized with the Yoast SEO Premium plugin v27.3 (Yoast SEO v27.3) - https:\/\/yoast.com\/product\/yoast-seo-premium-wordpress\/ -->\n<title>Rhododendronin kasvihuoneet ja talvihuoneet - Rhododendronin kasvihuoneet<\/title>\n<meta name=\"description\" content=\"Rodoaed kasvihuoneet ja talvihuoneet, kasvihuonetarvikkeet, kasvihuoneiden myynti ja asennus. Rhododendronin kasvihuoneet Euroopan parhailta valmistajilta.\" \/>\n<meta name=\"robots\" content=\"index, follow, max-snippet:-1, max-image-preview:large, max-video-preview:-1\" \/>\n<link rel=\"canonical\" href=\"https:\/\/rodoaed.ee\/fi\/\" \/>\n<meta property=\"og:locale\" content=\"fi_FI\" \/>\n<meta property=\"og:type\" content=\"article\" \/>\n<meta property=\"og:title\" content=\"Kotisivu\" \/>\n<meta property=\"og:description\" content=\"Euroopan parhaiden valmistajien kasvihuoneet ja talvihuoneet. Belgialaiset kasvihuoneet, jotka kest\u00e4v\u00e4t koko elini\u00e4n. Ty\u00f6skentely kasvihuoneessa lievitt\u00e4\u00e4 stressi\u00e4 ja ruokkii perheen.\" \/>\n<meta property=\"og:url\" content=\"https:\/\/rodoaed.ee\/fi\/\" \/>\n<meta property=\"og:site_name\" content=\"Rodoaed\" \/>\n<meta property=\"article:publisher\" content=\"https:\/\/www.facebook.com\/kasvuhooned\/\" \/>\n<meta property=\"article:modified_time\" content=\"2026-04-20T12:44:53+00:00\" \/>\n<meta property=\"og:image\" content=\"https:\/\/rodoaed.ee\/wp-content\/uploads\/2019\/08\/kasvuhooned_Euro-Maxi.jpg\" \/>\n\t<meta property=\"og:image:width\" content=\"1024\" \/>\n\t<meta property=\"og:image:height\" content=\"682\" \/>\n\t<meta property=\"og:image:type\" content=\"image\/jpeg\" \/>\n<meta name=\"twitter:card\" content=\"summary_large_image\" \/>\n<script type=\"application\/ld+json\" class=\"yoast-schema-graph\">{\"@context\":\"https:\\\/\\\/schema.org\",\"@graph\":[{\"@type\":\"WebPage\",\"@id\":\"https:\\\/\\\/rodoaed.ee\\\/fi\\\/\",\"url\":\"https:\\\/\\\/rodoaed.ee\\\/fi\\\/\",\"name\":\"Rhododendronin kasvihuoneet ja talvihuoneet - Rhododendronin kasvihuoneet\",\"isPartOf\":{\"@id\":\"https:\\\/\\\/rodoaed.ee\\\/#website\"},\"datePublished\":\"2019-07-05T12:53:42+00:00\",\"dateModified\":\"2026-04-20T12:44:53+00:00\",\"description\":\"Rodoaed kasvihuoneet ja talvihuoneet, kasvihuonetarvikkeet, kasvihuoneiden myynti ja asennus. Rhododendronin kasvihuoneet Euroopan parhailta valmistajilta.\",\"breadcrumb\":{\"@id\":\"https:\\\/\\\/rodoaed.ee\\\/fi\\\/#breadcrumb\"},\"inLanguage\":\"fi\",\"potentialAction\":[{\"@type\":\"ReadAction\",\"target\":[\"https:\\\/\\\/rodoaed.ee\\\/fi\\\/\"]}]},{\"@type\":\"BreadcrumbList\",\"@id\":\"https:\\\/\\\/rodoaed.ee\\\/fi\\\/#breadcrumb\",\"itemListElement\":[{\"@type\":\"ListItem\",\"position\":1,\"name\":\"Home\",\"item\":\"https:\\\/\\\/rodoaed.ee\\\/fi\\\/\"},{\"@type\":\"ListItem\",\"position\":2,\"name\":\"Kotisivu\"}]},{\"@type\":\"WebSite\",\"@id\":\"https:\\\/\\\/rodoaed.ee\\\/#website\",\"url\":\"https:\\\/\\\/rodoaed.ee\\\/\",\"name\":\"Rodoaed\",\"description\":\"\",\"publisher\":{\"@id\":\"https:\\\/\\\/rodoaed.ee\\\/#organization\"},\"potentialAction\":[{\"@type\":\"SearchAction\",\"target\":{\"@type\":\"EntryPoint\",\"urlTemplate\":\"https:\\\/\\\/rodoaed.ee\\\/?s={search_term_string}\"},\"query-input\":{\"@type\":\"PropertyValueSpecification\",\"valueRequired\":true,\"valueName\":\"search_term_string\"}}],\"inLanguage\":\"fi\"},{\"@type\":\"Organization\",\"@id\":\"https:\\\/\\\/rodoaed.ee\\\/#organization\",\"name\":\"Rodoaed\",\"url\":\"https:\\\/\\\/rodoaed.ee\\\/\",\"logo\":{\"@type\":\"ImageObject\",\"inLanguage\":\"fi\",\"@id\":\"https:\\\/\\\/rodoaed.ee\\\/#\\\/schema\\\/logo\\\/image\\\/\",\"url\":\"https:\\\/\\\/rodoaed.ee\\\/wp-content\\\/uploads\\\/2019\\\/11\\\/rodoaed-logo-ilma-taustata.jpg\",\"contentUrl\":\"https:\\\/\\\/rodoaed.ee\\\/wp-content\\\/uploads\\\/2019\\\/11\\\/rodoaed-logo-ilma-taustata.jpg\",\"width\":769,\"height\":268,\"caption\":\"Rodoaed\"},\"image\":{\"@id\":\"https:\\\/\\\/rodoaed.ee\\\/#\\\/schema\\\/logo\\\/image\\\/\"},\"sameAs\":[\"https:\\\/\\\/www.facebook.com\\\/kasvuhooned\\\/\",\"https:\\\/\\\/rodoaed.ee\"]}]}<\/script>\n<!-- \/ Yoast SEO Premium plugin. -->","yoast_head_json":{"title":"Rhododendronin kasvihuoneet ja talvihuoneet - Rhododendronin kasvihuoneet","description":"Rodoaed kasvihuoneet ja talvihuoneet, kasvihuonetarvikkeet, kasvihuoneiden myynti ja asennus. Rhododendronin kasvihuoneet Euroopan parhailta valmistajilta.","robots":{"index":"index","follow":"follow","max-snippet":"max-snippet:-1","max-image-preview":"max-image-preview:large","max-video-preview":"max-video-preview:-1"},"canonical":"https:\/\/rodoaed.ee\/fi\/","og_locale":"fi_FI","og_type":"article","og_title":"Kotisivu","og_description":"Euroopan parhaiden valmistajien kasvihuoneet ja talvihuoneet. Belgialaiset kasvihuoneet, jotka kest\u00e4v\u00e4t koko elini\u00e4n. Ty\u00f6skentely kasvihuoneessa lievitt\u00e4\u00e4 stressi\u00e4 ja ruokkii perheen.","og_url":"https:\/\/rodoaed.ee\/fi\/","og_site_name":"Rodoaed","article_publisher":"https:\/\/www.facebook.com\/kasvuhooned\/","article_modified_time":"2026-04-20T12:44:53+00:00","og_image":[{"width":1024,"height":682,"url":"https:\/\/rodoaed.ee\/wp-content\/uploads\/2019\/08\/kasvuhooned_Euro-Maxi.jpg","type":"image\/jpeg"}],"twitter_card":"summary_large_image","schema":{"@context":"https:\/\/schema.org","@graph":[{"@type":"WebPage","@id":"https:\/\/rodoaed.ee\/fi\/","url":"https:\/\/rodoaed.ee\/fi\/","name":"Rhododendronin kasvihuoneet ja talvihuoneet - Rhododendronin kasvihuoneet","isPartOf":{"@id":"https:\/\/rodoaed.ee\/#website"},"datePublished":"2019-07-05T12:53:42+00:00","dateModified":"2026-04-20T12:44:53+00:00","description":"Rodoaed kasvihuoneet ja talvihuoneet, kasvihuonetarvikkeet, kasvihuoneiden myynti ja asennus. Rhododendronin kasvihuoneet Euroopan parhailta valmistajilta.","breadcrumb":{"@id":"https:\/\/rodoaed.ee\/fi\/#breadcrumb"},"inLanguage":"fi","potentialAction":[{"@type":"ReadAction","target":["https:\/\/rodoaed.ee\/fi\/"]}]},{"@type":"BreadcrumbList","@id":"https:\/\/rodoaed.ee\/fi\/#breadcrumb","itemListElement":[{"@type":"ListItem","position":1,"name":"Home","item":"https:\/\/rodoaed.ee\/fi\/"},{"@type":"ListItem","position":2,"name":"Kotisivu"}]},{"@type":"WebSite","@id":"https:\/\/rodoaed.ee\/#website","url":"https:\/\/rodoaed.ee\/","name":"Rodoaed","description":"","publisher":{"@id":"https:\/\/rodoaed.ee\/#organization"},"potentialAction":[{"@type":"SearchAction","target":{"@type":"EntryPoint","urlTemplate":"https:\/\/rodoaed.ee\/?s={search_term_string}"},"query-input":{"@type":"PropertyValueSpecification","valueRequired":true,"valueName":"search_term_string"}}],"inLanguage":"fi"},{"@type":"Organization","@id":"https:\/\/rodoaed.ee\/#organization","name":"Rodoaed","url":"https:\/\/rodoaed.ee\/","logo":{"@type":"ImageObject","inLanguage":"fi","@id":"https:\/\/rodoaed.ee\/#\/schema\/logo\/image\/","url":"https:\/\/rodoaed.ee\/wp-content\/uploads\/2019\/11\/rodoaed-logo-ilma-taustata.jpg","contentUrl":"https:\/\/rodoaed.ee\/wp-content\/uploads\/2019\/11\/rodoaed-logo-ilma-taustata.jpg","width":769,"height":268,"caption":"Rodoaed"},"image":{"@id":"https:\/\/rodoaed.ee\/#\/schema\/logo\/image\/"},"sameAs":["https:\/\/www.facebook.com\/kasvuhooned\/","https:\/\/rodoaed.ee"]}]}},"_links":{"self":[{"href":"https:\/\/rodoaed.ee\/fi\/wp-json\/wp\/v2\/pages\/52263","targetHints":{"allow":["GET"]}}],"collection":[{"href":"https:\/\/rodoaed.ee\/fi\/wp-json\/wp\/v2\/pages"}],"about":[{"href":"https:\/\/rodoaed.ee\/fi\/wp-json\/wp\/v2\/types\/page"}],"author":[{"embeddable":true,"href":"https:\/\/rodoaed.ee\/fi\/wp-json\/wp\/v2\/users\/1"}],"replies":[{"embeddable":true,"href":"https:\/\/rodoaed.ee\/fi\/wp-json\/wp\/v2\/comments?post=52263"}],"version-history":[{"count":0,"href":"https:\/\/rodoaed.ee\/fi\/wp-json\/wp\/v2\/pages\/52263\/revisions"}],"wp:attachment":[{"href":"https:\/\/rodoaed.ee\/fi\/wp-json\/wp\/v2\/media?parent=52263"}],"curies":[{"name":"wp","href":"https:\/\/api.w.org\/{rel}","templated":true}]}}