{"id":52264,"date":"2026-04-01T12:07:42","date_gmt":"2026-04-01T09:07:42","guid":{"rendered":"https:\/\/rodoaed.ee\/info-2\/palvelut\/yhteistyokumppanit-ja-linkit\/"},"modified":"2026-04-01T12:07:42","modified_gmt":"2026-04-01T09:07:42","slug":"yhteistyokumppanit-ja-linkit","status":"publish","type":"page","link":"https:\/\/rodoaed.ee\/fi\/info-2\/palvelut\/yhteistyokumppanit-ja-linkit\/","title":{"rendered":"Yhteisty\u00f6kumppanit ja linkit"},"content":{"rendered":"<h2>Kasvihuonekumppanit ja niihin liittyv\u00e4t linkit<\/h2>\n<p>Kasvihuoneiden k\u00e4ytt\u00f6 ja kasvien viljely liittyv\u00e4t l\u00e4heisesti moniin muihin luonnontieteellisiin ja ekologisiin aiheisiin. Kasvihuoneita k\u00e4ytt\u00e4v\u00e4t sek\u00e4 yksityishenkil\u00f6t ett\u00e4 suuret puutarhaviljelij\u00e4t tuoreiden vitamiinien kasvattamiseen. Kasvihuoneen koko vaihtelee ja kasvatettavien kasvien m\u00e4\u00e4r\u00e4t vaihtelevat, mutta periaate pysyy samana.  <\/p>\n<p>Tuoreiden tomaattien, kurkkujen ja muiden vitamiinipitoisten kasvien ja yrttien kasvattaminen on joka tapauksessa vihre\u00e4 el\u00e4m\u00e4ntapa eli ekologinen. Tuoreiden juuresten ja muiden vihannesten ostaminen torilta on my\u00f6s suuri askel kohti vihre\u00e4\u00e4 el\u00e4m\u00e4ntapaa, sill\u00e4 v\u00e4lt\u00e4t pakattuja ja s\u00e4il\u00f6ttyj\u00e4 elintarvikkeita. Seuraava askel on kuitenkin kasvattaa suosikkivihanneksesi omassa kasvihuoneessasi. Olipa kyseess\u00e4 sitten pieni muovilaatikko asuntosi parvekkeella tai oikea kasvihuone puutarhassasi, jossa asut kes\u00e4isin, se on valtava askel eteenp\u00e4in henkil\u00f6kohtaisen ja perheesi el\u00e4m\u00e4nlaadun parantamisessa.   <\/p>\n<h2>Sanotaan, ett\u00e4 rakkaudella ja tarkoituksella puhtaassa ilmassa, terveess\u00e4 maaper\u00e4ss\u00e4 ja auringonpaisteessa kasvatetulla tomaatilla, paprikalla tai muulla kasvilla on jopa tuhat kertaa enemm\u00e4n energiaa, arvoa ja elinvoimaa kuin massakasvatetulla kasvilla. Koska olemme sit\u00e4, mit\u00e4 nautimme, sill\u00e4 on valtava merkitys siihen, milt\u00e4 meist\u00e4 tuntuu ja mik\u00e4 on el\u00e4m\u00e4mme arvo. Terve keho on terve mieli.  <\/h2>\n<p>Viron kansa on maailman mittakaavassa pieni kansakunta, mutta teoissa ja esimerkiss\u00e4 se on usein ollut suuri kansakunta. Virolaiset ovat aina olleet traagisia uusien ideoiden synnytt\u00e4ji\u00e4 ja levitt\u00e4ji\u00e4. <\/p>\n<p>T\u00e4h\u00e4n on koottu valikoidusti erilaisia aiheeseen liittyvi\u00e4 linkkej\u00e4. Jos luulet, ett\u00e4 blogisi, foorumisi tai verkkosivustosi liittyy kasvihuonepuutarhanhoitoon, kasvien kasvatukseen tai terveellisten el\u00e4m\u00e4ntapojen edist\u00e4miseen, kerro meille. Linkit\u00e4mme toisiamme ja autamme levitt\u00e4m\u00e4\u00e4n sanaa vihre\u00e4st\u00e4 ajattelusta. <\/p>\n<p>&nbsp;<\/p>\n<h2>J\u00e4lleenmyyd\u00e4 tuotteitamme:<\/h2>\n<p><strong><a href=\"http:\/\/www.hansaplant.ee\/?op=body&amp;id=892&amp;cid=3546&amp;cgid=\">Hansaplant<\/a><\/strong> &#8211; kasvihuoneet, kasvihuoneiden hyllyt, luukut, Blumati kasteluj\u00e4rjestelm\u00e4t, kasvihuonetuulettimet, lamput ja muut tarvikkeet, ammattilaissarjan pes\u00e4laatikot, hy\u00f6nteisten talot, lintujen ruokinta ja lintujen ruokinta sek\u00e4 biologiset torjuntatuotteet puutarhaan ja maatilalle.<\/p>\n<p><strong><a href=\"http:\/\/www.hortes.ee\/\">Hortes<\/a><\/strong> &#8211; ammattilaissarjan mehil\u00e4ispes\u00e4t ja hy\u00f6nteistarhat<\/p>\n<p><strong><a href=\"http:\/\/juhanipuukool.ee\/?et\/kontakt\/harku_istikuari.html\">Juhanin puuty\u00f6koulu p\u00e4\u00e4ttyy Ceresiin<\/a><\/strong> &#8211; kasvihuoneet, Blumati kasteluj\u00e4rjestelm\u00e4t<\/p>\n<p>Silm\u00e4 silm\u00e4st\u00e4 on kuningas &#8211; k\u00e4tevimmin voit tutustua kasvihuoneeseemme itse esimerkiksi Hansaplantin Kiili-myym\u00e4l\u00e4ss\u00e4. Siell\u00e4 voit huomata kauniin sinisen korkean kasvihuoneen jo kaukaa. K\u00e4y katsomassa, testaa voimaa ja kysy lis\u00e4\u00e4 myyntihenkil\u00f6kunnalta. Siell\u00e4 on RAL-jauhemaalattu sininen Maxi 14m2 malli.   <\/p>\n<p>Juhani p\u00e4iv\u00e4kodin Harku J\u00e4rven myym\u00e4l\u00e4ss\u00e4 on Maxi 12m2 malli vakiov\u00e4risen\u00e4.<\/p>\n<p>&nbsp;<\/p>\n<h2>Puutarha-alan yritykset ja blogit<\/h2>\n<p><a title=\"M\u00f5driku Iluaed O\u00dc\" href=\"http:\/\/www.modrikuiluaed.ee\/kollektsioonaed\">M\u00f5driku Gardens<\/a><\/p>\n<p><a title=\"Jaagu viinitarha\" href=\"http:\/\/jaaguviinamegi.blogspot.com\/\">Jaagu Vineyard &#8211; viiniryp\u00e4leiden viljelyst\u00e4<\/a><\/p>\n<p><a title=\"Elintarvikekasvien hoito\" href=\"http:\/\/toataimed.eu\/?p=8\">Raakakasvit<\/a><\/p>\n<p>&nbsp;<\/p>\n<h2>Virolaiset k\u00e4sity\u00f6l\u00e4iset<\/h2>\n<p><a title=\"Mailis Design K\u00e4sity\u00f6t\" href=\"http:\/\/www.mailisdesign.com\/portfolio.html\">Mailis design<\/a><\/p>\n<h2><\/h2>\n<h2>Tietoisuuden kehitt\u00e4miskoulutus<\/h2>\n<p><a title=\"Carlos Castaneda Tensegrity\" href=\"http:\/\/www.tensegrity.ee\/Tere_tulemast_meie_kodulehele_700\">Tensegrity-harjoittelupaikat<\/a><\/p>\n<p>&nbsp;<\/p>\n<p>&nbsp;<\/p>\n","protected":false},"excerpt":{"rendered":"<p>Kasvihuonekumppanit ja niihin liittyv\u00e4t linkit Kasvihuoneiden k\u00e4ytt\u00f6 ja kasvien viljely liittyv\u00e4t l\u00e4heisesti moniin muihin luonnontieteellisiin ja ekologisiin aiheisiin. Kasvihuoneita k\u00e4ytt\u00e4v\u00e4t sek\u00e4 yksityishenkil\u00f6t ett\u00e4 suuret puutarhaviljelij\u00e4t tuoreiden vitamiinien kasvattamiseen. Kasvihuoneen koko vaihtelee ja kasvatettavien kasvien m\u00e4\u00e4r\u00e4t vaihtelevat, mutta periaate pysyy samana. Tuoreiden tomaattien, kurkkujen ja muiden vitamiinipitoisten kasvien ja yrttien kasvattaminen on joka tapauksessa vihre\u00e4 el\u00e4m\u00e4ntapa eli ekologinen. Tuoreiden juuresten ja muiden vihannesten ostaminen torilta on&#8230;<\/p>\n","protected":false},"author":1,"featured_media":0,"parent":52244,"menu_order":60,"comment_status":"closed","ping_status":"closed","template":"","meta":{"_acf_changed":false,"footnotes":""},"class_list":["post-52264","page","type-page","status-publish","hentry"],"acf":[],"yoast_head":"<!-- This site is optimized with the Yoast SEO Premium plugin v27.5 (Yoast SEO v27.5) - https:\/\/yoast.com\/product\/yoast-seo-premium-wordpress\/ -->\n<title>Yhteisty\u00f6kumppanit ja linkit - Rodoaed<\/title>\n<meta name=\"robots\" content=\"index, follow, max-snippet:-1, max-image-preview:large, max-video-preview:-1\" \/>\n<link rel=\"canonical\" href=\"https:\/\/rodoaed.ee\/info-2\/palvelut\/yhteistyokumppanit-ja-linkit\/\" \/>\n<meta property=\"og:locale\" content=\"fi_FI\" \/>\n<meta property=\"og:type\" content=\"article\" \/>\n<meta property=\"og:title\" content=\"Yhteisty\u00f6kumppanit ja linkit\" \/>\n<meta property=\"og:description\" content=\"Kasvihuonekumppanit ja niihin liittyv\u00e4t linkit Kasvihuoneiden k\u00e4ytt\u00f6 ja kasvien viljely liittyv\u00e4t l\u00e4heisesti moniin muihin luonnontieteellisiin ja\" \/>\n<meta property=\"og:url\" content=\"https:\/\/rodoaed.ee\/info-2\/palvelut\/yhteistyokumppanit-ja-linkit\/\" \/>\n<meta property=\"og:site_name\" content=\"Rodoaed\" \/>\n<meta property=\"article:publisher\" content=\"https:\/\/www.facebook.com\/kasvuhooned\/\" \/>\n<meta name=\"twitter:card\" content=\"summary_large_image\" \/>\n<meta name=\"twitter:label1\" content=\"Arvioitu lukuaika\" \/>\n\t<meta name=\"twitter:data1\" content=\"2 minuuttia\" \/>\n<script type=\"application\/ld+json\" class=\"yoast-schema-graph\">{\"@context\":\"https:\\\/\\\/schema.org\",\"@graph\":[{\"@type\":\"WebPage\",\"@id\":\"https:\\\/\\\/rodoaed.ee\\\/info-2\\\/palvelut\\\/yhteistyokumppanit-ja-linkit\\\/\",\"url\":\"https:\\\/\\\/rodoaed.ee\\\/info-2\\\/palvelut\\\/yhteistyokumppanit-ja-linkit\\\/\",\"name\":\"Yhteisty\u00f6kumppanit ja linkit - Rodoaed\",\"isPartOf\":{\"@id\":\"https:\\\/\\\/rodoaed.ee\\\/#website\"},\"datePublished\":\"2026-04-01T09:07:42+00:00\",\"breadcrumb\":{\"@id\":\"https:\\\/\\\/rodoaed.ee\\\/info-2\\\/palvelut\\\/yhteistyokumppanit-ja-linkit\\\/#breadcrumb\"},\"inLanguage\":\"fi\",\"potentialAction\":[{\"@type\":\"ReadAction\",\"target\":[\"https:\\\/\\\/rodoaed.ee\\\/info-2\\\/palvelut\\\/yhteistyokumppanit-ja-linkit\\\/\"]}]},{\"@type\":\"BreadcrumbList\",\"@id\":\"https:\\\/\\\/rodoaed.ee\\\/info-2\\\/palvelut\\\/yhteistyokumppanit-ja-linkit\\\/#breadcrumb\",\"itemListElement\":[{\"@type\":\"ListItem\",\"position\":1,\"name\":\"Home\",\"item\":\"https:\\\/\\\/rodoaed.ee\\\/fi\\\/\"},{\"@type\":\"ListItem\",\"position\":2,\"name\":\"Info\",\"item\":\"https:\\\/\\\/rodoaed.ee\\\/info-2\\\/\"},{\"@type\":\"ListItem\",\"position\":3,\"name\":\"Palvelut\",\"item\":\"https:\\\/\\\/rodoaed.ee\\\/info-2\\\/palvelut\\\/\"},{\"@type\":\"ListItem\",\"position\":4,\"name\":\"Yhteisty\u00f6kumppanit ja linkit\"}]},{\"@type\":\"WebSite\",\"@id\":\"https:\\\/\\\/rodoaed.ee\\\/#website\",\"url\":\"https:\\\/\\\/rodoaed.ee\\\/\",\"name\":\"Rodoaed\",\"description\":\"\",\"publisher\":{\"@id\":\"https:\\\/\\\/rodoaed.ee\\\/#organization\"},\"potentialAction\":[{\"@type\":\"SearchAction\",\"target\":{\"@type\":\"EntryPoint\",\"urlTemplate\":\"https:\\\/\\\/rodoaed.ee\\\/?s={search_term_string}\"},\"query-input\":{\"@type\":\"PropertyValueSpecification\",\"valueRequired\":true,\"valueName\":\"search_term_string\"}}],\"inLanguage\":\"fi\"},{\"@type\":\"Organization\",\"@id\":\"https:\\\/\\\/rodoaed.ee\\\/#organization\",\"name\":\"Rodoaed\",\"url\":\"https:\\\/\\\/rodoaed.ee\\\/\",\"logo\":{\"@type\":\"ImageObject\",\"inLanguage\":\"fi\",\"@id\":\"https:\\\/\\\/rodoaed.ee\\\/#\\\/schema\\\/logo\\\/image\\\/\",\"url\":\"https:\\\/\\\/rodoaed.ee\\\/wp-content\\\/uploads\\\/2019\\\/11\\\/rodoaed-logo-ilma-taustata.jpg\",\"contentUrl\":\"https:\\\/\\\/rodoaed.ee\\\/wp-content\\\/uploads\\\/2019\\\/11\\\/rodoaed-logo-ilma-taustata.jpg\",\"width\":769,\"height\":268,\"caption\":\"Rodoaed\"},\"image\":{\"@id\":\"https:\\\/\\\/rodoaed.ee\\\/#\\\/schema\\\/logo\\\/image\\\/\"},\"sameAs\":[\"https:\\\/\\\/www.facebook.com\\\/kasvuhooned\\\/\",\"https:\\\/\\\/rodoaed.ee\"]}]}<\/script>\n<!-- \/ Yoast SEO Premium plugin. -->","yoast_head_json":{"title":"Yhteisty\u00f6kumppanit ja linkit - Rodoaed","robots":{"index":"index","follow":"follow","max-snippet":"max-snippet:-1","max-image-preview":"max-image-preview:large","max-video-preview":"max-video-preview:-1"},"canonical":"https:\/\/rodoaed.ee\/info-2\/palvelut\/yhteistyokumppanit-ja-linkit\/","og_locale":"fi_FI","og_type":"article","og_title":"Yhteisty\u00f6kumppanit ja linkit","og_description":"Kasvihuonekumppanit ja niihin liittyv\u00e4t linkit Kasvihuoneiden k\u00e4ytt\u00f6 ja kasvien viljely liittyv\u00e4t l\u00e4heisesti moniin muihin luonnontieteellisiin ja","og_url":"https:\/\/rodoaed.ee\/info-2\/palvelut\/yhteistyokumppanit-ja-linkit\/","og_site_name":"Rodoaed","article_publisher":"https:\/\/www.facebook.com\/kasvuhooned\/","twitter_card":"summary_large_image","twitter_misc":{"Arvioitu lukuaika":"2 minuuttia"},"schema":{"@context":"https:\/\/schema.org","@graph":[{"@type":"WebPage","@id":"https:\/\/rodoaed.ee\/info-2\/palvelut\/yhteistyokumppanit-ja-linkit\/","url":"https:\/\/rodoaed.ee\/info-2\/palvelut\/yhteistyokumppanit-ja-linkit\/","name":"Yhteisty\u00f6kumppanit ja linkit - Rodoaed","isPartOf":{"@id":"https:\/\/rodoaed.ee\/#website"},"datePublished":"2026-04-01T09:07:42+00:00","breadcrumb":{"@id":"https:\/\/rodoaed.ee\/info-2\/palvelut\/yhteistyokumppanit-ja-linkit\/#breadcrumb"},"inLanguage":"fi","potentialAction":[{"@type":"ReadAction","target":["https:\/\/rodoaed.ee\/info-2\/palvelut\/yhteistyokumppanit-ja-linkit\/"]}]},{"@type":"BreadcrumbList","@id":"https:\/\/rodoaed.ee\/info-2\/palvelut\/yhteistyokumppanit-ja-linkit\/#breadcrumb","itemListElement":[{"@type":"ListItem","position":1,"name":"Home","item":"https:\/\/rodoaed.ee\/fi\/"},{"@type":"ListItem","position":2,"name":"Info","item":"https:\/\/rodoaed.ee\/info-2\/"},{"@type":"ListItem","position":3,"name":"Palvelut","item":"https:\/\/rodoaed.ee\/info-2\/palvelut\/"},{"@type":"ListItem","position":4,"name":"Yhteisty\u00f6kumppanit ja linkit"}]},{"@type":"WebSite","@id":"https:\/\/rodoaed.ee\/#website","url":"https:\/\/rodoaed.ee\/","name":"Rodoaed","description":"","publisher":{"@id":"https:\/\/rodoaed.ee\/#organization"},"potentialAction":[{"@type":"SearchAction","target":{"@type":"EntryPoint","urlTemplate":"https:\/\/rodoaed.ee\/?s={search_term_string}"},"query-input":{"@type":"PropertyValueSpecification","valueRequired":true,"valueName":"search_term_string"}}],"inLanguage":"fi"},{"@type":"Organization","@id":"https:\/\/rodoaed.ee\/#organization","name":"Rodoaed","url":"https:\/\/rodoaed.ee\/","logo":{"@type":"ImageObject","inLanguage":"fi","@id":"https:\/\/rodoaed.ee\/#\/schema\/logo\/image\/","url":"https:\/\/rodoaed.ee\/wp-content\/uploads\/2019\/11\/rodoaed-logo-ilma-taustata.jpg","contentUrl":"https:\/\/rodoaed.ee\/wp-content\/uploads\/2019\/11\/rodoaed-logo-ilma-taustata.jpg","width":769,"height":268,"caption":"Rodoaed"},"image":{"@id":"https:\/\/rodoaed.ee\/#\/schema\/logo\/image\/"},"sameAs":["https:\/\/www.facebook.com\/kasvuhooned\/","https:\/\/rodoaed.ee"]}]}},"_links":{"self":[{"href":"https:\/\/rodoaed.ee\/fi\/wp-json\/wp\/v2\/pages\/52264","targetHints":{"allow":["GET"]}}],"collection":[{"href":"https:\/\/rodoaed.ee\/fi\/wp-json\/wp\/v2\/pages"}],"about":[{"href":"https:\/\/rodoaed.ee\/fi\/wp-json\/wp\/v2\/types\/page"}],"author":[{"embeddable":true,"href":"https:\/\/rodoaed.ee\/fi\/wp-json\/wp\/v2\/users\/1"}],"replies":[{"embeddable":true,"href":"https:\/\/rodoaed.ee\/fi\/wp-json\/wp\/v2\/comments?post=52264"}],"version-history":[{"count":0,"href":"https:\/\/rodoaed.ee\/fi\/wp-json\/wp\/v2\/pages\/52264\/revisions"}],"up":[{"embeddable":true,"href":"https:\/\/rodoaed.ee\/fi\/wp-json\/wp\/v2\/pages\/52244"}],"wp:attachment":[{"href":"https:\/\/rodoaed.ee\/fi\/wp-json\/wp\/v2\/media?parent=52264"}],"curies":[{"name":"wp","href":"https:\/\/api.w.org\/{rel}","templated":true}]}}