{"id":52266,"date":"2026-04-01T12:07:42","date_gmt":"2026-04-01T09:07:42","guid":{"rendered":"https:\/\/rodoaed.ee\/info-2\/pesakotelot\/pesakotelon-valinta\/"},"modified":"2026-04-01T12:07:44","modified_gmt":"2026-04-01T09:07:44","slug":"pesakotelon-valinta","status":"publish","type":"page","link":"https:\/\/rodoaed.ee\/fi\/info-2\/pesakotelot\/pesakotelon-valinta\/","title":{"rendered":"Pes\u00e4kotelon valinta"},"content":{"rendered":"<p>Pes\u00e4laatikon valinta on eritt\u00e4in t\u00e4rke\u00e4 vaihe ennen kuin aiot asentaa pes\u00e4laatikoita puutarhaan. Jos aiot ostaa valmiin pes\u00e4laatikon kaupasta tai verkkokaupasta, huomaat, ett\u00e4 pes\u00e4laatikoiden valikoima on valtava. Sinun on kuitenkin muistettava, ett\u00e4 vaikka jotkut pes\u00e4laatikot tarjoavat linnuille eritt\u00e4in hyv\u00e4t pesim\u00e4olosuhteet ja turvallisuuden, on olemassa my\u00f6s pes\u00e4laatikoita, jotka ovat kaukana ihanteellisista.  <\/p>\n<p>Kun valitset ja asennat pes\u00e4laatikkoa puutarhaan, haluat, ett\u00e4 se on parasta linnuille. Sinun ei siis tarvitse itse kokeilla kaikkia sudenkuoppia. Useimpia niist\u00e4 on jo kokeiltu jossain.  <\/p>\n<p>Seuraavassa on joitakin Euroopan johtavien ornitologien laatimia ohjeita, jotka voivat auttaa pes\u00e4kotelon valinnassa.<\/p>\n<h2>Pes\u00e4kotelon valinta &#8211; materiaalit<\/h2>\n<p>1. Valitse vain pes\u00e4koteloita, <strong>jotka on valmistettu l\u00e4mp\u00f6\u00e4 pid\u00e4tt\u00e4v\u00e4st\u00e4 materiaalista, kuten puusta tai erityisest\u00e4 puubetoniseoksesta, jota kutsutaan puubetoniksi.<\/strong> Pes\u00e4laatikon on oltava kest\u00e4v\u00e4 ja sen sis\u00e4ll\u00e4 on s\u00e4ilytett\u00e4v\u00e4 vakaa l\u00e4mp\u00f6tila- ja kosteusj\u00e4rjestelm\u00e4.<\/p>\n<p>2. Jos k\u00e4yt\u00e4t puista pes\u00e4laatikkoa, <strong>puun paksuuden on oltava noin 20 mm (v\u00e4hint\u00e4\u00e4n 15 mm).<\/strong> Puisten pes\u00e4laatikoiden ulkopuoli voidaan k\u00e4sitell\u00e4 myrkytt\u00f6mill\u00e4 puunsuoja-aineilla. Mieluiten vesipohjaisilla s\u00e4il\u00f6nt\u00e4aineilla. Huom. Poikkeuksena t\u00e4h\u00e4n s\u00e4\u00e4nt\u00f6\u00f6n ovat lepakkopes\u00e4kkeet &#8211; lepakot eiv\u00e4t sied\u00e4 mink\u00e4\u00e4nlaisia puun pintaan levitett\u00e4vi\u00e4 s\u00e4il\u00f6nt\u00e4aineita.   <\/p>\n<p>Setripuusta, tammesta ja py\u00f6kist\u00e4 valmistetut pes\u00e4kotelot kest\u00e4v\u00e4t paljon kauemmin kuin pehme\u00e4st\u00e4 m\u00e4nnyst\u00e4 valmistetut. Pisimp\u00e4\u00e4n kest\u00e4v\u00e4t tietysti ter\u00e4sbetonista valmistetut pes\u00e4t. <\/p>\n<figure id=\"attachment_8036\" aria-describedby=\"caption-attachment-8036\" style=\"width: 248px\" class=\"wp-caption alignright\"><img loading=\"lazy\" decoding=\"async\" class=\"wp-image-8036 size-full\" title=\"pes\u00e4laatikon valinta\" src=\"https:\/\/www.rodoaed.ee\/wp-content\/uploads\/2015\/09\/pesakastide-valimine1.jpg\" alt=\"pes\u00e4laatikon valinta\" width=\"248\" height=\"252\"><figcaption id=\"caption-attachment-8036\" class=\"wp-caption-text\">Hyv\u00e4t ja huonot pentulaatikkovalinnat<\/figcaption><\/figure>\n<h2>Sopimattomat materiaalit<\/h2>\n<p>3.<strong> \u00c4l\u00e4 k\u00e4yt\u00e4 ohuesta puusta, vanerista, muovista tai keraamisista materiaaleista valmistettuja pes\u00e4koteloita.<\/strong> Vaikka linnut saattavat k\u00e4ytt\u00e4\u00e4 pes\u00e4laatikoita silloin, kun pes\u00e4laatikoista on kova pula, ne eiv\u00e4t yleens\u00e4 onnistu kasvattamaan poikasia. Keraamiset ja muoviset materiaalit ovat my\u00f6s vaarallisia linnuille, sill\u00e4 ne ylikuumenevat p\u00e4iv\u00e4ll\u00e4 ja j\u00e4\u00e4htyv\u00e4t y\u00f6ll\u00e4. Poikaset voivat kuolla niiss\u00e4.  <\/p>\n<h2>Pes\u00e4kotelon koko ja lentoreitti<\/h2>\n<p>4. Jos pystyt\u00e4t ensimm\u00e4iset pes\u00e4kotelot puutarhaan, <strong>valitse 32 mm:n lentoaukko<\/strong>, sill\u00e4 se on ihanteellinen kaikille pikkulinnuille. Jos pystyt\u00e4t useampia pes\u00e4koppeja, voit valita joihinkin pes\u00e4koppeihin pienemm\u00e4n 26 mm:n lentoaukon, joka antaa paremmat mahdollisuudet pienimmille kanoille, jotka eiv\u00e4t ehk\u00e4 muuten saisi osumaa. <\/p>\n<p>5. <strong>Pes\u00e4laatikko ei saa olla sis\u00e4lt\u00e4 liian kapea<\/strong>, sill\u00e4 t\u00e4ll\u00f6in munien m\u00e4\u00e4r\u00e4 j\u00e4\u00e4 pienemm\u00e4ksi. Pes\u00e4kotelon sis\u00e4pinta-alan on oltava v\u00e4hint\u00e4\u00e4n 130 cm2 . T\u00e4m\u00e4 on jo otettu huomioon profiilipes\u00e4koteloiden osalta.  <\/p>\n<p>6. <strong>Pes\u00e4laatikko ei tarvitse istutuskapulaa<\/strong>. Linnut eiv\u00e4t tarvitse sit\u00e4, mutta se voi olla niille vaarallinen, koska kissojen on helpompi kiivet\u00e4 pes\u00e4\u00e4n ja ry\u00f6st\u00e4\u00e4 poikaset ja munat.<\/p>\n<h2>Pes\u00e4kotelon valinta &#8211; yll\u00e4pito<\/h2>\n<p>7. <strong>Hyv\u00e4n pes\u00e4kotelon on oltava helposti avattavissa ja siihen on p\u00e4\u00e4st\u00e4v\u00e4 helposti k\u00e4siksi<\/strong> havainnointia ja puhdistusta varten kauden p\u00e4\u00e4tteeksi.<\/p>\n<h2>Pes\u00e4kotelon valinta &#8211; Yksityisyys<\/h2>\n<p>8. Ja lopuksi, \u00e4l\u00e4 valitse kanaloita, jotka on rakennettu ruokaloiden yhteyteen. T\u00e4m\u00e4 aiheuttaa ristiriitoja ruokintatalossa vierailevien lintujen ja pes\u00e4n v\u00e4lille. Yleens\u00e4 pesint\u00e4 t\u00e4llaisessa broilerissa p\u00e4\u00e4ttyy onnettomasti. Linnut tarvitsevat yksityisyytt\u00e4 kotinsa v\u00e4litt\u00f6m\u00e4ss\u00e4 l\u00e4heisyydess\u00e4.   <\/p><\/p>\n\n<p><strong>Koko valikoima verkkokaupassamme: <a href=\"https:\/\/rodoaed.ee\/tootekategooria\/pesakastid-ja-linnusoogid\/pesakastid\/\">Pes\u00e4kotelot<\/a>, <a href=\"https:\/\/rodoaed.ee\/tootekategooria\/pesakastid-ja-linnusoogid\/linnusoogid-ja-linnusoogimajad\/\">lintujen ruokinta ja tarvikkeet<\/a><\/strong><\/p>\n\n<p>Lue lis\u00e4\u00e4: <a href=\"https:\/\/www.rodoaed.ee\/noored-aialinnud-valivad-omale-uue-kodu-augustis-pesakast-paigalda-suve-lopus\/\">Puutarhan nuoret linnut valitsevat uuden kotinsa elokuussa,<\/a>  <a href=\"https:\/\/www.rodoaed.ee\/aitame-eesti-paasukesi-pesakastid-paasukestele-ja-piiritajatele\/\">Autetaan virolaisia p\u00e4\u00e4skyj\u00e4!<\/a>,  <a href=\"https:\/\/www.rodoaed.ee\/5-soovitust-pesakasti-paigalduseks\/\">5 suositusta pes\u00e4kotelon asennukseen<\/a>, <a href=\"https:\/\/www.rodoaed.ee\/kuldnoka-pesakast-pesakasti-paigaldamine-maja-valvurile-ja-kevadekuulutajale\/\">Goldnoka-pes\u00e4kotelo<\/a>, <a href=\"https:\/\/www.rodoaed.ee\/miks-on-puitbetoonist-pesakast-lindudele-parem-kui-isetehtud-puidust-pesakast\/\">Miksi ter\u00e4sbetoninen pes\u00e4kotelo on parempi linnuille<\/a>,    <a href=\"https:\/\/www.rodoaed.ee\/pesakastid\/kas-pesakastid-on-tanapaeval-vajalikud\/\">Ovatko pes\u00e4laatikot nyky\u00e4\u00e4n tarpeellisia?<\/a>,  <a href=\"https:\/\/rodoaed.ee\/info\/pesakastid\/pesakasti-hooldamine\/\">Pes\u00e4laatikoiden huolto<\/a>, <a href=\"https:\/\/www.rodoaed.ee\/pesakastid\/tihased-elavad-igas-aias-pesakastid-tihastele-ja-teistele-vaikelindudele\/\">Pes\u00e4laatikot hylkeille ja pikkulinnuille<\/a>, <a href=\"https:\/\/www.rodoaed.ee\/pesakastid\/pesakastid-kakulistele-juhised-kakuliste-pesakastide-paigaldamiseks\/\">Pes\u00e4laatikot kukoille<\/a>, <a href=\"https:\/\/www.rodoaed.ee\/pesakastid\/nahkhiired-eestis-nahkhiirte-pesakastid-ja-varjualused\/\">Lepakoiden pes\u00e4laatikot<\/a>,     <a href=\"https:\/\/www.rodoaed.ee\/pesakastide-kasutamine-ehk-kes-tegelikult-elab-sinu-pandud-pesakastis\/\">Pes\u00e4laatikoiden k\u00e4ytt\u00f6 &#8211; kuka niiss\u00e4 asuu?<\/a>,  <a href=\"https:\/\/www.rodoaed.ee\/10-ponevat-fakti-rasvatihase-kohta\/\">10 faktaa lihotetusta siasta<\/a>, <a href=\"https:\/\/www.rodoaed.ee\/vaariselupaikade-loomine-aias-praktilised-sammud-teostamiseks\/\">Oikean elinymp\u00e4rist\u00f6n luominen puutarhaan<\/a>,   <a href=\"https:\/\/www.rodoaed.ee\/9-nippi-kuidas-oma-aeda-siilisobralikuks-muuta\/\">Miten tehd\u00e4 puutarhasta siiliyst\u00e4v\u00e4llinen?<\/a>,  <a href=\"https:\/\/www.rodoaed.ee\/lindudele-meeldivad-soodakoogid-ja-oko-rasvapallid\/\">Lintujen suosikkeja &#8211; ruokakakkuja ja orgaanisia rasvapalloja<\/a>,  <a href=\"https:\/\/www.rodoaed.ee\/uk-ornitoloogid-soovitavad-toita-linde-aastaringselt\/\">Ruoki lintuja ymp\u00e4ri vuoden<\/a><\/p>\n\n<p><a href=\"https:\/\/rodoaed.ee\/tootekategooria\/pesakastid-ja-linnusoogid\/linnusoogid-ja-linnusoogimajad\/\">Linnunruokinta ja lintujen ruokinta<\/a>, <a href=\"https:\/\/rodoaed.ee\/tootekategooria\/pesakastid-ja-linnusoogid\/pesakastid\/\">Pes\u00e4kotelot<\/a>, <a href=\"https:\/\/rodoaed.ee\/lindude-talvine-toitmine-lindudega-sinasopruse-solmimine\/\">Lintujen talviruokinta ja sinilintujen pes\u00e4paikat<\/a><\/p>\n\n<p><\/p>\n","protected":false},"excerpt":{"rendered":"<p>Pes\u00e4laatikon valinta on eritt\u00e4in t\u00e4rke\u00e4 vaihe ennen kuin aiot asentaa pes\u00e4laatikoita puutarhaan. Jos aiot ostaa valmiin pes\u00e4laatikon kaupasta tai verkkokaupasta, huomaat, ett\u00e4 pes\u00e4laatikoiden valikoima on valtava. Sinun on kuitenkin muistettava, ett\u00e4 vaikka jotkut pes\u00e4laatikot tarjoavat linnuille eritt\u00e4in hyv\u00e4t pesim\u00e4olosuhteet ja turvallisuuden, on olemassa my\u00f6s pes\u00e4laatikoita, jotka ovat kaukana ihanteellisista. Kun valitset ja asennat pes\u00e4laatikkoa puutarhaan, haluat, ett\u00e4 se on parasta linnuille. Sinun ei siis tarvitse&#8230;<\/p>\n","protected":false},"author":1,"featured_media":0,"parent":52248,"menu_order":30,"comment_status":"closed","ping_status":"closed","template":"","meta":{"_acf_changed":false,"footnotes":""},"class_list":["post-52266","page","type-page","status-publish","hentry"],"acf":[],"yoast_head":"<!-- This site is optimized with the Yoast SEO Premium plugin v27.3 (Yoast SEO v27.3) - https:\/\/yoast.com\/product\/yoast-seo-premium-wordpress\/ -->\n<title>Pes\u00e4kotelon valinta% % -% Rodoaed% pes\u00e4kotelot ja tarvikkeet<\/title>\n<meta name=\"description\" content=\"Pes\u00e4laatikon valinta on t\u00e4rke\u00e4 vaihe ennen pes\u00e4laatikon asentamista. Pes\u00e4laatikon valinta ratkaisee, tulevatko linnut puutarhaan ja mitk\u00e4 linnut sinne tulevat.\" \/>\n<meta name=\"robots\" content=\"index, follow, max-snippet:-1, max-image-preview:large, max-video-preview:-1\" \/>\n<link rel=\"canonical\" href=\"https:\/\/rodoaed.ee\/fi\/info-2\/pesakotelot\/pesakotelon-valinta\/\" \/>\n<meta property=\"og:locale\" content=\"fi_FI\" \/>\n<meta property=\"og:type\" content=\"article\" \/>\n<meta property=\"og:title\" content=\"Pes\u00e4kotelon valinta\" \/>\n<meta property=\"og:description\" content=\"Pes\u00e4laatikon valinta on eritt\u00e4in t\u00e4rke\u00e4 vaihe ennen kuin aiot asentaa pes\u00e4laatikoita puutarhaan. Jos aiot ostaa valmiin pes\u00e4laatikon kaupasta tai\" \/>\n<meta property=\"og:url\" content=\"https:\/\/rodoaed.ee\/fi\/info-2\/pesakotelot\/pesakotelon-valinta\/\" \/>\n<meta property=\"og:site_name\" content=\"Rodoaed\" \/>\n<meta property=\"article:publisher\" content=\"https:\/\/www.facebook.com\/kasvuhooned\/\" \/>\n<meta property=\"article:modified_time\" content=\"2026-04-01T09:07:44+00:00\" \/>\n<meta name=\"twitter:card\" content=\"summary_large_image\" \/>\n<meta name=\"twitter:label1\" content=\"Arvioitu lukuaika\" \/>\n\t<meta name=\"twitter:data1\" content=\"3 minuuttia\" \/>\n<script type=\"application\/ld+json\" class=\"yoast-schema-graph\">{\"@context\":\"https:\\\/\\\/schema.org\",\"@graph\":[{\"@type\":\"WebPage\",\"@id\":\"https:\\\/\\\/rodoaed.ee\\\/fi\\\/info-2\\\/pesakotelot\\\/pesakotelon-valinta\\\/\",\"url\":\"https:\\\/\\\/rodoaed.ee\\\/fi\\\/info-2\\\/pesakotelot\\\/pesakotelon-valinta\\\/\",\"name\":\"Pes\u00e4kotelon valinta% % -% Rodoaed% pes\u00e4kotelot ja tarvikkeet\",\"isPartOf\":{\"@id\":\"https:\\\/\\\/rodoaed.ee\\\/#website\"},\"primaryImageOfPage\":{\"@id\":\"https:\\\/\\\/rodoaed.ee\\\/fi\\\/info-2\\\/pesakotelot\\\/pesakotelon-valinta\\\/#primaryimage\"},\"image\":{\"@id\":\"https:\\\/\\\/rodoaed.ee\\\/fi\\\/info-2\\\/pesakotelot\\\/pesakotelon-valinta\\\/#primaryimage\"},\"thumbnailUrl\":\"https:\\\/\\\/www.rodoaed.ee\\\/wp-content\\\/uploads\\\/2015\\\/09\\\/pesakastide-valimine1.jpg\",\"datePublished\":\"2026-04-01T09:07:42+00:00\",\"dateModified\":\"2026-04-01T09:07:44+00:00\",\"description\":\"Pes\u00e4laatikon valinta on t\u00e4rke\u00e4 vaihe ennen pes\u00e4laatikon asentamista. Pes\u00e4laatikon valinta ratkaisee, tulevatko linnut puutarhaan ja mitk\u00e4 linnut sinne tulevat.\",\"breadcrumb\":{\"@id\":\"https:\\\/\\\/rodoaed.ee\\\/fi\\\/info-2\\\/pesakotelot\\\/pesakotelon-valinta\\\/#breadcrumb\"},\"inLanguage\":\"fi\",\"potentialAction\":[{\"@type\":\"ReadAction\",\"target\":[\"https:\\\/\\\/rodoaed.ee\\\/fi\\\/info-2\\\/pesakotelot\\\/pesakotelon-valinta\\\/\"]}]},{\"@type\":\"ImageObject\",\"inLanguage\":\"fi\",\"@id\":\"https:\\\/\\\/rodoaed.ee\\\/fi\\\/info-2\\\/pesakotelot\\\/pesakotelon-valinta\\\/#primaryimage\",\"url\":\"https:\\\/\\\/www.rodoaed.ee\\\/wp-content\\\/uploads\\\/2015\\\/09\\\/pesakastide-valimine1.jpg\",\"contentUrl\":\"https:\\\/\\\/www.rodoaed.ee\\\/wp-content\\\/uploads\\\/2015\\\/09\\\/pesakastide-valimine1.jpg\"},{\"@type\":\"BreadcrumbList\",\"@id\":\"https:\\\/\\\/rodoaed.ee\\\/fi\\\/info-2\\\/pesakotelot\\\/pesakotelon-valinta\\\/#breadcrumb\",\"itemListElement\":[{\"@type\":\"ListItem\",\"position\":1,\"name\":\"Home\",\"item\":\"https:\\\/\\\/rodoaed.ee\\\/fi\\\/\"},{\"@type\":\"ListItem\",\"position\":2,\"name\":\"Info\",\"item\":\"https:\\\/\\\/rodoaed.ee\\\/info-2\\\/\"},{\"@type\":\"ListItem\",\"position\":3,\"name\":\"Pes\u00e4kotelot\",\"item\":\"https:\\\/\\\/rodoaed.ee\\\/fi\\\/info-2\\\/pesakotelot\\\/\"},{\"@type\":\"ListItem\",\"position\":4,\"name\":\"Pes\u00e4kotelon valinta\"}]},{\"@type\":\"WebSite\",\"@id\":\"https:\\\/\\\/rodoaed.ee\\\/#website\",\"url\":\"https:\\\/\\\/rodoaed.ee\\\/\",\"name\":\"Rodoaed\",\"description\":\"\",\"publisher\":{\"@id\":\"https:\\\/\\\/rodoaed.ee\\\/#organization\"},\"potentialAction\":[{\"@type\":\"SearchAction\",\"target\":{\"@type\":\"EntryPoint\",\"urlTemplate\":\"https:\\\/\\\/rodoaed.ee\\\/?s={search_term_string}\"},\"query-input\":{\"@type\":\"PropertyValueSpecification\",\"valueRequired\":true,\"valueName\":\"search_term_string\"}}],\"inLanguage\":\"fi\"},{\"@type\":\"Organization\",\"@id\":\"https:\\\/\\\/rodoaed.ee\\\/#organization\",\"name\":\"Rodoaed\",\"url\":\"https:\\\/\\\/rodoaed.ee\\\/\",\"logo\":{\"@type\":\"ImageObject\",\"inLanguage\":\"fi\",\"@id\":\"https:\\\/\\\/rodoaed.ee\\\/#\\\/schema\\\/logo\\\/image\\\/\",\"url\":\"https:\\\/\\\/rodoaed.ee\\\/wp-content\\\/uploads\\\/2019\\\/11\\\/rodoaed-logo-ilma-taustata.jpg\",\"contentUrl\":\"https:\\\/\\\/rodoaed.ee\\\/wp-content\\\/uploads\\\/2019\\\/11\\\/rodoaed-logo-ilma-taustata.jpg\",\"width\":769,\"height\":268,\"caption\":\"Rodoaed\"},\"image\":{\"@id\":\"https:\\\/\\\/rodoaed.ee\\\/#\\\/schema\\\/logo\\\/image\\\/\"},\"sameAs\":[\"https:\\\/\\\/www.facebook.com\\\/kasvuhooned\\\/\",\"https:\\\/\\\/rodoaed.ee\"]}]}<\/script>\n<!-- \/ Yoast SEO Premium plugin. -->","yoast_head_json":{"title":"Pes\u00e4kotelon valinta% % -% Rodoaed% pes\u00e4kotelot ja tarvikkeet","description":"Pes\u00e4laatikon valinta on t\u00e4rke\u00e4 vaihe ennen pes\u00e4laatikon asentamista. Pes\u00e4laatikon valinta ratkaisee, tulevatko linnut puutarhaan ja mitk\u00e4 linnut sinne tulevat.","robots":{"index":"index","follow":"follow","max-snippet":"max-snippet:-1","max-image-preview":"max-image-preview:large","max-video-preview":"max-video-preview:-1"},"canonical":"https:\/\/rodoaed.ee\/fi\/info-2\/pesakotelot\/pesakotelon-valinta\/","og_locale":"fi_FI","og_type":"article","og_title":"Pes\u00e4kotelon valinta","og_description":"Pes\u00e4laatikon valinta on eritt\u00e4in t\u00e4rke\u00e4 vaihe ennen kuin aiot asentaa pes\u00e4laatikoita puutarhaan. Jos aiot ostaa valmiin pes\u00e4laatikon kaupasta tai","og_url":"https:\/\/rodoaed.ee\/fi\/info-2\/pesakotelot\/pesakotelon-valinta\/","og_site_name":"Rodoaed","article_publisher":"https:\/\/www.facebook.com\/kasvuhooned\/","article_modified_time":"2026-04-01T09:07:44+00:00","twitter_card":"summary_large_image","twitter_misc":{"Arvioitu lukuaika":"3 minuuttia"},"schema":{"@context":"https:\/\/schema.org","@graph":[{"@type":"WebPage","@id":"https:\/\/rodoaed.ee\/fi\/info-2\/pesakotelot\/pesakotelon-valinta\/","url":"https:\/\/rodoaed.ee\/fi\/info-2\/pesakotelot\/pesakotelon-valinta\/","name":"Pes\u00e4kotelon valinta% % -% Rodoaed% pes\u00e4kotelot ja tarvikkeet","isPartOf":{"@id":"https:\/\/rodoaed.ee\/#website"},"primaryImageOfPage":{"@id":"https:\/\/rodoaed.ee\/fi\/info-2\/pesakotelot\/pesakotelon-valinta\/#primaryimage"},"image":{"@id":"https:\/\/rodoaed.ee\/fi\/info-2\/pesakotelot\/pesakotelon-valinta\/#primaryimage"},"thumbnailUrl":"https:\/\/www.rodoaed.ee\/wp-content\/uploads\/2015\/09\/pesakastide-valimine1.jpg","datePublished":"2026-04-01T09:07:42+00:00","dateModified":"2026-04-01T09:07:44+00:00","description":"Pes\u00e4laatikon valinta on t\u00e4rke\u00e4 vaihe ennen pes\u00e4laatikon asentamista. Pes\u00e4laatikon valinta ratkaisee, tulevatko linnut puutarhaan ja mitk\u00e4 linnut sinne tulevat.","breadcrumb":{"@id":"https:\/\/rodoaed.ee\/fi\/info-2\/pesakotelot\/pesakotelon-valinta\/#breadcrumb"},"inLanguage":"fi","potentialAction":[{"@type":"ReadAction","target":["https:\/\/rodoaed.ee\/fi\/info-2\/pesakotelot\/pesakotelon-valinta\/"]}]},{"@type":"ImageObject","inLanguage":"fi","@id":"https:\/\/rodoaed.ee\/fi\/info-2\/pesakotelot\/pesakotelon-valinta\/#primaryimage","url":"https:\/\/www.rodoaed.ee\/wp-content\/uploads\/2015\/09\/pesakastide-valimine1.jpg","contentUrl":"https:\/\/www.rodoaed.ee\/wp-content\/uploads\/2015\/09\/pesakastide-valimine1.jpg"},{"@type":"BreadcrumbList","@id":"https:\/\/rodoaed.ee\/fi\/info-2\/pesakotelot\/pesakotelon-valinta\/#breadcrumb","itemListElement":[{"@type":"ListItem","position":1,"name":"Home","item":"https:\/\/rodoaed.ee\/fi\/"},{"@type":"ListItem","position":2,"name":"Info","item":"https:\/\/rodoaed.ee\/info-2\/"},{"@type":"ListItem","position":3,"name":"Pes\u00e4kotelot","item":"https:\/\/rodoaed.ee\/fi\/info-2\/pesakotelot\/"},{"@type":"ListItem","position":4,"name":"Pes\u00e4kotelon valinta"}]},{"@type":"WebSite","@id":"https:\/\/rodoaed.ee\/#website","url":"https:\/\/rodoaed.ee\/","name":"Rodoaed","description":"","publisher":{"@id":"https:\/\/rodoaed.ee\/#organization"},"potentialAction":[{"@type":"SearchAction","target":{"@type":"EntryPoint","urlTemplate":"https:\/\/rodoaed.ee\/?s={search_term_string}"},"query-input":{"@type":"PropertyValueSpecification","valueRequired":true,"valueName":"search_term_string"}}],"inLanguage":"fi"},{"@type":"Organization","@id":"https:\/\/rodoaed.ee\/#organization","name":"Rodoaed","url":"https:\/\/rodoaed.ee\/","logo":{"@type":"ImageObject","inLanguage":"fi","@id":"https:\/\/rodoaed.ee\/#\/schema\/logo\/image\/","url":"https:\/\/rodoaed.ee\/wp-content\/uploads\/2019\/11\/rodoaed-logo-ilma-taustata.jpg","contentUrl":"https:\/\/rodoaed.ee\/wp-content\/uploads\/2019\/11\/rodoaed-logo-ilma-taustata.jpg","width":769,"height":268,"caption":"Rodoaed"},"image":{"@id":"https:\/\/rodoaed.ee\/#\/schema\/logo\/image\/"},"sameAs":["https:\/\/www.facebook.com\/kasvuhooned\/","https:\/\/rodoaed.ee"]}]}},"_links":{"self":[{"href":"https:\/\/rodoaed.ee\/fi\/wp-json\/wp\/v2\/pages\/52266","targetHints":{"allow":["GET"]}}],"collection":[{"href":"https:\/\/rodoaed.ee\/fi\/wp-json\/wp\/v2\/pages"}],"about":[{"href":"https:\/\/rodoaed.ee\/fi\/wp-json\/wp\/v2\/types\/page"}],"author":[{"embeddable":true,"href":"https:\/\/rodoaed.ee\/fi\/wp-json\/wp\/v2\/users\/1"}],"replies":[{"embeddable":true,"href":"https:\/\/rodoaed.ee\/fi\/wp-json\/wp\/v2\/comments?post=52266"}],"version-history":[{"count":0,"href":"https:\/\/rodoaed.ee\/fi\/wp-json\/wp\/v2\/pages\/52266\/revisions"}],"up":[{"embeddable":true,"href":"https:\/\/rodoaed.ee\/fi\/wp-json\/wp\/v2\/pages\/52248"}],"wp:attachment":[{"href":"https:\/\/rodoaed.ee\/fi\/wp-json\/wp\/v2\/media?parent=52266"}],"curies":[{"name":"wp","href":"https:\/\/api.w.org\/{rel}","templated":true}]}}