{"id":52268,"date":"2026-04-01T12:07:43","date_gmt":"2026-04-01T09:07:43","guid":{"rendered":"https:\/\/rodoaed.ee\/info-2\/pesakotelot\/pesakotelon-huolto\/"},"modified":"2026-04-01T12:07:43","modified_gmt":"2026-04-01T09:07:43","slug":"pesakotelon-huolto","status":"publish","type":"page","link":"https:\/\/rodoaed.ee\/fi\/info-2\/pesakotelot\/pesakotelon-huolto\/","title":{"rendered":"Pes\u00e4kotelon huolto"},"content":{"rendered":"<p>Pes\u00e4koteloiden kunnossapito on t\u00e4rke\u00e4 teht\u00e4v\u00e4 lintujen yst\u00e4ville. Kun olet asentanut pes\u00e4kotelot, sinun on tarkistettava ja puhdistettava ne aika ajoin, sill\u00e4 linnut eiv\u00e4t tee sit\u00e4 itse. Luonnossa pes\u00e4kotelot yksinkertaisesti hyl\u00e4t\u00e4\u00e4n, kun ne t\u00e4yttyv\u00e4t roskista tai eiv\u00e4t ole en\u00e4\u00e4 hygieenisi\u00e4.  <\/p>\n<h2>Miksi puhdistaa ollenkaan<\/h2>\n<p>Koska linnut eiv\u00e4t yleens\u00e4 siivoa omia p\u00f6ntt\u00f6j\u00e4\u00e4n, meid\u00e4n on teht\u00e4v\u00e4 se. Pes\u00e4laatikon huolto on tarpeen kahdesta syyst\u00e4. Ensinn\u00e4kin pes\u00e4kammio t\u00e4yttyisi muuten yksinkertaisesti kattoa my\u00f6ten pes\u00e4materiaalista kahdessa vuodessa ja toiseksi sinne ker\u00e4\u00e4ntyisi muuten paljon loisia.  <\/p>\n<p>Linnut yksinkertaisesti rakentavat joka vuosi uuden kerroksen tuoretta pes\u00e4materiaalia sek\u00e4 luontaisiin pes\u00e4koloihin ett\u00e4 pes\u00e4laatikoihin, ja n\u00e4in kasaantuu melkoinen kasa muutamassa vuodessa. Tyypillisesti keskim\u00e4\u00e4r\u00e4inen pes\u00e4laatikko t\u00e4yttyy kahdessa vuodessa pes\u00e4materiaalilla lentoreitti\u00e4 my\u00f6ten, eik\u00e4 sit\u00e4 voi en\u00e4\u00e4 k\u00e4ytt\u00e4\u00e4. <\/p>\n<p>Vanha, lahoava pes\u00e4materiaali on my\u00f6s huono asia puisille pes\u00e4koteloille, sill\u00e4 se lahoaa pes\u00e4kotelon l\u00e4pi nopeammin. Ter\u00e4sbetoniprofiiliset pes\u00e4laatikot eiv\u00e4t k\u00e4rsi, mutta ne tukkeutuvat samalla tavalla. <\/p>\n<figure id=\"attachment_8044\" aria-describedby=\"caption-attachment-8044\" style=\"width: 300px\" class=\"wp-caption alignright\"><img loading=\"lazy\" decoding=\"async\" class=\"wp-image-8044 size-medium\" title=\"pesulaatikon puhdistaminen-1\" src=\"https:\/\/www.rodoaed.ee\/wp-content\/uploads\/2015\/09\/pesakasti-puhastamine-1-300x200.jpg\" alt=\"pehkulaatikon yll\u00e4pito\" width=\"300\" height=\"200\"><figcaption id=\"caption-attachment-8044\" class=\"wp-caption-text\">Pes\u00e4kotelon puhdistaminen metalliharjalla<\/figcaption><\/figure>\n<h2>Pes\u00e4kotelon huolto &#8211; paras aika tehd\u00e4 ty\u00f6<\/h2>\n<p>Pes\u00e4kotelot on parasta puhdistaa loppukes\u00e4st\u00e4 elo-syyskuussa. Silloin linnut ovat jo lopettaneet kes\u00e4n pesinn\u00e4n ja pes\u00e4koteloiden k\u00e4yt\u00f6n, eik\u00e4 talvik\u00e4ytt\u00f6 ole viel\u00e4 alkanut. Aivan oikein. Jos et ole kuullut, talveksi meille j\u00e4\u00e4v\u00e4t linnut k\u00e4ytt\u00e4v\u00e4t pes\u00e4laatikoita nukkumiseen talvipakkasilla. Joskus yhdess\u00e4 pes\u00e4kopissa on jopa useita kymmeni\u00e4 lintuja. Tutkijat ovat todenneet, ett\u00e4 paljon useampi linnunpoikanen kuolee talvella kylmyyteen eik\u00e4 n\u00e4lk\u00e4\u00e4n. Pes\u00e4laatikoissa ne voivat kuitenkin pysy\u00e4 l\u00e4mpimin\u00e4 ja energisin\u00e4 yhdess\u00e4 ja selviyty\u00e4 kylmist\u00e4 \u00f6ist\u00e4 helpommin.      <\/p>\n<p>Pesinn\u00e4n ja talvehtimisen lis\u00e4ksi linnut k\u00e4ytt\u00e4v\u00e4t pes\u00e4laatikoita my\u00f6s ruokavarastona. Tavallisella pes\u00e4kotelolla on siis aika monta k\u00e4ytt\u00f6tarkoitusta. Pikkulinnut, kuten tiaiset ja haapanat, alkavat ker\u00e4t\u00e4 ruokaa jo syyskuun lopulla. Siksi pes\u00e4laatikot on hyv\u00e4 tarkastaa ja puhdistaa ennen syyskuun loppua.   <\/p>\n<h2>Pes\u00e4laatikko olisi parasta huoltaa kerran vuodessa.<\/h2>\n<p>Vanha pes\u00e4materiaali vedet\u00e4\u00e4n yksinkertaisesti pois. Erityisen ahkerat lintuharrastajat tarkistavat pes\u00e4laatikon kerran alkukev\u00e4\u00e4st\u00e4 poistaakseen talvik\u00e4yt\u00f6st\u00e4 kertyneet ulosteet. Se on kuitenkin harrastajien asia. Pikemminkin se on tapa tarkistaa, mit\u00e4 pes\u00e4laatikoita on k\u00e4ytetty eniten talven aikana.   <\/p>\n<p>Pes\u00e4laatikon puhdistaminen on my\u00f6s hyv\u00e4 tapa selvitt\u00e4\u00e4, kuka on asunut pes\u00e4laatikossa t\u00e4n\u00e4 kes\u00e4n\u00e4 ja miten. Miten ne ovat p\u00e4rj\u00e4nneet. Joissakin pesiss\u00e4 on asunut lintujen sijasta ampiaisia, hiiri\u00e4 tai lepakoita. Se on mielenkiintoista tiet\u00e4\u00e4.   <\/p>\n<p>Jos jotkin pes\u00e4laatikot ovat olleet tyhjill\u00e4\u00e4n useita vuosia per\u00e4kk\u00e4in, nyt on aika siirt\u00e4\u00e4 ne. On kuitenkin huomattava, ett\u00e4 kaikki pes\u00e4kotelot eiv\u00e4t v\u00e4ltt\u00e4m\u00e4tt\u00e4 ole k\u00e4yt\u00f6ss\u00e4 pesin\u00e4. Jotkin pes\u00e4laatikot soveltuvat sijaintinsa vuoksi paremmin k\u00e4ytett\u00e4viksi ruoan varastointiin, ja niin linnut tekev\u00e4tkin.   Jos on viitteit\u00e4 siit\u00e4, ett\u00e4 pes\u00e4laatikko on t\u00e4ytetty pes\u00e4n sijasta, \u00e4l\u00e4 siirr\u00e4 pes\u00e4laatikkoa. Se on l\u00f6yt\u00e4nyt hienosti k\u00e4ytt\u00f6kohteensa.<\/p>\n<h2>Pes\u00e4laatikon kunnossapito &#8211; tarkista my\u00f6s pes\u00e4laatikon kunto.<\/h2>\n<p>Jos kyseess\u00e4 on puinen pes\u00e4kotelo, tarkista vuotuisen puhdistuksen yhteydess\u00e4, ettei siin\u00e4 ole halkeamia tai vaurioita. Halkeamat on mahdollisuuksien mukaan suljettava ja kiinnikkeet uusittava. Jos t\u00e4m\u00e4 ei en\u00e4\u00e4 onnistu, pes\u00e4kotelo on yksinkertaisesti vaihdettava uuteen, sill\u00e4 linnut eiv\u00e4t en\u00e4\u00e4 asu puisessa pes\u00e4kotelossa, jossa on aukkoja ja halkeamia. Puisen s\u00e4ilytyslaatikon k\u00e4ytt\u00f6ik\u00e4 on enint\u00e4\u00e4n 3-5 vuotta. Ter\u00e4sbetonisen pes\u00e4laatikon suuri etu on ilmeinen, sill\u00e4 se palvelee lintuja v\u00e4sym\u00e4tt\u00e4 25-40 vuotta. On ymm\u00e4rrett\u00e4v\u00e4\u00e4, ett\u00e4 lintutieteilij\u00e4t ja mets\u00e4nhoitajat ovat haluttomia asentamaan puisia pes\u00e4laatikoita, koska ne pit\u00e4isi vaihtaa muutaman vuoden v\u00e4lein. Jos esimerkiksi 25 hehtaarin mets\u00e4ss\u00e4 on jo 1 000 pes\u00e4laatikkoa, se on hyvin ratkaiseva tekij\u00e4.<\/p>\n<p><strong>Koko valikoima verkkokaupassamme: <a href=\"https:\/\/rodoaed.ee\/tootekategooria\/pesakastid-ja-linnusoogid\/pesakastid\/\">Pes\u00e4kotelot<\/a>, <a href=\"https:\/\/rodoaed.ee\/tootekategooria\/pesakastid-ja-linnusoogid\/linnusoogid-ja-linnusoogimajad\/\">lintujen ruokinta ja tarvikkeet<\/a><\/strong><\/p>\n<p>Lue lis\u00e4\u00e4: <a href=\"https:\/\/www.rodoaed.ee\/5-soovitust-pesakasti-paigalduseks\/\">5 vinkki\u00e4 pes\u00e4laatikon asennukseen<\/a>, <a href=\"https:\/\/www.rodoaed.ee\/kuldnoka-pesakast-pesakasti-paigaldamine-maja-valvurile-ja-kevadekuulutajale\/\">Kultasirkkujen pes\u00e4laatikko<\/a>, <a href=\"https:\/\/www.rodoaed.ee\/miks-on-puitbetoonist-pesakast-lindudele-parem-kui-isetehtud-puidust-pesakast\/\">Miksi ter\u00e4sbetoninen pes\u00e4laatikko on parempi linnuille<\/a>, <a href=\"https:\/\/www.rodoaed.ee\/pesakastid\/kas-pesakastid-on-tanapaeval-vajalikud\/\">Ovatko pes\u00e4laatikot nyky\u00e4\u00e4n tarpeellisia?<\/a>, <a href=\"https:\/\/www.rodoaed.ee\/pesakastid\/tihased-elavad-igas-aias-pesakastid-tihastele-ja-teistele-vaikelindudele\/\">Pes\u00e4laatikot tiaisille ja pikkulinnuille<\/a>, <a href=\"https:\/\/www.rodoaed.ee\/pesakastid\/pesakastid-kakulistele-juhised-kakuliste-pesakastide-paigaldamiseks\/\">Pes\u00e4laatikot kakaduille<\/a>, <a href=\"https:\/\/www.rodoaed.ee\/pesakastid\/nahkhiired-eestis-nahkhiirte-pesakastid-ja-varjualused\/\">Pes\u00e4laatikot lepakoille<\/a>, <a href=\"https:\/\/www.rodoaed.ee\/pesakastide-kasutamine-ehk-kes-tegelikult-elab-sinu-pandud-pesakastis\/\">Pes\u00e4laatikoiden k\u00e4ytt\u00f6 &#8211; kuka niiss\u00e4 asuu?<\/a>, <a href=\"https:\/\/www.rodoaed.ee\/10-ponevat-fakti-rasvatihase-kohta\/\">10 faktaa lihavista linnuista<\/a>, <a href=\"https:\/\/www.rodoaed.ee\/vaariselupaikade-loomine-aias-praktilised-sammud-teostamiseks\/\">Arvokkaiden elinymp\u00e4rist\u00f6jen luominen puutarhaan<\/a>, <a href=\"https:\/\/www.rodoaed.ee\/9-nippi-kuidas-oma-aeda-siilisobralikuks-muuta\/\">Miten puutarhasta tehd\u00e4\u00e4n siiliyst\u00e4v\u00e4llinen<\/a>, <a href=\"https:\/\/www.rodoaed.ee\/lindudele-meeldivad-soodakoogid-ja-oko-rasvapallid\/\">Lintujen suosikkeja &#8211; ruokakakut ja ekologiset rasvapallot<\/a>, <a href=\"https:\/\/www.rodoaed.ee\/uk-ornitoloogid-soovitavad-toita-linde-aastaringselt\/\">Lintujen ruokinta ymp\u00e4ri vuoden<\/a><\/p>\n","protected":false},"excerpt":{"rendered":"<p>Pes\u00e4koteloiden kunnossapito on t\u00e4rke\u00e4 teht\u00e4v\u00e4 lintujen yst\u00e4ville. Kun olet asentanut pes\u00e4kotelot, sinun on tarkistettava ja puhdistettava ne aika ajoin, sill\u00e4 linnut eiv\u00e4t tee sit\u00e4 itse. Luonnossa pes\u00e4kotelot yksinkertaisesti hyl\u00e4t\u00e4\u00e4n, kun ne t\u00e4yttyv\u00e4t roskista tai eiv\u00e4t ole en\u00e4\u00e4 hygieenisi\u00e4. Miksi puhdistaa ollenkaan Koska linnut eiv\u00e4t yleens\u00e4 siivoa omia p\u00f6ntt\u00f6j\u00e4\u00e4n, meid\u00e4n on teht\u00e4v\u00e4 se. Pes\u00e4laatikon huolto on tarpeen kahdesta syyst\u00e4. Ensinn\u00e4kin pes\u00e4kammio t\u00e4yttyisi muuten yksinkertaisesti kattoa my\u00f6ten&#8230;<\/p>\n","protected":false},"author":1,"featured_media":0,"parent":52248,"menu_order":45,"comment_status":"closed","ping_status":"closed","template":"","meta":{"_acf_changed":false,"footnotes":""},"class_list":["post-52268","page","type-page","status-publish","hentry"],"acf":[],"yoast_head":"<!-- This site is optimized with the Yoast SEO Premium plugin v27.3 (Yoast SEO v27.3) - https:\/\/yoast.com\/product\/yoast-seo-premium-wordpress\/ -->\n<title>Pes\u00e4kotelon huolto% % -% Rodoaed% pes\u00e4kotelot ja tarvikkeet<\/title>\n<meta name=\"description\" content=\"Pes\u00e4koteloiden kunnossapito on t\u00e4rke\u00e4 teht\u00e4v\u00e4 lintujen yst\u00e4ville. Pes\u00e4laatikoiden huolto kannattaa tehd\u00e4 loppukes\u00e4st\u00e4, kun linnut eiv\u00e4t k\u00e4yt\u00e4 niit\u00e4.\" \/>\n<meta name=\"robots\" content=\"index, follow, max-snippet:-1, max-image-preview:large, max-video-preview:-1\" \/>\n<link rel=\"canonical\" href=\"https:\/\/rodoaed.ee\/fi\/info-2\/pesakotelot\/pesakotelon-huolto\/\" \/>\n<meta property=\"og:locale\" content=\"fi_FI\" \/>\n<meta property=\"og:type\" content=\"article\" \/>\n<meta property=\"og:title\" content=\"Pes\u00e4kotelon huolto\" \/>\n<meta property=\"og:description\" content=\"Pes\u00e4koteloiden kunnossapito on t\u00e4rke\u00e4 teht\u00e4v\u00e4 lintujen yst\u00e4ville. Kun olet asentanut pes\u00e4kotelot, sinun on tarkistettava ja puhdistettava ne aika ajoin,\" \/>\n<meta property=\"og:url\" content=\"https:\/\/rodoaed.ee\/fi\/info-2\/pesakotelot\/pesakotelon-huolto\/\" \/>\n<meta property=\"og:site_name\" content=\"Rodoaed\" \/>\n<meta property=\"article:publisher\" content=\"https:\/\/www.facebook.com\/kasvuhooned\/\" \/>\n<meta name=\"twitter:card\" content=\"summary_large_image\" \/>\n<meta name=\"twitter:label1\" content=\"Arvioitu lukuaika\" \/>\n\t<meta name=\"twitter:data1\" content=\"4 minuuttia\" \/>\n<script type=\"application\/ld+json\" class=\"yoast-schema-graph\">{\"@context\":\"https:\\\/\\\/schema.org\",\"@graph\":[{\"@type\":\"WebPage\",\"@id\":\"https:\\\/\\\/rodoaed.ee\\\/fi\\\/info-2\\\/pesakotelot\\\/pesakotelon-huolto\\\/\",\"url\":\"https:\\\/\\\/rodoaed.ee\\\/fi\\\/info-2\\\/pesakotelot\\\/pesakotelon-huolto\\\/\",\"name\":\"Pes\u00e4kotelon huolto% % -% Rodoaed% pes\u00e4kotelot ja tarvikkeet\",\"isPartOf\":{\"@id\":\"https:\\\/\\\/rodoaed.ee\\\/#website\"},\"primaryImageOfPage\":{\"@id\":\"https:\\\/\\\/rodoaed.ee\\\/fi\\\/info-2\\\/pesakotelot\\\/pesakotelon-huolto\\\/#primaryimage\"},\"image\":{\"@id\":\"https:\\\/\\\/rodoaed.ee\\\/fi\\\/info-2\\\/pesakotelot\\\/pesakotelon-huolto\\\/#primaryimage\"},\"thumbnailUrl\":\"https:\\\/\\\/www.rodoaed.ee\\\/wp-content\\\/uploads\\\/2015\\\/09\\\/pesakasti-puhastamine-1-300x200.jpg\",\"datePublished\":\"2026-04-01T09:07:43+00:00\",\"description\":\"Pes\u00e4koteloiden kunnossapito on t\u00e4rke\u00e4 teht\u00e4v\u00e4 lintujen yst\u00e4ville. Pes\u00e4laatikoiden huolto kannattaa tehd\u00e4 loppukes\u00e4st\u00e4, kun linnut eiv\u00e4t k\u00e4yt\u00e4 niit\u00e4.\",\"breadcrumb\":{\"@id\":\"https:\\\/\\\/rodoaed.ee\\\/fi\\\/info-2\\\/pesakotelot\\\/pesakotelon-huolto\\\/#breadcrumb\"},\"inLanguage\":\"fi\",\"potentialAction\":[{\"@type\":\"ReadAction\",\"target\":[\"https:\\\/\\\/rodoaed.ee\\\/fi\\\/info-2\\\/pesakotelot\\\/pesakotelon-huolto\\\/\"]}]},{\"@type\":\"ImageObject\",\"inLanguage\":\"fi\",\"@id\":\"https:\\\/\\\/rodoaed.ee\\\/fi\\\/info-2\\\/pesakotelot\\\/pesakotelon-huolto\\\/#primaryimage\",\"url\":\"https:\\\/\\\/www.rodoaed.ee\\\/wp-content\\\/uploads\\\/2015\\\/09\\\/pesakasti-puhastamine-1-300x200.jpg\",\"contentUrl\":\"https:\\\/\\\/www.rodoaed.ee\\\/wp-content\\\/uploads\\\/2015\\\/09\\\/pesakasti-puhastamine-1-300x200.jpg\"},{\"@type\":\"BreadcrumbList\",\"@id\":\"https:\\\/\\\/rodoaed.ee\\\/fi\\\/info-2\\\/pesakotelot\\\/pesakotelon-huolto\\\/#breadcrumb\",\"itemListElement\":[{\"@type\":\"ListItem\",\"position\":1,\"name\":\"Home\",\"item\":\"https:\\\/\\\/rodoaed.ee\\\/fi\\\/\"},{\"@type\":\"ListItem\",\"position\":2,\"name\":\"Info\",\"item\":\"https:\\\/\\\/rodoaed.ee\\\/info-2\\\/\"},{\"@type\":\"ListItem\",\"position\":3,\"name\":\"Pes\u00e4kotelot\",\"item\":\"https:\\\/\\\/rodoaed.ee\\\/fi\\\/info-2\\\/pesakotelot\\\/\"},{\"@type\":\"ListItem\",\"position\":4,\"name\":\"Pes\u00e4kotelon huolto\"}]},{\"@type\":\"WebSite\",\"@id\":\"https:\\\/\\\/rodoaed.ee\\\/#website\",\"url\":\"https:\\\/\\\/rodoaed.ee\\\/\",\"name\":\"Rodoaed\",\"description\":\"\",\"publisher\":{\"@id\":\"https:\\\/\\\/rodoaed.ee\\\/#organization\"},\"potentialAction\":[{\"@type\":\"SearchAction\",\"target\":{\"@type\":\"EntryPoint\",\"urlTemplate\":\"https:\\\/\\\/rodoaed.ee\\\/?s={search_term_string}\"},\"query-input\":{\"@type\":\"PropertyValueSpecification\",\"valueRequired\":true,\"valueName\":\"search_term_string\"}}],\"inLanguage\":\"fi\"},{\"@type\":\"Organization\",\"@id\":\"https:\\\/\\\/rodoaed.ee\\\/#organization\",\"name\":\"Rodoaed\",\"url\":\"https:\\\/\\\/rodoaed.ee\\\/\",\"logo\":{\"@type\":\"ImageObject\",\"inLanguage\":\"fi\",\"@id\":\"https:\\\/\\\/rodoaed.ee\\\/#\\\/schema\\\/logo\\\/image\\\/\",\"url\":\"https:\\\/\\\/rodoaed.ee\\\/wp-content\\\/uploads\\\/2019\\\/11\\\/rodoaed-logo-ilma-taustata.jpg\",\"contentUrl\":\"https:\\\/\\\/rodoaed.ee\\\/wp-content\\\/uploads\\\/2019\\\/11\\\/rodoaed-logo-ilma-taustata.jpg\",\"width\":769,\"height\":268,\"caption\":\"Rodoaed\"},\"image\":{\"@id\":\"https:\\\/\\\/rodoaed.ee\\\/#\\\/schema\\\/logo\\\/image\\\/\"},\"sameAs\":[\"https:\\\/\\\/www.facebook.com\\\/kasvuhooned\\\/\",\"https:\\\/\\\/rodoaed.ee\"]}]}<\/script>\n<!-- \/ Yoast SEO Premium plugin. -->","yoast_head_json":{"title":"Pes\u00e4kotelon huolto% % -% Rodoaed% pes\u00e4kotelot ja tarvikkeet","description":"Pes\u00e4koteloiden kunnossapito on t\u00e4rke\u00e4 teht\u00e4v\u00e4 lintujen yst\u00e4ville. Pes\u00e4laatikoiden huolto kannattaa tehd\u00e4 loppukes\u00e4st\u00e4, kun linnut eiv\u00e4t k\u00e4yt\u00e4 niit\u00e4.","robots":{"index":"index","follow":"follow","max-snippet":"max-snippet:-1","max-image-preview":"max-image-preview:large","max-video-preview":"max-video-preview:-1"},"canonical":"https:\/\/rodoaed.ee\/fi\/info-2\/pesakotelot\/pesakotelon-huolto\/","og_locale":"fi_FI","og_type":"article","og_title":"Pes\u00e4kotelon huolto","og_description":"Pes\u00e4koteloiden kunnossapito on t\u00e4rke\u00e4 teht\u00e4v\u00e4 lintujen yst\u00e4ville. Kun olet asentanut pes\u00e4kotelot, sinun on tarkistettava ja puhdistettava ne aika ajoin,","og_url":"https:\/\/rodoaed.ee\/fi\/info-2\/pesakotelot\/pesakotelon-huolto\/","og_site_name":"Rodoaed","article_publisher":"https:\/\/www.facebook.com\/kasvuhooned\/","twitter_card":"summary_large_image","twitter_misc":{"Arvioitu lukuaika":"4 minuuttia"},"schema":{"@context":"https:\/\/schema.org","@graph":[{"@type":"WebPage","@id":"https:\/\/rodoaed.ee\/fi\/info-2\/pesakotelot\/pesakotelon-huolto\/","url":"https:\/\/rodoaed.ee\/fi\/info-2\/pesakotelot\/pesakotelon-huolto\/","name":"Pes\u00e4kotelon huolto% % -% Rodoaed% pes\u00e4kotelot ja tarvikkeet","isPartOf":{"@id":"https:\/\/rodoaed.ee\/#website"},"primaryImageOfPage":{"@id":"https:\/\/rodoaed.ee\/fi\/info-2\/pesakotelot\/pesakotelon-huolto\/#primaryimage"},"image":{"@id":"https:\/\/rodoaed.ee\/fi\/info-2\/pesakotelot\/pesakotelon-huolto\/#primaryimage"},"thumbnailUrl":"https:\/\/www.rodoaed.ee\/wp-content\/uploads\/2015\/09\/pesakasti-puhastamine-1-300x200.jpg","datePublished":"2026-04-01T09:07:43+00:00","description":"Pes\u00e4koteloiden kunnossapito on t\u00e4rke\u00e4 teht\u00e4v\u00e4 lintujen yst\u00e4ville. Pes\u00e4laatikoiden huolto kannattaa tehd\u00e4 loppukes\u00e4st\u00e4, kun linnut eiv\u00e4t k\u00e4yt\u00e4 niit\u00e4.","breadcrumb":{"@id":"https:\/\/rodoaed.ee\/fi\/info-2\/pesakotelot\/pesakotelon-huolto\/#breadcrumb"},"inLanguage":"fi","potentialAction":[{"@type":"ReadAction","target":["https:\/\/rodoaed.ee\/fi\/info-2\/pesakotelot\/pesakotelon-huolto\/"]}]},{"@type":"ImageObject","inLanguage":"fi","@id":"https:\/\/rodoaed.ee\/fi\/info-2\/pesakotelot\/pesakotelon-huolto\/#primaryimage","url":"https:\/\/www.rodoaed.ee\/wp-content\/uploads\/2015\/09\/pesakasti-puhastamine-1-300x200.jpg","contentUrl":"https:\/\/www.rodoaed.ee\/wp-content\/uploads\/2015\/09\/pesakasti-puhastamine-1-300x200.jpg"},{"@type":"BreadcrumbList","@id":"https:\/\/rodoaed.ee\/fi\/info-2\/pesakotelot\/pesakotelon-huolto\/#breadcrumb","itemListElement":[{"@type":"ListItem","position":1,"name":"Home","item":"https:\/\/rodoaed.ee\/fi\/"},{"@type":"ListItem","position":2,"name":"Info","item":"https:\/\/rodoaed.ee\/info-2\/"},{"@type":"ListItem","position":3,"name":"Pes\u00e4kotelot","item":"https:\/\/rodoaed.ee\/fi\/info-2\/pesakotelot\/"},{"@type":"ListItem","position":4,"name":"Pes\u00e4kotelon huolto"}]},{"@type":"WebSite","@id":"https:\/\/rodoaed.ee\/#website","url":"https:\/\/rodoaed.ee\/","name":"Rodoaed","description":"","publisher":{"@id":"https:\/\/rodoaed.ee\/#organization"},"potentialAction":[{"@type":"SearchAction","target":{"@type":"EntryPoint","urlTemplate":"https:\/\/rodoaed.ee\/?s={search_term_string}"},"query-input":{"@type":"PropertyValueSpecification","valueRequired":true,"valueName":"search_term_string"}}],"inLanguage":"fi"},{"@type":"Organization","@id":"https:\/\/rodoaed.ee\/#organization","name":"Rodoaed","url":"https:\/\/rodoaed.ee\/","logo":{"@type":"ImageObject","inLanguage":"fi","@id":"https:\/\/rodoaed.ee\/#\/schema\/logo\/image\/","url":"https:\/\/rodoaed.ee\/wp-content\/uploads\/2019\/11\/rodoaed-logo-ilma-taustata.jpg","contentUrl":"https:\/\/rodoaed.ee\/wp-content\/uploads\/2019\/11\/rodoaed-logo-ilma-taustata.jpg","width":769,"height":268,"caption":"Rodoaed"},"image":{"@id":"https:\/\/rodoaed.ee\/#\/schema\/logo\/image\/"},"sameAs":["https:\/\/www.facebook.com\/kasvuhooned\/","https:\/\/rodoaed.ee"]}]}},"_links":{"self":[{"href":"https:\/\/rodoaed.ee\/fi\/wp-json\/wp\/v2\/pages\/52268","targetHints":{"allow":["GET"]}}],"collection":[{"href":"https:\/\/rodoaed.ee\/fi\/wp-json\/wp\/v2\/pages"}],"about":[{"href":"https:\/\/rodoaed.ee\/fi\/wp-json\/wp\/v2\/types\/page"}],"author":[{"embeddable":true,"href":"https:\/\/rodoaed.ee\/fi\/wp-json\/wp\/v2\/users\/1"}],"replies":[{"embeddable":true,"href":"https:\/\/rodoaed.ee\/fi\/wp-json\/wp\/v2\/comments?post=52268"}],"version-history":[{"count":0,"href":"https:\/\/rodoaed.ee\/fi\/wp-json\/wp\/v2\/pages\/52268\/revisions"}],"up":[{"embeddable":true,"href":"https:\/\/rodoaed.ee\/fi\/wp-json\/wp\/v2\/pages\/52248"}],"wp:attachment":[{"href":"https:\/\/rodoaed.ee\/fi\/wp-json\/wp\/v2\/media?parent=52268"}],"curies":[{"name":"wp","href":"https:\/\/api.w.org\/{rel}","templated":true}]}}