{"id":52275,"date":"2026-04-01T12:07:47","date_gmt":"2026-04-01T09:07:47","guid":{"rendered":"https:\/\/rodoaed.ee\/info-2\/kuvia-paikasta\/kasvihuone-euro-maxi-montaaz\/"},"modified":"2026-04-01T12:07:48","modified_gmt":"2026-04-01T09:07:48","slug":"kasvihuone-euro-maxi-montaaz","status":"publish","type":"page","link":"https:\/\/rodoaed.ee\/fi\/info-2\/kuvia-paikasta\/kasvihuone-euro-maxi-montaaz\/","title":{"rendered":"Kasvihuone Euro Maxi montaaz"},"content":{"rendered":"\n<p>Belgialainen kasvihuone montaaz on suhteellisen yksinkertainen ja looginen. Pohjimmiltaan se on aikuisten rakentaja &#8211; kaikki osat on valmistettu, kiinnikkeet ovat valmiina ja ohjeet ovat hyvin selke\u00e4t ja yksinkertaiset. Kuka tahansa, jolla on hieman k\u00e4rsiv\u00e4llisyytt\u00e4 ja tarkkuutta, voi tehd\u00e4 sen. Tarjoamme kokoonpanopalvelua ensisijaisesti siksi, ett\u00e4 voit s\u00e4\u00e4st\u00e4\u00e4 aikaa ja yksinkertaisesti p\u00e4\u00e4st\u00e4 nopeammin ja k\u00e4tev\u00e4mmin liikkeelle. Kokenut leikkausryhm\u00e4mme saa ty\u00f6n tehty\u00e4 monta kertaa nopeammin kuin jos tekisit sen itse ensimm\u00e4isell\u00e4 kerralla.  <\/p>\n\n<ul class=\"wp-block-gallery columns-5 is-cropped wp-block-gallery-1 is-layout-flex wp-block-gallery-is-layout-flex\"><li class=\"blocks-gallery-item\"><figure><a href=\"https:\/\/rodoaed.ee\/wp-content\/uploads\/2019\/08\/kasvuhoone-montaaz_06.jpg\"><img loading=\"lazy\" decoding=\"async\" width=\"800\" height=\"562\" src=\"https:\/\/rodoaed.ee\/wp-content\/uploads\/2019\/08\/kasvuhoone-montaaz_06.jpg\" alt=\"\" data-id=\"24726\" data-link=\"https:\/\/rodoaed.ee\/?attachment_id=24726\" class=\"wp-image-24726\" srcset=\"https:\/\/rodoaed.ee\/wp-content\/uploads\/2019\/08\/kasvuhoone-montaaz_06.jpg 800w, https:\/\/rodoaed.ee\/wp-content\/uploads\/2019\/08\/kasvuhoone-montaaz_06-768x540.jpg 768w\" sizes=\"auto, (max-width: 800px) 100vw, 800px\" \/><\/a><\/figure><\/li><li class=\"blocks-gallery-item\"><figure><a href=\"https:\/\/rodoaed.ee\/wp-content\/uploads\/2019\/08\/kasvuhoone-montaaz_07.jpg\"><img loading=\"lazy\" decoding=\"async\" width=\"800\" height=\"549\" src=\"https:\/\/rodoaed.ee\/wp-content\/uploads\/2019\/08\/kasvuhoone-montaaz_07.jpg\" alt=\"\" data-id=\"24729\" data-link=\"https:\/\/rodoaed.ee\/?attachment_id=24729\" class=\"wp-image-24729\" srcset=\"https:\/\/rodoaed.ee\/wp-content\/uploads\/2019\/08\/kasvuhoone-montaaz_07.jpg 800w, https:\/\/rodoaed.ee\/wp-content\/uploads\/2019\/08\/kasvuhoone-montaaz_07-768x527.jpg 768w\" sizes=\"auto, (max-width: 800px) 100vw, 800px\" \/><\/a><\/figure><\/li><li class=\"blocks-gallery-item\"><figure><a href=\"https:\/\/rodoaed.ee\/wp-content\/uploads\/2019\/08\/kasvuhoone-montaaz_08.jpg\"><img loading=\"lazy\" decoding=\"async\" width=\"800\" height=\"562\" src=\"https:\/\/rodoaed.ee\/wp-content\/uploads\/2019\/08\/kasvuhoone-montaaz_08.jpg\" alt=\"\" data-id=\"24732\" data-link=\"https:\/\/rodoaed.ee\/?attachment_id=24732\" class=\"wp-image-24732\" srcset=\"https:\/\/rodoaed.ee\/wp-content\/uploads\/2019\/08\/kasvuhoone-montaaz_08.jpg 800w, https:\/\/rodoaed.ee\/wp-content\/uploads\/2019\/08\/kasvuhoone-montaaz_08-768x540.jpg 768w\" sizes=\"auto, (max-width: 800px) 100vw, 800px\" \/><\/a><\/figure><\/li><li class=\"blocks-gallery-item\"><figure><a href=\"https:\/\/rodoaed.ee\/wp-content\/uploads\/2019\/08\/kasvuhoone-montaaz_09.jpg\"><img loading=\"lazy\" decoding=\"async\" width=\"800\" height=\"558\" src=\"https:\/\/rodoaed.ee\/wp-content\/uploads\/2019\/08\/kasvuhoone-montaaz_09.jpg\" alt=\"\" data-id=\"24735\" data-link=\"https:\/\/rodoaed.ee\/?attachment_id=24735\" class=\"wp-image-24735\" srcset=\"https:\/\/rodoaed.ee\/wp-content\/uploads\/2019\/08\/kasvuhoone-montaaz_09.jpg 800w, https:\/\/rodoaed.ee\/wp-content\/uploads\/2019\/08\/kasvuhoone-montaaz_09-768x536.jpg 768w\" sizes=\"auto, (max-width: 800px) 100vw, 800px\" \/><\/a><\/figure><\/li><li class=\"blocks-gallery-item\"><figure><a href=\"https:\/\/rodoaed.ee\/wp-content\/uploads\/2019\/08\/kasvuhoone-montaaz_10.jpg\"><img loading=\"lazy\" decoding=\"async\" width=\"800\" height=\"551\" src=\"https:\/\/rodoaed.ee\/wp-content\/uploads\/2019\/08\/kasvuhoone-montaaz_10.jpg\" alt=\"\" data-id=\"24738\" data-link=\"https:\/\/rodoaed.ee\/?attachment_id=24738\" class=\"wp-image-24738\" srcset=\"https:\/\/rodoaed.ee\/wp-content\/uploads\/2019\/08\/kasvuhoone-montaaz_10.jpg 800w, https:\/\/rodoaed.ee\/wp-content\/uploads\/2019\/08\/kasvuhoone-montaaz_10-768x529.jpg 768w\" sizes=\"auto, (max-width: 800px) 100vw, 800px\" \/><\/a><\/figure><\/li><li class=\"blocks-gallery-item\"><figure><a href=\"https:\/\/rodoaed.ee\/wp-content\/uploads\/2019\/08\/kasvuhoone-montaaz_11.jpg\"><img loading=\"lazy\" decoding=\"async\" width=\"800\" height=\"547\" src=\"https:\/\/rodoaed.ee\/wp-content\/uploads\/2019\/08\/kasvuhoone-montaaz_11.jpg\" alt=\"\" data-id=\"24741\" data-link=\"https:\/\/rodoaed.ee\/?attachment_id=24741\" class=\"wp-image-24741\" srcset=\"https:\/\/rodoaed.ee\/wp-content\/uploads\/2019\/08\/kasvuhoone-montaaz_11.jpg 800w, https:\/\/rodoaed.ee\/wp-content\/uploads\/2019\/08\/kasvuhoone-montaaz_11-768x525.jpg 768w\" sizes=\"auto, (max-width: 800px) 100vw, 800px\" \/><\/a><\/figure><\/li><li class=\"blocks-gallery-item\"><figure><a href=\"https:\/\/rodoaed.ee\/wp-content\/uploads\/2019\/08\/kasvuhoone-montaaz_12.jpg\"><img loading=\"lazy\" decoding=\"async\" width=\"800\" height=\"581\" src=\"https:\/\/rodoaed.ee\/wp-content\/uploads\/2019\/08\/kasvuhoone-montaaz_12.jpg\" alt=\"\" data-id=\"24744\" data-link=\"https:\/\/rodoaed.ee\/?attachment_id=24744\" class=\"wp-image-24744\" srcset=\"https:\/\/rodoaed.ee\/wp-content\/uploads\/2019\/08\/kasvuhoone-montaaz_12.jpg 800w, https:\/\/rodoaed.ee\/wp-content\/uploads\/2019\/08\/kasvuhoone-montaaz_12-768x558.jpg 768w\" sizes=\"auto, (max-width: 800px) 100vw, 800px\" \/><\/a><\/figure><\/li><li class=\"blocks-gallery-item\"><figure><a href=\"https:\/\/rodoaed.ee\/wp-content\/uploads\/2019\/08\/kasvuhoone-montaaz_13.jpg\"><img loading=\"lazy\" decoding=\"async\" width=\"800\" height=\"563\" src=\"https:\/\/rodoaed.ee\/wp-content\/uploads\/2019\/08\/kasvuhoone-montaaz_13.jpg\" alt=\"\" data-id=\"24747\" data-link=\"https:\/\/rodoaed.ee\/?attachment_id=24747\" class=\"wp-image-24747\" srcset=\"https:\/\/rodoaed.ee\/wp-content\/uploads\/2019\/08\/kasvuhoone-montaaz_13.jpg 800w, https:\/\/rodoaed.ee\/wp-content\/uploads\/2019\/08\/kasvuhoone-montaaz_13-768x540.jpg 768w\" sizes=\"auto, (max-width: 800px) 100vw, 800px\" \/><\/a><\/figure><\/li><li class=\"blocks-gallery-item\"><figure><a href=\"https:\/\/rodoaed.ee\/wp-content\/uploads\/2019\/08\/kasvuhoone-montaaz_14.jpg\"><img loading=\"lazy\" decoding=\"async\" width=\"800\" height=\"533\" src=\"https:\/\/rodoaed.ee\/wp-content\/uploads\/2019\/08\/kasvuhoone-montaaz_14.jpg\" alt=\"\" data-id=\"24750\" data-link=\"https:\/\/rodoaed.ee\/?attachment_id=24750\" class=\"wp-image-24750\" srcset=\"https:\/\/rodoaed.ee\/wp-content\/uploads\/2019\/08\/kasvuhoone-montaaz_14.jpg 800w, https:\/\/rodoaed.ee\/wp-content\/uploads\/2019\/08\/kasvuhoone-montaaz_14-768x512.jpg 768w\" sizes=\"auto, (max-width: 800px) 100vw, 800px\" \/><\/a><\/figure><\/li><li class=\"blocks-gallery-item\"><figure><a href=\"https:\/\/rodoaed.ee\/wp-content\/uploads\/2019\/08\/kasvuhoone-montaaz_15.jpg\"><img loading=\"lazy\" decoding=\"async\" width=\"800\" height=\"517\" src=\"https:\/\/rodoaed.ee\/wp-content\/uploads\/2019\/08\/kasvuhoone-montaaz_15.jpg\" alt=\"\" data-id=\"24753\" data-link=\"https:\/\/rodoaed.ee\/?attachment_id=24753\" class=\"wp-image-24753\" srcset=\"https:\/\/rodoaed.ee\/wp-content\/uploads\/2019\/08\/kasvuhoone-montaaz_15.jpg 800w, https:\/\/rodoaed.ee\/wp-content\/uploads\/2019\/08\/kasvuhoone-montaaz_15-768x496.jpg 768w\" sizes=\"auto, (max-width: 800px) 100vw, 800px\" \/><\/a><\/figure><\/li><li class=\"blocks-gallery-item\"><figure><a href=\"https:\/\/rodoaed.ee\/wp-content\/uploads\/2019\/08\/kasvuhoone-montaaz_16.jpg\"><img loading=\"lazy\" decoding=\"async\" width=\"800\" height=\"558\" src=\"https:\/\/rodoaed.ee\/wp-content\/uploads\/2019\/08\/kasvuhoone-montaaz_16.jpg\" alt=\"\" data-id=\"24756\" data-link=\"https:\/\/rodoaed.ee\/?attachment_id=24756\" class=\"wp-image-24756\" srcset=\"https:\/\/rodoaed.ee\/wp-content\/uploads\/2019\/08\/kasvuhoone-montaaz_16.jpg 800w, https:\/\/rodoaed.ee\/wp-content\/uploads\/2019\/08\/kasvuhoone-montaaz_16-768x536.jpg 768w\" sizes=\"auto, (max-width: 800px) 100vw, 800px\" \/><\/a><\/figure><\/li><li class=\"blocks-gallery-item\"><figure><a href=\"https:\/\/rodoaed.ee\/wp-content\/uploads\/2019\/08\/kasvuhoone-montaaz_17.jpg\"><img loading=\"lazy\" decoding=\"async\" width=\"800\" height=\"533\" src=\"https:\/\/rodoaed.ee\/wp-content\/uploads\/2019\/08\/kasvuhoone-montaaz_17.jpg\" alt=\"\" data-id=\"24759\" data-link=\"https:\/\/rodoaed.ee\/?attachment_id=24759\" class=\"wp-image-24759\" srcset=\"https:\/\/rodoaed.ee\/wp-content\/uploads\/2019\/08\/kasvuhoone-montaaz_17.jpg 800w, https:\/\/rodoaed.ee\/wp-content\/uploads\/2019\/08\/kasvuhoone-montaaz_17-768x512.jpg 768w\" sizes=\"auto, (max-width: 800px) 100vw, 800px\" \/><\/a><\/figure><\/li><li class=\"blocks-gallery-item\"><figure><a href=\"https:\/\/rodoaed.ee\/wp-content\/uploads\/2019\/08\/kasvuhoone-montaaz_18.jpg\"><img loading=\"lazy\" decoding=\"async\" width=\"800\" height=\"566\" src=\"https:\/\/rodoaed.ee\/wp-content\/uploads\/2019\/08\/kasvuhoone-montaaz_18.jpg\" alt=\"\" data-id=\"24762\" data-link=\"https:\/\/rodoaed.ee\/?attachment_id=24762\" class=\"wp-image-24762\" srcset=\"https:\/\/rodoaed.ee\/wp-content\/uploads\/2019\/08\/kasvuhoone-montaaz_18.jpg 800w, https:\/\/rodoaed.ee\/wp-content\/uploads\/2019\/08\/kasvuhoone-montaaz_18-768x543.jpg 768w\" sizes=\"auto, (max-width: 800px) 100vw, 800px\" \/><\/a><\/figure><\/li><li class=\"blocks-gallery-item\"><figure><a href=\"https:\/\/rodoaed.ee\/wp-content\/uploads\/2019\/08\/kasvuhoone-montaaz_19.jpg\"><img loading=\"lazy\" decoding=\"async\" width=\"800\" height=\"508\" src=\"https:\/\/rodoaed.ee\/wp-content\/uploads\/2019\/08\/kasvuhoone-montaaz_19.jpg\" alt=\"\" data-id=\"24765\" data-link=\"https:\/\/rodoaed.ee\/?attachment_id=24765\" class=\"wp-image-24765\" srcset=\"https:\/\/rodoaed.ee\/wp-content\/uploads\/2019\/08\/kasvuhoone-montaaz_19.jpg 800w, https:\/\/rodoaed.ee\/wp-content\/uploads\/2019\/08\/kasvuhoone-montaaz_19-768x488.jpg 768w\" sizes=\"auto, (max-width: 800px) 100vw, 800px\" \/><\/a><\/figure><\/li><li class=\"blocks-gallery-item\"><figure><a href=\"https:\/\/rodoaed.ee\/wp-content\/uploads\/2019\/08\/kasvuhoone-montaaz_20.jpg\"><img loading=\"lazy\" decoding=\"async\" width=\"800\" height=\"592\" src=\"https:\/\/rodoaed.ee\/wp-content\/uploads\/2019\/08\/kasvuhoone-montaaz_20.jpg\" alt=\"\" data-id=\"24768\" data-link=\"https:\/\/rodoaed.ee\/?attachment_id=24768\" class=\"wp-image-24768\" srcset=\"https:\/\/rodoaed.ee\/wp-content\/uploads\/2019\/08\/kasvuhoone-montaaz_20.jpg 800w, https:\/\/rodoaed.ee\/wp-content\/uploads\/2019\/08\/kasvuhoone-montaaz_20-768x568.jpg 768w\" sizes=\"auto, (max-width: 800px) 100vw, 800px\" \/><\/a><\/figure><\/li><li class=\"blocks-gallery-item\"><figure><a href=\"https:\/\/rodoaed.ee\/wp-content\/uploads\/2019\/08\/kasvuhoone-montaaz_21.jpg\"><img loading=\"lazy\" decoding=\"async\" width=\"800\" height=\"554\" src=\"https:\/\/rodoaed.ee\/wp-content\/uploads\/2019\/08\/kasvuhoone-montaaz_21.jpg\" alt=\"\" data-id=\"24771\" data-link=\"https:\/\/rodoaed.ee\/?attachment_id=24771\" class=\"wp-image-24771\" srcset=\"https:\/\/rodoaed.ee\/wp-content\/uploads\/2019\/08\/kasvuhoone-montaaz_21.jpg 800w, https:\/\/rodoaed.ee\/wp-content\/uploads\/2019\/08\/kasvuhoone-montaaz_21-768x532.jpg 768w\" sizes=\"auto, (max-width: 800px) 100vw, 800px\" \/><\/a><\/figure><\/li><li class=\"blocks-gallery-item\"><figure><a href=\"https:\/\/rodoaed.ee\/wp-content\/uploads\/2019\/08\/kasvuhoone-montaaz_22.jpg\"><img loading=\"lazy\" decoding=\"async\" width=\"800\" height=\"569\" src=\"https:\/\/rodoaed.ee\/wp-content\/uploads\/2019\/08\/kasvuhoone-montaaz_22.jpg\" alt=\"\" data-id=\"24774\" data-link=\"https:\/\/rodoaed.ee\/?attachment_id=24774\" class=\"wp-image-24774\" srcset=\"https:\/\/rodoaed.ee\/wp-content\/uploads\/2019\/08\/kasvuhoone-montaaz_22.jpg 800w, https:\/\/rodoaed.ee\/wp-content\/uploads\/2019\/08\/kasvuhoone-montaaz_22-768x546.jpg 768w\" sizes=\"auto, (max-width: 800px) 100vw, 800px\" \/><\/a><\/figure><\/li><li class=\"blocks-gallery-item\"><figure><a href=\"https:\/\/rodoaed.ee\/wp-content\/uploads\/2019\/08\/kasvuhoone-montaaz_23.jpg\"><img loading=\"lazy\" decoding=\"async\" width=\"800\" height=\"533\" src=\"https:\/\/rodoaed.ee\/wp-content\/uploads\/2019\/08\/kasvuhoone-montaaz_23.jpg\" alt=\"\" data-id=\"24777\" data-link=\"https:\/\/rodoaed.ee\/?attachment_id=24777\" class=\"wp-image-24777\" srcset=\"https:\/\/rodoaed.ee\/wp-content\/uploads\/2019\/08\/kasvuhoone-montaaz_23.jpg 800w, https:\/\/rodoaed.ee\/wp-content\/uploads\/2019\/08\/kasvuhoone-montaaz_23-768x512.jpg 768w\" sizes=\"auto, (max-width: 800px) 100vw, 800px\" \/><\/a><\/figure><\/li><li class=\"blocks-gallery-item\"><figure><a href=\"https:\/\/rodoaed.ee\/wp-content\/uploads\/2019\/08\/kasvuhoone-montaaz_24.jpg\"><img loading=\"lazy\" decoding=\"async\" width=\"800\" height=\"533\" src=\"https:\/\/rodoaed.ee\/wp-content\/uploads\/2019\/08\/kasvuhoone-montaaz_24.jpg\" alt=\"\" data-id=\"24780\" data-link=\"https:\/\/rodoaed.ee\/?attachment_id=24780\" class=\"wp-image-24780\"\/><\/a><\/figure><\/li><li class=\"blocks-gallery-item\"><figure><a href=\"https:\/\/rodoaed.ee\/wp-content\/uploads\/2019\/08\/kasvuhoone-montaaz_01-1.jpg\"><img loading=\"lazy\" decoding=\"async\" width=\"800\" height=\"516\" src=\"https:\/\/rodoaed.ee\/wp-content\/uploads\/2019\/08\/kasvuhoone-montaaz_01-1.jpg\" alt=\"\" data-id=\"24783\" data-link=\"https:\/\/rodoaed.ee\/?attachment_id=24783\" class=\"wp-image-24783\" srcset=\"https:\/\/rodoaed.ee\/wp-content\/uploads\/2019\/08\/kasvuhoone-montaaz_01-1.jpg 800w, https:\/\/rodoaed.ee\/wp-content\/uploads\/2019\/08\/kasvuhoone-montaaz_01-1-768x495.jpg 768w\" sizes=\"auto, (max-width: 800px) 100vw, 800px\" \/><\/a><\/figure><\/li><li class=\"blocks-gallery-item\"><figure><a href=\"https:\/\/rodoaed.ee\/wp-content\/uploads\/2019\/08\/kasvuhoone-montaaz_02.jpg\"><img loading=\"lazy\" decoding=\"async\" width=\"800\" height=\"573\" src=\"https:\/\/rodoaed.ee\/wp-content\/uploads\/2019\/08\/kasvuhoone-montaaz_02.jpg\" alt=\"\" data-id=\"24786\" data-link=\"https:\/\/rodoaed.ee\/?attachment_id=24786\" class=\"wp-image-24786\" srcset=\"https:\/\/rodoaed.ee\/wp-content\/uploads\/2019\/08\/kasvuhoone-montaaz_02.jpg 800w, https:\/\/rodoaed.ee\/wp-content\/uploads\/2019\/08\/kasvuhoone-montaaz_02-768x550.jpg 768w\" sizes=\"auto, (max-width: 800px) 100vw, 800px\" \/><\/a><\/figure><\/li><li class=\"blocks-gallery-item\"><figure><a href=\"https:\/\/rodoaed.ee\/wp-content\/uploads\/2019\/08\/kasvuhoone-montaaz_03.jpg\"><img loading=\"lazy\" decoding=\"async\" width=\"800\" height=\"567\" src=\"https:\/\/rodoaed.ee\/wp-content\/uploads\/2019\/08\/kasvuhoone-montaaz_03.jpg\" alt=\"\" data-id=\"24789\" data-link=\"https:\/\/rodoaed.ee\/?attachment_id=24789\" class=\"wp-image-24789\" srcset=\"https:\/\/rodoaed.ee\/wp-content\/uploads\/2019\/08\/kasvuhoone-montaaz_03.jpg 800w, https:\/\/rodoaed.ee\/wp-content\/uploads\/2019\/08\/kasvuhoone-montaaz_03-768x544.jpg 768w\" sizes=\"auto, (max-width: 800px) 100vw, 800px\" \/><\/a><\/figure><\/li><li class=\"blocks-gallery-item\"><figure><a href=\"https:\/\/rodoaed.ee\/wp-content\/uploads\/2019\/08\/kasvuhoone-montaaz_04.jpg\"><img loading=\"lazy\" decoding=\"async\" width=\"800\" height=\"543\" src=\"https:\/\/rodoaed.ee\/wp-content\/uploads\/2019\/08\/kasvuhoone-montaaz_04.jpg\" alt=\"\" data-id=\"24792\" data-link=\"https:\/\/rodoaed.ee\/?attachment_id=24792\" class=\"wp-image-24792\" srcset=\"https:\/\/rodoaed.ee\/wp-content\/uploads\/2019\/08\/kasvuhoone-montaaz_04.jpg 800w, https:\/\/rodoaed.ee\/wp-content\/uploads\/2019\/08\/kasvuhoone-montaaz_04-768x521.jpg 768w\" sizes=\"auto, (max-width: 800px) 100vw, 800px\" \/><\/a><\/figure><\/li><li class=\"blocks-gallery-item\"><figure><a href=\"https:\/\/rodoaed.ee\/wp-content\/uploads\/2019\/08\/kasvuhoone-montaaz_05.jpg\"><img loading=\"lazy\" decoding=\"async\" width=\"800\" height=\"557\" src=\"https:\/\/rodoaed.ee\/wp-content\/uploads\/2019\/08\/kasvuhoone-montaaz_05.jpg\" alt=\"\" data-id=\"24795\" data-link=\"https:\/\/rodoaed.ee\/?attachment_id=24795\" class=\"wp-image-24795\" srcset=\"https:\/\/rodoaed.ee\/wp-content\/uploads\/2019\/08\/kasvuhoone-montaaz_05.jpg 800w, https:\/\/rodoaed.ee\/wp-content\/uploads\/2019\/08\/kasvuhoone-montaaz_05-768x535.jpg 768w\" sizes=\"auto, (max-width: 800px) 100vw, 800px\" \/><\/a><\/figure><\/li><\/ul>\n","protected":false},"excerpt":{"rendered":"<p>Belgialainen kasvihuone montaaz on suhteellisen yksinkertainen ja looginen. Pohjimmiltaan se on aikuisten rakentaja &#8211; kaikki osat on valmistettu, kiinnikkeet ovat valmiina ja ohjeet ovat hyvin selke\u00e4t ja yksinkertaiset. Kuka tahansa, jolla on hieman k\u00e4rsiv\u00e4llisyytt\u00e4 ja tarkkuutta, voi tehd\u00e4 sen. Tarjoamme kokoonpanopalvelua ensisijaisesti siksi, ett\u00e4 voit s\u00e4\u00e4st\u00e4\u00e4 aikaa ja yksinkertaisesti p\u00e4\u00e4st\u00e4 nopeammin ja k\u00e4tev\u00e4mmin liikkeelle. Kokenut leikkausryhm\u00e4mme saa ty\u00f6n tehty\u00e4 monta kertaa nopeammin kuin jos tekisit&#8230;<\/p>\n","protected":false},"author":1,"featured_media":0,"parent":52252,"menu_order":30,"comment_status":"closed","ping_status":"closed","template":"","meta":{"_acf_changed":false,"footnotes":""},"class_list":["post-52275","page","type-page","status-publish","hentry"],"acf":[],"yoast_head":"<!-- This site is optimized with the Yoast SEO Premium plugin v27.3 (Yoast SEO v27.3) - https:\/\/yoast.com\/product\/yoast-seo-premium-wordpress\/ -->\n<title>Kasvihuone Euro Maxi montaaz - Rodoaed<\/title>\n<meta name=\"robots\" content=\"index, follow, max-snippet:-1, max-image-preview:large, max-video-preview:-1\" \/>\n<link rel=\"canonical\" href=\"https:\/\/rodoaed.ee\/fi\/info-2\/kuvia-paikasta\/kasvihuone-euro-maxi-montaaz\/\" \/>\n<meta property=\"og:locale\" content=\"fi_FI\" \/>\n<meta property=\"og:type\" content=\"article\" \/>\n<meta property=\"og:title\" content=\"Kasvihuone Euro Maxi montaaz\" \/>\n<meta property=\"og:description\" content=\"Belgialainen kasvihuone montaaz on suhteellisen yksinkertainen ja looginen. Pohjimmiltaan se on aikuisten rakentaja - kaikki osat on valmistettu,\" \/>\n<meta property=\"og:url\" content=\"https:\/\/rodoaed.ee\/fi\/info-2\/kuvia-paikasta\/kasvihuone-euro-maxi-montaaz\/\" \/>\n<meta property=\"og:site_name\" content=\"Rodoaed\" \/>\n<meta property=\"article:publisher\" content=\"https:\/\/www.facebook.com\/kasvuhooned\/\" \/>\n<meta property=\"article:modified_time\" content=\"2026-04-01T09:07:48+00:00\" \/>\n<meta property=\"og:image\" content=\"https:\/\/rodoaed.ee\/wp-content\/uploads\/2019\/08\/kasvuhoone-montaaz_06.jpg\" \/>\n\t<meta property=\"og:image:width\" content=\"800\" \/>\n\t<meta property=\"og:image:height\" content=\"562\" \/>\n\t<meta property=\"og:image:type\" content=\"image\/jpeg\" \/>\n<meta name=\"twitter:card\" content=\"summary_large_image\" \/>\n<script type=\"application\/ld+json\" class=\"yoast-schema-graph\">{\"@context\":\"https:\\\/\\\/schema.org\",\"@graph\":[{\"@type\":\"WebPage\",\"@id\":\"https:\\\/\\\/rodoaed.ee\\\/fi\\\/info-2\\\/kuvia-paikasta\\\/kasvihuone-euro-maxi-montaaz\\\/\",\"url\":\"https:\\\/\\\/rodoaed.ee\\\/fi\\\/info-2\\\/kuvia-paikasta\\\/kasvihuone-euro-maxi-montaaz\\\/\",\"name\":\"Kasvihuone Euro Maxi montaaz - Rodoaed\",\"isPartOf\":{\"@id\":\"https:\\\/\\\/rodoaed.ee\\\/#website\"},\"primaryImageOfPage\":{\"@id\":\"https:\\\/\\\/rodoaed.ee\\\/fi\\\/info-2\\\/kuvia-paikasta\\\/kasvihuone-euro-maxi-montaaz\\\/#primaryimage\"},\"image\":{\"@id\":\"https:\\\/\\\/rodoaed.ee\\\/fi\\\/info-2\\\/kuvia-paikasta\\\/kasvihuone-euro-maxi-montaaz\\\/#primaryimage\"},\"thumbnailUrl\":\"https:\\\/\\\/rodoaed.ee\\\/wp-content\\\/uploads\\\/2019\\\/08\\\/kasvuhoone-montaaz_06.jpg\",\"datePublished\":\"2026-04-01T09:07:47+00:00\",\"dateModified\":\"2026-04-01T09:07:48+00:00\",\"breadcrumb\":{\"@id\":\"https:\\\/\\\/rodoaed.ee\\\/fi\\\/info-2\\\/kuvia-paikasta\\\/kasvihuone-euro-maxi-montaaz\\\/#breadcrumb\"},\"inLanguage\":\"fi\",\"potentialAction\":[{\"@type\":\"ReadAction\",\"target\":[\"https:\\\/\\\/rodoaed.ee\\\/fi\\\/info-2\\\/kuvia-paikasta\\\/kasvihuone-euro-maxi-montaaz\\\/\"]}]},{\"@type\":\"ImageObject\",\"inLanguage\":\"fi\",\"@id\":\"https:\\\/\\\/rodoaed.ee\\\/fi\\\/info-2\\\/kuvia-paikasta\\\/kasvihuone-euro-maxi-montaaz\\\/#primaryimage\",\"url\":\"https:\\\/\\\/rodoaed.ee\\\/wp-content\\\/uploads\\\/2019\\\/08\\\/kasvuhoone-montaaz_06.jpg\",\"contentUrl\":\"https:\\\/\\\/rodoaed.ee\\\/wp-content\\\/uploads\\\/2019\\\/08\\\/kasvuhoone-montaaz_06.jpg\"},{\"@type\":\"BreadcrumbList\",\"@id\":\"https:\\\/\\\/rodoaed.ee\\\/fi\\\/info-2\\\/kuvia-paikasta\\\/kasvihuone-euro-maxi-montaaz\\\/#breadcrumb\",\"itemListElement\":[{\"@type\":\"ListItem\",\"position\":1,\"name\":\"Home\",\"item\":\"https:\\\/\\\/rodoaed.ee\\\/fi\\\/\"},{\"@type\":\"ListItem\",\"position\":2,\"name\":\"Info\",\"item\":\"https:\\\/\\\/rodoaed.ee\\\/info-2\\\/\"},{\"@type\":\"ListItem\",\"position\":3,\"name\":\"Kuvia paikasta\",\"item\":\"https:\\\/\\\/rodoaed.ee\\\/fi\\\/info-2\\\/kuvia-paikasta\\\/\"},{\"@type\":\"ListItem\",\"position\":4,\"name\":\"Kasvihuone Euro Maxi montaaz\"}]},{\"@type\":\"WebSite\",\"@id\":\"https:\\\/\\\/rodoaed.ee\\\/#website\",\"url\":\"https:\\\/\\\/rodoaed.ee\\\/\",\"name\":\"Rodoaed\",\"description\":\"\",\"publisher\":{\"@id\":\"https:\\\/\\\/rodoaed.ee\\\/#organization\"},\"potentialAction\":[{\"@type\":\"SearchAction\",\"target\":{\"@type\":\"EntryPoint\",\"urlTemplate\":\"https:\\\/\\\/rodoaed.ee\\\/?s={search_term_string}\"},\"query-input\":{\"@type\":\"PropertyValueSpecification\",\"valueRequired\":true,\"valueName\":\"search_term_string\"}}],\"inLanguage\":\"fi\"},{\"@type\":\"Organization\",\"@id\":\"https:\\\/\\\/rodoaed.ee\\\/#organization\",\"name\":\"Rodoaed\",\"url\":\"https:\\\/\\\/rodoaed.ee\\\/\",\"logo\":{\"@type\":\"ImageObject\",\"inLanguage\":\"fi\",\"@id\":\"https:\\\/\\\/rodoaed.ee\\\/#\\\/schema\\\/logo\\\/image\\\/\",\"url\":\"https:\\\/\\\/rodoaed.ee\\\/wp-content\\\/uploads\\\/2019\\\/11\\\/rodoaed-logo-ilma-taustata.jpg\",\"contentUrl\":\"https:\\\/\\\/rodoaed.ee\\\/wp-content\\\/uploads\\\/2019\\\/11\\\/rodoaed-logo-ilma-taustata.jpg\",\"width\":769,\"height\":268,\"caption\":\"Rodoaed\"},\"image\":{\"@id\":\"https:\\\/\\\/rodoaed.ee\\\/#\\\/schema\\\/logo\\\/image\\\/\"},\"sameAs\":[\"https:\\\/\\\/www.facebook.com\\\/kasvuhooned\\\/\",\"https:\\\/\\\/rodoaed.ee\"]}]}<\/script>\n<!-- \/ Yoast SEO Premium plugin. -->","yoast_head_json":{"title":"Kasvihuone Euro Maxi montaaz - Rodoaed","robots":{"index":"index","follow":"follow","max-snippet":"max-snippet:-1","max-image-preview":"max-image-preview:large","max-video-preview":"max-video-preview:-1"},"canonical":"https:\/\/rodoaed.ee\/fi\/info-2\/kuvia-paikasta\/kasvihuone-euro-maxi-montaaz\/","og_locale":"fi_FI","og_type":"article","og_title":"Kasvihuone Euro Maxi montaaz","og_description":"Belgialainen kasvihuone montaaz on suhteellisen yksinkertainen ja looginen. Pohjimmiltaan se on aikuisten rakentaja - kaikki osat on valmistettu,","og_url":"https:\/\/rodoaed.ee\/fi\/info-2\/kuvia-paikasta\/kasvihuone-euro-maxi-montaaz\/","og_site_name":"Rodoaed","article_publisher":"https:\/\/www.facebook.com\/kasvuhooned\/","article_modified_time":"2026-04-01T09:07:48+00:00","og_image":[{"width":800,"height":562,"url":"https:\/\/rodoaed.ee\/wp-content\/uploads\/2019\/08\/kasvuhoone-montaaz_06.jpg","type":"image\/jpeg"}],"twitter_card":"summary_large_image","schema":{"@context":"https:\/\/schema.org","@graph":[{"@type":"WebPage","@id":"https:\/\/rodoaed.ee\/fi\/info-2\/kuvia-paikasta\/kasvihuone-euro-maxi-montaaz\/","url":"https:\/\/rodoaed.ee\/fi\/info-2\/kuvia-paikasta\/kasvihuone-euro-maxi-montaaz\/","name":"Kasvihuone Euro Maxi montaaz - Rodoaed","isPartOf":{"@id":"https:\/\/rodoaed.ee\/#website"},"primaryImageOfPage":{"@id":"https:\/\/rodoaed.ee\/fi\/info-2\/kuvia-paikasta\/kasvihuone-euro-maxi-montaaz\/#primaryimage"},"image":{"@id":"https:\/\/rodoaed.ee\/fi\/info-2\/kuvia-paikasta\/kasvihuone-euro-maxi-montaaz\/#primaryimage"},"thumbnailUrl":"https:\/\/rodoaed.ee\/wp-content\/uploads\/2019\/08\/kasvuhoone-montaaz_06.jpg","datePublished":"2026-04-01T09:07:47+00:00","dateModified":"2026-04-01T09:07:48+00:00","breadcrumb":{"@id":"https:\/\/rodoaed.ee\/fi\/info-2\/kuvia-paikasta\/kasvihuone-euro-maxi-montaaz\/#breadcrumb"},"inLanguage":"fi","potentialAction":[{"@type":"ReadAction","target":["https:\/\/rodoaed.ee\/fi\/info-2\/kuvia-paikasta\/kasvihuone-euro-maxi-montaaz\/"]}]},{"@type":"ImageObject","inLanguage":"fi","@id":"https:\/\/rodoaed.ee\/fi\/info-2\/kuvia-paikasta\/kasvihuone-euro-maxi-montaaz\/#primaryimage","url":"https:\/\/rodoaed.ee\/wp-content\/uploads\/2019\/08\/kasvuhoone-montaaz_06.jpg","contentUrl":"https:\/\/rodoaed.ee\/wp-content\/uploads\/2019\/08\/kasvuhoone-montaaz_06.jpg"},{"@type":"BreadcrumbList","@id":"https:\/\/rodoaed.ee\/fi\/info-2\/kuvia-paikasta\/kasvihuone-euro-maxi-montaaz\/#breadcrumb","itemListElement":[{"@type":"ListItem","position":1,"name":"Home","item":"https:\/\/rodoaed.ee\/fi\/"},{"@type":"ListItem","position":2,"name":"Info","item":"https:\/\/rodoaed.ee\/info-2\/"},{"@type":"ListItem","position":3,"name":"Kuvia paikasta","item":"https:\/\/rodoaed.ee\/fi\/info-2\/kuvia-paikasta\/"},{"@type":"ListItem","position":4,"name":"Kasvihuone Euro Maxi montaaz"}]},{"@type":"WebSite","@id":"https:\/\/rodoaed.ee\/#website","url":"https:\/\/rodoaed.ee\/","name":"Rodoaed","description":"","publisher":{"@id":"https:\/\/rodoaed.ee\/#organization"},"potentialAction":[{"@type":"SearchAction","target":{"@type":"EntryPoint","urlTemplate":"https:\/\/rodoaed.ee\/?s={search_term_string}"},"query-input":{"@type":"PropertyValueSpecification","valueRequired":true,"valueName":"search_term_string"}}],"inLanguage":"fi"},{"@type":"Organization","@id":"https:\/\/rodoaed.ee\/#organization","name":"Rodoaed","url":"https:\/\/rodoaed.ee\/","logo":{"@type":"ImageObject","inLanguage":"fi","@id":"https:\/\/rodoaed.ee\/#\/schema\/logo\/image\/","url":"https:\/\/rodoaed.ee\/wp-content\/uploads\/2019\/11\/rodoaed-logo-ilma-taustata.jpg","contentUrl":"https:\/\/rodoaed.ee\/wp-content\/uploads\/2019\/11\/rodoaed-logo-ilma-taustata.jpg","width":769,"height":268,"caption":"Rodoaed"},"image":{"@id":"https:\/\/rodoaed.ee\/#\/schema\/logo\/image\/"},"sameAs":["https:\/\/www.facebook.com\/kasvuhooned\/","https:\/\/rodoaed.ee"]}]}},"_links":{"self":[{"href":"https:\/\/rodoaed.ee\/fi\/wp-json\/wp\/v2\/pages\/52275","targetHints":{"allow":["GET"]}}],"collection":[{"href":"https:\/\/rodoaed.ee\/fi\/wp-json\/wp\/v2\/pages"}],"about":[{"href":"https:\/\/rodoaed.ee\/fi\/wp-json\/wp\/v2\/types\/page"}],"author":[{"embeddable":true,"href":"https:\/\/rodoaed.ee\/fi\/wp-json\/wp\/v2\/users\/1"}],"replies":[{"embeddable":true,"href":"https:\/\/rodoaed.ee\/fi\/wp-json\/wp\/v2\/comments?post=52275"}],"version-history":[{"count":0,"href":"https:\/\/rodoaed.ee\/fi\/wp-json\/wp\/v2\/pages\/52275\/revisions"}],"up":[{"embeddable":true,"href":"https:\/\/rodoaed.ee\/fi\/wp-json\/wp\/v2\/pages\/52252"}],"wp:attachment":[{"href":"https:\/\/rodoaed.ee\/fi\/wp-json\/wp\/v2\/media?parent=52275"}],"curies":[{"name":"wp","href":"https:\/\/api.w.org\/{rel}","templated":true}]}}