{"id":52501,"date":"2025-10-10T16:15:30","date_gmt":"2025-10-10T13:15:30","guid":{"rendered":"https:\/\/rodoaed.ee\/toode\/itsekestava-ripustusvalaisin-berberis-30-harmaa-sininen-norsunluu-5719l-kolmella-hihnalla-harmaan-sininen\/"},"modified":"2026-04-17T10:16:35","modified_gmt":"2026-04-17T07:16:35","slug":"itsekestava-ripustusvalaisin-berberis-30-harmaa-sininen-norsunluu-5719l-kolmella-hihnalla-harmaan-sininen","status":"publish","type":"product","link":"https:\/\/rodoaed.ee\/fi\/tuote\/itsekestava-ripustusvalaisin-berberis-30-harmaa-sininen-norsunluu-5719l-kolmella-hihnalla-harmaan-sininen\/","title":{"rendered":"Itsekest\u00e4v\u00e4 ripustusvalaisin Berberis 30- harmaa sininen + norsunluu 5,7+1,9L kolmella hihnalla- HARMAAN SININEN"},"content":{"rendered":"<h3>Itsekiinnittyv\u00e4 riippuvalaisin Berberis-sarjasta. S\u00e4ili\u00f6n alla on kasteluvesis\u00e4ili\u00f6, josta kasvit voivat ottaa juurineen oikean m\u00e4\u00e4r\u00e4n vett\u00e4. Voidaan k\u00e4ytt\u00e4\u00e4 my\u00f6s maakasviastiana ilman hihnoja.  <\/h3>\n<h3>5,7L pintas\u00e4ili\u00f6 + 1,9L vesis\u00e4ili\u00f6<\/h3>\n<p>Berberis 26- ja 30-kasvilampi on todellinen lahja. Se, ett\u00e4 kasvien sipulit kuivuvat kes\u00e4helteill\u00e4 ja kasvit n\u00e4ytt\u00e4v\u00e4t koko ajan riekaleisilta, on pikemminkin s\u00e4\u00e4nt\u00f6 kuin poikkeus. Kasviripustusruukut roikkuvat ilmassa ja kuivuvat monta kertaa helpommin kuin maassa olevat kukkaruukut. Siksi itsekasteleva riippuruukku, jossa on vesis\u00e4ili\u00f6, on todellinen lahja kauneuden yst\u00e4v\u00e4lle.   <\/p>\n<p>Ei tarvitse huolehtia, ett\u00e4 unohdit kastella amplitudin uudelleen. Sinun tarvitsee vain lis\u00e4t\u00e4 vett\u00e4 s\u00e4ili\u00f6\u00f6n kastelujen v\u00e4lill\u00e4 ja kasvit kasvavat ja kukkivat voimakkaasti. \u00c4lykk\u00e4\u00e4n tulpan ansiosta vesi pysyy aina sis\u00e4ll\u00e4 eik\u00e4 valu lattialle, joten voit ripustaa sen minne tahansa, vaikka olohuoneeseen. Ripustushihnojen enimm\u00e4ispituus on 90 cm.   <\/p>\n<p>Berberis-riippuvalaisimet ovat tunnettujen suunnittelijoiden suunnittelemia ja luomia, joten ne ovat hyvin harkittuja. Jos j\u00e4t\u00e4t riippuvalaisimen asentamatta, voit k\u00e4ytt\u00e4\u00e4 sit\u00e4 eritt\u00e4in koristeellisena py\u00f6re\u00e4n\u00e4 kasviastiana maakuistilla, parvekkeella, kasvihuoneessa tai olohuoneessa ja toimistossa. <\/p>\n<p>Ihanteellinen kukkien, vihannesten, vihannesten ja koristekasvien viljelyyn. Eritt\u00e4in k\u00e4tev\u00e4 esimerkiksi kuumille aaseille. <\/p>\n<p>Automaattisen kastelun lis\u00e4ksi kasviastian suuri etu on sen liikkuvuus, eli voit nopeasti nostaa astian, jossa on ylikasvaneita kasveja, pois tielt\u00e4 ja vaihtaa sen toiseen.<\/p>\n<h4>Riippu- ja kasvisastia modernille koti\u00e4idille, joka rakastaa mukavuutta ja liikkuvuutta. Voit l\u00e4hte\u00e4 leppoisalle lomalle, ja kasvisi voivat sill\u00e4 v\u00e4lin hyvin. <\/h4>\n<h4>T\u00e4rkeimm\u00e4t ominaisuudet<\/h4>\n<ul>\n<li>Mitat: leveys 29,5 x syvyys 29,5 x korkeus 19,8 cm.<\/li>\n<li>S\u00e4ili\u00f6n maaper\u00e4osan tilavuus 5,7 L<\/li>\n<li>Kasteluosaan kuuluva vesis\u00e4ili\u00f6, tilavuus 1,9 L<\/li>\n<li>Paino 0,97 kg<\/li>\n<\/ul>\n<p><a href=\"https:\/\/rodoaed.ee\/fi\/\">kotisivu<\/a> <a href=\"https:\/\/rodoaed.ee\/tootekategooria\/kasvuhooned-ja-talveaiad\/\">k\u00e4ynnist\u00e4<\/a> <a href=\"https:\/\/rodoaed.ee\/tootekategooria\/kasvuhooned-ja-talveaiad\/kasvuhoone-lisavarustus\/\">tarvikkeet<\/a> <a href=\"https:\/\/rodoaed.ee\/tootekategooria\/kasvuhooned-ja-talveaiad\/kasvuhoone-lisavarustus\/kasvuhoone-tarvikud\/\">tarvikkeet<\/a><\/p>\n<div>\n<div><\/div>\n<\/div>\n","protected":false},"excerpt":{"rendered":"<p>Itsekiinnittyv\u00e4 riippuvalaisin Berberis-sarjasta. S\u00e4ili\u00f6n alla on kasteluvesis\u00e4ili\u00f6, josta kasvit voivat ottaa juurineen oikean m\u00e4\u00e4r\u00e4n vett\u00e4. Voidaan k\u00e4ytt\u00e4\u00e4 my\u00f6s maakasviastiana ilman hihnoja. 5,7L pintas\u00e4ili\u00f6 + 1,9L vesis\u00e4ili\u00f6 Berberis 26- ja 30-kasvilampi on todellinen lahja. Se, ett\u00e4 kasvien sipulit kuivuvat kes\u00e4helteill\u00e4 ja kasvit n\u00e4ytt\u00e4v\u00e4t koko ajan riekaleisilta, on pikemminkin s\u00e4\u00e4nt\u00f6 kuin poikkeus. Kasviripustusruukut roikkuvat ilmassa ja kuivuvat monta kertaa helpommin kuin maassa olevat kukkaruukut. Siksi itsekasteleva riippuruukku,&#8230;<\/p>\n","protected":false},"featured_media":36874,"template":"","meta":{"_acf_changed":false},"product_brand":[],"product_cat":[1788,1752,1961],"product_tag":[],"class_list":{"0":"post-52501","1":"product","2":"type-product","3":"status-publish","4":"has-post-thumbnail","6":"product_cat-kukkaruukut-ja-kasviastiat","7":"product_cat-puutarha-ja-piha","8":"product_cat-riippuvat-korit-ja-kasviastiat","9":"product_shipping_class-toimitus-1-3-tyopaivan-kuluessa","10":"pa_variatsioon-kasvatussailio-16l2l-jossa-on-vesisailio-ja-kehys","12":"first","13":"outofstock","14":"sale","15":"taxable","16":"shipping-taxable","17":"purchasable","18":"product-type-simple"},"acf":[],"yoast_head":"<!-- This site is optimized with the Yoast SEO Premium plugin v27.3 (Yoast SEO v27.3) - https:\/\/yoast.com\/product\/yoast-seo-premium-wordpress\/ -->\n<title>Itsekest\u00e4v\u00e4 ripustusvalaisin Berberis 30- harmaa sininen + norsunluu 5,7+1,9L kolmella hihnalla- HARMAAN SININEN - Rodoaed<\/title>\n<meta name=\"description\" content=\"Kasvien kasvuastia. S\u00e4ili\u00f6n alla on kastelus\u00e4ili\u00f6, josta kasvit voivat ime\u00e4 juurineen sopivan m\u00e4\u00e4r\u00e4n vett\u00e4.\" \/>\n<meta name=\"robots\" content=\"index, follow, max-snippet:-1, max-image-preview:large, max-video-preview:-1\" \/>\n<link rel=\"canonical\" href=\"https:\/\/rodoaed.ee\/fi\/tuote\/itsekestava-ripustusvalaisin-berberis-30-harmaa-sininen-norsunluu-5719l-kolmella-hihnalla-harmaan-sininen\/\" \/>\n<meta property=\"og:locale\" content=\"fi_FI\" \/>\n<meta property=\"og:type\" content=\"article\" \/>\n<meta property=\"og:title\" content=\"Itsekest\u00e4v\u00e4 ripustusvalaisin Berberis 30- harmaa sininen + norsunluu 5,7+1,9L kolmella hihnalla- HARMAAN SININEN\" \/>\n<meta property=\"og:description\" content=\"Itsekiinnittyv\u00e4 riippuvalaisin Berberis-sarjasta. S\u00e4ili\u00f6n alla on kasteluvesis\u00e4ili\u00f6, josta kasvit voivat ottaa juurineen oikean m\u00e4\u00e4r\u00e4n vett\u00e4. Voidaan\" \/>\n<meta property=\"og:url\" content=\"https:\/\/rodoaed.ee\/fi\/tuote\/itsekestava-ripustusvalaisin-berberis-30-harmaa-sininen-norsunluu-5719l-kolmella-hihnalla-harmaan-sininen\/\" \/>\n<meta property=\"og:site_name\" content=\"Rodoaed\" \/>\n<meta property=\"article:publisher\" content=\"https:\/\/www.facebook.com\/kasvuhooned\/\" \/>\n<meta property=\"article:modified_time\" content=\"2026-04-17T07:16:35+00:00\" \/>\n<meta property=\"og:image\" content=\"https:\/\/rodoaed.ee\/wp-content\/uploads\/2021\/03\/Isekastev-Rippampel_06A8235.jpg\" \/>\n\t<meta property=\"og:image:width\" content=\"932\" \/>\n\t<meta property=\"og:image:height\" content=\"1400\" \/>\n\t<meta property=\"og:image:type\" content=\"image\/jpeg\" \/>\n<meta name=\"twitter:card\" content=\"summary_large_image\" \/>\n<meta name=\"twitter:label1\" content=\"Arvioitu lukuaika\" \/>\n\t<meta name=\"twitter:data1\" content=\"1 minuutti\" \/>\n<script type=\"application\/ld+json\" class=\"yoast-schema-graph\">{\"@context\":\"https:\\\/\\\/schema.org\",\"@graph\":[{\"@type\":\"WebPage\",\"@id\":\"https:\\\/\\\/rodoaed.ee\\\/fi\\\/tuote\\\/itsekestava-ripustusvalaisin-berberis-30-harmaa-sininen-norsunluu-5719l-kolmella-hihnalla-harmaan-sininen\\\/\",\"url\":\"https:\\\/\\\/rodoaed.ee\\\/fi\\\/tuote\\\/itsekestava-ripustusvalaisin-berberis-30-harmaa-sininen-norsunluu-5719l-kolmella-hihnalla-harmaan-sininen\\\/\",\"name\":\"Itsekest\u00e4v\u00e4 ripustusvalaisin Berberis 30- harmaa sininen + norsunluu 5,7+1,9L kolmella hihnalla- HARMAAN SININEN - Rodoaed\",\"isPartOf\":{\"@id\":\"https:\\\/\\\/rodoaed.ee\\\/#website\"},\"primaryImageOfPage\":{\"@id\":\"https:\\\/\\\/rodoaed.ee\\\/fi\\\/tuote\\\/itsekestava-ripustusvalaisin-berberis-30-harmaa-sininen-norsunluu-5719l-kolmella-hihnalla-harmaan-sininen\\\/#primaryimage\"},\"image\":{\"@id\":\"https:\\\/\\\/rodoaed.ee\\\/fi\\\/tuote\\\/itsekestava-ripustusvalaisin-berberis-30-harmaa-sininen-norsunluu-5719l-kolmella-hihnalla-harmaan-sininen\\\/#primaryimage\"},\"thumbnailUrl\":\"https:\\\/\\\/rodoaed.ee\\\/wp-content\\\/uploads\\\/2021\\\/03\\\/Isekastev-Rippampel_06A8235.jpg\",\"datePublished\":\"2025-10-10T13:15:30+00:00\",\"dateModified\":\"2026-04-17T07:16:35+00:00\",\"description\":\"Kasvien kasvuastia. S\u00e4ili\u00f6n alla on kastelus\u00e4ili\u00f6, josta kasvit voivat ime\u00e4 juurineen sopivan m\u00e4\u00e4r\u00e4n vett\u00e4.\",\"breadcrumb\":{\"@id\":\"https:\\\/\\\/rodoaed.ee\\\/fi\\\/tuote\\\/itsekestava-ripustusvalaisin-berberis-30-harmaa-sininen-norsunluu-5719l-kolmella-hihnalla-harmaan-sininen\\\/#breadcrumb\"},\"inLanguage\":\"fi\",\"potentialAction\":[{\"@type\":\"ReadAction\",\"target\":[\"https:\\\/\\\/rodoaed.ee\\\/fi\\\/tuote\\\/itsekestava-ripustusvalaisin-berberis-30-harmaa-sininen-norsunluu-5719l-kolmella-hihnalla-harmaan-sininen\\\/\"]}]},{\"@type\":\"ImageObject\",\"inLanguage\":\"fi\",\"@id\":\"https:\\\/\\\/rodoaed.ee\\\/fi\\\/tuote\\\/itsekestava-ripustusvalaisin-berberis-30-harmaa-sininen-norsunluu-5719l-kolmella-hihnalla-harmaan-sininen\\\/#primaryimage\",\"url\":\"https:\\\/\\\/rodoaed.ee\\\/wp-content\\\/uploads\\\/2021\\\/03\\\/Isekastev-Rippampel_06A8235.jpg\",\"contentUrl\":\"https:\\\/\\\/rodoaed.ee\\\/wp-content\\\/uploads\\\/2021\\\/03\\\/Isekastev-Rippampel_06A8235.jpg\",\"width\":932,\"height\":1400},{\"@type\":\"BreadcrumbList\",\"@id\":\"https:\\\/\\\/rodoaed.ee\\\/fi\\\/tuote\\\/itsekestava-ripustusvalaisin-berberis-30-harmaa-sininen-norsunluu-5719l-kolmella-hihnalla-harmaan-sininen\\\/#breadcrumb\",\"itemListElement\":[{\"@type\":\"ListItem\",\"position\":1,\"name\":\"Home\",\"item\":\"https:\\\/\\\/rodoaed.ee\\\/fi\\\/\"},{\"@type\":\"ListItem\",\"position\":2,\"name\":\"Osta osoitteessa\",\"item\":\"https:\\\/\\\/rodoaed.ee\\\/osta-osoitteessa\\\/\"},{\"@type\":\"ListItem\",\"position\":3,\"name\":\"Itsekest\u00e4v\u00e4 ripustusvalaisin Berberis 30- harmaa sininen + norsunluu 5,7+1,9L kolmella hihnalla- HARMAAN SININEN\"}]},{\"@type\":\"WebSite\",\"@id\":\"https:\\\/\\\/rodoaed.ee\\\/#website\",\"url\":\"https:\\\/\\\/rodoaed.ee\\\/\",\"name\":\"Rodoaed\",\"description\":\"\",\"publisher\":{\"@id\":\"https:\\\/\\\/rodoaed.ee\\\/#organization\"},\"potentialAction\":[{\"@type\":\"SearchAction\",\"target\":{\"@type\":\"EntryPoint\",\"urlTemplate\":\"https:\\\/\\\/rodoaed.ee\\\/?s={search_term_string}\"},\"query-input\":{\"@type\":\"PropertyValueSpecification\",\"valueRequired\":true,\"valueName\":\"search_term_string\"}}],\"inLanguage\":\"fi\"},{\"@type\":\"Organization\",\"@id\":\"https:\\\/\\\/rodoaed.ee\\\/#organization\",\"name\":\"Rodoaed\",\"url\":\"https:\\\/\\\/rodoaed.ee\\\/\",\"logo\":{\"@type\":\"ImageObject\",\"inLanguage\":\"fi\",\"@id\":\"https:\\\/\\\/rodoaed.ee\\\/#\\\/schema\\\/logo\\\/image\\\/\",\"url\":\"https:\\\/\\\/rodoaed.ee\\\/wp-content\\\/uploads\\\/2019\\\/11\\\/rodoaed-logo-ilma-taustata.jpg\",\"contentUrl\":\"https:\\\/\\\/rodoaed.ee\\\/wp-content\\\/uploads\\\/2019\\\/11\\\/rodoaed-logo-ilma-taustata.jpg\",\"width\":769,\"height\":268,\"caption\":\"Rodoaed\"},\"image\":{\"@id\":\"https:\\\/\\\/rodoaed.ee\\\/#\\\/schema\\\/logo\\\/image\\\/\"},\"sameAs\":[\"https:\\\/\\\/www.facebook.com\\\/kasvuhooned\\\/\",\"https:\\\/\\\/rodoaed.ee\"]}]}<\/script>\n<!-- \/ Yoast SEO Premium plugin. -->","yoast_head_json":{"title":"Itsekest\u00e4v\u00e4 ripustusvalaisin Berberis 30- harmaa sininen + norsunluu 5,7+1,9L kolmella hihnalla- HARMAAN SININEN - Rodoaed","description":"Kasvien kasvuastia. S\u00e4ili\u00f6n alla on kastelus\u00e4ili\u00f6, josta kasvit voivat ime\u00e4 juurineen sopivan m\u00e4\u00e4r\u00e4n vett\u00e4.","robots":{"index":"index","follow":"follow","max-snippet":"max-snippet:-1","max-image-preview":"max-image-preview:large","max-video-preview":"max-video-preview:-1"},"canonical":"https:\/\/rodoaed.ee\/fi\/tuote\/itsekestava-ripustusvalaisin-berberis-30-harmaa-sininen-norsunluu-5719l-kolmella-hihnalla-harmaan-sininen\/","og_locale":"fi_FI","og_type":"article","og_title":"Itsekest\u00e4v\u00e4 ripustusvalaisin Berberis 30- harmaa sininen + norsunluu 5,7+1,9L kolmella hihnalla- HARMAAN SININEN","og_description":"Itsekiinnittyv\u00e4 riippuvalaisin Berberis-sarjasta. S\u00e4ili\u00f6n alla on kasteluvesis\u00e4ili\u00f6, josta kasvit voivat ottaa juurineen oikean m\u00e4\u00e4r\u00e4n vett\u00e4. Voidaan","og_url":"https:\/\/rodoaed.ee\/fi\/tuote\/itsekestava-ripustusvalaisin-berberis-30-harmaa-sininen-norsunluu-5719l-kolmella-hihnalla-harmaan-sininen\/","og_site_name":"Rodoaed","article_publisher":"https:\/\/www.facebook.com\/kasvuhooned\/","article_modified_time":"2026-04-17T07:16:35+00:00","og_image":[{"width":932,"height":1400,"url":"https:\/\/rodoaed.ee\/wp-content\/uploads\/2021\/03\/Isekastev-Rippampel_06A8235.jpg","type":"image\/jpeg"}],"twitter_card":"summary_large_image","twitter_misc":{"Arvioitu lukuaika":"1 minuutti"},"schema":{"@context":"https:\/\/schema.org","@graph":[{"@type":"WebPage","@id":"https:\/\/rodoaed.ee\/fi\/tuote\/itsekestava-ripustusvalaisin-berberis-30-harmaa-sininen-norsunluu-5719l-kolmella-hihnalla-harmaan-sininen\/","url":"https:\/\/rodoaed.ee\/fi\/tuote\/itsekestava-ripustusvalaisin-berberis-30-harmaa-sininen-norsunluu-5719l-kolmella-hihnalla-harmaan-sininen\/","name":"Itsekest\u00e4v\u00e4 ripustusvalaisin Berberis 30- harmaa sininen + norsunluu 5,7+1,9L kolmella hihnalla- HARMAAN SININEN - Rodoaed","isPartOf":{"@id":"https:\/\/rodoaed.ee\/#website"},"primaryImageOfPage":{"@id":"https:\/\/rodoaed.ee\/fi\/tuote\/itsekestava-ripustusvalaisin-berberis-30-harmaa-sininen-norsunluu-5719l-kolmella-hihnalla-harmaan-sininen\/#primaryimage"},"image":{"@id":"https:\/\/rodoaed.ee\/fi\/tuote\/itsekestava-ripustusvalaisin-berberis-30-harmaa-sininen-norsunluu-5719l-kolmella-hihnalla-harmaan-sininen\/#primaryimage"},"thumbnailUrl":"https:\/\/rodoaed.ee\/wp-content\/uploads\/2021\/03\/Isekastev-Rippampel_06A8235.jpg","datePublished":"2025-10-10T13:15:30+00:00","dateModified":"2026-04-17T07:16:35+00:00","description":"Kasvien kasvuastia. S\u00e4ili\u00f6n alla on kastelus\u00e4ili\u00f6, josta kasvit voivat ime\u00e4 juurineen sopivan m\u00e4\u00e4r\u00e4n vett\u00e4.","breadcrumb":{"@id":"https:\/\/rodoaed.ee\/fi\/tuote\/itsekestava-ripustusvalaisin-berberis-30-harmaa-sininen-norsunluu-5719l-kolmella-hihnalla-harmaan-sininen\/#breadcrumb"},"inLanguage":"fi","potentialAction":[{"@type":"ReadAction","target":["https:\/\/rodoaed.ee\/fi\/tuote\/itsekestava-ripustusvalaisin-berberis-30-harmaa-sininen-norsunluu-5719l-kolmella-hihnalla-harmaan-sininen\/"]}]},{"@type":"ImageObject","inLanguage":"fi","@id":"https:\/\/rodoaed.ee\/fi\/tuote\/itsekestava-ripustusvalaisin-berberis-30-harmaa-sininen-norsunluu-5719l-kolmella-hihnalla-harmaan-sininen\/#primaryimage","url":"https:\/\/rodoaed.ee\/wp-content\/uploads\/2021\/03\/Isekastev-Rippampel_06A8235.jpg","contentUrl":"https:\/\/rodoaed.ee\/wp-content\/uploads\/2021\/03\/Isekastev-Rippampel_06A8235.jpg","width":932,"height":1400},{"@type":"BreadcrumbList","@id":"https:\/\/rodoaed.ee\/fi\/tuote\/itsekestava-ripustusvalaisin-berberis-30-harmaa-sininen-norsunluu-5719l-kolmella-hihnalla-harmaan-sininen\/#breadcrumb","itemListElement":[{"@type":"ListItem","position":1,"name":"Home","item":"https:\/\/rodoaed.ee\/fi\/"},{"@type":"ListItem","position":2,"name":"Osta osoitteessa","item":"https:\/\/rodoaed.ee\/osta-osoitteessa\/"},{"@type":"ListItem","position":3,"name":"Itsekest\u00e4v\u00e4 ripustusvalaisin Berberis 30- harmaa sininen + norsunluu 5,7+1,9L kolmella hihnalla- HARMAAN SININEN"}]},{"@type":"WebSite","@id":"https:\/\/rodoaed.ee\/#website","url":"https:\/\/rodoaed.ee\/","name":"Rodoaed","description":"","publisher":{"@id":"https:\/\/rodoaed.ee\/#organization"},"potentialAction":[{"@type":"SearchAction","target":{"@type":"EntryPoint","urlTemplate":"https:\/\/rodoaed.ee\/?s={search_term_string}"},"query-input":{"@type":"PropertyValueSpecification","valueRequired":true,"valueName":"search_term_string"}}],"inLanguage":"fi"},{"@type":"Organization","@id":"https:\/\/rodoaed.ee\/#organization","name":"Rodoaed","url":"https:\/\/rodoaed.ee\/","logo":{"@type":"ImageObject","inLanguage":"fi","@id":"https:\/\/rodoaed.ee\/#\/schema\/logo\/image\/","url":"https:\/\/rodoaed.ee\/wp-content\/uploads\/2019\/11\/rodoaed-logo-ilma-taustata.jpg","contentUrl":"https:\/\/rodoaed.ee\/wp-content\/uploads\/2019\/11\/rodoaed-logo-ilma-taustata.jpg","width":769,"height":268,"caption":"Rodoaed"},"image":{"@id":"https:\/\/rodoaed.ee\/#\/schema\/logo\/image\/"},"sameAs":["https:\/\/www.facebook.com\/kasvuhooned\/","https:\/\/rodoaed.ee"]}]}},"_links":{"self":[{"href":"https:\/\/rodoaed.ee\/fi\/wp-json\/wp\/v2\/product\/52501","targetHints":{"allow":["GET"]}}],"collection":[{"href":"https:\/\/rodoaed.ee\/fi\/wp-json\/wp\/v2\/product"}],"about":[{"href":"https:\/\/rodoaed.ee\/fi\/wp-json\/wp\/v2\/types\/product"}],"wp:featuredmedia":[{"embeddable":true,"href":"https:\/\/rodoaed.ee\/fi\/wp-json\/wp\/v2\/media\/36874"}],"wp:attachment":[{"href":"https:\/\/rodoaed.ee\/fi\/wp-json\/wp\/v2\/media?parent=52501"}],"wp:term":[{"taxonomy":"product_brand","embeddable":true,"href":"https:\/\/rodoaed.ee\/fi\/wp-json\/wp\/v2\/product_brand?post=52501"},{"taxonomy":"product_cat","embeddable":true,"href":"https:\/\/rodoaed.ee\/fi\/wp-json\/wp\/v2\/product_cat?post=52501"},{"taxonomy":"product_tag","embeddable":true,"href":"https:\/\/rodoaed.ee\/fi\/wp-json\/wp\/v2\/product_tag?post=52501"}],"curies":[{"name":"wp","href":"https:\/\/api.w.org\/{rel}","templated":true}]}}