{"id":52502,"date":"2025-03-11T14:29:16","date_gmt":"2025-03-11T12:29:16","guid":{"rendered":"https:\/\/rodoaed.ee\/toode\/orava-diner-kahden-huoneen-talo\/"},"modified":"2026-04-17T10:17:04","modified_gmt":"2026-04-17T07:17:04","slug":"orava-diner-kahden-huoneen-talo","status":"publish","type":"product","link":"https:\/\/rodoaed.ee\/fi\/tuote\/orava-diner-kahden-huoneen-talo\/","title":{"rendered":"Orava Diner kahden huoneen talo"},"content":{"rendered":"<p><strong>Kaksikammioinen. Voit laittaa erilaisia p\u00e4hkin\u00f6it\u00e4 tai siemeni\u00e4. Oravan ruokailutalo, jossa on s\u00e4\u00e4nkest\u00e4v\u00e4 peltikatto.  <\/strong><\/p>\n<p>Oravat pit\u00e4v\u00e4t siit\u00e4, ett\u00e4 niill\u00e4 on aina useita tapoja paeta. Jos kyseess\u00e4 on ruokailusuojat, ne pit\u00e4v\u00e4t my\u00f6s siit\u00e4, ett\u00e4 niill\u00e4 on useita sis\u00e4\u00e4n- ja ulosk\u00e4yntej\u00e4. <\/p>\n<p><strong>T\u00e4rkeimm\u00e4t ominaisuudet:<\/strong><\/p>\n<p><b>Materiaali: <\/b>m\u00e4nty, sinkkilevy, pleksilasi.<\/p>\n<p><b>Mitat: <\/b>L 25,3 x D 17,5 x K 18,3 cm.<\/p>\n<p><strong>Paino:<\/strong> 1,2 kg<\/p>\n<p>&nbsp;<\/p>\n<p><a href=\"https:\/\/rodoaed.ee\/tootekategooria\/pesakastid-ja-linnusoogid\/linnusoogid-ja-linnusoogimajad\/\">k\u00e4ynnist\u00e4<\/a><\/p>\n","protected":false},"excerpt":{"rendered":"<p>Kaksikammioinen. Voit laittaa erilaisia p\u00e4hkin\u00f6it\u00e4 tai siemeni\u00e4. Oravan ruokailutalo, jossa on s\u00e4\u00e4nkest\u00e4v\u00e4 peltikatto. Oravat pit\u00e4v\u00e4t siit\u00e4, ett\u00e4 niill\u00e4 on aina useita tapoja paeta. Jos kyseess\u00e4 on ruokailusuojat, ne pit\u00e4v\u00e4t my\u00f6s siit\u00e4, ett\u00e4 niill\u00e4 on useita sis\u00e4\u00e4n- ja ulosk\u00e4yntej\u00e4. T\u00e4rkeimm\u00e4t ominaisuudet: Materiaali: m\u00e4nty, sinkkilevy, pleksilasi. Mitat: L 25,3 x D 17,5 x K 18,3 cm. Paino: 1,2 kg &nbsp; k\u00e4ynnist\u00e4<\/p>\n","protected":false},"featured_media":49957,"template":"","meta":{"_acf_changed":false},"product_brand":[],"product_cat":[1767,1845,1847],"product_tag":[],"class_list":{"0":"post-52502","1":"product","2":"type-product","3":"status-publish","4":"has-post-thumbnail","6":"product_cat-linnaillalliset-ja-linnan-ravintolat","7":"product_cat-orava-ravintolat","8":"product_cat-oravan-pesakotelot","9":"product_shipping_class-toimitus-1-3-tyopaivan-kuluessa","10":"pa_variatsioon-20-dining-house-latern-1l","12":"first","13":"outofstock","14":"taxable","15":"shipping-taxable","16":"purchasable","17":"product-type-simple"},"acf":[],"yoast_head":"<!-- This site is optimized with the Yoast SEO Premium plugin v27.3 (Yoast SEO v27.3) - https:\/\/yoast.com\/product\/yoast-seo-premium-wordpress\/ -->\n<title>Orava Diner kahden huoneen talo - Rodoaed<\/title>\n<meta name=\"robots\" content=\"index, follow, max-snippet:-1, max-image-preview:large, max-video-preview:-1\" \/>\n<link rel=\"canonical\" href=\"https:\/\/rodoaed.ee\/fi\/tuote\/orava-diner-kahden-huoneen-talo\/\" \/>\n<meta property=\"og:locale\" content=\"fi_FI\" \/>\n<meta property=\"og:type\" content=\"article\" \/>\n<meta property=\"og:title\" content=\"Orava Diner kahden huoneen talo\" \/>\n<meta property=\"og:description\" content=\"Kaksikammioinen. Voit laittaa erilaisia p\u00e4hkin\u00f6it\u00e4 tai siemeni\u00e4. Oravan ruokailutalo, jossa on s\u00e4\u00e4nkest\u00e4v\u00e4 peltikatto. Oravat pit\u00e4v\u00e4t siit\u00e4, ett\u00e4 niill\u00e4\" \/>\n<meta property=\"og:url\" content=\"https:\/\/rodoaed.ee\/fi\/tuote\/orava-diner-kahden-huoneen-talo\/\" \/>\n<meta property=\"og:site_name\" content=\"Rodoaed\" \/>\n<meta property=\"article:publisher\" content=\"https:\/\/www.facebook.com\/kasvuhooned\/\" \/>\n<meta property=\"article:modified_time\" content=\"2026-04-17T07:17:04+00:00\" \/>\n<meta property=\"og:image\" content=\"https:\/\/rodoaed.ee\/wp-content\/uploads\/2025\/03\/orava-soogimaja_WA57_01.png\" \/>\n\t<meta property=\"og:image:width\" content=\"1240\" \/>\n\t<meta property=\"og:image:height\" content=\"1240\" \/>\n\t<meta property=\"og:image:type\" content=\"image\/png\" \/>\n<meta name=\"twitter:card\" content=\"summary_large_image\" \/>\n<script type=\"application\/ld+json\" class=\"yoast-schema-graph\">{\"@context\":\"https:\\\/\\\/schema.org\",\"@graph\":[{\"@type\":\"WebPage\",\"@id\":\"https:\\\/\\\/rodoaed.ee\\\/fi\\\/tuote\\\/orava-diner-kahden-huoneen-talo\\\/\",\"url\":\"https:\\\/\\\/rodoaed.ee\\\/fi\\\/tuote\\\/orava-diner-kahden-huoneen-talo\\\/\",\"name\":\"Orava Diner kahden huoneen talo - Rodoaed\",\"isPartOf\":{\"@id\":\"https:\\\/\\\/rodoaed.ee\\\/#website\"},\"primaryImageOfPage\":{\"@id\":\"https:\\\/\\\/rodoaed.ee\\\/fi\\\/tuote\\\/orava-diner-kahden-huoneen-talo\\\/#primaryimage\"},\"image\":{\"@id\":\"https:\\\/\\\/rodoaed.ee\\\/fi\\\/tuote\\\/orava-diner-kahden-huoneen-talo\\\/#primaryimage\"},\"thumbnailUrl\":\"https:\\\/\\\/rodoaed.ee\\\/wp-content\\\/uploads\\\/2025\\\/03\\\/orava-soogimaja_WA57_01.png\",\"datePublished\":\"2025-03-11T12:29:16+00:00\",\"dateModified\":\"2026-04-17T07:17:04+00:00\",\"breadcrumb\":{\"@id\":\"https:\\\/\\\/rodoaed.ee\\\/fi\\\/tuote\\\/orava-diner-kahden-huoneen-talo\\\/#breadcrumb\"},\"inLanguage\":\"fi\",\"potentialAction\":[{\"@type\":\"ReadAction\",\"target\":[\"https:\\\/\\\/rodoaed.ee\\\/fi\\\/tuote\\\/orava-diner-kahden-huoneen-talo\\\/\"]}]},{\"@type\":\"ImageObject\",\"inLanguage\":\"fi\",\"@id\":\"https:\\\/\\\/rodoaed.ee\\\/fi\\\/tuote\\\/orava-diner-kahden-huoneen-talo\\\/#primaryimage\",\"url\":\"https:\\\/\\\/rodoaed.ee\\\/wp-content\\\/uploads\\\/2025\\\/03\\\/orava-soogimaja_WA57_01.png\",\"contentUrl\":\"https:\\\/\\\/rodoaed.ee\\\/wp-content\\\/uploads\\\/2025\\\/03\\\/orava-soogimaja_WA57_01.png\",\"width\":1240,\"height\":1240},{\"@type\":\"BreadcrumbList\",\"@id\":\"https:\\\/\\\/rodoaed.ee\\\/fi\\\/tuote\\\/orava-diner-kahden-huoneen-talo\\\/#breadcrumb\",\"itemListElement\":[{\"@type\":\"ListItem\",\"position\":1,\"name\":\"Home\",\"item\":\"https:\\\/\\\/rodoaed.ee\\\/fi\\\/\"},{\"@type\":\"ListItem\",\"position\":2,\"name\":\"Osta osoitteessa\",\"item\":\"https:\\\/\\\/rodoaed.ee\\\/osta-osoitteessa\\\/\"},{\"@type\":\"ListItem\",\"position\":3,\"name\":\"Orava Diner kahden huoneen talo\"}]},{\"@type\":\"WebSite\",\"@id\":\"https:\\\/\\\/rodoaed.ee\\\/#website\",\"url\":\"https:\\\/\\\/rodoaed.ee\\\/\",\"name\":\"Rodoaed\",\"description\":\"\",\"publisher\":{\"@id\":\"https:\\\/\\\/rodoaed.ee\\\/#organization\"},\"potentialAction\":[{\"@type\":\"SearchAction\",\"target\":{\"@type\":\"EntryPoint\",\"urlTemplate\":\"https:\\\/\\\/rodoaed.ee\\\/?s={search_term_string}\"},\"query-input\":{\"@type\":\"PropertyValueSpecification\",\"valueRequired\":true,\"valueName\":\"search_term_string\"}}],\"inLanguage\":\"fi\"},{\"@type\":\"Organization\",\"@id\":\"https:\\\/\\\/rodoaed.ee\\\/#organization\",\"name\":\"Rodoaed\",\"url\":\"https:\\\/\\\/rodoaed.ee\\\/\",\"logo\":{\"@type\":\"ImageObject\",\"inLanguage\":\"fi\",\"@id\":\"https:\\\/\\\/rodoaed.ee\\\/#\\\/schema\\\/logo\\\/image\\\/\",\"url\":\"https:\\\/\\\/rodoaed.ee\\\/wp-content\\\/uploads\\\/2019\\\/11\\\/rodoaed-logo-ilma-taustata.jpg\",\"contentUrl\":\"https:\\\/\\\/rodoaed.ee\\\/wp-content\\\/uploads\\\/2019\\\/11\\\/rodoaed-logo-ilma-taustata.jpg\",\"width\":769,\"height\":268,\"caption\":\"Rodoaed\"},\"image\":{\"@id\":\"https:\\\/\\\/rodoaed.ee\\\/#\\\/schema\\\/logo\\\/image\\\/\"},\"sameAs\":[\"https:\\\/\\\/www.facebook.com\\\/kasvuhooned\\\/\",\"https:\\\/\\\/rodoaed.ee\"]}]}<\/script>\n<!-- \/ Yoast SEO Premium plugin. -->","yoast_head_json":{"title":"Orava Diner kahden huoneen talo - Rodoaed","robots":{"index":"index","follow":"follow","max-snippet":"max-snippet:-1","max-image-preview":"max-image-preview:large","max-video-preview":"max-video-preview:-1"},"canonical":"https:\/\/rodoaed.ee\/fi\/tuote\/orava-diner-kahden-huoneen-talo\/","og_locale":"fi_FI","og_type":"article","og_title":"Orava Diner kahden huoneen talo","og_description":"Kaksikammioinen. Voit laittaa erilaisia p\u00e4hkin\u00f6it\u00e4 tai siemeni\u00e4. Oravan ruokailutalo, jossa on s\u00e4\u00e4nkest\u00e4v\u00e4 peltikatto. Oravat pit\u00e4v\u00e4t siit\u00e4, ett\u00e4 niill\u00e4","og_url":"https:\/\/rodoaed.ee\/fi\/tuote\/orava-diner-kahden-huoneen-talo\/","og_site_name":"Rodoaed","article_publisher":"https:\/\/www.facebook.com\/kasvuhooned\/","article_modified_time":"2026-04-17T07:17:04+00:00","og_image":[{"width":1240,"height":1240,"url":"https:\/\/rodoaed.ee\/wp-content\/uploads\/2025\/03\/orava-soogimaja_WA57_01.png","type":"image\/png"}],"twitter_card":"summary_large_image","schema":{"@context":"https:\/\/schema.org","@graph":[{"@type":"WebPage","@id":"https:\/\/rodoaed.ee\/fi\/tuote\/orava-diner-kahden-huoneen-talo\/","url":"https:\/\/rodoaed.ee\/fi\/tuote\/orava-diner-kahden-huoneen-talo\/","name":"Orava Diner kahden huoneen talo - Rodoaed","isPartOf":{"@id":"https:\/\/rodoaed.ee\/#website"},"primaryImageOfPage":{"@id":"https:\/\/rodoaed.ee\/fi\/tuote\/orava-diner-kahden-huoneen-talo\/#primaryimage"},"image":{"@id":"https:\/\/rodoaed.ee\/fi\/tuote\/orava-diner-kahden-huoneen-talo\/#primaryimage"},"thumbnailUrl":"https:\/\/rodoaed.ee\/wp-content\/uploads\/2025\/03\/orava-soogimaja_WA57_01.png","datePublished":"2025-03-11T12:29:16+00:00","dateModified":"2026-04-17T07:17:04+00:00","breadcrumb":{"@id":"https:\/\/rodoaed.ee\/fi\/tuote\/orava-diner-kahden-huoneen-talo\/#breadcrumb"},"inLanguage":"fi","potentialAction":[{"@type":"ReadAction","target":["https:\/\/rodoaed.ee\/fi\/tuote\/orava-diner-kahden-huoneen-talo\/"]}]},{"@type":"ImageObject","inLanguage":"fi","@id":"https:\/\/rodoaed.ee\/fi\/tuote\/orava-diner-kahden-huoneen-talo\/#primaryimage","url":"https:\/\/rodoaed.ee\/wp-content\/uploads\/2025\/03\/orava-soogimaja_WA57_01.png","contentUrl":"https:\/\/rodoaed.ee\/wp-content\/uploads\/2025\/03\/orava-soogimaja_WA57_01.png","width":1240,"height":1240},{"@type":"BreadcrumbList","@id":"https:\/\/rodoaed.ee\/fi\/tuote\/orava-diner-kahden-huoneen-talo\/#breadcrumb","itemListElement":[{"@type":"ListItem","position":1,"name":"Home","item":"https:\/\/rodoaed.ee\/fi\/"},{"@type":"ListItem","position":2,"name":"Osta osoitteessa","item":"https:\/\/rodoaed.ee\/osta-osoitteessa\/"},{"@type":"ListItem","position":3,"name":"Orava Diner kahden huoneen talo"}]},{"@type":"WebSite","@id":"https:\/\/rodoaed.ee\/#website","url":"https:\/\/rodoaed.ee\/","name":"Rodoaed","description":"","publisher":{"@id":"https:\/\/rodoaed.ee\/#organization"},"potentialAction":[{"@type":"SearchAction","target":{"@type":"EntryPoint","urlTemplate":"https:\/\/rodoaed.ee\/?s={search_term_string}"},"query-input":{"@type":"PropertyValueSpecification","valueRequired":true,"valueName":"search_term_string"}}],"inLanguage":"fi"},{"@type":"Organization","@id":"https:\/\/rodoaed.ee\/#organization","name":"Rodoaed","url":"https:\/\/rodoaed.ee\/","logo":{"@type":"ImageObject","inLanguage":"fi","@id":"https:\/\/rodoaed.ee\/#\/schema\/logo\/image\/","url":"https:\/\/rodoaed.ee\/wp-content\/uploads\/2019\/11\/rodoaed-logo-ilma-taustata.jpg","contentUrl":"https:\/\/rodoaed.ee\/wp-content\/uploads\/2019\/11\/rodoaed-logo-ilma-taustata.jpg","width":769,"height":268,"caption":"Rodoaed"},"image":{"@id":"https:\/\/rodoaed.ee\/#\/schema\/logo\/image\/"},"sameAs":["https:\/\/www.facebook.com\/kasvuhooned\/","https:\/\/rodoaed.ee"]}]}},"_links":{"self":[{"href":"https:\/\/rodoaed.ee\/fi\/wp-json\/wp\/v2\/product\/52502","targetHints":{"allow":["GET"]}}],"collection":[{"href":"https:\/\/rodoaed.ee\/fi\/wp-json\/wp\/v2\/product"}],"about":[{"href":"https:\/\/rodoaed.ee\/fi\/wp-json\/wp\/v2\/types\/product"}],"wp:featuredmedia":[{"embeddable":true,"href":"https:\/\/rodoaed.ee\/fi\/wp-json\/wp\/v2\/media\/49957"}],"wp:attachment":[{"href":"https:\/\/rodoaed.ee\/fi\/wp-json\/wp\/v2\/media?parent=52502"}],"wp:term":[{"taxonomy":"product_brand","embeddable":true,"href":"https:\/\/rodoaed.ee\/fi\/wp-json\/wp\/v2\/product_brand?post=52502"},{"taxonomy":"product_cat","embeddable":true,"href":"https:\/\/rodoaed.ee\/fi\/wp-json\/wp\/v2\/product_cat?post=52502"},{"taxonomy":"product_tag","embeddable":true,"href":"https:\/\/rodoaed.ee\/fi\/wp-json\/wp\/v2\/product_tag?post=52502"}],"curies":[{"name":"wp","href":"https:\/\/api.w.org\/{rel}","templated":true}]}}