{"id":52504,"date":"2025-04-28T12:30:53","date_gmt":"2025-04-28T09:30:53","guid":{"rendered":"https:\/\/rodoaed.ee\/toode\/varapyorat-6kpl-berberis-uno-duo-ja-trio-kasvisailioon\/"},"modified":"2026-04-17T10:16:57","modified_gmt":"2026-04-17T07:16:57","slug":"varapyorat-6kpl-berberis-uno-duo-ja-trio-kasvisailioon","status":"publish","type":"product","link":"https:\/\/rodoaed.ee\/fi\/tuote\/varapyorat-6kpl-berberis-uno-duo-ja-trio-kasvisailioon\/","title":{"rendered":"Varapy\u00f6r\u00e4t 6kpl Berberis Uno, Duo ja Trio kasvis\u00e4ili\u00f6\u00f6n"},"content":{"rendered":"<p><strong>Jos kasviastian py\u00f6r\u00e4t ovat rikki tai puuttuvat, t\u00e4m\u00e4 on korvaava tuote. Pakkaus sis\u00e4lt\u00e4\u00e4 6 py\u00f6r\u00e4\u00e4 akseleilla (DUO-sarja). <\/strong><\/p>\n<p>Sopii Berberis Uno, Duo ja Trio -malleihin.<\/p>\n<p><a href=\"https:\/\/rodoaed.ee\/fi\/\">kotisivu<\/a> <a href=\"https:\/\/rodoaed.ee\/tootekategooria\/kasvuhooned-ja-talveaiad\/\">k\u00e4ynnist\u00e4<\/a> <a href=\"https:\/\/rodoaed.ee\/tootekategooria\/kasvuhooned-ja-talveaiad\/kasvuhoone-lisavarustus\/\">tarvikkeet<\/a> <a href=\"https:\/\/rodoaed.ee\/tootekategooria\/kasvuhooned-ja-talveaiad\/kasvuhoone-lisavarustus\/kasvuhoone-tarvikud\/\">tarvikkeet<\/a><\/p>\n<div>\n<div><\/div>\n<\/div>\n","protected":false},"excerpt":{"rendered":"<p>Jos kasviastian py\u00f6r\u00e4t ovat rikki tai puuttuvat, t\u00e4m\u00e4 on korvaava tuote. Pakkaus sis\u00e4lt\u00e4\u00e4 6 py\u00f6r\u00e4\u00e4 akseleilla (DUO-sarja). Sopii Berberis Uno, Duo ja Trio -malleihin. kotisivu k\u00e4ynnist\u00e4 tarvikkeet tarvikkeet<\/p>\n","protected":false},"featured_media":50310,"template":"","meta":{"_acf_changed":false},"product_brand":[],"product_cat":[1777,1788,1752],"product_tag":[],"class_list":{"0":"post-52504","1":"product","2":"type-product","3":"status-publish","4":"has-post-thumbnail","6":"product_cat-art-containers-berberis-uno-duo-ja-trio","7":"product_cat-kukkaruukut-ja-kasviastiat","8":"product_cat-puutarha-ja-piha","9":"product_shipping_class-toimitus-1-3-tyopaivan-kuluessa","10":"pa_variatsioon-kasvatussailio-16l2l-jossa-on-vesisailio-ja-kehys","12":"first","13":"instock","14":"taxable","15":"shipping-taxable","16":"purchasable","17":"product-type-simple"},"acf":[],"yoast_head":"<!-- This site is optimized with the Yoast SEO Premium plugin v27.3 (Yoast SEO v27.3) - https:\/\/yoast.com\/product\/yoast-seo-premium-wordpress\/ -->\n<title>Varapy\u00f6r\u00e4t 6kpl Berberis Uno, Duo ja Trio kasvis\u00e4ili\u00f6\u00f6n - Rodoaed<\/title>\n<meta name=\"description\" content=\"Kasvien kasvuastia. S\u00e4ili\u00f6n alla on kastelus\u00e4ili\u00f6, josta kasvit voivat ime\u00e4 juurineen sopivan m\u00e4\u00e4r\u00e4n vett\u00e4.\" \/>\n<meta name=\"robots\" content=\"index, follow, max-snippet:-1, max-image-preview:large, max-video-preview:-1\" \/>\n<link rel=\"canonical\" href=\"https:\/\/rodoaed.ee\/fi\/tuote\/varapyorat-6kpl-berberis-uno-duo-ja-trio-kasvisailioon\/\" \/>\n<meta property=\"og:locale\" content=\"fi_FI\" \/>\n<meta property=\"og:type\" content=\"article\" \/>\n<meta property=\"og:title\" content=\"Varapy\u00f6r\u00e4t 6kpl Berberis Uno, Duo ja Trio kasvis\u00e4ili\u00f6\u00f6n\" \/>\n<meta property=\"og:description\" content=\"Jos kasviastian py\u00f6r\u00e4t ovat rikki tai puuttuvat, t\u00e4m\u00e4 on korvaava tuote. Pakkaus sis\u00e4lt\u00e4\u00e4 6 py\u00f6r\u00e4\u00e4 akseleilla (DUO-sarja). Sopii Berberis Uno, Duo ja Trio\" \/>\n<meta property=\"og:url\" content=\"https:\/\/rodoaed.ee\/fi\/tuote\/varapyorat-6kpl-berberis-uno-duo-ja-trio-kasvisailioon\/\" \/>\n<meta property=\"og:site_name\" content=\"Rodoaed\" \/>\n<meta property=\"article:publisher\" content=\"https:\/\/www.facebook.com\/kasvuhooned\/\" \/>\n<meta property=\"article:modified_time\" content=\"2026-04-17T07:16:57+00:00\" \/>\n<meta property=\"og:image\" content=\"https:\/\/rodoaed.ee\/wp-content\/uploads\/2025\/04\/varurattad_berberis.jpg\" \/>\n\t<meta property=\"og:image:width\" content=\"555\" \/>\n\t<meta property=\"og:image:height\" content=\"500\" \/>\n\t<meta property=\"og:image:type\" content=\"image\/jpeg\" \/>\n<meta name=\"twitter:card\" content=\"summary_large_image\" \/>\n<script type=\"application\/ld+json\" class=\"yoast-schema-graph\">{\"@context\":\"https:\\\/\\\/schema.org\",\"@graph\":[{\"@type\":\"WebPage\",\"@id\":\"https:\\\/\\\/rodoaed.ee\\\/fi\\\/tuote\\\/varapyorat-6kpl-berberis-uno-duo-ja-trio-kasvisailioon\\\/\",\"url\":\"https:\\\/\\\/rodoaed.ee\\\/fi\\\/tuote\\\/varapyorat-6kpl-berberis-uno-duo-ja-trio-kasvisailioon\\\/\",\"name\":\"Varapy\u00f6r\u00e4t 6kpl Berberis Uno, Duo ja Trio kasvis\u00e4ili\u00f6\u00f6n - Rodoaed\",\"isPartOf\":{\"@id\":\"https:\\\/\\\/rodoaed.ee\\\/#website\"},\"primaryImageOfPage\":{\"@id\":\"https:\\\/\\\/rodoaed.ee\\\/fi\\\/tuote\\\/varapyorat-6kpl-berberis-uno-duo-ja-trio-kasvisailioon\\\/#primaryimage\"},\"image\":{\"@id\":\"https:\\\/\\\/rodoaed.ee\\\/fi\\\/tuote\\\/varapyorat-6kpl-berberis-uno-duo-ja-trio-kasvisailioon\\\/#primaryimage\"},\"thumbnailUrl\":\"https:\\\/\\\/rodoaed.ee\\\/wp-content\\\/uploads\\\/2025\\\/04\\\/varurattad_berberis.jpg\",\"datePublished\":\"2025-04-28T09:30:53+00:00\",\"dateModified\":\"2026-04-17T07:16:57+00:00\",\"description\":\"Kasvien kasvuastia. S\u00e4ili\u00f6n alla on kastelus\u00e4ili\u00f6, josta kasvit voivat ime\u00e4 juurineen sopivan m\u00e4\u00e4r\u00e4n vett\u00e4.\",\"breadcrumb\":{\"@id\":\"https:\\\/\\\/rodoaed.ee\\\/fi\\\/tuote\\\/varapyorat-6kpl-berberis-uno-duo-ja-trio-kasvisailioon\\\/#breadcrumb\"},\"inLanguage\":\"fi\",\"potentialAction\":[{\"@type\":\"ReadAction\",\"target\":[\"https:\\\/\\\/rodoaed.ee\\\/fi\\\/tuote\\\/varapyorat-6kpl-berberis-uno-duo-ja-trio-kasvisailioon\\\/\"]}]},{\"@type\":\"ImageObject\",\"inLanguage\":\"fi\",\"@id\":\"https:\\\/\\\/rodoaed.ee\\\/fi\\\/tuote\\\/varapyorat-6kpl-berberis-uno-duo-ja-trio-kasvisailioon\\\/#primaryimage\",\"url\":\"https:\\\/\\\/rodoaed.ee\\\/wp-content\\\/uploads\\\/2025\\\/04\\\/varurattad_berberis.jpg\",\"contentUrl\":\"https:\\\/\\\/rodoaed.ee\\\/wp-content\\\/uploads\\\/2025\\\/04\\\/varurattad_berberis.jpg\",\"width\":555,\"height\":500},{\"@type\":\"BreadcrumbList\",\"@id\":\"https:\\\/\\\/rodoaed.ee\\\/fi\\\/tuote\\\/varapyorat-6kpl-berberis-uno-duo-ja-trio-kasvisailioon\\\/#breadcrumb\",\"itemListElement\":[{\"@type\":\"ListItem\",\"position\":1,\"name\":\"Home\",\"item\":\"https:\\\/\\\/rodoaed.ee\\\/fi\\\/\"},{\"@type\":\"ListItem\",\"position\":2,\"name\":\"Osta osoitteessa\",\"item\":\"https:\\\/\\\/rodoaed.ee\\\/osta-osoitteessa\\\/\"},{\"@type\":\"ListItem\",\"position\":3,\"name\":\"Varapy\u00f6r\u00e4t 6kpl Berberis Uno, Duo ja Trio kasvis\u00e4ili\u00f6\u00f6n\"}]},{\"@type\":\"WebSite\",\"@id\":\"https:\\\/\\\/rodoaed.ee\\\/#website\",\"url\":\"https:\\\/\\\/rodoaed.ee\\\/\",\"name\":\"Rodoaed\",\"description\":\"\",\"publisher\":{\"@id\":\"https:\\\/\\\/rodoaed.ee\\\/#organization\"},\"potentialAction\":[{\"@type\":\"SearchAction\",\"target\":{\"@type\":\"EntryPoint\",\"urlTemplate\":\"https:\\\/\\\/rodoaed.ee\\\/?s={search_term_string}\"},\"query-input\":{\"@type\":\"PropertyValueSpecification\",\"valueRequired\":true,\"valueName\":\"search_term_string\"}}],\"inLanguage\":\"fi\"},{\"@type\":\"Organization\",\"@id\":\"https:\\\/\\\/rodoaed.ee\\\/#organization\",\"name\":\"Rodoaed\",\"url\":\"https:\\\/\\\/rodoaed.ee\\\/\",\"logo\":{\"@type\":\"ImageObject\",\"inLanguage\":\"fi\",\"@id\":\"https:\\\/\\\/rodoaed.ee\\\/#\\\/schema\\\/logo\\\/image\\\/\",\"url\":\"https:\\\/\\\/rodoaed.ee\\\/wp-content\\\/uploads\\\/2019\\\/11\\\/rodoaed-logo-ilma-taustata.jpg\",\"contentUrl\":\"https:\\\/\\\/rodoaed.ee\\\/wp-content\\\/uploads\\\/2019\\\/11\\\/rodoaed-logo-ilma-taustata.jpg\",\"width\":769,\"height\":268,\"caption\":\"Rodoaed\"},\"image\":{\"@id\":\"https:\\\/\\\/rodoaed.ee\\\/#\\\/schema\\\/logo\\\/image\\\/\"},\"sameAs\":[\"https:\\\/\\\/www.facebook.com\\\/kasvuhooned\\\/\",\"https:\\\/\\\/rodoaed.ee\"]}]}<\/script>\n<!-- \/ Yoast SEO Premium plugin. -->","yoast_head_json":{"title":"Varapy\u00f6r\u00e4t 6kpl Berberis Uno, Duo ja Trio kasvis\u00e4ili\u00f6\u00f6n - Rodoaed","description":"Kasvien kasvuastia. S\u00e4ili\u00f6n alla on kastelus\u00e4ili\u00f6, josta kasvit voivat ime\u00e4 juurineen sopivan m\u00e4\u00e4r\u00e4n vett\u00e4.","robots":{"index":"index","follow":"follow","max-snippet":"max-snippet:-1","max-image-preview":"max-image-preview:large","max-video-preview":"max-video-preview:-1"},"canonical":"https:\/\/rodoaed.ee\/fi\/tuote\/varapyorat-6kpl-berberis-uno-duo-ja-trio-kasvisailioon\/","og_locale":"fi_FI","og_type":"article","og_title":"Varapy\u00f6r\u00e4t 6kpl Berberis Uno, Duo ja Trio kasvis\u00e4ili\u00f6\u00f6n","og_description":"Jos kasviastian py\u00f6r\u00e4t ovat rikki tai puuttuvat, t\u00e4m\u00e4 on korvaava tuote. Pakkaus sis\u00e4lt\u00e4\u00e4 6 py\u00f6r\u00e4\u00e4 akseleilla (DUO-sarja). Sopii Berberis Uno, Duo ja Trio","og_url":"https:\/\/rodoaed.ee\/fi\/tuote\/varapyorat-6kpl-berberis-uno-duo-ja-trio-kasvisailioon\/","og_site_name":"Rodoaed","article_publisher":"https:\/\/www.facebook.com\/kasvuhooned\/","article_modified_time":"2026-04-17T07:16:57+00:00","og_image":[{"width":555,"height":500,"url":"https:\/\/rodoaed.ee\/wp-content\/uploads\/2025\/04\/varurattad_berberis.jpg","type":"image\/jpeg"}],"twitter_card":"summary_large_image","schema":{"@context":"https:\/\/schema.org","@graph":[{"@type":"WebPage","@id":"https:\/\/rodoaed.ee\/fi\/tuote\/varapyorat-6kpl-berberis-uno-duo-ja-trio-kasvisailioon\/","url":"https:\/\/rodoaed.ee\/fi\/tuote\/varapyorat-6kpl-berberis-uno-duo-ja-trio-kasvisailioon\/","name":"Varapy\u00f6r\u00e4t 6kpl Berberis Uno, Duo ja Trio kasvis\u00e4ili\u00f6\u00f6n - Rodoaed","isPartOf":{"@id":"https:\/\/rodoaed.ee\/#website"},"primaryImageOfPage":{"@id":"https:\/\/rodoaed.ee\/fi\/tuote\/varapyorat-6kpl-berberis-uno-duo-ja-trio-kasvisailioon\/#primaryimage"},"image":{"@id":"https:\/\/rodoaed.ee\/fi\/tuote\/varapyorat-6kpl-berberis-uno-duo-ja-trio-kasvisailioon\/#primaryimage"},"thumbnailUrl":"https:\/\/rodoaed.ee\/wp-content\/uploads\/2025\/04\/varurattad_berberis.jpg","datePublished":"2025-04-28T09:30:53+00:00","dateModified":"2026-04-17T07:16:57+00:00","description":"Kasvien kasvuastia. S\u00e4ili\u00f6n alla on kastelus\u00e4ili\u00f6, josta kasvit voivat ime\u00e4 juurineen sopivan m\u00e4\u00e4r\u00e4n vett\u00e4.","breadcrumb":{"@id":"https:\/\/rodoaed.ee\/fi\/tuote\/varapyorat-6kpl-berberis-uno-duo-ja-trio-kasvisailioon\/#breadcrumb"},"inLanguage":"fi","potentialAction":[{"@type":"ReadAction","target":["https:\/\/rodoaed.ee\/fi\/tuote\/varapyorat-6kpl-berberis-uno-duo-ja-trio-kasvisailioon\/"]}]},{"@type":"ImageObject","inLanguage":"fi","@id":"https:\/\/rodoaed.ee\/fi\/tuote\/varapyorat-6kpl-berberis-uno-duo-ja-trio-kasvisailioon\/#primaryimage","url":"https:\/\/rodoaed.ee\/wp-content\/uploads\/2025\/04\/varurattad_berberis.jpg","contentUrl":"https:\/\/rodoaed.ee\/wp-content\/uploads\/2025\/04\/varurattad_berberis.jpg","width":555,"height":500},{"@type":"BreadcrumbList","@id":"https:\/\/rodoaed.ee\/fi\/tuote\/varapyorat-6kpl-berberis-uno-duo-ja-trio-kasvisailioon\/#breadcrumb","itemListElement":[{"@type":"ListItem","position":1,"name":"Home","item":"https:\/\/rodoaed.ee\/fi\/"},{"@type":"ListItem","position":2,"name":"Osta osoitteessa","item":"https:\/\/rodoaed.ee\/osta-osoitteessa\/"},{"@type":"ListItem","position":3,"name":"Varapy\u00f6r\u00e4t 6kpl Berberis Uno, Duo ja Trio kasvis\u00e4ili\u00f6\u00f6n"}]},{"@type":"WebSite","@id":"https:\/\/rodoaed.ee\/#website","url":"https:\/\/rodoaed.ee\/","name":"Rodoaed","description":"","publisher":{"@id":"https:\/\/rodoaed.ee\/#organization"},"potentialAction":[{"@type":"SearchAction","target":{"@type":"EntryPoint","urlTemplate":"https:\/\/rodoaed.ee\/?s={search_term_string}"},"query-input":{"@type":"PropertyValueSpecification","valueRequired":true,"valueName":"search_term_string"}}],"inLanguage":"fi"},{"@type":"Organization","@id":"https:\/\/rodoaed.ee\/#organization","name":"Rodoaed","url":"https:\/\/rodoaed.ee\/","logo":{"@type":"ImageObject","inLanguage":"fi","@id":"https:\/\/rodoaed.ee\/#\/schema\/logo\/image\/","url":"https:\/\/rodoaed.ee\/wp-content\/uploads\/2019\/11\/rodoaed-logo-ilma-taustata.jpg","contentUrl":"https:\/\/rodoaed.ee\/wp-content\/uploads\/2019\/11\/rodoaed-logo-ilma-taustata.jpg","width":769,"height":268,"caption":"Rodoaed"},"image":{"@id":"https:\/\/rodoaed.ee\/#\/schema\/logo\/image\/"},"sameAs":["https:\/\/www.facebook.com\/kasvuhooned\/","https:\/\/rodoaed.ee"]}]}},"_links":{"self":[{"href":"https:\/\/rodoaed.ee\/fi\/wp-json\/wp\/v2\/product\/52504","targetHints":{"allow":["GET"]}}],"collection":[{"href":"https:\/\/rodoaed.ee\/fi\/wp-json\/wp\/v2\/product"}],"about":[{"href":"https:\/\/rodoaed.ee\/fi\/wp-json\/wp\/v2\/types\/product"}],"wp:featuredmedia":[{"embeddable":true,"href":"https:\/\/rodoaed.ee\/fi\/wp-json\/wp\/v2\/media\/50310"}],"wp:attachment":[{"href":"https:\/\/rodoaed.ee\/fi\/wp-json\/wp\/v2\/media?parent=52504"}],"wp:term":[{"taxonomy":"product_brand","embeddable":true,"href":"https:\/\/rodoaed.ee\/fi\/wp-json\/wp\/v2\/product_brand?post=52504"},{"taxonomy":"product_cat","embeddable":true,"href":"https:\/\/rodoaed.ee\/fi\/wp-json\/wp\/v2\/product_cat?post=52504"},{"taxonomy":"product_tag","embeddable":true,"href":"https:\/\/rodoaed.ee\/fi\/wp-json\/wp\/v2\/product_tag?post=52504"}],"curies":[{"name":"wp","href":"https:\/\/api.w.org\/{rel}","templated":true}]}}