{"id":52505,"date":"2025-03-15T12:10:06","date_gmt":"2025-03-15T10:10:06","guid":{"rendered":"https:\/\/rodoaed.ee\/toode\/biohajoavat-pussit-25kpl-biojateastioihin\/"},"modified":"2026-04-17T10:17:00","modified_gmt":"2026-04-17T07:17:00","slug":"biohajoavat-pussit-25kpl-biojateastioihin","status":"publish","type":"product","link":"https:\/\/rodoaed.ee\/fi\/tuote\/biohajoavat-pussit-25kpl-biojateastioihin\/","title":{"rendered":"Biohajoavat pussit 25kpl bioj\u00e4teastioihin"},"content":{"rendered":"<p><strong>Biohajoavat pussit 25 kpl k\u00e4ytett\u00e4v\u00e4ksi 4 litran bioj\u00e4teastiassa.<\/strong><\/p>\n<p><strong>Bioj\u00e4teastia, jossa on biologisesti hajoava pakkaus, k\u00e4ytett\u00e4v\u00e4ksi keitti\u00f6n ty\u00f6tasolla.  <\/strong><\/p>\n<p><span style=\"font-size: 16px;\">Suunniteltu kaikille, jotka ker\u00e4\u00e4v\u00e4t bioj\u00e4tett\u00e4 tai kompostoivat sit\u00e4 s\u00e4ili\u00f6ss\u00e4\u00e4n. S\u00e4ili\u00f6ss\u00e4 on k\u00e4tev\u00e4 kehys, johon pussi voidaan kiinnitt\u00e4\u00e4 nopeasti. S\u00e4ili\u00f6t\u00e4 on eritt\u00e4in helppo k\u00e4ytt\u00e4\u00e4 ja huoltaa. Pese kompostori saippualla ja vedell\u00e4 ja kuivaa.   <\/span><\/p>\n<p>T\u00e4m\u00e4n pakkauksen mukana tulee pakkaus biohajoavia pusseja. S\u00e4ili\u00f6 suositellaan tyhjennett\u00e4v\u00e4ksi v\u00e4hint\u00e4\u00e4n 3 p\u00e4iv\u00e4n v\u00e4lein. S\u00e4ilyt\u00e4 biohajoavia pusseja kuivassa paikassa enint\u00e4\u00e4n 12 kuukautta, mink\u00e4 j\u00e4lkeen ne alkavat hajota.  <\/p>\n<p>S\u00e4ili\u00f6 on valmistettu erityisen ymp\u00e4rist\u00f6yst\u00e4v\u00e4llisest\u00e4 kierr\u00e4tysmateriaalista. Harmaas\u00e4vy on luonnollinen s\u00e4vy ilman lis\u00e4ttyj\u00e4 v\u00e4riaineita. <\/p>\n<h4>T\u00e4rkeimm\u00e4t ominaisuudet<\/h4>\n<ul>\n<li>Mitat: 16,5 x 28,5 x 15 cm korkeus cm<\/li>\n<li>V\u00e4ri: norsunluu ja kahvinporot<\/li>\n<li>Tilavuus: 3,1 litraa<\/li>\n<\/ul>\n<p><a href=\"https:\/\/rodoaed.ee\/fi\/\">kotisivu<\/a> <a href=\"https:\/\/rodoaed.ee\/tootekategooria\/kasvuhooned-ja-talveaiad\/\">k\u00e4ynnist\u00e4<\/a> <a href=\"https:\/\/rodoaed.ee\/tootekategooria\/kasvuhooned-ja-talveaiad\/kasvuhoone-lisavarustus\/\">tarvikkeet<\/a> <a href=\"https:\/\/rodoaed.ee\/tootekategooria\/kasvuhooned-ja-talveaiad\/kasvuhoone-lisavarustus\/kasvuhoone-tarvikud\/\">tarvikkeet<\/a><\/p>\n<div><\/div>\n","protected":false},"excerpt":{"rendered":"<p>Biohajoavat pussit 25 kpl k\u00e4ytett\u00e4v\u00e4ksi 4 litran bioj\u00e4teastiassa. Bioj\u00e4teastia, jossa on biologisesti hajoava pakkaus, k\u00e4ytett\u00e4v\u00e4ksi keitti\u00f6n ty\u00f6tasolla. Suunniteltu kaikille, jotka ker\u00e4\u00e4v\u00e4t bioj\u00e4tett\u00e4 tai kompostoivat sit\u00e4 s\u00e4ili\u00f6ss\u00e4\u00e4n. S\u00e4ili\u00f6ss\u00e4 on k\u00e4tev\u00e4 kehys, johon pussi voidaan kiinnitt\u00e4\u00e4 nopeasti. S\u00e4ili\u00f6t\u00e4 on eritt\u00e4in helppo k\u00e4ytt\u00e4\u00e4 ja huoltaa. Pese kompostori saippualla ja vedell\u00e4 ja kuivaa. T\u00e4m\u00e4n pakkauksen mukana tulee pakkaus biohajoavia pusseja. S\u00e4ili\u00f6 suositellaan tyhjennett\u00e4v\u00e4ksi v\u00e4hint\u00e4\u00e4n 3 p\u00e4iv\u00e4n v\u00e4lein. S\u00e4ilyt\u00e4 biohajoavia&#8230;<\/p>\n","protected":false},"featured_media":47024,"template":"","meta":{"_acf_changed":false},"product_brand":[],"product_cat":[1791,1752],"product_tag":[],"class_list":{"0":"post-52505","1":"product","2":"type-product","3":"status-publish","4":"has-post-thumbnail","6":"product_cat-kompostorit","7":"product_cat-puutarha-ja-piha","8":"product_shipping_class-toimitus-1-3-tyopaivan-kuluessa","9":"pa_variatsioon-kasvatussailio-16l2l-jossa-on-vesisailio-ja-kehys","11":"first","12":"instock","13":"taxable","14":"shipping-taxable","15":"purchasable","16":"product-type-simple"},"acf":[],"yoast_head":"<!-- This site is optimized with the Yoast SEO Premium plugin v27.3 (Yoast SEO v27.3) - https:\/\/yoast.com\/product\/yoast-seo-premium-wordpress\/ -->\n<title>Biohajoavat pussit 25kpl bioj\u00e4teastioihin - Rodoaed<\/title>\n<meta name=\"description\" content=\"Kasvien kasvuastia. S\u00e4ili\u00f6n alla on kastelus\u00e4ili\u00f6, josta kasvit voivat ime\u00e4 juurineen sopivan m\u00e4\u00e4r\u00e4n vett\u00e4.\" \/>\n<meta name=\"robots\" content=\"index, follow, max-snippet:-1, max-image-preview:large, max-video-preview:-1\" \/>\n<link rel=\"canonical\" href=\"https:\/\/rodoaed.ee\/fi\/tuote\/biohajoavat-pussit-25kpl-biojateastioihin\/\" \/>\n<meta property=\"og:locale\" content=\"fi_FI\" \/>\n<meta property=\"og:type\" content=\"article\" \/>\n<meta property=\"og:title\" content=\"Biohajoavat pussit 25kpl bioj\u00e4teastioihin\" \/>\n<meta property=\"og:description\" content=\"Biohajoavat pussit 25 kpl k\u00e4ytett\u00e4v\u00e4ksi 4 litran bioj\u00e4teastiassa. Bioj\u00e4teastia, jossa on biologisesti hajoava pakkaus, k\u00e4ytett\u00e4v\u00e4ksi keitti\u00f6n ty\u00f6tasolla.\" \/>\n<meta property=\"og:url\" content=\"https:\/\/rodoaed.ee\/fi\/tuote\/biohajoavat-pussit-25kpl-biojateastioihin\/\" \/>\n<meta property=\"og:site_name\" content=\"Rodoaed\" \/>\n<meta property=\"article:publisher\" content=\"https:\/\/www.facebook.com\/kasvuhooned\/\" \/>\n<meta property=\"article:modified_time\" content=\"2026-04-17T07:17:00+00:00\" \/>\n<meta property=\"og:image\" content=\"https:\/\/rodoaed.ee\/wp-content\/uploads\/2024\/03\/Biojaatmete-konteiner_4.jpg\" \/>\n\t<meta property=\"og:image:width\" content=\"1400\" \/>\n\t<meta property=\"og:image:height\" content=\"933\" \/>\n\t<meta property=\"og:image:type\" content=\"image\/jpeg\" \/>\n<meta name=\"twitter:card\" content=\"summary_large_image\" \/>\n<meta name=\"twitter:label1\" content=\"Arvioitu lukuaika\" \/>\n\t<meta name=\"twitter:data1\" content=\"1 minuutti\" \/>\n<script type=\"application\/ld+json\" class=\"yoast-schema-graph\">{\"@context\":\"https:\\\/\\\/schema.org\",\"@graph\":[{\"@type\":\"WebPage\",\"@id\":\"https:\\\/\\\/rodoaed.ee\\\/fi\\\/tuote\\\/biohajoavat-pussit-25kpl-biojateastioihin\\\/\",\"url\":\"https:\\\/\\\/rodoaed.ee\\\/fi\\\/tuote\\\/biohajoavat-pussit-25kpl-biojateastioihin\\\/\",\"name\":\"Biohajoavat pussit 25kpl bioj\u00e4teastioihin - Rodoaed\",\"isPartOf\":{\"@id\":\"https:\\\/\\\/rodoaed.ee\\\/#website\"},\"primaryImageOfPage\":{\"@id\":\"https:\\\/\\\/rodoaed.ee\\\/fi\\\/tuote\\\/biohajoavat-pussit-25kpl-biojateastioihin\\\/#primaryimage\"},\"image\":{\"@id\":\"https:\\\/\\\/rodoaed.ee\\\/fi\\\/tuote\\\/biohajoavat-pussit-25kpl-biojateastioihin\\\/#primaryimage\"},\"thumbnailUrl\":\"https:\\\/\\\/rodoaed.ee\\\/wp-content\\\/uploads\\\/2024\\\/03\\\/Biojaatmete-konteiner_4.jpg\",\"datePublished\":\"2025-03-15T10:10:06+00:00\",\"dateModified\":\"2026-04-17T07:17:00+00:00\",\"description\":\"Kasvien kasvuastia. S\u00e4ili\u00f6n alla on kastelus\u00e4ili\u00f6, josta kasvit voivat ime\u00e4 juurineen sopivan m\u00e4\u00e4r\u00e4n vett\u00e4.\",\"breadcrumb\":{\"@id\":\"https:\\\/\\\/rodoaed.ee\\\/fi\\\/tuote\\\/biohajoavat-pussit-25kpl-biojateastioihin\\\/#breadcrumb\"},\"inLanguage\":\"fi\",\"potentialAction\":[{\"@type\":\"ReadAction\",\"target\":[\"https:\\\/\\\/rodoaed.ee\\\/fi\\\/tuote\\\/biohajoavat-pussit-25kpl-biojateastioihin\\\/\"]}]},{\"@type\":\"ImageObject\",\"inLanguage\":\"fi\",\"@id\":\"https:\\\/\\\/rodoaed.ee\\\/fi\\\/tuote\\\/biohajoavat-pussit-25kpl-biojateastioihin\\\/#primaryimage\",\"url\":\"https:\\\/\\\/rodoaed.ee\\\/wp-content\\\/uploads\\\/2024\\\/03\\\/Biojaatmete-konteiner_4.jpg\",\"contentUrl\":\"https:\\\/\\\/rodoaed.ee\\\/wp-content\\\/uploads\\\/2024\\\/03\\\/Biojaatmete-konteiner_4.jpg\",\"width\":1400,\"height\":933},{\"@type\":\"BreadcrumbList\",\"@id\":\"https:\\\/\\\/rodoaed.ee\\\/fi\\\/tuote\\\/biohajoavat-pussit-25kpl-biojateastioihin\\\/#breadcrumb\",\"itemListElement\":[{\"@type\":\"ListItem\",\"position\":1,\"name\":\"Home\",\"item\":\"https:\\\/\\\/rodoaed.ee\\\/fi\\\/\"},{\"@type\":\"ListItem\",\"position\":2,\"name\":\"Osta osoitteessa\",\"item\":\"https:\\\/\\\/rodoaed.ee\\\/osta-osoitteessa\\\/\"},{\"@type\":\"ListItem\",\"position\":3,\"name\":\"Biohajoavat pussit 25kpl bioj\u00e4teastioihin\"}]},{\"@type\":\"WebSite\",\"@id\":\"https:\\\/\\\/rodoaed.ee\\\/#website\",\"url\":\"https:\\\/\\\/rodoaed.ee\\\/\",\"name\":\"Rodoaed\",\"description\":\"\",\"publisher\":{\"@id\":\"https:\\\/\\\/rodoaed.ee\\\/#organization\"},\"potentialAction\":[{\"@type\":\"SearchAction\",\"target\":{\"@type\":\"EntryPoint\",\"urlTemplate\":\"https:\\\/\\\/rodoaed.ee\\\/?s={search_term_string}\"},\"query-input\":{\"@type\":\"PropertyValueSpecification\",\"valueRequired\":true,\"valueName\":\"search_term_string\"}}],\"inLanguage\":\"fi\"},{\"@type\":\"Organization\",\"@id\":\"https:\\\/\\\/rodoaed.ee\\\/#organization\",\"name\":\"Rodoaed\",\"url\":\"https:\\\/\\\/rodoaed.ee\\\/\",\"logo\":{\"@type\":\"ImageObject\",\"inLanguage\":\"fi\",\"@id\":\"https:\\\/\\\/rodoaed.ee\\\/#\\\/schema\\\/logo\\\/image\\\/\",\"url\":\"https:\\\/\\\/rodoaed.ee\\\/wp-content\\\/uploads\\\/2019\\\/11\\\/rodoaed-logo-ilma-taustata.jpg\",\"contentUrl\":\"https:\\\/\\\/rodoaed.ee\\\/wp-content\\\/uploads\\\/2019\\\/11\\\/rodoaed-logo-ilma-taustata.jpg\",\"width\":769,\"height\":268,\"caption\":\"Rodoaed\"},\"image\":{\"@id\":\"https:\\\/\\\/rodoaed.ee\\\/#\\\/schema\\\/logo\\\/image\\\/\"},\"sameAs\":[\"https:\\\/\\\/www.facebook.com\\\/kasvuhooned\\\/\",\"https:\\\/\\\/rodoaed.ee\"]}]}<\/script>\n<!-- \/ Yoast SEO Premium plugin. -->","yoast_head_json":{"title":"Biohajoavat pussit 25kpl bioj\u00e4teastioihin - Rodoaed","description":"Kasvien kasvuastia. S\u00e4ili\u00f6n alla on kastelus\u00e4ili\u00f6, josta kasvit voivat ime\u00e4 juurineen sopivan m\u00e4\u00e4r\u00e4n vett\u00e4.","robots":{"index":"index","follow":"follow","max-snippet":"max-snippet:-1","max-image-preview":"max-image-preview:large","max-video-preview":"max-video-preview:-1"},"canonical":"https:\/\/rodoaed.ee\/fi\/tuote\/biohajoavat-pussit-25kpl-biojateastioihin\/","og_locale":"fi_FI","og_type":"article","og_title":"Biohajoavat pussit 25kpl bioj\u00e4teastioihin","og_description":"Biohajoavat pussit 25 kpl k\u00e4ytett\u00e4v\u00e4ksi 4 litran bioj\u00e4teastiassa. Bioj\u00e4teastia, jossa on biologisesti hajoava pakkaus, k\u00e4ytett\u00e4v\u00e4ksi keitti\u00f6n ty\u00f6tasolla.","og_url":"https:\/\/rodoaed.ee\/fi\/tuote\/biohajoavat-pussit-25kpl-biojateastioihin\/","og_site_name":"Rodoaed","article_publisher":"https:\/\/www.facebook.com\/kasvuhooned\/","article_modified_time":"2026-04-17T07:17:00+00:00","og_image":[{"width":1400,"height":933,"url":"https:\/\/rodoaed.ee\/wp-content\/uploads\/2024\/03\/Biojaatmete-konteiner_4.jpg","type":"image\/jpeg"}],"twitter_card":"summary_large_image","twitter_misc":{"Arvioitu lukuaika":"1 minuutti"},"schema":{"@context":"https:\/\/schema.org","@graph":[{"@type":"WebPage","@id":"https:\/\/rodoaed.ee\/fi\/tuote\/biohajoavat-pussit-25kpl-biojateastioihin\/","url":"https:\/\/rodoaed.ee\/fi\/tuote\/biohajoavat-pussit-25kpl-biojateastioihin\/","name":"Biohajoavat pussit 25kpl bioj\u00e4teastioihin - Rodoaed","isPartOf":{"@id":"https:\/\/rodoaed.ee\/#website"},"primaryImageOfPage":{"@id":"https:\/\/rodoaed.ee\/fi\/tuote\/biohajoavat-pussit-25kpl-biojateastioihin\/#primaryimage"},"image":{"@id":"https:\/\/rodoaed.ee\/fi\/tuote\/biohajoavat-pussit-25kpl-biojateastioihin\/#primaryimage"},"thumbnailUrl":"https:\/\/rodoaed.ee\/wp-content\/uploads\/2024\/03\/Biojaatmete-konteiner_4.jpg","datePublished":"2025-03-15T10:10:06+00:00","dateModified":"2026-04-17T07:17:00+00:00","description":"Kasvien kasvuastia. S\u00e4ili\u00f6n alla on kastelus\u00e4ili\u00f6, josta kasvit voivat ime\u00e4 juurineen sopivan m\u00e4\u00e4r\u00e4n vett\u00e4.","breadcrumb":{"@id":"https:\/\/rodoaed.ee\/fi\/tuote\/biohajoavat-pussit-25kpl-biojateastioihin\/#breadcrumb"},"inLanguage":"fi","potentialAction":[{"@type":"ReadAction","target":["https:\/\/rodoaed.ee\/fi\/tuote\/biohajoavat-pussit-25kpl-biojateastioihin\/"]}]},{"@type":"ImageObject","inLanguage":"fi","@id":"https:\/\/rodoaed.ee\/fi\/tuote\/biohajoavat-pussit-25kpl-biojateastioihin\/#primaryimage","url":"https:\/\/rodoaed.ee\/wp-content\/uploads\/2024\/03\/Biojaatmete-konteiner_4.jpg","contentUrl":"https:\/\/rodoaed.ee\/wp-content\/uploads\/2024\/03\/Biojaatmete-konteiner_4.jpg","width":1400,"height":933},{"@type":"BreadcrumbList","@id":"https:\/\/rodoaed.ee\/fi\/tuote\/biohajoavat-pussit-25kpl-biojateastioihin\/#breadcrumb","itemListElement":[{"@type":"ListItem","position":1,"name":"Home","item":"https:\/\/rodoaed.ee\/fi\/"},{"@type":"ListItem","position":2,"name":"Osta osoitteessa","item":"https:\/\/rodoaed.ee\/osta-osoitteessa\/"},{"@type":"ListItem","position":3,"name":"Biohajoavat pussit 25kpl bioj\u00e4teastioihin"}]},{"@type":"WebSite","@id":"https:\/\/rodoaed.ee\/#website","url":"https:\/\/rodoaed.ee\/","name":"Rodoaed","description":"","publisher":{"@id":"https:\/\/rodoaed.ee\/#organization"},"potentialAction":[{"@type":"SearchAction","target":{"@type":"EntryPoint","urlTemplate":"https:\/\/rodoaed.ee\/?s={search_term_string}"},"query-input":{"@type":"PropertyValueSpecification","valueRequired":true,"valueName":"search_term_string"}}],"inLanguage":"fi"},{"@type":"Organization","@id":"https:\/\/rodoaed.ee\/#organization","name":"Rodoaed","url":"https:\/\/rodoaed.ee\/","logo":{"@type":"ImageObject","inLanguage":"fi","@id":"https:\/\/rodoaed.ee\/#\/schema\/logo\/image\/","url":"https:\/\/rodoaed.ee\/wp-content\/uploads\/2019\/11\/rodoaed-logo-ilma-taustata.jpg","contentUrl":"https:\/\/rodoaed.ee\/wp-content\/uploads\/2019\/11\/rodoaed-logo-ilma-taustata.jpg","width":769,"height":268,"caption":"Rodoaed"},"image":{"@id":"https:\/\/rodoaed.ee\/#\/schema\/logo\/image\/"},"sameAs":["https:\/\/www.facebook.com\/kasvuhooned\/","https:\/\/rodoaed.ee"]}]}},"_links":{"self":[{"href":"https:\/\/rodoaed.ee\/fi\/wp-json\/wp\/v2\/product\/52505","targetHints":{"allow":["GET"]}}],"collection":[{"href":"https:\/\/rodoaed.ee\/fi\/wp-json\/wp\/v2\/product"}],"about":[{"href":"https:\/\/rodoaed.ee\/fi\/wp-json\/wp\/v2\/types\/product"}],"wp:featuredmedia":[{"embeddable":true,"href":"https:\/\/rodoaed.ee\/fi\/wp-json\/wp\/v2\/media\/47024"}],"wp:attachment":[{"href":"https:\/\/rodoaed.ee\/fi\/wp-json\/wp\/v2\/media?parent=52505"}],"wp:term":[{"taxonomy":"product_brand","embeddable":true,"href":"https:\/\/rodoaed.ee\/fi\/wp-json\/wp\/v2\/product_brand?post=52505"},{"taxonomy":"product_cat","embeddable":true,"href":"https:\/\/rodoaed.ee\/fi\/wp-json\/wp\/v2\/product_cat?post=52505"},{"taxonomy":"product_tag","embeddable":true,"href":"https:\/\/rodoaed.ee\/fi\/wp-json\/wp\/v2\/product_tag?post=52505"}],"curies":[{"name":"wp","href":"https:\/\/api.w.org\/{rel}","templated":true}]}}