{"id":52510,"date":"2025-03-07T10:11:02","date_gmt":"2025-03-07T08:11:02","guid":{"rendered":"https:\/\/rodoaed.ee\/toode\/2x-irtotavarapakkaus-turvapyykkilaatikko-2gr-jossa-on-soikea-aukko\/"},"modified":"2026-04-17T10:17:18","modified_gmt":"2026-04-17T07:17:18","slug":"2x-irtotavarapakkaus-turvapyykkilaatikko-2gr-jossa-on-soikea-aukko","status":"publish","type":"product","link":"https:\/\/rodoaed.ee\/fi\/tuote\/2x-irtotavarapakkaus-turvapyykkilaatikko-2gr-jossa-on-soikea-aukko\/","title":{"rendered":"2x irtotavarapakkaus &#8211; Turvapyykkilaatikko 2GR, jossa on soikea aukko."},"content":{"rendered":"<p><strong>Hanki 2 laatikkoa kerralla ja s\u00e4\u00e4st\u00e4 rahaa!<\/strong><\/p>\n<p><strong>Turvalaatikko 2GR sis\u00e4lt\u00e4\u00e4 sis\u00e4\u00e4nrakennetun suojan kissoja ja petoel\u00e4imi\u00e4 vastaan. Katossa on ontelo lepakoille. <\/strong><\/p>\n<p><strong>Lis\u00e4\u00e4ntynyt pesim\u00e4alue<\/strong><\/p>\n<p>Leveys 14 cm x pituus 19 cm<\/p>\n<p>T\u00e4m\u00e4n kuivikelaatikon rakenne ja sen etupaneeli suojaavat tehokkaasti kissoja ja jyrsij\u00f6it\u00e4 vastaan. Valittavana on joko soikea tai kolme py\u00f6re\u00e4\u00e4 aukkoa. Huolimatta p\u00f6ntt\u00f6laatikon koosta molemmat versiot p\u00e4\u00e4st\u00e4v\u00e4t runsaasti valoa p\u00f6ntt\u00f6laatikkoon. T\u00e4m\u00e4n ansiosta itse pes\u00e4 voi olla hyvin matalalla ja kaukana reunalla, kaukana lentoreitist\u00e4 ja saalistajista. Etupaneeli on tavallista paksumpi, mutta se on helppo irrottaa tarkastusta, katselua ja puhdistusta varten.    <\/p>\n<p>Yhdistettyn\u00e4 suurempaan pes\u00e4tilaan ja hyv\u00e4\u00e4n petojen vastustuskykyyn 2GR-pes\u00e4koteloa k\u00e4ytet\u00e4\u00e4n laajalti puistoissa ja metsiss\u00e4. Yksiviljellyill\u00e4 alueilla, joilla kasvilajirikkaus on v\u00e4h\u00e4isempi, tuholaisten massahy\u00f6kk\u00e4ykset ovat suuri ongelma. 2GR-pes\u00e4kotelo on hyv\u00e4 v\u00e4line lintukannan l\u00e4sn\u00e4olon varmistamiseen.  <\/p>\n<p><strong>Pes\u00e4laatikon asennuspaikka:<\/strong><\/p>\n<p>Puissa tai rakennuksissa<\/p>\n<p>Helppo puhdistaa ja tarkastaa irrotettavan etupaneelin ansiosta<\/p>\n<p><strong>Materiaali:<\/strong><\/p>\n<p>SCHWEGLER ilmaa l\u00e4p\u00e4isev\u00e4 ja pitk\u00e4ik\u00e4inen puubetoni<\/p>\n<p><strong>Setti sis\u00e4lt\u00e4\u00e4:<\/strong><\/p>\n<ul>\n<li>Pes\u00e4laatikko, jossa on irrotettava etupaneeli<\/li>\n<li>Sinkitty ter\u00e4skiinnike &#8211; mets\u00e4talous hyv\u00e4ksytty.<\/li>\n<li>Alumiinipiikki &#8211; mets\u00e4talouden hyv\u00e4ksym\u00e4<\/li>\n<\/ul>\n<p><strong>Lentoreitin koko:<\/strong><\/p>\n<p>soikea 30x 45 mm<\/p>\n<p><strong>Kuka t\u00e4ytt\u00e4\u00e4 pes\u00e4kotelon:<\/strong><\/p>\n<p><em><em>Valkoposkihanhi, sinihanhi, r\u00e4k\u00e4ttihanhi, mustaposkihanhi, pilkkihanhi, lepakkolintu, mets\u00e4viklo, mustapyrst\u00f6kirvinen ja kauluslintu, punarintainen puukiipij\u00e4, varpuslintu ja talovarpunen, lepakot.<\/em><\/em><\/p>\n<p><strong>Pes\u00e4kotelon paino:<\/strong> 6,7 kg<\/p>\n<p><strong>V\u00e4ri:<\/strong><\/p>\n<p>Klassinen ruskea<\/p>\n<div data-fullscreen=\"disabled\" data-mode=\"normal\" data-oembed=\"1\" data-provider=\"youtube\" data-reset-after-played id=\"arve-youtube-gitbv3nu1z4\" class=\"arve\">\n<div class=\"arve-inner\">\n<div style=\"aspect-ratio:1140\/641\" class=\"arve-embed arve-embed--has-aspect-ratio\">\n<div class=\"arve-ar\" style=\"padding-top:56.228070%\"><\/div>\n<p>\t\t\t<iframe allow=\"accelerometer &apos;none&apos;;autoplay &apos;none&apos;;bluetooth &apos;none&apos;;browsing-topics &apos;none&apos;;camera &apos;none&apos;;clipboard-read &apos;none&apos;;clipboard-write;display-capture &apos;none&apos;;encrypted-media &apos;none&apos;;gamepad &apos;none&apos;;geolocation &apos;none&apos;;gyroscope &apos;none&apos;;hid &apos;none&apos;;identity-credentials-get &apos;none&apos;;idle-detection &apos;none&apos;;keyboard-map &apos;none&apos;;local-fonts;magnetometer &apos;none&apos;;microphone &apos;none&apos;;midi &apos;none&apos;;otp-credentials &apos;none&apos;;payment &apos;none&apos;;picture-in-picture;publickey-credentials-create &apos;none&apos;;publickey-credentials-get &apos;none&apos;;screen-wake-lock &apos;none&apos;;serial &apos;none&apos;;summarizer &apos;none&apos;;sync-xhr;usb &apos;none&apos;;web-share;window-management &apos;none&apos;;xr-spatial-tracking &apos;none&apos;;\" allowfullscreen=\"\" class=\"arve-iframe fitvidsignore\" credentialless data-arve=\"arve-youtube-gitbv3nu1z4\" data-lenis-prevent=\"\" data-src-no-ap=\"https:\/\/www.youtube-nocookie.com\/embed\/giTbv3nU1z4?feature=oembed&amp;iv_load_policy=3&amp;modestbranding=1&amp;rel=0&amp;autohide=1&amp;playsinline=0&amp;autoplay=0&amp;enablejsapi=1\" frameborder=\"0\" height=\"0\" loading=\"lazy\" name=\"\" referrerpolicy=\"strict-origin-when-cross-origin\" sandbox=\"allow-scripts allow-same-origin allow-presentation allow-popups allow-popups-to-escape-sandbox\" scrolling=\"no\" src=\"https:\/\/www.youtube-nocookie.com\/embed\/giTbv3nU1z4?feature=oembed&#038;iv_load_policy=3&#038;modestbranding=1&#038;rel=0&#038;autohide=1&#038;playsinline=0&#038;autoplay=0&#038;enablejsapi=1\" title=\"Pesakastid\" width=\"0\"><\/iframe><\/p><\/div>\n<\/p><\/div>\n<p>\t<script type=\"application\/ld+json\">{\"@context\":\"http:\\\/\\\/schema.org\\\/\",\"@id\":\"https:\\\/\\\/rodoaed.ee\\\/fi\\\/tuote\\\/2x-irtotavarapakkaus-turvapyykkilaatikko-2gr-jossa-on-soikea-aukko\\\/#arve-youtube-gitbv3nu1z4\",\"type\":\"VideoObject\",\"embedURL\":\"https:\\\/\\\/www.youtube-nocookie.com\\\/embed\\\/giTbv3nU1z4?feature=oembed&iv_load_policy=3&modestbranding=1&rel=0&autohide=1&playsinline=0&autoplay=0&enablejsapi=1\",\"name\":\"Pesakastid\",\"thumbnailUrl\":\"https:\\\/\\\/i.ytimg.com\\\/vi\\\/giTbv3nU1z4\\\/hqdefault.jpg\",\"uploadDate\":\"2026-04-20T20:36:21+03:00\",\"author\":\"www.Rodoaed.ee\",\"description\":\"Hanki 2 laatikkoa kerralla ja s\\u00e4\\u00e4st\\u00e4 rahaa! Turvalaatikko 2GR sis\\u00e4lt\\u00e4\\u00e4 sis\\u00e4\\u00e4nrakennetun suojan kissoja ja petoel\\u00e4imi\\u00e4 vastaan. Katossa on ontelo lepakoille. Lis\\u00e4\\u00e4ntynyt pesim\\u00e4alue Leveys 14 cm x pituus 19 cm T\\u00e4m\\u00e4n kuivikelaatikon rakenne ja sen etupaneeli suojaavat tehokkaasti kissoja ja jyrsij\\u00f6it\\u00e4\"}<\/script><\/p>\n<\/div>\n<div data-fullscreen=\"disabled\" data-mode=\"normal\" data-oembed=\"1\" data-provider=\"youtube\" data-reset-after-played id=\"arve-youtube-cekt5rqb3ou\" class=\"arve\">\n<div class=\"arve-inner\">\n<div style=\"aspect-ratio:1140\/641\" class=\"arve-embed arve-embed--has-aspect-ratio\">\n<div class=\"arve-ar\" style=\"padding-top:56.228070%\"><\/div>\n<p>\t\t\t<iframe allow=\"accelerometer &apos;none&apos;;autoplay &apos;none&apos;;bluetooth &apos;none&apos;;browsing-topics &apos;none&apos;;camera &apos;none&apos;;clipboard-read &apos;none&apos;;clipboard-write;display-capture &apos;none&apos;;encrypted-media &apos;none&apos;;gamepad &apos;none&apos;;geolocation &apos;none&apos;;gyroscope &apos;none&apos;;hid &apos;none&apos;;identity-credentials-get &apos;none&apos;;idle-detection &apos;none&apos;;keyboard-map &apos;none&apos;;local-fonts;magnetometer &apos;none&apos;;microphone &apos;none&apos;;midi &apos;none&apos;;otp-credentials &apos;none&apos;;payment &apos;none&apos;;picture-in-picture;publickey-credentials-create &apos;none&apos;;publickey-credentials-get &apos;none&apos;;screen-wake-lock &apos;none&apos;;serial &apos;none&apos;;summarizer &apos;none&apos;;sync-xhr;usb &apos;none&apos;;web-share;window-management &apos;none&apos;;xr-spatial-tracking &apos;none&apos;;\" allowfullscreen=\"\" class=\"arve-iframe fitvidsignore\" credentialless data-arve=\"arve-youtube-cekt5rqb3ou\" data-lenis-prevent=\"\" data-src-no-ap=\"https:\/\/www.youtube-nocookie.com\/embed\/CekT5rqb3oU?feature=oembed&amp;iv_load_policy=3&amp;modestbranding=1&amp;rel=0&amp;autohide=1&amp;playsinline=0&amp;autoplay=0&amp;enablejsapi=1\" frameborder=\"0\" height=\"0\" loading=\"lazy\" name=\"\" referrerpolicy=\"strict-origin-when-cross-origin\" sandbox=\"allow-scripts allow-same-origin allow-presentation allow-popups allow-popups-to-escape-sandbox\" scrolling=\"no\" src=\"https:\/\/www.youtube-nocookie.com\/embed\/CekT5rqb3oU?feature=oembed&#038;iv_load_policy=3&#038;modestbranding=1&#038;rel=0&#038;autohide=1&#038;playsinline=0&#038;autoplay=0&#038;enablejsapi=1\" title=\"pesakastide paigaldus\" width=\"0\"><\/iframe><\/p><\/div>\n<\/p><\/div>\n<p>\t<script type=\"application\/ld+json\">{\"@context\":\"http:\\\/\\\/schema.org\\\/\",\"@id\":\"https:\\\/\\\/rodoaed.ee\\\/fi\\\/tuote\\\/2x-irtotavarapakkaus-turvapyykkilaatikko-2gr-jossa-on-soikea-aukko\\\/#arve-youtube-cekt5rqb3ou\",\"type\":\"VideoObject\",\"embedURL\":\"https:\\\/\\\/www.youtube-nocookie.com\\\/embed\\\/CekT5rqb3oU?feature=oembed&iv_load_policy=3&modestbranding=1&rel=0&autohide=1&playsinline=0&autoplay=0&enablejsapi=1\",\"name\":\"pesakastide paigaldus\",\"thumbnailUrl\":\"https:\\\/\\\/i.ytimg.com\\\/vi\\\/CekT5rqb3oU\\\/hqdefault.jpg\",\"uploadDate\":\"2026-04-20T20:36:21+03:00\",\"author\":\"www.Rodoaed.ee\",\"description\":\"Hanki 2 laatikkoa kerralla ja s\\u00e4\\u00e4st\\u00e4 rahaa! Turvalaatikko 2GR sis\\u00e4lt\\u00e4\\u00e4 sis\\u00e4\\u00e4nrakennetun suojan kissoja ja petoel\\u00e4imi\\u00e4 vastaan. Katossa on ontelo lepakoille. Lis\\u00e4\\u00e4ntynyt pesim\\u00e4alue Leveys 14 cm x pituus 19 cm T\\u00e4m\\u00e4n kuivikelaatikon rakenne ja sen etupaneeli suojaavat tehokkaasti kissoja ja jyrsij\\u00f6it\\u00e4\"}<\/script><\/p>\n<\/div>\n<p>&nbsp;<\/p>\n","protected":false},"excerpt":{"rendered":"<p>Hanki 2 laatikkoa kerralla ja s\u00e4\u00e4st\u00e4 rahaa! Turvalaatikko 2GR sis\u00e4lt\u00e4\u00e4 sis\u00e4\u00e4nrakennetun suojan kissoja ja petoel\u00e4imi\u00e4 vastaan. Katossa on ontelo lepakoille. Lis\u00e4\u00e4ntynyt pesim\u00e4alue Leveys 14 cm x pituus 19 cm T\u00e4m\u00e4n kuivikelaatikon rakenne ja sen etupaneeli suojaavat tehokkaasti kissoja ja jyrsij\u00f6it\u00e4 vastaan. Valittavana on joko soikea tai kolme py\u00f6re\u00e4\u00e4 aukkoa. Huolimatta p\u00f6ntt\u00f6laatikon koosta molemmat versiot p\u00e4\u00e4st\u00e4v\u00e4t runsaasti valoa p\u00f6ntt\u00f6laatikkoon. T\u00e4m\u00e4n ansiosta itse pes\u00e4 voi olla hyvin&#8230;<\/p>\n","protected":false},"featured_media":18474,"template":"","meta":{"_acf_changed":false},"product_brand":[],"product_cat":[1935,1851,1931],"product_tag":[],"class_list":{"0":"post-52510","1":"product","2":"type-product","3":"status-publish","4":"has-post-thumbnail","6":"product_cat-harrastepuutarhan-pesalaatikot","7":"product_cat-pesakotelot","8":"product_cat-turvallinen-pesulaatikko-2gr","9":"product_shipping_class-toimitus-1-3-tyopaivan-kuluessa","10":"pa_variatsioon-tallelokero-2gr-ovaalilla-aukolla-paassa-esiasennuksella-varustettuna","12":"first","13":"instock","14":"sale","15":"taxable","16":"shipping-taxable","17":"purchasable","18":"product-type-simple"},"acf":[],"yoast_head":"<!-- This site is optimized with the Yoast SEO Premium plugin v27.3 (Yoast SEO v27.3) - https:\/\/yoast.com\/product\/yoast-seo-premium-wordpress\/ -->\n<title>2x irtotavarapakkaus - Turvapyykkilaatikko 2GR, jossa on soikea aukko. - Rodoaed<\/title>\n<meta name=\"robots\" content=\"index, follow, max-snippet:-1, max-image-preview:large, max-video-preview:-1\" \/>\n<link rel=\"canonical\" href=\"https:\/\/rodoaed.ee\/fi\/tuote\/2x-irtotavarapakkaus-turvapyykkilaatikko-2gr-jossa-on-soikea-aukko\/\" \/>\n<meta property=\"og:locale\" content=\"fi_FI\" \/>\n<meta property=\"og:type\" content=\"article\" \/>\n<meta property=\"og:title\" content=\"2x irtotavarapakkaus - Turvapyykkilaatikko 2GR, jossa on soikea aukko.\" \/>\n<meta property=\"og:description\" content=\"Hanki 2 laatikkoa kerralla ja s\u00e4\u00e4st\u00e4 rahaa! Turvalaatikko 2GR sis\u00e4lt\u00e4\u00e4 sis\u00e4\u00e4nrakennetun suojan kissoja ja petoel\u00e4imi\u00e4 vastaan. Katossa on ontelo\" \/>\n<meta property=\"og:url\" content=\"https:\/\/rodoaed.ee\/fi\/tuote\/2x-irtotavarapakkaus-turvapyykkilaatikko-2gr-jossa-on-soikea-aukko\/\" \/>\n<meta property=\"og:site_name\" content=\"Rodoaed\" \/>\n<meta property=\"article:publisher\" content=\"https:\/\/www.facebook.com\/kasvuhooned\/\" \/>\n<meta property=\"article:modified_time\" content=\"2026-04-17T07:17:18+00:00\" \/>\n<meta property=\"og:image\" content=\"https:\/\/rodoaed.ee\/wp-content\/uploads\/2019\/07\/Pesakast-2GR_ovaalne_1.jpg\" \/>\n\t<meta property=\"og:image:width\" content=\"272\" \/>\n\t<meta property=\"og:image:height\" content=\"400\" \/>\n\t<meta property=\"og:image:type\" content=\"image\/jpeg\" \/>\n<meta name=\"twitter:card\" content=\"summary_large_image\" \/>\n<meta name=\"twitter:label1\" content=\"Arvioitu lukuaika\" \/>\n\t<meta name=\"twitter:data1\" content=\"1 minuutti\" \/>\n<script type=\"application\/ld+json\" class=\"yoast-schema-graph\">{\"@context\":\"https:\\\/\\\/schema.org\",\"@graph\":[{\"@type\":\"WebPage\",\"@id\":\"https:\\\/\\\/rodoaed.ee\\\/fi\\\/tuote\\\/2x-irtotavarapakkaus-turvapyykkilaatikko-2gr-jossa-on-soikea-aukko\\\/\",\"url\":\"https:\\\/\\\/rodoaed.ee\\\/fi\\\/tuote\\\/2x-irtotavarapakkaus-turvapyykkilaatikko-2gr-jossa-on-soikea-aukko\\\/\",\"name\":\"2x irtotavarapakkaus - Turvapyykkilaatikko 2GR, jossa on soikea aukko. - Rodoaed\",\"isPartOf\":{\"@id\":\"https:\\\/\\\/rodoaed.ee\\\/#website\"},\"primaryImageOfPage\":{\"@id\":\"https:\\\/\\\/rodoaed.ee\\\/fi\\\/tuote\\\/2x-irtotavarapakkaus-turvapyykkilaatikko-2gr-jossa-on-soikea-aukko\\\/#primaryimage\"},\"image\":{\"@id\":\"https:\\\/\\\/rodoaed.ee\\\/fi\\\/tuote\\\/2x-irtotavarapakkaus-turvapyykkilaatikko-2gr-jossa-on-soikea-aukko\\\/#primaryimage\"},\"thumbnailUrl\":\"https:\\\/\\\/rodoaed.ee\\\/wp-content\\\/uploads\\\/2019\\\/07\\\/Pesakast-2GR_ovaalne_1.jpg\",\"datePublished\":\"2025-03-07T08:11:02+00:00\",\"dateModified\":\"2026-04-17T07:17:18+00:00\",\"breadcrumb\":{\"@id\":\"https:\\\/\\\/rodoaed.ee\\\/fi\\\/tuote\\\/2x-irtotavarapakkaus-turvapyykkilaatikko-2gr-jossa-on-soikea-aukko\\\/#breadcrumb\"},\"inLanguage\":\"fi\",\"potentialAction\":[{\"@type\":\"ReadAction\",\"target\":[\"https:\\\/\\\/rodoaed.ee\\\/fi\\\/tuote\\\/2x-irtotavarapakkaus-turvapyykkilaatikko-2gr-jossa-on-soikea-aukko\\\/\"]}]},{\"@type\":\"ImageObject\",\"inLanguage\":\"fi\",\"@id\":\"https:\\\/\\\/rodoaed.ee\\\/fi\\\/tuote\\\/2x-irtotavarapakkaus-turvapyykkilaatikko-2gr-jossa-on-soikea-aukko\\\/#primaryimage\",\"url\":\"https:\\\/\\\/rodoaed.ee\\\/wp-content\\\/uploads\\\/2019\\\/07\\\/Pesakast-2GR_ovaalne_1.jpg\",\"contentUrl\":\"https:\\\/\\\/rodoaed.ee\\\/wp-content\\\/uploads\\\/2019\\\/07\\\/Pesakast-2GR_ovaalne_1.jpg\",\"width\":272,\"height\":400},{\"@type\":\"BreadcrumbList\",\"@id\":\"https:\\\/\\\/rodoaed.ee\\\/fi\\\/tuote\\\/2x-irtotavarapakkaus-turvapyykkilaatikko-2gr-jossa-on-soikea-aukko\\\/#breadcrumb\",\"itemListElement\":[{\"@type\":\"ListItem\",\"position\":1,\"name\":\"Home\",\"item\":\"https:\\\/\\\/rodoaed.ee\\\/fi\\\/\"},{\"@type\":\"ListItem\",\"position\":2,\"name\":\"Osta osoitteessa\",\"item\":\"https:\\\/\\\/rodoaed.ee\\\/osta-osoitteessa\\\/\"},{\"@type\":\"ListItem\",\"position\":3,\"name\":\"2x irtotavarapakkaus &#8211; Turvapyykkilaatikko 2GR, jossa on soikea aukko.\"}]},{\"@type\":\"WebSite\",\"@id\":\"https:\\\/\\\/rodoaed.ee\\\/#website\",\"url\":\"https:\\\/\\\/rodoaed.ee\\\/\",\"name\":\"Rodoaed\",\"description\":\"\",\"publisher\":{\"@id\":\"https:\\\/\\\/rodoaed.ee\\\/#organization\"},\"potentialAction\":[{\"@type\":\"SearchAction\",\"target\":{\"@type\":\"EntryPoint\",\"urlTemplate\":\"https:\\\/\\\/rodoaed.ee\\\/?s={search_term_string}\"},\"query-input\":{\"@type\":\"PropertyValueSpecification\",\"valueRequired\":true,\"valueName\":\"search_term_string\"}}],\"inLanguage\":\"fi\"},{\"@type\":\"Organization\",\"@id\":\"https:\\\/\\\/rodoaed.ee\\\/#organization\",\"name\":\"Rodoaed\",\"url\":\"https:\\\/\\\/rodoaed.ee\\\/\",\"logo\":{\"@type\":\"ImageObject\",\"inLanguage\":\"fi\",\"@id\":\"https:\\\/\\\/rodoaed.ee\\\/#\\\/schema\\\/logo\\\/image\\\/\",\"url\":\"https:\\\/\\\/rodoaed.ee\\\/wp-content\\\/uploads\\\/2019\\\/11\\\/rodoaed-logo-ilma-taustata.jpg\",\"contentUrl\":\"https:\\\/\\\/rodoaed.ee\\\/wp-content\\\/uploads\\\/2019\\\/11\\\/rodoaed-logo-ilma-taustata.jpg\",\"width\":769,\"height\":268,\"caption\":\"Rodoaed\"},\"image\":{\"@id\":\"https:\\\/\\\/rodoaed.ee\\\/#\\\/schema\\\/logo\\\/image\\\/\"},\"sameAs\":[\"https:\\\/\\\/www.facebook.com\\\/kasvuhooned\\\/\",\"https:\\\/\\\/rodoaed.ee\"]}]}<\/script>\n<!-- \/ Yoast SEO Premium plugin. -->","yoast_head_json":{"title":"2x irtotavarapakkaus - Turvapyykkilaatikko 2GR, jossa on soikea aukko. - Rodoaed","robots":{"index":"index","follow":"follow","max-snippet":"max-snippet:-1","max-image-preview":"max-image-preview:large","max-video-preview":"max-video-preview:-1"},"canonical":"https:\/\/rodoaed.ee\/fi\/tuote\/2x-irtotavarapakkaus-turvapyykkilaatikko-2gr-jossa-on-soikea-aukko\/","og_locale":"fi_FI","og_type":"article","og_title":"2x irtotavarapakkaus - Turvapyykkilaatikko 2GR, jossa on soikea aukko.","og_description":"Hanki 2 laatikkoa kerralla ja s\u00e4\u00e4st\u00e4 rahaa! Turvalaatikko 2GR sis\u00e4lt\u00e4\u00e4 sis\u00e4\u00e4nrakennetun suojan kissoja ja petoel\u00e4imi\u00e4 vastaan. Katossa on ontelo","og_url":"https:\/\/rodoaed.ee\/fi\/tuote\/2x-irtotavarapakkaus-turvapyykkilaatikko-2gr-jossa-on-soikea-aukko\/","og_site_name":"Rodoaed","article_publisher":"https:\/\/www.facebook.com\/kasvuhooned\/","article_modified_time":"2026-04-17T07:17:18+00:00","og_image":[{"width":272,"height":400,"url":"https:\/\/rodoaed.ee\/wp-content\/uploads\/2019\/07\/Pesakast-2GR_ovaalne_1.jpg","type":"image\/jpeg"}],"twitter_card":"summary_large_image","twitter_misc":{"Arvioitu lukuaika":"1 minuutti"},"schema":{"@context":"https:\/\/schema.org","@graph":[{"@type":"WebPage","@id":"https:\/\/rodoaed.ee\/fi\/tuote\/2x-irtotavarapakkaus-turvapyykkilaatikko-2gr-jossa-on-soikea-aukko\/","url":"https:\/\/rodoaed.ee\/fi\/tuote\/2x-irtotavarapakkaus-turvapyykkilaatikko-2gr-jossa-on-soikea-aukko\/","name":"2x irtotavarapakkaus - Turvapyykkilaatikko 2GR, jossa on soikea aukko. - Rodoaed","isPartOf":{"@id":"https:\/\/rodoaed.ee\/#website"},"primaryImageOfPage":{"@id":"https:\/\/rodoaed.ee\/fi\/tuote\/2x-irtotavarapakkaus-turvapyykkilaatikko-2gr-jossa-on-soikea-aukko\/#primaryimage"},"image":{"@id":"https:\/\/rodoaed.ee\/fi\/tuote\/2x-irtotavarapakkaus-turvapyykkilaatikko-2gr-jossa-on-soikea-aukko\/#primaryimage"},"thumbnailUrl":"https:\/\/rodoaed.ee\/wp-content\/uploads\/2019\/07\/Pesakast-2GR_ovaalne_1.jpg","datePublished":"2025-03-07T08:11:02+00:00","dateModified":"2026-04-17T07:17:18+00:00","breadcrumb":{"@id":"https:\/\/rodoaed.ee\/fi\/tuote\/2x-irtotavarapakkaus-turvapyykkilaatikko-2gr-jossa-on-soikea-aukko\/#breadcrumb"},"inLanguage":"fi","potentialAction":[{"@type":"ReadAction","target":["https:\/\/rodoaed.ee\/fi\/tuote\/2x-irtotavarapakkaus-turvapyykkilaatikko-2gr-jossa-on-soikea-aukko\/"]}]},{"@type":"ImageObject","inLanguage":"fi","@id":"https:\/\/rodoaed.ee\/fi\/tuote\/2x-irtotavarapakkaus-turvapyykkilaatikko-2gr-jossa-on-soikea-aukko\/#primaryimage","url":"https:\/\/rodoaed.ee\/wp-content\/uploads\/2019\/07\/Pesakast-2GR_ovaalne_1.jpg","contentUrl":"https:\/\/rodoaed.ee\/wp-content\/uploads\/2019\/07\/Pesakast-2GR_ovaalne_1.jpg","width":272,"height":400},{"@type":"BreadcrumbList","@id":"https:\/\/rodoaed.ee\/fi\/tuote\/2x-irtotavarapakkaus-turvapyykkilaatikko-2gr-jossa-on-soikea-aukko\/#breadcrumb","itemListElement":[{"@type":"ListItem","position":1,"name":"Home","item":"https:\/\/rodoaed.ee\/fi\/"},{"@type":"ListItem","position":2,"name":"Osta osoitteessa","item":"https:\/\/rodoaed.ee\/osta-osoitteessa\/"},{"@type":"ListItem","position":3,"name":"2x irtotavarapakkaus &#8211; Turvapyykkilaatikko 2GR, jossa on soikea aukko."}]},{"@type":"WebSite","@id":"https:\/\/rodoaed.ee\/#website","url":"https:\/\/rodoaed.ee\/","name":"Rodoaed","description":"","publisher":{"@id":"https:\/\/rodoaed.ee\/#organization"},"potentialAction":[{"@type":"SearchAction","target":{"@type":"EntryPoint","urlTemplate":"https:\/\/rodoaed.ee\/?s={search_term_string}"},"query-input":{"@type":"PropertyValueSpecification","valueRequired":true,"valueName":"search_term_string"}}],"inLanguage":"fi"},{"@type":"Organization","@id":"https:\/\/rodoaed.ee\/#organization","name":"Rodoaed","url":"https:\/\/rodoaed.ee\/","logo":{"@type":"ImageObject","inLanguage":"fi","@id":"https:\/\/rodoaed.ee\/#\/schema\/logo\/image\/","url":"https:\/\/rodoaed.ee\/wp-content\/uploads\/2019\/11\/rodoaed-logo-ilma-taustata.jpg","contentUrl":"https:\/\/rodoaed.ee\/wp-content\/uploads\/2019\/11\/rodoaed-logo-ilma-taustata.jpg","width":769,"height":268,"caption":"Rodoaed"},"image":{"@id":"https:\/\/rodoaed.ee\/#\/schema\/logo\/image\/"},"sameAs":["https:\/\/www.facebook.com\/kasvuhooned\/","https:\/\/rodoaed.ee"]}]}},"_links":{"self":[{"href":"https:\/\/rodoaed.ee\/fi\/wp-json\/wp\/v2\/product\/52510","targetHints":{"allow":["GET"]}}],"collection":[{"href":"https:\/\/rodoaed.ee\/fi\/wp-json\/wp\/v2\/product"}],"about":[{"href":"https:\/\/rodoaed.ee\/fi\/wp-json\/wp\/v2\/types\/product"}],"wp:featuredmedia":[{"embeddable":true,"href":"https:\/\/rodoaed.ee\/fi\/wp-json\/wp\/v2\/media\/18474"}],"wp:attachment":[{"href":"https:\/\/rodoaed.ee\/fi\/wp-json\/wp\/v2\/media?parent=52510"}],"wp:term":[{"taxonomy":"product_brand","embeddable":true,"href":"https:\/\/rodoaed.ee\/fi\/wp-json\/wp\/v2\/product_brand?post=52510"},{"taxonomy":"product_cat","embeddable":true,"href":"https:\/\/rodoaed.ee\/fi\/wp-json\/wp\/v2\/product_cat?post=52510"},{"taxonomy":"product_tag","embeddable":true,"href":"https:\/\/rodoaed.ee\/fi\/wp-json\/wp\/v2\/product_tag?post=52510"}],"curies":[{"name":"wp","href":"https:\/\/api.w.org\/{rel}","templated":true}]}}