{"id":52512,"date":"2025-02-20T19:51:44","date_gmt":"2025-02-20T17:51:44","guid":{"rendered":"https:\/\/rodoaed.ee\/toode\/kuorelliset-hasselpahkinat-1kg-pussi\/"},"modified":"2026-04-17T10:17:28","modified_gmt":"2026-04-17T07:17:28","slug":"kuorelliset-hasselpahkinat-1kg-pussi","status":"publish","type":"product","link":"https:\/\/rodoaed.ee\/fi\/tuote\/kuorelliset-hasselpahkinat-1kg-pussi\/","title":{"rendered":"Kuorelliset hasselp\u00e4hkin\u00e4t 1kg pussi"},"content":{"rendered":"<p><strong>Premium-luokan hasselp\u00e4hkin\u00f6it\u00e4 k\u00e4tev\u00e4ss\u00e4 1 kg:n pussissa.<\/strong><\/p>\n<p>Hasselp\u00e4hkin\u00e4t ovat kaikkien oravien suosikkiruokaa, sill\u00e4 ne ovat my\u00f6s niiden luontaista ravintoa alueellamme.<\/p>\n<p>Oravat tykk\u00e4\u00e4v\u00e4t pureskella hasselp\u00e4hkin\u00f6iden kuoren l\u00e4pi ja p\u00e4\u00e4sev\u00e4t pureskelemalla k\u00e4siksi makeaan ytimeen. T\u00e4m\u00e4 kest\u00e4\u00e4 hieman kauemmin kuin kuorellisten p\u00e4hkin\u00f6iden sy\u00f6minen. Se on mukava prosessi, jota on kiehtovaa seurata ikkunasta.  <\/p>\n<p>My\u00f6s erilaiset kanat rakastavat kuorellisia p\u00e4hkin\u00f6it\u00e4.<\/p>\n<p>&nbsp;<\/p>\n<p>Ihanteellinen ymp\u00e4rivuotiseen k\u00e4ytt\u00f6\u00f6n<\/p>\n<p>Ihanteellinen k\u00e4ytett\u00e4v\u00e4ksi kaikentyyppisiss\u00e4 verkkoruokintalaitteissa sek\u00e4 tavanomaisissa ruokaloissa ja maaruokintalaitteissa.<\/p>\n<p><strong>Paino: <\/strong>1,0kg<\/p>\n<p>&nbsp;<\/p>\n","protected":false},"excerpt":{"rendered":"<p>Premium-luokan hasselp\u00e4hkin\u00f6it\u00e4 k\u00e4tev\u00e4ss\u00e4 1 kg:n pussissa. Hasselp\u00e4hkin\u00e4t ovat kaikkien oravien suosikkiruokaa, sill\u00e4 ne ovat my\u00f6s niiden luontaista ravintoa alueellamme. Oravat tykk\u00e4\u00e4v\u00e4t pureskella hasselp\u00e4hkin\u00f6iden kuoren l\u00e4pi ja p\u00e4\u00e4sev\u00e4t pureskelemalla k\u00e4siksi makeaan ytimeen. T\u00e4m\u00e4 kest\u00e4\u00e4 hieman kauemmin kuin kuorellisten p\u00e4hkin\u00f6iden sy\u00f6minen. Se on mukava prosessi, jota on kiehtovaa seurata ikkunasta. My\u00f6s erilaiset kanat rakastavat kuorellisia p\u00e4hkin\u00f6it\u00e4. &nbsp; Ihanteellinen ymp\u00e4rivuotiseen k\u00e4ytt\u00f6\u00f6n Ihanteellinen k\u00e4ytett\u00e4v\u00e4ksi kaikentyyppisiss\u00e4 verkkoruokintalaitteissa sek\u00e4 tavanomaisissa ruokaloissa&#8230;<\/p>\n","protected":false},"featured_media":49803,"template":"","meta":{"_acf_changed":false},"product_brand":[],"product_cat":[1767,1845,1844],"product_tag":[],"class_list":{"0":"post-52512","1":"product","2":"type-product","3":"status-publish","4":"has-post-thumbnail","6":"product_cat-linnaillalliset-ja-linnan-ravintolat","7":"product_cat-orava-ravintolat","8":"product_cat-siemenseokset-linnuille","9":"product_shipping_class-toimitus-1-3-tyopaivan-kuluessa","10":"pa_variatsioon-premium-maapahkinat-1kg-per-pussi","12":"first","13":"outofstock","14":"sale","15":"taxable","16":"shipping-taxable","17":"purchasable","18":"product-type-simple"},"acf":[],"yoast_head":"<!-- This site is optimized with the Yoast SEO Premium plugin v27.3 (Yoast SEO v27.3) - https:\/\/yoast.com\/product\/yoast-seo-premium-wordpress\/ -->\n<title>Kuorelliset hasselp\u00e4hkin\u00e4t 1kg pussi - Rodoaed<\/title>\n<meta name=\"robots\" content=\"index, follow, max-snippet:-1, max-image-preview:large, max-video-preview:-1\" \/>\n<link rel=\"canonical\" href=\"https:\/\/rodoaed.ee\/fi\/tuote\/kuorelliset-hasselpahkinat-1kg-pussi\/\" \/>\n<meta property=\"og:locale\" content=\"fi_FI\" \/>\n<meta property=\"og:type\" content=\"article\" \/>\n<meta property=\"og:title\" content=\"Kuorelliset hasselp\u00e4hkin\u00e4t 1kg pussi\" \/>\n<meta property=\"og:description\" content=\"Premium-luokan hasselp\u00e4hkin\u00f6it\u00e4 k\u00e4tev\u00e4ss\u00e4 1 kg:n pussissa. Hasselp\u00e4hkin\u00e4t ovat kaikkien oravien suosikkiruokaa, sill\u00e4 ne ovat my\u00f6s niiden luontaista\" \/>\n<meta property=\"og:url\" content=\"https:\/\/rodoaed.ee\/fi\/tuote\/kuorelliset-hasselpahkinat-1kg-pussi\/\" \/>\n<meta property=\"og:site_name\" content=\"Rodoaed\" \/>\n<meta property=\"article:publisher\" content=\"https:\/\/www.facebook.com\/kasvuhooned\/\" \/>\n<meta property=\"article:modified_time\" content=\"2026-04-17T07:17:28+00:00\" \/>\n<meta property=\"og:image\" content=\"https:\/\/rodoaed.ee\/wp-content\/uploads\/2025\/02\/sarapuupahklid-koorega_1.jpg\" \/>\n\t<meta property=\"og:image:width\" content=\"1600\" \/>\n\t<meta property=\"og:image:height\" content=\"1067\" \/>\n\t<meta property=\"og:image:type\" content=\"image\/jpeg\" \/>\n<meta name=\"twitter:card\" content=\"summary_large_image\" \/>\n<script type=\"application\/ld+json\" class=\"yoast-schema-graph\">{\"@context\":\"https:\\\/\\\/schema.org\",\"@graph\":[{\"@type\":\"WebPage\",\"@id\":\"https:\\\/\\\/rodoaed.ee\\\/fi\\\/tuote\\\/kuorelliset-hasselpahkinat-1kg-pussi\\\/\",\"url\":\"https:\\\/\\\/rodoaed.ee\\\/fi\\\/tuote\\\/kuorelliset-hasselpahkinat-1kg-pussi\\\/\",\"name\":\"Kuorelliset hasselp\u00e4hkin\u00e4t 1kg pussi - Rodoaed\",\"isPartOf\":{\"@id\":\"https:\\\/\\\/rodoaed.ee\\\/#website\"},\"primaryImageOfPage\":{\"@id\":\"https:\\\/\\\/rodoaed.ee\\\/fi\\\/tuote\\\/kuorelliset-hasselpahkinat-1kg-pussi\\\/#primaryimage\"},\"image\":{\"@id\":\"https:\\\/\\\/rodoaed.ee\\\/fi\\\/tuote\\\/kuorelliset-hasselpahkinat-1kg-pussi\\\/#primaryimage\"},\"thumbnailUrl\":\"https:\\\/\\\/rodoaed.ee\\\/wp-content\\\/uploads\\\/2025\\\/02\\\/sarapuupahklid-koorega_1.jpg\",\"datePublished\":\"2025-02-20T17:51:44+00:00\",\"dateModified\":\"2026-04-17T07:17:28+00:00\",\"breadcrumb\":{\"@id\":\"https:\\\/\\\/rodoaed.ee\\\/fi\\\/tuote\\\/kuorelliset-hasselpahkinat-1kg-pussi\\\/#breadcrumb\"},\"inLanguage\":\"fi\",\"potentialAction\":[{\"@type\":\"ReadAction\",\"target\":[\"https:\\\/\\\/rodoaed.ee\\\/fi\\\/tuote\\\/kuorelliset-hasselpahkinat-1kg-pussi\\\/\"]}]},{\"@type\":\"ImageObject\",\"inLanguage\":\"fi\",\"@id\":\"https:\\\/\\\/rodoaed.ee\\\/fi\\\/tuote\\\/kuorelliset-hasselpahkinat-1kg-pussi\\\/#primaryimage\",\"url\":\"https:\\\/\\\/rodoaed.ee\\\/wp-content\\\/uploads\\\/2025\\\/02\\\/sarapuupahklid-koorega_1.jpg\",\"contentUrl\":\"https:\\\/\\\/rodoaed.ee\\\/wp-content\\\/uploads\\\/2025\\\/02\\\/sarapuupahklid-koorega_1.jpg\",\"width\":1600,\"height\":1067},{\"@type\":\"BreadcrumbList\",\"@id\":\"https:\\\/\\\/rodoaed.ee\\\/fi\\\/tuote\\\/kuorelliset-hasselpahkinat-1kg-pussi\\\/#breadcrumb\",\"itemListElement\":[{\"@type\":\"ListItem\",\"position\":1,\"name\":\"Home\",\"item\":\"https:\\\/\\\/rodoaed.ee\\\/fi\\\/\"},{\"@type\":\"ListItem\",\"position\":2,\"name\":\"Osta osoitteessa\",\"item\":\"https:\\\/\\\/rodoaed.ee\\\/osta-osoitteessa\\\/\"},{\"@type\":\"ListItem\",\"position\":3,\"name\":\"Kuorelliset hasselp\u00e4hkin\u00e4t 1kg pussi\"}]},{\"@type\":\"WebSite\",\"@id\":\"https:\\\/\\\/rodoaed.ee\\\/#website\",\"url\":\"https:\\\/\\\/rodoaed.ee\\\/\",\"name\":\"Rodoaed\",\"description\":\"\",\"publisher\":{\"@id\":\"https:\\\/\\\/rodoaed.ee\\\/#organization\"},\"potentialAction\":[{\"@type\":\"SearchAction\",\"target\":{\"@type\":\"EntryPoint\",\"urlTemplate\":\"https:\\\/\\\/rodoaed.ee\\\/?s={search_term_string}\"},\"query-input\":{\"@type\":\"PropertyValueSpecification\",\"valueRequired\":true,\"valueName\":\"search_term_string\"}}],\"inLanguage\":\"fi\"},{\"@type\":\"Organization\",\"@id\":\"https:\\\/\\\/rodoaed.ee\\\/#organization\",\"name\":\"Rodoaed\",\"url\":\"https:\\\/\\\/rodoaed.ee\\\/\",\"logo\":{\"@type\":\"ImageObject\",\"inLanguage\":\"fi\",\"@id\":\"https:\\\/\\\/rodoaed.ee\\\/#\\\/schema\\\/logo\\\/image\\\/\",\"url\":\"https:\\\/\\\/rodoaed.ee\\\/wp-content\\\/uploads\\\/2019\\\/11\\\/rodoaed-logo-ilma-taustata.jpg\",\"contentUrl\":\"https:\\\/\\\/rodoaed.ee\\\/wp-content\\\/uploads\\\/2019\\\/11\\\/rodoaed-logo-ilma-taustata.jpg\",\"width\":769,\"height\":268,\"caption\":\"Rodoaed\"},\"image\":{\"@id\":\"https:\\\/\\\/rodoaed.ee\\\/#\\\/schema\\\/logo\\\/image\\\/\"},\"sameAs\":[\"https:\\\/\\\/www.facebook.com\\\/kasvuhooned\\\/\",\"https:\\\/\\\/rodoaed.ee\"]}]}<\/script>\n<!-- \/ Yoast SEO Premium plugin. -->","yoast_head_json":{"title":"Kuorelliset hasselp\u00e4hkin\u00e4t 1kg pussi - Rodoaed","robots":{"index":"index","follow":"follow","max-snippet":"max-snippet:-1","max-image-preview":"max-image-preview:large","max-video-preview":"max-video-preview:-1"},"canonical":"https:\/\/rodoaed.ee\/fi\/tuote\/kuorelliset-hasselpahkinat-1kg-pussi\/","og_locale":"fi_FI","og_type":"article","og_title":"Kuorelliset hasselp\u00e4hkin\u00e4t 1kg pussi","og_description":"Premium-luokan hasselp\u00e4hkin\u00f6it\u00e4 k\u00e4tev\u00e4ss\u00e4 1 kg:n pussissa. Hasselp\u00e4hkin\u00e4t ovat kaikkien oravien suosikkiruokaa, sill\u00e4 ne ovat my\u00f6s niiden luontaista","og_url":"https:\/\/rodoaed.ee\/fi\/tuote\/kuorelliset-hasselpahkinat-1kg-pussi\/","og_site_name":"Rodoaed","article_publisher":"https:\/\/www.facebook.com\/kasvuhooned\/","article_modified_time":"2026-04-17T07:17:28+00:00","og_image":[{"width":1600,"height":1067,"url":"https:\/\/rodoaed.ee\/wp-content\/uploads\/2025\/02\/sarapuupahklid-koorega_1.jpg","type":"image\/jpeg"}],"twitter_card":"summary_large_image","schema":{"@context":"https:\/\/schema.org","@graph":[{"@type":"WebPage","@id":"https:\/\/rodoaed.ee\/fi\/tuote\/kuorelliset-hasselpahkinat-1kg-pussi\/","url":"https:\/\/rodoaed.ee\/fi\/tuote\/kuorelliset-hasselpahkinat-1kg-pussi\/","name":"Kuorelliset hasselp\u00e4hkin\u00e4t 1kg pussi - Rodoaed","isPartOf":{"@id":"https:\/\/rodoaed.ee\/#website"},"primaryImageOfPage":{"@id":"https:\/\/rodoaed.ee\/fi\/tuote\/kuorelliset-hasselpahkinat-1kg-pussi\/#primaryimage"},"image":{"@id":"https:\/\/rodoaed.ee\/fi\/tuote\/kuorelliset-hasselpahkinat-1kg-pussi\/#primaryimage"},"thumbnailUrl":"https:\/\/rodoaed.ee\/wp-content\/uploads\/2025\/02\/sarapuupahklid-koorega_1.jpg","datePublished":"2025-02-20T17:51:44+00:00","dateModified":"2026-04-17T07:17:28+00:00","breadcrumb":{"@id":"https:\/\/rodoaed.ee\/fi\/tuote\/kuorelliset-hasselpahkinat-1kg-pussi\/#breadcrumb"},"inLanguage":"fi","potentialAction":[{"@type":"ReadAction","target":["https:\/\/rodoaed.ee\/fi\/tuote\/kuorelliset-hasselpahkinat-1kg-pussi\/"]}]},{"@type":"ImageObject","inLanguage":"fi","@id":"https:\/\/rodoaed.ee\/fi\/tuote\/kuorelliset-hasselpahkinat-1kg-pussi\/#primaryimage","url":"https:\/\/rodoaed.ee\/wp-content\/uploads\/2025\/02\/sarapuupahklid-koorega_1.jpg","contentUrl":"https:\/\/rodoaed.ee\/wp-content\/uploads\/2025\/02\/sarapuupahklid-koorega_1.jpg","width":1600,"height":1067},{"@type":"BreadcrumbList","@id":"https:\/\/rodoaed.ee\/fi\/tuote\/kuorelliset-hasselpahkinat-1kg-pussi\/#breadcrumb","itemListElement":[{"@type":"ListItem","position":1,"name":"Home","item":"https:\/\/rodoaed.ee\/fi\/"},{"@type":"ListItem","position":2,"name":"Osta osoitteessa","item":"https:\/\/rodoaed.ee\/osta-osoitteessa\/"},{"@type":"ListItem","position":3,"name":"Kuorelliset hasselp\u00e4hkin\u00e4t 1kg pussi"}]},{"@type":"WebSite","@id":"https:\/\/rodoaed.ee\/#website","url":"https:\/\/rodoaed.ee\/","name":"Rodoaed","description":"","publisher":{"@id":"https:\/\/rodoaed.ee\/#organization"},"potentialAction":[{"@type":"SearchAction","target":{"@type":"EntryPoint","urlTemplate":"https:\/\/rodoaed.ee\/?s={search_term_string}"},"query-input":{"@type":"PropertyValueSpecification","valueRequired":true,"valueName":"search_term_string"}}],"inLanguage":"fi"},{"@type":"Organization","@id":"https:\/\/rodoaed.ee\/#organization","name":"Rodoaed","url":"https:\/\/rodoaed.ee\/","logo":{"@type":"ImageObject","inLanguage":"fi","@id":"https:\/\/rodoaed.ee\/#\/schema\/logo\/image\/","url":"https:\/\/rodoaed.ee\/wp-content\/uploads\/2019\/11\/rodoaed-logo-ilma-taustata.jpg","contentUrl":"https:\/\/rodoaed.ee\/wp-content\/uploads\/2019\/11\/rodoaed-logo-ilma-taustata.jpg","width":769,"height":268,"caption":"Rodoaed"},"image":{"@id":"https:\/\/rodoaed.ee\/#\/schema\/logo\/image\/"},"sameAs":["https:\/\/www.facebook.com\/kasvuhooned\/","https:\/\/rodoaed.ee"]}]}},"_links":{"self":[{"href":"https:\/\/rodoaed.ee\/fi\/wp-json\/wp\/v2\/product\/52512","targetHints":{"allow":["GET"]}}],"collection":[{"href":"https:\/\/rodoaed.ee\/fi\/wp-json\/wp\/v2\/product"}],"about":[{"href":"https:\/\/rodoaed.ee\/fi\/wp-json\/wp\/v2\/types\/product"}],"wp:featuredmedia":[{"embeddable":true,"href":"https:\/\/rodoaed.ee\/fi\/wp-json\/wp\/v2\/media\/49803"}],"wp:attachment":[{"href":"https:\/\/rodoaed.ee\/fi\/wp-json\/wp\/v2\/media?parent=52512"}],"wp:term":[{"taxonomy":"product_brand","embeddable":true,"href":"https:\/\/rodoaed.ee\/fi\/wp-json\/wp\/v2\/product_brand?post=52512"},{"taxonomy":"product_cat","embeddable":true,"href":"https:\/\/rodoaed.ee\/fi\/wp-json\/wp\/v2\/product_cat?post=52512"},{"taxonomy":"product_tag","embeddable":true,"href":"https:\/\/rodoaed.ee\/fi\/wp-json\/wp\/v2\/product_tag?post=52512"}],"curies":[{"name":"wp","href":"https:\/\/api.w.org\/{rel}","templated":true}]}}