{"id":52515,"date":"2025-02-05T15:13:44","date_gmt":"2025-02-05T13:13:44","guid":{"rendered":"https:\/\/rodoaed.ee\/toode\/chickpepper-poseidon-hyvin-aikainen-kirpean-makuinen-myos-avomaalla\/"},"modified":"2026-04-17T10:16:06","modified_gmt":"2026-04-17T07:16:06","slug":"chickpepper-poseidon-hyvin-aikainen-kirpean-makuinen-myos-avomaalla","status":"publish","type":"product","link":"https:\/\/rodoaed.ee\/fi\/tuote\/chickpepper-poseidon-hyvin-aikainen-kirpean-makuinen-myos-avomaalla\/","title":{"rendered":"Chickpepper Poseidon &#8211; hyvin aikainen, kirpe\u00e4n makuinen, my\u00f6s avomaalla."},"content":{"rendered":"<p><strong>Poseidon-paprika &#8211; hyvin aikainen, kirpe\u00e4n makuinen, voidaan kasvattaa my\u00f6s avomaalla.<\/strong><\/p>\n<p>Poseidon on hyvin varhainen tulisen makuista pippuria tuottava lajike. Pitk\u00e4nomaiset sarvenmuotoiset hedelm\u00e4t ovat kypsin\u00e4 kirkkaanpunaisia ja maultaan ter\u00e4vi\u00e4. Paprikoita k\u00e4ytet\u00e4\u00e4n mausteena, ja ne voidaan s\u00e4il\u00f6\u00e4 kokonaisina miss\u00e4 tahansa kypsymisvaiheessa. Yksi kasvi tuottaa 20-25 hedelm\u00e4\u00e4. Paprikan siementen optimaalinen it\u00e4misl\u00e4mp\u00f6tila on 22-25 \u00b0C. Siemenet it\u00e4v\u00e4t 14-22 p\u00e4iv\u00e4ss\u00e4. Voidaan kasvattaa l\u00e4mmitt\u00e4m\u00e4tt\u00f6m\u00e4ss\u00e4 kasvihuoneessa tai avomaalla.      <\/p>\n<p><a href=\"https:\/\/rodoaed.ee\/fi\/\">kotisivu<\/a> <a href=\"https:\/\/rodoaed.ee\/tootekategooria\/aed-ja-hoov\/\">k\u00e4ynnist\u00e4<\/a>  <a href=\"https:\/\/rodoaed.ee\/tootekategooria\/aed-ja-hoov\/seemned\/\">siemenet<\/a><\/p>\n<p>&nbsp;<\/p>\n","protected":false},"excerpt":{"rendered":"<p>Poseidon-paprika &#8211; hyvin aikainen, kirpe\u00e4n makuinen, voidaan kasvattaa my\u00f6s avomaalla. Poseidon on hyvin varhainen tulisen makuista pippuria tuottava lajike. Pitk\u00e4nomaiset sarvenmuotoiset hedelm\u00e4t ovat kypsin\u00e4 kirkkaanpunaisia ja maultaan ter\u00e4vi\u00e4. Paprikoita k\u00e4ytet\u00e4\u00e4n mausteena, ja ne voidaan s\u00e4il\u00f6\u00e4 kokonaisina miss\u00e4 tahansa kypsymisvaiheessa. Yksi kasvi tuottaa 20-25 hedelm\u00e4\u00e4. Paprikan siementen optimaalinen it\u00e4misl\u00e4mp\u00f6tila on 22-25 \u00b0C. Siemenet it\u00e4v\u00e4t 14-22 p\u00e4iv\u00e4ss\u00e4. Voidaan kasvattaa l\u00e4mmitt\u00e4m\u00e4tt\u00f6m\u00e4ss\u00e4 kasvihuoneessa tai avomaalla. kotisivu k\u00e4ynnist\u00e4 siemenet &nbsp;<\/p>\n","protected":false},"featured_media":49718,"template":"","meta":{"_acf_changed":false},"product_brand":[],"product_cat":[1990,1752,1753],"product_tag":[],"class_list":{"0":"post-52515","1":"product","2":"type-product","3":"status-publish","4":"has-post-thumbnail","6":"product_cat-chilin-siemenet","7":"product_cat-puutarha-ja-piha","8":"product_cat-siemenet","9":"product_shipping_class-toimitus-1-3-tyopaivan-kuluessa","10":"pa_variatsioon-suuri-blumatin-automaattinen-kastelujarjestelma-jossa-on-40-anturia-ja-vesihanaliitanta","12":"first","13":"instock","14":"taxable","15":"shipping-taxable","16":"purchasable","17":"product-type-simple"},"acf":[],"yoast_head":"<!-- This site is optimized with the Yoast SEO Premium plugin v27.3 (Yoast SEO v27.3) - https:\/\/yoast.com\/product\/yoast-seo-premium-wordpress\/ -->\n<title>Chickpepper Poseidon - hyvin aikainen, kirpe\u00e4n makuinen, my\u00f6s avomaalla. - Rodoaed<\/title>\n<meta name=\"description\" content=\"Vihannesten siemeni\u00e4 Euroopan ja Viron parhailta tuottajilta. Kasvihuoneeseen ja avomaalle soveltuvat j\u00e4lkitestatut siemenet.\" \/>\n<meta name=\"robots\" content=\"index, follow, max-snippet:-1, max-image-preview:large, max-video-preview:-1\" \/>\n<link rel=\"canonical\" href=\"https:\/\/rodoaed.ee\/fi\/tuote\/chickpepper-poseidon-hyvin-aikainen-kirpean-makuinen-myos-avomaalla\/\" \/>\n<meta property=\"og:locale\" content=\"fi_FI\" \/>\n<meta property=\"og:type\" content=\"article\" \/>\n<meta property=\"og:title\" content=\"Chickpepper Poseidon - hyvin aikainen, kirpe\u00e4n makuinen, my\u00f6s avomaalla.\" \/>\n<meta property=\"og:description\" content=\"Poseidon-paprika - hyvin aikainen, kirpe\u00e4n makuinen, voidaan kasvattaa my\u00f6s avomaalla. Poseidon on hyvin varhainen tulisen makuista pippuria tuottava\" \/>\n<meta property=\"og:url\" content=\"https:\/\/rodoaed.ee\/fi\/tuote\/chickpepper-poseidon-hyvin-aikainen-kirpean-makuinen-myos-avomaalla\/\" \/>\n<meta property=\"og:site_name\" content=\"Rodoaed\" \/>\n<meta property=\"article:publisher\" content=\"https:\/\/www.facebook.com\/kasvuhooned\/\" \/>\n<meta property=\"article:modified_time\" content=\"2026-04-17T07:16:06+00:00\" \/>\n<meta property=\"og:image\" content=\"https:\/\/rodoaed.ee\/wp-content\/uploads\/2025\/02\/tsillipipar_seemned_4770168125704.jpg\" \/>\n\t<meta property=\"og:image:width\" content=\"900\" \/>\n\t<meta property=\"og:image:height\" content=\"962\" \/>\n\t<meta property=\"og:image:type\" content=\"image\/jpeg\" \/>\n<meta name=\"twitter:card\" content=\"summary_large_image\" \/>\n<script type=\"application\/ld+json\" class=\"yoast-schema-graph\">{\"@context\":\"https:\\\/\\\/schema.org\",\"@graph\":[{\"@type\":\"WebPage\",\"@id\":\"https:\\\/\\\/rodoaed.ee\\\/fi\\\/tuote\\\/chickpepper-poseidon-hyvin-aikainen-kirpean-makuinen-myos-avomaalla\\\/\",\"url\":\"https:\\\/\\\/rodoaed.ee\\\/fi\\\/tuote\\\/chickpepper-poseidon-hyvin-aikainen-kirpean-makuinen-myos-avomaalla\\\/\",\"name\":\"Chickpepper Poseidon - hyvin aikainen, kirpe\u00e4n makuinen, my\u00f6s avomaalla. - Rodoaed\",\"isPartOf\":{\"@id\":\"https:\\\/\\\/rodoaed.ee\\\/#website\"},\"primaryImageOfPage\":{\"@id\":\"https:\\\/\\\/rodoaed.ee\\\/fi\\\/tuote\\\/chickpepper-poseidon-hyvin-aikainen-kirpean-makuinen-myos-avomaalla\\\/#primaryimage\"},\"image\":{\"@id\":\"https:\\\/\\\/rodoaed.ee\\\/fi\\\/tuote\\\/chickpepper-poseidon-hyvin-aikainen-kirpean-makuinen-myos-avomaalla\\\/#primaryimage\"},\"thumbnailUrl\":\"https:\\\/\\\/rodoaed.ee\\\/wp-content\\\/uploads\\\/2025\\\/02\\\/tsillipipar_seemned_4770168125704.jpg\",\"datePublished\":\"2025-02-05T13:13:44+00:00\",\"dateModified\":\"2026-04-17T07:16:06+00:00\",\"description\":\"Vihannesten siemeni\u00e4 Euroopan ja Viron parhailta tuottajilta. Kasvihuoneeseen ja avomaalle soveltuvat j\u00e4lkitestatut siemenet.\",\"breadcrumb\":{\"@id\":\"https:\\\/\\\/rodoaed.ee\\\/fi\\\/tuote\\\/chickpepper-poseidon-hyvin-aikainen-kirpean-makuinen-myos-avomaalla\\\/#breadcrumb\"},\"inLanguage\":\"fi\",\"potentialAction\":[{\"@type\":\"ReadAction\",\"target\":[\"https:\\\/\\\/rodoaed.ee\\\/fi\\\/tuote\\\/chickpepper-poseidon-hyvin-aikainen-kirpean-makuinen-myos-avomaalla\\\/\"]}]},{\"@type\":\"ImageObject\",\"inLanguage\":\"fi\",\"@id\":\"https:\\\/\\\/rodoaed.ee\\\/fi\\\/tuote\\\/chickpepper-poseidon-hyvin-aikainen-kirpean-makuinen-myos-avomaalla\\\/#primaryimage\",\"url\":\"https:\\\/\\\/rodoaed.ee\\\/wp-content\\\/uploads\\\/2025\\\/02\\\/tsillipipar_seemned_4770168125704.jpg\",\"contentUrl\":\"https:\\\/\\\/rodoaed.ee\\\/wp-content\\\/uploads\\\/2025\\\/02\\\/tsillipipar_seemned_4770168125704.jpg\",\"width\":900,\"height\":962},{\"@type\":\"BreadcrumbList\",\"@id\":\"https:\\\/\\\/rodoaed.ee\\\/fi\\\/tuote\\\/chickpepper-poseidon-hyvin-aikainen-kirpean-makuinen-myos-avomaalla\\\/#breadcrumb\",\"itemListElement\":[{\"@type\":\"ListItem\",\"position\":1,\"name\":\"Home\",\"item\":\"https:\\\/\\\/rodoaed.ee\\\/fi\\\/\"},{\"@type\":\"ListItem\",\"position\":2,\"name\":\"Osta osoitteessa\",\"item\":\"https:\\\/\\\/rodoaed.ee\\\/osta-osoitteessa\\\/\"},{\"@type\":\"ListItem\",\"position\":3,\"name\":\"Chickpepper Poseidon &#8211; hyvin aikainen, kirpe\u00e4n makuinen, my\u00f6s avomaalla.\"}]},{\"@type\":\"WebSite\",\"@id\":\"https:\\\/\\\/rodoaed.ee\\\/#website\",\"url\":\"https:\\\/\\\/rodoaed.ee\\\/\",\"name\":\"Rodoaed\",\"description\":\"\",\"publisher\":{\"@id\":\"https:\\\/\\\/rodoaed.ee\\\/#organization\"},\"potentialAction\":[{\"@type\":\"SearchAction\",\"target\":{\"@type\":\"EntryPoint\",\"urlTemplate\":\"https:\\\/\\\/rodoaed.ee\\\/?s={search_term_string}\"},\"query-input\":{\"@type\":\"PropertyValueSpecification\",\"valueRequired\":true,\"valueName\":\"search_term_string\"}}],\"inLanguage\":\"fi\"},{\"@type\":\"Organization\",\"@id\":\"https:\\\/\\\/rodoaed.ee\\\/#organization\",\"name\":\"Rodoaed\",\"url\":\"https:\\\/\\\/rodoaed.ee\\\/\",\"logo\":{\"@type\":\"ImageObject\",\"inLanguage\":\"fi\",\"@id\":\"https:\\\/\\\/rodoaed.ee\\\/#\\\/schema\\\/logo\\\/image\\\/\",\"url\":\"https:\\\/\\\/rodoaed.ee\\\/wp-content\\\/uploads\\\/2019\\\/11\\\/rodoaed-logo-ilma-taustata.jpg\",\"contentUrl\":\"https:\\\/\\\/rodoaed.ee\\\/wp-content\\\/uploads\\\/2019\\\/11\\\/rodoaed-logo-ilma-taustata.jpg\",\"width\":769,\"height\":268,\"caption\":\"Rodoaed\"},\"image\":{\"@id\":\"https:\\\/\\\/rodoaed.ee\\\/#\\\/schema\\\/logo\\\/image\\\/\"},\"sameAs\":[\"https:\\\/\\\/www.facebook.com\\\/kasvuhooned\\\/\",\"https:\\\/\\\/rodoaed.ee\"]}]}<\/script>\n<!-- \/ Yoast SEO Premium plugin. -->","yoast_head_json":{"title":"Chickpepper Poseidon - hyvin aikainen, kirpe\u00e4n makuinen, my\u00f6s avomaalla. - Rodoaed","description":"Vihannesten siemeni\u00e4 Euroopan ja Viron parhailta tuottajilta. Kasvihuoneeseen ja avomaalle soveltuvat j\u00e4lkitestatut siemenet.","robots":{"index":"index","follow":"follow","max-snippet":"max-snippet:-1","max-image-preview":"max-image-preview:large","max-video-preview":"max-video-preview:-1"},"canonical":"https:\/\/rodoaed.ee\/fi\/tuote\/chickpepper-poseidon-hyvin-aikainen-kirpean-makuinen-myos-avomaalla\/","og_locale":"fi_FI","og_type":"article","og_title":"Chickpepper Poseidon - hyvin aikainen, kirpe\u00e4n makuinen, my\u00f6s avomaalla.","og_description":"Poseidon-paprika - hyvin aikainen, kirpe\u00e4n makuinen, voidaan kasvattaa my\u00f6s avomaalla. Poseidon on hyvin varhainen tulisen makuista pippuria tuottava","og_url":"https:\/\/rodoaed.ee\/fi\/tuote\/chickpepper-poseidon-hyvin-aikainen-kirpean-makuinen-myos-avomaalla\/","og_site_name":"Rodoaed","article_publisher":"https:\/\/www.facebook.com\/kasvuhooned\/","article_modified_time":"2026-04-17T07:16:06+00:00","og_image":[{"width":900,"height":962,"url":"https:\/\/rodoaed.ee\/wp-content\/uploads\/2025\/02\/tsillipipar_seemned_4770168125704.jpg","type":"image\/jpeg"}],"twitter_card":"summary_large_image","schema":{"@context":"https:\/\/schema.org","@graph":[{"@type":"WebPage","@id":"https:\/\/rodoaed.ee\/fi\/tuote\/chickpepper-poseidon-hyvin-aikainen-kirpean-makuinen-myos-avomaalla\/","url":"https:\/\/rodoaed.ee\/fi\/tuote\/chickpepper-poseidon-hyvin-aikainen-kirpean-makuinen-myos-avomaalla\/","name":"Chickpepper Poseidon - hyvin aikainen, kirpe\u00e4n makuinen, my\u00f6s avomaalla. - Rodoaed","isPartOf":{"@id":"https:\/\/rodoaed.ee\/#website"},"primaryImageOfPage":{"@id":"https:\/\/rodoaed.ee\/fi\/tuote\/chickpepper-poseidon-hyvin-aikainen-kirpean-makuinen-myos-avomaalla\/#primaryimage"},"image":{"@id":"https:\/\/rodoaed.ee\/fi\/tuote\/chickpepper-poseidon-hyvin-aikainen-kirpean-makuinen-myos-avomaalla\/#primaryimage"},"thumbnailUrl":"https:\/\/rodoaed.ee\/wp-content\/uploads\/2025\/02\/tsillipipar_seemned_4770168125704.jpg","datePublished":"2025-02-05T13:13:44+00:00","dateModified":"2026-04-17T07:16:06+00:00","description":"Vihannesten siemeni\u00e4 Euroopan ja Viron parhailta tuottajilta. Kasvihuoneeseen ja avomaalle soveltuvat j\u00e4lkitestatut siemenet.","breadcrumb":{"@id":"https:\/\/rodoaed.ee\/fi\/tuote\/chickpepper-poseidon-hyvin-aikainen-kirpean-makuinen-myos-avomaalla\/#breadcrumb"},"inLanguage":"fi","potentialAction":[{"@type":"ReadAction","target":["https:\/\/rodoaed.ee\/fi\/tuote\/chickpepper-poseidon-hyvin-aikainen-kirpean-makuinen-myos-avomaalla\/"]}]},{"@type":"ImageObject","inLanguage":"fi","@id":"https:\/\/rodoaed.ee\/fi\/tuote\/chickpepper-poseidon-hyvin-aikainen-kirpean-makuinen-myos-avomaalla\/#primaryimage","url":"https:\/\/rodoaed.ee\/wp-content\/uploads\/2025\/02\/tsillipipar_seemned_4770168125704.jpg","contentUrl":"https:\/\/rodoaed.ee\/wp-content\/uploads\/2025\/02\/tsillipipar_seemned_4770168125704.jpg","width":900,"height":962},{"@type":"BreadcrumbList","@id":"https:\/\/rodoaed.ee\/fi\/tuote\/chickpepper-poseidon-hyvin-aikainen-kirpean-makuinen-myos-avomaalla\/#breadcrumb","itemListElement":[{"@type":"ListItem","position":1,"name":"Home","item":"https:\/\/rodoaed.ee\/fi\/"},{"@type":"ListItem","position":2,"name":"Osta osoitteessa","item":"https:\/\/rodoaed.ee\/osta-osoitteessa\/"},{"@type":"ListItem","position":3,"name":"Chickpepper Poseidon &#8211; hyvin aikainen, kirpe\u00e4n makuinen, my\u00f6s avomaalla."}]},{"@type":"WebSite","@id":"https:\/\/rodoaed.ee\/#website","url":"https:\/\/rodoaed.ee\/","name":"Rodoaed","description":"","publisher":{"@id":"https:\/\/rodoaed.ee\/#organization"},"potentialAction":[{"@type":"SearchAction","target":{"@type":"EntryPoint","urlTemplate":"https:\/\/rodoaed.ee\/?s={search_term_string}"},"query-input":{"@type":"PropertyValueSpecification","valueRequired":true,"valueName":"search_term_string"}}],"inLanguage":"fi"},{"@type":"Organization","@id":"https:\/\/rodoaed.ee\/#organization","name":"Rodoaed","url":"https:\/\/rodoaed.ee\/","logo":{"@type":"ImageObject","inLanguage":"fi","@id":"https:\/\/rodoaed.ee\/#\/schema\/logo\/image\/","url":"https:\/\/rodoaed.ee\/wp-content\/uploads\/2019\/11\/rodoaed-logo-ilma-taustata.jpg","contentUrl":"https:\/\/rodoaed.ee\/wp-content\/uploads\/2019\/11\/rodoaed-logo-ilma-taustata.jpg","width":769,"height":268,"caption":"Rodoaed"},"image":{"@id":"https:\/\/rodoaed.ee\/#\/schema\/logo\/image\/"},"sameAs":["https:\/\/www.facebook.com\/kasvuhooned\/","https:\/\/rodoaed.ee"]}]}},"_links":{"self":[{"href":"https:\/\/rodoaed.ee\/fi\/wp-json\/wp\/v2\/product\/52515","targetHints":{"allow":["GET"]}}],"collection":[{"href":"https:\/\/rodoaed.ee\/fi\/wp-json\/wp\/v2\/product"}],"about":[{"href":"https:\/\/rodoaed.ee\/fi\/wp-json\/wp\/v2\/types\/product"}],"wp:featuredmedia":[{"embeddable":true,"href":"https:\/\/rodoaed.ee\/fi\/wp-json\/wp\/v2\/media\/49718"}],"wp:attachment":[{"href":"https:\/\/rodoaed.ee\/fi\/wp-json\/wp\/v2\/media?parent=52515"}],"wp:term":[{"taxonomy":"product_brand","embeddable":true,"href":"https:\/\/rodoaed.ee\/fi\/wp-json\/wp\/v2\/product_brand?post=52515"},{"taxonomy":"product_cat","embeddable":true,"href":"https:\/\/rodoaed.ee\/fi\/wp-json\/wp\/v2\/product_cat?post=52515"},{"taxonomy":"product_tag","embeddable":true,"href":"https:\/\/rodoaed.ee\/fi\/wp-json\/wp\/v2\/product_tag?post=52515"}],"curies":[{"name":"wp","href":"https:\/\/api.w.org\/{rel}","templated":true}]}}