{"id":52516,"date":"2025-02-05T15:13:21","date_gmt":"2025-02-05T13:13:21","guid":{"rendered":"https:\/\/rodoaed.ee\/toode\/hot-lemon-chilipippuri-mehukas-sitruunan-jalkimaku-palot-10cm\/"},"modified":"2026-04-17T10:16:01","modified_gmt":"2026-04-17T07:16:01","slug":"hot-lemon-chilipippuri-mehukas-sitruunan-jalkimaku-palot-10cm","status":"publish","type":"product","link":"https:\/\/rodoaed.ee\/fi\/tuote\/hot-lemon-chilipippuri-mehukas-sitruunan-jalkimaku-palot-10cm\/","title":{"rendered":"Hot Lemon chilipippuri &#8211; mehukas, sitruunan j\u00e4lkimaku, palot 10cm."},"content":{"rendered":"<p><strong>Hot Lemon chilipippuri &#8211; mehukas, sitruunan j\u00e4lkimaku, palot 10cm.<\/strong><\/p>\n<p>Majoranin tuottava lajike. Kasvit ovat kompakteja ja sopivat ruukkukasvatukseen. Hedelm\u00e4t ovat ter\u00e4vi\u00e4, hieman ryppyisi\u00e4 ja 6-10 cm pitki\u00e4. Kypsin\u00e4 ne muuttuvat v\u00e4rilt\u00e4\u00e4n vihre\u00e4st\u00e4 keltaiseksi. Hot Lemon&#8221; -lajikkeen kypsiss\u00e4 paprikoissa on sitruunaruohon ja sitruunan hedelmien j\u00e4lkimaku. Sopii k\u00e4ytett\u00e4v\u00e4ksi salaateissa sek\u00e4 kuivattavaksi ja varastoitavaksi. Antaa erityist\u00e4 makua pataruoille, pataruoille ja kastikkeille.      <\/p>\n<p>&nbsp;<\/p>\n<p><a href=\"https:\/\/rodoaed.ee\/fi\/\">kotisivu<\/a> <a href=\"https:\/\/rodoaed.ee\/tootekategooria\/aed-ja-hoov\/\">k\u00e4ynnist\u00e4<\/a>  <a href=\"https:\/\/rodoaed.ee\/tootekategooria\/aed-ja-hoov\/seemned\/\">siemenet<\/a><\/p>\n<p>&nbsp;<\/p>\n","protected":false},"excerpt":{"rendered":"<p>Hot Lemon chilipippuri &#8211; mehukas, sitruunan j\u00e4lkimaku, palot 10cm. Majoranin tuottava lajike. Kasvit ovat kompakteja ja sopivat ruukkukasvatukseen. Hedelm\u00e4t ovat ter\u00e4vi\u00e4, hieman ryppyisi\u00e4 ja 6-10 cm pitki\u00e4. Kypsin\u00e4 ne muuttuvat v\u00e4rilt\u00e4\u00e4n vihre\u00e4st\u00e4 keltaiseksi. Hot Lemon&#8221; -lajikkeen kypsiss\u00e4 paprikoissa on sitruunaruohon ja sitruunan hedelmien j\u00e4lkimaku. Sopii k\u00e4ytett\u00e4v\u00e4ksi salaateissa sek\u00e4 kuivattavaksi ja varastoitavaksi. Antaa erityist\u00e4 makua pataruoille, pataruoille ja kastikkeille. &nbsp; kotisivu k\u00e4ynnist\u00e4 siemenet &nbsp;<\/p>\n","protected":false},"featured_media":49721,"template":"","meta":{"_acf_changed":false},"product_brand":[],"product_cat":[1990,1752,1753],"product_tag":[],"class_list":{"0":"post-52516","1":"product","2":"type-product","3":"status-publish","4":"has-post-thumbnail","6":"product_cat-chilin-siemenet","7":"product_cat-puutarha-ja-piha","8":"product_cat-siemenet","9":"product_shipping_class-toimitus-1-3-tyopaivan-kuluessa","10":"pa_variatsioon-suuri-blumatin-automaattinen-kastelujarjestelma-jossa-on-40-anturia-ja-vesihanaliitanta","12":"first","13":"instock","14":"taxable","15":"shipping-taxable","16":"purchasable","17":"product-type-simple"},"acf":[],"yoast_head":"<!-- This site is optimized with the Yoast SEO Premium plugin v27.3 (Yoast SEO v27.3) - https:\/\/yoast.com\/product\/yoast-seo-premium-wordpress\/ -->\n<title>Hot Lemon chilipippuri - mehukas, sitruunan j\u00e4lkimaku, palot 10cm. - Rodoaed<\/title>\n<meta name=\"description\" content=\"Vihannesten siemeni\u00e4 Euroopan ja Viron parhailta tuottajilta. Kasvihuoneeseen ja avomaalle soveltuvat j\u00e4lkitestatut siemenet.\" \/>\n<meta name=\"robots\" content=\"index, follow, max-snippet:-1, max-image-preview:large, max-video-preview:-1\" \/>\n<link rel=\"canonical\" href=\"https:\/\/rodoaed.ee\/fi\/tuote\/hot-lemon-chilipippuri-mehukas-sitruunan-jalkimaku-palot-10cm\/\" \/>\n<meta property=\"og:locale\" content=\"fi_FI\" \/>\n<meta property=\"og:type\" content=\"article\" \/>\n<meta property=\"og:title\" content=\"Hot Lemon chilipippuri - mehukas, sitruunan j\u00e4lkimaku, palot 10cm.\" \/>\n<meta property=\"og:description\" content=\"Hot Lemon chilipippuri - mehukas, sitruunan j\u00e4lkimaku, palot 10cm. Majoranin tuottava lajike. Kasvit ovat kompakteja ja sopivat ruukkukasvatukseen.\" \/>\n<meta property=\"og:url\" content=\"https:\/\/rodoaed.ee\/fi\/tuote\/hot-lemon-chilipippuri-mehukas-sitruunan-jalkimaku-palot-10cm\/\" \/>\n<meta property=\"og:site_name\" content=\"Rodoaed\" \/>\n<meta property=\"article:publisher\" content=\"https:\/\/www.facebook.com\/kasvuhooned\/\" \/>\n<meta property=\"article:modified_time\" content=\"2026-04-17T07:16:01+00:00\" \/>\n<meta property=\"og:image\" content=\"https:\/\/rodoaed.ee\/wp-content\/uploads\/2025\/02\/tsillipipar_seemned_4770168920248.jpg\" \/>\n\t<meta property=\"og:image:width\" content=\"398\" \/>\n\t<meta property=\"og:image:height\" content=\"425\" \/>\n\t<meta property=\"og:image:type\" content=\"image\/jpeg\" \/>\n<meta name=\"twitter:card\" content=\"summary_large_image\" \/>\n<script type=\"application\/ld+json\" class=\"yoast-schema-graph\">{\"@context\":\"https:\\\/\\\/schema.org\",\"@graph\":[{\"@type\":\"WebPage\",\"@id\":\"https:\\\/\\\/rodoaed.ee\\\/fi\\\/tuote\\\/hot-lemon-chilipippuri-mehukas-sitruunan-jalkimaku-palot-10cm\\\/\",\"url\":\"https:\\\/\\\/rodoaed.ee\\\/fi\\\/tuote\\\/hot-lemon-chilipippuri-mehukas-sitruunan-jalkimaku-palot-10cm\\\/\",\"name\":\"Hot Lemon chilipippuri - mehukas, sitruunan j\u00e4lkimaku, palot 10cm. - Rodoaed\",\"isPartOf\":{\"@id\":\"https:\\\/\\\/rodoaed.ee\\\/#website\"},\"primaryImageOfPage\":{\"@id\":\"https:\\\/\\\/rodoaed.ee\\\/fi\\\/tuote\\\/hot-lemon-chilipippuri-mehukas-sitruunan-jalkimaku-palot-10cm\\\/#primaryimage\"},\"image\":{\"@id\":\"https:\\\/\\\/rodoaed.ee\\\/fi\\\/tuote\\\/hot-lemon-chilipippuri-mehukas-sitruunan-jalkimaku-palot-10cm\\\/#primaryimage\"},\"thumbnailUrl\":\"https:\\\/\\\/rodoaed.ee\\\/wp-content\\\/uploads\\\/2025\\\/02\\\/tsillipipar_seemned_4770168920248.jpg\",\"datePublished\":\"2025-02-05T13:13:21+00:00\",\"dateModified\":\"2026-04-17T07:16:01+00:00\",\"description\":\"Vihannesten siemeni\u00e4 Euroopan ja Viron parhailta tuottajilta. Kasvihuoneeseen ja avomaalle soveltuvat j\u00e4lkitestatut siemenet.\",\"breadcrumb\":{\"@id\":\"https:\\\/\\\/rodoaed.ee\\\/fi\\\/tuote\\\/hot-lemon-chilipippuri-mehukas-sitruunan-jalkimaku-palot-10cm\\\/#breadcrumb\"},\"inLanguage\":\"fi\",\"potentialAction\":[{\"@type\":\"ReadAction\",\"target\":[\"https:\\\/\\\/rodoaed.ee\\\/fi\\\/tuote\\\/hot-lemon-chilipippuri-mehukas-sitruunan-jalkimaku-palot-10cm\\\/\"]}]},{\"@type\":\"ImageObject\",\"inLanguage\":\"fi\",\"@id\":\"https:\\\/\\\/rodoaed.ee\\\/fi\\\/tuote\\\/hot-lemon-chilipippuri-mehukas-sitruunan-jalkimaku-palot-10cm\\\/#primaryimage\",\"url\":\"https:\\\/\\\/rodoaed.ee\\\/wp-content\\\/uploads\\\/2025\\\/02\\\/tsillipipar_seemned_4770168920248.jpg\",\"contentUrl\":\"https:\\\/\\\/rodoaed.ee\\\/wp-content\\\/uploads\\\/2025\\\/02\\\/tsillipipar_seemned_4770168920248.jpg\",\"width\":398,\"height\":425},{\"@type\":\"BreadcrumbList\",\"@id\":\"https:\\\/\\\/rodoaed.ee\\\/fi\\\/tuote\\\/hot-lemon-chilipippuri-mehukas-sitruunan-jalkimaku-palot-10cm\\\/#breadcrumb\",\"itemListElement\":[{\"@type\":\"ListItem\",\"position\":1,\"name\":\"Home\",\"item\":\"https:\\\/\\\/rodoaed.ee\\\/fi\\\/\"},{\"@type\":\"ListItem\",\"position\":2,\"name\":\"Osta osoitteessa\",\"item\":\"https:\\\/\\\/rodoaed.ee\\\/osta-osoitteessa\\\/\"},{\"@type\":\"ListItem\",\"position\":3,\"name\":\"Hot Lemon chilipippuri &#8211; mehukas, sitruunan j\u00e4lkimaku, palot 10cm.\"}]},{\"@type\":\"WebSite\",\"@id\":\"https:\\\/\\\/rodoaed.ee\\\/#website\",\"url\":\"https:\\\/\\\/rodoaed.ee\\\/\",\"name\":\"Rodoaed\",\"description\":\"\",\"publisher\":{\"@id\":\"https:\\\/\\\/rodoaed.ee\\\/#organization\"},\"potentialAction\":[{\"@type\":\"SearchAction\",\"target\":{\"@type\":\"EntryPoint\",\"urlTemplate\":\"https:\\\/\\\/rodoaed.ee\\\/?s={search_term_string}\"},\"query-input\":{\"@type\":\"PropertyValueSpecification\",\"valueRequired\":true,\"valueName\":\"search_term_string\"}}],\"inLanguage\":\"fi\"},{\"@type\":\"Organization\",\"@id\":\"https:\\\/\\\/rodoaed.ee\\\/#organization\",\"name\":\"Rodoaed\",\"url\":\"https:\\\/\\\/rodoaed.ee\\\/\",\"logo\":{\"@type\":\"ImageObject\",\"inLanguage\":\"fi\",\"@id\":\"https:\\\/\\\/rodoaed.ee\\\/#\\\/schema\\\/logo\\\/image\\\/\",\"url\":\"https:\\\/\\\/rodoaed.ee\\\/wp-content\\\/uploads\\\/2019\\\/11\\\/rodoaed-logo-ilma-taustata.jpg\",\"contentUrl\":\"https:\\\/\\\/rodoaed.ee\\\/wp-content\\\/uploads\\\/2019\\\/11\\\/rodoaed-logo-ilma-taustata.jpg\",\"width\":769,\"height\":268,\"caption\":\"Rodoaed\"},\"image\":{\"@id\":\"https:\\\/\\\/rodoaed.ee\\\/#\\\/schema\\\/logo\\\/image\\\/\"},\"sameAs\":[\"https:\\\/\\\/www.facebook.com\\\/kasvuhooned\\\/\",\"https:\\\/\\\/rodoaed.ee\"]}]}<\/script>\n<!-- \/ Yoast SEO Premium plugin. -->","yoast_head_json":{"title":"Hot Lemon chilipippuri - mehukas, sitruunan j\u00e4lkimaku, palot 10cm. - Rodoaed","description":"Vihannesten siemeni\u00e4 Euroopan ja Viron parhailta tuottajilta. Kasvihuoneeseen ja avomaalle soveltuvat j\u00e4lkitestatut siemenet.","robots":{"index":"index","follow":"follow","max-snippet":"max-snippet:-1","max-image-preview":"max-image-preview:large","max-video-preview":"max-video-preview:-1"},"canonical":"https:\/\/rodoaed.ee\/fi\/tuote\/hot-lemon-chilipippuri-mehukas-sitruunan-jalkimaku-palot-10cm\/","og_locale":"fi_FI","og_type":"article","og_title":"Hot Lemon chilipippuri - mehukas, sitruunan j\u00e4lkimaku, palot 10cm.","og_description":"Hot Lemon chilipippuri - mehukas, sitruunan j\u00e4lkimaku, palot 10cm. Majoranin tuottava lajike. Kasvit ovat kompakteja ja sopivat ruukkukasvatukseen.","og_url":"https:\/\/rodoaed.ee\/fi\/tuote\/hot-lemon-chilipippuri-mehukas-sitruunan-jalkimaku-palot-10cm\/","og_site_name":"Rodoaed","article_publisher":"https:\/\/www.facebook.com\/kasvuhooned\/","article_modified_time":"2026-04-17T07:16:01+00:00","og_image":[{"width":398,"height":425,"url":"https:\/\/rodoaed.ee\/wp-content\/uploads\/2025\/02\/tsillipipar_seemned_4770168920248.jpg","type":"image\/jpeg"}],"twitter_card":"summary_large_image","schema":{"@context":"https:\/\/schema.org","@graph":[{"@type":"WebPage","@id":"https:\/\/rodoaed.ee\/fi\/tuote\/hot-lemon-chilipippuri-mehukas-sitruunan-jalkimaku-palot-10cm\/","url":"https:\/\/rodoaed.ee\/fi\/tuote\/hot-lemon-chilipippuri-mehukas-sitruunan-jalkimaku-palot-10cm\/","name":"Hot Lemon chilipippuri - mehukas, sitruunan j\u00e4lkimaku, palot 10cm. - Rodoaed","isPartOf":{"@id":"https:\/\/rodoaed.ee\/#website"},"primaryImageOfPage":{"@id":"https:\/\/rodoaed.ee\/fi\/tuote\/hot-lemon-chilipippuri-mehukas-sitruunan-jalkimaku-palot-10cm\/#primaryimage"},"image":{"@id":"https:\/\/rodoaed.ee\/fi\/tuote\/hot-lemon-chilipippuri-mehukas-sitruunan-jalkimaku-palot-10cm\/#primaryimage"},"thumbnailUrl":"https:\/\/rodoaed.ee\/wp-content\/uploads\/2025\/02\/tsillipipar_seemned_4770168920248.jpg","datePublished":"2025-02-05T13:13:21+00:00","dateModified":"2026-04-17T07:16:01+00:00","description":"Vihannesten siemeni\u00e4 Euroopan ja Viron parhailta tuottajilta. Kasvihuoneeseen ja avomaalle soveltuvat j\u00e4lkitestatut siemenet.","breadcrumb":{"@id":"https:\/\/rodoaed.ee\/fi\/tuote\/hot-lemon-chilipippuri-mehukas-sitruunan-jalkimaku-palot-10cm\/#breadcrumb"},"inLanguage":"fi","potentialAction":[{"@type":"ReadAction","target":["https:\/\/rodoaed.ee\/fi\/tuote\/hot-lemon-chilipippuri-mehukas-sitruunan-jalkimaku-palot-10cm\/"]}]},{"@type":"ImageObject","inLanguage":"fi","@id":"https:\/\/rodoaed.ee\/fi\/tuote\/hot-lemon-chilipippuri-mehukas-sitruunan-jalkimaku-palot-10cm\/#primaryimage","url":"https:\/\/rodoaed.ee\/wp-content\/uploads\/2025\/02\/tsillipipar_seemned_4770168920248.jpg","contentUrl":"https:\/\/rodoaed.ee\/wp-content\/uploads\/2025\/02\/tsillipipar_seemned_4770168920248.jpg","width":398,"height":425},{"@type":"BreadcrumbList","@id":"https:\/\/rodoaed.ee\/fi\/tuote\/hot-lemon-chilipippuri-mehukas-sitruunan-jalkimaku-palot-10cm\/#breadcrumb","itemListElement":[{"@type":"ListItem","position":1,"name":"Home","item":"https:\/\/rodoaed.ee\/fi\/"},{"@type":"ListItem","position":2,"name":"Osta osoitteessa","item":"https:\/\/rodoaed.ee\/osta-osoitteessa\/"},{"@type":"ListItem","position":3,"name":"Hot Lemon chilipippuri &#8211; mehukas, sitruunan j\u00e4lkimaku, palot 10cm."}]},{"@type":"WebSite","@id":"https:\/\/rodoaed.ee\/#website","url":"https:\/\/rodoaed.ee\/","name":"Rodoaed","description":"","publisher":{"@id":"https:\/\/rodoaed.ee\/#organization"},"potentialAction":[{"@type":"SearchAction","target":{"@type":"EntryPoint","urlTemplate":"https:\/\/rodoaed.ee\/?s={search_term_string}"},"query-input":{"@type":"PropertyValueSpecification","valueRequired":true,"valueName":"search_term_string"}}],"inLanguage":"fi"},{"@type":"Organization","@id":"https:\/\/rodoaed.ee\/#organization","name":"Rodoaed","url":"https:\/\/rodoaed.ee\/","logo":{"@type":"ImageObject","inLanguage":"fi","@id":"https:\/\/rodoaed.ee\/#\/schema\/logo\/image\/","url":"https:\/\/rodoaed.ee\/wp-content\/uploads\/2019\/11\/rodoaed-logo-ilma-taustata.jpg","contentUrl":"https:\/\/rodoaed.ee\/wp-content\/uploads\/2019\/11\/rodoaed-logo-ilma-taustata.jpg","width":769,"height":268,"caption":"Rodoaed"},"image":{"@id":"https:\/\/rodoaed.ee\/#\/schema\/logo\/image\/"},"sameAs":["https:\/\/www.facebook.com\/kasvuhooned\/","https:\/\/rodoaed.ee"]}]}},"_links":{"self":[{"href":"https:\/\/rodoaed.ee\/fi\/wp-json\/wp\/v2\/product\/52516","targetHints":{"allow":["GET"]}}],"collection":[{"href":"https:\/\/rodoaed.ee\/fi\/wp-json\/wp\/v2\/product"}],"about":[{"href":"https:\/\/rodoaed.ee\/fi\/wp-json\/wp\/v2\/types\/product"}],"wp:featuredmedia":[{"embeddable":true,"href":"https:\/\/rodoaed.ee\/fi\/wp-json\/wp\/v2\/media\/49721"}],"wp:attachment":[{"href":"https:\/\/rodoaed.ee\/fi\/wp-json\/wp\/v2\/media?parent=52516"}],"wp:term":[{"taxonomy":"product_brand","embeddable":true,"href":"https:\/\/rodoaed.ee\/fi\/wp-json\/wp\/v2\/product_brand?post=52516"},{"taxonomy":"product_cat","embeddable":true,"href":"https:\/\/rodoaed.ee\/fi\/wp-json\/wp\/v2\/product_cat?post=52516"},{"taxonomy":"product_tag","embeddable":true,"href":"https:\/\/rodoaed.ee\/fi\/wp-json\/wp\/v2\/product_tag?post=52516"}],"curies":[{"name":"wp","href":"https:\/\/api.w.org\/{rel}","templated":true}]}}