{"id":52520,"date":"2025-02-01T15:28:03","date_gmt":"2025-02-01T13:28:03","guid":{"rendered":"https:\/\/rodoaed.ee\/toode\/kurkku-rufus-f1-keskikokoinen-lajike\/"},"modified":"2026-04-17T10:15:26","modified_gmt":"2026-04-17T07:15:26","slug":"kurkku-rufus-f1-keskikokoinen-lajike","status":"publish","type":"product","link":"https:\/\/rodoaed.ee\/fi\/tuote\/kurkku-rufus-f1-keskikokoinen-lajike\/","title":{"rendered":"Kurkku Rufus F1- keskikokoinen lajike"},"content":{"rendered":"<h2>Medium<\/h2>\n<p>Cucumis sativus<\/p>\n<p>Kurkku Rufus H on puoliv\u00e4liss\u00e4 oleva Cornish-tyypin hybridi. Hedelm\u00e4t ovat muodoltaan s\u00e4\u00e4nn\u00f6llisi\u00e4, ja niiden pinta on vaalea. Soveltuu tuoreena nautittavaksi ja s\u00e4ilykkeeksi. Soveltuu ulko- ja kasvihuoneviljelyyn. On suositeltavaa kasvattaa l\u00e4mpim\u00e4ss\u00e4, tuulelta suojatussa paikassa. Sadonkorjuu p\u00e4ivitt\u00e4in ylikasvun v\u00e4ltt\u00e4miseksi.     <\/p>\n<p>F1-hybridilajikkeella on tasaisempi hedelm\u00e4koko ja yleens\u00e4 suurempi sato.<\/p>\n<p>15 siemenen pakkaus<\/p>\n<p><a href=\"https:\/\/rodoaed.ee\/fi\/\">kotisivu<\/a> <a href=\"https:\/\/rodoaed.ee\/tootekategooria\/aed-ja-hoov\/\">k\u00e4ynnist\u00e4<\/a>  <a href=\"https:\/\/rodoaed.ee\/tootekategooria\/aed-ja-hoov\/seemned\/\">siemenet<\/a><\/p>\n<p>&nbsp;<\/p>\n","protected":false},"excerpt":{"rendered":"<p>Medium Cucumis sativus Kurkku Rufus H on puoliv\u00e4liss\u00e4 oleva Cornish-tyypin hybridi. Hedelm\u00e4t ovat muodoltaan s\u00e4\u00e4nn\u00f6llisi\u00e4, ja niiden pinta on vaalea. Soveltuu tuoreena nautittavaksi ja s\u00e4ilykkeeksi. Soveltuu ulko- ja kasvihuoneviljelyyn. On suositeltavaa kasvattaa l\u00e4mpim\u00e4ss\u00e4, tuulelta suojatussa paikassa. Sadonkorjuu p\u00e4ivitt\u00e4in ylikasvun v\u00e4ltt\u00e4miseksi. F1-hybridilajikkeella on tasaisempi hedelm\u00e4koko ja yleens\u00e4 suurempi sato. 15 siemenen pakkaus kotisivu k\u00e4ynnist\u00e4 siemenet &nbsp;<\/p>\n","protected":false},"featured_media":49676,"template":"","meta":{"_acf_changed":false},"product_brand":[],"product_cat":[1755,1752,1753],"product_tag":[],"class_list":{"0":"post-52520","1":"product","2":"type-product","3":"status-publish","4":"has-post-thumbnail","6":"product_cat-kurkun-siemenet","7":"product_cat-puutarha-ja-piha","8":"product_cat-siemenet","9":"product_shipping_class-toimitus-1-3-tyopaivan-kuluessa","10":"pa_variatsioon-suuri-blumatin-automaattinen-kastelujarjestelma-jossa-on-40-anturia-ja-vesihanaliitanta","12":"first","13":"instock","14":"taxable","15":"shipping-taxable","16":"purchasable","17":"product-type-simple"},"acf":[],"yoast_head":"<!-- This site is optimized with the Yoast SEO Premium plugin v27.3 (Yoast SEO v27.3) - https:\/\/yoast.com\/product\/yoast-seo-premium-wordpress\/ -->\n<title>Kurkku Rufus F1- keskikokoinen lajike - Rodoaed<\/title>\n<meta name=\"description\" content=\"Vihannesten siemeni\u00e4 Euroopan ja Viron parhailta tuottajilta. Kasvihuoneeseen ja avomaalle soveltuvat j\u00e4lkitestatut siemenet.\" \/>\n<meta name=\"robots\" content=\"index, follow, max-snippet:-1, max-image-preview:large, max-video-preview:-1\" \/>\n<link rel=\"canonical\" href=\"https:\/\/rodoaed.ee\/fi\/tuote\/kurkku-rufus-f1-keskikokoinen-lajike\/\" \/>\n<meta property=\"og:locale\" content=\"fi_FI\" \/>\n<meta property=\"og:type\" content=\"article\" \/>\n<meta property=\"og:title\" content=\"Kurkku Rufus F1- keskikokoinen lajike\" \/>\n<meta property=\"og:description\" content=\"Medium Cucumis sativus Kurkku Rufus H on puoliv\u00e4liss\u00e4 oleva Cornish-tyypin hybridi. Hedelm\u00e4t ovat muodoltaan s\u00e4\u00e4nn\u00f6llisi\u00e4, ja niiden pinta on vaalea.\" \/>\n<meta property=\"og:url\" content=\"https:\/\/rodoaed.ee\/fi\/tuote\/kurkku-rufus-f1-keskikokoinen-lajike\/\" \/>\n<meta property=\"og:site_name\" content=\"Rodoaed\" \/>\n<meta property=\"article:publisher\" content=\"https:\/\/www.facebook.com\/kasvuhooned\/\" \/>\n<meta property=\"article:modified_time\" content=\"2026-04-17T07:15:26+00:00\" \/>\n<meta name=\"twitter:card\" content=\"summary_large_image\" \/>\n<meta name=\"twitter:image\" content=\"https:\/\/rodoaed.ee\/wp-content\/uploads\/2025\/02\/kurgi-seemned_4743153004599.jpg\" \/>\n<script type=\"application\/ld+json\" class=\"yoast-schema-graph\">{\"@context\":\"https:\\\/\\\/schema.org\",\"@graph\":[{\"@type\":\"WebPage\",\"@id\":\"https:\\\/\\\/rodoaed.ee\\\/fi\\\/tuote\\\/kurkku-rufus-f1-keskikokoinen-lajike\\\/\",\"url\":\"https:\\\/\\\/rodoaed.ee\\\/fi\\\/tuote\\\/kurkku-rufus-f1-keskikokoinen-lajike\\\/\",\"name\":\"Kurkku Rufus F1- keskikokoinen lajike - Rodoaed\",\"isPartOf\":{\"@id\":\"https:\\\/\\\/rodoaed.ee\\\/#website\"},\"primaryImageOfPage\":{\"@id\":\"https:\\\/\\\/rodoaed.ee\\\/fi\\\/tuote\\\/kurkku-rufus-f1-keskikokoinen-lajike\\\/#primaryimage\"},\"image\":{\"@id\":\"https:\\\/\\\/rodoaed.ee\\\/fi\\\/tuote\\\/kurkku-rufus-f1-keskikokoinen-lajike\\\/#primaryimage\"},\"thumbnailUrl\":\"https:\\\/\\\/rodoaed.ee\\\/wp-content\\\/uploads\\\/2025\\\/02\\\/kurgi-seemned_4743153004599.jpg\",\"datePublished\":\"2025-02-01T13:28:03+00:00\",\"dateModified\":\"2026-04-17T07:15:26+00:00\",\"description\":\"Vihannesten siemeni\u00e4 Euroopan ja Viron parhailta tuottajilta. Kasvihuoneeseen ja avomaalle soveltuvat j\u00e4lkitestatut siemenet.\",\"breadcrumb\":{\"@id\":\"https:\\\/\\\/rodoaed.ee\\\/fi\\\/tuote\\\/kurkku-rufus-f1-keskikokoinen-lajike\\\/#breadcrumb\"},\"inLanguage\":\"fi\",\"potentialAction\":[{\"@type\":\"ReadAction\",\"target\":[\"https:\\\/\\\/rodoaed.ee\\\/fi\\\/tuote\\\/kurkku-rufus-f1-keskikokoinen-lajike\\\/\"]}]},{\"@type\":\"ImageObject\",\"inLanguage\":\"fi\",\"@id\":\"https:\\\/\\\/rodoaed.ee\\\/fi\\\/tuote\\\/kurkku-rufus-f1-keskikokoinen-lajike\\\/#primaryimage\",\"url\":\"https:\\\/\\\/rodoaed.ee\\\/wp-content\\\/uploads\\\/2025\\\/02\\\/kurgi-seemned_4743153004599.jpg\",\"contentUrl\":\"https:\\\/\\\/rodoaed.ee\\\/wp-content\\\/uploads\\\/2025\\\/02\\\/kurgi-seemned_4743153004599.jpg\",\"width\":945,\"height\":1654},{\"@type\":\"BreadcrumbList\",\"@id\":\"https:\\\/\\\/rodoaed.ee\\\/fi\\\/tuote\\\/kurkku-rufus-f1-keskikokoinen-lajike\\\/#breadcrumb\",\"itemListElement\":[{\"@type\":\"ListItem\",\"position\":1,\"name\":\"Home\",\"item\":\"https:\\\/\\\/rodoaed.ee\\\/fi\\\/\"},{\"@type\":\"ListItem\",\"position\":2,\"name\":\"Osta osoitteessa\",\"item\":\"https:\\\/\\\/rodoaed.ee\\\/osta-osoitteessa\\\/\"},{\"@type\":\"ListItem\",\"position\":3,\"name\":\"Kurkku Rufus F1- keskikokoinen lajike\"}]},{\"@type\":\"WebSite\",\"@id\":\"https:\\\/\\\/rodoaed.ee\\\/#website\",\"url\":\"https:\\\/\\\/rodoaed.ee\\\/\",\"name\":\"Rodoaed\",\"description\":\"\",\"publisher\":{\"@id\":\"https:\\\/\\\/rodoaed.ee\\\/#organization\"},\"potentialAction\":[{\"@type\":\"SearchAction\",\"target\":{\"@type\":\"EntryPoint\",\"urlTemplate\":\"https:\\\/\\\/rodoaed.ee\\\/?s={search_term_string}\"},\"query-input\":{\"@type\":\"PropertyValueSpecification\",\"valueRequired\":true,\"valueName\":\"search_term_string\"}}],\"inLanguage\":\"fi\"},{\"@type\":\"Organization\",\"@id\":\"https:\\\/\\\/rodoaed.ee\\\/#organization\",\"name\":\"Rodoaed\",\"url\":\"https:\\\/\\\/rodoaed.ee\\\/\",\"logo\":{\"@type\":\"ImageObject\",\"inLanguage\":\"fi\",\"@id\":\"https:\\\/\\\/rodoaed.ee\\\/#\\\/schema\\\/logo\\\/image\\\/\",\"url\":\"https:\\\/\\\/rodoaed.ee\\\/wp-content\\\/uploads\\\/2019\\\/11\\\/rodoaed-logo-ilma-taustata.jpg\",\"contentUrl\":\"https:\\\/\\\/rodoaed.ee\\\/wp-content\\\/uploads\\\/2019\\\/11\\\/rodoaed-logo-ilma-taustata.jpg\",\"width\":769,\"height\":268,\"caption\":\"Rodoaed\"},\"image\":{\"@id\":\"https:\\\/\\\/rodoaed.ee\\\/#\\\/schema\\\/logo\\\/image\\\/\"},\"sameAs\":[\"https:\\\/\\\/www.facebook.com\\\/kasvuhooned\\\/\",\"https:\\\/\\\/rodoaed.ee\"]}]}<\/script>\n<!-- \/ Yoast SEO Premium plugin. -->","yoast_head_json":{"title":"Kurkku Rufus F1- keskikokoinen lajike - Rodoaed","description":"Vihannesten siemeni\u00e4 Euroopan ja Viron parhailta tuottajilta. Kasvihuoneeseen ja avomaalle soveltuvat j\u00e4lkitestatut siemenet.","robots":{"index":"index","follow":"follow","max-snippet":"max-snippet:-1","max-image-preview":"max-image-preview:large","max-video-preview":"max-video-preview:-1"},"canonical":"https:\/\/rodoaed.ee\/fi\/tuote\/kurkku-rufus-f1-keskikokoinen-lajike\/","og_locale":"fi_FI","og_type":"article","og_title":"Kurkku Rufus F1- keskikokoinen lajike","og_description":"Medium Cucumis sativus Kurkku Rufus H on puoliv\u00e4liss\u00e4 oleva Cornish-tyypin hybridi. Hedelm\u00e4t ovat muodoltaan s\u00e4\u00e4nn\u00f6llisi\u00e4, ja niiden pinta on vaalea.","og_url":"https:\/\/rodoaed.ee\/fi\/tuote\/kurkku-rufus-f1-keskikokoinen-lajike\/","og_site_name":"Rodoaed","article_publisher":"https:\/\/www.facebook.com\/kasvuhooned\/","article_modified_time":"2026-04-17T07:15:26+00:00","twitter_card":"summary_large_image","twitter_image":"https:\/\/rodoaed.ee\/wp-content\/uploads\/2025\/02\/kurgi-seemned_4743153004599.jpg","schema":{"@context":"https:\/\/schema.org","@graph":[{"@type":"WebPage","@id":"https:\/\/rodoaed.ee\/fi\/tuote\/kurkku-rufus-f1-keskikokoinen-lajike\/","url":"https:\/\/rodoaed.ee\/fi\/tuote\/kurkku-rufus-f1-keskikokoinen-lajike\/","name":"Kurkku Rufus F1- keskikokoinen lajike - Rodoaed","isPartOf":{"@id":"https:\/\/rodoaed.ee\/#website"},"primaryImageOfPage":{"@id":"https:\/\/rodoaed.ee\/fi\/tuote\/kurkku-rufus-f1-keskikokoinen-lajike\/#primaryimage"},"image":{"@id":"https:\/\/rodoaed.ee\/fi\/tuote\/kurkku-rufus-f1-keskikokoinen-lajike\/#primaryimage"},"thumbnailUrl":"https:\/\/rodoaed.ee\/wp-content\/uploads\/2025\/02\/kurgi-seemned_4743153004599.jpg","datePublished":"2025-02-01T13:28:03+00:00","dateModified":"2026-04-17T07:15:26+00:00","description":"Vihannesten siemeni\u00e4 Euroopan ja Viron parhailta tuottajilta. Kasvihuoneeseen ja avomaalle soveltuvat j\u00e4lkitestatut siemenet.","breadcrumb":{"@id":"https:\/\/rodoaed.ee\/fi\/tuote\/kurkku-rufus-f1-keskikokoinen-lajike\/#breadcrumb"},"inLanguage":"fi","potentialAction":[{"@type":"ReadAction","target":["https:\/\/rodoaed.ee\/fi\/tuote\/kurkku-rufus-f1-keskikokoinen-lajike\/"]}]},{"@type":"ImageObject","inLanguage":"fi","@id":"https:\/\/rodoaed.ee\/fi\/tuote\/kurkku-rufus-f1-keskikokoinen-lajike\/#primaryimage","url":"https:\/\/rodoaed.ee\/wp-content\/uploads\/2025\/02\/kurgi-seemned_4743153004599.jpg","contentUrl":"https:\/\/rodoaed.ee\/wp-content\/uploads\/2025\/02\/kurgi-seemned_4743153004599.jpg","width":945,"height":1654},{"@type":"BreadcrumbList","@id":"https:\/\/rodoaed.ee\/fi\/tuote\/kurkku-rufus-f1-keskikokoinen-lajike\/#breadcrumb","itemListElement":[{"@type":"ListItem","position":1,"name":"Home","item":"https:\/\/rodoaed.ee\/fi\/"},{"@type":"ListItem","position":2,"name":"Osta osoitteessa","item":"https:\/\/rodoaed.ee\/osta-osoitteessa\/"},{"@type":"ListItem","position":3,"name":"Kurkku Rufus F1- keskikokoinen lajike"}]},{"@type":"WebSite","@id":"https:\/\/rodoaed.ee\/#website","url":"https:\/\/rodoaed.ee\/","name":"Rodoaed","description":"","publisher":{"@id":"https:\/\/rodoaed.ee\/#organization"},"potentialAction":[{"@type":"SearchAction","target":{"@type":"EntryPoint","urlTemplate":"https:\/\/rodoaed.ee\/?s={search_term_string}"},"query-input":{"@type":"PropertyValueSpecification","valueRequired":true,"valueName":"search_term_string"}}],"inLanguage":"fi"},{"@type":"Organization","@id":"https:\/\/rodoaed.ee\/#organization","name":"Rodoaed","url":"https:\/\/rodoaed.ee\/","logo":{"@type":"ImageObject","inLanguage":"fi","@id":"https:\/\/rodoaed.ee\/#\/schema\/logo\/image\/","url":"https:\/\/rodoaed.ee\/wp-content\/uploads\/2019\/11\/rodoaed-logo-ilma-taustata.jpg","contentUrl":"https:\/\/rodoaed.ee\/wp-content\/uploads\/2019\/11\/rodoaed-logo-ilma-taustata.jpg","width":769,"height":268,"caption":"Rodoaed"},"image":{"@id":"https:\/\/rodoaed.ee\/#\/schema\/logo\/image\/"},"sameAs":["https:\/\/www.facebook.com\/kasvuhooned\/","https:\/\/rodoaed.ee"]}]}},"_links":{"self":[{"href":"https:\/\/rodoaed.ee\/fi\/wp-json\/wp\/v2\/product\/52520","targetHints":{"allow":["GET"]}}],"collection":[{"href":"https:\/\/rodoaed.ee\/fi\/wp-json\/wp\/v2\/product"}],"about":[{"href":"https:\/\/rodoaed.ee\/fi\/wp-json\/wp\/v2\/types\/product"}],"wp:featuredmedia":[{"embeddable":true,"href":"https:\/\/rodoaed.ee\/fi\/wp-json\/wp\/v2\/media\/49676"}],"wp:attachment":[{"href":"https:\/\/rodoaed.ee\/fi\/wp-json\/wp\/v2\/media?parent=52520"}],"wp:term":[{"taxonomy":"product_brand","embeddable":true,"href":"https:\/\/rodoaed.ee\/fi\/wp-json\/wp\/v2\/product_brand?post=52520"},{"taxonomy":"product_cat","embeddable":true,"href":"https:\/\/rodoaed.ee\/fi\/wp-json\/wp\/v2\/product_cat?post=52520"},{"taxonomy":"product_tag","embeddable":true,"href":"https:\/\/rodoaed.ee\/fi\/wp-json\/wp\/v2\/product_tag?post=52520"}],"curies":[{"name":"wp","href":"https:\/\/api.w.org\/{rel}","templated":true}]}}