{"id":52521,"date":"2025-02-01T15:32:32","date_gmt":"2025-02-01T13:32:32","guid":{"rendered":"https:\/\/rodoaed.ee\/toode\/kurkku-altaj-f1-katkeroitumaton-aikainen-saankestava-avomaankurkku\/"},"modified":"2026-04-17T10:15:49","modified_gmt":"2026-04-17T07:15:49","slug":"kurkku-altaj-f1-katkeroitumaton-aikainen-saankestava-avomaankurkku","status":"publish","type":"product","link":"https:\/\/rodoaed.ee\/fi\/tuote\/kurkku-altaj-f1-katkeroitumaton-aikainen-saankestava-avomaankurkku\/","title":{"rendered":"Kurkku Altaj F1- katkeroitumaton, aikainen, s\u00e4\u00e4nkest\u00e4v\u00e4 avomaankurkku."},"content":{"rendered":"<h2>aikainen, karvas, s\u00e4\u00e4nkest\u00e4v\u00e4, avomaankurkku.<\/h2>\n<p>Cucumis sativus<\/p>\n<p>Kurkku Altaj on aikainen, hedelm\u00e4llinen hybridi. Se siet\u00e4\u00e4 hyvin ep\u00e4suotuisia s\u00e4\u00e4oloja. Hedelm\u00e4t ovat kirkkaanvihreit\u00e4, suuria, helposti mukuloituvia, eiv\u00e4tk\u00e4 ne ole kitkeri\u00e4. Kasvatetaan avomaalla. Kest\u00e4\u00e4 kurkkumosaiikkivirusta ja h\u00e4rm\u00e4sient\u00e4. Kest\u00e4\u00e4 v\u00e4\u00e4r\u00e4\u00e4 h\u00e4rm\u00e4sient\u00e4.     <\/p>\n<p>Soveltuu hapattamiseen ja s\u00e4il\u00f6nt\u00e4\u00e4n. Se kasvaa parhaiten humuspitoisessa, hedelm\u00e4llisess\u00e4, vett\u00e4 ja ilmaa l\u00e4p\u00e4isev\u00e4ss\u00e4 maassa. Kurkku kasvaa huonosti varjossa ja on herkk\u00e4 kosteuden puutteelle.  <\/p>\n<p>F1-hybridilajikkeella on tasaisempi hedelm\u00e4koko ja yleens\u00e4 suurempi sato.<\/p>\n<p>15 siemenen pakkaus<\/p>\n<p><a href=\"https:\/\/rodoaed.ee\/fi\/\">kotisivu<\/a> <a href=\"https:\/\/rodoaed.ee\/tootekategooria\/aed-ja-hoov\/\">k\u00e4ynnist\u00e4<\/a>  <a href=\"https:\/\/rodoaed.ee\/tootekategooria\/aed-ja-hoov\/seemned\/\">siemenet<\/a><\/p>\n<p>&nbsp;<\/p>\n","protected":false},"excerpt":{"rendered":"<p>aikainen, karvas, s\u00e4\u00e4nkest\u00e4v\u00e4, avomaankurkku. Cucumis sativus Kurkku Altaj on aikainen, hedelm\u00e4llinen hybridi. Se siet\u00e4\u00e4 hyvin ep\u00e4suotuisia s\u00e4\u00e4oloja. Hedelm\u00e4t ovat kirkkaanvihreit\u00e4, suuria, helposti mukuloituvia, eiv\u00e4tk\u00e4 ne ole kitkeri\u00e4. Kasvatetaan avomaalla. Kest\u00e4\u00e4 kurkkumosaiikkivirusta ja h\u00e4rm\u00e4sient\u00e4. Kest\u00e4\u00e4 v\u00e4\u00e4r\u00e4\u00e4 h\u00e4rm\u00e4sient\u00e4. Soveltuu hapattamiseen ja s\u00e4il\u00f6nt\u00e4\u00e4n. Se kasvaa parhaiten humuspitoisessa, hedelm\u00e4llisess\u00e4, vett\u00e4 ja ilmaa l\u00e4p\u00e4isev\u00e4ss\u00e4 maassa. Kurkku kasvaa huonosti varjossa ja on herkk\u00e4 kosteuden puutteelle. F1-hybridilajikkeella on tasaisempi hedelm\u00e4koko ja yleens\u00e4&#8230;<\/p>\n","protected":false},"featured_media":49680,"template":"","meta":{"_acf_changed":false},"product_brand":[],"product_cat":[1755,1752,1753],"product_tag":[],"class_list":{"0":"post-52521","1":"product","2":"type-product","3":"status-publish","4":"has-post-thumbnail","6":"product_cat-kurkun-siemenet","7":"product_cat-puutarha-ja-piha","8":"product_cat-siemenet","9":"product_shipping_class-toimitus-1-3-tyopaivan-kuluessa","10":"pa_variatsioon-suuri-blumatin-automaattinen-kastelujarjestelma-jossa-on-40-anturia-ja-vesihanaliitanta","12":"first","13":"instock","14":"taxable","15":"shipping-taxable","16":"purchasable","17":"product-type-simple"},"acf":[],"yoast_head":"<!-- This site is optimized with the Yoast SEO Premium plugin v27.3 (Yoast SEO v27.3) - https:\/\/yoast.com\/product\/yoast-seo-premium-wordpress\/ -->\n<title>Kurkku Altaj F1- katkeroitumaton, aikainen, s\u00e4\u00e4nkest\u00e4v\u00e4 avomaankurkku. - Rodoaed<\/title>\n<meta name=\"description\" content=\"Vihannesten siemeni\u00e4 Euroopan ja Viron parhailta tuottajilta. Kasvihuoneeseen ja avomaalle soveltuvat j\u00e4lkitestatut siemenet.\" \/>\n<meta name=\"robots\" content=\"index, follow, max-snippet:-1, max-image-preview:large, max-video-preview:-1\" \/>\n<link rel=\"canonical\" href=\"https:\/\/rodoaed.ee\/fi\/tuote\/kurkku-altaj-f1-katkeroitumaton-aikainen-saankestava-avomaankurkku\/\" \/>\n<meta property=\"og:locale\" content=\"fi_FI\" \/>\n<meta property=\"og:type\" content=\"article\" \/>\n<meta property=\"og:title\" content=\"Kurkku Altaj F1- katkeroitumaton, aikainen, s\u00e4\u00e4nkest\u00e4v\u00e4 avomaankurkku.\" \/>\n<meta property=\"og:description\" content=\"aikainen, karvas, s\u00e4\u00e4nkest\u00e4v\u00e4, avomaankurkku. Cucumis sativus Kurkku Altaj on aikainen, hedelm\u00e4llinen hybridi. Se siet\u00e4\u00e4 hyvin ep\u00e4suotuisia s\u00e4\u00e4oloja.\" \/>\n<meta property=\"og:url\" content=\"https:\/\/rodoaed.ee\/fi\/tuote\/kurkku-altaj-f1-katkeroitumaton-aikainen-saankestava-avomaankurkku\/\" \/>\n<meta property=\"og:site_name\" content=\"Rodoaed\" \/>\n<meta property=\"article:publisher\" content=\"https:\/\/www.facebook.com\/kasvuhooned\/\" \/>\n<meta property=\"article:modified_time\" content=\"2026-04-17T07:15:49+00:00\" \/>\n<meta property=\"og:image\" content=\"https:\/\/rodoaed.ee\/wp-content\/uploads\/2025\/02\/kurgi-seemned_4770168101722_1.png\" \/>\n\t<meta property=\"og:image:width\" content=\"628\" \/>\n\t<meta property=\"og:image:height\" content=\"1184\" \/>\n\t<meta property=\"og:image:type\" content=\"image\/png\" \/>\n<meta name=\"twitter:card\" content=\"summary_large_image\" \/>\n<script type=\"application\/ld+json\" class=\"yoast-schema-graph\">{\"@context\":\"https:\\\/\\\/schema.org\",\"@graph\":[{\"@type\":\"WebPage\",\"@id\":\"https:\\\/\\\/rodoaed.ee\\\/fi\\\/tuote\\\/kurkku-altaj-f1-katkeroitumaton-aikainen-saankestava-avomaankurkku\\\/\",\"url\":\"https:\\\/\\\/rodoaed.ee\\\/fi\\\/tuote\\\/kurkku-altaj-f1-katkeroitumaton-aikainen-saankestava-avomaankurkku\\\/\",\"name\":\"Kurkku Altaj F1- katkeroitumaton, aikainen, s\u00e4\u00e4nkest\u00e4v\u00e4 avomaankurkku. - Rodoaed\",\"isPartOf\":{\"@id\":\"https:\\\/\\\/rodoaed.ee\\\/#website\"},\"primaryImageOfPage\":{\"@id\":\"https:\\\/\\\/rodoaed.ee\\\/fi\\\/tuote\\\/kurkku-altaj-f1-katkeroitumaton-aikainen-saankestava-avomaankurkku\\\/#primaryimage\"},\"image\":{\"@id\":\"https:\\\/\\\/rodoaed.ee\\\/fi\\\/tuote\\\/kurkku-altaj-f1-katkeroitumaton-aikainen-saankestava-avomaankurkku\\\/#primaryimage\"},\"thumbnailUrl\":\"https:\\\/\\\/rodoaed.ee\\\/wp-content\\\/uploads\\\/2025\\\/02\\\/kurgi-seemned_4770168101722_1.png\",\"datePublished\":\"2025-02-01T13:32:32+00:00\",\"dateModified\":\"2026-04-17T07:15:49+00:00\",\"description\":\"Vihannesten siemeni\u00e4 Euroopan ja Viron parhailta tuottajilta. Kasvihuoneeseen ja avomaalle soveltuvat j\u00e4lkitestatut siemenet.\",\"breadcrumb\":{\"@id\":\"https:\\\/\\\/rodoaed.ee\\\/fi\\\/tuote\\\/kurkku-altaj-f1-katkeroitumaton-aikainen-saankestava-avomaankurkku\\\/#breadcrumb\"},\"inLanguage\":\"fi\",\"potentialAction\":[{\"@type\":\"ReadAction\",\"target\":[\"https:\\\/\\\/rodoaed.ee\\\/fi\\\/tuote\\\/kurkku-altaj-f1-katkeroitumaton-aikainen-saankestava-avomaankurkku\\\/\"]}]},{\"@type\":\"ImageObject\",\"inLanguage\":\"fi\",\"@id\":\"https:\\\/\\\/rodoaed.ee\\\/fi\\\/tuote\\\/kurkku-altaj-f1-katkeroitumaton-aikainen-saankestava-avomaankurkku\\\/#primaryimage\",\"url\":\"https:\\\/\\\/rodoaed.ee\\\/wp-content\\\/uploads\\\/2025\\\/02\\\/kurgi-seemned_4770168101722_1.png\",\"contentUrl\":\"https:\\\/\\\/rodoaed.ee\\\/wp-content\\\/uploads\\\/2025\\\/02\\\/kurgi-seemned_4770168101722_1.png\",\"width\":628,\"height\":1184},{\"@type\":\"BreadcrumbList\",\"@id\":\"https:\\\/\\\/rodoaed.ee\\\/fi\\\/tuote\\\/kurkku-altaj-f1-katkeroitumaton-aikainen-saankestava-avomaankurkku\\\/#breadcrumb\",\"itemListElement\":[{\"@type\":\"ListItem\",\"position\":1,\"name\":\"Home\",\"item\":\"https:\\\/\\\/rodoaed.ee\\\/fi\\\/\"},{\"@type\":\"ListItem\",\"position\":2,\"name\":\"Osta osoitteessa\",\"item\":\"https:\\\/\\\/rodoaed.ee\\\/osta-osoitteessa\\\/\"},{\"@type\":\"ListItem\",\"position\":3,\"name\":\"Kurkku Altaj F1- katkeroitumaton, aikainen, s\u00e4\u00e4nkest\u00e4v\u00e4 avomaankurkku.\"}]},{\"@type\":\"WebSite\",\"@id\":\"https:\\\/\\\/rodoaed.ee\\\/#website\",\"url\":\"https:\\\/\\\/rodoaed.ee\\\/\",\"name\":\"Rodoaed\",\"description\":\"\",\"publisher\":{\"@id\":\"https:\\\/\\\/rodoaed.ee\\\/#organization\"},\"potentialAction\":[{\"@type\":\"SearchAction\",\"target\":{\"@type\":\"EntryPoint\",\"urlTemplate\":\"https:\\\/\\\/rodoaed.ee\\\/?s={search_term_string}\"},\"query-input\":{\"@type\":\"PropertyValueSpecification\",\"valueRequired\":true,\"valueName\":\"search_term_string\"}}],\"inLanguage\":\"fi\"},{\"@type\":\"Organization\",\"@id\":\"https:\\\/\\\/rodoaed.ee\\\/#organization\",\"name\":\"Rodoaed\",\"url\":\"https:\\\/\\\/rodoaed.ee\\\/\",\"logo\":{\"@type\":\"ImageObject\",\"inLanguage\":\"fi\",\"@id\":\"https:\\\/\\\/rodoaed.ee\\\/#\\\/schema\\\/logo\\\/image\\\/\",\"url\":\"https:\\\/\\\/rodoaed.ee\\\/wp-content\\\/uploads\\\/2019\\\/11\\\/rodoaed-logo-ilma-taustata.jpg\",\"contentUrl\":\"https:\\\/\\\/rodoaed.ee\\\/wp-content\\\/uploads\\\/2019\\\/11\\\/rodoaed-logo-ilma-taustata.jpg\",\"width\":769,\"height\":268,\"caption\":\"Rodoaed\"},\"image\":{\"@id\":\"https:\\\/\\\/rodoaed.ee\\\/#\\\/schema\\\/logo\\\/image\\\/\"},\"sameAs\":[\"https:\\\/\\\/www.facebook.com\\\/kasvuhooned\\\/\",\"https:\\\/\\\/rodoaed.ee\"]}]}<\/script>\n<!-- \/ Yoast SEO Premium plugin. -->","yoast_head_json":{"title":"Kurkku Altaj F1- katkeroitumaton, aikainen, s\u00e4\u00e4nkest\u00e4v\u00e4 avomaankurkku. - Rodoaed","description":"Vihannesten siemeni\u00e4 Euroopan ja Viron parhailta tuottajilta. Kasvihuoneeseen ja avomaalle soveltuvat j\u00e4lkitestatut siemenet.","robots":{"index":"index","follow":"follow","max-snippet":"max-snippet:-1","max-image-preview":"max-image-preview:large","max-video-preview":"max-video-preview:-1"},"canonical":"https:\/\/rodoaed.ee\/fi\/tuote\/kurkku-altaj-f1-katkeroitumaton-aikainen-saankestava-avomaankurkku\/","og_locale":"fi_FI","og_type":"article","og_title":"Kurkku Altaj F1- katkeroitumaton, aikainen, s\u00e4\u00e4nkest\u00e4v\u00e4 avomaankurkku.","og_description":"aikainen, karvas, s\u00e4\u00e4nkest\u00e4v\u00e4, avomaankurkku. Cucumis sativus Kurkku Altaj on aikainen, hedelm\u00e4llinen hybridi. Se siet\u00e4\u00e4 hyvin ep\u00e4suotuisia s\u00e4\u00e4oloja.","og_url":"https:\/\/rodoaed.ee\/fi\/tuote\/kurkku-altaj-f1-katkeroitumaton-aikainen-saankestava-avomaankurkku\/","og_site_name":"Rodoaed","article_publisher":"https:\/\/www.facebook.com\/kasvuhooned\/","article_modified_time":"2026-04-17T07:15:49+00:00","og_image":[{"width":628,"height":1184,"url":"https:\/\/rodoaed.ee\/wp-content\/uploads\/2025\/02\/kurgi-seemned_4770168101722_1.png","type":"image\/png"}],"twitter_card":"summary_large_image","schema":{"@context":"https:\/\/schema.org","@graph":[{"@type":"WebPage","@id":"https:\/\/rodoaed.ee\/fi\/tuote\/kurkku-altaj-f1-katkeroitumaton-aikainen-saankestava-avomaankurkku\/","url":"https:\/\/rodoaed.ee\/fi\/tuote\/kurkku-altaj-f1-katkeroitumaton-aikainen-saankestava-avomaankurkku\/","name":"Kurkku Altaj F1- katkeroitumaton, aikainen, s\u00e4\u00e4nkest\u00e4v\u00e4 avomaankurkku. - Rodoaed","isPartOf":{"@id":"https:\/\/rodoaed.ee\/#website"},"primaryImageOfPage":{"@id":"https:\/\/rodoaed.ee\/fi\/tuote\/kurkku-altaj-f1-katkeroitumaton-aikainen-saankestava-avomaankurkku\/#primaryimage"},"image":{"@id":"https:\/\/rodoaed.ee\/fi\/tuote\/kurkku-altaj-f1-katkeroitumaton-aikainen-saankestava-avomaankurkku\/#primaryimage"},"thumbnailUrl":"https:\/\/rodoaed.ee\/wp-content\/uploads\/2025\/02\/kurgi-seemned_4770168101722_1.png","datePublished":"2025-02-01T13:32:32+00:00","dateModified":"2026-04-17T07:15:49+00:00","description":"Vihannesten siemeni\u00e4 Euroopan ja Viron parhailta tuottajilta. Kasvihuoneeseen ja avomaalle soveltuvat j\u00e4lkitestatut siemenet.","breadcrumb":{"@id":"https:\/\/rodoaed.ee\/fi\/tuote\/kurkku-altaj-f1-katkeroitumaton-aikainen-saankestava-avomaankurkku\/#breadcrumb"},"inLanguage":"fi","potentialAction":[{"@type":"ReadAction","target":["https:\/\/rodoaed.ee\/fi\/tuote\/kurkku-altaj-f1-katkeroitumaton-aikainen-saankestava-avomaankurkku\/"]}]},{"@type":"ImageObject","inLanguage":"fi","@id":"https:\/\/rodoaed.ee\/fi\/tuote\/kurkku-altaj-f1-katkeroitumaton-aikainen-saankestava-avomaankurkku\/#primaryimage","url":"https:\/\/rodoaed.ee\/wp-content\/uploads\/2025\/02\/kurgi-seemned_4770168101722_1.png","contentUrl":"https:\/\/rodoaed.ee\/wp-content\/uploads\/2025\/02\/kurgi-seemned_4770168101722_1.png","width":628,"height":1184},{"@type":"BreadcrumbList","@id":"https:\/\/rodoaed.ee\/fi\/tuote\/kurkku-altaj-f1-katkeroitumaton-aikainen-saankestava-avomaankurkku\/#breadcrumb","itemListElement":[{"@type":"ListItem","position":1,"name":"Home","item":"https:\/\/rodoaed.ee\/fi\/"},{"@type":"ListItem","position":2,"name":"Osta osoitteessa","item":"https:\/\/rodoaed.ee\/osta-osoitteessa\/"},{"@type":"ListItem","position":3,"name":"Kurkku Altaj F1- katkeroitumaton, aikainen, s\u00e4\u00e4nkest\u00e4v\u00e4 avomaankurkku."}]},{"@type":"WebSite","@id":"https:\/\/rodoaed.ee\/#website","url":"https:\/\/rodoaed.ee\/","name":"Rodoaed","description":"","publisher":{"@id":"https:\/\/rodoaed.ee\/#organization"},"potentialAction":[{"@type":"SearchAction","target":{"@type":"EntryPoint","urlTemplate":"https:\/\/rodoaed.ee\/?s={search_term_string}"},"query-input":{"@type":"PropertyValueSpecification","valueRequired":true,"valueName":"search_term_string"}}],"inLanguage":"fi"},{"@type":"Organization","@id":"https:\/\/rodoaed.ee\/#organization","name":"Rodoaed","url":"https:\/\/rodoaed.ee\/","logo":{"@type":"ImageObject","inLanguage":"fi","@id":"https:\/\/rodoaed.ee\/#\/schema\/logo\/image\/","url":"https:\/\/rodoaed.ee\/wp-content\/uploads\/2019\/11\/rodoaed-logo-ilma-taustata.jpg","contentUrl":"https:\/\/rodoaed.ee\/wp-content\/uploads\/2019\/11\/rodoaed-logo-ilma-taustata.jpg","width":769,"height":268,"caption":"Rodoaed"},"image":{"@id":"https:\/\/rodoaed.ee\/#\/schema\/logo\/image\/"},"sameAs":["https:\/\/www.facebook.com\/kasvuhooned\/","https:\/\/rodoaed.ee"]}]}},"_links":{"self":[{"href":"https:\/\/rodoaed.ee\/fi\/wp-json\/wp\/v2\/product\/52521","targetHints":{"allow":["GET"]}}],"collection":[{"href":"https:\/\/rodoaed.ee\/fi\/wp-json\/wp\/v2\/product"}],"about":[{"href":"https:\/\/rodoaed.ee\/fi\/wp-json\/wp\/v2\/types\/product"}],"wp:featuredmedia":[{"embeddable":true,"href":"https:\/\/rodoaed.ee\/fi\/wp-json\/wp\/v2\/media\/49680"}],"wp:attachment":[{"href":"https:\/\/rodoaed.ee\/fi\/wp-json\/wp\/v2\/media?parent=52521"}],"wp:term":[{"taxonomy":"product_brand","embeddable":true,"href":"https:\/\/rodoaed.ee\/fi\/wp-json\/wp\/v2\/product_brand?post=52521"},{"taxonomy":"product_cat","embeddable":true,"href":"https:\/\/rodoaed.ee\/fi\/wp-json\/wp\/v2\/product_cat?post=52521"},{"taxonomy":"product_tag","embeddable":true,"href":"https:\/\/rodoaed.ee\/fi\/wp-json\/wp\/v2\/product_tag?post=52521"}],"curies":[{"name":"wp","href":"https:\/\/api.w.org\/{rel}","templated":true}]}}