{"id":52524,"date":"2025-05-27T13:28:06","date_gmt":"2025-05-27T10:28:06","guid":{"rendered":"https:\/\/rodoaed.ee\/toode\/uutuus-itsestaan-sammuva-kasviastia-berberis-46-terrakottanorsunluu-3212l\/"},"modified":"2026-04-17T10:16:49","modified_gmt":"2026-04-17T07:16:49","slug":"uutuus-itsestaan-sammuva-kasviastia-berberis-46-terrakottanorsunluu-3212l","status":"publish","type":"product","link":"https:\/\/rodoaed.ee\/fi\/tuote\/uutuus-itsestaan-sammuva-kasviastia-berberis-46-terrakottanorsunluu-3212l\/","title":{"rendered":"UUTUUS! Itsest\u00e4\u00e4n sammuva kasviastia Berberis 46- terrakotta+norsunluu 32+12L"},"content":{"rendered":"<p><strong>Suurikokoiset kasvisastiat, joissa on vesis\u00e4ili\u00f6 Berberis-sarjasta. S\u00e4ili\u00f6n alla on kasteluvesis\u00e4ili\u00f6, josta kasvit voivat ottaa juurineen oikean m\u00e4\u00e4r\u00e4n vett\u00e4. <\/strong><\/p>\n<p><strong>32L pintas\u00e4ili\u00f6 + 12L vesis\u00e4ili\u00f6<\/strong><\/p>\n<p>Se on uusin lis\u00e4ys Berberis-tuoteperheen itsepuhdistuviin kasviastioihin. Berberis 55 on eritt\u00e4in suuri kasviastia, jossa voi jo kasvattaa pieni\u00e4 puita, palmuja, sitrushedelmi\u00e4 tai suuria koristekasveja, kuten viikunapuita ja hortensioita, ruusupensaita. Voit my\u00f6s kasvattaa el\u00e4vi\u00e4 puita, katajia, marjapensaita ja paljon muuta.  <\/p>\n<p>Ylivuodon rajoittimen ansiosta (vesi ei valu pois) voit k\u00e4ytt\u00e4\u00e4 sek\u00e4 ulkona ett\u00e4 sis\u00e4ll\u00e4. Sis\u00e4tiloissa se on k\u00e4yt\u00e4nn\u00f6llinen ja siisti ratkaisu toimistoon, hotellin aulaan tai kodin olohuoneeseen. Ulkona k\u00e4ytett\u00e4ess\u00e4 voit poistaa tulpan, jotta ylim\u00e4\u00e4r\u00e4inen sadevesi p\u00e4\u00e4see valumaan pois. Voit kastella astian kaikilta puolilta samalla tavalla. S\u00e4ili\u00f6n alla on py\u00f6r\u00e4t, joten sit\u00e4 on erityisen helppo liikutella.    <\/p>\n<h4>T\u00e4rkeimm\u00e4t ominaisuudet<\/h4>\n<ul>\n<li>Mitat: 46 x 46 x 39 korkeus cm<\/li>\n<li>S\u00e4ili\u00f6n maaper\u00e4osan tilavuus 32 L<\/li>\n<li>Kasteluosa Vesis\u00e4ili\u00f6osan tilavuus 12 L<\/li>\n<li>Paino 3,9 kg<\/li>\n<\/ul>\n<p><a href=\"https:\/\/rodoaed.ee\/fi\/\">kotisivu<\/a> <a href=\"https:\/\/rodoaed.ee\/tootekategooria\/kasvuhooned-ja-talveaiad\/\">k\u00e4ynnist\u00e4<\/a> <a href=\"https:\/\/rodoaed.ee\/tootekategooria\/kasvuhooned-ja-talveaiad\/kasvuhoone-lisavarustus\/\">tarvikkeet<\/a> <a href=\"https:\/\/rodoaed.ee\/tootekategooria\/kasvuhooned-ja-talveaiad\/kasvuhoone-lisavarustus\/kasvuhoone-tarvikud\/\">tarvikkeet<\/a><\/p>\n<div><\/div>\n","protected":false},"excerpt":{"rendered":"<p>Suurikokoiset kasvisastiat, joissa on vesis\u00e4ili\u00f6 Berberis-sarjasta. S\u00e4ili\u00f6n alla on kasteluvesis\u00e4ili\u00f6, josta kasvit voivat ottaa juurineen oikean m\u00e4\u00e4r\u00e4n vett\u00e4. 32L pintas\u00e4ili\u00f6 + 12L vesis\u00e4ili\u00f6 Se on uusin lis\u00e4ys Berberis-tuoteperheen itsepuhdistuviin kasviastioihin. Berberis 55 on eritt\u00e4in suuri kasviastia, jossa voi jo kasvattaa pieni\u00e4 puita, palmuja, sitrushedelmi\u00e4 tai suuria koristekasveja, kuten viikunapuita ja hortensioita, ruusupensaita. Voit my\u00f6s kasvattaa el\u00e4vi\u00e4 puita, katajia, marjapensaita ja paljon muuta. Ylivuodon rajoittimen ansiosta&#8230;<\/p>\n","protected":false},"featured_media":50594,"template":"","meta":{"_acf_changed":false},"product_brand":[],"product_cat":[1782,1788,1752,1961],"product_tag":[],"class_list":{"0":"post-52524","1":"product","2":"type-product","3":"status-publish","4":"has-post-thumbnail","6":"product_cat-kasvisailio-berberis-46-ja-xl55-erittain-suuri-tilavuus","7":"product_cat-kukkaruukut-ja-kasviastiat","8":"product_cat-puutarha-ja-piha","9":"product_cat-riippuvat-korit-ja-kasviastiat","10":"product_shipping_class-kuljetus-ainoastaan-kuriiripalvelun-valityksella","11":"pa_variatsioon-kasvatussailio-16l2l-jossa-on-vesisailio-ja-kehys","13":"first","14":"instock","15":"sale","16":"taxable","17":"shipping-taxable","18":"purchasable","19":"product-type-simple"},"acf":[],"yoast_head":"<!-- This site is optimized with the Yoast SEO Premium plugin v27.3 (Yoast SEO v27.3) - https:\/\/yoast.com\/product\/yoast-seo-premium-wordpress\/ -->\n<title>UUTUUS! Itsest\u00e4\u00e4n sammuva kasviastia Berberis 46- terrakotta+norsunluu 32+12L - Rodoaed<\/title>\n<meta name=\"description\" content=\"Kasvien kasvuastia. S\u00e4ili\u00f6n alla on kastelus\u00e4ili\u00f6, josta kasvit voivat ime\u00e4 juurineen sopivan m\u00e4\u00e4r\u00e4n vett\u00e4.\" \/>\n<meta name=\"robots\" content=\"index, follow, max-snippet:-1, max-image-preview:large, max-video-preview:-1\" \/>\n<link rel=\"canonical\" href=\"https:\/\/rodoaed.ee\/fi\/tuote\/uutuus-itsestaan-sammuva-kasviastia-berberis-46-terrakottanorsunluu-3212l\/\" \/>\n<meta property=\"og:locale\" content=\"fi_FI\" \/>\n<meta property=\"og:type\" content=\"article\" \/>\n<meta property=\"og:title\" content=\"UUTUUS! Itsest\u00e4\u00e4n sammuva kasviastia Berberis 46- terrakotta+norsunluu 32+12L\" \/>\n<meta property=\"og:description\" content=\"Suurikokoiset kasvisastiat, joissa on vesis\u00e4ili\u00f6 Berberis-sarjasta. S\u00e4ili\u00f6n alla on kasteluvesis\u00e4ili\u00f6, josta kasvit voivat ottaa juurineen oikean m\u00e4\u00e4r\u00e4n\" \/>\n<meta property=\"og:url\" content=\"https:\/\/rodoaed.ee\/fi\/tuote\/uutuus-itsestaan-sammuva-kasviastia-berberis-46-terrakottanorsunluu-3212l\/\" \/>\n<meta property=\"og:site_name\" content=\"Rodoaed\" \/>\n<meta property=\"article:publisher\" content=\"https:\/\/www.facebook.com\/kasvuhooned\/\" \/>\n<meta property=\"article:modified_time\" content=\"2026-04-17T07:16:49+00:00\" \/>\n<meta property=\"og:image\" content=\"https:\/\/rodoaed.ee\/wp-content\/uploads\/2025\/05\/Berberis-46_6.jpg\" \/>\n\t<meta property=\"og:image:width\" content=\"750\" \/>\n\t<meta property=\"og:image:height\" content=\"1000\" \/>\n\t<meta property=\"og:image:type\" content=\"image\/jpeg\" \/>\n<meta name=\"twitter:card\" content=\"summary_large_image\" \/>\n<meta name=\"twitter:label1\" content=\"Arvioitu lukuaika\" \/>\n\t<meta name=\"twitter:data1\" content=\"1 minuutti\" \/>\n<script type=\"application\/ld+json\" class=\"yoast-schema-graph\">{\"@context\":\"https:\\\/\\\/schema.org\",\"@graph\":[{\"@type\":\"WebPage\",\"@id\":\"https:\\\/\\\/rodoaed.ee\\\/fi\\\/tuote\\\/uutuus-itsestaan-sammuva-kasviastia-berberis-46-terrakottanorsunluu-3212l\\\/\",\"url\":\"https:\\\/\\\/rodoaed.ee\\\/fi\\\/tuote\\\/uutuus-itsestaan-sammuva-kasviastia-berberis-46-terrakottanorsunluu-3212l\\\/\",\"name\":\"UUTUUS! Itsest\u00e4\u00e4n sammuva kasviastia Berberis 46- terrakotta+norsunluu 32+12L - Rodoaed\",\"isPartOf\":{\"@id\":\"https:\\\/\\\/rodoaed.ee\\\/#website\"},\"primaryImageOfPage\":{\"@id\":\"https:\\\/\\\/rodoaed.ee\\\/fi\\\/tuote\\\/uutuus-itsestaan-sammuva-kasviastia-berberis-46-terrakottanorsunluu-3212l\\\/#primaryimage\"},\"image\":{\"@id\":\"https:\\\/\\\/rodoaed.ee\\\/fi\\\/tuote\\\/uutuus-itsestaan-sammuva-kasviastia-berberis-46-terrakottanorsunluu-3212l\\\/#primaryimage\"},\"thumbnailUrl\":\"https:\\\/\\\/rodoaed.ee\\\/wp-content\\\/uploads\\\/2025\\\/05\\\/Berberis-46_6.jpg\",\"datePublished\":\"2025-05-27T10:28:06+00:00\",\"dateModified\":\"2026-04-17T07:16:49+00:00\",\"description\":\"Kasvien kasvuastia. S\u00e4ili\u00f6n alla on kastelus\u00e4ili\u00f6, josta kasvit voivat ime\u00e4 juurineen sopivan m\u00e4\u00e4r\u00e4n vett\u00e4.\",\"breadcrumb\":{\"@id\":\"https:\\\/\\\/rodoaed.ee\\\/fi\\\/tuote\\\/uutuus-itsestaan-sammuva-kasviastia-berberis-46-terrakottanorsunluu-3212l\\\/#breadcrumb\"},\"inLanguage\":\"fi\",\"potentialAction\":[{\"@type\":\"ReadAction\",\"target\":[\"https:\\\/\\\/rodoaed.ee\\\/fi\\\/tuote\\\/uutuus-itsestaan-sammuva-kasviastia-berberis-46-terrakottanorsunluu-3212l\\\/\"]}]},{\"@type\":\"ImageObject\",\"inLanguage\":\"fi\",\"@id\":\"https:\\\/\\\/rodoaed.ee\\\/fi\\\/tuote\\\/uutuus-itsestaan-sammuva-kasviastia-berberis-46-terrakottanorsunluu-3212l\\\/#primaryimage\",\"url\":\"https:\\\/\\\/rodoaed.ee\\\/wp-content\\\/uploads\\\/2025\\\/05\\\/Berberis-46_6.jpg\",\"contentUrl\":\"https:\\\/\\\/rodoaed.ee\\\/wp-content\\\/uploads\\\/2025\\\/05\\\/Berberis-46_6.jpg\",\"width\":750,\"height\":1000},{\"@type\":\"BreadcrumbList\",\"@id\":\"https:\\\/\\\/rodoaed.ee\\\/fi\\\/tuote\\\/uutuus-itsestaan-sammuva-kasviastia-berberis-46-terrakottanorsunluu-3212l\\\/#breadcrumb\",\"itemListElement\":[{\"@type\":\"ListItem\",\"position\":1,\"name\":\"Home\",\"item\":\"https:\\\/\\\/rodoaed.ee\\\/fi\\\/\"},{\"@type\":\"ListItem\",\"position\":2,\"name\":\"Osta osoitteessa\",\"item\":\"https:\\\/\\\/rodoaed.ee\\\/osta-osoitteessa\\\/\"},{\"@type\":\"ListItem\",\"position\":3,\"name\":\"UUTUUS! Itsest\u00e4\u00e4n sammuva kasviastia Berberis 46- terrakotta+norsunluu 32+12L\"}]},{\"@type\":\"WebSite\",\"@id\":\"https:\\\/\\\/rodoaed.ee\\\/#website\",\"url\":\"https:\\\/\\\/rodoaed.ee\\\/\",\"name\":\"Rodoaed\",\"description\":\"\",\"publisher\":{\"@id\":\"https:\\\/\\\/rodoaed.ee\\\/#organization\"},\"potentialAction\":[{\"@type\":\"SearchAction\",\"target\":{\"@type\":\"EntryPoint\",\"urlTemplate\":\"https:\\\/\\\/rodoaed.ee\\\/?s={search_term_string}\"},\"query-input\":{\"@type\":\"PropertyValueSpecification\",\"valueRequired\":true,\"valueName\":\"search_term_string\"}}],\"inLanguage\":\"fi\"},{\"@type\":\"Organization\",\"@id\":\"https:\\\/\\\/rodoaed.ee\\\/#organization\",\"name\":\"Rodoaed\",\"url\":\"https:\\\/\\\/rodoaed.ee\\\/\",\"logo\":{\"@type\":\"ImageObject\",\"inLanguage\":\"fi\",\"@id\":\"https:\\\/\\\/rodoaed.ee\\\/#\\\/schema\\\/logo\\\/image\\\/\",\"url\":\"https:\\\/\\\/rodoaed.ee\\\/wp-content\\\/uploads\\\/2019\\\/11\\\/rodoaed-logo-ilma-taustata.jpg\",\"contentUrl\":\"https:\\\/\\\/rodoaed.ee\\\/wp-content\\\/uploads\\\/2019\\\/11\\\/rodoaed-logo-ilma-taustata.jpg\",\"width\":769,\"height\":268,\"caption\":\"Rodoaed\"},\"image\":{\"@id\":\"https:\\\/\\\/rodoaed.ee\\\/#\\\/schema\\\/logo\\\/image\\\/\"},\"sameAs\":[\"https:\\\/\\\/www.facebook.com\\\/kasvuhooned\\\/\",\"https:\\\/\\\/rodoaed.ee\"]}]}<\/script>\n<!-- \/ Yoast SEO Premium plugin. -->","yoast_head_json":{"title":"UUTUUS! Itsest\u00e4\u00e4n sammuva kasviastia Berberis 46- terrakotta+norsunluu 32+12L - Rodoaed","description":"Kasvien kasvuastia. S\u00e4ili\u00f6n alla on kastelus\u00e4ili\u00f6, josta kasvit voivat ime\u00e4 juurineen sopivan m\u00e4\u00e4r\u00e4n vett\u00e4.","robots":{"index":"index","follow":"follow","max-snippet":"max-snippet:-1","max-image-preview":"max-image-preview:large","max-video-preview":"max-video-preview:-1"},"canonical":"https:\/\/rodoaed.ee\/fi\/tuote\/uutuus-itsestaan-sammuva-kasviastia-berberis-46-terrakottanorsunluu-3212l\/","og_locale":"fi_FI","og_type":"article","og_title":"UUTUUS! Itsest\u00e4\u00e4n sammuva kasviastia Berberis 46- terrakotta+norsunluu 32+12L","og_description":"Suurikokoiset kasvisastiat, joissa on vesis\u00e4ili\u00f6 Berberis-sarjasta. S\u00e4ili\u00f6n alla on kasteluvesis\u00e4ili\u00f6, josta kasvit voivat ottaa juurineen oikean m\u00e4\u00e4r\u00e4n","og_url":"https:\/\/rodoaed.ee\/fi\/tuote\/uutuus-itsestaan-sammuva-kasviastia-berberis-46-terrakottanorsunluu-3212l\/","og_site_name":"Rodoaed","article_publisher":"https:\/\/www.facebook.com\/kasvuhooned\/","article_modified_time":"2026-04-17T07:16:49+00:00","og_image":[{"width":750,"height":1000,"url":"https:\/\/rodoaed.ee\/wp-content\/uploads\/2025\/05\/Berberis-46_6.jpg","type":"image\/jpeg"}],"twitter_card":"summary_large_image","twitter_misc":{"Arvioitu lukuaika":"1 minuutti"},"schema":{"@context":"https:\/\/schema.org","@graph":[{"@type":"WebPage","@id":"https:\/\/rodoaed.ee\/fi\/tuote\/uutuus-itsestaan-sammuva-kasviastia-berberis-46-terrakottanorsunluu-3212l\/","url":"https:\/\/rodoaed.ee\/fi\/tuote\/uutuus-itsestaan-sammuva-kasviastia-berberis-46-terrakottanorsunluu-3212l\/","name":"UUTUUS! Itsest\u00e4\u00e4n sammuva kasviastia Berberis 46- terrakotta+norsunluu 32+12L - Rodoaed","isPartOf":{"@id":"https:\/\/rodoaed.ee\/#website"},"primaryImageOfPage":{"@id":"https:\/\/rodoaed.ee\/fi\/tuote\/uutuus-itsestaan-sammuva-kasviastia-berberis-46-terrakottanorsunluu-3212l\/#primaryimage"},"image":{"@id":"https:\/\/rodoaed.ee\/fi\/tuote\/uutuus-itsestaan-sammuva-kasviastia-berberis-46-terrakottanorsunluu-3212l\/#primaryimage"},"thumbnailUrl":"https:\/\/rodoaed.ee\/wp-content\/uploads\/2025\/05\/Berberis-46_6.jpg","datePublished":"2025-05-27T10:28:06+00:00","dateModified":"2026-04-17T07:16:49+00:00","description":"Kasvien kasvuastia. S\u00e4ili\u00f6n alla on kastelus\u00e4ili\u00f6, josta kasvit voivat ime\u00e4 juurineen sopivan m\u00e4\u00e4r\u00e4n vett\u00e4.","breadcrumb":{"@id":"https:\/\/rodoaed.ee\/fi\/tuote\/uutuus-itsestaan-sammuva-kasviastia-berberis-46-terrakottanorsunluu-3212l\/#breadcrumb"},"inLanguage":"fi","potentialAction":[{"@type":"ReadAction","target":["https:\/\/rodoaed.ee\/fi\/tuote\/uutuus-itsestaan-sammuva-kasviastia-berberis-46-terrakottanorsunluu-3212l\/"]}]},{"@type":"ImageObject","inLanguage":"fi","@id":"https:\/\/rodoaed.ee\/fi\/tuote\/uutuus-itsestaan-sammuva-kasviastia-berberis-46-terrakottanorsunluu-3212l\/#primaryimage","url":"https:\/\/rodoaed.ee\/wp-content\/uploads\/2025\/05\/Berberis-46_6.jpg","contentUrl":"https:\/\/rodoaed.ee\/wp-content\/uploads\/2025\/05\/Berberis-46_6.jpg","width":750,"height":1000},{"@type":"BreadcrumbList","@id":"https:\/\/rodoaed.ee\/fi\/tuote\/uutuus-itsestaan-sammuva-kasviastia-berberis-46-terrakottanorsunluu-3212l\/#breadcrumb","itemListElement":[{"@type":"ListItem","position":1,"name":"Home","item":"https:\/\/rodoaed.ee\/fi\/"},{"@type":"ListItem","position":2,"name":"Osta osoitteessa","item":"https:\/\/rodoaed.ee\/osta-osoitteessa\/"},{"@type":"ListItem","position":3,"name":"UUTUUS! Itsest\u00e4\u00e4n sammuva kasviastia Berberis 46- terrakotta+norsunluu 32+12L"}]},{"@type":"WebSite","@id":"https:\/\/rodoaed.ee\/#website","url":"https:\/\/rodoaed.ee\/","name":"Rodoaed","description":"","publisher":{"@id":"https:\/\/rodoaed.ee\/#organization"},"potentialAction":[{"@type":"SearchAction","target":{"@type":"EntryPoint","urlTemplate":"https:\/\/rodoaed.ee\/?s={search_term_string}"},"query-input":{"@type":"PropertyValueSpecification","valueRequired":true,"valueName":"search_term_string"}}],"inLanguage":"fi"},{"@type":"Organization","@id":"https:\/\/rodoaed.ee\/#organization","name":"Rodoaed","url":"https:\/\/rodoaed.ee\/","logo":{"@type":"ImageObject","inLanguage":"fi","@id":"https:\/\/rodoaed.ee\/#\/schema\/logo\/image\/","url":"https:\/\/rodoaed.ee\/wp-content\/uploads\/2019\/11\/rodoaed-logo-ilma-taustata.jpg","contentUrl":"https:\/\/rodoaed.ee\/wp-content\/uploads\/2019\/11\/rodoaed-logo-ilma-taustata.jpg","width":769,"height":268,"caption":"Rodoaed"},"image":{"@id":"https:\/\/rodoaed.ee\/#\/schema\/logo\/image\/"},"sameAs":["https:\/\/www.facebook.com\/kasvuhooned\/","https:\/\/rodoaed.ee"]}]}},"_links":{"self":[{"href":"https:\/\/rodoaed.ee\/fi\/wp-json\/wp\/v2\/product\/52524","targetHints":{"allow":["GET"]}}],"collection":[{"href":"https:\/\/rodoaed.ee\/fi\/wp-json\/wp\/v2\/product"}],"about":[{"href":"https:\/\/rodoaed.ee\/fi\/wp-json\/wp\/v2\/types\/product"}],"wp:featuredmedia":[{"embeddable":true,"href":"https:\/\/rodoaed.ee\/fi\/wp-json\/wp\/v2\/media\/50594"}],"wp:attachment":[{"href":"https:\/\/rodoaed.ee\/fi\/wp-json\/wp\/v2\/media?parent=52524"}],"wp:term":[{"taxonomy":"product_brand","embeddable":true,"href":"https:\/\/rodoaed.ee\/fi\/wp-json\/wp\/v2\/product_brand?post=52524"},{"taxonomy":"product_cat","embeddable":true,"href":"https:\/\/rodoaed.ee\/fi\/wp-json\/wp\/v2\/product_cat?post=52524"},{"taxonomy":"product_tag","embeddable":true,"href":"https:\/\/rodoaed.ee\/fi\/wp-json\/wp\/v2\/product_tag?post=52524"}],"curies":[{"name":"wp","href":"https:\/\/api.w.org\/{rel}","templated":true}]}}