{"id":52525,"date":"2025-05-27T16:38:27","date_gmt":"2025-05-27T13:38:27","guid":{"rendered":"https:\/\/rodoaed.ee\/toode\/3x-megavent-storm-myrskynkestava-automaattinen-uudelleenkaytettava-tukkupakkaus\/"},"modified":"2026-04-17T10:16:46","modified_gmt":"2026-04-17T07:16:46","slug":"3x-megavent-storm-myrskynkestava-automaattinen-uudelleenkaytettava-tukkupakkaus","status":"publish","type":"product","link":"https:\/\/rodoaed.ee\/fi\/tuote\/3x-megavent-storm-myrskynkestava-automaattinen-uudelleenkaytettava-tukkupakkaus\/","title":{"rendered":"3x Megavent Storm, myrskynkest\u00e4v\u00e4, automaattinen, uudelleenk\u00e4ytett\u00e4v\u00e4, tukkupakkaus."},"content":{"rendered":"<h2>Erityisen kest\u00e4v\u00e4 ja myrskynkest\u00e4v\u00e4 automaattinen j\u00e4rjestelm\u00e4 suurempiin kasvihuoneisiin ja talvihuoneisiin.<\/h2>\n<p><strong>Sopii kaikkiin kasvihuoneisiin valmistajasta riippumatta. Suositellaan erityisesti kasvihuoneisiin rannikkoalueilla ja saarilla tai talvihuoneisiin kaikkialla Virossa. <\/strong><\/p>\n<p>Megavent Storm on pienikokoinen mutta eritt\u00e4in tehokas luukunavaaja, joka nostaa 70 % enemm\u00e4n luukkuja kuin vakiomallit. Eritt\u00e4in kompaktin rakenteensa ansiosta se mahtuu kattoluukun kehyksen aukkoon kaikissa tilanteissa. <\/p>\n<p>Megavent Storm on varustettu iskunvaimentimella, joka est\u00e4\u00e4 kattoluukkua avautumasta \u00e4killisesti kovassa tuulessa. Avaimen molemmilla puolilla olevat kaksi vahvaa palautusjousitusta takaavat suurtenkin kattoluukkujen vakauden kaikissa s\u00e4\u00e4- ja tuuliolosuhteissa. <\/p>\n<p>Toimii m\u00e4nn\u00e4n nesteen l\u00e4mp\u00f6laajenemisen avulla.<span style=\"line-height: 18px;\"> Runko ruostumatonta ter\u00e4st\u00e4. Avautumisl\u00e4mp\u00f6tilaa s\u00e4\u00e4det\u00e4\u00e4n sylinteri\u00e4 kiert\u00e4m\u00e4ll\u00e4: 0,5 \u00ba kierrosta kohti.<\/span><\/p>\n<h2>Tekniset tiedot<\/h2>\n<ul>\n<li>Avautumisl\u00e4mp\u00f6tila-alue +17-25\u00ba C<\/li>\n<li>Nostokyky 12 kg<\/li>\n<li>Luukun sulkeutumisvoima 1,2 kg<\/li>\n<li>Suurin aukko noin 40cm<\/li>\n<li>Suurin avautuminen saavutetaan noin +30\u00ba C:ssa.<\/li>\n<li><span style=\"line-height: 18px;\">Takuu 2 vuotta<\/span><\/li>\n<\/ul>\n<div>\n<div><a href=\"https:\/\/rodoaed.ee\/fi\/\">kotisivu<\/a> <a href=\"https:\/\/rodoaed.ee\/tootekategooria\/kasvuhooned-ja-talveaiad\/\">k\u00e4ynnist\u00e4<\/a> <a href=\"https:\/\/rodoaed.ee\/tootekategooria\/kasvuhooned-ja-talveaiad\/kasvuhoone-lisavarustus\/\">tarvikkeet<\/a> <a href=\"https:\/\/rodoaed.ee\/tootekategooria\/kasvuhooned-ja-talveaiad\/kasvuhoone-lisavarustus\/kasvuhoone-ventilatsioon\/\">ilmanvaihto<\/a> <a href=\"https:\/\/rodoaed.ee\/toode\/univent-katuseluugi-automaatavaja\/\">luukku<\/a><\/div>\n<div>\n<div><\/div>\n<\/div>\n<\/div>\n","protected":false},"excerpt":{"rendered":"<p>Erityisen kest\u00e4v\u00e4 ja myrskynkest\u00e4v\u00e4 automaattinen j\u00e4rjestelm\u00e4 suurempiin kasvihuoneisiin ja talvihuoneisiin. Sopii kaikkiin kasvihuoneisiin valmistajasta riippumatta. Suositellaan erityisesti kasvihuoneisiin rannikkoalueilla ja saarilla tai talvihuoneisiin kaikkialla Virossa. Megavent Storm on pienikokoinen mutta eritt\u00e4in tehokas luukunavaaja, joka nostaa 70 % enemm\u00e4n luukkuja kuin vakiomallit. Eritt\u00e4in kompaktin rakenteensa ansiosta se mahtuu kattoluukun kehyksen aukkoon kaikissa tilanteissa. Megavent Storm on varustettu iskunvaimentimella, joka est\u00e4\u00e4 kattoluukkua avautumasta \u00e4killisesti kovassa tuulessa. Avaimen&#8230;<\/p>\n","protected":false},"featured_media":17674,"template":"","meta":{"_acf_changed":false},"product_brand":[],"product_cat":[1956,1869],"product_tag":[],"class_list":{"0":"post-52525","1":"product","2":"type-product","3":"status-publish","4":"has-post-thumbnail","6":"product_cat-kasvihuoneen-ilmanvaihto","7":"product_cat-kasvihuoneen-tarvikkeet","8":"product_shipping_class-toimitus-1-3-tyopaivan-kuluessa","9":"pa_variatsioon-10-megavent-storm-myrskynkestava-automaattinen-akkulaturi","11":"first","12":"instock","13":"sale","14":"taxable","15":"shipping-taxable","16":"purchasable","17":"product-type-simple"},"acf":[],"yoast_head":"<!-- This site is optimized with the Yoast SEO Premium plugin v27.3 (Yoast SEO v27.3) - https:\/\/yoast.com\/product\/yoast-seo-premium-wordpress\/ -->\n<title>3x Megavent Storm, myrskynkest\u00e4v\u00e4, automaattinen, uudelleenk\u00e4ytett\u00e4v\u00e4, tukkupakkaus. - Rodoaed<\/title>\n<meta name=\"robots\" content=\"index, follow, max-snippet:-1, max-image-preview:large, max-video-preview:-1\" \/>\n<link rel=\"canonical\" href=\"https:\/\/rodoaed.ee\/fi\/tuote\/3x-megavent-storm-myrskynkestava-automaattinen-uudelleenkaytettava-tukkupakkaus\/\" \/>\n<meta property=\"og:locale\" content=\"fi_FI\" \/>\n<meta property=\"og:type\" content=\"article\" \/>\n<meta property=\"og:title\" content=\"3x Megavent Storm, myrskynkest\u00e4v\u00e4, automaattinen, uudelleenk\u00e4ytett\u00e4v\u00e4, tukkupakkaus.\" \/>\n<meta property=\"og:description\" content=\"Erityisen kest\u00e4v\u00e4 ja myrskynkest\u00e4v\u00e4 automaattinen j\u00e4rjestelm\u00e4 suurempiin kasvihuoneisiin ja talvihuoneisiin. Sopii kaikkiin kasvihuoneisiin valmistajasta\" \/>\n<meta property=\"og:url\" content=\"https:\/\/rodoaed.ee\/fi\/tuote\/3x-megavent-storm-myrskynkestava-automaattinen-uudelleenkaytettava-tukkupakkaus\/\" \/>\n<meta property=\"og:site_name\" content=\"Rodoaed\" \/>\n<meta property=\"article:publisher\" content=\"https:\/\/www.facebook.com\/kasvuhooned\/\" \/>\n<meta property=\"article:modified_time\" content=\"2026-04-17T07:16:46+00:00\" \/>\n<meta property=\"og:image\" content=\"https:\/\/rodoaed.ee\/wp-content\/uploads\/2019\/07\/Megavent-storm_automaatne-luugiavaja_2-610x406.jpg\" \/>\n\t<meta property=\"og:image:width\" content=\"610\" \/>\n\t<meta property=\"og:image:height\" content=\"406\" \/>\n\t<meta property=\"og:image:type\" content=\"image\/jpeg\" \/>\n<meta name=\"twitter:card\" content=\"summary_large_image\" \/>\n<meta name=\"twitter:label1\" content=\"Arvioitu lukuaika\" \/>\n\t<meta name=\"twitter:data1\" content=\"1 minuutti\" \/>\n<script type=\"application\/ld+json\" class=\"yoast-schema-graph\">{\"@context\":\"https:\\\/\\\/schema.org\",\"@graph\":[{\"@type\":\"WebPage\",\"@id\":\"https:\\\/\\\/rodoaed.ee\\\/fi\\\/tuote\\\/3x-megavent-storm-myrskynkestava-automaattinen-uudelleenkaytettava-tukkupakkaus\\\/\",\"url\":\"https:\\\/\\\/rodoaed.ee\\\/fi\\\/tuote\\\/3x-megavent-storm-myrskynkestava-automaattinen-uudelleenkaytettava-tukkupakkaus\\\/\",\"name\":\"3x Megavent Storm, myrskynkest\u00e4v\u00e4, automaattinen, uudelleenk\u00e4ytett\u00e4v\u00e4, tukkupakkaus. - Rodoaed\",\"isPartOf\":{\"@id\":\"https:\\\/\\\/rodoaed.ee\\\/#website\"},\"primaryImageOfPage\":{\"@id\":\"https:\\\/\\\/rodoaed.ee\\\/fi\\\/tuote\\\/3x-megavent-storm-myrskynkestava-automaattinen-uudelleenkaytettava-tukkupakkaus\\\/#primaryimage\"},\"image\":{\"@id\":\"https:\\\/\\\/rodoaed.ee\\\/fi\\\/tuote\\\/3x-megavent-storm-myrskynkestava-automaattinen-uudelleenkaytettava-tukkupakkaus\\\/#primaryimage\"},\"thumbnailUrl\":\"https:\\\/\\\/rodoaed.ee\\\/wp-content\\\/uploads\\\/2019\\\/07\\\/Megavent-storm_automaatne-luugiavaja_2-610x406.jpg\",\"datePublished\":\"2025-05-27T13:38:27+00:00\",\"dateModified\":\"2026-04-17T07:16:46+00:00\",\"breadcrumb\":{\"@id\":\"https:\\\/\\\/rodoaed.ee\\\/fi\\\/tuote\\\/3x-megavent-storm-myrskynkestava-automaattinen-uudelleenkaytettava-tukkupakkaus\\\/#breadcrumb\"},\"inLanguage\":\"fi\",\"potentialAction\":[{\"@type\":\"ReadAction\",\"target\":[\"https:\\\/\\\/rodoaed.ee\\\/fi\\\/tuote\\\/3x-megavent-storm-myrskynkestava-automaattinen-uudelleenkaytettava-tukkupakkaus\\\/\"]}]},{\"@type\":\"ImageObject\",\"inLanguage\":\"fi\",\"@id\":\"https:\\\/\\\/rodoaed.ee\\\/fi\\\/tuote\\\/3x-megavent-storm-myrskynkestava-automaattinen-uudelleenkaytettava-tukkupakkaus\\\/#primaryimage\",\"url\":\"https:\\\/\\\/rodoaed.ee\\\/wp-content\\\/uploads\\\/2019\\\/07\\\/Megavent-storm_automaatne-luugiavaja_2-610x406.jpg\",\"contentUrl\":\"https:\\\/\\\/rodoaed.ee\\\/wp-content\\\/uploads\\\/2019\\\/07\\\/Megavent-storm_automaatne-luugiavaja_2-610x406.jpg\",\"width\":610,\"height\":406},{\"@type\":\"BreadcrumbList\",\"@id\":\"https:\\\/\\\/rodoaed.ee\\\/fi\\\/tuote\\\/3x-megavent-storm-myrskynkestava-automaattinen-uudelleenkaytettava-tukkupakkaus\\\/#breadcrumb\",\"itemListElement\":[{\"@type\":\"ListItem\",\"position\":1,\"name\":\"Home\",\"item\":\"https:\\\/\\\/rodoaed.ee\\\/fi\\\/\"},{\"@type\":\"ListItem\",\"position\":2,\"name\":\"Osta osoitteessa\",\"item\":\"https:\\\/\\\/rodoaed.ee\\\/osta-osoitteessa\\\/\"},{\"@type\":\"ListItem\",\"position\":3,\"name\":\"3x Megavent Storm, myrskynkest\u00e4v\u00e4, automaattinen, uudelleenk\u00e4ytett\u00e4v\u00e4, tukkupakkaus.\"}]},{\"@type\":\"WebSite\",\"@id\":\"https:\\\/\\\/rodoaed.ee\\\/#website\",\"url\":\"https:\\\/\\\/rodoaed.ee\\\/\",\"name\":\"Rodoaed\",\"description\":\"\",\"publisher\":{\"@id\":\"https:\\\/\\\/rodoaed.ee\\\/#organization\"},\"potentialAction\":[{\"@type\":\"SearchAction\",\"target\":{\"@type\":\"EntryPoint\",\"urlTemplate\":\"https:\\\/\\\/rodoaed.ee\\\/?s={search_term_string}\"},\"query-input\":{\"@type\":\"PropertyValueSpecification\",\"valueRequired\":true,\"valueName\":\"search_term_string\"}}],\"inLanguage\":\"fi\"},{\"@type\":\"Organization\",\"@id\":\"https:\\\/\\\/rodoaed.ee\\\/#organization\",\"name\":\"Rodoaed\",\"url\":\"https:\\\/\\\/rodoaed.ee\\\/\",\"logo\":{\"@type\":\"ImageObject\",\"inLanguage\":\"fi\",\"@id\":\"https:\\\/\\\/rodoaed.ee\\\/#\\\/schema\\\/logo\\\/image\\\/\",\"url\":\"https:\\\/\\\/rodoaed.ee\\\/wp-content\\\/uploads\\\/2019\\\/11\\\/rodoaed-logo-ilma-taustata.jpg\",\"contentUrl\":\"https:\\\/\\\/rodoaed.ee\\\/wp-content\\\/uploads\\\/2019\\\/11\\\/rodoaed-logo-ilma-taustata.jpg\",\"width\":769,\"height\":268,\"caption\":\"Rodoaed\"},\"image\":{\"@id\":\"https:\\\/\\\/rodoaed.ee\\\/#\\\/schema\\\/logo\\\/image\\\/\"},\"sameAs\":[\"https:\\\/\\\/www.facebook.com\\\/kasvuhooned\\\/\",\"https:\\\/\\\/rodoaed.ee\"]}]}<\/script>\n<!-- \/ Yoast SEO Premium plugin. -->","yoast_head_json":{"title":"3x Megavent Storm, myrskynkest\u00e4v\u00e4, automaattinen, uudelleenk\u00e4ytett\u00e4v\u00e4, tukkupakkaus. - Rodoaed","robots":{"index":"index","follow":"follow","max-snippet":"max-snippet:-1","max-image-preview":"max-image-preview:large","max-video-preview":"max-video-preview:-1"},"canonical":"https:\/\/rodoaed.ee\/fi\/tuote\/3x-megavent-storm-myrskynkestava-automaattinen-uudelleenkaytettava-tukkupakkaus\/","og_locale":"fi_FI","og_type":"article","og_title":"3x Megavent Storm, myrskynkest\u00e4v\u00e4, automaattinen, uudelleenk\u00e4ytett\u00e4v\u00e4, tukkupakkaus.","og_description":"Erityisen kest\u00e4v\u00e4 ja myrskynkest\u00e4v\u00e4 automaattinen j\u00e4rjestelm\u00e4 suurempiin kasvihuoneisiin ja talvihuoneisiin. Sopii kaikkiin kasvihuoneisiin valmistajasta","og_url":"https:\/\/rodoaed.ee\/fi\/tuote\/3x-megavent-storm-myrskynkestava-automaattinen-uudelleenkaytettava-tukkupakkaus\/","og_site_name":"Rodoaed","article_publisher":"https:\/\/www.facebook.com\/kasvuhooned\/","article_modified_time":"2026-04-17T07:16:46+00:00","og_image":[{"width":610,"height":406,"url":"https:\/\/rodoaed.ee\/wp-content\/uploads\/2019\/07\/Megavent-storm_automaatne-luugiavaja_2-610x406.jpg","type":"image\/jpeg"}],"twitter_card":"summary_large_image","twitter_misc":{"Arvioitu lukuaika":"1 minuutti"},"schema":{"@context":"https:\/\/schema.org","@graph":[{"@type":"WebPage","@id":"https:\/\/rodoaed.ee\/fi\/tuote\/3x-megavent-storm-myrskynkestava-automaattinen-uudelleenkaytettava-tukkupakkaus\/","url":"https:\/\/rodoaed.ee\/fi\/tuote\/3x-megavent-storm-myrskynkestava-automaattinen-uudelleenkaytettava-tukkupakkaus\/","name":"3x Megavent Storm, myrskynkest\u00e4v\u00e4, automaattinen, uudelleenk\u00e4ytett\u00e4v\u00e4, tukkupakkaus. - Rodoaed","isPartOf":{"@id":"https:\/\/rodoaed.ee\/#website"},"primaryImageOfPage":{"@id":"https:\/\/rodoaed.ee\/fi\/tuote\/3x-megavent-storm-myrskynkestava-automaattinen-uudelleenkaytettava-tukkupakkaus\/#primaryimage"},"image":{"@id":"https:\/\/rodoaed.ee\/fi\/tuote\/3x-megavent-storm-myrskynkestava-automaattinen-uudelleenkaytettava-tukkupakkaus\/#primaryimage"},"thumbnailUrl":"https:\/\/rodoaed.ee\/wp-content\/uploads\/2019\/07\/Megavent-storm_automaatne-luugiavaja_2-610x406.jpg","datePublished":"2025-05-27T13:38:27+00:00","dateModified":"2026-04-17T07:16:46+00:00","breadcrumb":{"@id":"https:\/\/rodoaed.ee\/fi\/tuote\/3x-megavent-storm-myrskynkestava-automaattinen-uudelleenkaytettava-tukkupakkaus\/#breadcrumb"},"inLanguage":"fi","potentialAction":[{"@type":"ReadAction","target":["https:\/\/rodoaed.ee\/fi\/tuote\/3x-megavent-storm-myrskynkestava-automaattinen-uudelleenkaytettava-tukkupakkaus\/"]}]},{"@type":"ImageObject","inLanguage":"fi","@id":"https:\/\/rodoaed.ee\/fi\/tuote\/3x-megavent-storm-myrskynkestava-automaattinen-uudelleenkaytettava-tukkupakkaus\/#primaryimage","url":"https:\/\/rodoaed.ee\/wp-content\/uploads\/2019\/07\/Megavent-storm_automaatne-luugiavaja_2-610x406.jpg","contentUrl":"https:\/\/rodoaed.ee\/wp-content\/uploads\/2019\/07\/Megavent-storm_automaatne-luugiavaja_2-610x406.jpg","width":610,"height":406},{"@type":"BreadcrumbList","@id":"https:\/\/rodoaed.ee\/fi\/tuote\/3x-megavent-storm-myrskynkestava-automaattinen-uudelleenkaytettava-tukkupakkaus\/#breadcrumb","itemListElement":[{"@type":"ListItem","position":1,"name":"Home","item":"https:\/\/rodoaed.ee\/fi\/"},{"@type":"ListItem","position":2,"name":"Osta osoitteessa","item":"https:\/\/rodoaed.ee\/osta-osoitteessa\/"},{"@type":"ListItem","position":3,"name":"3x Megavent Storm, myrskynkest\u00e4v\u00e4, automaattinen, uudelleenk\u00e4ytett\u00e4v\u00e4, tukkupakkaus."}]},{"@type":"WebSite","@id":"https:\/\/rodoaed.ee\/#website","url":"https:\/\/rodoaed.ee\/","name":"Rodoaed","description":"","publisher":{"@id":"https:\/\/rodoaed.ee\/#organization"},"potentialAction":[{"@type":"SearchAction","target":{"@type":"EntryPoint","urlTemplate":"https:\/\/rodoaed.ee\/?s={search_term_string}"},"query-input":{"@type":"PropertyValueSpecification","valueRequired":true,"valueName":"search_term_string"}}],"inLanguage":"fi"},{"@type":"Organization","@id":"https:\/\/rodoaed.ee\/#organization","name":"Rodoaed","url":"https:\/\/rodoaed.ee\/","logo":{"@type":"ImageObject","inLanguage":"fi","@id":"https:\/\/rodoaed.ee\/#\/schema\/logo\/image\/","url":"https:\/\/rodoaed.ee\/wp-content\/uploads\/2019\/11\/rodoaed-logo-ilma-taustata.jpg","contentUrl":"https:\/\/rodoaed.ee\/wp-content\/uploads\/2019\/11\/rodoaed-logo-ilma-taustata.jpg","width":769,"height":268,"caption":"Rodoaed"},"image":{"@id":"https:\/\/rodoaed.ee\/#\/schema\/logo\/image\/"},"sameAs":["https:\/\/www.facebook.com\/kasvuhooned\/","https:\/\/rodoaed.ee"]}]}},"_links":{"self":[{"href":"https:\/\/rodoaed.ee\/fi\/wp-json\/wp\/v2\/product\/52525","targetHints":{"allow":["GET"]}}],"collection":[{"href":"https:\/\/rodoaed.ee\/fi\/wp-json\/wp\/v2\/product"}],"about":[{"href":"https:\/\/rodoaed.ee\/fi\/wp-json\/wp\/v2\/types\/product"}],"wp:featuredmedia":[{"embeddable":true,"href":"https:\/\/rodoaed.ee\/fi\/wp-json\/wp\/v2\/media\/17674"}],"wp:attachment":[{"href":"https:\/\/rodoaed.ee\/fi\/wp-json\/wp\/v2\/media?parent=52525"}],"wp:term":[{"taxonomy":"product_brand","embeddable":true,"href":"https:\/\/rodoaed.ee\/fi\/wp-json\/wp\/v2\/product_brand?post=52525"},{"taxonomy":"product_cat","embeddable":true,"href":"https:\/\/rodoaed.ee\/fi\/wp-json\/wp\/v2\/product_cat?post=52525"},{"taxonomy":"product_tag","embeddable":true,"href":"https:\/\/rodoaed.ee\/fi\/wp-json\/wp\/v2\/product_tag?post=52525"}],"curies":[{"name":"wp","href":"https:\/\/api.w.org\/{rel}","templated":true}]}}