{"id":52526,"date":"2025-10-09T10:20:50","date_gmt":"2025-10-09T07:20:50","guid":{"rendered":"https:\/\/rodoaed.ee\/toode\/vakuumipakkaaja-t-12-kannettava-malli-uutuus-kokeiluhinta\/"},"modified":"2026-04-17T10:19:53","modified_gmt":"2026-04-17T07:19:53","slug":"vakuumipakkaaja-t-12-kannettava-malli-uutuus-kokeiluhinta","status":"publish","type":"product","link":"https:\/\/rodoaed.ee\/fi\/tuote\/vakuumipakkaaja-t-12-kannettava-malli-uutuus-kokeiluhinta\/","title":{"rendered":"Vakuumipakkaaja T-12 kannettava malli &#8211; UUTUUS! KOKEILUHINTA!"},"content":{"rendered":"<p><strong>Takaje-tyhji\u00f6pakkauksen avulla voit s\u00e4ilytt\u00e4\u00e4 erilaisia tuoreita elintarvikkeita jopa kolme kertaa pidemp\u00e4\u00e4n kuin pit\u00e4m\u00e4ll\u00e4 niit\u00e4 avoinna j\u00e4\u00e4kaapissa.<\/strong><\/p>\n<p><strong>T-12 on upouusi malli suoraan n\u00e4yttelyst\u00e4.<\/strong><\/p>\n<p>T-12 on Tre Spaden kompakti ja t\u00e4ysautomaattinen tyhji\u00f6pakkauslaite, jossa on puhdas ja minimalistinen muotoilu. Ihanteellinen kotikeitti\u00f6ihin, matkailuautoihin tai veneisiin. Se toimii 12 V:n verkkovirralla, kuluttaa hyvin v\u00e4h\u00e4n virtaa ja on suunniteltu tarjoamaan vahvaa alipaineistustehoa (jopa 700 mbar) hienostuneessa ja minimalistisessa tyyliss\u00e4. Harjattu ruostumattomasta ter\u00e4ksest\u00e4 valmistettu kansi lis\u00e4\u00e4 modernia ja ammattimaista ilmett\u00e4, ja sen kompaktin koon ja sis\u00e4\u00e4nrakennetun muuntajapistorasian ansiosta se on helppo s\u00e4ilytt\u00e4\u00e4 miss\u00e4 tahansa.   <\/p>\n<p>T\u00e4ysin automaattinen: k\u00e4ynnist\u00e4 sykli yksinkertaisesti sulkemalla kansi. Sis\u00e4inen anturi havaitsee tyhji\u00f6n ja k\u00e4ynnist\u00e4\u00e4 sulkemisen oikeaan aikaan. Kun se on valmis, kone pys\u00e4htyy ja avaa kannen automaattisesti. Manuaalista toimintaa ei tarvita. Lis\u00e4ksi tyhji\u00f6kammio, jossa on 45\u00b0:n turvapoikkileikkaus, v\u00e4hent\u00e4\u00e4 nesteen imun riski\u00e4.    <\/p>\n<p>T-12 on ihanteellinen ratkaisu niille, jotka etsiv\u00e4t luotettavaa suorituskyky\u00e4, kompaktia rakennetta ja k\u00e4ytt\u00e4j\u00e4yst\u00e4v\u00e4llist\u00e4 k\u00e4ytt\u00f6\u00e4. Jokap\u00e4iv\u00e4inen kumppani kaikkien elintarvikkeiden tyylikk\u00e4\u00e4seen ja tarkkaan s\u00e4ilytykseen. <\/p>\n<p><strong>Tre Spade -tyhji\u00f6pakkauslaitteet ovat Euroopan suosituimpia ja luotettavimpia tyhji\u00f6pakkauslaitteita, ja ne ovat voittaneet joitakin Euroopan parhaista suunnittelupalkinnoista.<\/strong><\/p>\n<p><strong>T\u00e4rkeimm\u00e4t ominaisuudet:<\/strong><\/p>\n<p>&#8211; Kompakti ja ohut muotoilu ruostumattomasta ter\u00e4ksest\u00e4 valmistetulla kannella<br \/>\n&#8211; Pienj\u00e4nnitevirtal\u00e4hde (12 V) minimikulutusta varten<br \/>\n&#8211; Automaattiset syklit pusseille ja rullille + vain sinet\u00f6intitoiminto<br \/>\n&#8211; Automaattinen kannen avaus syklin lopussa<br \/>\n&#8211; 45\u00b0 kammion leikkaus lis\u00e4turvallisuutta varten<br \/>\n&#8211; Maksimi tyhji\u00f6: 700 mbar &#8211; Imuteho: 12 l\/min<br \/>\n&#8211; Sulkutanko: 33 cm &#8211; Sulkuleveys: 3 mm<br \/>\n&#8211; Valmistettu Italiassa<br \/>\n&#8211; Toimitetaan sein\u00e4adapterin kanssa, mahtuu erilliseen laatikkoon.<\/p>\n<p><strong>Tekniset tiedot:<\/strong><\/p>\n<ul>\n<li>Paino: 1,2 kg<\/li>\n<li>Mitat: 37 x 14 x 7 cm<\/li>\n<li>Teho: 80 W<\/li>\n<li>Tyhji\u00f6pumpun imuteho: 12 litraa minuutissa.<\/li>\n<li>Maksimi tyhji\u00f6: 700 mbar<\/li>\n<li>Sulkemisen pituus: 33cm<\/li>\n<\/ul>\n<p><strong><a href=\"https:\/\/rodoaed.ee\/tootekategooria\/koogiseadmed\/vaakumpakendajad\/\">Tyhji\u00f6pakkaajat<\/a><\/strong><\/p>\n<p><a href=\"https:\/\/rodoaed.ee\/wp-content\/uploads\/2025\/10\/Vaakumpakendaja-T-12-kasutusjuhend_2025.pdf\">Tyhji\u00f6pakkaaja T-12 k\u00e4ytt\u00f6ohje_2025<\/a><\/p>\n","protected":false},"excerpt":{"rendered":"<p>Takaje-tyhji\u00f6pakkauksen avulla voit s\u00e4ilytt\u00e4\u00e4 erilaisia tuoreita elintarvikkeita jopa kolme kertaa pidemp\u00e4\u00e4n kuin pit\u00e4m\u00e4ll\u00e4 niit\u00e4 avoinna j\u00e4\u00e4kaapissa. T-12 on upouusi malli suoraan n\u00e4yttelyst\u00e4. T-12 on Tre Spaden kompakti ja t\u00e4ysautomaattinen tyhji\u00f6pakkauslaite, jossa on puhdas ja minimalistinen muotoilu. Ihanteellinen kotikeitti\u00f6ihin, matkailuautoihin tai veneisiin. Se toimii 12 V:n verkkovirralla, kuluttaa hyvin v\u00e4h\u00e4n virtaa ja on suunniteltu tarjoamaan vahvaa alipaineistustehoa (jopa 700 mbar) hienostuneessa ja minimalistisessa tyyliss\u00e4. Harjattu ruostumattomasta&#8230;<\/p>\n","protected":false},"featured_media":51130,"template":"","meta":{"_acf_changed":false},"product_brand":[],"product_cat":[1743,1745,2232],"product_tag":[],"class_list":{"0":"post-52526","1":"product","2":"type-product","3":"status-publish","4":"has-post-thumbnail","6":"product_cat-lisalahjat-lahjat","7":"product_cat-suuri-varaston-tyhjennysmyynti","8":"product_cat-tyhjiopakkaajat","9":"product_shipping_class-toimitus-1-3-tyopaivan-kuluessa","11":"first","12":"instock","13":"sale","14":"taxable","15":"shipping-taxable","16":"purchasable","17":"product-type-simple"},"acf":[],"yoast_head":"<!-- This site is optimized with the Yoast SEO Premium plugin v27.3 (Yoast SEO v27.3) - https:\/\/yoast.com\/product\/yoast-seo-premium-wordpress\/ -->\n<title>Vakuumipakkaaja T-12 kannettava malli - UUTUUS! KOKEILUHINTA! -% Rodoaed<\/title>\n<meta name=\"description\" content=\"Takaje-tyhji\u00f6pakkauksen avulla voit s\u00e4ilytt\u00e4\u00e4 erilaisia tuoreita elintarvikkeita jopa kolme kertaa pidemp\u00e4\u00e4n kuin pit\u00e4m\u00e4ll\u00e4 niit\u00e4 avoinna j\u00e4\u00e4kaapissa.\" \/>\n<meta name=\"robots\" content=\"index, follow, max-snippet:-1, max-image-preview:large, max-video-preview:-1\" \/>\n<link rel=\"canonical\" href=\"https:\/\/rodoaed.ee\/fi\/tuote\/vakuumipakkaaja-t-12-kannettava-malli-uutuus-kokeiluhinta\/\" \/>\n<meta property=\"og:locale\" content=\"fi_FI\" \/>\n<meta property=\"og:type\" content=\"article\" \/>\n<meta property=\"og:title\" content=\"Vakuumipakkaaja T-12 kannettava malli - UUTUUS! KOKEILUHINTA!\" \/>\n<meta property=\"og:description\" content=\"Takaje-tyhji\u00f6pakkauksen avulla voit s\u00e4ilytt\u00e4\u00e4 erilaisia tuoreita elintarvikkeita jopa kolme kertaa pidemp\u00e4\u00e4n kuin pit\u00e4m\u00e4ll\u00e4 niit\u00e4 avoinna j\u00e4\u00e4kaapissa.\" \/>\n<meta property=\"og:url\" content=\"https:\/\/rodoaed.ee\/fi\/tuote\/vakuumipakkaaja-t-12-kannettava-malli-uutuus-kokeiluhinta\/\" \/>\n<meta property=\"og:site_name\" content=\"Rodoaed\" \/>\n<meta property=\"article:publisher\" content=\"https:\/\/www.facebook.com\/kasvuhooned\/\" \/>\n<meta property=\"article:modified_time\" content=\"2026-04-17T07:19:53+00:00\" \/>\n<meta property=\"og:image\" content=\"https:\/\/rodoaed.ee\/wp-content\/uploads\/2025\/10\/vaakumpakendaja_T-12_1.png\" \/>\n\t<meta property=\"og:image:width\" content=\"1060\" \/>\n\t<meta property=\"og:image:height\" content=\"670\" \/>\n\t<meta property=\"og:image:type\" content=\"image\/png\" \/>\n<meta name=\"twitter:card\" content=\"summary_large_image\" \/>\n<meta name=\"twitter:label1\" content=\"Arvioitu lukuaika\" \/>\n\t<meta name=\"twitter:data1\" content=\"1 minuutti\" \/>\n<script type=\"application\/ld+json\" class=\"yoast-schema-graph\">{\"@context\":\"https:\\\/\\\/schema.org\",\"@graph\":[{\"@type\":\"WebPage\",\"@id\":\"https:\\\/\\\/rodoaed.ee\\\/fi\\\/tuote\\\/vakuumipakkaaja-t-12-kannettava-malli-uutuus-kokeiluhinta\\\/\",\"url\":\"https:\\\/\\\/rodoaed.ee\\\/fi\\\/tuote\\\/vakuumipakkaaja-t-12-kannettava-malli-uutuus-kokeiluhinta\\\/\",\"name\":\"Vakuumipakkaaja T-12 kannettava malli - UUTUUS! KOKEILUHINTA! -% Rodoaed\",\"isPartOf\":{\"@id\":\"https:\\\/\\\/rodoaed.ee\\\/#website\"},\"primaryImageOfPage\":{\"@id\":\"https:\\\/\\\/rodoaed.ee\\\/fi\\\/tuote\\\/vakuumipakkaaja-t-12-kannettava-malli-uutuus-kokeiluhinta\\\/#primaryimage\"},\"image\":{\"@id\":\"https:\\\/\\\/rodoaed.ee\\\/fi\\\/tuote\\\/vakuumipakkaaja-t-12-kannettava-malli-uutuus-kokeiluhinta\\\/#primaryimage\"},\"thumbnailUrl\":\"https:\\\/\\\/rodoaed.ee\\\/wp-content\\\/uploads\\\/2025\\\/10\\\/vaakumpakendaja_T-12_1.png\",\"datePublished\":\"2025-10-09T07:20:50+00:00\",\"dateModified\":\"2026-04-17T07:19:53+00:00\",\"description\":\"Takaje-tyhji\u00f6pakkauksen avulla voit s\u00e4ilytt\u00e4\u00e4 erilaisia tuoreita elintarvikkeita jopa kolme kertaa pidemp\u00e4\u00e4n kuin pit\u00e4m\u00e4ll\u00e4 niit\u00e4 avoinna j\u00e4\u00e4kaapissa.\",\"breadcrumb\":{\"@id\":\"https:\\\/\\\/rodoaed.ee\\\/fi\\\/tuote\\\/vakuumipakkaaja-t-12-kannettava-malli-uutuus-kokeiluhinta\\\/#breadcrumb\"},\"inLanguage\":\"fi\",\"potentialAction\":[{\"@type\":\"ReadAction\",\"target\":[\"https:\\\/\\\/rodoaed.ee\\\/fi\\\/tuote\\\/vakuumipakkaaja-t-12-kannettava-malli-uutuus-kokeiluhinta\\\/\"]}]},{\"@type\":\"ImageObject\",\"inLanguage\":\"fi\",\"@id\":\"https:\\\/\\\/rodoaed.ee\\\/fi\\\/tuote\\\/vakuumipakkaaja-t-12-kannettava-malli-uutuus-kokeiluhinta\\\/#primaryimage\",\"url\":\"https:\\\/\\\/rodoaed.ee\\\/wp-content\\\/uploads\\\/2025\\\/10\\\/vaakumpakendaja_T-12_1.png\",\"contentUrl\":\"https:\\\/\\\/rodoaed.ee\\\/wp-content\\\/uploads\\\/2025\\\/10\\\/vaakumpakendaja_T-12_1.png\",\"width\":1060,\"height\":670},{\"@type\":\"BreadcrumbList\",\"@id\":\"https:\\\/\\\/rodoaed.ee\\\/fi\\\/tuote\\\/vakuumipakkaaja-t-12-kannettava-malli-uutuus-kokeiluhinta\\\/#breadcrumb\",\"itemListElement\":[{\"@type\":\"ListItem\",\"position\":1,\"name\":\"Home\",\"item\":\"https:\\\/\\\/rodoaed.ee\\\/fi\\\/\"},{\"@type\":\"ListItem\",\"position\":2,\"name\":\"Osta osoitteessa\",\"item\":\"https:\\\/\\\/rodoaed.ee\\\/osta-osoitteessa\\\/\"},{\"@type\":\"ListItem\",\"position\":3,\"name\":\"Vakuumipakkaaja T-12 kannettava malli &#8211; UUTUUS! KOKEILUHINTA!\"}]},{\"@type\":\"WebSite\",\"@id\":\"https:\\\/\\\/rodoaed.ee\\\/#website\",\"url\":\"https:\\\/\\\/rodoaed.ee\\\/\",\"name\":\"Rodoaed\",\"description\":\"\",\"publisher\":{\"@id\":\"https:\\\/\\\/rodoaed.ee\\\/#organization\"},\"potentialAction\":[{\"@type\":\"SearchAction\",\"target\":{\"@type\":\"EntryPoint\",\"urlTemplate\":\"https:\\\/\\\/rodoaed.ee\\\/?s={search_term_string}\"},\"query-input\":{\"@type\":\"PropertyValueSpecification\",\"valueRequired\":true,\"valueName\":\"search_term_string\"}}],\"inLanguage\":\"fi\"},{\"@type\":\"Organization\",\"@id\":\"https:\\\/\\\/rodoaed.ee\\\/#organization\",\"name\":\"Rodoaed\",\"url\":\"https:\\\/\\\/rodoaed.ee\\\/\",\"logo\":{\"@type\":\"ImageObject\",\"inLanguage\":\"fi\",\"@id\":\"https:\\\/\\\/rodoaed.ee\\\/#\\\/schema\\\/logo\\\/image\\\/\",\"url\":\"https:\\\/\\\/rodoaed.ee\\\/wp-content\\\/uploads\\\/2019\\\/11\\\/rodoaed-logo-ilma-taustata.jpg\",\"contentUrl\":\"https:\\\/\\\/rodoaed.ee\\\/wp-content\\\/uploads\\\/2019\\\/11\\\/rodoaed-logo-ilma-taustata.jpg\",\"width\":769,\"height\":268,\"caption\":\"Rodoaed\"},\"image\":{\"@id\":\"https:\\\/\\\/rodoaed.ee\\\/#\\\/schema\\\/logo\\\/image\\\/\"},\"sameAs\":[\"https:\\\/\\\/www.facebook.com\\\/kasvuhooned\\\/\",\"https:\\\/\\\/rodoaed.ee\"]}]}<\/script>\n<!-- \/ Yoast SEO Premium plugin. -->","yoast_head_json":{"title":"Vakuumipakkaaja T-12 kannettava malli - UUTUUS! KOKEILUHINTA! -% Rodoaed","description":"Takaje-tyhji\u00f6pakkauksen avulla voit s\u00e4ilytt\u00e4\u00e4 erilaisia tuoreita elintarvikkeita jopa kolme kertaa pidemp\u00e4\u00e4n kuin pit\u00e4m\u00e4ll\u00e4 niit\u00e4 avoinna j\u00e4\u00e4kaapissa.","robots":{"index":"index","follow":"follow","max-snippet":"max-snippet:-1","max-image-preview":"max-image-preview:large","max-video-preview":"max-video-preview:-1"},"canonical":"https:\/\/rodoaed.ee\/fi\/tuote\/vakuumipakkaaja-t-12-kannettava-malli-uutuus-kokeiluhinta\/","og_locale":"fi_FI","og_type":"article","og_title":"Vakuumipakkaaja T-12 kannettava malli - UUTUUS! KOKEILUHINTA!","og_description":"Takaje-tyhji\u00f6pakkauksen avulla voit s\u00e4ilytt\u00e4\u00e4 erilaisia tuoreita elintarvikkeita jopa kolme kertaa pidemp\u00e4\u00e4n kuin pit\u00e4m\u00e4ll\u00e4 niit\u00e4 avoinna j\u00e4\u00e4kaapissa.","og_url":"https:\/\/rodoaed.ee\/fi\/tuote\/vakuumipakkaaja-t-12-kannettava-malli-uutuus-kokeiluhinta\/","og_site_name":"Rodoaed","article_publisher":"https:\/\/www.facebook.com\/kasvuhooned\/","article_modified_time":"2026-04-17T07:19:53+00:00","og_image":[{"width":1060,"height":670,"url":"https:\/\/rodoaed.ee\/wp-content\/uploads\/2025\/10\/vaakumpakendaja_T-12_1.png","type":"image\/png"}],"twitter_card":"summary_large_image","twitter_misc":{"Arvioitu lukuaika":"1 minuutti"},"schema":{"@context":"https:\/\/schema.org","@graph":[{"@type":"WebPage","@id":"https:\/\/rodoaed.ee\/fi\/tuote\/vakuumipakkaaja-t-12-kannettava-malli-uutuus-kokeiluhinta\/","url":"https:\/\/rodoaed.ee\/fi\/tuote\/vakuumipakkaaja-t-12-kannettava-malli-uutuus-kokeiluhinta\/","name":"Vakuumipakkaaja T-12 kannettava malli - UUTUUS! KOKEILUHINTA! -% Rodoaed","isPartOf":{"@id":"https:\/\/rodoaed.ee\/#website"},"primaryImageOfPage":{"@id":"https:\/\/rodoaed.ee\/fi\/tuote\/vakuumipakkaaja-t-12-kannettava-malli-uutuus-kokeiluhinta\/#primaryimage"},"image":{"@id":"https:\/\/rodoaed.ee\/fi\/tuote\/vakuumipakkaaja-t-12-kannettava-malli-uutuus-kokeiluhinta\/#primaryimage"},"thumbnailUrl":"https:\/\/rodoaed.ee\/wp-content\/uploads\/2025\/10\/vaakumpakendaja_T-12_1.png","datePublished":"2025-10-09T07:20:50+00:00","dateModified":"2026-04-17T07:19:53+00:00","description":"Takaje-tyhji\u00f6pakkauksen avulla voit s\u00e4ilytt\u00e4\u00e4 erilaisia tuoreita elintarvikkeita jopa kolme kertaa pidemp\u00e4\u00e4n kuin pit\u00e4m\u00e4ll\u00e4 niit\u00e4 avoinna j\u00e4\u00e4kaapissa.","breadcrumb":{"@id":"https:\/\/rodoaed.ee\/fi\/tuote\/vakuumipakkaaja-t-12-kannettava-malli-uutuus-kokeiluhinta\/#breadcrumb"},"inLanguage":"fi","potentialAction":[{"@type":"ReadAction","target":["https:\/\/rodoaed.ee\/fi\/tuote\/vakuumipakkaaja-t-12-kannettava-malli-uutuus-kokeiluhinta\/"]}]},{"@type":"ImageObject","inLanguage":"fi","@id":"https:\/\/rodoaed.ee\/fi\/tuote\/vakuumipakkaaja-t-12-kannettava-malli-uutuus-kokeiluhinta\/#primaryimage","url":"https:\/\/rodoaed.ee\/wp-content\/uploads\/2025\/10\/vaakumpakendaja_T-12_1.png","contentUrl":"https:\/\/rodoaed.ee\/wp-content\/uploads\/2025\/10\/vaakumpakendaja_T-12_1.png","width":1060,"height":670},{"@type":"BreadcrumbList","@id":"https:\/\/rodoaed.ee\/fi\/tuote\/vakuumipakkaaja-t-12-kannettava-malli-uutuus-kokeiluhinta\/#breadcrumb","itemListElement":[{"@type":"ListItem","position":1,"name":"Home","item":"https:\/\/rodoaed.ee\/fi\/"},{"@type":"ListItem","position":2,"name":"Osta osoitteessa","item":"https:\/\/rodoaed.ee\/osta-osoitteessa\/"},{"@type":"ListItem","position":3,"name":"Vakuumipakkaaja T-12 kannettava malli &#8211; UUTUUS! KOKEILUHINTA!"}]},{"@type":"WebSite","@id":"https:\/\/rodoaed.ee\/#website","url":"https:\/\/rodoaed.ee\/","name":"Rodoaed","description":"","publisher":{"@id":"https:\/\/rodoaed.ee\/#organization"},"potentialAction":[{"@type":"SearchAction","target":{"@type":"EntryPoint","urlTemplate":"https:\/\/rodoaed.ee\/?s={search_term_string}"},"query-input":{"@type":"PropertyValueSpecification","valueRequired":true,"valueName":"search_term_string"}}],"inLanguage":"fi"},{"@type":"Organization","@id":"https:\/\/rodoaed.ee\/#organization","name":"Rodoaed","url":"https:\/\/rodoaed.ee\/","logo":{"@type":"ImageObject","inLanguage":"fi","@id":"https:\/\/rodoaed.ee\/#\/schema\/logo\/image\/","url":"https:\/\/rodoaed.ee\/wp-content\/uploads\/2019\/11\/rodoaed-logo-ilma-taustata.jpg","contentUrl":"https:\/\/rodoaed.ee\/wp-content\/uploads\/2019\/11\/rodoaed-logo-ilma-taustata.jpg","width":769,"height":268,"caption":"Rodoaed"},"image":{"@id":"https:\/\/rodoaed.ee\/#\/schema\/logo\/image\/"},"sameAs":["https:\/\/www.facebook.com\/kasvuhooned\/","https:\/\/rodoaed.ee"]}]}},"_links":{"self":[{"href":"https:\/\/rodoaed.ee\/fi\/wp-json\/wp\/v2\/product\/52526","targetHints":{"allow":["GET"]}}],"collection":[{"href":"https:\/\/rodoaed.ee\/fi\/wp-json\/wp\/v2\/product"}],"about":[{"href":"https:\/\/rodoaed.ee\/fi\/wp-json\/wp\/v2\/types\/product"}],"wp:featuredmedia":[{"embeddable":true,"href":"https:\/\/rodoaed.ee\/fi\/wp-json\/wp\/v2\/media\/51130"}],"wp:attachment":[{"href":"https:\/\/rodoaed.ee\/fi\/wp-json\/wp\/v2\/media?parent=52526"}],"wp:term":[{"taxonomy":"product_brand","embeddable":true,"href":"https:\/\/rodoaed.ee\/fi\/wp-json\/wp\/v2\/product_brand?post=52526"},{"taxonomy":"product_cat","embeddable":true,"href":"https:\/\/rodoaed.ee\/fi\/wp-json\/wp\/v2\/product_cat?post=52526"},{"taxonomy":"product_tag","embeddable":true,"href":"https:\/\/rodoaed.ee\/fi\/wp-json\/wp\/v2\/product_tag?post=52526"}],"curies":[{"name":"wp","href":"https:\/\/api.w.org\/{rel}","templated":true}]}}