{"id":52588,"date":"2026-02-06T10:48:29","date_gmt":"2026-02-06T08:48:29","guid":{"rendered":"https:\/\/rodoaed.ee\/toode\/yleissekoitin-taikinasekoitin-dm-10l\/"},"modified":"2026-04-17T10:17:02","modified_gmt":"2026-04-17T07:17:02","slug":"yleissekoitin-taikinasekoitin-dm-10l","status":"publish","type":"product","link":"https:\/\/rodoaed.ee\/fi\/tuote\/yleissekoitin-taikinasekoitin-dm-10l\/","title":{"rendered":"Yleissekoitin, taikinasekoitin DM-10L"},"content":{"rendered":"<p><strong>Yleisk\u00e4ytt\u00f6inen sekoitin on t\u00e4ydellinen ratkaisu leip\u00e4taikinan, pizzataikinan, leivonnaistaikinan ja muiden taikinoiden sekoittamiseen.<\/strong><\/p>\n<h2>T\u00e4rkeimm\u00e4t ominaisuudet:<\/h2>\n<ul>\n<li>Sekoitusspiraali tai sekoitusmela, s\u00e4ili\u00f6, suojaseula ja keskikansi ovat kaikki ruostumatonta ter\u00e4st\u00e4.<\/li>\n<li>Runko on maalattua ter\u00e4slevy\u00e4<\/li>\n<li><span style=\"line-height: 1;\">Kest\u00e4v\u00e4 muotoilu sopii intensiiviseen ammattik\u00e4ytt\u00f6\u00f6n<\/span><\/li>\n<li><span style=\"line-height: 1;\">Helppo k\u00e4ytt\u00e4\u00e4 ja puhdistaa<\/span><\/li>\n<li>Sekoittaa suuria taikinam\u00e4\u00e4ri\u00e4 tasaisesti<\/li>\n<li>Kolme nopeusasetusta optimaalista s\u00e4\u00e4t\u00f6\u00e4 varten<\/li>\n<li>Kompakti ja vakaa<\/li>\n<li>Ty\u00f6p\u00f6yt\u00e4k\u00e4ytt\u00f6<\/li>\n<\/ul>\n<h2>Tekniset tiedot:<\/h2>\n<ul>\n<li>Moottorin teho: 650 W<\/li>\n<li>py\u00f6rimisnopeus 160 rpm<\/li>\n<li>S\u00e4ili\u00f6n tilavuus: 10 L<\/li>\n<li>Taikinan enimm\u00e4ispaino: 4 kg<\/li>\n<li>Paino: 63 kg<\/li>\n<li>Mitat: 32 x 62 x 52 cm<\/li>\n<\/ul>\n","protected":false},"excerpt":{"rendered":"<p>Yleisk\u00e4ytt\u00f6inen sekoitin on t\u00e4ydellinen ratkaisu leip\u00e4taikinan, pizzataikinan, leivonnaistaikinan ja muiden taikinoiden sekoittamiseen. T\u00e4rkeimm\u00e4t ominaisuudet: Sekoitusspiraali tai sekoitusmela, s\u00e4ili\u00f6, suojaseula ja keskikansi ovat kaikki ruostumatonta ter\u00e4st\u00e4. Runko on maalattua ter\u00e4slevy\u00e4 Kest\u00e4v\u00e4 muotoilu sopii intensiiviseen ammattik\u00e4ytt\u00f6\u00f6n Helppo k\u00e4ytt\u00e4\u00e4 ja puhdistaa Sekoittaa suuria taikinam\u00e4\u00e4ri\u00e4 tasaisesti Kolme nopeusasetusta optimaalista s\u00e4\u00e4t\u00f6\u00e4 varten Kompakti ja vakaa Ty\u00f6p\u00f6yt\u00e4k\u00e4ytt\u00f6 Tekniset tiedot: Moottorin teho: 650 W py\u00f6rimisnopeus 160 rpm S\u00e4ili\u00f6n tilavuus: 10 L Taikinan&#8230;<\/p>\n","protected":false},"featured_media":51697,"template":"","meta":{"_acf_changed":false},"product_brand":[],"product_cat":[1751,1754],"product_tag":[],"class_list":{"0":"post-52588","1":"product","2":"type-product","3":"status-publish","4":"has-post-thumbnail","6":"product_cat-keittiolaitteet","7":"product_cat-yleissekoittimet","8":"product_shipping_class-kuljetus-ainoastaan-kuriiripalvelun-valityksella","9":"pa_variatsioon-yleissekoitin-skm-10","11":"first","12":"onbackorder","13":"sale","14":"taxable","15":"shipping-taxable","16":"purchasable","17":"product-type-simple"},"acf":[],"yoast_head":"<!-- This site is optimized with the Yoast SEO Premium plugin v27.3 (Yoast SEO v27.3) - https:\/\/yoast.com\/product\/yoast-seo-premium-wordpress\/ -->\n<title>Yleissekoitin, taikinasekoitin DM-10L - Rodoaed<\/title>\n<meta name=\"robots\" content=\"index, follow, max-snippet:-1, max-image-preview:large, max-video-preview:-1\" \/>\n<link rel=\"canonical\" href=\"https:\/\/rodoaed.ee\/fi\/tuote\/yleissekoitin-taikinasekoitin-dm-10l\/\" \/>\n<meta property=\"og:locale\" content=\"fi_FI\" \/>\n<meta property=\"og:type\" content=\"article\" \/>\n<meta property=\"og:title\" content=\"Yleissekoitin, taikinasekoitin DM-10L\" \/>\n<meta property=\"og:description\" content=\"Yleisk\u00e4ytt\u00f6inen sekoitin on t\u00e4ydellinen ratkaisu leip\u00e4taikinan, pizzataikinan, leivonnaistaikinan ja muiden taikinoiden sekoittamiseen. T\u00e4rkeimm\u00e4t\" \/>\n<meta property=\"og:url\" content=\"https:\/\/rodoaed.ee\/fi\/tuote\/yleissekoitin-taikinasekoitin-dm-10l\/\" \/>\n<meta property=\"og:site_name\" content=\"Rodoaed\" \/>\n<meta property=\"article:publisher\" content=\"https:\/\/www.facebook.com\/kasvuhooned\/\" \/>\n<meta property=\"article:modified_time\" content=\"2026-04-17T07:17:02+00:00\" \/>\n<meta property=\"og:image\" content=\"https:\/\/rodoaed.ee\/wp-content\/uploads\/2026\/02\/Universaalmikser_1.jpeg\" \/>\n\t<meta property=\"og:image:width\" content=\"1024\" \/>\n\t<meta property=\"og:image:height\" content=\"1008\" \/>\n\t<meta property=\"og:image:type\" content=\"image\/jpeg\" \/>\n<meta name=\"twitter:card\" content=\"summary_large_image\" \/>\n<script type=\"application\/ld+json\" class=\"yoast-schema-graph\">{\"@context\":\"https:\\\/\\\/schema.org\",\"@graph\":[{\"@type\":\"WebPage\",\"@id\":\"https:\\\/\\\/rodoaed.ee\\\/fi\\\/tuote\\\/yleissekoitin-taikinasekoitin-dm-10l\\\/\",\"url\":\"https:\\\/\\\/rodoaed.ee\\\/fi\\\/tuote\\\/yleissekoitin-taikinasekoitin-dm-10l\\\/\",\"name\":\"Yleissekoitin, taikinasekoitin DM-10L - Rodoaed\",\"isPartOf\":{\"@id\":\"https:\\\/\\\/rodoaed.ee\\\/#website\"},\"primaryImageOfPage\":{\"@id\":\"https:\\\/\\\/rodoaed.ee\\\/fi\\\/tuote\\\/yleissekoitin-taikinasekoitin-dm-10l\\\/#primaryimage\"},\"image\":{\"@id\":\"https:\\\/\\\/rodoaed.ee\\\/fi\\\/tuote\\\/yleissekoitin-taikinasekoitin-dm-10l\\\/#primaryimage\"},\"thumbnailUrl\":\"https:\\\/\\\/rodoaed.ee\\\/wp-content\\\/uploads\\\/2026\\\/02\\\/Universaalmikser_1.jpeg\",\"datePublished\":\"2026-02-06T08:48:29+00:00\",\"dateModified\":\"2026-04-17T07:17:02+00:00\",\"breadcrumb\":{\"@id\":\"https:\\\/\\\/rodoaed.ee\\\/fi\\\/tuote\\\/yleissekoitin-taikinasekoitin-dm-10l\\\/#breadcrumb\"},\"inLanguage\":\"fi\",\"potentialAction\":[{\"@type\":\"ReadAction\",\"target\":[\"https:\\\/\\\/rodoaed.ee\\\/fi\\\/tuote\\\/yleissekoitin-taikinasekoitin-dm-10l\\\/\"]}]},{\"@type\":\"ImageObject\",\"inLanguage\":\"fi\",\"@id\":\"https:\\\/\\\/rodoaed.ee\\\/fi\\\/tuote\\\/yleissekoitin-taikinasekoitin-dm-10l\\\/#primaryimage\",\"url\":\"https:\\\/\\\/rodoaed.ee\\\/wp-content\\\/uploads\\\/2026\\\/02\\\/Universaalmikser_1.jpeg\",\"contentUrl\":\"https:\\\/\\\/rodoaed.ee\\\/wp-content\\\/uploads\\\/2026\\\/02\\\/Universaalmikser_1.jpeg\",\"width\":1024,\"height\":1008},{\"@type\":\"BreadcrumbList\",\"@id\":\"https:\\\/\\\/rodoaed.ee\\\/fi\\\/tuote\\\/yleissekoitin-taikinasekoitin-dm-10l\\\/#breadcrumb\",\"itemListElement\":[{\"@type\":\"ListItem\",\"position\":1,\"name\":\"Home\",\"item\":\"https:\\\/\\\/rodoaed.ee\\\/fi\\\/\"},{\"@type\":\"ListItem\",\"position\":2,\"name\":\"Osta osoitteessa\",\"item\":\"https:\\\/\\\/rodoaed.ee\\\/osta-osoitteessa\\\/\"},{\"@type\":\"ListItem\",\"position\":3,\"name\":\"Yleissekoitin, taikinasekoitin DM-10L\"}]},{\"@type\":\"WebSite\",\"@id\":\"https:\\\/\\\/rodoaed.ee\\\/#website\",\"url\":\"https:\\\/\\\/rodoaed.ee\\\/\",\"name\":\"Rodoaed\",\"description\":\"\",\"publisher\":{\"@id\":\"https:\\\/\\\/rodoaed.ee\\\/#organization\"},\"potentialAction\":[{\"@type\":\"SearchAction\",\"target\":{\"@type\":\"EntryPoint\",\"urlTemplate\":\"https:\\\/\\\/rodoaed.ee\\\/?s={search_term_string}\"},\"query-input\":{\"@type\":\"PropertyValueSpecification\",\"valueRequired\":true,\"valueName\":\"search_term_string\"}}],\"inLanguage\":\"fi\"},{\"@type\":\"Organization\",\"@id\":\"https:\\\/\\\/rodoaed.ee\\\/#organization\",\"name\":\"Rodoaed\",\"url\":\"https:\\\/\\\/rodoaed.ee\\\/\",\"logo\":{\"@type\":\"ImageObject\",\"inLanguage\":\"fi\",\"@id\":\"https:\\\/\\\/rodoaed.ee\\\/#\\\/schema\\\/logo\\\/image\\\/\",\"url\":\"https:\\\/\\\/rodoaed.ee\\\/wp-content\\\/uploads\\\/2019\\\/11\\\/rodoaed-logo-ilma-taustata.jpg\",\"contentUrl\":\"https:\\\/\\\/rodoaed.ee\\\/wp-content\\\/uploads\\\/2019\\\/11\\\/rodoaed-logo-ilma-taustata.jpg\",\"width\":769,\"height\":268,\"caption\":\"Rodoaed\"},\"image\":{\"@id\":\"https:\\\/\\\/rodoaed.ee\\\/#\\\/schema\\\/logo\\\/image\\\/\"},\"sameAs\":[\"https:\\\/\\\/www.facebook.com\\\/kasvuhooned\\\/\",\"https:\\\/\\\/rodoaed.ee\"]}]}<\/script>\n<!-- \/ Yoast SEO Premium plugin. -->","yoast_head_json":{"title":"Yleissekoitin, taikinasekoitin DM-10L - Rodoaed","robots":{"index":"index","follow":"follow","max-snippet":"max-snippet:-1","max-image-preview":"max-image-preview:large","max-video-preview":"max-video-preview:-1"},"canonical":"https:\/\/rodoaed.ee\/fi\/tuote\/yleissekoitin-taikinasekoitin-dm-10l\/","og_locale":"fi_FI","og_type":"article","og_title":"Yleissekoitin, taikinasekoitin DM-10L","og_description":"Yleisk\u00e4ytt\u00f6inen sekoitin on t\u00e4ydellinen ratkaisu leip\u00e4taikinan, pizzataikinan, leivonnaistaikinan ja muiden taikinoiden sekoittamiseen. T\u00e4rkeimm\u00e4t","og_url":"https:\/\/rodoaed.ee\/fi\/tuote\/yleissekoitin-taikinasekoitin-dm-10l\/","og_site_name":"Rodoaed","article_publisher":"https:\/\/www.facebook.com\/kasvuhooned\/","article_modified_time":"2026-04-17T07:17:02+00:00","og_image":[{"width":1024,"height":1008,"url":"https:\/\/rodoaed.ee\/wp-content\/uploads\/2026\/02\/Universaalmikser_1.jpeg","type":"image\/jpeg"}],"twitter_card":"summary_large_image","schema":{"@context":"https:\/\/schema.org","@graph":[{"@type":"WebPage","@id":"https:\/\/rodoaed.ee\/fi\/tuote\/yleissekoitin-taikinasekoitin-dm-10l\/","url":"https:\/\/rodoaed.ee\/fi\/tuote\/yleissekoitin-taikinasekoitin-dm-10l\/","name":"Yleissekoitin, taikinasekoitin DM-10L - Rodoaed","isPartOf":{"@id":"https:\/\/rodoaed.ee\/#website"},"primaryImageOfPage":{"@id":"https:\/\/rodoaed.ee\/fi\/tuote\/yleissekoitin-taikinasekoitin-dm-10l\/#primaryimage"},"image":{"@id":"https:\/\/rodoaed.ee\/fi\/tuote\/yleissekoitin-taikinasekoitin-dm-10l\/#primaryimage"},"thumbnailUrl":"https:\/\/rodoaed.ee\/wp-content\/uploads\/2026\/02\/Universaalmikser_1.jpeg","datePublished":"2026-02-06T08:48:29+00:00","dateModified":"2026-04-17T07:17:02+00:00","breadcrumb":{"@id":"https:\/\/rodoaed.ee\/fi\/tuote\/yleissekoitin-taikinasekoitin-dm-10l\/#breadcrumb"},"inLanguage":"fi","potentialAction":[{"@type":"ReadAction","target":["https:\/\/rodoaed.ee\/fi\/tuote\/yleissekoitin-taikinasekoitin-dm-10l\/"]}]},{"@type":"ImageObject","inLanguage":"fi","@id":"https:\/\/rodoaed.ee\/fi\/tuote\/yleissekoitin-taikinasekoitin-dm-10l\/#primaryimage","url":"https:\/\/rodoaed.ee\/wp-content\/uploads\/2026\/02\/Universaalmikser_1.jpeg","contentUrl":"https:\/\/rodoaed.ee\/wp-content\/uploads\/2026\/02\/Universaalmikser_1.jpeg","width":1024,"height":1008},{"@type":"BreadcrumbList","@id":"https:\/\/rodoaed.ee\/fi\/tuote\/yleissekoitin-taikinasekoitin-dm-10l\/#breadcrumb","itemListElement":[{"@type":"ListItem","position":1,"name":"Home","item":"https:\/\/rodoaed.ee\/fi\/"},{"@type":"ListItem","position":2,"name":"Osta osoitteessa","item":"https:\/\/rodoaed.ee\/osta-osoitteessa\/"},{"@type":"ListItem","position":3,"name":"Yleissekoitin, taikinasekoitin DM-10L"}]},{"@type":"WebSite","@id":"https:\/\/rodoaed.ee\/#website","url":"https:\/\/rodoaed.ee\/","name":"Rodoaed","description":"","publisher":{"@id":"https:\/\/rodoaed.ee\/#organization"},"potentialAction":[{"@type":"SearchAction","target":{"@type":"EntryPoint","urlTemplate":"https:\/\/rodoaed.ee\/?s={search_term_string}"},"query-input":{"@type":"PropertyValueSpecification","valueRequired":true,"valueName":"search_term_string"}}],"inLanguage":"fi"},{"@type":"Organization","@id":"https:\/\/rodoaed.ee\/#organization","name":"Rodoaed","url":"https:\/\/rodoaed.ee\/","logo":{"@type":"ImageObject","inLanguage":"fi","@id":"https:\/\/rodoaed.ee\/#\/schema\/logo\/image\/","url":"https:\/\/rodoaed.ee\/wp-content\/uploads\/2019\/11\/rodoaed-logo-ilma-taustata.jpg","contentUrl":"https:\/\/rodoaed.ee\/wp-content\/uploads\/2019\/11\/rodoaed-logo-ilma-taustata.jpg","width":769,"height":268,"caption":"Rodoaed"},"image":{"@id":"https:\/\/rodoaed.ee\/#\/schema\/logo\/image\/"},"sameAs":["https:\/\/www.facebook.com\/kasvuhooned\/","https:\/\/rodoaed.ee"]}]}},"_links":{"self":[{"href":"https:\/\/rodoaed.ee\/fi\/wp-json\/wp\/v2\/product\/52588","targetHints":{"allow":["GET"]}}],"collection":[{"href":"https:\/\/rodoaed.ee\/fi\/wp-json\/wp\/v2\/product"}],"about":[{"href":"https:\/\/rodoaed.ee\/fi\/wp-json\/wp\/v2\/types\/product"}],"wp:featuredmedia":[{"embeddable":true,"href":"https:\/\/rodoaed.ee\/fi\/wp-json\/wp\/v2\/media\/51697"}],"wp:attachment":[{"href":"https:\/\/rodoaed.ee\/fi\/wp-json\/wp\/v2\/media?parent=52588"}],"wp:term":[{"taxonomy":"product_brand","embeddable":true,"href":"https:\/\/rodoaed.ee\/fi\/wp-json\/wp\/v2\/product_brand?post=52588"},{"taxonomy":"product_cat","embeddable":true,"href":"https:\/\/rodoaed.ee\/fi\/wp-json\/wp\/v2\/product_cat?post=52588"},{"taxonomy":"product_tag","embeddable":true,"href":"https:\/\/rodoaed.ee\/fi\/wp-json\/wp\/v2\/product_tag?post=52588"}],"curies":[{"name":"wp","href":"https:\/\/api.w.org\/{rel}","templated":true}]}}