{"id":52590,"date":"2026-04-10T12:41:51","date_gmt":"2026-04-10T09:41:51","guid":{"rendered":"https:\/\/rodoaed.ee\/toode\/hapettumiskansi-pieni-1kpl-pronssi\/"},"modified":"2026-04-17T10:17:23","modified_gmt":"2026-04-17T07:17:23","slug":"hapettumiskansi-pieni-1kpl-pronssi","status":"publish","type":"product","link":"https:\/\/rodoaed.ee\/fi\/tuote\/hapettumiskansi-pieni-1kpl-pronssi\/","title":{"rendered":"Happamoitussarja &#8211; purkki + pieni kansi, 1 kpl pronssinen"},"content":{"rendered":"<p><strong>Happamoitussarja (fermentointi). Purkki + kansi, pieni &#8211; pronssin s\u00e4vyinen kansi 1 kpl. <\/strong><\/p>\n<p>Makuja, jotka kypsyv\u00e4t hitaasti kotona. Suuri k\u00e4ymisastia muuttaa tavallisen purkin paikaksi, jossa kypsyv\u00e4t rapeat suolakurkut, aromaattinen kimchi, mausteinen hapankaali ja hell\u00e4sti kuohuva limonadi. T\u00e4yt\u00e4 purkki, laita kansi kiinni ja anna luonnon tehd\u00e4 taikojaan.  <\/p>\n<p>Suuri versio on ihanteellinen kaikille, jotka haluavat fermentoida suuremmissa eriss\u00e4. Ihanteellinen perheen ruoanlaittoon tai jakamiseen yst\u00e4vien kanssa juhlissa. <\/p>\n<p><strong>Mit\u00e4 hapettaminen (k\u00e4yminen) on:<\/strong><br \/>\nHapettaminen on prosessi, jossa raaka-aineessa olevat orgaaniset aineet muunnetaan yksinkertaisemmiksi aineiksi mikro-organismien vaikutuksesta.<br \/>\nHapettaminen s\u00e4ilytt\u00e4\u00e4 elintarvikkeet tehokkaasti, pident\u00e4\u00e4 niiden s\u00e4ilyvyytt\u00e4 ja parantaa joidenkin elintarvikkeiden ainesosien sulavuutta. Hapatetut elintarvikkeet ovat elimist\u00f6llemme hy\u00f6dyllisten probioottien luonnollinen l\u00e4hde. <\/p>\n<p><strong>K\u00e4ymiskansi:<\/strong><br \/>\nSe sopii kotitekoisten k\u00e4ymistuotteiden valmistukseen. K\u00e4ymiseen soveltuvat erilaiset vihannekset, maitotuotteet (kefiiri, jogurtti) ja leip\u00e4taikina.<br \/>\nK\u00e4ymiskannessa on erikoisventtiili, joka vapauttaa hiilidioksidia purkista k\u00e4ymisprosessin aikana ja est\u00e4\u00e4 samalla ilman p\u00e4\u00e4syn purkkiin. Kannessa on my\u00f6s joustava painekorkki, joka pit\u00e4\u00e4 vihannekset nestepinnan alapuolella koko k\u00e4ymisprosessin ajan.  <\/p>\n<p><strong>Purkki: korkeus 15,7cm, halkaisija 9,5cm.<\/strong><\/p>\n","protected":false},"excerpt":{"rendered":"<p>Happamoitussarja (fermentointi). Purkki + kansi, pieni &#8211; pronssin s\u00e4vyinen kansi 1 kpl. Makuja, jotka kypsyv\u00e4t hitaasti kotona. Suuri k\u00e4ymisastia muuttaa tavallisen purkin paikaksi, jossa kypsyv\u00e4t rapeat suolakurkut, aromaattinen kimchi, mausteinen hapankaali ja hell\u00e4sti kuohuva limonadi. T\u00e4yt\u00e4 purkki, laita kansi kiinni ja anna luonnon tehd\u00e4 taikojaan. Suuri versio on ihanteellinen kaikille, jotka haluavat fermentoida suuremmissa eriss\u00e4. Ihanteellinen perheen ruoanlaittoon tai jakamiseen yst\u00e4vien kanssa juhlissa. Mit\u00e4 hapettaminen&#8230;<\/p>\n","protected":false},"featured_media":53860,"template":"","meta":{"_acf_changed":false},"product_brand":[],"product_cat":[1758],"product_tag":[],"class_list":{"0":"post-52590","1":"product","2":"type-product","3":"status-publish","4":"has-post-thumbnail","6":"product_cat-ruoan-varastointi","7":"product_shipping_class-toimitus-1-3-tyopaivan-kuluessa","8":"pa_variatsioon-superseeder-kylvokone-21","10":"first","11":"instock","12":"sale","13":"taxable","14":"shipping-taxable","15":"purchasable","16":"product-type-simple"},"acf":[],"yoast_head":"<!-- This site is optimized with the Yoast SEO Premium plugin v27.3 (Yoast SEO v27.3) - https:\/\/yoast.com\/product\/yoast-seo-premium-wordpress\/ -->\n<title>Happamoitussarja - purkki + pieni kansi, 1 kpl pronssinen - Rodoaed<\/title>\n<meta name=\"robots\" content=\"index, follow, max-snippet:-1, max-image-preview:large, max-video-preview:-1\" \/>\n<link rel=\"canonical\" href=\"https:\/\/rodoaed.ee\/fi\/tuote\/hapettumiskansi-pieni-1kpl-pronssi\/\" \/>\n<meta property=\"og:locale\" content=\"fi_FI\" \/>\n<meta property=\"og:type\" content=\"article\" \/>\n<meta property=\"og:title\" content=\"Happamoitussarja - purkki + pieni kansi, 1 kpl pronssinen\" \/>\n<meta property=\"og:description\" content=\"Happamoitussarja (fermentointi). Purkki + kansi, pieni - pronssin s\u00e4vyinen kansi 1 kpl. Makuja, jotka kypsyv\u00e4t hitaasti kotona. Suuri k\u00e4ymisastia muuttaa\" \/>\n<meta property=\"og:url\" content=\"https:\/\/rodoaed.ee\/fi\/tuote\/hapettumiskansi-pieni-1kpl-pronssi\/\" \/>\n<meta property=\"og:site_name\" content=\"Rodoaed\" \/>\n<meta property=\"article:publisher\" content=\"https:\/\/www.facebook.com\/kasvuhooned\/\" \/>\n<meta property=\"article:modified_time\" content=\"2026-04-17T07:17:23+00:00\" \/>\n<meta property=\"og:image\" content=\"https:\/\/rodoaed.ee\/wp-content\/uploads\/2026\/04\/088A0338.jpg\" \/>\n\t<meta property=\"og:image:width\" content=\"1400\" \/>\n\t<meta property=\"og:image:height\" content=\"1050\" \/>\n\t<meta property=\"og:image:type\" content=\"image\/jpeg\" \/>\n<meta name=\"twitter:card\" content=\"summary_large_image\" \/>\n<meta name=\"twitter:label1\" content=\"Arvioitu lukuaika\" \/>\n\t<meta name=\"twitter:data1\" content=\"1 minuutti\" \/>\n<script type=\"application\/ld+json\" class=\"yoast-schema-graph\">{\"@context\":\"https:\\\/\\\/schema.org\",\"@graph\":[{\"@type\":\"WebPage\",\"@id\":\"https:\\\/\\\/rodoaed.ee\\\/fi\\\/tuote\\\/hapettumiskansi-pieni-1kpl-pronssi\\\/\",\"url\":\"https:\\\/\\\/rodoaed.ee\\\/fi\\\/tuote\\\/hapettumiskansi-pieni-1kpl-pronssi\\\/\",\"name\":\"Happamoitussarja - purkki + pieni kansi, 1 kpl pronssinen - Rodoaed\",\"isPartOf\":{\"@id\":\"https:\\\/\\\/rodoaed.ee\\\/#website\"},\"primaryImageOfPage\":{\"@id\":\"https:\\\/\\\/rodoaed.ee\\\/fi\\\/tuote\\\/hapettumiskansi-pieni-1kpl-pronssi\\\/#primaryimage\"},\"image\":{\"@id\":\"https:\\\/\\\/rodoaed.ee\\\/fi\\\/tuote\\\/hapettumiskansi-pieni-1kpl-pronssi\\\/#primaryimage\"},\"thumbnailUrl\":\"https:\\\/\\\/rodoaed.ee\\\/wp-content\\\/uploads\\\/2026\\\/04\\\/088A0338.jpg\",\"datePublished\":\"2026-04-10T09:41:51+00:00\",\"dateModified\":\"2026-04-17T07:17:23+00:00\",\"breadcrumb\":{\"@id\":\"https:\\\/\\\/rodoaed.ee\\\/fi\\\/tuote\\\/hapettumiskansi-pieni-1kpl-pronssi\\\/#breadcrumb\"},\"inLanguage\":\"fi\",\"potentialAction\":[{\"@type\":\"ReadAction\",\"target\":[\"https:\\\/\\\/rodoaed.ee\\\/fi\\\/tuote\\\/hapettumiskansi-pieni-1kpl-pronssi\\\/\"]}]},{\"@type\":\"ImageObject\",\"inLanguage\":\"fi\",\"@id\":\"https:\\\/\\\/rodoaed.ee\\\/fi\\\/tuote\\\/hapettumiskansi-pieni-1kpl-pronssi\\\/#primaryimage\",\"url\":\"https:\\\/\\\/rodoaed.ee\\\/wp-content\\\/uploads\\\/2026\\\/04\\\/088A0338.jpg\",\"contentUrl\":\"https:\\\/\\\/rodoaed.ee\\\/wp-content\\\/uploads\\\/2026\\\/04\\\/088A0338.jpg\",\"width\":1400,\"height\":1050,\"caption\":\"hapetussarja\"},{\"@type\":\"BreadcrumbList\",\"@id\":\"https:\\\/\\\/rodoaed.ee\\\/fi\\\/tuote\\\/hapettumiskansi-pieni-1kpl-pronssi\\\/#breadcrumb\",\"itemListElement\":[{\"@type\":\"ListItem\",\"position\":1,\"name\":\"Home\",\"item\":\"https:\\\/\\\/rodoaed.ee\\\/fi\\\/\"},{\"@type\":\"ListItem\",\"position\":2,\"name\":\"Osta osoitteessa\",\"item\":\"https:\\\/\\\/rodoaed.ee\\\/osta-osoitteessa\\\/\"},{\"@type\":\"ListItem\",\"position\":3,\"name\":\"Happamoitussarja &#8211; purkki + pieni kansi, 1 kpl pronssinen\"}]},{\"@type\":\"WebSite\",\"@id\":\"https:\\\/\\\/rodoaed.ee\\\/#website\",\"url\":\"https:\\\/\\\/rodoaed.ee\\\/\",\"name\":\"Rodoaed\",\"description\":\"\",\"publisher\":{\"@id\":\"https:\\\/\\\/rodoaed.ee\\\/#organization\"},\"potentialAction\":[{\"@type\":\"SearchAction\",\"target\":{\"@type\":\"EntryPoint\",\"urlTemplate\":\"https:\\\/\\\/rodoaed.ee\\\/?s={search_term_string}\"},\"query-input\":{\"@type\":\"PropertyValueSpecification\",\"valueRequired\":true,\"valueName\":\"search_term_string\"}}],\"inLanguage\":\"fi\"},{\"@type\":\"Organization\",\"@id\":\"https:\\\/\\\/rodoaed.ee\\\/#organization\",\"name\":\"Rodoaed\",\"url\":\"https:\\\/\\\/rodoaed.ee\\\/\",\"logo\":{\"@type\":\"ImageObject\",\"inLanguage\":\"fi\",\"@id\":\"https:\\\/\\\/rodoaed.ee\\\/#\\\/schema\\\/logo\\\/image\\\/\",\"url\":\"https:\\\/\\\/rodoaed.ee\\\/wp-content\\\/uploads\\\/2019\\\/11\\\/rodoaed-logo-ilma-taustata.jpg\",\"contentUrl\":\"https:\\\/\\\/rodoaed.ee\\\/wp-content\\\/uploads\\\/2019\\\/11\\\/rodoaed-logo-ilma-taustata.jpg\",\"width\":769,\"height\":268,\"caption\":\"Rodoaed\"},\"image\":{\"@id\":\"https:\\\/\\\/rodoaed.ee\\\/#\\\/schema\\\/logo\\\/image\\\/\"},\"sameAs\":[\"https:\\\/\\\/www.facebook.com\\\/kasvuhooned\\\/\",\"https:\\\/\\\/rodoaed.ee\"]}]}<\/script>\n<!-- \/ Yoast SEO Premium plugin. -->","yoast_head_json":{"title":"Happamoitussarja - purkki + pieni kansi, 1 kpl pronssinen - Rodoaed","robots":{"index":"index","follow":"follow","max-snippet":"max-snippet:-1","max-image-preview":"max-image-preview:large","max-video-preview":"max-video-preview:-1"},"canonical":"https:\/\/rodoaed.ee\/fi\/tuote\/hapettumiskansi-pieni-1kpl-pronssi\/","og_locale":"fi_FI","og_type":"article","og_title":"Happamoitussarja - purkki + pieni kansi, 1 kpl pronssinen","og_description":"Happamoitussarja (fermentointi). Purkki + kansi, pieni - pronssin s\u00e4vyinen kansi 1 kpl. Makuja, jotka kypsyv\u00e4t hitaasti kotona. Suuri k\u00e4ymisastia muuttaa","og_url":"https:\/\/rodoaed.ee\/fi\/tuote\/hapettumiskansi-pieni-1kpl-pronssi\/","og_site_name":"Rodoaed","article_publisher":"https:\/\/www.facebook.com\/kasvuhooned\/","article_modified_time":"2026-04-17T07:17:23+00:00","og_image":[{"width":1400,"height":1050,"url":"https:\/\/rodoaed.ee\/wp-content\/uploads\/2026\/04\/088A0338.jpg","type":"image\/jpeg"}],"twitter_card":"summary_large_image","twitter_misc":{"Arvioitu lukuaika":"1 minuutti"},"schema":{"@context":"https:\/\/schema.org","@graph":[{"@type":"WebPage","@id":"https:\/\/rodoaed.ee\/fi\/tuote\/hapettumiskansi-pieni-1kpl-pronssi\/","url":"https:\/\/rodoaed.ee\/fi\/tuote\/hapettumiskansi-pieni-1kpl-pronssi\/","name":"Happamoitussarja - purkki + pieni kansi, 1 kpl pronssinen - Rodoaed","isPartOf":{"@id":"https:\/\/rodoaed.ee\/#website"},"primaryImageOfPage":{"@id":"https:\/\/rodoaed.ee\/fi\/tuote\/hapettumiskansi-pieni-1kpl-pronssi\/#primaryimage"},"image":{"@id":"https:\/\/rodoaed.ee\/fi\/tuote\/hapettumiskansi-pieni-1kpl-pronssi\/#primaryimage"},"thumbnailUrl":"https:\/\/rodoaed.ee\/wp-content\/uploads\/2026\/04\/088A0338.jpg","datePublished":"2026-04-10T09:41:51+00:00","dateModified":"2026-04-17T07:17:23+00:00","breadcrumb":{"@id":"https:\/\/rodoaed.ee\/fi\/tuote\/hapettumiskansi-pieni-1kpl-pronssi\/#breadcrumb"},"inLanguage":"fi","potentialAction":[{"@type":"ReadAction","target":["https:\/\/rodoaed.ee\/fi\/tuote\/hapettumiskansi-pieni-1kpl-pronssi\/"]}]},{"@type":"ImageObject","inLanguage":"fi","@id":"https:\/\/rodoaed.ee\/fi\/tuote\/hapettumiskansi-pieni-1kpl-pronssi\/#primaryimage","url":"https:\/\/rodoaed.ee\/wp-content\/uploads\/2026\/04\/088A0338.jpg","contentUrl":"https:\/\/rodoaed.ee\/wp-content\/uploads\/2026\/04\/088A0338.jpg","width":1400,"height":1050,"caption":"hapetussarja"},{"@type":"BreadcrumbList","@id":"https:\/\/rodoaed.ee\/fi\/tuote\/hapettumiskansi-pieni-1kpl-pronssi\/#breadcrumb","itemListElement":[{"@type":"ListItem","position":1,"name":"Home","item":"https:\/\/rodoaed.ee\/fi\/"},{"@type":"ListItem","position":2,"name":"Osta osoitteessa","item":"https:\/\/rodoaed.ee\/osta-osoitteessa\/"},{"@type":"ListItem","position":3,"name":"Happamoitussarja &#8211; purkki + pieni kansi, 1 kpl pronssinen"}]},{"@type":"WebSite","@id":"https:\/\/rodoaed.ee\/#website","url":"https:\/\/rodoaed.ee\/","name":"Rodoaed","description":"","publisher":{"@id":"https:\/\/rodoaed.ee\/#organization"},"potentialAction":[{"@type":"SearchAction","target":{"@type":"EntryPoint","urlTemplate":"https:\/\/rodoaed.ee\/?s={search_term_string}"},"query-input":{"@type":"PropertyValueSpecification","valueRequired":true,"valueName":"search_term_string"}}],"inLanguage":"fi"},{"@type":"Organization","@id":"https:\/\/rodoaed.ee\/#organization","name":"Rodoaed","url":"https:\/\/rodoaed.ee\/","logo":{"@type":"ImageObject","inLanguage":"fi","@id":"https:\/\/rodoaed.ee\/#\/schema\/logo\/image\/","url":"https:\/\/rodoaed.ee\/wp-content\/uploads\/2019\/11\/rodoaed-logo-ilma-taustata.jpg","contentUrl":"https:\/\/rodoaed.ee\/wp-content\/uploads\/2019\/11\/rodoaed-logo-ilma-taustata.jpg","width":769,"height":268,"caption":"Rodoaed"},"image":{"@id":"https:\/\/rodoaed.ee\/#\/schema\/logo\/image\/"},"sameAs":["https:\/\/www.facebook.com\/kasvuhooned\/","https:\/\/rodoaed.ee"]}]}},"_links":{"self":[{"href":"https:\/\/rodoaed.ee\/fi\/wp-json\/wp\/v2\/product\/52590","targetHints":{"allow":["GET"]}}],"collection":[{"href":"https:\/\/rodoaed.ee\/fi\/wp-json\/wp\/v2\/product"}],"about":[{"href":"https:\/\/rodoaed.ee\/fi\/wp-json\/wp\/v2\/types\/product"}],"wp:featuredmedia":[{"embeddable":true,"href":"https:\/\/rodoaed.ee\/fi\/wp-json\/wp\/v2\/media\/53860"}],"wp:attachment":[{"href":"https:\/\/rodoaed.ee\/fi\/wp-json\/wp\/v2\/media?parent=52590"}],"wp:term":[{"taxonomy":"product_brand","embeddable":true,"href":"https:\/\/rodoaed.ee\/fi\/wp-json\/wp\/v2\/product_brand?post=52590"},{"taxonomy":"product_cat","embeddable":true,"href":"https:\/\/rodoaed.ee\/fi\/wp-json\/wp\/v2\/product_cat?post=52590"},{"taxonomy":"product_tag","embeddable":true,"href":"https:\/\/rodoaed.ee\/fi\/wp-json\/wp\/v2\/product_tag?post=52590"}],"curies":[{"name":"wp","href":"https:\/\/api.w.org\/{rel}","templated":true}]}}