{"id":52593,"date":"2026-02-01T18:51:11","date_gmt":"2026-02-01T16:51:11","guid":{"rendered":"https:\/\/rodoaed.ee\/toode\/tomaatti-noire-de-crimee-keskikypsa-suuret-hedelmat-korkeakasvuinen-hedelmat-250g-vanhentuneet\/"},"modified":"2026-04-17T10:16:53","modified_gmt":"2026-04-17T07:16:53","slug":"tomaatti-noire-de-crimee-keskikypsa-suuret-hedelmat-korkeakasvuinen-hedelmat-250g-vanhentuneet","status":"publish","type":"product","link":"https:\/\/rodoaed.ee\/fi\/tuote\/tomaatti-noire-de-crimee-keskikypsa-suuret-hedelmat-korkeakasvuinen-hedelmat-250g-vanhentuneet\/","title":{"rendered":"Tomaatti Noire de Crimee &#8211; keskikyps\u00e4, suuret hedelm\u00e4t, korkeakasvuinen, hedelm\u00e4t 250g- vanhentuneet."},"content":{"rendered":"<h2>Keskikyps\u00e4, korkeakasvuinen ja suurikokoinen naudanlihatomaatti.<\/h2>\n<p>Lycopersicon esculentum<\/p>\n<p>Tomaatti Noire de Crimee on korkeakasvuinen, keskikyps\u00e4 lajike. Hedelm\u00e4t ovat lihaisia, litteit\u00e4, miellytt\u00e4v\u00e4n makuisia, tumman ruskeanpunaisia ja vihre\u00e4nv\u00e4risi\u00e4. Sopii salaatteihin ja voileipiin. Hedelmien paino 150-250 grammaa.   <\/p>\n<p>&nbsp;<\/p>\n<p><a href=\"https:\/\/rodoaed.ee\/fi\/\">kotisivu<\/a> <a href=\"https:\/\/rodoaed.ee\/tootekategooria\/aed-ja-hoov\/\">k\u00e4ynnist\u00e4<\/a>  <a href=\"https:\/\/rodoaed.ee\/tootekategooria\/aed-ja-hoov\/seemned\/\">siemenet<\/a><\/p>\n<p>&nbsp;<\/p>\n","protected":false},"excerpt":{"rendered":"<p>Keskikyps\u00e4, korkeakasvuinen ja suurikokoinen naudanlihatomaatti. Lycopersicon esculentum Tomaatti Noire de Crimee on korkeakasvuinen, keskikyps\u00e4 lajike. Hedelm\u00e4t ovat lihaisia, litteit\u00e4, miellytt\u00e4v\u00e4n makuisia, tumman ruskeanpunaisia ja vihre\u00e4nv\u00e4risi\u00e4. Sopii salaatteihin ja voileipiin. Hedelmien paino 150-250 grammaa. &nbsp; kotisivu k\u00e4ynnist\u00e4 siemenet &nbsp;<\/p>\n","protected":false},"featured_media":39454,"template":"","meta":{"_acf_changed":false},"product_brand":[],"product_cat":[1759,1752,1753],"product_tag":[],"class_list":{"0":"post-52593","1":"product","2":"type-product","3":"status-publish","4":"has-post-thumbnail","6":"product_cat-korkean-alennuksen-siementarjoukset","7":"product_cat-puutarha-ja-piha","8":"product_cat-siemenet","9":"product_shipping_class-toimitus-1-3-tyopaivan-kuluessa","10":"pa_variatsioon-suuri-blumatin-automaattinen-kastelujarjestelma-jossa-on-40-anturia-ja-vesihanaliitanta","12":"first","13":"instock","14":"sale","15":"taxable","16":"shipping-taxable","17":"purchasable","18":"product-type-simple"},"acf":[],"yoast_head":"<!-- This site is optimized with the Yoast SEO Premium plugin v27.3 (Yoast SEO v27.3) - https:\/\/yoast.com\/product\/yoast-seo-premium-wordpress\/ -->\n<title>Tomaatti Noire de Crimee - keskikyps\u00e4, suuret hedelm\u00e4t, korkeakasvuinen, hedelm\u00e4t 250g- vanhentuneet. - Rodoaed<\/title>\n<meta name=\"description\" content=\"Vihannesten siemeni\u00e4 Euroopan ja Viron parhailta tuottajilta. Kasvihuoneeseen ja avomaalle soveltuvat j\u00e4lkitestatut siemenet.\" \/>\n<meta name=\"robots\" content=\"index, follow, max-snippet:-1, max-image-preview:large, max-video-preview:-1\" \/>\n<link rel=\"canonical\" href=\"https:\/\/rodoaed.ee\/fi\/tuote\/tomaatti-noire-de-crimee-keskikypsa-suuret-hedelmat-korkeakasvuinen-hedelmat-250g-vanhentuneet\/\" \/>\n<meta property=\"og:locale\" content=\"fi_FI\" \/>\n<meta property=\"og:type\" content=\"article\" \/>\n<meta property=\"og:title\" content=\"Tomaatti Noire de Crimee - keskikyps\u00e4, suuret hedelm\u00e4t, korkeakasvuinen, hedelm\u00e4t 250g- vanhentuneet.\" \/>\n<meta property=\"og:description\" content=\"Keskikyps\u00e4, korkeakasvuinen ja suurikokoinen naudanlihatomaatti. Lycopersicon esculentum Tomaatti Noire de Crimee on korkeakasvuinen, keskikyps\u00e4 lajike.\" \/>\n<meta property=\"og:url\" content=\"https:\/\/rodoaed.ee\/fi\/tuote\/tomaatti-noire-de-crimee-keskikypsa-suuret-hedelmat-korkeakasvuinen-hedelmat-250g-vanhentuneet\/\" \/>\n<meta property=\"og:site_name\" content=\"Rodoaed\" \/>\n<meta property=\"article:publisher\" content=\"https:\/\/www.facebook.com\/kasvuhooned\/\" \/>\n<meta property=\"article:modified_time\" content=\"2026-04-17T07:16:53+00:00\" \/>\n<meta property=\"og:image\" content=\"https:\/\/rodoaed.ee\/wp-content\/uploads\/2021\/12\/tomatiseemned_vilmorin_Noire-de-Crimee_5907617304284.jpg\" \/>\n\t<meta property=\"og:image:width\" content=\"638\" \/>\n\t<meta property=\"og:image:height\" content=\"1200\" \/>\n\t<meta property=\"og:image:type\" content=\"image\/jpeg\" \/>\n<meta name=\"twitter:card\" content=\"summary_large_image\" \/>\n<script type=\"application\/ld+json\" class=\"yoast-schema-graph\">{\"@context\":\"https:\\\/\\\/schema.org\",\"@graph\":[{\"@type\":\"WebPage\",\"@id\":\"https:\\\/\\\/rodoaed.ee\\\/fi\\\/tuote\\\/tomaatti-noire-de-crimee-keskikypsa-suuret-hedelmat-korkeakasvuinen-hedelmat-250g-vanhentuneet\\\/\",\"url\":\"https:\\\/\\\/rodoaed.ee\\\/fi\\\/tuote\\\/tomaatti-noire-de-crimee-keskikypsa-suuret-hedelmat-korkeakasvuinen-hedelmat-250g-vanhentuneet\\\/\",\"name\":\"Tomaatti Noire de Crimee - keskikyps\u00e4, suuret hedelm\u00e4t, korkeakasvuinen, hedelm\u00e4t 250g- vanhentuneet. - Rodoaed\",\"isPartOf\":{\"@id\":\"https:\\\/\\\/rodoaed.ee\\\/#website\"},\"primaryImageOfPage\":{\"@id\":\"https:\\\/\\\/rodoaed.ee\\\/fi\\\/tuote\\\/tomaatti-noire-de-crimee-keskikypsa-suuret-hedelmat-korkeakasvuinen-hedelmat-250g-vanhentuneet\\\/#primaryimage\"},\"image\":{\"@id\":\"https:\\\/\\\/rodoaed.ee\\\/fi\\\/tuote\\\/tomaatti-noire-de-crimee-keskikypsa-suuret-hedelmat-korkeakasvuinen-hedelmat-250g-vanhentuneet\\\/#primaryimage\"},\"thumbnailUrl\":\"https:\\\/\\\/rodoaed.ee\\\/wp-content\\\/uploads\\\/2021\\\/12\\\/tomatiseemned_vilmorin_Noire-de-Crimee_5907617304284.jpg\",\"datePublished\":\"2026-02-01T16:51:11+00:00\",\"dateModified\":\"2026-04-17T07:16:53+00:00\",\"description\":\"Vihannesten siemeni\u00e4 Euroopan ja Viron parhailta tuottajilta. Kasvihuoneeseen ja avomaalle soveltuvat j\u00e4lkitestatut siemenet.\",\"breadcrumb\":{\"@id\":\"https:\\\/\\\/rodoaed.ee\\\/fi\\\/tuote\\\/tomaatti-noire-de-crimee-keskikypsa-suuret-hedelmat-korkeakasvuinen-hedelmat-250g-vanhentuneet\\\/#breadcrumb\"},\"inLanguage\":\"fi\",\"potentialAction\":[{\"@type\":\"ReadAction\",\"target\":[\"https:\\\/\\\/rodoaed.ee\\\/fi\\\/tuote\\\/tomaatti-noire-de-crimee-keskikypsa-suuret-hedelmat-korkeakasvuinen-hedelmat-250g-vanhentuneet\\\/\"]}]},{\"@type\":\"ImageObject\",\"inLanguage\":\"fi\",\"@id\":\"https:\\\/\\\/rodoaed.ee\\\/fi\\\/tuote\\\/tomaatti-noire-de-crimee-keskikypsa-suuret-hedelmat-korkeakasvuinen-hedelmat-250g-vanhentuneet\\\/#primaryimage\",\"url\":\"https:\\\/\\\/rodoaed.ee\\\/wp-content\\\/uploads\\\/2021\\\/12\\\/tomatiseemned_vilmorin_Noire-de-Crimee_5907617304284.jpg\",\"contentUrl\":\"https:\\\/\\\/rodoaed.ee\\\/wp-content\\\/uploads\\\/2021\\\/12\\\/tomatiseemned_vilmorin_Noire-de-Crimee_5907617304284.jpg\",\"width\":638,\"height\":1200},{\"@type\":\"BreadcrumbList\",\"@id\":\"https:\\\/\\\/rodoaed.ee\\\/fi\\\/tuote\\\/tomaatti-noire-de-crimee-keskikypsa-suuret-hedelmat-korkeakasvuinen-hedelmat-250g-vanhentuneet\\\/#breadcrumb\",\"itemListElement\":[{\"@type\":\"ListItem\",\"position\":1,\"name\":\"Home\",\"item\":\"https:\\\/\\\/rodoaed.ee\\\/fi\\\/\"},{\"@type\":\"ListItem\",\"position\":2,\"name\":\"Osta osoitteessa\",\"item\":\"https:\\\/\\\/rodoaed.ee\\\/osta-osoitteessa\\\/\"},{\"@type\":\"ListItem\",\"position\":3,\"name\":\"Tomaatti Noire de Crimee &#8211; keskikyps\u00e4, suuret hedelm\u00e4t, korkeakasvuinen, hedelm\u00e4t 250g- vanhentuneet.\"}]},{\"@type\":\"WebSite\",\"@id\":\"https:\\\/\\\/rodoaed.ee\\\/#website\",\"url\":\"https:\\\/\\\/rodoaed.ee\\\/\",\"name\":\"Rodoaed\",\"description\":\"\",\"publisher\":{\"@id\":\"https:\\\/\\\/rodoaed.ee\\\/#organization\"},\"potentialAction\":[{\"@type\":\"SearchAction\",\"target\":{\"@type\":\"EntryPoint\",\"urlTemplate\":\"https:\\\/\\\/rodoaed.ee\\\/?s={search_term_string}\"},\"query-input\":{\"@type\":\"PropertyValueSpecification\",\"valueRequired\":true,\"valueName\":\"search_term_string\"}}],\"inLanguage\":\"fi\"},{\"@type\":\"Organization\",\"@id\":\"https:\\\/\\\/rodoaed.ee\\\/#organization\",\"name\":\"Rodoaed\",\"url\":\"https:\\\/\\\/rodoaed.ee\\\/\",\"logo\":{\"@type\":\"ImageObject\",\"inLanguage\":\"fi\",\"@id\":\"https:\\\/\\\/rodoaed.ee\\\/#\\\/schema\\\/logo\\\/image\\\/\",\"url\":\"https:\\\/\\\/rodoaed.ee\\\/wp-content\\\/uploads\\\/2019\\\/11\\\/rodoaed-logo-ilma-taustata.jpg\",\"contentUrl\":\"https:\\\/\\\/rodoaed.ee\\\/wp-content\\\/uploads\\\/2019\\\/11\\\/rodoaed-logo-ilma-taustata.jpg\",\"width\":769,\"height\":268,\"caption\":\"Rodoaed\"},\"image\":{\"@id\":\"https:\\\/\\\/rodoaed.ee\\\/#\\\/schema\\\/logo\\\/image\\\/\"},\"sameAs\":[\"https:\\\/\\\/www.facebook.com\\\/kasvuhooned\\\/\",\"https:\\\/\\\/rodoaed.ee\"]}]}<\/script>\n<!-- \/ Yoast SEO Premium plugin. -->","yoast_head_json":{"title":"Tomaatti Noire de Crimee - keskikyps\u00e4, suuret hedelm\u00e4t, korkeakasvuinen, hedelm\u00e4t 250g- vanhentuneet. - Rodoaed","description":"Vihannesten siemeni\u00e4 Euroopan ja Viron parhailta tuottajilta. Kasvihuoneeseen ja avomaalle soveltuvat j\u00e4lkitestatut siemenet.","robots":{"index":"index","follow":"follow","max-snippet":"max-snippet:-1","max-image-preview":"max-image-preview:large","max-video-preview":"max-video-preview:-1"},"canonical":"https:\/\/rodoaed.ee\/fi\/tuote\/tomaatti-noire-de-crimee-keskikypsa-suuret-hedelmat-korkeakasvuinen-hedelmat-250g-vanhentuneet\/","og_locale":"fi_FI","og_type":"article","og_title":"Tomaatti Noire de Crimee - keskikyps\u00e4, suuret hedelm\u00e4t, korkeakasvuinen, hedelm\u00e4t 250g- vanhentuneet.","og_description":"Keskikyps\u00e4, korkeakasvuinen ja suurikokoinen naudanlihatomaatti. Lycopersicon esculentum Tomaatti Noire de Crimee on korkeakasvuinen, keskikyps\u00e4 lajike.","og_url":"https:\/\/rodoaed.ee\/fi\/tuote\/tomaatti-noire-de-crimee-keskikypsa-suuret-hedelmat-korkeakasvuinen-hedelmat-250g-vanhentuneet\/","og_site_name":"Rodoaed","article_publisher":"https:\/\/www.facebook.com\/kasvuhooned\/","article_modified_time":"2026-04-17T07:16:53+00:00","og_image":[{"width":638,"height":1200,"url":"https:\/\/rodoaed.ee\/wp-content\/uploads\/2021\/12\/tomatiseemned_vilmorin_Noire-de-Crimee_5907617304284.jpg","type":"image\/jpeg"}],"twitter_card":"summary_large_image","schema":{"@context":"https:\/\/schema.org","@graph":[{"@type":"WebPage","@id":"https:\/\/rodoaed.ee\/fi\/tuote\/tomaatti-noire-de-crimee-keskikypsa-suuret-hedelmat-korkeakasvuinen-hedelmat-250g-vanhentuneet\/","url":"https:\/\/rodoaed.ee\/fi\/tuote\/tomaatti-noire-de-crimee-keskikypsa-suuret-hedelmat-korkeakasvuinen-hedelmat-250g-vanhentuneet\/","name":"Tomaatti Noire de Crimee - keskikyps\u00e4, suuret hedelm\u00e4t, korkeakasvuinen, hedelm\u00e4t 250g- vanhentuneet. - Rodoaed","isPartOf":{"@id":"https:\/\/rodoaed.ee\/#website"},"primaryImageOfPage":{"@id":"https:\/\/rodoaed.ee\/fi\/tuote\/tomaatti-noire-de-crimee-keskikypsa-suuret-hedelmat-korkeakasvuinen-hedelmat-250g-vanhentuneet\/#primaryimage"},"image":{"@id":"https:\/\/rodoaed.ee\/fi\/tuote\/tomaatti-noire-de-crimee-keskikypsa-suuret-hedelmat-korkeakasvuinen-hedelmat-250g-vanhentuneet\/#primaryimage"},"thumbnailUrl":"https:\/\/rodoaed.ee\/wp-content\/uploads\/2021\/12\/tomatiseemned_vilmorin_Noire-de-Crimee_5907617304284.jpg","datePublished":"2026-02-01T16:51:11+00:00","dateModified":"2026-04-17T07:16:53+00:00","description":"Vihannesten siemeni\u00e4 Euroopan ja Viron parhailta tuottajilta. Kasvihuoneeseen ja avomaalle soveltuvat j\u00e4lkitestatut siemenet.","breadcrumb":{"@id":"https:\/\/rodoaed.ee\/fi\/tuote\/tomaatti-noire-de-crimee-keskikypsa-suuret-hedelmat-korkeakasvuinen-hedelmat-250g-vanhentuneet\/#breadcrumb"},"inLanguage":"fi","potentialAction":[{"@type":"ReadAction","target":["https:\/\/rodoaed.ee\/fi\/tuote\/tomaatti-noire-de-crimee-keskikypsa-suuret-hedelmat-korkeakasvuinen-hedelmat-250g-vanhentuneet\/"]}]},{"@type":"ImageObject","inLanguage":"fi","@id":"https:\/\/rodoaed.ee\/fi\/tuote\/tomaatti-noire-de-crimee-keskikypsa-suuret-hedelmat-korkeakasvuinen-hedelmat-250g-vanhentuneet\/#primaryimage","url":"https:\/\/rodoaed.ee\/wp-content\/uploads\/2021\/12\/tomatiseemned_vilmorin_Noire-de-Crimee_5907617304284.jpg","contentUrl":"https:\/\/rodoaed.ee\/wp-content\/uploads\/2021\/12\/tomatiseemned_vilmorin_Noire-de-Crimee_5907617304284.jpg","width":638,"height":1200},{"@type":"BreadcrumbList","@id":"https:\/\/rodoaed.ee\/fi\/tuote\/tomaatti-noire-de-crimee-keskikypsa-suuret-hedelmat-korkeakasvuinen-hedelmat-250g-vanhentuneet\/#breadcrumb","itemListElement":[{"@type":"ListItem","position":1,"name":"Home","item":"https:\/\/rodoaed.ee\/fi\/"},{"@type":"ListItem","position":2,"name":"Osta osoitteessa","item":"https:\/\/rodoaed.ee\/osta-osoitteessa\/"},{"@type":"ListItem","position":3,"name":"Tomaatti Noire de Crimee &#8211; keskikyps\u00e4, suuret hedelm\u00e4t, korkeakasvuinen, hedelm\u00e4t 250g- vanhentuneet."}]},{"@type":"WebSite","@id":"https:\/\/rodoaed.ee\/#website","url":"https:\/\/rodoaed.ee\/","name":"Rodoaed","description":"","publisher":{"@id":"https:\/\/rodoaed.ee\/#organization"},"potentialAction":[{"@type":"SearchAction","target":{"@type":"EntryPoint","urlTemplate":"https:\/\/rodoaed.ee\/?s={search_term_string}"},"query-input":{"@type":"PropertyValueSpecification","valueRequired":true,"valueName":"search_term_string"}}],"inLanguage":"fi"},{"@type":"Organization","@id":"https:\/\/rodoaed.ee\/#organization","name":"Rodoaed","url":"https:\/\/rodoaed.ee\/","logo":{"@type":"ImageObject","inLanguage":"fi","@id":"https:\/\/rodoaed.ee\/#\/schema\/logo\/image\/","url":"https:\/\/rodoaed.ee\/wp-content\/uploads\/2019\/11\/rodoaed-logo-ilma-taustata.jpg","contentUrl":"https:\/\/rodoaed.ee\/wp-content\/uploads\/2019\/11\/rodoaed-logo-ilma-taustata.jpg","width":769,"height":268,"caption":"Rodoaed"},"image":{"@id":"https:\/\/rodoaed.ee\/#\/schema\/logo\/image\/"},"sameAs":["https:\/\/www.facebook.com\/kasvuhooned\/","https:\/\/rodoaed.ee"]}]}},"_links":{"self":[{"href":"https:\/\/rodoaed.ee\/fi\/wp-json\/wp\/v2\/product\/52593","targetHints":{"allow":["GET"]}}],"collection":[{"href":"https:\/\/rodoaed.ee\/fi\/wp-json\/wp\/v2\/product"}],"about":[{"href":"https:\/\/rodoaed.ee\/fi\/wp-json\/wp\/v2\/types\/product"}],"wp:featuredmedia":[{"embeddable":true,"href":"https:\/\/rodoaed.ee\/fi\/wp-json\/wp\/v2\/media\/39454"}],"wp:attachment":[{"href":"https:\/\/rodoaed.ee\/fi\/wp-json\/wp\/v2\/media?parent=52593"}],"wp:term":[{"taxonomy":"product_brand","embeddable":true,"href":"https:\/\/rodoaed.ee\/fi\/wp-json\/wp\/v2\/product_brand?post=52593"},{"taxonomy":"product_cat","embeddable":true,"href":"https:\/\/rodoaed.ee\/fi\/wp-json\/wp\/v2\/product_cat?post=52593"},{"taxonomy":"product_tag","embeddable":true,"href":"https:\/\/rodoaed.ee\/fi\/wp-json\/wp\/v2\/product_tag?post=52593"}],"curies":[{"name":"wp","href":"https:\/\/api.w.org\/{rel}","templated":true}]}}