{"id":52595,"date":"2026-02-01T18:54:59","date_gmt":"2026-02-01T16:54:59","guid":{"rendered":"https:\/\/rodoaed.ee\/toode\/tomaatti-oxheart-korkeakasvuinen-suurikokoinen-tomaatti-lihaksi-hedelma-200g-vanhentunut\/"},"modified":"2026-04-17T10:16:58","modified_gmt":"2026-04-17T07:16:58","slug":"tomaatti-oxheart-korkeakasvuinen-suurikokoinen-tomaatti-lihaksi-hedelma-200g-vanhentunut","status":"publish","type":"product","link":"https:\/\/rodoaed.ee\/fi\/tuote\/tomaatti-oxheart-korkeakasvuinen-suurikokoinen-tomaatti-lihaksi-hedelma-200g-vanhentunut\/","title":{"rendered":"Tomaatti Oxheart &#8211; korkeakasvuinen, suurikokoinen tomaatti lihaksi, hedelm\u00e4 200g &#8211; vanhentunut"},"content":{"rendered":"<h2>Korkeajyv\u00e4inen, suurirakeinen naudanlihatomaatti<\/h2>\n<p>Lycopersicon esculentum<\/p>\n<p>Tomaatti Oxheart on herkullinen lihatomaatti, joka tunnetaan nimell\u00e4 Oxheart. Kasvi on pitk\u00e4, kruunu on nipistetty pois sopivalta korkeudelta. Hedelm\u00e4t ovat suuria, 200 g. Tuorek\u00e4ytt\u00f6\u00f6n tai s\u00e4ilykkeiden valmistukseen. K\u00e4ytet\u00e4\u00e4n s\u00e4il\u00f6nt\u00e4tuotteena. Istutuksesta sadonkorjuuseen kuluu 60-70 p\u00e4iv\u00e4\u00e4.     <\/p>\n<p>0,75 grammaa siemeni\u00e4 per pakkaus<\/p>\n<p><a href=\"https:\/\/rodoaed.ee\/fi\/\">kotisivu<\/a> <a href=\"https:\/\/rodoaed.ee\/tootekategooria\/aed-ja-hoov\/\">k\u00e4ynnist\u00e4<\/a>  <a href=\"https:\/\/rodoaed.ee\/tootekategooria\/aed-ja-hoov\/seemned\/\">siemenet<\/a><\/p>\n<p>&nbsp;<\/p>\n","protected":false},"excerpt":{"rendered":"<p>Korkeajyv\u00e4inen, suurirakeinen naudanlihatomaatti Lycopersicon esculentum Tomaatti Oxheart on herkullinen lihatomaatti, joka tunnetaan nimell\u00e4 Oxheart. Kasvi on pitk\u00e4, kruunu on nipistetty pois sopivalta korkeudelta. Hedelm\u00e4t ovat suuria, 200 g. Tuorek\u00e4ytt\u00f6\u00f6n tai s\u00e4ilykkeiden valmistukseen. K\u00e4ytet\u00e4\u00e4n s\u00e4il\u00f6nt\u00e4tuotteena. Istutuksesta sadonkorjuuseen kuluu 60-70 p\u00e4iv\u00e4\u00e4. 0,75 grammaa siemeni\u00e4 per pakkaus kotisivu k\u00e4ynnist\u00e4 siemenet &nbsp;<\/p>\n","protected":false},"featured_media":39466,"template":"","meta":{"_acf_changed":false},"product_brand":[],"product_cat":[1759,1752,1753],"product_tag":[],"class_list":{"0":"post-52595","1":"product","2":"type-product","3":"status-publish","4":"has-post-thumbnail","6":"product_cat-korkean-alennuksen-siementarjoukset","7":"product_cat-puutarha-ja-piha","8":"product_cat-siemenet","9":"product_shipping_class-toimitus-1-3-tyopaivan-kuluessa","10":"pa_variatsioon-suuri-blumatin-automaattinen-kastelujarjestelma-jossa-on-40-anturia-ja-vesihanaliitanta","12":"first","13":"instock","14":"sale","15":"taxable","16":"shipping-taxable","17":"purchasable","18":"product-type-simple"},"acf":[],"yoast_head":"<!-- This site is optimized with the Yoast SEO Premium plugin v27.3 (Yoast SEO v27.3) - https:\/\/yoast.com\/product\/yoast-seo-premium-wordpress\/ -->\n<title>Tomaatti Oxheart - korkeakasvuinen, suurikokoinen tomaatti lihaksi, hedelm\u00e4 200g - vanhentunut - Rodoaed<\/title>\n<meta name=\"description\" content=\"Vihannesten siemeni\u00e4 Euroopan ja Viron parhailta tuottajilta. Kasvihuoneeseen ja avomaalle soveltuvat j\u00e4lkitestatut siemenet.\" \/>\n<meta name=\"robots\" content=\"index, follow, max-snippet:-1, max-image-preview:large, max-video-preview:-1\" \/>\n<link rel=\"canonical\" href=\"https:\/\/rodoaed.ee\/fi\/tuote\/tomaatti-oxheart-korkeakasvuinen-suurikokoinen-tomaatti-lihaksi-hedelma-200g-vanhentunut\/\" \/>\n<meta property=\"og:locale\" content=\"fi_FI\" \/>\n<meta property=\"og:type\" content=\"article\" \/>\n<meta property=\"og:title\" content=\"Tomaatti Oxheart - korkeakasvuinen, suurikokoinen tomaatti lihaksi, hedelm\u00e4 200g - vanhentunut\" \/>\n<meta property=\"og:description\" content=\"Korkeajyv\u00e4inen, suurirakeinen naudanlihatomaatti Lycopersicon esculentum Tomaatti Oxheart on herkullinen lihatomaatti, joka tunnetaan nimell\u00e4 Oxheart.\" \/>\n<meta property=\"og:url\" content=\"https:\/\/rodoaed.ee\/fi\/tuote\/tomaatti-oxheart-korkeakasvuinen-suurikokoinen-tomaatti-lihaksi-hedelma-200g-vanhentunut\/\" \/>\n<meta property=\"og:site_name\" content=\"Rodoaed\" \/>\n<meta property=\"article:publisher\" content=\"https:\/\/www.facebook.com\/kasvuhooned\/\" \/>\n<meta property=\"article:modified_time\" content=\"2026-04-17T07:16:58+00:00\" \/>\n<meta property=\"og:image\" content=\"https:\/\/rodoaed.ee\/wp-content\/uploads\/2021\/12\/tomatiseemned_suvipiha_Oxheart_8711117284604_ss.png\" \/>\n\t<meta property=\"og:image:width\" content=\"606\" \/>\n\t<meta property=\"og:image:height\" content=\"972\" \/>\n\t<meta property=\"og:image:type\" content=\"image\/png\" \/>\n<meta name=\"twitter:card\" content=\"summary_large_image\" \/>\n<script type=\"application\/ld+json\" class=\"yoast-schema-graph\">{\"@context\":\"https:\\\/\\\/schema.org\",\"@graph\":[{\"@type\":\"WebPage\",\"@id\":\"https:\\\/\\\/rodoaed.ee\\\/fi\\\/tuote\\\/tomaatti-oxheart-korkeakasvuinen-suurikokoinen-tomaatti-lihaksi-hedelma-200g-vanhentunut\\\/\",\"url\":\"https:\\\/\\\/rodoaed.ee\\\/fi\\\/tuote\\\/tomaatti-oxheart-korkeakasvuinen-suurikokoinen-tomaatti-lihaksi-hedelma-200g-vanhentunut\\\/\",\"name\":\"Tomaatti Oxheart - korkeakasvuinen, suurikokoinen tomaatti lihaksi, hedelm\u00e4 200g - vanhentunut - Rodoaed\",\"isPartOf\":{\"@id\":\"https:\\\/\\\/rodoaed.ee\\\/#website\"},\"primaryImageOfPage\":{\"@id\":\"https:\\\/\\\/rodoaed.ee\\\/fi\\\/tuote\\\/tomaatti-oxheart-korkeakasvuinen-suurikokoinen-tomaatti-lihaksi-hedelma-200g-vanhentunut\\\/#primaryimage\"},\"image\":{\"@id\":\"https:\\\/\\\/rodoaed.ee\\\/fi\\\/tuote\\\/tomaatti-oxheart-korkeakasvuinen-suurikokoinen-tomaatti-lihaksi-hedelma-200g-vanhentunut\\\/#primaryimage\"},\"thumbnailUrl\":\"https:\\\/\\\/rodoaed.ee\\\/wp-content\\\/uploads\\\/2021\\\/12\\\/tomatiseemned_suvipiha_Oxheart_8711117284604_ss.png\",\"datePublished\":\"2026-02-01T16:54:59+00:00\",\"dateModified\":\"2026-04-17T07:16:58+00:00\",\"description\":\"Vihannesten siemeni\u00e4 Euroopan ja Viron parhailta tuottajilta. Kasvihuoneeseen ja avomaalle soveltuvat j\u00e4lkitestatut siemenet.\",\"breadcrumb\":{\"@id\":\"https:\\\/\\\/rodoaed.ee\\\/fi\\\/tuote\\\/tomaatti-oxheart-korkeakasvuinen-suurikokoinen-tomaatti-lihaksi-hedelma-200g-vanhentunut\\\/#breadcrumb\"},\"inLanguage\":\"fi\",\"potentialAction\":[{\"@type\":\"ReadAction\",\"target\":[\"https:\\\/\\\/rodoaed.ee\\\/fi\\\/tuote\\\/tomaatti-oxheart-korkeakasvuinen-suurikokoinen-tomaatti-lihaksi-hedelma-200g-vanhentunut\\\/\"]}]},{\"@type\":\"ImageObject\",\"inLanguage\":\"fi\",\"@id\":\"https:\\\/\\\/rodoaed.ee\\\/fi\\\/tuote\\\/tomaatti-oxheart-korkeakasvuinen-suurikokoinen-tomaatti-lihaksi-hedelma-200g-vanhentunut\\\/#primaryimage\",\"url\":\"https:\\\/\\\/rodoaed.ee\\\/wp-content\\\/uploads\\\/2021\\\/12\\\/tomatiseemned_suvipiha_Oxheart_8711117284604_ss.png\",\"contentUrl\":\"https:\\\/\\\/rodoaed.ee\\\/wp-content\\\/uploads\\\/2021\\\/12\\\/tomatiseemned_suvipiha_Oxheart_8711117284604_ss.png\",\"width\":606,\"height\":972},{\"@type\":\"BreadcrumbList\",\"@id\":\"https:\\\/\\\/rodoaed.ee\\\/fi\\\/tuote\\\/tomaatti-oxheart-korkeakasvuinen-suurikokoinen-tomaatti-lihaksi-hedelma-200g-vanhentunut\\\/#breadcrumb\",\"itemListElement\":[{\"@type\":\"ListItem\",\"position\":1,\"name\":\"Home\",\"item\":\"https:\\\/\\\/rodoaed.ee\\\/fi\\\/\"},{\"@type\":\"ListItem\",\"position\":2,\"name\":\"Osta osoitteessa\",\"item\":\"https:\\\/\\\/rodoaed.ee\\\/osta-osoitteessa\\\/\"},{\"@type\":\"ListItem\",\"position\":3,\"name\":\"Tomaatti Oxheart &#8211; korkeakasvuinen, suurikokoinen tomaatti lihaksi, hedelm\u00e4 200g &#8211; vanhentunut\"}]},{\"@type\":\"WebSite\",\"@id\":\"https:\\\/\\\/rodoaed.ee\\\/#website\",\"url\":\"https:\\\/\\\/rodoaed.ee\\\/\",\"name\":\"Rodoaed\",\"description\":\"\",\"publisher\":{\"@id\":\"https:\\\/\\\/rodoaed.ee\\\/#organization\"},\"potentialAction\":[{\"@type\":\"SearchAction\",\"target\":{\"@type\":\"EntryPoint\",\"urlTemplate\":\"https:\\\/\\\/rodoaed.ee\\\/?s={search_term_string}\"},\"query-input\":{\"@type\":\"PropertyValueSpecification\",\"valueRequired\":true,\"valueName\":\"search_term_string\"}}],\"inLanguage\":\"fi\"},{\"@type\":\"Organization\",\"@id\":\"https:\\\/\\\/rodoaed.ee\\\/#organization\",\"name\":\"Rodoaed\",\"url\":\"https:\\\/\\\/rodoaed.ee\\\/\",\"logo\":{\"@type\":\"ImageObject\",\"inLanguage\":\"fi\",\"@id\":\"https:\\\/\\\/rodoaed.ee\\\/#\\\/schema\\\/logo\\\/image\\\/\",\"url\":\"https:\\\/\\\/rodoaed.ee\\\/wp-content\\\/uploads\\\/2019\\\/11\\\/rodoaed-logo-ilma-taustata.jpg\",\"contentUrl\":\"https:\\\/\\\/rodoaed.ee\\\/wp-content\\\/uploads\\\/2019\\\/11\\\/rodoaed-logo-ilma-taustata.jpg\",\"width\":769,\"height\":268,\"caption\":\"Rodoaed\"},\"image\":{\"@id\":\"https:\\\/\\\/rodoaed.ee\\\/#\\\/schema\\\/logo\\\/image\\\/\"},\"sameAs\":[\"https:\\\/\\\/www.facebook.com\\\/kasvuhooned\\\/\",\"https:\\\/\\\/rodoaed.ee\"]}]}<\/script>\n<!-- \/ Yoast SEO Premium plugin. -->","yoast_head_json":{"title":"Tomaatti Oxheart - korkeakasvuinen, suurikokoinen tomaatti lihaksi, hedelm\u00e4 200g - vanhentunut - Rodoaed","description":"Vihannesten siemeni\u00e4 Euroopan ja Viron parhailta tuottajilta. Kasvihuoneeseen ja avomaalle soveltuvat j\u00e4lkitestatut siemenet.","robots":{"index":"index","follow":"follow","max-snippet":"max-snippet:-1","max-image-preview":"max-image-preview:large","max-video-preview":"max-video-preview:-1"},"canonical":"https:\/\/rodoaed.ee\/fi\/tuote\/tomaatti-oxheart-korkeakasvuinen-suurikokoinen-tomaatti-lihaksi-hedelma-200g-vanhentunut\/","og_locale":"fi_FI","og_type":"article","og_title":"Tomaatti Oxheart - korkeakasvuinen, suurikokoinen tomaatti lihaksi, hedelm\u00e4 200g - vanhentunut","og_description":"Korkeajyv\u00e4inen, suurirakeinen naudanlihatomaatti Lycopersicon esculentum Tomaatti Oxheart on herkullinen lihatomaatti, joka tunnetaan nimell\u00e4 Oxheart.","og_url":"https:\/\/rodoaed.ee\/fi\/tuote\/tomaatti-oxheart-korkeakasvuinen-suurikokoinen-tomaatti-lihaksi-hedelma-200g-vanhentunut\/","og_site_name":"Rodoaed","article_publisher":"https:\/\/www.facebook.com\/kasvuhooned\/","article_modified_time":"2026-04-17T07:16:58+00:00","og_image":[{"width":606,"height":972,"url":"https:\/\/rodoaed.ee\/wp-content\/uploads\/2021\/12\/tomatiseemned_suvipiha_Oxheart_8711117284604_ss.png","type":"image\/png"}],"twitter_card":"summary_large_image","schema":{"@context":"https:\/\/schema.org","@graph":[{"@type":"WebPage","@id":"https:\/\/rodoaed.ee\/fi\/tuote\/tomaatti-oxheart-korkeakasvuinen-suurikokoinen-tomaatti-lihaksi-hedelma-200g-vanhentunut\/","url":"https:\/\/rodoaed.ee\/fi\/tuote\/tomaatti-oxheart-korkeakasvuinen-suurikokoinen-tomaatti-lihaksi-hedelma-200g-vanhentunut\/","name":"Tomaatti Oxheart - korkeakasvuinen, suurikokoinen tomaatti lihaksi, hedelm\u00e4 200g - vanhentunut - Rodoaed","isPartOf":{"@id":"https:\/\/rodoaed.ee\/#website"},"primaryImageOfPage":{"@id":"https:\/\/rodoaed.ee\/fi\/tuote\/tomaatti-oxheart-korkeakasvuinen-suurikokoinen-tomaatti-lihaksi-hedelma-200g-vanhentunut\/#primaryimage"},"image":{"@id":"https:\/\/rodoaed.ee\/fi\/tuote\/tomaatti-oxheart-korkeakasvuinen-suurikokoinen-tomaatti-lihaksi-hedelma-200g-vanhentunut\/#primaryimage"},"thumbnailUrl":"https:\/\/rodoaed.ee\/wp-content\/uploads\/2021\/12\/tomatiseemned_suvipiha_Oxheart_8711117284604_ss.png","datePublished":"2026-02-01T16:54:59+00:00","dateModified":"2026-04-17T07:16:58+00:00","description":"Vihannesten siemeni\u00e4 Euroopan ja Viron parhailta tuottajilta. Kasvihuoneeseen ja avomaalle soveltuvat j\u00e4lkitestatut siemenet.","breadcrumb":{"@id":"https:\/\/rodoaed.ee\/fi\/tuote\/tomaatti-oxheart-korkeakasvuinen-suurikokoinen-tomaatti-lihaksi-hedelma-200g-vanhentunut\/#breadcrumb"},"inLanguage":"fi","potentialAction":[{"@type":"ReadAction","target":["https:\/\/rodoaed.ee\/fi\/tuote\/tomaatti-oxheart-korkeakasvuinen-suurikokoinen-tomaatti-lihaksi-hedelma-200g-vanhentunut\/"]}]},{"@type":"ImageObject","inLanguage":"fi","@id":"https:\/\/rodoaed.ee\/fi\/tuote\/tomaatti-oxheart-korkeakasvuinen-suurikokoinen-tomaatti-lihaksi-hedelma-200g-vanhentunut\/#primaryimage","url":"https:\/\/rodoaed.ee\/wp-content\/uploads\/2021\/12\/tomatiseemned_suvipiha_Oxheart_8711117284604_ss.png","contentUrl":"https:\/\/rodoaed.ee\/wp-content\/uploads\/2021\/12\/tomatiseemned_suvipiha_Oxheart_8711117284604_ss.png","width":606,"height":972},{"@type":"BreadcrumbList","@id":"https:\/\/rodoaed.ee\/fi\/tuote\/tomaatti-oxheart-korkeakasvuinen-suurikokoinen-tomaatti-lihaksi-hedelma-200g-vanhentunut\/#breadcrumb","itemListElement":[{"@type":"ListItem","position":1,"name":"Home","item":"https:\/\/rodoaed.ee\/fi\/"},{"@type":"ListItem","position":2,"name":"Osta osoitteessa","item":"https:\/\/rodoaed.ee\/osta-osoitteessa\/"},{"@type":"ListItem","position":3,"name":"Tomaatti Oxheart &#8211; korkeakasvuinen, suurikokoinen tomaatti lihaksi, hedelm\u00e4 200g &#8211; vanhentunut"}]},{"@type":"WebSite","@id":"https:\/\/rodoaed.ee\/#website","url":"https:\/\/rodoaed.ee\/","name":"Rodoaed","description":"","publisher":{"@id":"https:\/\/rodoaed.ee\/#organization"},"potentialAction":[{"@type":"SearchAction","target":{"@type":"EntryPoint","urlTemplate":"https:\/\/rodoaed.ee\/?s={search_term_string}"},"query-input":{"@type":"PropertyValueSpecification","valueRequired":true,"valueName":"search_term_string"}}],"inLanguage":"fi"},{"@type":"Organization","@id":"https:\/\/rodoaed.ee\/#organization","name":"Rodoaed","url":"https:\/\/rodoaed.ee\/","logo":{"@type":"ImageObject","inLanguage":"fi","@id":"https:\/\/rodoaed.ee\/#\/schema\/logo\/image\/","url":"https:\/\/rodoaed.ee\/wp-content\/uploads\/2019\/11\/rodoaed-logo-ilma-taustata.jpg","contentUrl":"https:\/\/rodoaed.ee\/wp-content\/uploads\/2019\/11\/rodoaed-logo-ilma-taustata.jpg","width":769,"height":268,"caption":"Rodoaed"},"image":{"@id":"https:\/\/rodoaed.ee\/#\/schema\/logo\/image\/"},"sameAs":["https:\/\/www.facebook.com\/kasvuhooned\/","https:\/\/rodoaed.ee"]}]}},"_links":{"self":[{"href":"https:\/\/rodoaed.ee\/fi\/wp-json\/wp\/v2\/product\/52595","targetHints":{"allow":["GET"]}}],"collection":[{"href":"https:\/\/rodoaed.ee\/fi\/wp-json\/wp\/v2\/product"}],"about":[{"href":"https:\/\/rodoaed.ee\/fi\/wp-json\/wp\/v2\/types\/product"}],"wp:featuredmedia":[{"embeddable":true,"href":"https:\/\/rodoaed.ee\/fi\/wp-json\/wp\/v2\/media\/39466"}],"wp:attachment":[{"href":"https:\/\/rodoaed.ee\/fi\/wp-json\/wp\/v2\/media?parent=52595"}],"wp:term":[{"taxonomy":"product_brand","embeddable":true,"href":"https:\/\/rodoaed.ee\/fi\/wp-json\/wp\/v2\/product_brand?post=52595"},{"taxonomy":"product_cat","embeddable":true,"href":"https:\/\/rodoaed.ee\/fi\/wp-json\/wp\/v2\/product_cat?post=52595"},{"taxonomy":"product_tag","embeddable":true,"href":"https:\/\/rodoaed.ee\/fi\/wp-json\/wp\/v2\/product_tag?post=52595"}],"curies":[{"name":"wp","href":"https:\/\/api.w.org\/{rel}","templated":true}]}}