{"id":52598,"date":"2026-01-26T15:17:17","date_gmt":"2026-01-26T13:17:17","guid":{"rendered":"https:\/\/rodoaed.ee\/toode\/kurkku-longo-da-china-erf-keskiaikainen-avomaalla-ja-kasvihuoneessa\/"},"modified":"2026-04-13T10:34:03","modified_gmt":"2026-04-13T07:34:03","slug":"kurkku-longo-da-china-erf-keskiaikainen-avomaalla-ja-kasvihuoneessa","status":"publish","type":"product","link":"https:\/\/rodoaed.ee\/fi\/tuote\/kurkku-longo-da-china-erf-keskiaikainen-avomaalla-ja-kasvihuoneessa\/","title":{"rendered":"Kurkku Longo da China ERF- keskiaikainen, avomaalla ja kasvihuoneessa."},"content":{"rendered":"<h2>Keski-aikainen, sopii avomaalle ja kasvihuoneeseen.<\/h2>\n<p>Cucumis sativus<\/p>\n<p>Keskiaikainen ja eritt\u00e4in satoisa lajike. Pitk\u00e4jalkainen, hieman kaarevat p\u00e4\u00e4t ja erikoisen muotoiset kurkut. Eritt\u00e4in hyv\u00e4 maku. Hedelm\u00e4n pituus 35-50 cm. Taudinkest\u00e4v\u00e4. Soveltuu avomaalla ja kasvihuoneessa viljelt\u00e4v\u00e4ksi.     <\/p>\n<p>25 siement\u00e4 per pakkaus<\/p>\n<p><a href=\"https:\/\/rodoaed.ee\/fi\/\">kotisivu<\/a> <a href=\"https:\/\/rodoaed.ee\/fi\/tootekategooria\/puutarha-ja-piha\/\">k\u00e4ynnist\u00e4<\/a>  <a href=\"https:\/\/rodoaed.ee\/fi\/tootekategooria\/puutarha-ja-piha\/siemenet\/\">siemenet<\/a><\/p>\n<p>&nbsp;<\/p>\n","protected":false},"excerpt":{"rendered":"<p>Keski-aikainen, sopii avomaalle ja kasvihuoneeseen. Cucumis sativus Keskiaikainen ja eritt\u00e4in satoisa lajike. Pitk\u00e4jalkainen, hieman kaarevat p\u00e4\u00e4t ja erikoisen muotoiset kurkut. Eritt\u00e4in hyv\u00e4 maku. Hedelm\u00e4n pituus 35-50 cm. Taudinkest\u00e4v\u00e4. Soveltuu avomaalla ja kasvihuoneessa viljelt\u00e4v\u00e4ksi. 25 siement\u00e4 per pakkaus kotisivu k\u00e4ynnist\u00e4 siemenet &nbsp;<\/p>\n","protected":false},"featured_media":39406,"template":"","meta":{"_acf_changed":false},"product_brand":[],"product_cat":[1759,1755,1752,1753],"product_tag":[],"class_list":{"0":"post-52598","1":"product","2":"type-product","3":"status-publish","4":"has-post-thumbnail","6":"product_cat-korkean-alennuksen-siementarjoukset","7":"product_cat-kurkun-siemenet","8":"product_cat-puutarha-ja-piha","9":"product_cat-siemenet","10":"product_shipping_class-toimitus-1-3-tyopaivan-kuluessa","11":"pa_variatsioon-suuri-blumatin-automaattinen-kastelujarjestelma-jossa-on-40-anturia-ja-vesihanaliitanta","13":"first","14":"instock","15":"sale","16":"taxable","17":"shipping-taxable","18":"purchasable","19":"product-type-simple"},"acf":[],"yoast_head":"<!-- This site is optimized with the Yoast SEO Premium plugin v27.3 (Yoast SEO v27.3) - https:\/\/yoast.com\/product\/yoast-seo-premium-wordpress\/ -->\n<title>Kurkku Longo da China ERF- keskiaikainen, avomaalla ja kasvihuoneessa. - Rodoaed<\/title>\n<meta name=\"description\" content=\"Vihannesten siemeni\u00e4 Euroopan ja Viron parhailta tuottajilta. Kasvihuoneeseen ja avomaalle soveltuvat j\u00e4lkitestatut siemenet.\" \/>\n<meta name=\"robots\" content=\"index, follow, max-snippet:-1, max-image-preview:large, max-video-preview:-1\" \/>\n<link rel=\"canonical\" href=\"https:\/\/rodoaed.ee\/fi\/toode\/kurkku-longo-da-china-erf-keskiaikainen-avomaalla-ja-kasvihuoneessa\/\" \/>\n<meta property=\"og:locale\" content=\"fi_FI\" \/>\n<meta property=\"og:type\" content=\"article\" \/>\n<meta property=\"og:title\" content=\"Kurkku Longo da China ERF- keskiaikainen, avomaalla ja kasvihuoneessa.\" \/>\n<meta property=\"og:description\" content=\"Keski-aikainen, sopii avomaalle ja kasvihuoneeseen. Cucumis sativus Keskiaikainen ja eritt\u00e4in satoisa lajike. Pitk\u00e4jalkainen, hieman kaarevat p\u00e4\u00e4t ja\" \/>\n<meta property=\"og:url\" content=\"https:\/\/rodoaed.ee\/fi\/toode\/kurkku-longo-da-china-erf-keskiaikainen-avomaalla-ja-kasvihuoneessa\/\" \/>\n<meta property=\"og:site_name\" content=\"Rodoaed\" \/>\n<meta property=\"article:publisher\" content=\"https:\/\/www.facebook.com\/kasvuhooned\/\" \/>\n<meta property=\"article:modified_time\" content=\"2026-04-13T07:34:03+00:00\" \/>\n<meta property=\"og:image\" content=\"https:\/\/rodoaed.ee\/wp-content\/uploads\/2021\/12\/KURK-LONGO-DA-CHINA-ERF.jpg\" \/>\n\t<meta property=\"og:image:width\" content=\"432\" \/>\n\t<meta property=\"og:image:height\" content=\"600\" \/>\n\t<meta property=\"og:image:type\" content=\"image\/jpeg\" \/>\n<meta name=\"twitter:card\" content=\"summary_large_image\" \/>\n<script type=\"application\/ld+json\" class=\"yoast-schema-graph\">{\"@context\":\"https:\\\/\\\/schema.org\",\"@graph\":[{\"@type\":\"WebPage\",\"@id\":\"https:\\\/\\\/rodoaed.ee\\\/fi\\\/toode\\\/kurkku-longo-da-china-erf-keskiaikainen-avomaalla-ja-kasvihuoneessa\\\/\",\"url\":\"https:\\\/\\\/rodoaed.ee\\\/fi\\\/toode\\\/kurkku-longo-da-china-erf-keskiaikainen-avomaalla-ja-kasvihuoneessa\\\/\",\"name\":\"Kurkku Longo da China ERF- keskiaikainen, avomaalla ja kasvihuoneessa. - Rodoaed\",\"isPartOf\":{\"@id\":\"https:\\\/\\\/rodoaed.ee\\\/#website\"},\"primaryImageOfPage\":{\"@id\":\"https:\\\/\\\/rodoaed.ee\\\/fi\\\/toode\\\/kurkku-longo-da-china-erf-keskiaikainen-avomaalla-ja-kasvihuoneessa\\\/#primaryimage\"},\"image\":{\"@id\":\"https:\\\/\\\/rodoaed.ee\\\/fi\\\/toode\\\/kurkku-longo-da-china-erf-keskiaikainen-avomaalla-ja-kasvihuoneessa\\\/#primaryimage\"},\"thumbnailUrl\":\"https:\\\/\\\/rodoaed.ee\\\/wp-content\\\/uploads\\\/2021\\\/12\\\/KURK-LONGO-DA-CHINA-ERF.jpg\",\"datePublished\":\"2026-01-26T13:17:17+00:00\",\"dateModified\":\"2026-04-13T07:34:03+00:00\",\"description\":\"Vihannesten siemeni\u00e4 Euroopan ja Viron parhailta tuottajilta. Kasvihuoneeseen ja avomaalle soveltuvat j\u00e4lkitestatut siemenet.\",\"breadcrumb\":{\"@id\":\"https:\\\/\\\/rodoaed.ee\\\/fi\\\/toode\\\/kurkku-longo-da-china-erf-keskiaikainen-avomaalla-ja-kasvihuoneessa\\\/#breadcrumb\"},\"inLanguage\":\"fi\",\"potentialAction\":[{\"@type\":\"ReadAction\",\"target\":[\"https:\\\/\\\/rodoaed.ee\\\/fi\\\/toode\\\/kurkku-longo-da-china-erf-keskiaikainen-avomaalla-ja-kasvihuoneessa\\\/\"]}]},{\"@type\":\"ImageObject\",\"inLanguage\":\"fi\",\"@id\":\"https:\\\/\\\/rodoaed.ee\\\/fi\\\/toode\\\/kurkku-longo-da-china-erf-keskiaikainen-avomaalla-ja-kasvihuoneessa\\\/#primaryimage\",\"url\":\"https:\\\/\\\/rodoaed.ee\\\/wp-content\\\/uploads\\\/2021\\\/12\\\/KURK-LONGO-DA-CHINA-ERF.jpg\",\"contentUrl\":\"https:\\\/\\\/rodoaed.ee\\\/wp-content\\\/uploads\\\/2021\\\/12\\\/KURK-LONGO-DA-CHINA-ERF.jpg\",\"width\":432,\"height\":600},{\"@type\":\"BreadcrumbList\",\"@id\":\"https:\\\/\\\/rodoaed.ee\\\/fi\\\/toode\\\/kurkku-longo-da-china-erf-keskiaikainen-avomaalla-ja-kasvihuoneessa\\\/#breadcrumb\",\"itemListElement\":[{\"@type\":\"ListItem\",\"position\":1,\"name\":\"Home\",\"item\":\"https:\\\/\\\/rodoaed.ee\\\/fi\\\/\"},{\"@type\":\"ListItem\",\"position\":2,\"name\":\"Osta osoitteessa\",\"item\":\"https:\\\/\\\/rodoaed.ee\\\/osta-osoitteessa\\\/\"},{\"@type\":\"ListItem\",\"position\":3,\"name\":\"Kurkku Longo da China ERF- keskiaikainen, avomaalla ja kasvihuoneessa.\"}]},{\"@type\":\"WebSite\",\"@id\":\"https:\\\/\\\/rodoaed.ee\\\/#website\",\"url\":\"https:\\\/\\\/rodoaed.ee\\\/\",\"name\":\"Rodoaed\",\"description\":\"\",\"publisher\":{\"@id\":\"https:\\\/\\\/rodoaed.ee\\\/#organization\"},\"potentialAction\":[{\"@type\":\"SearchAction\",\"target\":{\"@type\":\"EntryPoint\",\"urlTemplate\":\"https:\\\/\\\/rodoaed.ee\\\/?s={search_term_string}\"},\"query-input\":{\"@type\":\"PropertyValueSpecification\",\"valueRequired\":true,\"valueName\":\"search_term_string\"}}],\"inLanguage\":\"fi\"},{\"@type\":\"Organization\",\"@id\":\"https:\\\/\\\/rodoaed.ee\\\/#organization\",\"name\":\"Rodoaed\",\"url\":\"https:\\\/\\\/rodoaed.ee\\\/\",\"logo\":{\"@type\":\"ImageObject\",\"inLanguage\":\"fi\",\"@id\":\"https:\\\/\\\/rodoaed.ee\\\/#\\\/schema\\\/logo\\\/image\\\/\",\"url\":\"https:\\\/\\\/rodoaed.ee\\\/wp-content\\\/uploads\\\/2019\\\/11\\\/rodoaed-logo-ilma-taustata.jpg\",\"contentUrl\":\"https:\\\/\\\/rodoaed.ee\\\/wp-content\\\/uploads\\\/2019\\\/11\\\/rodoaed-logo-ilma-taustata.jpg\",\"width\":769,\"height\":268,\"caption\":\"Rodoaed\"},\"image\":{\"@id\":\"https:\\\/\\\/rodoaed.ee\\\/#\\\/schema\\\/logo\\\/image\\\/\"},\"sameAs\":[\"https:\\\/\\\/www.facebook.com\\\/kasvuhooned\\\/\",\"https:\\\/\\\/rodoaed.ee\"]}]}<\/script>\n<!-- \/ Yoast SEO Premium plugin. -->","yoast_head_json":{"title":"Kurkku Longo da China ERF- keskiaikainen, avomaalla ja kasvihuoneessa. - Rodoaed","description":"Vihannesten siemeni\u00e4 Euroopan ja Viron parhailta tuottajilta. Kasvihuoneeseen ja avomaalle soveltuvat j\u00e4lkitestatut siemenet.","robots":{"index":"index","follow":"follow","max-snippet":"max-snippet:-1","max-image-preview":"max-image-preview:large","max-video-preview":"max-video-preview:-1"},"canonical":"https:\/\/rodoaed.ee\/fi\/toode\/kurkku-longo-da-china-erf-keskiaikainen-avomaalla-ja-kasvihuoneessa\/","og_locale":"fi_FI","og_type":"article","og_title":"Kurkku Longo da China ERF- keskiaikainen, avomaalla ja kasvihuoneessa.","og_description":"Keski-aikainen, sopii avomaalle ja kasvihuoneeseen. Cucumis sativus Keskiaikainen ja eritt\u00e4in satoisa lajike. Pitk\u00e4jalkainen, hieman kaarevat p\u00e4\u00e4t ja","og_url":"https:\/\/rodoaed.ee\/fi\/toode\/kurkku-longo-da-china-erf-keskiaikainen-avomaalla-ja-kasvihuoneessa\/","og_site_name":"Rodoaed","article_publisher":"https:\/\/www.facebook.com\/kasvuhooned\/","article_modified_time":"2026-04-13T07:34:03+00:00","og_image":[{"width":432,"height":600,"url":"https:\/\/rodoaed.ee\/wp-content\/uploads\/2021\/12\/KURK-LONGO-DA-CHINA-ERF.jpg","type":"image\/jpeg"}],"twitter_card":"summary_large_image","schema":{"@context":"https:\/\/schema.org","@graph":[{"@type":"WebPage","@id":"https:\/\/rodoaed.ee\/fi\/toode\/kurkku-longo-da-china-erf-keskiaikainen-avomaalla-ja-kasvihuoneessa\/","url":"https:\/\/rodoaed.ee\/fi\/toode\/kurkku-longo-da-china-erf-keskiaikainen-avomaalla-ja-kasvihuoneessa\/","name":"Kurkku Longo da China ERF- keskiaikainen, avomaalla ja kasvihuoneessa. - Rodoaed","isPartOf":{"@id":"https:\/\/rodoaed.ee\/#website"},"primaryImageOfPage":{"@id":"https:\/\/rodoaed.ee\/fi\/toode\/kurkku-longo-da-china-erf-keskiaikainen-avomaalla-ja-kasvihuoneessa\/#primaryimage"},"image":{"@id":"https:\/\/rodoaed.ee\/fi\/toode\/kurkku-longo-da-china-erf-keskiaikainen-avomaalla-ja-kasvihuoneessa\/#primaryimage"},"thumbnailUrl":"https:\/\/rodoaed.ee\/wp-content\/uploads\/2021\/12\/KURK-LONGO-DA-CHINA-ERF.jpg","datePublished":"2026-01-26T13:17:17+00:00","dateModified":"2026-04-13T07:34:03+00:00","description":"Vihannesten siemeni\u00e4 Euroopan ja Viron parhailta tuottajilta. Kasvihuoneeseen ja avomaalle soveltuvat j\u00e4lkitestatut siemenet.","breadcrumb":{"@id":"https:\/\/rodoaed.ee\/fi\/toode\/kurkku-longo-da-china-erf-keskiaikainen-avomaalla-ja-kasvihuoneessa\/#breadcrumb"},"inLanguage":"fi","potentialAction":[{"@type":"ReadAction","target":["https:\/\/rodoaed.ee\/fi\/toode\/kurkku-longo-da-china-erf-keskiaikainen-avomaalla-ja-kasvihuoneessa\/"]}]},{"@type":"ImageObject","inLanguage":"fi","@id":"https:\/\/rodoaed.ee\/fi\/toode\/kurkku-longo-da-china-erf-keskiaikainen-avomaalla-ja-kasvihuoneessa\/#primaryimage","url":"https:\/\/rodoaed.ee\/wp-content\/uploads\/2021\/12\/KURK-LONGO-DA-CHINA-ERF.jpg","contentUrl":"https:\/\/rodoaed.ee\/wp-content\/uploads\/2021\/12\/KURK-LONGO-DA-CHINA-ERF.jpg","width":432,"height":600},{"@type":"BreadcrumbList","@id":"https:\/\/rodoaed.ee\/fi\/toode\/kurkku-longo-da-china-erf-keskiaikainen-avomaalla-ja-kasvihuoneessa\/#breadcrumb","itemListElement":[{"@type":"ListItem","position":1,"name":"Home","item":"https:\/\/rodoaed.ee\/fi\/"},{"@type":"ListItem","position":2,"name":"Osta osoitteessa","item":"https:\/\/rodoaed.ee\/osta-osoitteessa\/"},{"@type":"ListItem","position":3,"name":"Kurkku Longo da China ERF- keskiaikainen, avomaalla ja kasvihuoneessa."}]},{"@type":"WebSite","@id":"https:\/\/rodoaed.ee\/#website","url":"https:\/\/rodoaed.ee\/","name":"Rodoaed","description":"","publisher":{"@id":"https:\/\/rodoaed.ee\/#organization"},"potentialAction":[{"@type":"SearchAction","target":{"@type":"EntryPoint","urlTemplate":"https:\/\/rodoaed.ee\/?s={search_term_string}"},"query-input":{"@type":"PropertyValueSpecification","valueRequired":true,"valueName":"search_term_string"}}],"inLanguage":"fi"},{"@type":"Organization","@id":"https:\/\/rodoaed.ee\/#organization","name":"Rodoaed","url":"https:\/\/rodoaed.ee\/","logo":{"@type":"ImageObject","inLanguage":"fi","@id":"https:\/\/rodoaed.ee\/#\/schema\/logo\/image\/","url":"https:\/\/rodoaed.ee\/wp-content\/uploads\/2019\/11\/rodoaed-logo-ilma-taustata.jpg","contentUrl":"https:\/\/rodoaed.ee\/wp-content\/uploads\/2019\/11\/rodoaed-logo-ilma-taustata.jpg","width":769,"height":268,"caption":"Rodoaed"},"image":{"@id":"https:\/\/rodoaed.ee\/#\/schema\/logo\/image\/"},"sameAs":["https:\/\/www.facebook.com\/kasvuhooned\/","https:\/\/rodoaed.ee"]}]}},"_links":{"self":[{"href":"https:\/\/rodoaed.ee\/fi\/wp-json\/wp\/v2\/product\/52598","targetHints":{"allow":["GET"]}}],"collection":[{"href":"https:\/\/rodoaed.ee\/fi\/wp-json\/wp\/v2\/product"}],"about":[{"href":"https:\/\/rodoaed.ee\/fi\/wp-json\/wp\/v2\/types\/product"}],"wp:featuredmedia":[{"embeddable":true,"href":"https:\/\/rodoaed.ee\/fi\/wp-json\/wp\/v2\/media\/39406"}],"wp:attachment":[{"href":"https:\/\/rodoaed.ee\/fi\/wp-json\/wp\/v2\/media?parent=52598"}],"wp:term":[{"taxonomy":"product_brand","embeddable":true,"href":"https:\/\/rodoaed.ee\/fi\/wp-json\/wp\/v2\/product_brand?post=52598"},{"taxonomy":"product_cat","embeddable":true,"href":"https:\/\/rodoaed.ee\/fi\/wp-json\/wp\/v2\/product_cat?post=52598"},{"taxonomy":"product_tag","embeddable":true,"href":"https:\/\/rodoaed.ee\/fi\/wp-json\/wp\/v2\/product_tag?post=52598"}],"curies":[{"name":"wp","href":"https:\/\/api.w.org\/{rel}","templated":true}]}}