{"id":52599,"date":"2026-02-01T19:00:00","date_gmt":"2026-02-01T17:00:00","guid":{"rendered":"https:\/\/rodoaed.ee\/toode\/tomaatti-koralik-organic-matalakasvuinen-erittain-makea-tomaatti-hedelma-5cm-kypsa\/"},"modified":"2026-04-17T10:17:02","modified_gmt":"2026-04-17T07:17:02","slug":"tomaatti-koralik-organic-matalakasvuinen-erittain-makea-tomaatti-hedelma-5cm-kypsa","status":"publish","type":"product","link":"https:\/\/rodoaed.ee\/fi\/tuote\/tomaatti-koralik-organic-matalakasvuinen-erittain-makea-tomaatti-hedelma-5cm-kypsa\/","title":{"rendered":"Tomaatti Koralik ORGANIC &#8211; matalakasvuinen, eritt\u00e4in makea tomaatti, hedelm\u00e4 5cm -kyps\u00e4."},"content":{"rendered":"<h2>Matalakasvuiset, eritt\u00e4in makeat tomaatit, parveketomaatti.<\/h2>\n<p>Buzzy\u00ae Organic R\u00f5dutomat Koralik -siemenet on merkitty eurooppalaisella ymp\u00e4rist\u00f6merkill\u00e4. Siemenet kasvatetaan ilman kemiallisia torjunta-aineita tai lannoitteita. Buzzy Organic -siemenet viljell\u00e4\u00e4n, puhdistetaan ja pakataan Skalin sertifioidun luomutuotannon nro 014725 Skalin vaatimusten mukaisesti.<\/p>\n<p>Kylv\u00e4 aikaisin kev\u00e4\u00e4ll\u00e4 peittokasvin alle tai my\u00f6hemmin ruukkuihin, kun ulkol\u00e4mp\u00f6tila on jo 20 \u00b0C. Tarvitsee yhden istutuksen. Kasvi kasvaa jopa 45 cm korkeaksi, ja hedelm\u00e4t ovat eritt\u00e4in makeita ja mehukkaita. Tomaatin hedelm\u00e4 on halkaisijaltaan noin 5 cm.   <\/p>\n<p><a href=\"https:\/\/rodoaed.ee\/fi\/\">kotisivu<\/a> <a href=\"https:\/\/rodoaed.ee\/tootekategooria\/aed-ja-hoov\/\">k\u00e4ynnist\u00e4<\/a>  <a href=\"https:\/\/rodoaed.ee\/tootekategooria\/aed-ja-hoov\/seemned\/\">siemenet<\/a><\/p>\n<p>&nbsp;<\/p>\n","protected":false},"excerpt":{"rendered":"<p>Matalakasvuiset, eritt\u00e4in makeat tomaatit, parveketomaatti. Buzzy\u00ae Organic R\u00f5dutomat Koralik -siemenet on merkitty eurooppalaisella ymp\u00e4rist\u00f6merkill\u00e4. Siemenet kasvatetaan ilman kemiallisia torjunta-aineita tai lannoitteita. Buzzy Organic -siemenet viljell\u00e4\u00e4n, puhdistetaan ja pakataan Skalin sertifioidun luomutuotannon nro 014725 Skalin vaatimusten mukaisesti. Kylv\u00e4 aikaisin kev\u00e4\u00e4ll\u00e4 peittokasvin alle tai my\u00f6hemmin ruukkuihin, kun ulkol\u00e4mp\u00f6tila on jo 20 \u00b0C. Tarvitsee yhden istutuksen. Kasvi kasvaa jopa 45 cm korkeaksi, ja hedelm\u00e4t ovat eritt\u00e4in makeita ja&#8230;<\/p>\n","protected":false},"featured_media":49637,"template":"","meta":{"_acf_changed":false},"product_brand":[],"product_cat":[1759,1752,1753],"product_tag":[],"class_list":{"0":"post-52599","1":"product","2":"type-product","3":"status-publish","4":"has-post-thumbnail","6":"product_cat-korkean-alennuksen-siementarjoukset","7":"product_cat-puutarha-ja-piha","8":"product_cat-siemenet","9":"product_shipping_class-toimitus-1-3-tyopaivan-kuluessa","10":"pa_variatsioon-suuri-blumatin-automaattinen-kastelujarjestelma-jossa-on-40-anturia-ja-vesihanaliitanta","12":"first","13":"instock","14":"sale","15":"taxable","16":"shipping-taxable","17":"purchasable","18":"product-type-simple"},"acf":[],"yoast_head":"<!-- This site is optimized with the Yoast SEO Premium plugin v27.3 (Yoast SEO v27.3) - https:\/\/yoast.com\/product\/yoast-seo-premium-wordpress\/ -->\n<title>Tomaatti Koralik ORGANIC - matalakasvuinen, eritt\u00e4in makea tomaatti, hedelm\u00e4 5cm -kyps\u00e4. - Rodoaed<\/title>\n<meta name=\"description\" content=\"Vihannesten siemeni\u00e4 Euroopan ja Viron parhailta tuottajilta. Kasvihuoneeseen ja avomaalle soveltuvat j\u00e4lkitestatut siemenet.\" \/>\n<meta name=\"robots\" content=\"index, follow, max-snippet:-1, max-image-preview:large, max-video-preview:-1\" \/>\n<link rel=\"canonical\" href=\"https:\/\/rodoaed.ee\/fi\/tuote\/tomaatti-koralik-organic-matalakasvuinen-erittain-makea-tomaatti-hedelma-5cm-kypsa\/\" \/>\n<meta property=\"og:locale\" content=\"fi_FI\" \/>\n<meta property=\"og:type\" content=\"article\" \/>\n<meta property=\"og:title\" content=\"Tomaatti Koralik ORGANIC - matalakasvuinen, eritt\u00e4in makea tomaatti, hedelm\u00e4 5cm -kyps\u00e4.\" \/>\n<meta property=\"og:description\" content=\"Matalakasvuiset, eritt\u00e4in makeat tomaatit, parveketomaatti. Buzzy\u00ae Organic R\u00f5dutomat Koralik -siemenet on merkitty eurooppalaisella ymp\u00e4rist\u00f6merkill\u00e4.\" \/>\n<meta property=\"og:url\" content=\"https:\/\/rodoaed.ee\/fi\/tuote\/tomaatti-koralik-organic-matalakasvuinen-erittain-makea-tomaatti-hedelma-5cm-kypsa\/\" \/>\n<meta property=\"og:site_name\" content=\"Rodoaed\" \/>\n<meta property=\"article:publisher\" content=\"https:\/\/www.facebook.com\/kasvuhooned\/\" \/>\n<meta property=\"article:modified_time\" content=\"2026-04-17T07:17:02+00:00\" \/>\n<meta property=\"og:image\" content=\"https:\/\/rodoaed.ee\/wp-content\/uploads\/2025\/02\/tomati-seemned_8711117928560.jpg\" \/>\n\t<meta property=\"og:image:width\" content=\"390\" \/>\n\t<meta property=\"og:image:height\" content=\"566\" \/>\n\t<meta property=\"og:image:type\" content=\"image\/jpeg\" \/>\n<meta name=\"twitter:card\" content=\"summary_large_image\" \/>\n<script type=\"application\/ld+json\" class=\"yoast-schema-graph\">{\"@context\":\"https:\\\/\\\/schema.org\",\"@graph\":[{\"@type\":\"WebPage\",\"@id\":\"https:\\\/\\\/rodoaed.ee\\\/fi\\\/tuote\\\/tomaatti-koralik-organic-matalakasvuinen-erittain-makea-tomaatti-hedelma-5cm-kypsa\\\/\",\"url\":\"https:\\\/\\\/rodoaed.ee\\\/fi\\\/tuote\\\/tomaatti-koralik-organic-matalakasvuinen-erittain-makea-tomaatti-hedelma-5cm-kypsa\\\/\",\"name\":\"Tomaatti Koralik ORGANIC - matalakasvuinen, eritt\u00e4in makea tomaatti, hedelm\u00e4 5cm -kyps\u00e4. - Rodoaed\",\"isPartOf\":{\"@id\":\"https:\\\/\\\/rodoaed.ee\\\/#website\"},\"primaryImageOfPage\":{\"@id\":\"https:\\\/\\\/rodoaed.ee\\\/fi\\\/tuote\\\/tomaatti-koralik-organic-matalakasvuinen-erittain-makea-tomaatti-hedelma-5cm-kypsa\\\/#primaryimage\"},\"image\":{\"@id\":\"https:\\\/\\\/rodoaed.ee\\\/fi\\\/tuote\\\/tomaatti-koralik-organic-matalakasvuinen-erittain-makea-tomaatti-hedelma-5cm-kypsa\\\/#primaryimage\"},\"thumbnailUrl\":\"https:\\\/\\\/rodoaed.ee\\\/wp-content\\\/uploads\\\/2025\\\/02\\\/tomati-seemned_8711117928560.jpg\",\"datePublished\":\"2026-02-01T17:00:00+00:00\",\"dateModified\":\"2026-04-17T07:17:02+00:00\",\"description\":\"Vihannesten siemeni\u00e4 Euroopan ja Viron parhailta tuottajilta. Kasvihuoneeseen ja avomaalle soveltuvat j\u00e4lkitestatut siemenet.\",\"breadcrumb\":{\"@id\":\"https:\\\/\\\/rodoaed.ee\\\/fi\\\/tuote\\\/tomaatti-koralik-organic-matalakasvuinen-erittain-makea-tomaatti-hedelma-5cm-kypsa\\\/#breadcrumb\"},\"inLanguage\":\"fi\",\"potentialAction\":[{\"@type\":\"ReadAction\",\"target\":[\"https:\\\/\\\/rodoaed.ee\\\/fi\\\/tuote\\\/tomaatti-koralik-organic-matalakasvuinen-erittain-makea-tomaatti-hedelma-5cm-kypsa\\\/\"]}]},{\"@type\":\"ImageObject\",\"inLanguage\":\"fi\",\"@id\":\"https:\\\/\\\/rodoaed.ee\\\/fi\\\/tuote\\\/tomaatti-koralik-organic-matalakasvuinen-erittain-makea-tomaatti-hedelma-5cm-kypsa\\\/#primaryimage\",\"url\":\"https:\\\/\\\/rodoaed.ee\\\/wp-content\\\/uploads\\\/2025\\\/02\\\/tomati-seemned_8711117928560.jpg\",\"contentUrl\":\"https:\\\/\\\/rodoaed.ee\\\/wp-content\\\/uploads\\\/2025\\\/02\\\/tomati-seemned_8711117928560.jpg\",\"width\":390,\"height\":566},{\"@type\":\"BreadcrumbList\",\"@id\":\"https:\\\/\\\/rodoaed.ee\\\/fi\\\/tuote\\\/tomaatti-koralik-organic-matalakasvuinen-erittain-makea-tomaatti-hedelma-5cm-kypsa\\\/#breadcrumb\",\"itemListElement\":[{\"@type\":\"ListItem\",\"position\":1,\"name\":\"Home\",\"item\":\"https:\\\/\\\/rodoaed.ee\\\/fi\\\/\"},{\"@type\":\"ListItem\",\"position\":2,\"name\":\"Osta osoitteessa\",\"item\":\"https:\\\/\\\/rodoaed.ee\\\/osta-osoitteessa\\\/\"},{\"@type\":\"ListItem\",\"position\":3,\"name\":\"Tomaatti Koralik ORGANIC &#8211; matalakasvuinen, eritt\u00e4in makea tomaatti, hedelm\u00e4 5cm -kyps\u00e4.\"}]},{\"@type\":\"WebSite\",\"@id\":\"https:\\\/\\\/rodoaed.ee\\\/#website\",\"url\":\"https:\\\/\\\/rodoaed.ee\\\/\",\"name\":\"Rodoaed\",\"description\":\"\",\"publisher\":{\"@id\":\"https:\\\/\\\/rodoaed.ee\\\/#organization\"},\"potentialAction\":[{\"@type\":\"SearchAction\",\"target\":{\"@type\":\"EntryPoint\",\"urlTemplate\":\"https:\\\/\\\/rodoaed.ee\\\/?s={search_term_string}\"},\"query-input\":{\"@type\":\"PropertyValueSpecification\",\"valueRequired\":true,\"valueName\":\"search_term_string\"}}],\"inLanguage\":\"fi\"},{\"@type\":\"Organization\",\"@id\":\"https:\\\/\\\/rodoaed.ee\\\/#organization\",\"name\":\"Rodoaed\",\"url\":\"https:\\\/\\\/rodoaed.ee\\\/\",\"logo\":{\"@type\":\"ImageObject\",\"inLanguage\":\"fi\",\"@id\":\"https:\\\/\\\/rodoaed.ee\\\/#\\\/schema\\\/logo\\\/image\\\/\",\"url\":\"https:\\\/\\\/rodoaed.ee\\\/wp-content\\\/uploads\\\/2019\\\/11\\\/rodoaed-logo-ilma-taustata.jpg\",\"contentUrl\":\"https:\\\/\\\/rodoaed.ee\\\/wp-content\\\/uploads\\\/2019\\\/11\\\/rodoaed-logo-ilma-taustata.jpg\",\"width\":769,\"height\":268,\"caption\":\"Rodoaed\"},\"image\":{\"@id\":\"https:\\\/\\\/rodoaed.ee\\\/#\\\/schema\\\/logo\\\/image\\\/\"},\"sameAs\":[\"https:\\\/\\\/www.facebook.com\\\/kasvuhooned\\\/\",\"https:\\\/\\\/rodoaed.ee\"]}]}<\/script>\n<!-- \/ Yoast SEO Premium plugin. -->","yoast_head_json":{"title":"Tomaatti Koralik ORGANIC - matalakasvuinen, eritt\u00e4in makea tomaatti, hedelm\u00e4 5cm -kyps\u00e4. - Rodoaed","description":"Vihannesten siemeni\u00e4 Euroopan ja Viron parhailta tuottajilta. Kasvihuoneeseen ja avomaalle soveltuvat j\u00e4lkitestatut siemenet.","robots":{"index":"index","follow":"follow","max-snippet":"max-snippet:-1","max-image-preview":"max-image-preview:large","max-video-preview":"max-video-preview:-1"},"canonical":"https:\/\/rodoaed.ee\/fi\/tuote\/tomaatti-koralik-organic-matalakasvuinen-erittain-makea-tomaatti-hedelma-5cm-kypsa\/","og_locale":"fi_FI","og_type":"article","og_title":"Tomaatti Koralik ORGANIC - matalakasvuinen, eritt\u00e4in makea tomaatti, hedelm\u00e4 5cm -kyps\u00e4.","og_description":"Matalakasvuiset, eritt\u00e4in makeat tomaatit, parveketomaatti. Buzzy\u00ae Organic R\u00f5dutomat Koralik -siemenet on merkitty eurooppalaisella ymp\u00e4rist\u00f6merkill\u00e4.","og_url":"https:\/\/rodoaed.ee\/fi\/tuote\/tomaatti-koralik-organic-matalakasvuinen-erittain-makea-tomaatti-hedelma-5cm-kypsa\/","og_site_name":"Rodoaed","article_publisher":"https:\/\/www.facebook.com\/kasvuhooned\/","article_modified_time":"2026-04-17T07:17:02+00:00","og_image":[{"width":390,"height":566,"url":"https:\/\/rodoaed.ee\/wp-content\/uploads\/2025\/02\/tomati-seemned_8711117928560.jpg","type":"image\/jpeg"}],"twitter_card":"summary_large_image","schema":{"@context":"https:\/\/schema.org","@graph":[{"@type":"WebPage","@id":"https:\/\/rodoaed.ee\/fi\/tuote\/tomaatti-koralik-organic-matalakasvuinen-erittain-makea-tomaatti-hedelma-5cm-kypsa\/","url":"https:\/\/rodoaed.ee\/fi\/tuote\/tomaatti-koralik-organic-matalakasvuinen-erittain-makea-tomaatti-hedelma-5cm-kypsa\/","name":"Tomaatti Koralik ORGANIC - matalakasvuinen, eritt\u00e4in makea tomaatti, hedelm\u00e4 5cm -kyps\u00e4. - Rodoaed","isPartOf":{"@id":"https:\/\/rodoaed.ee\/#website"},"primaryImageOfPage":{"@id":"https:\/\/rodoaed.ee\/fi\/tuote\/tomaatti-koralik-organic-matalakasvuinen-erittain-makea-tomaatti-hedelma-5cm-kypsa\/#primaryimage"},"image":{"@id":"https:\/\/rodoaed.ee\/fi\/tuote\/tomaatti-koralik-organic-matalakasvuinen-erittain-makea-tomaatti-hedelma-5cm-kypsa\/#primaryimage"},"thumbnailUrl":"https:\/\/rodoaed.ee\/wp-content\/uploads\/2025\/02\/tomati-seemned_8711117928560.jpg","datePublished":"2026-02-01T17:00:00+00:00","dateModified":"2026-04-17T07:17:02+00:00","description":"Vihannesten siemeni\u00e4 Euroopan ja Viron parhailta tuottajilta. Kasvihuoneeseen ja avomaalle soveltuvat j\u00e4lkitestatut siemenet.","breadcrumb":{"@id":"https:\/\/rodoaed.ee\/fi\/tuote\/tomaatti-koralik-organic-matalakasvuinen-erittain-makea-tomaatti-hedelma-5cm-kypsa\/#breadcrumb"},"inLanguage":"fi","potentialAction":[{"@type":"ReadAction","target":["https:\/\/rodoaed.ee\/fi\/tuote\/tomaatti-koralik-organic-matalakasvuinen-erittain-makea-tomaatti-hedelma-5cm-kypsa\/"]}]},{"@type":"ImageObject","inLanguage":"fi","@id":"https:\/\/rodoaed.ee\/fi\/tuote\/tomaatti-koralik-organic-matalakasvuinen-erittain-makea-tomaatti-hedelma-5cm-kypsa\/#primaryimage","url":"https:\/\/rodoaed.ee\/wp-content\/uploads\/2025\/02\/tomati-seemned_8711117928560.jpg","contentUrl":"https:\/\/rodoaed.ee\/wp-content\/uploads\/2025\/02\/tomati-seemned_8711117928560.jpg","width":390,"height":566},{"@type":"BreadcrumbList","@id":"https:\/\/rodoaed.ee\/fi\/tuote\/tomaatti-koralik-organic-matalakasvuinen-erittain-makea-tomaatti-hedelma-5cm-kypsa\/#breadcrumb","itemListElement":[{"@type":"ListItem","position":1,"name":"Home","item":"https:\/\/rodoaed.ee\/fi\/"},{"@type":"ListItem","position":2,"name":"Osta osoitteessa","item":"https:\/\/rodoaed.ee\/osta-osoitteessa\/"},{"@type":"ListItem","position":3,"name":"Tomaatti Koralik ORGANIC &#8211; matalakasvuinen, eritt\u00e4in makea tomaatti, hedelm\u00e4 5cm -kyps\u00e4."}]},{"@type":"WebSite","@id":"https:\/\/rodoaed.ee\/#website","url":"https:\/\/rodoaed.ee\/","name":"Rodoaed","description":"","publisher":{"@id":"https:\/\/rodoaed.ee\/#organization"},"potentialAction":[{"@type":"SearchAction","target":{"@type":"EntryPoint","urlTemplate":"https:\/\/rodoaed.ee\/?s={search_term_string}"},"query-input":{"@type":"PropertyValueSpecification","valueRequired":true,"valueName":"search_term_string"}}],"inLanguage":"fi"},{"@type":"Organization","@id":"https:\/\/rodoaed.ee\/#organization","name":"Rodoaed","url":"https:\/\/rodoaed.ee\/","logo":{"@type":"ImageObject","inLanguage":"fi","@id":"https:\/\/rodoaed.ee\/#\/schema\/logo\/image\/","url":"https:\/\/rodoaed.ee\/wp-content\/uploads\/2019\/11\/rodoaed-logo-ilma-taustata.jpg","contentUrl":"https:\/\/rodoaed.ee\/wp-content\/uploads\/2019\/11\/rodoaed-logo-ilma-taustata.jpg","width":769,"height":268,"caption":"Rodoaed"},"image":{"@id":"https:\/\/rodoaed.ee\/#\/schema\/logo\/image\/"},"sameAs":["https:\/\/www.facebook.com\/kasvuhooned\/","https:\/\/rodoaed.ee"]}]}},"_links":{"self":[{"href":"https:\/\/rodoaed.ee\/fi\/wp-json\/wp\/v2\/product\/52599","targetHints":{"allow":["GET"]}}],"collection":[{"href":"https:\/\/rodoaed.ee\/fi\/wp-json\/wp\/v2\/product"}],"about":[{"href":"https:\/\/rodoaed.ee\/fi\/wp-json\/wp\/v2\/types\/product"}],"wp:featuredmedia":[{"embeddable":true,"href":"https:\/\/rodoaed.ee\/fi\/wp-json\/wp\/v2\/media\/49637"}],"wp:attachment":[{"href":"https:\/\/rodoaed.ee\/fi\/wp-json\/wp\/v2\/media?parent=52599"}],"wp:term":[{"taxonomy":"product_brand","embeddable":true,"href":"https:\/\/rodoaed.ee\/fi\/wp-json\/wp\/v2\/product_brand?post=52599"},{"taxonomy":"product_cat","embeddable":true,"href":"https:\/\/rodoaed.ee\/fi\/wp-json\/wp\/v2\/product_cat?post=52599"},{"taxonomy":"product_tag","embeddable":true,"href":"https:\/\/rodoaed.ee\/fi\/wp-json\/wp\/v2\/product_tag?post=52599"}],"curies":[{"name":"wp","href":"https:\/\/api.w.org\/{rel}","templated":true}]}}