{"id":52600,"date":"2026-04-09T12:37:32","date_gmt":"2026-04-09T09:37:32","guid":{"rendered":"https:\/\/rodoaed.ee\/toode\/hapettumiskansi-suuri-1kpl-pronssi\/"},"modified":"2026-04-17T10:18:36","modified_gmt":"2026-04-17T07:18:36","slug":"hapettumiskansi-suuri-1kpl-pronssi","status":"publish","type":"product","link":"https:\/\/rodoaed.ee\/fi\/tuote\/hapettumiskansi-suuri-1kpl-pronssi\/","title":{"rendered":"Hapettumiskansi, suuri 1kpl pronssi"},"content":{"rendered":"<p><strong>Happamoituskansi, suuri &#8211; norsunluu, kahvinpaksuiset ter\u00e4t\/pronssi s\u00e4vytetty pinnoite 1 kpl.<\/strong><\/p>\n<p>Makuja, jotka kypsyv\u00e4t hitaasti kotona. Suuri k\u00e4ymisastia muuttaa tavallisen purkin paikaksi, jossa kypsyv\u00e4t rapeat suolakurkut, aromaattinen kimchi, mausteinen hapankaali ja hell\u00e4sti kuohuva limonadi. T\u00e4yt\u00e4 purkki, laita kansi kiinni ja anna luonnon tehd\u00e4 taikojaan.  <\/p>\n<p>Suuri versio on ihanteellinen kaikille, jotka haluavat fermentoida suuremmissa eriss\u00e4. Ihanteellinen perheen ruoanlaittoon tai jakamiseen yst\u00e4vien kanssa juhlissa. <\/p>\n<p>Sopii purkeille, joiden tilavuus on noin 3,7 l ja yl\u00e4reuna 90 mm tai 100 mm.<\/p>\n<p>&nbsp;<\/p>\n<p><strong>Mit\u00e4 hapettaminen (k\u00e4yminen) on:<\/strong><br \/>\nHapettaminen on prosessi, jossa raaka-aineessa olevat orgaaniset aineet muunnetaan yksinkertaisemmiksi aineiksi mikro-organismien vaikutuksesta.<br \/>\nHapettaminen s\u00e4ilytt\u00e4\u00e4 elintarvikkeet tehokkaasti, pident\u00e4\u00e4 niiden s\u00e4ilyvyytt\u00e4 ja parantaa joidenkin elintarvikkeiden ainesosien sulavuutta. Hapatetut elintarvikkeet ovat elimist\u00f6llemme hy\u00f6dyllisten probioottien luonnollinen l\u00e4hde. <\/p>\n<p><strong>K\u00e4ymiskansi:<\/strong><br \/>\nSe sopii kotitekoisten k\u00e4ymistuotteiden valmistukseen. K\u00e4ymiseen soveltuvat erilaiset vihannekset, maitotuotteet (kefiiri, jogurtti) ja leip\u00e4taikina.<br \/>\nK\u00e4ymiskannessa on erikoisventtiili, joka vapauttaa hiilidioksidia purkista k\u00e4ymisprosessin aikana ja est\u00e4\u00e4 samalla ilman p\u00e4\u00e4syn purkkiin. Kannessa on my\u00f6s joustava painekorkki, joka pit\u00e4\u00e4 vihannekset nestepinnan alapuolella koko k\u00e4ymisprosessin ajan.  <\/p>\n","protected":false},"excerpt":{"rendered":"<p>Happamoituskansi, suuri &#8211; norsunluu, kahvinpaksuiset ter\u00e4t\/pronssi s\u00e4vytetty pinnoite 1 kpl. Makuja, jotka kypsyv\u00e4t hitaasti kotona. Suuri k\u00e4ymisastia muuttaa tavallisen purkin paikaksi, jossa kypsyv\u00e4t rapeat suolakurkut, aromaattinen kimchi, mausteinen hapankaali ja hell\u00e4sti kuohuva limonadi. T\u00e4yt\u00e4 purkki, laita kansi kiinni ja anna luonnon tehd\u00e4 taikojaan. Suuri versio on ihanteellinen kaikille, jotka haluavat fermentoida suuremmissa eriss\u00e4. Ihanteellinen perheen ruoanlaittoon tai jakamiseen yst\u00e4vien kanssa juhlissa. Sopii purkeille, joiden tilavuus&#8230;<\/p>\n","protected":false},"featured_media":52416,"template":"","meta":{"_acf_changed":false},"product_brand":[],"product_cat":[1758],"product_tag":[],"class_list":{"0":"post-52600","1":"product","2":"type-product","3":"status-publish","4":"has-post-thumbnail","6":"product_cat-ruoan-varastointi","7":"product_shipping_class-toimitus-1-3-tyopaivan-kuluessa","8":"pa_variatsioon-superseeder-kylvokone-21","10":"first","11":"onbackorder","12":"sale","13":"taxable","14":"shipping-taxable","15":"purchasable","16":"product-type-simple"},"acf":[],"yoast_head":"<!-- This site is optimized with the Yoast SEO Premium plugin v27.3 (Yoast SEO v27.3) - https:\/\/yoast.com\/product\/yoast-seo-premium-wordpress\/ -->\n<title>Hapettumiskansi, suuri 1kpl pronssi - Rodoaed<\/title>\n<meta name=\"robots\" content=\"index, follow, max-snippet:-1, max-image-preview:large, max-video-preview:-1\" \/>\n<link rel=\"canonical\" href=\"https:\/\/rodoaed.ee\/fi\/tuote\/hapettumiskansi-suuri-1kpl-pronssi\/\" \/>\n<meta property=\"og:locale\" content=\"fi_FI\" \/>\n<meta property=\"og:type\" content=\"article\" \/>\n<meta property=\"og:title\" content=\"Hapettumiskansi, suuri 1kpl pronssi\" \/>\n<meta property=\"og:description\" content=\"Happamoituskansi, suuri - norsunluu, kahvinpaksuiset ter\u00e4t\/pronssi s\u00e4vytetty pinnoite 1 kpl. Makuja, jotka kypsyv\u00e4t hitaasti kotona. Suuri k\u00e4ymisastia\" \/>\n<meta property=\"og:url\" content=\"https:\/\/rodoaed.ee\/fi\/tuote\/hapettumiskansi-suuri-1kpl-pronssi\/\" \/>\n<meta property=\"og:site_name\" content=\"Rodoaed\" \/>\n<meta property=\"article:publisher\" content=\"https:\/\/www.facebook.com\/kasvuhooned\/\" \/>\n<meta property=\"article:modified_time\" content=\"2026-04-17T07:18:36+00:00\" \/>\n<meta property=\"og:image\" content=\"https:\/\/rodoaed.ee\/wp-content\/uploads\/2026\/04\/1606771037C-scaled.jpg\" \/>\n\t<meta property=\"og:image:width\" content=\"2560\" \/>\n\t<meta property=\"og:image:height\" content=\"1707\" \/>\n\t<meta property=\"og:image:type\" content=\"image\/jpeg\" \/>\n<meta name=\"twitter:card\" content=\"summary_large_image\" \/>\n<meta name=\"twitter:label1\" content=\"Arvioitu lukuaika\" \/>\n\t<meta name=\"twitter:data1\" content=\"1 minuutti\" \/>\n<script type=\"application\/ld+json\" class=\"yoast-schema-graph\">{\"@context\":\"https:\\\/\\\/schema.org\",\"@graph\":[{\"@type\":\"WebPage\",\"@id\":\"https:\\\/\\\/rodoaed.ee\\\/fi\\\/tuote\\\/hapettumiskansi-suuri-1kpl-pronssi\\\/\",\"url\":\"https:\\\/\\\/rodoaed.ee\\\/fi\\\/tuote\\\/hapettumiskansi-suuri-1kpl-pronssi\\\/\",\"name\":\"Hapettumiskansi, suuri 1kpl pronssi - Rodoaed\",\"isPartOf\":{\"@id\":\"https:\\\/\\\/rodoaed.ee\\\/#website\"},\"primaryImageOfPage\":{\"@id\":\"https:\\\/\\\/rodoaed.ee\\\/fi\\\/tuote\\\/hapettumiskansi-suuri-1kpl-pronssi\\\/#primaryimage\"},\"image\":{\"@id\":\"https:\\\/\\\/rodoaed.ee\\\/fi\\\/tuote\\\/hapettumiskansi-suuri-1kpl-pronssi\\\/#primaryimage\"},\"thumbnailUrl\":\"https:\\\/\\\/rodoaed.ee\\\/wp-content\\\/uploads\\\/2026\\\/04\\\/1606771037C-scaled.jpg\",\"datePublished\":\"2026-04-09T09:37:32+00:00\",\"dateModified\":\"2026-04-17T07:18:36+00:00\",\"breadcrumb\":{\"@id\":\"https:\\\/\\\/rodoaed.ee\\\/fi\\\/tuote\\\/hapettumiskansi-suuri-1kpl-pronssi\\\/#breadcrumb\"},\"inLanguage\":\"fi\",\"potentialAction\":[{\"@type\":\"ReadAction\",\"target\":[\"https:\\\/\\\/rodoaed.ee\\\/fi\\\/tuote\\\/hapettumiskansi-suuri-1kpl-pronssi\\\/\"]}]},{\"@type\":\"ImageObject\",\"inLanguage\":\"fi\",\"@id\":\"https:\\\/\\\/rodoaed.ee\\\/fi\\\/tuote\\\/hapettumiskansi-suuri-1kpl-pronssi\\\/#primaryimage\",\"url\":\"https:\\\/\\\/rodoaed.ee\\\/wp-content\\\/uploads\\\/2026\\\/04\\\/1606771037C-scaled.jpg\",\"contentUrl\":\"https:\\\/\\\/rodoaed.ee\\\/wp-content\\\/uploads\\\/2026\\\/04\\\/1606771037C-scaled.jpg\",\"width\":2560,\"height\":1707,\"caption\":\"hapettumiskaasu\"},{\"@type\":\"BreadcrumbList\",\"@id\":\"https:\\\/\\\/rodoaed.ee\\\/fi\\\/tuote\\\/hapettumiskansi-suuri-1kpl-pronssi\\\/#breadcrumb\",\"itemListElement\":[{\"@type\":\"ListItem\",\"position\":1,\"name\":\"Home\",\"item\":\"https:\\\/\\\/rodoaed.ee\\\/fi\\\/\"},{\"@type\":\"ListItem\",\"position\":2,\"name\":\"Osta osoitteessa\",\"item\":\"https:\\\/\\\/rodoaed.ee\\\/osta-osoitteessa\\\/\"},{\"@type\":\"ListItem\",\"position\":3,\"name\":\"Hapettumiskansi, suuri 1kpl pronssi\"}]},{\"@type\":\"WebSite\",\"@id\":\"https:\\\/\\\/rodoaed.ee\\\/#website\",\"url\":\"https:\\\/\\\/rodoaed.ee\\\/\",\"name\":\"Rodoaed\",\"description\":\"\",\"publisher\":{\"@id\":\"https:\\\/\\\/rodoaed.ee\\\/#organization\"},\"potentialAction\":[{\"@type\":\"SearchAction\",\"target\":{\"@type\":\"EntryPoint\",\"urlTemplate\":\"https:\\\/\\\/rodoaed.ee\\\/?s={search_term_string}\"},\"query-input\":{\"@type\":\"PropertyValueSpecification\",\"valueRequired\":true,\"valueName\":\"search_term_string\"}}],\"inLanguage\":\"fi\"},{\"@type\":\"Organization\",\"@id\":\"https:\\\/\\\/rodoaed.ee\\\/#organization\",\"name\":\"Rodoaed\",\"url\":\"https:\\\/\\\/rodoaed.ee\\\/\",\"logo\":{\"@type\":\"ImageObject\",\"inLanguage\":\"fi\",\"@id\":\"https:\\\/\\\/rodoaed.ee\\\/#\\\/schema\\\/logo\\\/image\\\/\",\"url\":\"https:\\\/\\\/rodoaed.ee\\\/wp-content\\\/uploads\\\/2019\\\/11\\\/rodoaed-logo-ilma-taustata.jpg\",\"contentUrl\":\"https:\\\/\\\/rodoaed.ee\\\/wp-content\\\/uploads\\\/2019\\\/11\\\/rodoaed-logo-ilma-taustata.jpg\",\"width\":769,\"height\":268,\"caption\":\"Rodoaed\"},\"image\":{\"@id\":\"https:\\\/\\\/rodoaed.ee\\\/#\\\/schema\\\/logo\\\/image\\\/\"},\"sameAs\":[\"https:\\\/\\\/www.facebook.com\\\/kasvuhooned\\\/\",\"https:\\\/\\\/rodoaed.ee\"]}]}<\/script>\n<!-- \/ Yoast SEO Premium plugin. -->","yoast_head_json":{"title":"Hapettumiskansi, suuri 1kpl pronssi - Rodoaed","robots":{"index":"index","follow":"follow","max-snippet":"max-snippet:-1","max-image-preview":"max-image-preview:large","max-video-preview":"max-video-preview:-1"},"canonical":"https:\/\/rodoaed.ee\/fi\/tuote\/hapettumiskansi-suuri-1kpl-pronssi\/","og_locale":"fi_FI","og_type":"article","og_title":"Hapettumiskansi, suuri 1kpl pronssi","og_description":"Happamoituskansi, suuri - norsunluu, kahvinpaksuiset ter\u00e4t\/pronssi s\u00e4vytetty pinnoite 1 kpl. Makuja, jotka kypsyv\u00e4t hitaasti kotona. Suuri k\u00e4ymisastia","og_url":"https:\/\/rodoaed.ee\/fi\/tuote\/hapettumiskansi-suuri-1kpl-pronssi\/","og_site_name":"Rodoaed","article_publisher":"https:\/\/www.facebook.com\/kasvuhooned\/","article_modified_time":"2026-04-17T07:18:36+00:00","og_image":[{"width":2560,"height":1707,"url":"https:\/\/rodoaed.ee\/wp-content\/uploads\/2026\/04\/1606771037C-scaled.jpg","type":"image\/jpeg"}],"twitter_card":"summary_large_image","twitter_misc":{"Arvioitu lukuaika":"1 minuutti"},"schema":{"@context":"https:\/\/schema.org","@graph":[{"@type":"WebPage","@id":"https:\/\/rodoaed.ee\/fi\/tuote\/hapettumiskansi-suuri-1kpl-pronssi\/","url":"https:\/\/rodoaed.ee\/fi\/tuote\/hapettumiskansi-suuri-1kpl-pronssi\/","name":"Hapettumiskansi, suuri 1kpl pronssi - Rodoaed","isPartOf":{"@id":"https:\/\/rodoaed.ee\/#website"},"primaryImageOfPage":{"@id":"https:\/\/rodoaed.ee\/fi\/tuote\/hapettumiskansi-suuri-1kpl-pronssi\/#primaryimage"},"image":{"@id":"https:\/\/rodoaed.ee\/fi\/tuote\/hapettumiskansi-suuri-1kpl-pronssi\/#primaryimage"},"thumbnailUrl":"https:\/\/rodoaed.ee\/wp-content\/uploads\/2026\/04\/1606771037C-scaled.jpg","datePublished":"2026-04-09T09:37:32+00:00","dateModified":"2026-04-17T07:18:36+00:00","breadcrumb":{"@id":"https:\/\/rodoaed.ee\/fi\/tuote\/hapettumiskansi-suuri-1kpl-pronssi\/#breadcrumb"},"inLanguage":"fi","potentialAction":[{"@type":"ReadAction","target":["https:\/\/rodoaed.ee\/fi\/tuote\/hapettumiskansi-suuri-1kpl-pronssi\/"]}]},{"@type":"ImageObject","inLanguage":"fi","@id":"https:\/\/rodoaed.ee\/fi\/tuote\/hapettumiskansi-suuri-1kpl-pronssi\/#primaryimage","url":"https:\/\/rodoaed.ee\/wp-content\/uploads\/2026\/04\/1606771037C-scaled.jpg","contentUrl":"https:\/\/rodoaed.ee\/wp-content\/uploads\/2026\/04\/1606771037C-scaled.jpg","width":2560,"height":1707,"caption":"hapettumiskaasu"},{"@type":"BreadcrumbList","@id":"https:\/\/rodoaed.ee\/fi\/tuote\/hapettumiskansi-suuri-1kpl-pronssi\/#breadcrumb","itemListElement":[{"@type":"ListItem","position":1,"name":"Home","item":"https:\/\/rodoaed.ee\/fi\/"},{"@type":"ListItem","position":2,"name":"Osta osoitteessa","item":"https:\/\/rodoaed.ee\/osta-osoitteessa\/"},{"@type":"ListItem","position":3,"name":"Hapettumiskansi, suuri 1kpl pronssi"}]},{"@type":"WebSite","@id":"https:\/\/rodoaed.ee\/#website","url":"https:\/\/rodoaed.ee\/","name":"Rodoaed","description":"","publisher":{"@id":"https:\/\/rodoaed.ee\/#organization"},"potentialAction":[{"@type":"SearchAction","target":{"@type":"EntryPoint","urlTemplate":"https:\/\/rodoaed.ee\/?s={search_term_string}"},"query-input":{"@type":"PropertyValueSpecification","valueRequired":true,"valueName":"search_term_string"}}],"inLanguage":"fi"},{"@type":"Organization","@id":"https:\/\/rodoaed.ee\/#organization","name":"Rodoaed","url":"https:\/\/rodoaed.ee\/","logo":{"@type":"ImageObject","inLanguage":"fi","@id":"https:\/\/rodoaed.ee\/#\/schema\/logo\/image\/","url":"https:\/\/rodoaed.ee\/wp-content\/uploads\/2019\/11\/rodoaed-logo-ilma-taustata.jpg","contentUrl":"https:\/\/rodoaed.ee\/wp-content\/uploads\/2019\/11\/rodoaed-logo-ilma-taustata.jpg","width":769,"height":268,"caption":"Rodoaed"},"image":{"@id":"https:\/\/rodoaed.ee\/#\/schema\/logo\/image\/"},"sameAs":["https:\/\/www.facebook.com\/kasvuhooned\/","https:\/\/rodoaed.ee"]}]}},"_links":{"self":[{"href":"https:\/\/rodoaed.ee\/fi\/wp-json\/wp\/v2\/product\/52600","targetHints":{"allow":["GET"]}}],"collection":[{"href":"https:\/\/rodoaed.ee\/fi\/wp-json\/wp\/v2\/product"}],"about":[{"href":"https:\/\/rodoaed.ee\/fi\/wp-json\/wp\/v2\/types\/product"}],"wp:featuredmedia":[{"embeddable":true,"href":"https:\/\/rodoaed.ee\/fi\/wp-json\/wp\/v2\/media\/52416"}],"wp:attachment":[{"href":"https:\/\/rodoaed.ee\/fi\/wp-json\/wp\/v2\/media?parent=52600"}],"wp:term":[{"taxonomy":"product_brand","embeddable":true,"href":"https:\/\/rodoaed.ee\/fi\/wp-json\/wp\/v2\/product_brand?post=52600"},{"taxonomy":"product_cat","embeddable":true,"href":"https:\/\/rodoaed.ee\/fi\/wp-json\/wp\/v2\/product_cat?post=52600"},{"taxonomy":"product_tag","embeddable":true,"href":"https:\/\/rodoaed.ee\/fi\/wp-json\/wp\/v2\/product_tag?post=52600"}],"curies":[{"name":"wp","href":"https:\/\/api.w.org\/{rel}","templated":true}]}}