{"id":52601,"date":"2025-12-05T13:23:42","date_gmt":"2025-12-05T11:23:42","guid":{"rendered":"https:\/\/rodoaed.ee\/toode\/z-mittakaavan-mallijunan-aloitussarja-taydellinen-lahja-kenelle-tahansa-miehelle\/"},"modified":"2026-04-17T10:18:32","modified_gmt":"2026-04-17T07:18:32","slug":"z-mittakaavan-mallijunan-aloitussarja-taydellinen-lahja-kenelle-tahansa-miehelle","status":"publish","type":"product","link":"https:\/\/rodoaed.ee\/fi\/tuote\/z-mittakaavan-mallijunan-aloitussarja-taydellinen-lahja-kenelle-tahansa-miehelle\/","title":{"rendered":"Z-mittakaavan mallijunan aloitussarja &#8211; t\u00e4ydellinen lahja kenelle tahansa miehelle."},"content":{"rendered":"<p><strong>Kuuluisa M\u00e4rklin-mallijunien aloitussarja<\/strong><\/p>\n<p><strong>Sopii erinomaiseksi lahjaksi sek\u00e4 teini-ik\u00e4iselle ett\u00e4 keski-ik\u00e4iselle uteliaalle.<\/strong><\/p>\n<p>&nbsp;<\/p>\n<p><strong>Prototyyppi<\/strong>: yksi DB:n 89-luokan h\u00f6yryveturi, yksi DB:n matalavetoinen vaunu, yksi &#8221;Wulle&#8221;-kylm\u00e4vaunu.<\/p>\n<p><strong>Malli<\/strong>:Veturi on valmistettu metallista ja siin\u00e4 on 5-napainen moottori. Kaikki py\u00f6r\u00e4t ovat vet\u00e4vi\u00e4. Kylm\u00e4vaunu on maalattu ja siihen on leimattu panimon nimi &#8221;Dinkelacker-Schwabenbr\u00e4u-GmbH, Stuttgart&#8221;.  <\/p>\n<p><strong>Sarja<\/strong> sis\u00e4lt\u00e4\u00e4 2 kappaletta suoraa rataa, 10 kappaletta kaarevaa rataa ja muuntolaitteen. Sarjaan kuuluu 230 voltin \/ 12 VA:n kytkent\u00e4virtal\u00e4hde, jossa on sopiva ajos\u00e4\u00e4din. Mukana toimitetaan my\u00f6s ratasuunnitelmaesite. Junan pituus on noin 160 mm. T\u00e4t\u00e4 aloitussarjaa voidaan laajentaa SET-ratajatkosarjoilla, tuotenumerot 8190 tai 8191, 8192, 8193 ja 8194 tai omien suunnitelmien mukaan.    <\/p>\n<p><strong>Z-mittakaava on 1:220, eli raideleveys on 6,5 mm.<\/strong><\/p>\n<p><strong>Vain saksalaiset pystyv\u00e4t pakkaamaan n\u00e4in paljon huipputeknologiaa ja -mekaniikkaa n\u00e4in pieneen malliin. Suunniteltu ja valmistettu Saksassa. Orignal M\u00e4rklin.  <\/strong><\/p>\n<div><a href=\"https:\/\/rodoaed.ee\/tootekategooria\/hobitooted-ja-manguasjad\/mudelrongid\/\">k\u00e4ynnist\u00e4<\/a><\/div>\n","protected":false},"excerpt":{"rendered":"<p>Kuuluisa M\u00e4rklin-mallijunien aloitussarja Sopii erinomaiseksi lahjaksi sek\u00e4 teini-ik\u00e4iselle ett\u00e4 keski-ik\u00e4iselle uteliaalle. &nbsp; Prototyyppi: yksi DB:n 89-luokan h\u00f6yryveturi, yksi DB:n matalavetoinen vaunu, yksi &#8221;Wulle&#8221;-kylm\u00e4vaunu. Malli:Veturi on valmistettu metallista ja siin\u00e4 on 5-napainen moottori. Kaikki py\u00f6r\u00e4t ovat vet\u00e4vi\u00e4. Kylm\u00e4vaunu on maalattu ja siihen on leimattu panimon nimi &#8221;Dinkelacker-Schwabenbr\u00e4u-GmbH, Stuttgart&#8221;. Sarja sis\u00e4lt\u00e4\u00e4 2 kappaletta suoraa rataa, 10 kappaletta kaarevaa rataa ja muuntolaitteen. Sarjaan kuuluu 230 voltin \/ 12&#8230;<\/p>\n","protected":false},"featured_media":51384,"template":"","meta":{"_acf_changed":false},"product_brand":[],"product_cat":[1763,1764,1765],"product_tag":[],"class_list":{"0":"post-52601","1":"product","2":"type-product","3":"status-publish","4":"has-post-thumbnail","6":"product_cat-harrastukset-ja-lelut","7":"product_cat-mallijunat","8":"product_cat-marklin-h0-mallijunat-yli-15-vuotiaille-ja-enintaan-99-vuotiaille","9":"product_shipping_class-toimitus-1-3-tyopaivan-kuluessa","10":"pa_variatsioon-junamalli-saksan-valtion-rautatiet-digitaalinen-aloitussarja","12":"first","13":"instock","14":"sale","15":"taxable","16":"shipping-taxable","17":"purchasable","18":"product-type-simple"},"acf":[],"yoast_head":"<!-- This site is optimized with the Yoast SEO Premium plugin v27.3 (Yoast SEO v27.3) - https:\/\/yoast.com\/product\/yoast-seo-premium-wordpress\/ -->\n<title>Z-mittakaavan mallijunan aloitussarja - t\u00e4ydellinen lahja kenelle tahansa miehelle. - Rodoaed<\/title>\n<meta name=\"robots\" content=\"index, follow, max-snippet:-1, max-image-preview:large, max-video-preview:-1\" \/>\n<link rel=\"canonical\" href=\"https:\/\/rodoaed.ee\/fi\/tuote\/z-mittakaavan-mallijunan-aloitussarja-taydellinen-lahja-kenelle-tahansa-miehelle\/\" \/>\n<meta property=\"og:locale\" content=\"fi_FI\" \/>\n<meta property=\"og:type\" content=\"article\" \/>\n<meta property=\"og:title\" content=\"Z-mittakaavan mallijunan aloitussarja - t\u00e4ydellinen lahja kenelle tahansa miehelle.\" \/>\n<meta property=\"og:description\" content=\"Kuuluisa M\u00e4rklin-mallijunien aloitussarja Sopii erinomaiseksi lahjaksi sek\u00e4 teini-ik\u00e4iselle ett\u00e4 keski-ik\u00e4iselle uteliaalle. &nbsp; Prototyyppi: yksi DB:n\" \/>\n<meta property=\"og:url\" content=\"https:\/\/rodoaed.ee\/fi\/tuote\/z-mittakaavan-mallijunan-aloitussarja-taydellinen-lahja-kenelle-tahansa-miehelle\/\" \/>\n<meta property=\"og:site_name\" content=\"Rodoaed\" \/>\n<meta property=\"article:publisher\" content=\"https:\/\/www.facebook.com\/kasvuhooned\/\" \/>\n<meta property=\"article:modified_time\" content=\"2026-04-17T07:18:32+00:00\" \/>\n<meta property=\"og:image\" content=\"https:\/\/rodoaed.ee\/wp-content\/uploads\/2025\/12\/81569_1.jpg\" \/>\n\t<meta property=\"og:image:width\" content=\"608\" \/>\n\t<meta property=\"og:image:height\" content=\"433\" \/>\n\t<meta property=\"og:image:type\" content=\"image\/jpeg\" \/>\n<meta name=\"twitter:card\" content=\"summary_large_image\" \/>\n<meta name=\"twitter:label1\" content=\"Arvioitu lukuaika\" \/>\n\t<meta name=\"twitter:data1\" content=\"1 minuutti\" \/>\n<script type=\"application\/ld+json\" class=\"yoast-schema-graph\">{\"@context\":\"https:\\\/\\\/schema.org\",\"@graph\":[{\"@type\":\"WebPage\",\"@id\":\"https:\\\/\\\/rodoaed.ee\\\/fi\\\/tuote\\\/z-mittakaavan-mallijunan-aloitussarja-taydellinen-lahja-kenelle-tahansa-miehelle\\\/\",\"url\":\"https:\\\/\\\/rodoaed.ee\\\/fi\\\/tuote\\\/z-mittakaavan-mallijunan-aloitussarja-taydellinen-lahja-kenelle-tahansa-miehelle\\\/\",\"name\":\"Z-mittakaavan mallijunan aloitussarja - t\u00e4ydellinen lahja kenelle tahansa miehelle. - Rodoaed\",\"isPartOf\":{\"@id\":\"https:\\\/\\\/rodoaed.ee\\\/#website\"},\"primaryImageOfPage\":{\"@id\":\"https:\\\/\\\/rodoaed.ee\\\/fi\\\/tuote\\\/z-mittakaavan-mallijunan-aloitussarja-taydellinen-lahja-kenelle-tahansa-miehelle\\\/#primaryimage\"},\"image\":{\"@id\":\"https:\\\/\\\/rodoaed.ee\\\/fi\\\/tuote\\\/z-mittakaavan-mallijunan-aloitussarja-taydellinen-lahja-kenelle-tahansa-miehelle\\\/#primaryimage\"},\"thumbnailUrl\":\"https:\\\/\\\/rodoaed.ee\\\/wp-content\\\/uploads\\\/2025\\\/12\\\/81569_1.jpg\",\"datePublished\":\"2025-12-05T11:23:42+00:00\",\"dateModified\":\"2026-04-17T07:18:32+00:00\",\"breadcrumb\":{\"@id\":\"https:\\\/\\\/rodoaed.ee\\\/fi\\\/tuote\\\/z-mittakaavan-mallijunan-aloitussarja-taydellinen-lahja-kenelle-tahansa-miehelle\\\/#breadcrumb\"},\"inLanguage\":\"fi\",\"potentialAction\":[{\"@type\":\"ReadAction\",\"target\":[\"https:\\\/\\\/rodoaed.ee\\\/fi\\\/tuote\\\/z-mittakaavan-mallijunan-aloitussarja-taydellinen-lahja-kenelle-tahansa-miehelle\\\/\"]}]},{\"@type\":\"ImageObject\",\"inLanguage\":\"fi\",\"@id\":\"https:\\\/\\\/rodoaed.ee\\\/fi\\\/tuote\\\/z-mittakaavan-mallijunan-aloitussarja-taydellinen-lahja-kenelle-tahansa-miehelle\\\/#primaryimage\",\"url\":\"https:\\\/\\\/rodoaed.ee\\\/wp-content\\\/uploads\\\/2025\\\/12\\\/81569_1.jpg\",\"contentUrl\":\"https:\\\/\\\/rodoaed.ee\\\/wp-content\\\/uploads\\\/2025\\\/12\\\/81569_1.jpg\",\"width\":608,\"height\":433},{\"@type\":\"BreadcrumbList\",\"@id\":\"https:\\\/\\\/rodoaed.ee\\\/fi\\\/tuote\\\/z-mittakaavan-mallijunan-aloitussarja-taydellinen-lahja-kenelle-tahansa-miehelle\\\/#breadcrumb\",\"itemListElement\":[{\"@type\":\"ListItem\",\"position\":1,\"name\":\"Home\",\"item\":\"https:\\\/\\\/rodoaed.ee\\\/fi\\\/\"},{\"@type\":\"ListItem\",\"position\":2,\"name\":\"Osta osoitteessa\",\"item\":\"https:\\\/\\\/rodoaed.ee\\\/osta-osoitteessa\\\/\"},{\"@type\":\"ListItem\",\"position\":3,\"name\":\"Z-mittakaavan mallijunan aloitussarja &#8211; t\u00e4ydellinen lahja kenelle tahansa miehelle.\"}]},{\"@type\":\"WebSite\",\"@id\":\"https:\\\/\\\/rodoaed.ee\\\/#website\",\"url\":\"https:\\\/\\\/rodoaed.ee\\\/\",\"name\":\"Rodoaed\",\"description\":\"\",\"publisher\":{\"@id\":\"https:\\\/\\\/rodoaed.ee\\\/#organization\"},\"potentialAction\":[{\"@type\":\"SearchAction\",\"target\":{\"@type\":\"EntryPoint\",\"urlTemplate\":\"https:\\\/\\\/rodoaed.ee\\\/?s={search_term_string}\"},\"query-input\":{\"@type\":\"PropertyValueSpecification\",\"valueRequired\":true,\"valueName\":\"search_term_string\"}}],\"inLanguage\":\"fi\"},{\"@type\":\"Organization\",\"@id\":\"https:\\\/\\\/rodoaed.ee\\\/#organization\",\"name\":\"Rodoaed\",\"url\":\"https:\\\/\\\/rodoaed.ee\\\/\",\"logo\":{\"@type\":\"ImageObject\",\"inLanguage\":\"fi\",\"@id\":\"https:\\\/\\\/rodoaed.ee\\\/#\\\/schema\\\/logo\\\/image\\\/\",\"url\":\"https:\\\/\\\/rodoaed.ee\\\/wp-content\\\/uploads\\\/2019\\\/11\\\/rodoaed-logo-ilma-taustata.jpg\",\"contentUrl\":\"https:\\\/\\\/rodoaed.ee\\\/wp-content\\\/uploads\\\/2019\\\/11\\\/rodoaed-logo-ilma-taustata.jpg\",\"width\":769,\"height\":268,\"caption\":\"Rodoaed\"},\"image\":{\"@id\":\"https:\\\/\\\/rodoaed.ee\\\/#\\\/schema\\\/logo\\\/image\\\/\"},\"sameAs\":[\"https:\\\/\\\/www.facebook.com\\\/kasvuhooned\\\/\",\"https:\\\/\\\/rodoaed.ee\"]}]}<\/script>\n<!-- \/ Yoast SEO Premium plugin. -->","yoast_head_json":{"title":"Z-mittakaavan mallijunan aloitussarja - t\u00e4ydellinen lahja kenelle tahansa miehelle. - Rodoaed","robots":{"index":"index","follow":"follow","max-snippet":"max-snippet:-1","max-image-preview":"max-image-preview:large","max-video-preview":"max-video-preview:-1"},"canonical":"https:\/\/rodoaed.ee\/fi\/tuote\/z-mittakaavan-mallijunan-aloitussarja-taydellinen-lahja-kenelle-tahansa-miehelle\/","og_locale":"fi_FI","og_type":"article","og_title":"Z-mittakaavan mallijunan aloitussarja - t\u00e4ydellinen lahja kenelle tahansa miehelle.","og_description":"Kuuluisa M\u00e4rklin-mallijunien aloitussarja Sopii erinomaiseksi lahjaksi sek\u00e4 teini-ik\u00e4iselle ett\u00e4 keski-ik\u00e4iselle uteliaalle. &nbsp; Prototyyppi: yksi DB:n","og_url":"https:\/\/rodoaed.ee\/fi\/tuote\/z-mittakaavan-mallijunan-aloitussarja-taydellinen-lahja-kenelle-tahansa-miehelle\/","og_site_name":"Rodoaed","article_publisher":"https:\/\/www.facebook.com\/kasvuhooned\/","article_modified_time":"2026-04-17T07:18:32+00:00","og_image":[{"width":608,"height":433,"url":"https:\/\/rodoaed.ee\/wp-content\/uploads\/2025\/12\/81569_1.jpg","type":"image\/jpeg"}],"twitter_card":"summary_large_image","twitter_misc":{"Arvioitu lukuaika":"1 minuutti"},"schema":{"@context":"https:\/\/schema.org","@graph":[{"@type":"WebPage","@id":"https:\/\/rodoaed.ee\/fi\/tuote\/z-mittakaavan-mallijunan-aloitussarja-taydellinen-lahja-kenelle-tahansa-miehelle\/","url":"https:\/\/rodoaed.ee\/fi\/tuote\/z-mittakaavan-mallijunan-aloitussarja-taydellinen-lahja-kenelle-tahansa-miehelle\/","name":"Z-mittakaavan mallijunan aloitussarja - t\u00e4ydellinen lahja kenelle tahansa miehelle. - Rodoaed","isPartOf":{"@id":"https:\/\/rodoaed.ee\/#website"},"primaryImageOfPage":{"@id":"https:\/\/rodoaed.ee\/fi\/tuote\/z-mittakaavan-mallijunan-aloitussarja-taydellinen-lahja-kenelle-tahansa-miehelle\/#primaryimage"},"image":{"@id":"https:\/\/rodoaed.ee\/fi\/tuote\/z-mittakaavan-mallijunan-aloitussarja-taydellinen-lahja-kenelle-tahansa-miehelle\/#primaryimage"},"thumbnailUrl":"https:\/\/rodoaed.ee\/wp-content\/uploads\/2025\/12\/81569_1.jpg","datePublished":"2025-12-05T11:23:42+00:00","dateModified":"2026-04-17T07:18:32+00:00","breadcrumb":{"@id":"https:\/\/rodoaed.ee\/fi\/tuote\/z-mittakaavan-mallijunan-aloitussarja-taydellinen-lahja-kenelle-tahansa-miehelle\/#breadcrumb"},"inLanguage":"fi","potentialAction":[{"@type":"ReadAction","target":["https:\/\/rodoaed.ee\/fi\/tuote\/z-mittakaavan-mallijunan-aloitussarja-taydellinen-lahja-kenelle-tahansa-miehelle\/"]}]},{"@type":"ImageObject","inLanguage":"fi","@id":"https:\/\/rodoaed.ee\/fi\/tuote\/z-mittakaavan-mallijunan-aloitussarja-taydellinen-lahja-kenelle-tahansa-miehelle\/#primaryimage","url":"https:\/\/rodoaed.ee\/wp-content\/uploads\/2025\/12\/81569_1.jpg","contentUrl":"https:\/\/rodoaed.ee\/wp-content\/uploads\/2025\/12\/81569_1.jpg","width":608,"height":433},{"@type":"BreadcrumbList","@id":"https:\/\/rodoaed.ee\/fi\/tuote\/z-mittakaavan-mallijunan-aloitussarja-taydellinen-lahja-kenelle-tahansa-miehelle\/#breadcrumb","itemListElement":[{"@type":"ListItem","position":1,"name":"Home","item":"https:\/\/rodoaed.ee\/fi\/"},{"@type":"ListItem","position":2,"name":"Osta osoitteessa","item":"https:\/\/rodoaed.ee\/osta-osoitteessa\/"},{"@type":"ListItem","position":3,"name":"Z-mittakaavan mallijunan aloitussarja &#8211; t\u00e4ydellinen lahja kenelle tahansa miehelle."}]},{"@type":"WebSite","@id":"https:\/\/rodoaed.ee\/#website","url":"https:\/\/rodoaed.ee\/","name":"Rodoaed","description":"","publisher":{"@id":"https:\/\/rodoaed.ee\/#organization"},"potentialAction":[{"@type":"SearchAction","target":{"@type":"EntryPoint","urlTemplate":"https:\/\/rodoaed.ee\/?s={search_term_string}"},"query-input":{"@type":"PropertyValueSpecification","valueRequired":true,"valueName":"search_term_string"}}],"inLanguage":"fi"},{"@type":"Organization","@id":"https:\/\/rodoaed.ee\/#organization","name":"Rodoaed","url":"https:\/\/rodoaed.ee\/","logo":{"@type":"ImageObject","inLanguage":"fi","@id":"https:\/\/rodoaed.ee\/#\/schema\/logo\/image\/","url":"https:\/\/rodoaed.ee\/wp-content\/uploads\/2019\/11\/rodoaed-logo-ilma-taustata.jpg","contentUrl":"https:\/\/rodoaed.ee\/wp-content\/uploads\/2019\/11\/rodoaed-logo-ilma-taustata.jpg","width":769,"height":268,"caption":"Rodoaed"},"image":{"@id":"https:\/\/rodoaed.ee\/#\/schema\/logo\/image\/"},"sameAs":["https:\/\/www.facebook.com\/kasvuhooned\/","https:\/\/rodoaed.ee"]}]}},"_links":{"self":[{"href":"https:\/\/rodoaed.ee\/fi\/wp-json\/wp\/v2\/product\/52601","targetHints":{"allow":["GET"]}}],"collection":[{"href":"https:\/\/rodoaed.ee\/fi\/wp-json\/wp\/v2\/product"}],"about":[{"href":"https:\/\/rodoaed.ee\/fi\/wp-json\/wp\/v2\/types\/product"}],"wp:featuredmedia":[{"embeddable":true,"href":"https:\/\/rodoaed.ee\/fi\/wp-json\/wp\/v2\/media\/51384"}],"wp:attachment":[{"href":"https:\/\/rodoaed.ee\/fi\/wp-json\/wp\/v2\/media?parent=52601"}],"wp:term":[{"taxonomy":"product_brand","embeddable":true,"href":"https:\/\/rodoaed.ee\/fi\/wp-json\/wp\/v2\/product_brand?post=52601"},{"taxonomy":"product_cat","embeddable":true,"href":"https:\/\/rodoaed.ee\/fi\/wp-json\/wp\/v2\/product_cat?post=52601"},{"taxonomy":"product_tag","embeddable":true,"href":"https:\/\/rodoaed.ee\/fi\/wp-json\/wp\/v2\/product_tag?post=52601"}],"curies":[{"name":"wp","href":"https:\/\/api.w.org\/{rel}","templated":true}]}}