{"id":52602,"date":"2026-01-23T13:07:58","date_gmt":"2026-01-23T11:07:58","guid":{"rendered":"https:\/\/rodoaed.ee\/toode\/megapromise-12-hyonteisrasva-premium-rehukakku-36kg-varastossa\/"},"modified":"2026-04-17T10:16:49","modified_gmt":"2026-04-17T07:16:49","slug":"megapromise-12-hyonteisrasva-premium-rehukakku-36kg-varastossa","status":"publish","type":"product","link":"https:\/\/rodoaed.ee\/fi\/tuote\/megapromise-12-hyonteisrasva-premium-rehukakku-36kg-varastossa\/","title":{"rendered":"Megapromise &#8211; 12 Hy\u00f6nteisrasva Premium Rehukakku 3,6kg- VARASTOSSA!"},"content":{"rendered":"<p><strong>Eritt\u00e4in energia- ja proteiinipitoiset rehukakut, joissa on p\u00e4hkin\u00e4rasvaa.<\/strong><\/p>\n<p><strong>Ruokintakakut ovat eritt\u00e4in suosittua lintujen ruokintaa sek\u00e4 kes\u00e4ll\u00e4 ett\u00e4 talvella. Ruokintakakkujen energiasis\u00e4lt\u00f6 on eritt\u00e4in korkea, ja ne sopivat kaikille puutarhoissamme asuville tai talvehtiville linnuille. <\/strong><\/p>\n<p>Rehukakut valmistetaan vain korkealaatuisista raaka-aineista. Tarjoamme erilaisia kakkuja, joissa on erilaisia ainesosia lintujen makuun ja tarpeisiin sopiviksi. <\/p>\n<p>Kakut on puristettu k\u00e4tev\u00e4\u00e4n kokoon, jotta ne on helppo s\u00e4ilytt\u00e4\u00e4 ja sijoittaa pidikkeeseen. Kakkuja k\u00e4ytet\u00e4\u00e4n erikoisruokinta-alustoissa tai ruokinta-alustoissa, joista lintujen on eritt\u00e4in k\u00e4tev\u00e4 sy\u00f6d\u00e4. N\u00e4it\u00e4 taloudellisia ja k\u00e4tevi\u00e4 rehukakunpidikkeit\u00e4 on saatavana yhdelle, kahdelle ja kolmelle rehukakulle.  <\/p>\n<p>Poista muovik\u00e4\u00e4re kakusta, pudota kakku pidikkeeseen ja ripusta pidike joko puun oksaan tai linnunruokintalaitteen pohjaan.<\/p>\n<p>Kes\u00e4ll\u00e4 tai l\u00e4mpim\u00e4ll\u00e4 s\u00e4\u00e4ll\u00e4 k\u00e4ytett\u00e4ess\u00e4 on k\u00e4tev\u00e4mp\u00e4\u00e4 s\u00e4ilytt\u00e4\u00e4 rehukakkuja j\u00e4\u00e4kaapissa etuk\u00e4teen.<\/p>\n<p><strong>Rehukakut eiv\u00e4t sis\u00e4ll\u00e4 halpoja t\u00e4yteaineita, kuten tuhkaa, hiekkaa jne., jotka tekisiv\u00e4t tuotannosta halvempaa, mutta eiv\u00e4t kelpaisi linnuille sy\u00f6t\u00e4v\u00e4ksi. Koko seos koostuu vain korkealaatuisista ainesosista. <\/strong><\/p>\n<p><strong>Paino: 12 x 300 g = 3600 g.<\/strong><\/p>\n<p><strong><span class=\"a-list-item\">T\u00e4rkeimm\u00e4t ominaisuudet:<\/span><\/strong><\/p>\n<ul class=\"a-unordered-list a-vertical a-spacing-mini\">\n<li><span class=\"a-list-item\">Lis\u00e4tty ylim\u00e4\u00e4r\u00e4inen energiam\u00e4\u00e4r\u00e4<\/span><\/li>\n<li><span class=\"a-list-item\">Rasvoja ja proteiineja<\/span><\/li>\n<li>Lis\u00e4tty runsaasti \u00f6ljy\u00e4 sis\u00e4lt\u00e4v\u00e4t maap\u00e4hkin\u00e4t<\/li>\n<li><span class=\"a-list-item\">Ihanteellinen talviruokintaan mutta my\u00f6s ymp\u00e4rivuotiseen k\u00e4ytt\u00f6\u00f6n.<\/span><\/li>\n<li><span class=\"a-list-item\">Sopii sek\u00e4 siemeni\u00e4 sy\u00f6ville ett\u00e4 pehme\u00e4\u00e4 ruokaa sy\u00f6ville linnuille.<\/span><\/li>\n<\/ul>\n<p><a href=\"https:\/\/rodoaed.ee\/tootekategooria\/pesakastid-ja-linnusoogid\/linnusoogid-ja-linnusoogimajad\/\">k\u00e4ynnist\u00e4<\/a><\/p>\n","protected":false},"excerpt":{"rendered":"<p>Eritt\u00e4in energia- ja proteiinipitoiset rehukakut, joissa on p\u00e4hkin\u00e4rasvaa. Ruokintakakut ovat eritt\u00e4in suosittua lintujen ruokintaa sek\u00e4 kes\u00e4ll\u00e4 ett\u00e4 talvella. Ruokintakakkujen energiasis\u00e4lt\u00f6 on eritt\u00e4in korkea, ja ne sopivat kaikille puutarhoissamme asuville tai talvehtiville linnuille. Rehukakut valmistetaan vain korkealaatuisista raaka-aineista. Tarjoamme erilaisia kakkuja, joissa on erilaisia ainesosia lintujen makuun ja tarpeisiin sopiviksi. Kakut on puristettu k\u00e4tev\u00e4\u00e4n kokoon, jotta ne on helppo s\u00e4ilytt\u00e4\u00e4 ja sijoittaa pidikkeeseen. Kakkuja k\u00e4ytet\u00e4\u00e4n erikoisruokinta-alustoissa&#8230;<\/p>\n","protected":false},"featured_media":51598,"template":"","meta":{"_acf_changed":false},"product_brand":[],"product_cat":[1767,1768],"product_tag":[],"class_list":{"0":"post-52602","1":"product","2":"type-product","3":"status-publish","4":"has-post-thumbnail","6":"product_cat-linnaillalliset-ja-linnan-ravintolat","7":"product_cat-lintujen-ruokintakakut","8":"product_shipping_class-toimitus-1-3-tyopaivan-kuluessa","9":"pa_variatsioon-17-erikoistarjous-4-rehukakusta","11":"first","12":"instock","13":"sale","14":"taxable","15":"shipping-taxable","16":"purchasable","17":"product-type-simple"},"acf":[],"yoast_head":"<!-- This site is optimized with the Yoast SEO Premium plugin v27.3 (Yoast SEO v27.3) - https:\/\/yoast.com\/product\/yoast-seo-premium-wordpress\/ -->\n<title>Megapromise - 12 Hy\u00f6nteisrasva Premium Rehukakku 3,6kg- VARASTOSSA! - Rodoaed<\/title>\n<meta name=\"robots\" content=\"index, follow, max-snippet:-1, max-image-preview:large, max-video-preview:-1\" \/>\n<link rel=\"canonical\" href=\"https:\/\/rodoaed.ee\/fi\/tuote\/megapromise-12-hyonteisrasva-premium-rehukakku-36kg-varastossa\/\" \/>\n<meta property=\"og:locale\" content=\"fi_FI\" \/>\n<meta property=\"og:type\" content=\"article\" \/>\n<meta property=\"og:title\" content=\"Megapromise - 12 Hy\u00f6nteisrasva Premium Rehukakku 3,6kg- VARASTOSSA!\" \/>\n<meta property=\"og:description\" content=\"Eritt\u00e4in energia- ja proteiinipitoiset rehukakut, joissa on p\u00e4hkin\u00e4rasvaa. Ruokintakakut ovat eritt\u00e4in suosittua lintujen ruokintaa sek\u00e4 kes\u00e4ll\u00e4 ett\u00e4\" \/>\n<meta property=\"og:url\" content=\"https:\/\/rodoaed.ee\/fi\/tuote\/megapromise-12-hyonteisrasva-premium-rehukakku-36kg-varastossa\/\" \/>\n<meta property=\"og:site_name\" content=\"Rodoaed\" \/>\n<meta property=\"article:publisher\" content=\"https:\/\/www.facebook.com\/kasvuhooned\/\" \/>\n<meta property=\"article:modified_time\" content=\"2026-04-17T07:16:49+00:00\" \/>\n<meta property=\"og:image\" content=\"https:\/\/rodoaed.ee\/wp-content\/uploads\/2026\/01\/soodakoogid_1.jpg\" \/>\n\t<meta property=\"og:image:width\" content=\"1424\" \/>\n\t<meta property=\"og:image:height\" content=\"1500\" \/>\n\t<meta property=\"og:image:type\" content=\"image\/jpeg\" \/>\n<meta name=\"twitter:card\" content=\"summary_large_image\" \/>\n<meta name=\"twitter:label1\" content=\"Arvioitu lukuaika\" \/>\n\t<meta name=\"twitter:data1\" content=\"1 minuutti\" \/>\n<script type=\"application\/ld+json\" class=\"yoast-schema-graph\">{\"@context\":\"https:\\\/\\\/schema.org\",\"@graph\":[{\"@type\":\"WebPage\",\"@id\":\"https:\\\/\\\/rodoaed.ee\\\/fi\\\/tuote\\\/megapromise-12-hyonteisrasva-premium-rehukakku-36kg-varastossa\\\/\",\"url\":\"https:\\\/\\\/rodoaed.ee\\\/fi\\\/tuote\\\/megapromise-12-hyonteisrasva-premium-rehukakku-36kg-varastossa\\\/\",\"name\":\"Megapromise - 12 Hy\u00f6nteisrasva Premium Rehukakku 3,6kg- VARASTOSSA! - Rodoaed\",\"isPartOf\":{\"@id\":\"https:\\\/\\\/rodoaed.ee\\\/#website\"},\"primaryImageOfPage\":{\"@id\":\"https:\\\/\\\/rodoaed.ee\\\/fi\\\/tuote\\\/megapromise-12-hyonteisrasva-premium-rehukakku-36kg-varastossa\\\/#primaryimage\"},\"image\":{\"@id\":\"https:\\\/\\\/rodoaed.ee\\\/fi\\\/tuote\\\/megapromise-12-hyonteisrasva-premium-rehukakku-36kg-varastossa\\\/#primaryimage\"},\"thumbnailUrl\":\"https:\\\/\\\/rodoaed.ee\\\/wp-content\\\/uploads\\\/2026\\\/01\\\/soodakoogid_1.jpg\",\"datePublished\":\"2026-01-23T11:07:58+00:00\",\"dateModified\":\"2026-04-17T07:16:49+00:00\",\"breadcrumb\":{\"@id\":\"https:\\\/\\\/rodoaed.ee\\\/fi\\\/tuote\\\/megapromise-12-hyonteisrasva-premium-rehukakku-36kg-varastossa\\\/#breadcrumb\"},\"inLanguage\":\"fi\",\"potentialAction\":[{\"@type\":\"ReadAction\",\"target\":[\"https:\\\/\\\/rodoaed.ee\\\/fi\\\/tuote\\\/megapromise-12-hyonteisrasva-premium-rehukakku-36kg-varastossa\\\/\"]}]},{\"@type\":\"ImageObject\",\"inLanguage\":\"fi\",\"@id\":\"https:\\\/\\\/rodoaed.ee\\\/fi\\\/tuote\\\/megapromise-12-hyonteisrasva-premium-rehukakku-36kg-varastossa\\\/#primaryimage\",\"url\":\"https:\\\/\\\/rodoaed.ee\\\/wp-content\\\/uploads\\\/2026\\\/01\\\/soodakoogid_1.jpg\",\"contentUrl\":\"https:\\\/\\\/rodoaed.ee\\\/wp-content\\\/uploads\\\/2026\\\/01\\\/soodakoogid_1.jpg\",\"width\":1424,\"height\":1500},{\"@type\":\"BreadcrumbList\",\"@id\":\"https:\\\/\\\/rodoaed.ee\\\/fi\\\/tuote\\\/megapromise-12-hyonteisrasva-premium-rehukakku-36kg-varastossa\\\/#breadcrumb\",\"itemListElement\":[{\"@type\":\"ListItem\",\"position\":1,\"name\":\"Home\",\"item\":\"https:\\\/\\\/rodoaed.ee\\\/fi\\\/\"},{\"@type\":\"ListItem\",\"position\":2,\"name\":\"Osta osoitteessa\",\"item\":\"https:\\\/\\\/rodoaed.ee\\\/osta-osoitteessa\\\/\"},{\"@type\":\"ListItem\",\"position\":3,\"name\":\"Megapromise &#8211; 12 Hy\u00f6nteisrasva Premium Rehukakku 3,6kg- VARASTOSSA!\"}]},{\"@type\":\"WebSite\",\"@id\":\"https:\\\/\\\/rodoaed.ee\\\/#website\",\"url\":\"https:\\\/\\\/rodoaed.ee\\\/\",\"name\":\"Rodoaed\",\"description\":\"\",\"publisher\":{\"@id\":\"https:\\\/\\\/rodoaed.ee\\\/#organization\"},\"potentialAction\":[{\"@type\":\"SearchAction\",\"target\":{\"@type\":\"EntryPoint\",\"urlTemplate\":\"https:\\\/\\\/rodoaed.ee\\\/?s={search_term_string}\"},\"query-input\":{\"@type\":\"PropertyValueSpecification\",\"valueRequired\":true,\"valueName\":\"search_term_string\"}}],\"inLanguage\":\"fi\"},{\"@type\":\"Organization\",\"@id\":\"https:\\\/\\\/rodoaed.ee\\\/#organization\",\"name\":\"Rodoaed\",\"url\":\"https:\\\/\\\/rodoaed.ee\\\/\",\"logo\":{\"@type\":\"ImageObject\",\"inLanguage\":\"fi\",\"@id\":\"https:\\\/\\\/rodoaed.ee\\\/#\\\/schema\\\/logo\\\/image\\\/\",\"url\":\"https:\\\/\\\/rodoaed.ee\\\/wp-content\\\/uploads\\\/2019\\\/11\\\/rodoaed-logo-ilma-taustata.jpg\",\"contentUrl\":\"https:\\\/\\\/rodoaed.ee\\\/wp-content\\\/uploads\\\/2019\\\/11\\\/rodoaed-logo-ilma-taustata.jpg\",\"width\":769,\"height\":268,\"caption\":\"Rodoaed\"},\"image\":{\"@id\":\"https:\\\/\\\/rodoaed.ee\\\/#\\\/schema\\\/logo\\\/image\\\/\"},\"sameAs\":[\"https:\\\/\\\/www.facebook.com\\\/kasvuhooned\\\/\",\"https:\\\/\\\/rodoaed.ee\"]}]}<\/script>\n<!-- \/ Yoast SEO Premium plugin. -->","yoast_head_json":{"title":"Megapromise - 12 Hy\u00f6nteisrasva Premium Rehukakku 3,6kg- VARASTOSSA! - Rodoaed","robots":{"index":"index","follow":"follow","max-snippet":"max-snippet:-1","max-image-preview":"max-image-preview:large","max-video-preview":"max-video-preview:-1"},"canonical":"https:\/\/rodoaed.ee\/fi\/tuote\/megapromise-12-hyonteisrasva-premium-rehukakku-36kg-varastossa\/","og_locale":"fi_FI","og_type":"article","og_title":"Megapromise - 12 Hy\u00f6nteisrasva Premium Rehukakku 3,6kg- VARASTOSSA!","og_description":"Eritt\u00e4in energia- ja proteiinipitoiset rehukakut, joissa on p\u00e4hkin\u00e4rasvaa. Ruokintakakut ovat eritt\u00e4in suosittua lintujen ruokintaa sek\u00e4 kes\u00e4ll\u00e4 ett\u00e4","og_url":"https:\/\/rodoaed.ee\/fi\/tuote\/megapromise-12-hyonteisrasva-premium-rehukakku-36kg-varastossa\/","og_site_name":"Rodoaed","article_publisher":"https:\/\/www.facebook.com\/kasvuhooned\/","article_modified_time":"2026-04-17T07:16:49+00:00","og_image":[{"width":1424,"height":1500,"url":"https:\/\/rodoaed.ee\/wp-content\/uploads\/2026\/01\/soodakoogid_1.jpg","type":"image\/jpeg"}],"twitter_card":"summary_large_image","twitter_misc":{"Arvioitu lukuaika":"1 minuutti"},"schema":{"@context":"https:\/\/schema.org","@graph":[{"@type":"WebPage","@id":"https:\/\/rodoaed.ee\/fi\/tuote\/megapromise-12-hyonteisrasva-premium-rehukakku-36kg-varastossa\/","url":"https:\/\/rodoaed.ee\/fi\/tuote\/megapromise-12-hyonteisrasva-premium-rehukakku-36kg-varastossa\/","name":"Megapromise - 12 Hy\u00f6nteisrasva Premium Rehukakku 3,6kg- VARASTOSSA! - Rodoaed","isPartOf":{"@id":"https:\/\/rodoaed.ee\/#website"},"primaryImageOfPage":{"@id":"https:\/\/rodoaed.ee\/fi\/tuote\/megapromise-12-hyonteisrasva-premium-rehukakku-36kg-varastossa\/#primaryimage"},"image":{"@id":"https:\/\/rodoaed.ee\/fi\/tuote\/megapromise-12-hyonteisrasva-premium-rehukakku-36kg-varastossa\/#primaryimage"},"thumbnailUrl":"https:\/\/rodoaed.ee\/wp-content\/uploads\/2026\/01\/soodakoogid_1.jpg","datePublished":"2026-01-23T11:07:58+00:00","dateModified":"2026-04-17T07:16:49+00:00","breadcrumb":{"@id":"https:\/\/rodoaed.ee\/fi\/tuote\/megapromise-12-hyonteisrasva-premium-rehukakku-36kg-varastossa\/#breadcrumb"},"inLanguage":"fi","potentialAction":[{"@type":"ReadAction","target":["https:\/\/rodoaed.ee\/fi\/tuote\/megapromise-12-hyonteisrasva-premium-rehukakku-36kg-varastossa\/"]}]},{"@type":"ImageObject","inLanguage":"fi","@id":"https:\/\/rodoaed.ee\/fi\/tuote\/megapromise-12-hyonteisrasva-premium-rehukakku-36kg-varastossa\/#primaryimage","url":"https:\/\/rodoaed.ee\/wp-content\/uploads\/2026\/01\/soodakoogid_1.jpg","contentUrl":"https:\/\/rodoaed.ee\/wp-content\/uploads\/2026\/01\/soodakoogid_1.jpg","width":1424,"height":1500},{"@type":"BreadcrumbList","@id":"https:\/\/rodoaed.ee\/fi\/tuote\/megapromise-12-hyonteisrasva-premium-rehukakku-36kg-varastossa\/#breadcrumb","itemListElement":[{"@type":"ListItem","position":1,"name":"Home","item":"https:\/\/rodoaed.ee\/fi\/"},{"@type":"ListItem","position":2,"name":"Osta osoitteessa","item":"https:\/\/rodoaed.ee\/osta-osoitteessa\/"},{"@type":"ListItem","position":3,"name":"Megapromise &#8211; 12 Hy\u00f6nteisrasva Premium Rehukakku 3,6kg- VARASTOSSA!"}]},{"@type":"WebSite","@id":"https:\/\/rodoaed.ee\/#website","url":"https:\/\/rodoaed.ee\/","name":"Rodoaed","description":"","publisher":{"@id":"https:\/\/rodoaed.ee\/#organization"},"potentialAction":[{"@type":"SearchAction","target":{"@type":"EntryPoint","urlTemplate":"https:\/\/rodoaed.ee\/?s={search_term_string}"},"query-input":{"@type":"PropertyValueSpecification","valueRequired":true,"valueName":"search_term_string"}}],"inLanguage":"fi"},{"@type":"Organization","@id":"https:\/\/rodoaed.ee\/#organization","name":"Rodoaed","url":"https:\/\/rodoaed.ee\/","logo":{"@type":"ImageObject","inLanguage":"fi","@id":"https:\/\/rodoaed.ee\/#\/schema\/logo\/image\/","url":"https:\/\/rodoaed.ee\/wp-content\/uploads\/2019\/11\/rodoaed-logo-ilma-taustata.jpg","contentUrl":"https:\/\/rodoaed.ee\/wp-content\/uploads\/2019\/11\/rodoaed-logo-ilma-taustata.jpg","width":769,"height":268,"caption":"Rodoaed"},"image":{"@id":"https:\/\/rodoaed.ee\/#\/schema\/logo\/image\/"},"sameAs":["https:\/\/www.facebook.com\/kasvuhooned\/","https:\/\/rodoaed.ee"]}]}},"_links":{"self":[{"href":"https:\/\/rodoaed.ee\/fi\/wp-json\/wp\/v2\/product\/52602","targetHints":{"allow":["GET"]}}],"collection":[{"href":"https:\/\/rodoaed.ee\/fi\/wp-json\/wp\/v2\/product"}],"about":[{"href":"https:\/\/rodoaed.ee\/fi\/wp-json\/wp\/v2\/types\/product"}],"wp:featuredmedia":[{"embeddable":true,"href":"https:\/\/rodoaed.ee\/fi\/wp-json\/wp\/v2\/media\/51598"}],"wp:attachment":[{"href":"https:\/\/rodoaed.ee\/fi\/wp-json\/wp\/v2\/media?parent=52602"}],"wp:term":[{"taxonomy":"product_brand","embeddable":true,"href":"https:\/\/rodoaed.ee\/fi\/wp-json\/wp\/v2\/product_brand?post=52602"},{"taxonomy":"product_cat","embeddable":true,"href":"https:\/\/rodoaed.ee\/fi\/wp-json\/wp\/v2\/product_cat?post=52602"},{"taxonomy":"product_tag","embeddable":true,"href":"https:\/\/rodoaed.ee\/fi\/wp-json\/wp\/v2\/product_tag?post=52602"}],"curies":[{"name":"wp","href":"https:\/\/api.w.org\/{rel}","templated":true}]}}