{"id":52605,"date":"2025-09-04T16:34:45","date_gmt":"2025-09-04T13:34:45","guid":{"rendered":"https:\/\/rodoaed.ee\/toode\/elintarvikekuivain-atacama-pro-plus-11-000cm2-uusin-tahan-hintaan\/"},"modified":"2026-04-17T10:16:38","modified_gmt":"2026-04-17T07:16:38","slug":"elintarvikekuivain-atacama-pro-plus-11-000cm2-uusin-tahan-hintaan","status":"publish","type":"product","link":"https:\/\/rodoaed.ee\/fi\/tuote\/elintarvikekuivain-atacama-pro-plus-11-000cm2-uusin-tahan-hintaan\/","title":{"rendered":"Elintarvikekuivain Atacama PRO Plus- 11 000cm2- uusin t\u00e4h\u00e4n hintaan"},"content":{"rendered":"<p><strong>Atacama Pro Plus -mallissa on kaksinkertainen 11 000 cm2:n hy\u00f6dyllinen ty\u00f6pinta-ala.  <\/strong><\/p>\n<p><strong>Voit helposti kaksinkertaistaa kuivausalueen ja s\u00e4\u00e4st\u00e4\u00e4 energiaa, koska tehokas moottorilohko pysyy samana.<\/strong><\/p>\n<p>T\u00e4ll\u00e4 kuivauslaitteella voit kuivata k\u00e4yt\u00e4nn\u00f6ss\u00e4 mit\u00e4 tahansa niin, ett\u00e4 vitamiinit, kivenn\u00e4isaineet ja aurinkoenergia s\u00e4ilyv\u00e4t. L\u00e4\u00e4kekasvit, juuret, mukulat, kasvimateriaali, kuten kukat, lehdet, hedelm\u00e4t ja juuret. My\u00f6s sienet, marjat mets\u00e4st\u00e4 ja puutarhasta. Hedelm\u00e4t &#8211; omenat, p\u00e4\u00e4ryn\u00e4t, luumut&#8230; Mutta ei vain. Voit k\u00e4ytt\u00e4\u00e4 dehydraattoria my\u00f6s lihan, kalan ja muiden elintarvikkeiden kuivattamiseen.<\/p>\n<p>Raakaruoan yst\u00e4v\u00e4t voivat kuivata omia leip\u00e4- ja vihannessekoituksiaan. Retkeilij\u00e4t voivat valmistaa pitk\u00e4\u00e4n s\u00e4ilyvi\u00e4 jouluherkkuja mukaansa. T\u00e4m\u00e4n kuivauslaitteen k\u00e4yt\u00e4nn\u00f6n sovelluksia on liian paljon lueteltavaksi t\u00e4ss\u00e4.  <\/p>\n<p><strong>Tre Spade -ruokakuivaimet ovat Euroopan suosituimpia ja luotettavimpia ruokakuivaimia. Tre Spade Takaje -tyhji\u00f6pakkauslaitteet puolestaan voittivat hiljattain Euroopan parhaat muotoilupalkinnot vuosina 2014 ja 2016. <\/strong><\/p>\n<h2>T\u00e4rkeimm\u00e4t ominaisuudet:<\/h2>\n<ul>\n<li><strong>Jauhemaalattu ter\u00e4s ja vahvistettu nailonkuituinen <\/strong>runko ja rungon jatke.<\/li>\n<li>Toimitetaan rungon ja rungon jatkeen sek\u00e4 12 lis\u00e4laatikon kanssa.<\/li>\n<li>S\u00e4\u00e4st\u00e4 energiaa pit\u00e4m\u00e4ll\u00e4 sama tehokas moottorilohko ruoankuivaajassasi.<\/li>\n<li>Liukumista ja t\u00e4rin\u00e4\u00e4 kest\u00e4v\u00e4t kumijalat<\/li>\n<li>Helppo k\u00e4ytt\u00e4\u00e4<\/li>\n<li>Kompakti ja kevyt<\/li>\n<\/ul>\n<h2>Tekniset tiedot:<\/h2>\n<ul>\n<li>Mitat: 27 x 26 x 100 cm<\/li>\n<li><strong>12 kuivauslaatikkoa, jotka on valmistettu elintarvikeyst\u00e4v\u00e4llisest\u00e4 ABS-materiaalista<\/strong><\/li>\n<li><strong>K\u00e4ytt\u00f6kelpoinen kuivauspinta-ala 11 000 cm2<\/strong><\/li>\n<\/ul>\n<div>\n<p><a href=\"https:\/\/rodoaed.ee\/fi\/\">kotisivu<\/a> <a href=\"https:\/\/rodoaed.ee\/tootekategooria\/koogiseadmed\/\">k\u00e4ynnist\u00e4<\/a> <a href=\"https:\/\/rodoaed.ee\/tootekategooria\/koogiseadmed\/toidukuivatid\/\">elintarvikekuivurit<\/a><\/p>\n<p>&nbsp;<\/p>\n<\/div>\n<div>\n<p>&nbsp;<\/p>\n<\/div>\n","protected":false},"excerpt":{"rendered":"<p>Atacama Pro Plus -mallissa on kaksinkertainen 11 000 cm2:n hy\u00f6dyllinen ty\u00f6pinta-ala. Voit helposti kaksinkertaistaa kuivausalueen ja s\u00e4\u00e4st\u00e4\u00e4 energiaa, koska tehokas moottorilohko pysyy samana. T\u00e4ll\u00e4 kuivauslaitteella voit kuivata k\u00e4yt\u00e4nn\u00f6ss\u00e4 mit\u00e4 tahansa niin, ett\u00e4 vitamiinit, kivenn\u00e4isaineet ja aurinkoenergia s\u00e4ilyv\u00e4t. L\u00e4\u00e4kekasvit, juuret, mukulat, kasvimateriaali, kuten kukat, lehdet, hedelm\u00e4t ja juuret. My\u00f6s sienet, marjat mets\u00e4st\u00e4 ja puutarhasta. Hedelm\u00e4t &#8211; omenat, p\u00e4\u00e4ryn\u00e4t, luumut&#8230; Mutta ei vain. Voit k\u00e4ytt\u00e4\u00e4 dehydraattoria my\u00f6s&#8230;<\/p>\n","protected":false},"featured_media":17226,"template":"","meta":{"_acf_changed":false},"product_brand":[],"product_cat":[1770,1743,1745],"product_tag":[],"class_list":{"0":"post-52605","1":"product","2":"type-product","3":"status-publish","4":"has-post-thumbnail","6":"product_cat-elintarvikkeiden-kuivausrummut","7":"product_cat-lisalahjat-lahjat","8":"product_cat-suuri-varaston-tyhjennysmyynti","9":"product_shipping_class-toimitus-1-3-tyopaivan-kuluessa","10":"pa_variatsioon-17-uutta-ruoankuivain-atacama-pro-laajennussarja","12":"first","13":"instock","14":"sale","15":"taxable","16":"shipping-taxable","17":"purchasable","18":"product-type-simple"},"acf":[],"yoast_head":"<!-- This site is optimized with the Yoast SEO Premium plugin v27.3 (Yoast SEO v27.3) - https:\/\/yoast.com\/product\/yoast-seo-premium-wordpress\/ -->\n<title>Elintarvikekuivain Atacama PRO Plus- 11 000cm2- uusin t\u00e4h\u00e4n hintaan - Rodoaed<\/title>\n<meta name=\"description\" content=\"T\u00e4ll\u00e4 kuivauslaitteella voit kuivata k\u00e4yt\u00e4nn\u00f6ss\u00e4 mit\u00e4 tahansa s\u00e4ilytt\u00e4en vitamiineja, kivenn\u00e4isaineita ja aurinkoenergiaa. Liha, kala, raakaruoka, sienet ja yrtit.\" \/>\n<meta name=\"robots\" content=\"index, follow, max-snippet:-1, max-image-preview:large, max-video-preview:-1\" \/>\n<link rel=\"canonical\" href=\"https:\/\/rodoaed.ee\/fi\/tuote\/elintarvikekuivain-atacama-pro-plus-11-000cm2-uusin-tahan-hintaan\/\" \/>\n<meta property=\"og:locale\" content=\"fi_FI\" \/>\n<meta property=\"og:type\" content=\"article\" \/>\n<meta property=\"og:title\" content=\"Elintarvikekuivain Atacama PRO Plus- 11 000cm2- uusin t\u00e4h\u00e4n hintaan\" \/>\n<meta property=\"og:description\" content=\"Atacama Pro Plus -mallissa on kaksinkertainen 11 000 cm2:n hy\u00f6dyllinen ty\u00f6pinta-ala. Voit helposti kaksinkertaistaa kuivausalueen ja s\u00e4\u00e4st\u00e4\u00e4 energiaa,\" \/>\n<meta property=\"og:url\" content=\"https:\/\/rodoaed.ee\/fi\/tuote\/elintarvikekuivain-atacama-pro-plus-11-000cm2-uusin-tahan-hintaan\/\" \/>\n<meta property=\"og:site_name\" content=\"Rodoaed\" \/>\n<meta property=\"article:publisher\" content=\"https:\/\/www.facebook.com\/kasvuhooned\/\" \/>\n<meta property=\"article:modified_time\" content=\"2026-04-17T07:16:38+00:00\" \/>\n<meta property=\"og:image\" content=\"https:\/\/rodoaed.ee\/wp-content\/uploads\/2019\/07\/toidukuivati-tarvikud-1.jpg\" \/>\n\t<meta property=\"og:image:width\" content=\"5629\" \/>\n\t<meta property=\"og:image:height\" content=\"3757\" \/>\n\t<meta property=\"og:image:type\" content=\"image\/jpeg\" \/>\n<meta name=\"twitter:card\" content=\"summary_large_image\" \/>\n<meta name=\"twitter:label1\" content=\"Arvioitu lukuaika\" \/>\n\t<meta name=\"twitter:data1\" content=\"1 minuutti\" \/>\n<script type=\"application\/ld+json\" class=\"yoast-schema-graph\">{\"@context\":\"https:\\\/\\\/schema.org\",\"@graph\":[{\"@type\":\"WebPage\",\"@id\":\"https:\\\/\\\/rodoaed.ee\\\/fi\\\/tuote\\\/elintarvikekuivain-atacama-pro-plus-11-000cm2-uusin-tahan-hintaan\\\/\",\"url\":\"https:\\\/\\\/rodoaed.ee\\\/fi\\\/tuote\\\/elintarvikekuivain-atacama-pro-plus-11-000cm2-uusin-tahan-hintaan\\\/\",\"name\":\"Elintarvikekuivain Atacama PRO Plus- 11 000cm2- uusin t\u00e4h\u00e4n hintaan - Rodoaed\",\"isPartOf\":{\"@id\":\"https:\\\/\\\/rodoaed.ee\\\/#website\"},\"primaryImageOfPage\":{\"@id\":\"https:\\\/\\\/rodoaed.ee\\\/fi\\\/tuote\\\/elintarvikekuivain-atacama-pro-plus-11-000cm2-uusin-tahan-hintaan\\\/#primaryimage\"},\"image\":{\"@id\":\"https:\\\/\\\/rodoaed.ee\\\/fi\\\/tuote\\\/elintarvikekuivain-atacama-pro-plus-11-000cm2-uusin-tahan-hintaan\\\/#primaryimage\"},\"thumbnailUrl\":\"https:\\\/\\\/rodoaed.ee\\\/wp-content\\\/uploads\\\/2019\\\/07\\\/toidukuivati-tarvikud-1.jpg\",\"datePublished\":\"2025-09-04T13:34:45+00:00\",\"dateModified\":\"2026-04-17T07:16:38+00:00\",\"description\":\"T\u00e4ll\u00e4 kuivauslaitteella voit kuivata k\u00e4yt\u00e4nn\u00f6ss\u00e4 mit\u00e4 tahansa s\u00e4ilytt\u00e4en vitamiineja, kivenn\u00e4isaineita ja aurinkoenergiaa. Liha, kala, raakaruoka, sienet ja yrtit.\",\"breadcrumb\":{\"@id\":\"https:\\\/\\\/rodoaed.ee\\\/fi\\\/tuote\\\/elintarvikekuivain-atacama-pro-plus-11-000cm2-uusin-tahan-hintaan\\\/#breadcrumb\"},\"inLanguage\":\"fi\",\"potentialAction\":[{\"@type\":\"ReadAction\",\"target\":[\"https:\\\/\\\/rodoaed.ee\\\/fi\\\/tuote\\\/elintarvikekuivain-atacama-pro-plus-11-000cm2-uusin-tahan-hintaan\\\/\"]}]},{\"@type\":\"ImageObject\",\"inLanguage\":\"fi\",\"@id\":\"https:\\\/\\\/rodoaed.ee\\\/fi\\\/tuote\\\/elintarvikekuivain-atacama-pro-plus-11-000cm2-uusin-tahan-hintaan\\\/#primaryimage\",\"url\":\"https:\\\/\\\/rodoaed.ee\\\/wp-content\\\/uploads\\\/2019\\\/07\\\/toidukuivati-tarvikud-1.jpg\",\"contentUrl\":\"https:\\\/\\\/rodoaed.ee\\\/wp-content\\\/uploads\\\/2019\\\/07\\\/toidukuivati-tarvikud-1.jpg\",\"width\":5629,\"height\":3757},{\"@type\":\"BreadcrumbList\",\"@id\":\"https:\\\/\\\/rodoaed.ee\\\/fi\\\/tuote\\\/elintarvikekuivain-atacama-pro-plus-11-000cm2-uusin-tahan-hintaan\\\/#breadcrumb\",\"itemListElement\":[{\"@type\":\"ListItem\",\"position\":1,\"name\":\"Home\",\"item\":\"https:\\\/\\\/rodoaed.ee\\\/fi\\\/\"},{\"@type\":\"ListItem\",\"position\":2,\"name\":\"Osta osoitteessa\",\"item\":\"https:\\\/\\\/rodoaed.ee\\\/osta-osoitteessa\\\/\"},{\"@type\":\"ListItem\",\"position\":3,\"name\":\"Elintarvikekuivain Atacama PRO Plus- 11 000cm2- uusin t\u00e4h\u00e4n hintaan\"}]},{\"@type\":\"WebSite\",\"@id\":\"https:\\\/\\\/rodoaed.ee\\\/#website\",\"url\":\"https:\\\/\\\/rodoaed.ee\\\/\",\"name\":\"Rodoaed\",\"description\":\"\",\"publisher\":{\"@id\":\"https:\\\/\\\/rodoaed.ee\\\/#organization\"},\"potentialAction\":[{\"@type\":\"SearchAction\",\"target\":{\"@type\":\"EntryPoint\",\"urlTemplate\":\"https:\\\/\\\/rodoaed.ee\\\/?s={search_term_string}\"},\"query-input\":{\"@type\":\"PropertyValueSpecification\",\"valueRequired\":true,\"valueName\":\"search_term_string\"}}],\"inLanguage\":\"fi\"},{\"@type\":\"Organization\",\"@id\":\"https:\\\/\\\/rodoaed.ee\\\/#organization\",\"name\":\"Rodoaed\",\"url\":\"https:\\\/\\\/rodoaed.ee\\\/\",\"logo\":{\"@type\":\"ImageObject\",\"inLanguage\":\"fi\",\"@id\":\"https:\\\/\\\/rodoaed.ee\\\/#\\\/schema\\\/logo\\\/image\\\/\",\"url\":\"https:\\\/\\\/rodoaed.ee\\\/wp-content\\\/uploads\\\/2019\\\/11\\\/rodoaed-logo-ilma-taustata.jpg\",\"contentUrl\":\"https:\\\/\\\/rodoaed.ee\\\/wp-content\\\/uploads\\\/2019\\\/11\\\/rodoaed-logo-ilma-taustata.jpg\",\"width\":769,\"height\":268,\"caption\":\"Rodoaed\"},\"image\":{\"@id\":\"https:\\\/\\\/rodoaed.ee\\\/#\\\/schema\\\/logo\\\/image\\\/\"},\"sameAs\":[\"https:\\\/\\\/www.facebook.com\\\/kasvuhooned\\\/\",\"https:\\\/\\\/rodoaed.ee\"]}]}<\/script>\n<!-- \/ Yoast SEO Premium plugin. -->","yoast_head_json":{"title":"Elintarvikekuivain Atacama PRO Plus- 11 000cm2- uusin t\u00e4h\u00e4n hintaan - Rodoaed","description":"T\u00e4ll\u00e4 kuivauslaitteella voit kuivata k\u00e4yt\u00e4nn\u00f6ss\u00e4 mit\u00e4 tahansa s\u00e4ilytt\u00e4en vitamiineja, kivenn\u00e4isaineita ja aurinkoenergiaa. Liha, kala, raakaruoka, sienet ja yrtit.","robots":{"index":"index","follow":"follow","max-snippet":"max-snippet:-1","max-image-preview":"max-image-preview:large","max-video-preview":"max-video-preview:-1"},"canonical":"https:\/\/rodoaed.ee\/fi\/tuote\/elintarvikekuivain-atacama-pro-plus-11-000cm2-uusin-tahan-hintaan\/","og_locale":"fi_FI","og_type":"article","og_title":"Elintarvikekuivain Atacama PRO Plus- 11 000cm2- uusin t\u00e4h\u00e4n hintaan","og_description":"Atacama Pro Plus -mallissa on kaksinkertainen 11 000 cm2:n hy\u00f6dyllinen ty\u00f6pinta-ala. Voit helposti kaksinkertaistaa kuivausalueen ja s\u00e4\u00e4st\u00e4\u00e4 energiaa,","og_url":"https:\/\/rodoaed.ee\/fi\/tuote\/elintarvikekuivain-atacama-pro-plus-11-000cm2-uusin-tahan-hintaan\/","og_site_name":"Rodoaed","article_publisher":"https:\/\/www.facebook.com\/kasvuhooned\/","article_modified_time":"2026-04-17T07:16:38+00:00","og_image":[{"width":5629,"height":3757,"url":"https:\/\/rodoaed.ee\/wp-content\/uploads\/2019\/07\/toidukuivati-tarvikud-1.jpg","type":"image\/jpeg"}],"twitter_card":"summary_large_image","twitter_misc":{"Arvioitu lukuaika":"1 minuutti"},"schema":{"@context":"https:\/\/schema.org","@graph":[{"@type":"WebPage","@id":"https:\/\/rodoaed.ee\/fi\/tuote\/elintarvikekuivain-atacama-pro-plus-11-000cm2-uusin-tahan-hintaan\/","url":"https:\/\/rodoaed.ee\/fi\/tuote\/elintarvikekuivain-atacama-pro-plus-11-000cm2-uusin-tahan-hintaan\/","name":"Elintarvikekuivain Atacama PRO Plus- 11 000cm2- uusin t\u00e4h\u00e4n hintaan - Rodoaed","isPartOf":{"@id":"https:\/\/rodoaed.ee\/#website"},"primaryImageOfPage":{"@id":"https:\/\/rodoaed.ee\/fi\/tuote\/elintarvikekuivain-atacama-pro-plus-11-000cm2-uusin-tahan-hintaan\/#primaryimage"},"image":{"@id":"https:\/\/rodoaed.ee\/fi\/tuote\/elintarvikekuivain-atacama-pro-plus-11-000cm2-uusin-tahan-hintaan\/#primaryimage"},"thumbnailUrl":"https:\/\/rodoaed.ee\/wp-content\/uploads\/2019\/07\/toidukuivati-tarvikud-1.jpg","datePublished":"2025-09-04T13:34:45+00:00","dateModified":"2026-04-17T07:16:38+00:00","description":"T\u00e4ll\u00e4 kuivauslaitteella voit kuivata k\u00e4yt\u00e4nn\u00f6ss\u00e4 mit\u00e4 tahansa s\u00e4ilytt\u00e4en vitamiineja, kivenn\u00e4isaineita ja aurinkoenergiaa. Liha, kala, raakaruoka, sienet ja yrtit.","breadcrumb":{"@id":"https:\/\/rodoaed.ee\/fi\/tuote\/elintarvikekuivain-atacama-pro-plus-11-000cm2-uusin-tahan-hintaan\/#breadcrumb"},"inLanguage":"fi","potentialAction":[{"@type":"ReadAction","target":["https:\/\/rodoaed.ee\/fi\/tuote\/elintarvikekuivain-atacama-pro-plus-11-000cm2-uusin-tahan-hintaan\/"]}]},{"@type":"ImageObject","inLanguage":"fi","@id":"https:\/\/rodoaed.ee\/fi\/tuote\/elintarvikekuivain-atacama-pro-plus-11-000cm2-uusin-tahan-hintaan\/#primaryimage","url":"https:\/\/rodoaed.ee\/wp-content\/uploads\/2019\/07\/toidukuivati-tarvikud-1.jpg","contentUrl":"https:\/\/rodoaed.ee\/wp-content\/uploads\/2019\/07\/toidukuivati-tarvikud-1.jpg","width":5629,"height":3757},{"@type":"BreadcrumbList","@id":"https:\/\/rodoaed.ee\/fi\/tuote\/elintarvikekuivain-atacama-pro-plus-11-000cm2-uusin-tahan-hintaan\/#breadcrumb","itemListElement":[{"@type":"ListItem","position":1,"name":"Home","item":"https:\/\/rodoaed.ee\/fi\/"},{"@type":"ListItem","position":2,"name":"Osta osoitteessa","item":"https:\/\/rodoaed.ee\/osta-osoitteessa\/"},{"@type":"ListItem","position":3,"name":"Elintarvikekuivain Atacama PRO Plus- 11 000cm2- uusin t\u00e4h\u00e4n hintaan"}]},{"@type":"WebSite","@id":"https:\/\/rodoaed.ee\/#website","url":"https:\/\/rodoaed.ee\/","name":"Rodoaed","description":"","publisher":{"@id":"https:\/\/rodoaed.ee\/#organization"},"potentialAction":[{"@type":"SearchAction","target":{"@type":"EntryPoint","urlTemplate":"https:\/\/rodoaed.ee\/?s={search_term_string}"},"query-input":{"@type":"PropertyValueSpecification","valueRequired":true,"valueName":"search_term_string"}}],"inLanguage":"fi"},{"@type":"Organization","@id":"https:\/\/rodoaed.ee\/#organization","name":"Rodoaed","url":"https:\/\/rodoaed.ee\/","logo":{"@type":"ImageObject","inLanguage":"fi","@id":"https:\/\/rodoaed.ee\/#\/schema\/logo\/image\/","url":"https:\/\/rodoaed.ee\/wp-content\/uploads\/2019\/11\/rodoaed-logo-ilma-taustata.jpg","contentUrl":"https:\/\/rodoaed.ee\/wp-content\/uploads\/2019\/11\/rodoaed-logo-ilma-taustata.jpg","width":769,"height":268,"caption":"Rodoaed"},"image":{"@id":"https:\/\/rodoaed.ee\/#\/schema\/logo\/image\/"},"sameAs":["https:\/\/www.facebook.com\/kasvuhooned\/","https:\/\/rodoaed.ee"]}]}},"_links":{"self":[{"href":"https:\/\/rodoaed.ee\/fi\/wp-json\/wp\/v2\/product\/52605","targetHints":{"allow":["GET"]}}],"collection":[{"href":"https:\/\/rodoaed.ee\/fi\/wp-json\/wp\/v2\/product"}],"about":[{"href":"https:\/\/rodoaed.ee\/fi\/wp-json\/wp\/v2\/types\/product"}],"wp:featuredmedia":[{"embeddable":true,"href":"https:\/\/rodoaed.ee\/fi\/wp-json\/wp\/v2\/media\/17226"}],"wp:attachment":[{"href":"https:\/\/rodoaed.ee\/fi\/wp-json\/wp\/v2\/media?parent=52605"}],"wp:term":[{"taxonomy":"product_brand","embeddable":true,"href":"https:\/\/rodoaed.ee\/fi\/wp-json\/wp\/v2\/product_brand?post=52605"},{"taxonomy":"product_cat","embeddable":true,"href":"https:\/\/rodoaed.ee\/fi\/wp-json\/wp\/v2\/product_cat?post=52605"},{"taxonomy":"product_tag","embeddable":true,"href":"https:\/\/rodoaed.ee\/fi\/wp-json\/wp\/v2\/product_tag?post=52605"}],"curies":[{"name":"wp","href":"https:\/\/api.w.org\/{rel}","templated":true}]}}