{"id":52606,"date":"2026-03-26T11:15:50","date_gmt":"2026-03-26T09:15:50","guid":{"rendered":"https:\/\/rodoaed.ee\/toode\/kaksikerroksinen-kupariverkkosukka-nalkaa-nakevia-hyonteisia-ja-etanoita-vastaan-127mm-x-6m\/"},"modified":"2026-04-17T10:19:59","modified_gmt":"2026-04-17T07:19:59","slug":"kaksikerroksinen-kupariverkkosukka-nalkaa-nakevia-hyonteisia-ja-etanoita-vastaan-127mm-x-6m","status":"publish","type":"product","link":"https:\/\/rodoaed.ee\/fi\/tuote\/kaksikerroksinen-kupariverkkosukka-nalkaa-nakevia-hyonteisia-ja-etanoita-vastaan-127mm-x-6m\/","title":{"rendered":"Kaksikerroksinen kupariverkkosukka n\u00e4lk\u00e4\u00e4 n\u00e4kevi\u00e4 hy\u00f6nteisi\u00e4 ja etanoita vastaan 127mm x 6m"},"content":{"rendered":"<p><strong>Kuparinen riippumatto pit\u00e4\u00e4 etanat ja n\u00e4lk\u00e4iset poissa kasveistasi. Se on helppo asentaa suoraan maahan tai ep\u00e4tasaisille pinnoille.<\/strong><strong> Yksik\u00e4\u00e4n n\u00e4lk\u00e4inen hy\u00f6nteinen ei p\u00e4\u00e4se kuparin yli. Puhdas ja myrkyt\u00f6n ratkaisu puutarhaan.<\/strong><\/p>\n<p><span style=\"color: #0000ff;\"><strong>Huomautus Suositus.<\/strong> <em>Ved\u00e4 verkko p\u00f6yd\u00e4n jalkojen yli ja aseta p\u00f6yd\u00e4t aidan viereen. N\u00e4in ruoho ei kasva verkon l\u00e4pi eik\u00e4 etanoita p\u00e4\u00e4se naapurin puutarhan kautta luoksesi.<\/em><\/span><\/p>\n<p>Toinen k\u00e4ytt\u00f6tarkoitus on hiiren reikien sulkeminen. Hiiret ja rotat pureskelevat tiens\u00e4 mink\u00e4 tahansa l\u00e4pi, jos ne ovat tottuneet menem\u00e4\u00e4n jonnekin. Mutta ne eiv\u00e4t voi pureskella kuparia. T\u00e4m\u00e4 pit\u00e4\u00e4 \u00e4rsytt\u00e4v\u00e4t jyrsij\u00e4t poissa rakennuksista. Puhdas ja myrkyt\u00f6n ratkaisu.    <\/p>\n<p>Sit\u00e4 k\u00e4ytet\u00e4\u00e4n my\u00f6s kasvien ja taimien ruiskuttamiseen, halkeamien ja saumojen t\u00e4ytt\u00e4miseen rakennuksissa ennen rappausta jne.<\/p>\n<p><strong>Lis\u00e4tietoja tuotteen k\u00e4ytt\u00f6tarkoituksista:<\/strong><\/p>\n<p>Kapseloitu kaksikerroksinen kupariteippi etanoita vastaan on valmistettu korkealaatuisesta puhtaasta kuparimateriaalista, korkeiden kattojen nappikalvosta, jolla on hyv\u00e4 ruosteen- ja korkean l\u00e4mp\u00f6tilan kest\u00e4vyys eik\u00e4 se ole helposti syttyv\u00e4. Kupariteippi 5 tuumaa x 6 m\/setti (langan halkaisija 0,16 mm) korkeiden kattojen etanasuojaukseen. <\/p>\n<p><strong>Yksinkertainen ja k\u00e4yt\u00e4nn\u00f6llinen:<\/strong> etanaverkko on pehme\u00e4 ja helposti taivutettava, mutta se ei rikkoudu helposti. Kuparinen k\u00e4rki voidaan helposti muotoilla haluttuun muotoon. Eritt\u00e4in k\u00e4tev\u00e4 reikien\/halkeamien tiivist\u00e4miseen.  <\/p>\n<p><strong>Vahva ja kest\u00e4v\u00e4.<\/strong>  Etanan suukappale ja etanasuojan korkea tappi ovat joustavia, eiv\u00e4tk\u00e4 ne irtoa helposti leikkaamisen j\u00e4lkeen. Est\u00e4\u00e4 tehokkaasti tuholaisia, hiiri\u00e4, hy\u00f6nteisi\u00e4, etanoita, vikoja, jyrsij\u00f6it\u00e4 ja muita ei-toivottuja el\u00e4imi\u00e4 p\u00e4\u00e4sem\u00e4st\u00e4 kotiisi pienten aukkojen kautta.<\/p>\n<p><strong>Tukkii tehokkaasti rei\u00e4t<\/strong>: etanoita ja hiirenloukkuja est\u00e4v\u00e4\u00e4 kuparik\u00e4rke\u00e4 voidaan k\u00e4ytt\u00e4\u00e4 erimuotoisiin reikiin. Sopii viem\u00e4rireikiin, putkien ymp\u00e4rill\u00e4 oleviin halkeamiin, sein\u00e4n halkeamiin, ullakon tuuletusaukkoihin ja kaikkiin muihin reikiin, jotka on tiivistett\u00e4v\u00e4. Anti-snail-kuparik\u00e4rki voidaan helposti ty\u00f6nt\u00e4\u00e4 pieniin halkeamiin.  <\/p>\n<p><strong>Laaja k\u00e4ytt\u00f6alue:<\/strong> etanasuoja ja nupulliset korkeat penkit eiv\u00e4t t\u00e4yt\u00e4 vain aukkoja, vaan niit\u00e4 voidaan k\u00e4ytt\u00e4\u00e4 my\u00f6s korkeina penkkein\u00e4 vihannesten ja hedelmien suojaamiseen. Se est\u00e4\u00e4 tehokkaasti etanoiden ja tuholaisten pakenemisen siemenpenkin l\u00e4pi. Se voidaan my\u00f6s kierr\u00e4tt\u00e4\u00e4.  <\/p>\n","protected":false},"excerpt":{"rendered":"<p>Kuparinen riippumatto pit\u00e4\u00e4 etanat ja n\u00e4lk\u00e4iset poissa kasveistasi. Se on helppo asentaa suoraan maahan tai ep\u00e4tasaisille pinnoille. Yksik\u00e4\u00e4n n\u00e4lk\u00e4inen hy\u00f6nteinen ei p\u00e4\u00e4se kuparin yli. Puhdas ja myrkyt\u00f6n ratkaisu puutarhaan. Huomautus Suositus. Ved\u00e4 verkko p\u00f6yd\u00e4n jalkojen yli ja aseta p\u00f6yd\u00e4t aidan viereen. N\u00e4in ruoho ei kasva verkon l\u00e4pi eik\u00e4 etanoita p\u00e4\u00e4se naapurin puutarhan kautta luoksesi. Toinen k\u00e4ytt\u00f6tarkoitus on hiiren reikien sulkeminen. Hiiret ja rotat pureskelevat tiens\u00e4&#8230;<\/p>\n","protected":false},"featured_media":52067,"template":"","meta":{"_acf_changed":false},"product_brand":[],"product_cat":[1777,1771,1776,1780,1782,1772,1743,1745,1784],"product_tag":[],"class_list":{"0":"post-52606","1":"product","2":"type-product","3":"status-publish","4":"has-post-thumbnail","6":"product_cat-art-containers-berberis-uno-duo-ja-trio","7":"product_cat-fiksuja-auttajia","8":"product_cat-hyodylliset-lisavarusteet","9":"product_cat-kasviastiat-berberis-60-ja-80","10":"product_cat-kasvisailio-berberis-46-ja-xl55-erittain-suuri-tilavuus","11":"product_cat-lahjat-puutarhurille","12":"product_cat-lisalahjat-lahjat","13":"product_cat-suuri-varaston-tyhjennysmyynti","14":"product_cat-thaimaalaiset-sailiot-berberis-40","15":"product_shipping_class-toimitus-1-3-tyopaivan-kuluessa","16":"pa_variatsioon-superseeder-kylvokone-21","18":"first","19":"instock","20":"sale","21":"taxable","22":"shipping-taxable","23":"purchasable","24":"product-type-simple"},"acf":[],"yoast_head":"<!-- This site is optimized with the Yoast SEO Premium plugin v27.3 (Yoast SEO v27.3) - https:\/\/yoast.com\/product\/yoast-seo-premium-wordpress\/ -->\n<title>Kaksikerroksinen kupariverkkosukka n\u00e4lk\u00e4\u00e4 n\u00e4kevi\u00e4 hy\u00f6nteisi\u00e4 ja etanoita vastaan 127mm x 6m - Rodoaed<\/title>\n<meta name=\"robots\" content=\"index, follow, max-snippet:-1, max-image-preview:large, max-video-preview:-1\" \/>\n<link rel=\"canonical\" href=\"https:\/\/rodoaed.ee\/fi\/tuote\/kaksikerroksinen-kupariverkkosukka-nalkaa-nakevia-hyonteisia-ja-etanoita-vastaan-127mm-x-6m\/\" \/>\n<meta property=\"og:locale\" content=\"fi_FI\" \/>\n<meta property=\"og:type\" content=\"article\" \/>\n<meta property=\"og:title\" content=\"Kaksikerroksinen kupariverkkosukka n\u00e4lk\u00e4\u00e4 n\u00e4kevi\u00e4 hy\u00f6nteisi\u00e4 ja etanoita vastaan 127mm x 6m\" \/>\n<meta property=\"og:description\" content=\"Kuparinen riippumatto pit\u00e4\u00e4 etanat ja n\u00e4lk\u00e4iset poissa kasveistasi. Se on helppo asentaa suoraan maahan tai ep\u00e4tasaisille pinnoille. Yksik\u00e4\u00e4n n\u00e4lk\u00e4inen\" \/>\n<meta property=\"og:url\" content=\"https:\/\/rodoaed.ee\/fi\/tuote\/kaksikerroksinen-kupariverkkosukka-nalkaa-nakevia-hyonteisia-ja-etanoita-vastaan-127mm-x-6m\/\" \/>\n<meta property=\"og:site_name\" content=\"Rodoaed\" \/>\n<meta property=\"article:publisher\" content=\"https:\/\/www.facebook.com\/kasvuhooned\/\" \/>\n<meta property=\"article:modified_time\" content=\"2026-04-17T07:19:59+00:00\" \/>\n<meta property=\"og:image\" content=\"https:\/\/rodoaed.ee\/wp-content\/uploads\/2026\/03\/vaskvork-nalkjate-ja-hiirte-vastu_1.jpg\" \/>\n\t<meta property=\"og:image:width\" content=\"1500\" \/>\n\t<meta property=\"og:image:height\" content=\"1482\" \/>\n\t<meta property=\"og:image:type\" content=\"image\/jpeg\" \/>\n<meta name=\"twitter:card\" content=\"summary_large_image\" \/>\n<meta name=\"twitter:label1\" content=\"Arvioitu lukuaika\" \/>\n\t<meta name=\"twitter:data1\" content=\"2 minuuttia\" \/>\n<script type=\"application\/ld+json\" class=\"yoast-schema-graph\">{\"@context\":\"https:\\\/\\\/schema.org\",\"@graph\":[{\"@type\":\"WebPage\",\"@id\":\"https:\\\/\\\/rodoaed.ee\\\/fi\\\/tuote\\\/kaksikerroksinen-kupariverkkosukka-nalkaa-nakevia-hyonteisia-ja-etanoita-vastaan-127mm-x-6m\\\/\",\"url\":\"https:\\\/\\\/rodoaed.ee\\\/fi\\\/tuote\\\/kaksikerroksinen-kupariverkkosukka-nalkaa-nakevia-hyonteisia-ja-etanoita-vastaan-127mm-x-6m\\\/\",\"name\":\"Kaksikerroksinen kupariverkkosukka n\u00e4lk\u00e4\u00e4 n\u00e4kevi\u00e4 hy\u00f6nteisi\u00e4 ja etanoita vastaan 127mm x 6m - Rodoaed\",\"isPartOf\":{\"@id\":\"https:\\\/\\\/rodoaed.ee\\\/#website\"},\"primaryImageOfPage\":{\"@id\":\"https:\\\/\\\/rodoaed.ee\\\/fi\\\/tuote\\\/kaksikerroksinen-kupariverkkosukka-nalkaa-nakevia-hyonteisia-ja-etanoita-vastaan-127mm-x-6m\\\/#primaryimage\"},\"image\":{\"@id\":\"https:\\\/\\\/rodoaed.ee\\\/fi\\\/tuote\\\/kaksikerroksinen-kupariverkkosukka-nalkaa-nakevia-hyonteisia-ja-etanoita-vastaan-127mm-x-6m\\\/#primaryimage\"},\"thumbnailUrl\":\"https:\\\/\\\/rodoaed.ee\\\/wp-content\\\/uploads\\\/2026\\\/03\\\/vaskvork-nalkjate-ja-hiirte-vastu_1.jpg\",\"datePublished\":\"2026-03-26T09:15:50+00:00\",\"dateModified\":\"2026-04-17T07:19:59+00:00\",\"breadcrumb\":{\"@id\":\"https:\\\/\\\/rodoaed.ee\\\/fi\\\/tuote\\\/kaksikerroksinen-kupariverkkosukka-nalkaa-nakevia-hyonteisia-ja-etanoita-vastaan-127mm-x-6m\\\/#breadcrumb\"},\"inLanguage\":\"fi\",\"potentialAction\":[{\"@type\":\"ReadAction\",\"target\":[\"https:\\\/\\\/rodoaed.ee\\\/fi\\\/tuote\\\/kaksikerroksinen-kupariverkkosukka-nalkaa-nakevia-hyonteisia-ja-etanoita-vastaan-127mm-x-6m\\\/\"]}]},{\"@type\":\"ImageObject\",\"inLanguage\":\"fi\",\"@id\":\"https:\\\/\\\/rodoaed.ee\\\/fi\\\/tuote\\\/kaksikerroksinen-kupariverkkosukka-nalkaa-nakevia-hyonteisia-ja-etanoita-vastaan-127mm-x-6m\\\/#primaryimage\",\"url\":\"https:\\\/\\\/rodoaed.ee\\\/wp-content\\\/uploads\\\/2026\\\/03\\\/vaskvork-nalkjate-ja-hiirte-vastu_1.jpg\",\"contentUrl\":\"https:\\\/\\\/rodoaed.ee\\\/wp-content\\\/uploads\\\/2026\\\/03\\\/vaskvork-nalkjate-ja-hiirte-vastu_1.jpg\",\"width\":1500,\"height\":1482},{\"@type\":\"BreadcrumbList\",\"@id\":\"https:\\\/\\\/rodoaed.ee\\\/fi\\\/tuote\\\/kaksikerroksinen-kupariverkkosukka-nalkaa-nakevia-hyonteisia-ja-etanoita-vastaan-127mm-x-6m\\\/#breadcrumb\",\"itemListElement\":[{\"@type\":\"ListItem\",\"position\":1,\"name\":\"Home\",\"item\":\"https:\\\/\\\/rodoaed.ee\\\/fi\\\/\"},{\"@type\":\"ListItem\",\"position\":2,\"name\":\"Osta osoitteessa\",\"item\":\"https:\\\/\\\/rodoaed.ee\\\/osta-osoitteessa\\\/\"},{\"@type\":\"ListItem\",\"position\":3,\"name\":\"Kaksikerroksinen kupariverkkosukka n\u00e4lk\u00e4\u00e4 n\u00e4kevi\u00e4 hy\u00f6nteisi\u00e4 ja etanoita vastaan 127mm x 6m\"}]},{\"@type\":\"WebSite\",\"@id\":\"https:\\\/\\\/rodoaed.ee\\\/#website\",\"url\":\"https:\\\/\\\/rodoaed.ee\\\/\",\"name\":\"Rodoaed\",\"description\":\"\",\"publisher\":{\"@id\":\"https:\\\/\\\/rodoaed.ee\\\/#organization\"},\"potentialAction\":[{\"@type\":\"SearchAction\",\"target\":{\"@type\":\"EntryPoint\",\"urlTemplate\":\"https:\\\/\\\/rodoaed.ee\\\/?s={search_term_string}\"},\"query-input\":{\"@type\":\"PropertyValueSpecification\",\"valueRequired\":true,\"valueName\":\"search_term_string\"}}],\"inLanguage\":\"fi\"},{\"@type\":\"Organization\",\"@id\":\"https:\\\/\\\/rodoaed.ee\\\/#organization\",\"name\":\"Rodoaed\",\"url\":\"https:\\\/\\\/rodoaed.ee\\\/\",\"logo\":{\"@type\":\"ImageObject\",\"inLanguage\":\"fi\",\"@id\":\"https:\\\/\\\/rodoaed.ee\\\/#\\\/schema\\\/logo\\\/image\\\/\",\"url\":\"https:\\\/\\\/rodoaed.ee\\\/wp-content\\\/uploads\\\/2019\\\/11\\\/rodoaed-logo-ilma-taustata.jpg\",\"contentUrl\":\"https:\\\/\\\/rodoaed.ee\\\/wp-content\\\/uploads\\\/2019\\\/11\\\/rodoaed-logo-ilma-taustata.jpg\",\"width\":769,\"height\":268,\"caption\":\"Rodoaed\"},\"image\":{\"@id\":\"https:\\\/\\\/rodoaed.ee\\\/#\\\/schema\\\/logo\\\/image\\\/\"},\"sameAs\":[\"https:\\\/\\\/www.facebook.com\\\/kasvuhooned\\\/\",\"https:\\\/\\\/rodoaed.ee\"]}]}<\/script>\n<!-- \/ Yoast SEO Premium plugin. -->","yoast_head_json":{"title":"Kaksikerroksinen kupariverkkosukka n\u00e4lk\u00e4\u00e4 n\u00e4kevi\u00e4 hy\u00f6nteisi\u00e4 ja etanoita vastaan 127mm x 6m - Rodoaed","robots":{"index":"index","follow":"follow","max-snippet":"max-snippet:-1","max-image-preview":"max-image-preview:large","max-video-preview":"max-video-preview:-1"},"canonical":"https:\/\/rodoaed.ee\/fi\/tuote\/kaksikerroksinen-kupariverkkosukka-nalkaa-nakevia-hyonteisia-ja-etanoita-vastaan-127mm-x-6m\/","og_locale":"fi_FI","og_type":"article","og_title":"Kaksikerroksinen kupariverkkosukka n\u00e4lk\u00e4\u00e4 n\u00e4kevi\u00e4 hy\u00f6nteisi\u00e4 ja etanoita vastaan 127mm x 6m","og_description":"Kuparinen riippumatto pit\u00e4\u00e4 etanat ja n\u00e4lk\u00e4iset poissa kasveistasi. Se on helppo asentaa suoraan maahan tai ep\u00e4tasaisille pinnoille. Yksik\u00e4\u00e4n n\u00e4lk\u00e4inen","og_url":"https:\/\/rodoaed.ee\/fi\/tuote\/kaksikerroksinen-kupariverkkosukka-nalkaa-nakevia-hyonteisia-ja-etanoita-vastaan-127mm-x-6m\/","og_site_name":"Rodoaed","article_publisher":"https:\/\/www.facebook.com\/kasvuhooned\/","article_modified_time":"2026-04-17T07:19:59+00:00","og_image":[{"width":1500,"height":1482,"url":"https:\/\/rodoaed.ee\/wp-content\/uploads\/2026\/03\/vaskvork-nalkjate-ja-hiirte-vastu_1.jpg","type":"image\/jpeg"}],"twitter_card":"summary_large_image","twitter_misc":{"Arvioitu lukuaika":"2 minuuttia"},"schema":{"@context":"https:\/\/schema.org","@graph":[{"@type":"WebPage","@id":"https:\/\/rodoaed.ee\/fi\/tuote\/kaksikerroksinen-kupariverkkosukka-nalkaa-nakevia-hyonteisia-ja-etanoita-vastaan-127mm-x-6m\/","url":"https:\/\/rodoaed.ee\/fi\/tuote\/kaksikerroksinen-kupariverkkosukka-nalkaa-nakevia-hyonteisia-ja-etanoita-vastaan-127mm-x-6m\/","name":"Kaksikerroksinen kupariverkkosukka n\u00e4lk\u00e4\u00e4 n\u00e4kevi\u00e4 hy\u00f6nteisi\u00e4 ja etanoita vastaan 127mm x 6m - Rodoaed","isPartOf":{"@id":"https:\/\/rodoaed.ee\/#website"},"primaryImageOfPage":{"@id":"https:\/\/rodoaed.ee\/fi\/tuote\/kaksikerroksinen-kupariverkkosukka-nalkaa-nakevia-hyonteisia-ja-etanoita-vastaan-127mm-x-6m\/#primaryimage"},"image":{"@id":"https:\/\/rodoaed.ee\/fi\/tuote\/kaksikerroksinen-kupariverkkosukka-nalkaa-nakevia-hyonteisia-ja-etanoita-vastaan-127mm-x-6m\/#primaryimage"},"thumbnailUrl":"https:\/\/rodoaed.ee\/wp-content\/uploads\/2026\/03\/vaskvork-nalkjate-ja-hiirte-vastu_1.jpg","datePublished":"2026-03-26T09:15:50+00:00","dateModified":"2026-04-17T07:19:59+00:00","breadcrumb":{"@id":"https:\/\/rodoaed.ee\/fi\/tuote\/kaksikerroksinen-kupariverkkosukka-nalkaa-nakevia-hyonteisia-ja-etanoita-vastaan-127mm-x-6m\/#breadcrumb"},"inLanguage":"fi","potentialAction":[{"@type":"ReadAction","target":["https:\/\/rodoaed.ee\/fi\/tuote\/kaksikerroksinen-kupariverkkosukka-nalkaa-nakevia-hyonteisia-ja-etanoita-vastaan-127mm-x-6m\/"]}]},{"@type":"ImageObject","inLanguage":"fi","@id":"https:\/\/rodoaed.ee\/fi\/tuote\/kaksikerroksinen-kupariverkkosukka-nalkaa-nakevia-hyonteisia-ja-etanoita-vastaan-127mm-x-6m\/#primaryimage","url":"https:\/\/rodoaed.ee\/wp-content\/uploads\/2026\/03\/vaskvork-nalkjate-ja-hiirte-vastu_1.jpg","contentUrl":"https:\/\/rodoaed.ee\/wp-content\/uploads\/2026\/03\/vaskvork-nalkjate-ja-hiirte-vastu_1.jpg","width":1500,"height":1482},{"@type":"BreadcrumbList","@id":"https:\/\/rodoaed.ee\/fi\/tuote\/kaksikerroksinen-kupariverkkosukka-nalkaa-nakevia-hyonteisia-ja-etanoita-vastaan-127mm-x-6m\/#breadcrumb","itemListElement":[{"@type":"ListItem","position":1,"name":"Home","item":"https:\/\/rodoaed.ee\/fi\/"},{"@type":"ListItem","position":2,"name":"Osta osoitteessa","item":"https:\/\/rodoaed.ee\/osta-osoitteessa\/"},{"@type":"ListItem","position":3,"name":"Kaksikerroksinen kupariverkkosukka n\u00e4lk\u00e4\u00e4 n\u00e4kevi\u00e4 hy\u00f6nteisi\u00e4 ja etanoita vastaan 127mm x 6m"}]},{"@type":"WebSite","@id":"https:\/\/rodoaed.ee\/#website","url":"https:\/\/rodoaed.ee\/","name":"Rodoaed","description":"","publisher":{"@id":"https:\/\/rodoaed.ee\/#organization"},"potentialAction":[{"@type":"SearchAction","target":{"@type":"EntryPoint","urlTemplate":"https:\/\/rodoaed.ee\/?s={search_term_string}"},"query-input":{"@type":"PropertyValueSpecification","valueRequired":true,"valueName":"search_term_string"}}],"inLanguage":"fi"},{"@type":"Organization","@id":"https:\/\/rodoaed.ee\/#organization","name":"Rodoaed","url":"https:\/\/rodoaed.ee\/","logo":{"@type":"ImageObject","inLanguage":"fi","@id":"https:\/\/rodoaed.ee\/#\/schema\/logo\/image\/","url":"https:\/\/rodoaed.ee\/wp-content\/uploads\/2019\/11\/rodoaed-logo-ilma-taustata.jpg","contentUrl":"https:\/\/rodoaed.ee\/wp-content\/uploads\/2019\/11\/rodoaed-logo-ilma-taustata.jpg","width":769,"height":268,"caption":"Rodoaed"},"image":{"@id":"https:\/\/rodoaed.ee\/#\/schema\/logo\/image\/"},"sameAs":["https:\/\/www.facebook.com\/kasvuhooned\/","https:\/\/rodoaed.ee"]}]}},"_links":{"self":[{"href":"https:\/\/rodoaed.ee\/fi\/wp-json\/wp\/v2\/product\/52606","targetHints":{"allow":["GET"]}}],"collection":[{"href":"https:\/\/rodoaed.ee\/fi\/wp-json\/wp\/v2\/product"}],"about":[{"href":"https:\/\/rodoaed.ee\/fi\/wp-json\/wp\/v2\/types\/product"}],"wp:featuredmedia":[{"embeddable":true,"href":"https:\/\/rodoaed.ee\/fi\/wp-json\/wp\/v2\/media\/52067"}],"wp:attachment":[{"href":"https:\/\/rodoaed.ee\/fi\/wp-json\/wp\/v2\/media?parent=52606"}],"wp:term":[{"taxonomy":"product_brand","embeddable":true,"href":"https:\/\/rodoaed.ee\/fi\/wp-json\/wp\/v2\/product_brand?post=52606"},{"taxonomy":"product_cat","embeddable":true,"href":"https:\/\/rodoaed.ee\/fi\/wp-json\/wp\/v2\/product_cat?post=52606"},{"taxonomy":"product_tag","embeddable":true,"href":"https:\/\/rodoaed.ee\/fi\/wp-json\/wp\/v2\/product_tag?post=52606"}],"curies":[{"name":"wp","href":"https:\/\/api.w.org\/{rel}","templated":true}]}}