{"id":52607,"date":"2025-11-28T14:59:29","date_gmt":"2025-11-28T12:59:29","guid":{"rendered":"https:\/\/rodoaed.ee\/toode\/ruoankuivain-atacama-pro-deluxe-ruostumaton-teras-rungon-jatke-11-000cm2\/"},"modified":"2026-04-17T10:18:42","modified_gmt":"2026-04-17T07:18:42","slug":"ruoankuivain-atacama-pro-deluxe-ruostumaton-teras-rungon-jatke-11-000cm2","status":"publish","type":"product","link":"https:\/\/rodoaed.ee\/fi\/tuote\/ruoankuivain-atacama-pro-deluxe-ruostumaton-teras-rungon-jatke-11-000cm2\/","title":{"rendered":"Ruoankuivain Atacama Pro Deluxe ruostumaton ter\u00e4s + rungon jatke 11 000cm2"},"content":{"rendered":"<p><strong>Atacama Pro DELUXE Plus -mallissa on kaksinkertainen, 11 000 cm2:n hy\u00f6dyllinen ty\u00f6alue.  <\/strong><\/p>\n<p><strong>Voit helposti kaksinkertaistaa kuivausalueen ja s\u00e4\u00e4st\u00e4\u00e4 energiaa, koska tehokas moottorilohko pysyy samana.<\/strong><\/p>\n<p><strong><span style=\"font-family: Tahoma, Geneva, sans-serif; font-size: 16px; font-style: normal; font-variant-caps: normal;\">Kasvien ja elintarvikkeiden nopeaan, k\u00e4tev\u00e4\u00e4n ja hygieeniseen kuivaamiseen. Saat terveellisen lopputuloksen nopeasti ja turvallisesti automaattisten kuivaustilojen ansiosta. <\/span><\/strong><\/p>\n<p>T\u00e4ll\u00e4 kuivauslaitteella voit kuivata k\u00e4yt\u00e4nn\u00f6ss\u00e4 mit\u00e4 tahansa niin, ett\u00e4 vitamiinit, kivenn\u00e4isaineet ja aurinkoenergia s\u00e4ilyv\u00e4t. L\u00e4\u00e4kekasvit, juuret, mukulat, kasvimateriaali, kuten kukat, lehdet, hedelm\u00e4t ja juuret. My\u00f6s sienet, marjat mets\u00e4st\u00e4 ja puutarhasta. Hedelm\u00e4t &#8211; omenat, p\u00e4\u00e4ryn\u00e4t, luumut&#8230; Mutta ei vain. Voit k\u00e4ytt\u00e4\u00e4 dehydraattoria my\u00f6s lihan, kalan ja muiden elintarvikkeiden kuivattamiseen.<\/p>\n<p>Raakaruoan yst\u00e4v\u00e4t voivat kuivata omia leip\u00e4- ja vihannessekoituksiaan. Retkeilij\u00e4t voivat valmistaa pitk\u00e4\u00e4n s\u00e4ilyvi\u00e4 jouluherkkuja mukaansa. T\u00e4m\u00e4n kuivauslaitteen k\u00e4yt\u00e4nn\u00f6n sovelluksia on liian paljon lueteltavaksi t\u00e4ss\u00e4.  <\/p>\n<p><strong>Tre Spade -ruokakuivaimet ovat Euroopan suosituimpia ja luotettavimpia ruokakuivaimia. Tre Spade Takaje -tyhji\u00f6pakkauslaitteet puolestaan voittivat hiljattain Euroopan parhaat muotoilupalkinnot vuosina 2014 ja 2016. <\/strong><\/p>\n<h2>T\u00e4rkeimm\u00e4t ominaisuudet:<\/h2>\n<ul>\n<li><strong>Ruostumattomasta ter\u00e4ksest\u00e4 ja vahvistetusta nylonkuidusta <\/strong>valmistettu kotelo<\/li>\n<li>Digitaalisella n\u00e4yt\u00f6ll\u00e4 varustettu ohjauspaneeli antaa yleiskuvan koko k\u00e4ynniss\u00e4 olevasta prosessista (l\u00e4mp\u00f6tila, ohjelma ja j\u00e4ljell\u00e4 oleva aika).<\/li>\n<li>Termostaatti kuivausl\u00e4mp\u00f6tilan s\u00e4\u00e4t\u00f6\u00e4 varten<\/li>\n<li>Patentoitu Wide Flow -tekniikka nopeuttaa ja tasoittaa kuivausprosessia ja v\u00e4hent\u00e4\u00e4 energiankulutusta.<\/li>\n<li>5 erilaista automaattista ohjelmaa mukavaan k\u00e4ytt\u00f6\u00f6n, +1 EVO-ohjelma edistyneille k\u00e4ytt\u00e4jille, jossa aikaa, l\u00e4mp\u00f6tilaa ja ilmanvaihdon voimakkuutta voidaan muuttaa, +1 DELAY-ohjelma ajastettuun k\u00e4ytt\u00f6\u00f6n.<\/li>\n<li><span style=\"line-height: 1;\">Yll\u00e4pitoj\u00e4rjestelm\u00e4 on automaattinen ohjelmien p\u00e4\u00e4ttyess\u00e4<\/span><\/li>\n<li><span style=\"line-height: 1;\">Liukumista ja t\u00e4rin\u00e4\u00e4 kest\u00e4v\u00e4t kumijalat<\/span><\/li>\n<li>Helppo k\u00e4ytt\u00e4\u00e4<\/li>\n<li>Kompakti ja kevyt<\/li>\n<\/ul>\n<h2>Tekniset tiedot:<\/h2>\n<ul>\n<li>Paino: 6 kg<\/li>\n<li>Mitat: 27x26x50 cm kertaa kaksi<\/li>\n<li>Teho: 500 W<\/li>\n<li><span style=\"line-height: 1;\">Kuivausl\u00e4mp\u00f6tila: 0- 60C<\/span><\/li>\n<li><strong style=\"font-family: inherit; font-size: inherit; font-style: inherit; font-variant: inherit; line-height: inherit;\">12 kuivauslaatikkoa ruostumatonta ter\u00e4st\u00e4<\/strong><\/li>\n<li><strong style=\"font-family: inherit; font-size: inherit; font-style: inherit; font-variant: inherit; line-height: inherit;\">Hy\u00f6tyk\u00e4ytt\u00f6\u00f6n tarkoitettu kokonaiskuivauspinta-ala 11 000 cm2<\/strong><\/li>\n<\/ul>\n<p><a href=\"https:\/\/rodoaed.ee\/fi\/\">kotisivu<\/a> <a href=\"https:\/\/rodoaed.ee\/tootekategooria\/koogiseadmed\/\">k\u00e4ynnist\u00e4<\/a> <a href=\"https:\/\/rodoaed.ee\/tootekategooria\/koogiseadmed\/toidukuivatid\/\">elintarvikekuivurit<\/a><\/p>\n<p>&nbsp;<\/p>\n","protected":false},"excerpt":{"rendered":"<p>Atacama Pro DELUXE Plus -mallissa on kaksinkertainen, 11 000 cm2:n hy\u00f6dyllinen ty\u00f6alue. Voit helposti kaksinkertaistaa kuivausalueen ja s\u00e4\u00e4st\u00e4\u00e4 energiaa, koska tehokas moottorilohko pysyy samana. Kasvien ja elintarvikkeiden nopeaan, k\u00e4tev\u00e4\u00e4n ja hygieeniseen kuivaamiseen. Saat terveellisen lopputuloksen nopeasti ja turvallisesti automaattisten kuivaustilojen ansiosta. T\u00e4ll\u00e4 kuivauslaitteella voit kuivata k\u00e4yt\u00e4nn\u00f6ss\u00e4 mit\u00e4 tahansa niin, ett\u00e4 vitamiinit, kivenn\u00e4isaineet ja aurinkoenergia s\u00e4ilyv\u00e4t. L\u00e4\u00e4kekasvit, juuret, mukulat, kasvimateriaali, kuten kukat, lehdet, hedelm\u00e4t ja juuret&#8230;.<\/p>\n","protected":false},"featured_media":51693,"template":"","meta":{"_acf_changed":false},"product_brand":[],"product_cat":[1770],"product_tag":[],"class_list":{"0":"post-52607","1":"product","2":"type-product","3":"status-publish","4":"has-post-thumbnail","6":"product_cat-elintarvikkeiden-kuivausrummut","7":"product_shipping_class-toimitus-1-3-tyopaivan-kuluessa","8":"pa_variatsioon-15-uutta-ruoan-kuivausrumpu-atacama-pro-deluxe-ruostumaton-teras","10":"first","11":"onbackorder","12":"sale","13":"taxable","14":"shipping-taxable","15":"purchasable","16":"product-type-simple"},"acf":[],"yoast_head":"<!-- This site is optimized with the Yoast SEO Premium plugin v27.3 (Yoast SEO v27.3) - https:\/\/yoast.com\/product\/yoast-seo-premium-wordpress\/ -->\n<title>Ruoankuivain Atacama Pro Deluxe ruostumaton ter\u00e4s + rungon jatke 11 000cm2 - Rodoaed<\/title>\n<meta name=\"description\" content=\"T\u00e4ll\u00e4 kuivauslaitteella voit kuivata k\u00e4yt\u00e4nn\u00f6ss\u00e4 mit\u00e4 tahansa s\u00e4ilytt\u00e4en vitamiineja, kivenn\u00e4isaineita ja aurinkoenergiaa. Liha, kala, raakaruoka, sienet ja yrtit.\" \/>\n<meta name=\"robots\" content=\"index, follow, max-snippet:-1, max-image-preview:large, max-video-preview:-1\" \/>\n<link rel=\"canonical\" href=\"https:\/\/rodoaed.ee\/fi\/tuote\/ruoankuivain-atacama-pro-deluxe-ruostumaton-teras-rungon-jatke-11-000cm2\/\" \/>\n<meta property=\"og:locale\" content=\"fi_FI\" \/>\n<meta property=\"og:type\" content=\"article\" \/>\n<meta property=\"og:title\" content=\"Ruoankuivain Atacama Pro Deluxe ruostumaton ter\u00e4s + rungon jatke 11 000cm2\" \/>\n<meta property=\"og:description\" content=\"Atacama Pro DELUXE Plus -mallissa on kaksinkertainen, 11 000 cm2:n hy\u00f6dyllinen ty\u00f6alue. Voit helposti kaksinkertaistaa kuivausalueen ja s\u00e4\u00e4st\u00e4\u00e4 energiaa,\" \/>\n<meta property=\"og:url\" content=\"https:\/\/rodoaed.ee\/fi\/tuote\/ruoankuivain-atacama-pro-deluxe-ruostumaton-teras-rungon-jatke-11-000cm2\/\" \/>\n<meta property=\"og:site_name\" content=\"Rodoaed\" \/>\n<meta property=\"article:publisher\" content=\"https:\/\/www.facebook.com\/kasvuhooned\/\" \/>\n<meta property=\"article:modified_time\" content=\"2026-04-17T07:18:42+00:00\" \/>\n<meta property=\"og:image\" content=\"https:\/\/rodoaed.ee\/wp-content\/uploads\/2025\/11\/Toidukuivati_Acatama-PRO-DELUXE_PLUS.jpg\" \/>\n\t<meta property=\"og:image:width\" content=\"1536\" \/>\n\t<meta property=\"og:image:height\" content=\"1024\" \/>\n\t<meta property=\"og:image:type\" content=\"image\/jpeg\" \/>\n<meta name=\"twitter:card\" content=\"summary_large_image\" \/>\n<meta name=\"twitter:label1\" content=\"Arvioitu lukuaika\" \/>\n\t<meta name=\"twitter:data1\" content=\"2 minuuttia\" \/>\n<script type=\"application\/ld+json\" class=\"yoast-schema-graph\">{\"@context\":\"https:\\\/\\\/schema.org\",\"@graph\":[{\"@type\":\"WebPage\",\"@id\":\"https:\\\/\\\/rodoaed.ee\\\/fi\\\/tuote\\\/ruoankuivain-atacama-pro-deluxe-ruostumaton-teras-rungon-jatke-11-000cm2\\\/\",\"url\":\"https:\\\/\\\/rodoaed.ee\\\/fi\\\/tuote\\\/ruoankuivain-atacama-pro-deluxe-ruostumaton-teras-rungon-jatke-11-000cm2\\\/\",\"name\":\"Ruoankuivain Atacama Pro Deluxe ruostumaton ter\u00e4s + rungon jatke 11 000cm2 - Rodoaed\",\"isPartOf\":{\"@id\":\"https:\\\/\\\/rodoaed.ee\\\/#website\"},\"primaryImageOfPage\":{\"@id\":\"https:\\\/\\\/rodoaed.ee\\\/fi\\\/tuote\\\/ruoankuivain-atacama-pro-deluxe-ruostumaton-teras-rungon-jatke-11-000cm2\\\/#primaryimage\"},\"image\":{\"@id\":\"https:\\\/\\\/rodoaed.ee\\\/fi\\\/tuote\\\/ruoankuivain-atacama-pro-deluxe-ruostumaton-teras-rungon-jatke-11-000cm2\\\/#primaryimage\"},\"thumbnailUrl\":\"https:\\\/\\\/rodoaed.ee\\\/wp-content\\\/uploads\\\/2025\\\/11\\\/Toidukuivati_Acatama-PRO-DELUXE_PLUS.jpg\",\"datePublished\":\"2025-11-28T12:59:29+00:00\",\"dateModified\":\"2026-04-17T07:18:42+00:00\",\"description\":\"T\u00e4ll\u00e4 kuivauslaitteella voit kuivata k\u00e4yt\u00e4nn\u00f6ss\u00e4 mit\u00e4 tahansa s\u00e4ilytt\u00e4en vitamiineja, kivenn\u00e4isaineita ja aurinkoenergiaa. Liha, kala, raakaruoka, sienet ja yrtit.\",\"breadcrumb\":{\"@id\":\"https:\\\/\\\/rodoaed.ee\\\/fi\\\/tuote\\\/ruoankuivain-atacama-pro-deluxe-ruostumaton-teras-rungon-jatke-11-000cm2\\\/#breadcrumb\"},\"inLanguage\":\"fi\",\"potentialAction\":[{\"@type\":\"ReadAction\",\"target\":[\"https:\\\/\\\/rodoaed.ee\\\/fi\\\/tuote\\\/ruoankuivain-atacama-pro-deluxe-ruostumaton-teras-rungon-jatke-11-000cm2\\\/\"]}]},{\"@type\":\"ImageObject\",\"inLanguage\":\"fi\",\"@id\":\"https:\\\/\\\/rodoaed.ee\\\/fi\\\/tuote\\\/ruoankuivain-atacama-pro-deluxe-ruostumaton-teras-rungon-jatke-11-000cm2\\\/#primaryimage\",\"url\":\"https:\\\/\\\/rodoaed.ee\\\/wp-content\\\/uploads\\\/2025\\\/11\\\/Toidukuivati_Acatama-PRO-DELUXE_PLUS.jpg\",\"contentUrl\":\"https:\\\/\\\/rodoaed.ee\\\/wp-content\\\/uploads\\\/2025\\\/11\\\/Toidukuivati_Acatama-PRO-DELUXE_PLUS.jpg\",\"width\":1536,\"height\":1024},{\"@type\":\"BreadcrumbList\",\"@id\":\"https:\\\/\\\/rodoaed.ee\\\/fi\\\/tuote\\\/ruoankuivain-atacama-pro-deluxe-ruostumaton-teras-rungon-jatke-11-000cm2\\\/#breadcrumb\",\"itemListElement\":[{\"@type\":\"ListItem\",\"position\":1,\"name\":\"Home\",\"item\":\"https:\\\/\\\/rodoaed.ee\\\/fi\\\/\"},{\"@type\":\"ListItem\",\"position\":2,\"name\":\"Osta osoitteessa\",\"item\":\"https:\\\/\\\/rodoaed.ee\\\/osta-osoitteessa\\\/\"},{\"@type\":\"ListItem\",\"position\":3,\"name\":\"Ruoankuivain Atacama Pro Deluxe ruostumaton ter\u00e4s + rungon jatke 11 000cm2\"}]},{\"@type\":\"WebSite\",\"@id\":\"https:\\\/\\\/rodoaed.ee\\\/#website\",\"url\":\"https:\\\/\\\/rodoaed.ee\\\/\",\"name\":\"Rodoaed\",\"description\":\"\",\"publisher\":{\"@id\":\"https:\\\/\\\/rodoaed.ee\\\/#organization\"},\"potentialAction\":[{\"@type\":\"SearchAction\",\"target\":{\"@type\":\"EntryPoint\",\"urlTemplate\":\"https:\\\/\\\/rodoaed.ee\\\/?s={search_term_string}\"},\"query-input\":{\"@type\":\"PropertyValueSpecification\",\"valueRequired\":true,\"valueName\":\"search_term_string\"}}],\"inLanguage\":\"fi\"},{\"@type\":\"Organization\",\"@id\":\"https:\\\/\\\/rodoaed.ee\\\/#organization\",\"name\":\"Rodoaed\",\"url\":\"https:\\\/\\\/rodoaed.ee\\\/\",\"logo\":{\"@type\":\"ImageObject\",\"inLanguage\":\"fi\",\"@id\":\"https:\\\/\\\/rodoaed.ee\\\/#\\\/schema\\\/logo\\\/image\\\/\",\"url\":\"https:\\\/\\\/rodoaed.ee\\\/wp-content\\\/uploads\\\/2019\\\/11\\\/rodoaed-logo-ilma-taustata.jpg\",\"contentUrl\":\"https:\\\/\\\/rodoaed.ee\\\/wp-content\\\/uploads\\\/2019\\\/11\\\/rodoaed-logo-ilma-taustata.jpg\",\"width\":769,\"height\":268,\"caption\":\"Rodoaed\"},\"image\":{\"@id\":\"https:\\\/\\\/rodoaed.ee\\\/#\\\/schema\\\/logo\\\/image\\\/\"},\"sameAs\":[\"https:\\\/\\\/www.facebook.com\\\/kasvuhooned\\\/\",\"https:\\\/\\\/rodoaed.ee\"]}]}<\/script>\n<!-- \/ Yoast SEO Premium plugin. -->","yoast_head_json":{"title":"Ruoankuivain Atacama Pro Deluxe ruostumaton ter\u00e4s + rungon jatke 11 000cm2 - Rodoaed","description":"T\u00e4ll\u00e4 kuivauslaitteella voit kuivata k\u00e4yt\u00e4nn\u00f6ss\u00e4 mit\u00e4 tahansa s\u00e4ilytt\u00e4en vitamiineja, kivenn\u00e4isaineita ja aurinkoenergiaa. Liha, kala, raakaruoka, sienet ja yrtit.","robots":{"index":"index","follow":"follow","max-snippet":"max-snippet:-1","max-image-preview":"max-image-preview:large","max-video-preview":"max-video-preview:-1"},"canonical":"https:\/\/rodoaed.ee\/fi\/tuote\/ruoankuivain-atacama-pro-deluxe-ruostumaton-teras-rungon-jatke-11-000cm2\/","og_locale":"fi_FI","og_type":"article","og_title":"Ruoankuivain Atacama Pro Deluxe ruostumaton ter\u00e4s + rungon jatke 11 000cm2","og_description":"Atacama Pro DELUXE Plus -mallissa on kaksinkertainen, 11 000 cm2:n hy\u00f6dyllinen ty\u00f6alue. Voit helposti kaksinkertaistaa kuivausalueen ja s\u00e4\u00e4st\u00e4\u00e4 energiaa,","og_url":"https:\/\/rodoaed.ee\/fi\/tuote\/ruoankuivain-atacama-pro-deluxe-ruostumaton-teras-rungon-jatke-11-000cm2\/","og_site_name":"Rodoaed","article_publisher":"https:\/\/www.facebook.com\/kasvuhooned\/","article_modified_time":"2026-04-17T07:18:42+00:00","og_image":[{"width":1536,"height":1024,"url":"https:\/\/rodoaed.ee\/wp-content\/uploads\/2025\/11\/Toidukuivati_Acatama-PRO-DELUXE_PLUS.jpg","type":"image\/jpeg"}],"twitter_card":"summary_large_image","twitter_misc":{"Arvioitu lukuaika":"2 minuuttia"},"schema":{"@context":"https:\/\/schema.org","@graph":[{"@type":"WebPage","@id":"https:\/\/rodoaed.ee\/fi\/tuote\/ruoankuivain-atacama-pro-deluxe-ruostumaton-teras-rungon-jatke-11-000cm2\/","url":"https:\/\/rodoaed.ee\/fi\/tuote\/ruoankuivain-atacama-pro-deluxe-ruostumaton-teras-rungon-jatke-11-000cm2\/","name":"Ruoankuivain Atacama Pro Deluxe ruostumaton ter\u00e4s + rungon jatke 11 000cm2 - Rodoaed","isPartOf":{"@id":"https:\/\/rodoaed.ee\/#website"},"primaryImageOfPage":{"@id":"https:\/\/rodoaed.ee\/fi\/tuote\/ruoankuivain-atacama-pro-deluxe-ruostumaton-teras-rungon-jatke-11-000cm2\/#primaryimage"},"image":{"@id":"https:\/\/rodoaed.ee\/fi\/tuote\/ruoankuivain-atacama-pro-deluxe-ruostumaton-teras-rungon-jatke-11-000cm2\/#primaryimage"},"thumbnailUrl":"https:\/\/rodoaed.ee\/wp-content\/uploads\/2025\/11\/Toidukuivati_Acatama-PRO-DELUXE_PLUS.jpg","datePublished":"2025-11-28T12:59:29+00:00","dateModified":"2026-04-17T07:18:42+00:00","description":"T\u00e4ll\u00e4 kuivauslaitteella voit kuivata k\u00e4yt\u00e4nn\u00f6ss\u00e4 mit\u00e4 tahansa s\u00e4ilytt\u00e4en vitamiineja, kivenn\u00e4isaineita ja aurinkoenergiaa. Liha, kala, raakaruoka, sienet ja yrtit.","breadcrumb":{"@id":"https:\/\/rodoaed.ee\/fi\/tuote\/ruoankuivain-atacama-pro-deluxe-ruostumaton-teras-rungon-jatke-11-000cm2\/#breadcrumb"},"inLanguage":"fi","potentialAction":[{"@type":"ReadAction","target":["https:\/\/rodoaed.ee\/fi\/tuote\/ruoankuivain-atacama-pro-deluxe-ruostumaton-teras-rungon-jatke-11-000cm2\/"]}]},{"@type":"ImageObject","inLanguage":"fi","@id":"https:\/\/rodoaed.ee\/fi\/tuote\/ruoankuivain-atacama-pro-deluxe-ruostumaton-teras-rungon-jatke-11-000cm2\/#primaryimage","url":"https:\/\/rodoaed.ee\/wp-content\/uploads\/2025\/11\/Toidukuivati_Acatama-PRO-DELUXE_PLUS.jpg","contentUrl":"https:\/\/rodoaed.ee\/wp-content\/uploads\/2025\/11\/Toidukuivati_Acatama-PRO-DELUXE_PLUS.jpg","width":1536,"height":1024},{"@type":"BreadcrumbList","@id":"https:\/\/rodoaed.ee\/fi\/tuote\/ruoankuivain-atacama-pro-deluxe-ruostumaton-teras-rungon-jatke-11-000cm2\/#breadcrumb","itemListElement":[{"@type":"ListItem","position":1,"name":"Home","item":"https:\/\/rodoaed.ee\/fi\/"},{"@type":"ListItem","position":2,"name":"Osta osoitteessa","item":"https:\/\/rodoaed.ee\/osta-osoitteessa\/"},{"@type":"ListItem","position":3,"name":"Ruoankuivain Atacama Pro Deluxe ruostumaton ter\u00e4s + rungon jatke 11 000cm2"}]},{"@type":"WebSite","@id":"https:\/\/rodoaed.ee\/#website","url":"https:\/\/rodoaed.ee\/","name":"Rodoaed","description":"","publisher":{"@id":"https:\/\/rodoaed.ee\/#organization"},"potentialAction":[{"@type":"SearchAction","target":{"@type":"EntryPoint","urlTemplate":"https:\/\/rodoaed.ee\/?s={search_term_string}"},"query-input":{"@type":"PropertyValueSpecification","valueRequired":true,"valueName":"search_term_string"}}],"inLanguage":"fi"},{"@type":"Organization","@id":"https:\/\/rodoaed.ee\/#organization","name":"Rodoaed","url":"https:\/\/rodoaed.ee\/","logo":{"@type":"ImageObject","inLanguage":"fi","@id":"https:\/\/rodoaed.ee\/#\/schema\/logo\/image\/","url":"https:\/\/rodoaed.ee\/wp-content\/uploads\/2019\/11\/rodoaed-logo-ilma-taustata.jpg","contentUrl":"https:\/\/rodoaed.ee\/wp-content\/uploads\/2019\/11\/rodoaed-logo-ilma-taustata.jpg","width":769,"height":268,"caption":"Rodoaed"},"image":{"@id":"https:\/\/rodoaed.ee\/#\/schema\/logo\/image\/"},"sameAs":["https:\/\/www.facebook.com\/kasvuhooned\/","https:\/\/rodoaed.ee"]}]}},"_links":{"self":[{"href":"https:\/\/rodoaed.ee\/fi\/wp-json\/wp\/v2\/product\/52607","targetHints":{"allow":["GET"]}}],"collection":[{"href":"https:\/\/rodoaed.ee\/fi\/wp-json\/wp\/v2\/product"}],"about":[{"href":"https:\/\/rodoaed.ee\/fi\/wp-json\/wp\/v2\/types\/product"}],"wp:featuredmedia":[{"embeddable":true,"href":"https:\/\/rodoaed.ee\/fi\/wp-json\/wp\/v2\/media\/51693"}],"wp:attachment":[{"href":"https:\/\/rodoaed.ee\/fi\/wp-json\/wp\/v2\/media?parent=52607"}],"wp:term":[{"taxonomy":"product_brand","embeddable":true,"href":"https:\/\/rodoaed.ee\/fi\/wp-json\/wp\/v2\/product_brand?post=52607"},{"taxonomy":"product_cat","embeddable":true,"href":"https:\/\/rodoaed.ee\/fi\/wp-json\/wp\/v2\/product_cat?post=52607"},{"taxonomy":"product_tag","embeddable":true,"href":"https:\/\/rodoaed.ee\/fi\/wp-json\/wp\/v2\/product_tag?post=52607"}],"curies":[{"name":"wp","href":"https:\/\/api.w.org\/{rel}","templated":true}]}}