{"id":52608,"date":"2026-01-23T12:58:14","date_gmt":"2026-01-23T10:58:14","guid":{"rendered":"https:\/\/rodoaed.ee\/toode\/luomurasvapallot-linnuille-27kg-30kpl-korkea-proteiinipitoisuus-varastossa\/"},"modified":"2026-04-17T10:16:45","modified_gmt":"2026-04-17T07:16:45","slug":"luomurasvapallot-linnuille-27kg-30kpl-korkea-proteiinipitoisuus-varastossa","status":"publish","type":"product","link":"https:\/\/rodoaed.ee\/fi\/tuote\/luomurasvapallot-linnuille-27kg-30kpl-korkea-proteiinipitoisuus-varastossa\/","title":{"rendered":"Luomurasvapallot linnuille- 2,7kg (30kpl)- Korkea proteiinipitoisuus- VARASTOSSA!"},"content":{"rendered":"<p><strong>Ekologisesti puhtaista ja korkealaatuisista raaka-aineista valmistetut lintujen ruokinta-astiat ymp\u00e4rivuotiseen ruokintaan.<\/strong><\/p>\n<p><strong>HUOM N\u00e4m\u00e4 ovat linnuille turvallisia ruokapalloja ilman verkkoja !<\/strong><\/p>\n<p>Lihapullat valmistetaan k\u00e4sity\u00f6n\u00e4 vain parhaista raaka-aineista. Huippulaatua puutarhasi linnuille. <\/p>\n<p><strong>Saksalaiset asiantuntijat ovat luoneet rasvapallot lintujen tarpeita silm\u00e4ll\u00e4 pit\u00e4en, joten kaikki ainesosat<\/strong><strong> ovat <\/strong><strong>korkealaatuisia.<\/strong><strong> Rehupallomme eiv\u00e4t sis\u00e4ll\u00e4 turhia t\u00e4yteaineita, kuten tuhkaa, hiekkaa ja muita t\u00e4yteaineita, jotka palvelevat vain kaupallista tarkoitusta mutta ovat linnuille sopimattomia ja vaarallisia. <\/strong>N\u00e4et nopeasti itse, miten linnut arvostavat niit\u00e4.<\/p>\n<p>Sopii kaikkien lintujen ruokintaan ymp\u00e4ri vuoden. Voidaan sijoittaa ruokintalaitteeseen tai sy\u00f6tt\u00e4\u00e4 suoraan maahan. <\/p>\n<p><strong>Aseta:<\/strong><\/p>\n<p>30 pallon sarja, jokainen pallo 90 g<\/p>\n<p>Pakattu ilman verkkoa, jotta se on t\u00e4ysin turvallinen linnuille.<\/p>\n<p><strong>Paino:<\/strong><\/p>\n<p>2,7 kg<\/p>\n<p>&nbsp;<\/p>\n<p>&nbsp;<\/p>\n","protected":false},"excerpt":{"rendered":"<p>Ekologisesti puhtaista ja korkealaatuisista raaka-aineista valmistetut lintujen ruokinta-astiat ymp\u00e4rivuotiseen ruokintaan. HUOM N\u00e4m\u00e4 ovat linnuille turvallisia ruokapalloja ilman verkkoja ! Lihapullat valmistetaan k\u00e4sity\u00f6n\u00e4 vain parhaista raaka-aineista. Huippulaatua puutarhasi linnuille. Saksalaiset asiantuntijat ovat luoneet rasvapallot lintujen tarpeita silm\u00e4ll\u00e4 pit\u00e4en, joten kaikki ainesosat ovat korkealaatuisia. Rehupallomme eiv\u00e4t sis\u00e4ll\u00e4 turhia t\u00e4yteaineita, kuten tuhkaa, hiekkaa ja muita t\u00e4yteaineita, jotka palvelevat vain kaupallista tarkoitusta mutta ovat linnuille sopimattomia ja vaarallisia. N\u00e4et&#8230;<\/p>\n","protected":false},"featured_media":51591,"template":"","meta":{"_acf_changed":false},"product_brand":[],"product_cat":[1767,1775],"product_tag":[],"class_list":{"0":"post-52608","1":"product","2":"type-product","3":"status-publish","4":"has-post-thumbnail","6":"product_cat-linnaillalliset-ja-linnan-ravintolat","7":"product_cat-rasvapallot-linnuille","8":"product_shipping_class-toimitus-1-3-tyopaivan-kuluessa","9":"pa_variatsioon-eco-fat-balls-for-birds-lintujen-talviruokintaan","11":"first","12":"instock","13":"sale","14":"taxable","15":"shipping-taxable","16":"purchasable","17":"product-type-simple"},"acf":[],"yoast_head":"<!-- This site is optimized with the Yoast SEO Premium plugin v27.3 (Yoast SEO v27.3) - https:\/\/yoast.com\/product\/yoast-seo-premium-wordpress\/ -->\n<title>Luomurasvapallot linnuille- 2,7kg (30kpl)- Korkea proteiinipitoisuus- VARASTOSSA! - Rodoaed<\/title>\n<meta name=\"robots\" content=\"index, follow, max-snippet:-1, max-image-preview:large, max-video-preview:-1\" \/>\n<link rel=\"canonical\" href=\"https:\/\/rodoaed.ee\/fi\/tuote\/luomurasvapallot-linnuille-27kg-30kpl-korkea-proteiinipitoisuus-varastossa\/\" \/>\n<meta property=\"og:locale\" content=\"fi_FI\" \/>\n<meta property=\"og:type\" content=\"article\" \/>\n<meta property=\"og:title\" content=\"Luomurasvapallot linnuille- 2,7kg (30kpl)- Korkea proteiinipitoisuus- VARASTOSSA!\" \/>\n<meta property=\"og:description\" content=\"Ekologisesti puhtaista ja korkealaatuisista raaka-aineista valmistetut lintujen ruokinta-astiat ymp\u00e4rivuotiseen ruokintaan. HUOM N\u00e4m\u00e4 ovat linnuille\" \/>\n<meta property=\"og:url\" content=\"https:\/\/rodoaed.ee\/fi\/tuote\/luomurasvapallot-linnuille-27kg-30kpl-korkea-proteiinipitoisuus-varastossa\/\" \/>\n<meta property=\"og:site_name\" content=\"Rodoaed\" \/>\n<meta property=\"article:publisher\" content=\"https:\/\/www.facebook.com\/kasvuhooned\/\" \/>\n<meta property=\"article:modified_time\" content=\"2026-04-17T07:16:45+00:00\" \/>\n<meta property=\"og:image\" content=\"https:\/\/rodoaed.ee\/wp-content\/uploads\/2026\/01\/rasvapallid_1.jpg\" \/>\n\t<meta property=\"og:image:width\" content=\"1500\" \/>\n\t<meta property=\"og:image:height\" content=\"1347\" \/>\n\t<meta property=\"og:image:type\" content=\"image\/jpeg\" \/>\n<meta name=\"twitter:card\" content=\"summary_large_image\" \/>\n<meta name=\"twitter:label1\" content=\"Arvioitu lukuaika\" \/>\n\t<meta name=\"twitter:data1\" content=\"1 minuutti\" \/>\n<script type=\"application\/ld+json\" class=\"yoast-schema-graph\">{\"@context\":\"https:\\\/\\\/schema.org\",\"@graph\":[{\"@type\":\"WebPage\",\"@id\":\"https:\\\/\\\/rodoaed.ee\\\/fi\\\/tuote\\\/luomurasvapallot-linnuille-27kg-30kpl-korkea-proteiinipitoisuus-varastossa\\\/\",\"url\":\"https:\\\/\\\/rodoaed.ee\\\/fi\\\/tuote\\\/luomurasvapallot-linnuille-27kg-30kpl-korkea-proteiinipitoisuus-varastossa\\\/\",\"name\":\"Luomurasvapallot linnuille- 2,7kg (30kpl)- Korkea proteiinipitoisuus- VARASTOSSA! - Rodoaed\",\"isPartOf\":{\"@id\":\"https:\\\/\\\/rodoaed.ee\\\/#website\"},\"primaryImageOfPage\":{\"@id\":\"https:\\\/\\\/rodoaed.ee\\\/fi\\\/tuote\\\/luomurasvapallot-linnuille-27kg-30kpl-korkea-proteiinipitoisuus-varastossa\\\/#primaryimage\"},\"image\":{\"@id\":\"https:\\\/\\\/rodoaed.ee\\\/fi\\\/tuote\\\/luomurasvapallot-linnuille-27kg-30kpl-korkea-proteiinipitoisuus-varastossa\\\/#primaryimage\"},\"thumbnailUrl\":\"https:\\\/\\\/rodoaed.ee\\\/wp-content\\\/uploads\\\/2026\\\/01\\\/rasvapallid_1.jpg\",\"datePublished\":\"2026-01-23T10:58:14+00:00\",\"dateModified\":\"2026-04-17T07:16:45+00:00\",\"breadcrumb\":{\"@id\":\"https:\\\/\\\/rodoaed.ee\\\/fi\\\/tuote\\\/luomurasvapallot-linnuille-27kg-30kpl-korkea-proteiinipitoisuus-varastossa\\\/#breadcrumb\"},\"inLanguage\":\"fi\",\"potentialAction\":[{\"@type\":\"ReadAction\",\"target\":[\"https:\\\/\\\/rodoaed.ee\\\/fi\\\/tuote\\\/luomurasvapallot-linnuille-27kg-30kpl-korkea-proteiinipitoisuus-varastossa\\\/\"]}]},{\"@type\":\"ImageObject\",\"inLanguage\":\"fi\",\"@id\":\"https:\\\/\\\/rodoaed.ee\\\/fi\\\/tuote\\\/luomurasvapallot-linnuille-27kg-30kpl-korkea-proteiinipitoisuus-varastossa\\\/#primaryimage\",\"url\":\"https:\\\/\\\/rodoaed.ee\\\/wp-content\\\/uploads\\\/2026\\\/01\\\/rasvapallid_1.jpg\",\"contentUrl\":\"https:\\\/\\\/rodoaed.ee\\\/wp-content\\\/uploads\\\/2026\\\/01\\\/rasvapallid_1.jpg\",\"width\":1500,\"height\":1347},{\"@type\":\"BreadcrumbList\",\"@id\":\"https:\\\/\\\/rodoaed.ee\\\/fi\\\/tuote\\\/luomurasvapallot-linnuille-27kg-30kpl-korkea-proteiinipitoisuus-varastossa\\\/#breadcrumb\",\"itemListElement\":[{\"@type\":\"ListItem\",\"position\":1,\"name\":\"Home\",\"item\":\"https:\\\/\\\/rodoaed.ee\\\/fi\\\/\"},{\"@type\":\"ListItem\",\"position\":2,\"name\":\"Osta osoitteessa\",\"item\":\"https:\\\/\\\/rodoaed.ee\\\/osta-osoitteessa\\\/\"},{\"@type\":\"ListItem\",\"position\":3,\"name\":\"Luomurasvapallot linnuille- 2,7kg (30kpl)- Korkea proteiinipitoisuus- VARASTOSSA!\"}]},{\"@type\":\"WebSite\",\"@id\":\"https:\\\/\\\/rodoaed.ee\\\/#website\",\"url\":\"https:\\\/\\\/rodoaed.ee\\\/\",\"name\":\"Rodoaed\",\"description\":\"\",\"publisher\":{\"@id\":\"https:\\\/\\\/rodoaed.ee\\\/#organization\"},\"potentialAction\":[{\"@type\":\"SearchAction\",\"target\":{\"@type\":\"EntryPoint\",\"urlTemplate\":\"https:\\\/\\\/rodoaed.ee\\\/?s={search_term_string}\"},\"query-input\":{\"@type\":\"PropertyValueSpecification\",\"valueRequired\":true,\"valueName\":\"search_term_string\"}}],\"inLanguage\":\"fi\"},{\"@type\":\"Organization\",\"@id\":\"https:\\\/\\\/rodoaed.ee\\\/#organization\",\"name\":\"Rodoaed\",\"url\":\"https:\\\/\\\/rodoaed.ee\\\/\",\"logo\":{\"@type\":\"ImageObject\",\"inLanguage\":\"fi\",\"@id\":\"https:\\\/\\\/rodoaed.ee\\\/#\\\/schema\\\/logo\\\/image\\\/\",\"url\":\"https:\\\/\\\/rodoaed.ee\\\/wp-content\\\/uploads\\\/2019\\\/11\\\/rodoaed-logo-ilma-taustata.jpg\",\"contentUrl\":\"https:\\\/\\\/rodoaed.ee\\\/wp-content\\\/uploads\\\/2019\\\/11\\\/rodoaed-logo-ilma-taustata.jpg\",\"width\":769,\"height\":268,\"caption\":\"Rodoaed\"},\"image\":{\"@id\":\"https:\\\/\\\/rodoaed.ee\\\/#\\\/schema\\\/logo\\\/image\\\/\"},\"sameAs\":[\"https:\\\/\\\/www.facebook.com\\\/kasvuhooned\\\/\",\"https:\\\/\\\/rodoaed.ee\"]}]}<\/script>\n<!-- \/ Yoast SEO Premium plugin. -->","yoast_head_json":{"title":"Luomurasvapallot linnuille- 2,7kg (30kpl)- Korkea proteiinipitoisuus- VARASTOSSA! - Rodoaed","robots":{"index":"index","follow":"follow","max-snippet":"max-snippet:-1","max-image-preview":"max-image-preview:large","max-video-preview":"max-video-preview:-1"},"canonical":"https:\/\/rodoaed.ee\/fi\/tuote\/luomurasvapallot-linnuille-27kg-30kpl-korkea-proteiinipitoisuus-varastossa\/","og_locale":"fi_FI","og_type":"article","og_title":"Luomurasvapallot linnuille- 2,7kg (30kpl)- Korkea proteiinipitoisuus- VARASTOSSA!","og_description":"Ekologisesti puhtaista ja korkealaatuisista raaka-aineista valmistetut lintujen ruokinta-astiat ymp\u00e4rivuotiseen ruokintaan. HUOM N\u00e4m\u00e4 ovat linnuille","og_url":"https:\/\/rodoaed.ee\/fi\/tuote\/luomurasvapallot-linnuille-27kg-30kpl-korkea-proteiinipitoisuus-varastossa\/","og_site_name":"Rodoaed","article_publisher":"https:\/\/www.facebook.com\/kasvuhooned\/","article_modified_time":"2026-04-17T07:16:45+00:00","og_image":[{"width":1500,"height":1347,"url":"https:\/\/rodoaed.ee\/wp-content\/uploads\/2026\/01\/rasvapallid_1.jpg","type":"image\/jpeg"}],"twitter_card":"summary_large_image","twitter_misc":{"Arvioitu lukuaika":"1 minuutti"},"schema":{"@context":"https:\/\/schema.org","@graph":[{"@type":"WebPage","@id":"https:\/\/rodoaed.ee\/fi\/tuote\/luomurasvapallot-linnuille-27kg-30kpl-korkea-proteiinipitoisuus-varastossa\/","url":"https:\/\/rodoaed.ee\/fi\/tuote\/luomurasvapallot-linnuille-27kg-30kpl-korkea-proteiinipitoisuus-varastossa\/","name":"Luomurasvapallot linnuille- 2,7kg (30kpl)- Korkea proteiinipitoisuus- VARASTOSSA! - Rodoaed","isPartOf":{"@id":"https:\/\/rodoaed.ee\/#website"},"primaryImageOfPage":{"@id":"https:\/\/rodoaed.ee\/fi\/tuote\/luomurasvapallot-linnuille-27kg-30kpl-korkea-proteiinipitoisuus-varastossa\/#primaryimage"},"image":{"@id":"https:\/\/rodoaed.ee\/fi\/tuote\/luomurasvapallot-linnuille-27kg-30kpl-korkea-proteiinipitoisuus-varastossa\/#primaryimage"},"thumbnailUrl":"https:\/\/rodoaed.ee\/wp-content\/uploads\/2026\/01\/rasvapallid_1.jpg","datePublished":"2026-01-23T10:58:14+00:00","dateModified":"2026-04-17T07:16:45+00:00","breadcrumb":{"@id":"https:\/\/rodoaed.ee\/fi\/tuote\/luomurasvapallot-linnuille-27kg-30kpl-korkea-proteiinipitoisuus-varastossa\/#breadcrumb"},"inLanguage":"fi","potentialAction":[{"@type":"ReadAction","target":["https:\/\/rodoaed.ee\/fi\/tuote\/luomurasvapallot-linnuille-27kg-30kpl-korkea-proteiinipitoisuus-varastossa\/"]}]},{"@type":"ImageObject","inLanguage":"fi","@id":"https:\/\/rodoaed.ee\/fi\/tuote\/luomurasvapallot-linnuille-27kg-30kpl-korkea-proteiinipitoisuus-varastossa\/#primaryimage","url":"https:\/\/rodoaed.ee\/wp-content\/uploads\/2026\/01\/rasvapallid_1.jpg","contentUrl":"https:\/\/rodoaed.ee\/wp-content\/uploads\/2026\/01\/rasvapallid_1.jpg","width":1500,"height":1347},{"@type":"BreadcrumbList","@id":"https:\/\/rodoaed.ee\/fi\/tuote\/luomurasvapallot-linnuille-27kg-30kpl-korkea-proteiinipitoisuus-varastossa\/#breadcrumb","itemListElement":[{"@type":"ListItem","position":1,"name":"Home","item":"https:\/\/rodoaed.ee\/fi\/"},{"@type":"ListItem","position":2,"name":"Osta osoitteessa","item":"https:\/\/rodoaed.ee\/osta-osoitteessa\/"},{"@type":"ListItem","position":3,"name":"Luomurasvapallot linnuille- 2,7kg (30kpl)- Korkea proteiinipitoisuus- VARASTOSSA!"}]},{"@type":"WebSite","@id":"https:\/\/rodoaed.ee\/#website","url":"https:\/\/rodoaed.ee\/","name":"Rodoaed","description":"","publisher":{"@id":"https:\/\/rodoaed.ee\/#organization"},"potentialAction":[{"@type":"SearchAction","target":{"@type":"EntryPoint","urlTemplate":"https:\/\/rodoaed.ee\/?s={search_term_string}"},"query-input":{"@type":"PropertyValueSpecification","valueRequired":true,"valueName":"search_term_string"}}],"inLanguage":"fi"},{"@type":"Organization","@id":"https:\/\/rodoaed.ee\/#organization","name":"Rodoaed","url":"https:\/\/rodoaed.ee\/","logo":{"@type":"ImageObject","inLanguage":"fi","@id":"https:\/\/rodoaed.ee\/#\/schema\/logo\/image\/","url":"https:\/\/rodoaed.ee\/wp-content\/uploads\/2019\/11\/rodoaed-logo-ilma-taustata.jpg","contentUrl":"https:\/\/rodoaed.ee\/wp-content\/uploads\/2019\/11\/rodoaed-logo-ilma-taustata.jpg","width":769,"height":268,"caption":"Rodoaed"},"image":{"@id":"https:\/\/rodoaed.ee\/#\/schema\/logo\/image\/"},"sameAs":["https:\/\/www.facebook.com\/kasvuhooned\/","https:\/\/rodoaed.ee"]}]}},"_links":{"self":[{"href":"https:\/\/rodoaed.ee\/fi\/wp-json\/wp\/v2\/product\/52608","targetHints":{"allow":["GET"]}}],"collection":[{"href":"https:\/\/rodoaed.ee\/fi\/wp-json\/wp\/v2\/product"}],"about":[{"href":"https:\/\/rodoaed.ee\/fi\/wp-json\/wp\/v2\/types\/product"}],"wp:featuredmedia":[{"embeddable":true,"href":"https:\/\/rodoaed.ee\/fi\/wp-json\/wp\/v2\/media\/51591"}],"wp:attachment":[{"href":"https:\/\/rodoaed.ee\/fi\/wp-json\/wp\/v2\/media?parent=52608"}],"wp:term":[{"taxonomy":"product_brand","embeddable":true,"href":"https:\/\/rodoaed.ee\/fi\/wp-json\/wp\/v2\/product_brand?post=52608"},{"taxonomy":"product_cat","embeddable":true,"href":"https:\/\/rodoaed.ee\/fi\/wp-json\/wp\/v2\/product_cat?post=52608"},{"taxonomy":"product_tag","embeddable":true,"href":"https:\/\/rodoaed.ee\/fi\/wp-json\/wp\/v2\/product_tag?post=52608"}],"curies":[{"name":"wp","href":"https:\/\/api.w.org\/{rel}","templated":true}]}}