{"id":52610,"date":"2026-03-28T12:16:14","date_gmt":"2026-03-28T10:16:14","guid":{"rendered":"https:\/\/rodoaed.ee\/toode\/uutuus-istutuspoyta-tyotaso-kasvien-istuttamiseen-tai-grillaamiseen-ennakkotilaushinta\/"},"modified":"2026-04-17T10:20:07","modified_gmt":"2026-04-17T07:20:07","slug":"uutuus-istutuspoyta-tyotaso-kasvien-istuttamiseen-tai-grillaamiseen-ennakkotilaushinta","status":"publish","type":"product","link":"https:\/\/rodoaed.ee\/fi\/tuote\/uutuus-istutuspoyta-tyotaso-kasvien-istuttamiseen-tai-grillaamiseen-ennakkotilaushinta\/","title":{"rendered":"UUTUUS! Istutusp\u00f6yt\u00e4 &#8211; ty\u00f6taso kasvien istuttamiseen tai grillaamiseen- Ennakkotilaushinta!"},"content":{"rendered":"<p><strong>Istutusp\u00f6yt\u00e4 &#8211; pieni puutarha jaloillaan, ulkokeitti\u00f6 tai ruokakomero &#8211; kaikki yhdess\u00e4<\/strong><\/p>\n<p><strong>Planter on monik\u00e4ytt\u00f6inen ty\u00f6p\u00f6yt\u00e4, jossa on s\u00e4ilytystilaa ja joka tuo kasvien kasvattamisen ilon parvekkeelle, terassille tai pieneen puutarhaan. Se on suunniteltu muuttamaan mik\u00e4 tahansa tila vihre\u00e4ksi keidas &#8211; kasvatatpa sitten yrttej\u00e4 tai salaatteja, etsit n\u00e4pp\u00e4r\u00e4\u00e4 ratkaisua grillausta varten tai nautit parvekkeella istumisesta. <\/strong><\/p>\n<p><strong>Kasvata kev\u00e4\u00e4st\u00e4 syksyyn<\/strong><br \/>\nPienet astiat sopivat erinomaisesti yrttien lis\u00e4\u00e4miseen tai kasvattamiseen, suuret tomaattien ja muiden vihannesten kasvattamiseen.<\/p>\n<p><strong>K\u00e4tev\u00e4 k\u00e4ytt\u00e4\u00e4 ilman kumartelua<\/strong><br \/>\nIstutusastia on keitti\u00f6n ty\u00f6tason korkuinen, puiset jalat ja tukeva rakenne pit\u00e4v\u00e4t sen vakaana.<\/p>\n<p><strong>Monipuolinen rakenne<\/strong><br \/>\nS\u00e4ili\u00f6it\u00e4 ja p\u00f6yti\u00e4 voidaan siirt\u00e4\u00e4 vasemmalta oikealle tai yl\u00f6s ja alas. Kun et kasvata mit\u00e4\u00e4n, kasvupenkki muuttuu s\u00e4ilytystilaksi. <\/p>\n<p><strong>Kest\u00e4v\u00e4t materiaalit<\/strong><br \/>\nLakattu py\u00f6kkipuu, \u00f6ljytty leikkuulauta ja UV-s\u00e4teily\u00e4 kest\u00e4v\u00e4t muoviosat kest\u00e4v\u00e4t ymp\u00e4rivuotista ulkok\u00e4ytt\u00f6\u00e4 katon alla. Sateenkest\u00e4v\u00e4 suojus on valmistettu erityisesti kasvusuojaa varten. <\/p>\n<p><strong>Laaja valikoima lis\u00e4varusteita<\/strong><br \/>\nKasvinsuojus suojaa kasveja kylm\u00e4lt\u00e4, kaksi kokoa puisia leikkuulautoja ja suojus. Olemme todella ajatelleet kaikkea. <\/p>\n<p><strong>Istutin on valmistettu T\u0161ekiss\u00e4<\/strong><br \/>\nOstoksesi tukee paikallista tuotantoa. Istutusastiamme on suunnitellut t\u0161ekkil\u00e4inen muotoilijakaksikko, ja se on valmistettu kokonaan Vyso\u010dinan syd\u00e4mess\u00e4. <\/p>\n<h4>T\u00e4rkeimm\u00e4t ominaisuudet<\/h4>\n<ul>\n<li>Mitat: 87,8 \u00d7 45,8 \u00d7 85,4 cm.<\/li>\n<li>Konttien tilavuudet:\n<ul>\n<li>Pieni s\u00e4ili\u00f6 5,5 L<\/li>\n<li>Suuri s\u00e4ili\u00f6 tyhjennysventtiilill\u00e4 24,5 L<\/li>\n<\/ul>\n<\/li>\n<li>Materiaalit:<br \/>\nRuiskuvalettu PP-muovi, jalat lakattua py\u00f6kki\u00e4.<\/li>\n<li>Kantavuus: Kantavuus: Yl\u00e4kehyksen kantavuus 35 kg, alakehyksen kantavuus 10 kg.<\/li>\n<li>Paino 10,5 kg perussarja<\/li>\n<\/ul>\n<p>Peruspaketti sis\u00e4lt\u00e4\u00e4:<br \/>\n1 ylempi kehys, 1 alempi kehys, 1 suuri s\u00e4ili\u00f6, 4 pient\u00e4 s\u00e4ili\u00f6t\u00e4, 4 puujalkaa, lis\u00e4varusteena ripustusj\u00e4rjestelm\u00e4, kiinnitystarvikkeet.<\/p>\n<div data-fullscreen=\"disabled\" data-mode=\"normal\" data-oembed=\"1\" data-provider=\"youtube\" data-reset-after-played id=\"arve-youtube-h7x_cd1aaqu\" class=\"arve\">\n<div class=\"arve-inner\">\n<div style=\"aspect-ratio:1140\/641\" class=\"arve-embed arve-embed--has-aspect-ratio\">\n<div class=\"arve-ar\" style=\"padding-top:56.228070%\"><\/div>\n<p>\t\t\t<iframe allow=\"accelerometer &apos;none&apos;;autoplay &apos;none&apos;;bluetooth &apos;none&apos;;browsing-topics &apos;none&apos;;camera &apos;none&apos;;clipboard-read &apos;none&apos;;clipboard-write;display-capture &apos;none&apos;;encrypted-media &apos;none&apos;;gamepad &apos;none&apos;;geolocation &apos;none&apos;;gyroscope &apos;none&apos;;hid &apos;none&apos;;identity-credentials-get &apos;none&apos;;idle-detection &apos;none&apos;;keyboard-map &apos;none&apos;;local-fonts;magnetometer &apos;none&apos;;microphone &apos;none&apos;;midi &apos;none&apos;;otp-credentials &apos;none&apos;;payment &apos;none&apos;;picture-in-picture;publickey-credentials-create &apos;none&apos;;publickey-credentials-get &apos;none&apos;;screen-wake-lock &apos;none&apos;;serial &apos;none&apos;;summarizer &apos;none&apos;;sync-xhr;usb &apos;none&apos;;web-share;window-management &apos;none&apos;;xr-spatial-tracking &apos;none&apos;;\" allowfullscreen=\"\" class=\"arve-iframe fitvidsignore\" credentialless data-arve=\"arve-youtube-h7x_cd1aaqu\" data-lenis-prevent=\"\" data-src-no-ap=\"https:\/\/www.youtube-nocookie.com\/embed\/H7X_CD1aAqU?feature=oembed&amp;iv_load_policy=3&amp;modestbranding=1&amp;rel=0&amp;autohide=1&amp;playsinline=0&amp;autoplay=0&amp;enablejsapi=1\" frameborder=\"0\" height=\"0\" loading=\"lazy\" name=\"\" referrerpolicy=\"strict-origin-when-cross-origin\" sandbox=\"allow-scripts allow-same-origin allow-presentation allow-popups allow-popups-to-escape-sandbox\" scrolling=\"no\" src=\"https:\/\/www.youtube-nocookie.com\/embed\/H7X_CD1aAqU?feature=oembed&#038;iv_load_policy=3&#038;modestbranding=1&#038;rel=0&#038;autohide=1&#038;playsinline=0&#038;autoplay=0&#038;enablejsapi=1\" title=\"Grownbench how to assemble\" width=\"0\"><\/iframe><\/p><\/div>\n<\/p><\/div>\n<p>\t<script type=\"application\/ld+json\">{\"@context\":\"http:\\\/\\\/schema.org\\\/\",\"@id\":\"https:\\\/\\\/rodoaed.ee\\\/fi\\\/tuote\\\/uutuus-istutuspoyta-tyotaso-kasvien-istuttamiseen-tai-grillaamiseen-ennakkotilaushinta\\\/#arve-youtube-h7x_cd1aaqu\",\"type\":\"VideoObject\",\"embedURL\":\"https:\\\/\\\/www.youtube-nocookie.com\\\/embed\\\/H7X_CD1aAqU?feature=oembed&iv_load_policy=3&modestbranding=1&rel=0&autohide=1&playsinline=0&autoplay=0&enablejsapi=1\",\"name\":\"Grownbench how to assemble\",\"thumbnailUrl\":\"https:\\\/\\\/i.ytimg.com\\\/vi\\\/H7X_CD1aAqU\\\/hqdefault.jpg\",\"uploadDate\":\"2026-04-20T19:02:12+03:00\",\"author\":\"Urbalive by Plastia\",\"description\":\"Istutusp\\u00f6yt\\u00e4 - pieni puutarha jaloillaan, ulkokeitti\\u00f6 tai ruokakomero - kaikki yhdess\\u00e4 Planter on monik\\u00e4ytt\\u00f6inen ty\\u00f6p\\u00f6yt\\u00e4, jossa on s\\u00e4ilytystilaa ja joka tuo kasvien kasvattamisen ilon parvekkeelle, terassille tai pieneen puutarhaan. Se on suunniteltu muuttamaan mik\\u00e4 tahansa tila vihre\\u00e4ksi keidas -\"}<\/script><\/p>\n<\/div>\n<p><a href=\"https:\/\/rodoaed.ee\/fi\/\">kotisivu<\/a> <a href=\"https:\/\/rodoaed.ee\/tootekategooria\/kasvuhooned-ja-talveaiad\/\">k\u00e4ynnist\u00e4<\/a> <a href=\"https:\/\/rodoaed.ee\/tootekategooria\/kasvuhooned-ja-talveaiad\/kasvuhoone-lisavarustus\/\">tarvikkeet<\/a> <a href=\"https:\/\/rodoaed.ee\/tootekategooria\/kasvuhooned-ja-talveaiad\/kasvuhoone-lisavarustus\/kasvuhoone-tarvikud\/\">tarvikkeet<\/a><\/p>\n<div>\n<div><\/div>\n<\/div>\n","protected":false},"excerpt":{"rendered":"<p>Istutusp\u00f6yt\u00e4 &#8211; pieni puutarha jaloillaan, ulkokeitti\u00f6 tai ruokakomero &#8211; kaikki yhdess\u00e4 Planter on monik\u00e4ytt\u00f6inen ty\u00f6p\u00f6yt\u00e4, jossa on s\u00e4ilytystilaa ja joka tuo kasvien kasvattamisen ilon parvekkeelle, terassille tai pieneen puutarhaan. Se on suunniteltu muuttamaan mik\u00e4 tahansa tila vihre\u00e4ksi keidas &#8211; kasvatatpa sitten yrttej\u00e4 tai salaatteja, etsit n\u00e4pp\u00e4r\u00e4\u00e4 ratkaisua grillausta varten tai nautit parvekkeella istumisesta. Kasvata kev\u00e4\u00e4st\u00e4 syksyyn Pienet astiat sopivat erinomaisesti yrttien lis\u00e4\u00e4miseen tai kasvattamiseen, suuret&#8230;<\/p>\n","protected":false},"featured_media":52197,"template":"","meta":{"_acf_changed":false},"product_brand":[],"product_cat":[1777,1771,1776,1780,1789,1782,1790,1791,1788,1743,1752,1745,1784],"product_tag":[],"class_list":{"0":"post-52610","1":"product","2":"type-product","3":"status-publish","4":"has-post-thumbnail","6":"product_cat-art-containers-berberis-uno-duo-ja-trio","7":"product_cat-fiksuja-auttajia","8":"product_cat-hyodylliset-lisavarusteet","9":"product_cat-kasviastiat-berberis-60-ja-80","10":"product_cat-kasviastiat-urbalive-olohuoneeseen-ja-toimistoon","11":"product_cat-kasvisailio-berberis-46-ja-xl55-erittain-suuri-tilavuus","12":"product_cat-kasvuun-tarvittavat-tyokalut","13":"product_cat-kompostorit","14":"product_cat-kukkaruukut-ja-kasviastiat","15":"product_cat-lisalahjat-lahjat","16":"product_cat-puutarha-ja-piha","17":"product_cat-suuri-varaston-tyhjennysmyynti","18":"product_cat-thaimaalaiset-sailiot-berberis-40","19":"product_shipping_class-kuljetus-ainoastaan-kuriiripalvelun-valityksella","20":"pa_variatsioon-kasvatussailio-16l2l-jossa-on-vesisailio-ja-kehys","22":"first","23":"onbackorder","24":"sale","25":"taxable","26":"shipping-taxable","27":"purchasable","28":"product-type-simple"},"acf":[],"yoast_head":"<!-- This site is optimized with the Yoast SEO Premium plugin v27.3 (Yoast SEO v27.3) - https:\/\/yoast.com\/product\/yoast-seo-premium-wordpress\/ -->\n<title>UUTUUS! Istutusp\u00f6yt\u00e4 - ty\u00f6taso kasvien istuttamiseen tai grillaamiseen- Ennakkotilaushinta! - Rodoaed<\/title>\n<meta name=\"description\" content=\"Istutin - pieni puutarha jaloillaan, ulkokeitti\u00f6 tai ruokakomero - kaikki yhdess\u00e4. K\u00e4yt\u00e4 kasvien istuttamiseen tai ruoan grillaamisen apuv\u00e4lineen\u00e4.\" \/>\n<meta name=\"robots\" content=\"index, follow, max-snippet:-1, max-image-preview:large, max-video-preview:-1\" \/>\n<link rel=\"canonical\" href=\"https:\/\/rodoaed.ee\/fi\/tuote\/uutuus-istutuspoyta-tyotaso-kasvien-istuttamiseen-tai-grillaamiseen-ennakkotilaushinta\/\" \/>\n<meta property=\"og:locale\" content=\"fi_FI\" \/>\n<meta property=\"og:type\" content=\"article\" \/>\n<meta property=\"og:title\" content=\"UUTUUS! Istutusp\u00f6yt\u00e4 - ty\u00f6taso kasvien istuttamiseen tai grillaamiseen- Ennakkotilaushinta!\" \/>\n<meta property=\"og:description\" content=\"Istutusp\u00f6yt\u00e4 - pieni puutarha jaloillaan, ulkokeitti\u00f6 tai ruokakomero - kaikki yhdess\u00e4 Planter on monik\u00e4ytt\u00f6inen ty\u00f6p\u00f6yt\u00e4, jossa on s\u00e4ilytystilaa ja joka\" \/>\n<meta property=\"og:url\" content=\"https:\/\/rodoaed.ee\/fi\/tuote\/uutuus-istutuspoyta-tyotaso-kasvien-istuttamiseen-tai-grillaamiseen-ennakkotilaushinta\/\" \/>\n<meta property=\"og:site_name\" content=\"Rodoaed\" \/>\n<meta property=\"article:publisher\" content=\"https:\/\/www.facebook.com\/kasvuhooned\/\" \/>\n<meta property=\"article:modified_time\" content=\"2026-04-17T07:20:07+00:00\" \/>\n<meta property=\"og:image\" content=\"https:\/\/rodoaed.ee\/wp-content\/uploads\/2026\/03\/istutuslaud_2-1.jpg\" \/>\n\t<meta property=\"og:image:width\" content=\"1400\" \/>\n\t<meta property=\"og:image:height\" content=\"1050\" \/>\n\t<meta property=\"og:image:type\" content=\"image\/jpeg\" \/>\n<meta name=\"twitter:card\" content=\"summary_large_image\" \/>\n<meta name=\"twitter:label1\" content=\"Arvioitu lukuaika\" \/>\n\t<meta name=\"twitter:data1\" content=\"1 minuutti\" \/>\n<script type=\"application\/ld+json\" class=\"yoast-schema-graph\">{\"@context\":\"https:\\\/\\\/schema.org\",\"@graph\":[{\"@type\":\"WebPage\",\"@id\":\"https:\\\/\\\/rodoaed.ee\\\/fi\\\/tuote\\\/uutuus-istutuspoyta-tyotaso-kasvien-istuttamiseen-tai-grillaamiseen-ennakkotilaushinta\\\/\",\"url\":\"https:\\\/\\\/rodoaed.ee\\\/fi\\\/tuote\\\/uutuus-istutuspoyta-tyotaso-kasvien-istuttamiseen-tai-grillaamiseen-ennakkotilaushinta\\\/\",\"name\":\"UUTUUS! Istutusp\u00f6yt\u00e4 - ty\u00f6taso kasvien istuttamiseen tai grillaamiseen- Ennakkotilaushinta! - Rodoaed\",\"isPartOf\":{\"@id\":\"https:\\\/\\\/rodoaed.ee\\\/#website\"},\"primaryImageOfPage\":{\"@id\":\"https:\\\/\\\/rodoaed.ee\\\/fi\\\/tuote\\\/uutuus-istutuspoyta-tyotaso-kasvien-istuttamiseen-tai-grillaamiseen-ennakkotilaushinta\\\/#primaryimage\"},\"image\":{\"@id\":\"https:\\\/\\\/rodoaed.ee\\\/fi\\\/tuote\\\/uutuus-istutuspoyta-tyotaso-kasvien-istuttamiseen-tai-grillaamiseen-ennakkotilaushinta\\\/#primaryimage\"},\"thumbnailUrl\":\"https:\\\/\\\/rodoaed.ee\\\/wp-content\\\/uploads\\\/2026\\\/03\\\/istutuslaud_2-1.jpg\",\"datePublished\":\"2026-03-28T10:16:14+00:00\",\"dateModified\":\"2026-04-17T07:20:07+00:00\",\"description\":\"Istutin - pieni puutarha jaloillaan, ulkokeitti\u00f6 tai ruokakomero - kaikki yhdess\u00e4. K\u00e4yt\u00e4 kasvien istuttamiseen tai ruoan grillaamisen apuv\u00e4lineen\u00e4.\",\"breadcrumb\":{\"@id\":\"https:\\\/\\\/rodoaed.ee\\\/fi\\\/tuote\\\/uutuus-istutuspoyta-tyotaso-kasvien-istuttamiseen-tai-grillaamiseen-ennakkotilaushinta\\\/#breadcrumb\"},\"inLanguage\":\"fi\",\"potentialAction\":[{\"@type\":\"ReadAction\",\"target\":[\"https:\\\/\\\/rodoaed.ee\\\/fi\\\/tuote\\\/uutuus-istutuspoyta-tyotaso-kasvien-istuttamiseen-tai-grillaamiseen-ennakkotilaushinta\\\/\"]}]},{\"@type\":\"ImageObject\",\"inLanguage\":\"fi\",\"@id\":\"https:\\\/\\\/rodoaed.ee\\\/fi\\\/tuote\\\/uutuus-istutuspoyta-tyotaso-kasvien-istuttamiseen-tai-grillaamiseen-ennakkotilaushinta\\\/#primaryimage\",\"url\":\"https:\\\/\\\/rodoaed.ee\\\/wp-content\\\/uploads\\\/2026\\\/03\\\/istutuslaud_2-1.jpg\",\"contentUrl\":\"https:\\\/\\\/rodoaed.ee\\\/wp-content\\\/uploads\\\/2026\\\/03\\\/istutuslaud_2-1.jpg\",\"width\":1400,\"height\":1050,\"caption\":\"Istutin\"},{\"@type\":\"BreadcrumbList\",\"@id\":\"https:\\\/\\\/rodoaed.ee\\\/fi\\\/tuote\\\/uutuus-istutuspoyta-tyotaso-kasvien-istuttamiseen-tai-grillaamiseen-ennakkotilaushinta\\\/#breadcrumb\",\"itemListElement\":[{\"@type\":\"ListItem\",\"position\":1,\"name\":\"Home\",\"item\":\"https:\\\/\\\/rodoaed.ee\\\/fi\\\/\"},{\"@type\":\"ListItem\",\"position\":2,\"name\":\"Osta osoitteessa\",\"item\":\"https:\\\/\\\/rodoaed.ee\\\/osta-osoitteessa\\\/\"},{\"@type\":\"ListItem\",\"position\":3,\"name\":\"UUTUUS! Istutusp\u00f6yt\u00e4 &#8211; ty\u00f6taso kasvien istuttamiseen tai grillaamiseen- Ennakkotilaushinta!\"}]},{\"@type\":\"WebSite\",\"@id\":\"https:\\\/\\\/rodoaed.ee\\\/#website\",\"url\":\"https:\\\/\\\/rodoaed.ee\\\/\",\"name\":\"Rodoaed\",\"description\":\"\",\"publisher\":{\"@id\":\"https:\\\/\\\/rodoaed.ee\\\/#organization\"},\"potentialAction\":[{\"@type\":\"SearchAction\",\"target\":{\"@type\":\"EntryPoint\",\"urlTemplate\":\"https:\\\/\\\/rodoaed.ee\\\/?s={search_term_string}\"},\"query-input\":{\"@type\":\"PropertyValueSpecification\",\"valueRequired\":true,\"valueName\":\"search_term_string\"}}],\"inLanguage\":\"fi\"},{\"@type\":\"Organization\",\"@id\":\"https:\\\/\\\/rodoaed.ee\\\/#organization\",\"name\":\"Rodoaed\",\"url\":\"https:\\\/\\\/rodoaed.ee\\\/\",\"logo\":{\"@type\":\"ImageObject\",\"inLanguage\":\"fi\",\"@id\":\"https:\\\/\\\/rodoaed.ee\\\/#\\\/schema\\\/logo\\\/image\\\/\",\"url\":\"https:\\\/\\\/rodoaed.ee\\\/wp-content\\\/uploads\\\/2019\\\/11\\\/rodoaed-logo-ilma-taustata.jpg\",\"contentUrl\":\"https:\\\/\\\/rodoaed.ee\\\/wp-content\\\/uploads\\\/2019\\\/11\\\/rodoaed-logo-ilma-taustata.jpg\",\"width\":769,\"height\":268,\"caption\":\"Rodoaed\"},\"image\":{\"@id\":\"https:\\\/\\\/rodoaed.ee\\\/#\\\/schema\\\/logo\\\/image\\\/\"},\"sameAs\":[\"https:\\\/\\\/www.facebook.com\\\/kasvuhooned\\\/\",\"https:\\\/\\\/rodoaed.ee\"]}]}<\/script>\n<!-- \/ Yoast SEO Premium plugin. -->","yoast_head_json":{"title":"UUTUUS! Istutusp\u00f6yt\u00e4 - ty\u00f6taso kasvien istuttamiseen tai grillaamiseen- Ennakkotilaushinta! - Rodoaed","description":"Istutin - pieni puutarha jaloillaan, ulkokeitti\u00f6 tai ruokakomero - kaikki yhdess\u00e4. K\u00e4yt\u00e4 kasvien istuttamiseen tai ruoan grillaamisen apuv\u00e4lineen\u00e4.","robots":{"index":"index","follow":"follow","max-snippet":"max-snippet:-1","max-image-preview":"max-image-preview:large","max-video-preview":"max-video-preview:-1"},"canonical":"https:\/\/rodoaed.ee\/fi\/tuote\/uutuus-istutuspoyta-tyotaso-kasvien-istuttamiseen-tai-grillaamiseen-ennakkotilaushinta\/","og_locale":"fi_FI","og_type":"article","og_title":"UUTUUS! Istutusp\u00f6yt\u00e4 - ty\u00f6taso kasvien istuttamiseen tai grillaamiseen- Ennakkotilaushinta!","og_description":"Istutusp\u00f6yt\u00e4 - pieni puutarha jaloillaan, ulkokeitti\u00f6 tai ruokakomero - kaikki yhdess\u00e4 Planter on monik\u00e4ytt\u00f6inen ty\u00f6p\u00f6yt\u00e4, jossa on s\u00e4ilytystilaa ja joka","og_url":"https:\/\/rodoaed.ee\/fi\/tuote\/uutuus-istutuspoyta-tyotaso-kasvien-istuttamiseen-tai-grillaamiseen-ennakkotilaushinta\/","og_site_name":"Rodoaed","article_publisher":"https:\/\/www.facebook.com\/kasvuhooned\/","article_modified_time":"2026-04-17T07:20:07+00:00","og_image":[{"width":1400,"height":1050,"url":"https:\/\/rodoaed.ee\/wp-content\/uploads\/2026\/03\/istutuslaud_2-1.jpg","type":"image\/jpeg"}],"twitter_card":"summary_large_image","twitter_misc":{"Arvioitu lukuaika":"1 minuutti"},"schema":{"@context":"https:\/\/schema.org","@graph":[{"@type":"WebPage","@id":"https:\/\/rodoaed.ee\/fi\/tuote\/uutuus-istutuspoyta-tyotaso-kasvien-istuttamiseen-tai-grillaamiseen-ennakkotilaushinta\/","url":"https:\/\/rodoaed.ee\/fi\/tuote\/uutuus-istutuspoyta-tyotaso-kasvien-istuttamiseen-tai-grillaamiseen-ennakkotilaushinta\/","name":"UUTUUS! Istutusp\u00f6yt\u00e4 - ty\u00f6taso kasvien istuttamiseen tai grillaamiseen- Ennakkotilaushinta! - Rodoaed","isPartOf":{"@id":"https:\/\/rodoaed.ee\/#website"},"primaryImageOfPage":{"@id":"https:\/\/rodoaed.ee\/fi\/tuote\/uutuus-istutuspoyta-tyotaso-kasvien-istuttamiseen-tai-grillaamiseen-ennakkotilaushinta\/#primaryimage"},"image":{"@id":"https:\/\/rodoaed.ee\/fi\/tuote\/uutuus-istutuspoyta-tyotaso-kasvien-istuttamiseen-tai-grillaamiseen-ennakkotilaushinta\/#primaryimage"},"thumbnailUrl":"https:\/\/rodoaed.ee\/wp-content\/uploads\/2026\/03\/istutuslaud_2-1.jpg","datePublished":"2026-03-28T10:16:14+00:00","dateModified":"2026-04-17T07:20:07+00:00","description":"Istutin - pieni puutarha jaloillaan, ulkokeitti\u00f6 tai ruokakomero - kaikki yhdess\u00e4. K\u00e4yt\u00e4 kasvien istuttamiseen tai ruoan grillaamisen apuv\u00e4lineen\u00e4.","breadcrumb":{"@id":"https:\/\/rodoaed.ee\/fi\/tuote\/uutuus-istutuspoyta-tyotaso-kasvien-istuttamiseen-tai-grillaamiseen-ennakkotilaushinta\/#breadcrumb"},"inLanguage":"fi","potentialAction":[{"@type":"ReadAction","target":["https:\/\/rodoaed.ee\/fi\/tuote\/uutuus-istutuspoyta-tyotaso-kasvien-istuttamiseen-tai-grillaamiseen-ennakkotilaushinta\/"]}]},{"@type":"ImageObject","inLanguage":"fi","@id":"https:\/\/rodoaed.ee\/fi\/tuote\/uutuus-istutuspoyta-tyotaso-kasvien-istuttamiseen-tai-grillaamiseen-ennakkotilaushinta\/#primaryimage","url":"https:\/\/rodoaed.ee\/wp-content\/uploads\/2026\/03\/istutuslaud_2-1.jpg","contentUrl":"https:\/\/rodoaed.ee\/wp-content\/uploads\/2026\/03\/istutuslaud_2-1.jpg","width":1400,"height":1050,"caption":"Istutin"},{"@type":"BreadcrumbList","@id":"https:\/\/rodoaed.ee\/fi\/tuote\/uutuus-istutuspoyta-tyotaso-kasvien-istuttamiseen-tai-grillaamiseen-ennakkotilaushinta\/#breadcrumb","itemListElement":[{"@type":"ListItem","position":1,"name":"Home","item":"https:\/\/rodoaed.ee\/fi\/"},{"@type":"ListItem","position":2,"name":"Osta osoitteessa","item":"https:\/\/rodoaed.ee\/osta-osoitteessa\/"},{"@type":"ListItem","position":3,"name":"UUTUUS! Istutusp\u00f6yt\u00e4 &#8211; ty\u00f6taso kasvien istuttamiseen tai grillaamiseen- Ennakkotilaushinta!"}]},{"@type":"WebSite","@id":"https:\/\/rodoaed.ee\/#website","url":"https:\/\/rodoaed.ee\/","name":"Rodoaed","description":"","publisher":{"@id":"https:\/\/rodoaed.ee\/#organization"},"potentialAction":[{"@type":"SearchAction","target":{"@type":"EntryPoint","urlTemplate":"https:\/\/rodoaed.ee\/?s={search_term_string}"},"query-input":{"@type":"PropertyValueSpecification","valueRequired":true,"valueName":"search_term_string"}}],"inLanguage":"fi"},{"@type":"Organization","@id":"https:\/\/rodoaed.ee\/#organization","name":"Rodoaed","url":"https:\/\/rodoaed.ee\/","logo":{"@type":"ImageObject","inLanguage":"fi","@id":"https:\/\/rodoaed.ee\/#\/schema\/logo\/image\/","url":"https:\/\/rodoaed.ee\/wp-content\/uploads\/2019\/11\/rodoaed-logo-ilma-taustata.jpg","contentUrl":"https:\/\/rodoaed.ee\/wp-content\/uploads\/2019\/11\/rodoaed-logo-ilma-taustata.jpg","width":769,"height":268,"caption":"Rodoaed"},"image":{"@id":"https:\/\/rodoaed.ee\/#\/schema\/logo\/image\/"},"sameAs":["https:\/\/www.facebook.com\/kasvuhooned\/","https:\/\/rodoaed.ee"]}]}},"_links":{"self":[{"href":"https:\/\/rodoaed.ee\/fi\/wp-json\/wp\/v2\/product\/52610","targetHints":{"allow":["GET"]}}],"collection":[{"href":"https:\/\/rodoaed.ee\/fi\/wp-json\/wp\/v2\/product"}],"about":[{"href":"https:\/\/rodoaed.ee\/fi\/wp-json\/wp\/v2\/types\/product"}],"wp:featuredmedia":[{"embeddable":true,"href":"https:\/\/rodoaed.ee\/fi\/wp-json\/wp\/v2\/media\/52197"}],"wp:attachment":[{"href":"https:\/\/rodoaed.ee\/fi\/wp-json\/wp\/v2\/media?parent=52610"}],"wp:term":[{"taxonomy":"product_brand","embeddable":true,"href":"https:\/\/rodoaed.ee\/fi\/wp-json\/wp\/v2\/product_brand?post=52610"},{"taxonomy":"product_cat","embeddable":true,"href":"https:\/\/rodoaed.ee\/fi\/wp-json\/wp\/v2\/product_cat?post=52610"},{"taxonomy":"product_tag","embeddable":true,"href":"https:\/\/rodoaed.ee\/fi\/wp-json\/wp\/v2\/product_tag?post=52610"}],"curies":[{"name":"wp","href":"https:\/\/api.w.org\/{rel}","templated":true}]}}