{"id":52611,"date":"2026-03-26T11:05:27","date_gmt":"2026-03-26T09:05:27","guid":{"rendered":"https:\/\/rodoaed.ee\/toode\/kupariteippi-hyonteisia-ja-etanoita-vastaan-50mm-x-20m\/"},"modified":"2026-04-17T10:18:32","modified_gmt":"2026-04-17T07:18:32","slug":"kupariteippi-hyonteisia-ja-etanoita-vastaan-50mm-x-20m","status":"publish","type":"product","link":"https:\/\/rodoaed.ee\/fi\/tuote\/kupariteippi-hyonteisia-ja-etanoita-vastaan-50mm-x-20m\/","title":{"rendered":"Kupariteippi hy\u00f6nteisi\u00e4 ja etanoita vastaan 50mm x 20m"},"content":{"rendered":"<p><strong>Kuparinauha pit\u00e4\u00e4 etanat ja nilvi\u00e4iset loitolla kasveistasi. Voit helposti liimata t\u00e4m\u00e4n kuparinauhan kukkaruukkuihin, kasviastioihin, korkeisiin penkkeihin ja muihin kohteisiin. Yksik\u00e4\u00e4n n\u00e4lk\u00e4inen hy\u00f6nteinen ei p\u00e4\u00e4se kuparin yli. Puhdas ja myrkyt\u00f6n ratkaisu puutarhaan.   <\/strong><\/p>\n<p><strong>Luonnollinen etanan- ja n\u00e4lk\u00e4karkotin<\/strong> &#8211; l\u00f6yd\u00e4 lopullinen ratkaisu etanattomaan puutarhaan! Laadukas kuparikipsimme on t\u00e4ydellinen ase etanoita ja n\u00e4lk\u00e4el\u00e4imi\u00e4 vastaan. Ainutlaatuisen puhtaan kuparikoostumuksensa ansiosta se luo tehokkaan esteen niiden karkottamiseksi.<br \/>\n<strong>KORKEA LAATU<\/strong> &#8211; Itseliimautuva kupariteippimme on s\u00e4hk\u00f6\u00e4 johtava ja kest\u00e4\u00e4 l\u00e4mp\u00f6\u00e4, hapettumista ja kosteutta. Kupariteippi on 50 mm leve\u00e4 ja 20 m pitk\u00e4, ja se voidaan leikata kotitalousk\u00e4ytt\u00f6\u00f6n tarkoitetuilla saksilla. Laadukas liima antaa lis\u00e4lujuutta.<br \/>\n<strong>TIIVISTEEN SUOJAUS<\/strong> &#8211; Helpon asennuksen ansiosta voit asentaa kuparisen tiipin vaivattomasti kukkapenkkeihin, ruukkuihin ja muihin haavoittuviin paikkoihin. Luo luonnollinen este ilman kemiallisia torjunta-aineita!<br \/>\n<strong>MONIPUOLINEN<\/strong> &#8211; Kuparikipsimme sopii erinomaisesti DIY-projekteihin, s\u00e4hk\u00f6korjauksiin, juottamiseen tai k\u00e4sit\u00f6ihin. EMI-suojattu s\u00e4hk\u00f6teippi suojaa luotettavasti s\u00e4hk\u00f6magneettisilta h\u00e4iri\u00f6ilt\u00e4 ja ei-toivotulta kohinalta. Korkean johtavuutensa ansiosta se tarjoaa tehokkaan suojauksen, joka on ihanteellinen elektroniikkaprojekteihin tai herkkien laitteiden suojaamiseen.  <\/p>\n","protected":false},"excerpt":{"rendered":"<p>Kuparinauha pit\u00e4\u00e4 etanat ja nilvi\u00e4iset loitolla kasveistasi. Voit helposti liimata t\u00e4m\u00e4n kuparinauhan kukkaruukkuihin, kasviastioihin, korkeisiin penkkeihin ja muihin kohteisiin. Yksik\u00e4\u00e4n n\u00e4lk\u00e4inen hy\u00f6nteinen ei p\u00e4\u00e4se kuparin yli. Puhdas ja myrkyt\u00f6n ratkaisu puutarhaan. Luonnollinen etanan- ja n\u00e4lk\u00e4karkotin &#8211; l\u00f6yd\u00e4 lopullinen ratkaisu etanattomaan puutarhaan! Laadukas kuparikipsimme on t\u00e4ydellinen ase etanoita ja n\u00e4lk\u00e4el\u00e4imi\u00e4 vastaan. Ainutlaatuisen puhtaan kuparikoostumuksensa ansiosta se luo tehokkaan esteen niiden karkottamiseksi. KORKEA LAATU &#8211; Itseliimautuva kupariteippimme&#8230;<\/p>\n","protected":false},"featured_media":52063,"template":"","meta":{"_acf_changed":false},"product_brand":[],"product_cat":[1777,1771,1776,1780,1782,1772,1743,1745,1784],"product_tag":[],"class_list":{"0":"post-52611","1":"product","2":"type-product","3":"status-publish","4":"has-post-thumbnail","6":"product_cat-art-containers-berberis-uno-duo-ja-trio","7":"product_cat-fiksuja-auttajia","8":"product_cat-hyodylliset-lisavarusteet","9":"product_cat-kasviastiat-berberis-60-ja-80","10":"product_cat-kasvisailio-berberis-46-ja-xl55-erittain-suuri-tilavuus","11":"product_cat-lahjat-puutarhurille","12":"product_cat-lisalahjat-lahjat","13":"product_cat-suuri-varaston-tyhjennysmyynti","14":"product_cat-thaimaalaiset-sailiot-berberis-40","15":"product_shipping_class-toimitus-1-3-tyopaivan-kuluessa","16":"pa_variatsioon-superseeder-kylvokone-21","18":"first","19":"instock","20":"sale","21":"taxable","22":"shipping-taxable","23":"purchasable","24":"product-type-simple"},"acf":[],"yoast_head":"<!-- This site is optimized with the Yoast SEO Premium plugin v27.3 (Yoast SEO v27.3) - https:\/\/yoast.com\/product\/yoast-seo-premium-wordpress\/ -->\n<title>Kupariteippi hy\u00f6nteisi\u00e4 ja etanoita vastaan 50mm x 20m - Rodoaed<\/title>\n<meta name=\"robots\" content=\"index, follow, max-snippet:-1, max-image-preview:large, max-video-preview:-1\" \/>\n<link rel=\"canonical\" href=\"https:\/\/rodoaed.ee\/fi\/tuote\/kupariteippi-hyonteisia-ja-etanoita-vastaan-50mm-x-20m\/\" \/>\n<meta property=\"og:locale\" content=\"fi_FI\" \/>\n<meta property=\"og:type\" content=\"article\" \/>\n<meta property=\"og:title\" content=\"Kupariteippi hy\u00f6nteisi\u00e4 ja etanoita vastaan 50mm x 20m\" \/>\n<meta property=\"og:description\" content=\"Kuparinauha pit\u00e4\u00e4 etanat ja nilvi\u00e4iset loitolla kasveistasi. Voit helposti liimata t\u00e4m\u00e4n kuparinauhan kukkaruukkuihin, kasviastioihin, korkeisiin\" \/>\n<meta property=\"og:url\" content=\"https:\/\/rodoaed.ee\/fi\/tuote\/kupariteippi-hyonteisia-ja-etanoita-vastaan-50mm-x-20m\/\" \/>\n<meta property=\"og:site_name\" content=\"Rodoaed\" \/>\n<meta property=\"article:publisher\" content=\"https:\/\/www.facebook.com\/kasvuhooned\/\" \/>\n<meta property=\"article:modified_time\" content=\"2026-04-17T07:18:32+00:00\" \/>\n<meta property=\"og:image\" content=\"https:\/\/rodoaed.ee\/wp-content\/uploads\/2026\/03\/vasklint-nalkjatele_1.jpg\" \/>\n\t<meta property=\"og:image:width\" content=\"1500\" \/>\n\t<meta property=\"og:image:height\" content=\"1432\" \/>\n\t<meta property=\"og:image:type\" content=\"image\/jpeg\" \/>\n<meta name=\"twitter:card\" content=\"summary_large_image\" \/>\n<meta name=\"twitter:label1\" content=\"Arvioitu lukuaika\" \/>\n\t<meta name=\"twitter:data1\" content=\"1 minuutti\" \/>\n<script type=\"application\/ld+json\" class=\"yoast-schema-graph\">{\"@context\":\"https:\\\/\\\/schema.org\",\"@graph\":[{\"@type\":\"WebPage\",\"@id\":\"https:\\\/\\\/rodoaed.ee\\\/fi\\\/tuote\\\/kupariteippi-hyonteisia-ja-etanoita-vastaan-50mm-x-20m\\\/\",\"url\":\"https:\\\/\\\/rodoaed.ee\\\/fi\\\/tuote\\\/kupariteippi-hyonteisia-ja-etanoita-vastaan-50mm-x-20m\\\/\",\"name\":\"Kupariteippi hy\u00f6nteisi\u00e4 ja etanoita vastaan 50mm x 20m - Rodoaed\",\"isPartOf\":{\"@id\":\"https:\\\/\\\/rodoaed.ee\\\/#website\"},\"primaryImageOfPage\":{\"@id\":\"https:\\\/\\\/rodoaed.ee\\\/fi\\\/tuote\\\/kupariteippi-hyonteisia-ja-etanoita-vastaan-50mm-x-20m\\\/#primaryimage\"},\"image\":{\"@id\":\"https:\\\/\\\/rodoaed.ee\\\/fi\\\/tuote\\\/kupariteippi-hyonteisia-ja-etanoita-vastaan-50mm-x-20m\\\/#primaryimage\"},\"thumbnailUrl\":\"https:\\\/\\\/rodoaed.ee\\\/wp-content\\\/uploads\\\/2026\\\/03\\\/vasklint-nalkjatele_1.jpg\",\"datePublished\":\"2026-03-26T09:05:27+00:00\",\"dateModified\":\"2026-04-17T07:18:32+00:00\",\"breadcrumb\":{\"@id\":\"https:\\\/\\\/rodoaed.ee\\\/fi\\\/tuote\\\/kupariteippi-hyonteisia-ja-etanoita-vastaan-50mm-x-20m\\\/#breadcrumb\"},\"inLanguage\":\"fi\",\"potentialAction\":[{\"@type\":\"ReadAction\",\"target\":[\"https:\\\/\\\/rodoaed.ee\\\/fi\\\/tuote\\\/kupariteippi-hyonteisia-ja-etanoita-vastaan-50mm-x-20m\\\/\"]}]},{\"@type\":\"ImageObject\",\"inLanguage\":\"fi\",\"@id\":\"https:\\\/\\\/rodoaed.ee\\\/fi\\\/tuote\\\/kupariteippi-hyonteisia-ja-etanoita-vastaan-50mm-x-20m\\\/#primaryimage\",\"url\":\"https:\\\/\\\/rodoaed.ee\\\/wp-content\\\/uploads\\\/2026\\\/03\\\/vasklint-nalkjatele_1.jpg\",\"contentUrl\":\"https:\\\/\\\/rodoaed.ee\\\/wp-content\\\/uploads\\\/2026\\\/03\\\/vasklint-nalkjatele_1.jpg\",\"width\":1500,\"height\":1432},{\"@type\":\"BreadcrumbList\",\"@id\":\"https:\\\/\\\/rodoaed.ee\\\/fi\\\/tuote\\\/kupariteippi-hyonteisia-ja-etanoita-vastaan-50mm-x-20m\\\/#breadcrumb\",\"itemListElement\":[{\"@type\":\"ListItem\",\"position\":1,\"name\":\"Home\",\"item\":\"https:\\\/\\\/rodoaed.ee\\\/fi\\\/\"},{\"@type\":\"ListItem\",\"position\":2,\"name\":\"Osta osoitteessa\",\"item\":\"https:\\\/\\\/rodoaed.ee\\\/osta-osoitteessa\\\/\"},{\"@type\":\"ListItem\",\"position\":3,\"name\":\"Kupariteippi hy\u00f6nteisi\u00e4 ja etanoita vastaan 50mm x 20m\"}]},{\"@type\":\"WebSite\",\"@id\":\"https:\\\/\\\/rodoaed.ee\\\/#website\",\"url\":\"https:\\\/\\\/rodoaed.ee\\\/\",\"name\":\"Rodoaed\",\"description\":\"\",\"publisher\":{\"@id\":\"https:\\\/\\\/rodoaed.ee\\\/#organization\"},\"potentialAction\":[{\"@type\":\"SearchAction\",\"target\":{\"@type\":\"EntryPoint\",\"urlTemplate\":\"https:\\\/\\\/rodoaed.ee\\\/?s={search_term_string}\"},\"query-input\":{\"@type\":\"PropertyValueSpecification\",\"valueRequired\":true,\"valueName\":\"search_term_string\"}}],\"inLanguage\":\"fi\"},{\"@type\":\"Organization\",\"@id\":\"https:\\\/\\\/rodoaed.ee\\\/#organization\",\"name\":\"Rodoaed\",\"url\":\"https:\\\/\\\/rodoaed.ee\\\/\",\"logo\":{\"@type\":\"ImageObject\",\"inLanguage\":\"fi\",\"@id\":\"https:\\\/\\\/rodoaed.ee\\\/#\\\/schema\\\/logo\\\/image\\\/\",\"url\":\"https:\\\/\\\/rodoaed.ee\\\/wp-content\\\/uploads\\\/2019\\\/11\\\/rodoaed-logo-ilma-taustata.jpg\",\"contentUrl\":\"https:\\\/\\\/rodoaed.ee\\\/wp-content\\\/uploads\\\/2019\\\/11\\\/rodoaed-logo-ilma-taustata.jpg\",\"width\":769,\"height\":268,\"caption\":\"Rodoaed\"},\"image\":{\"@id\":\"https:\\\/\\\/rodoaed.ee\\\/#\\\/schema\\\/logo\\\/image\\\/\"},\"sameAs\":[\"https:\\\/\\\/www.facebook.com\\\/kasvuhooned\\\/\",\"https:\\\/\\\/rodoaed.ee\"]}]}<\/script>\n<!-- \/ Yoast SEO Premium plugin. -->","yoast_head_json":{"title":"Kupariteippi hy\u00f6nteisi\u00e4 ja etanoita vastaan 50mm x 20m - Rodoaed","robots":{"index":"index","follow":"follow","max-snippet":"max-snippet:-1","max-image-preview":"max-image-preview:large","max-video-preview":"max-video-preview:-1"},"canonical":"https:\/\/rodoaed.ee\/fi\/tuote\/kupariteippi-hyonteisia-ja-etanoita-vastaan-50mm-x-20m\/","og_locale":"fi_FI","og_type":"article","og_title":"Kupariteippi hy\u00f6nteisi\u00e4 ja etanoita vastaan 50mm x 20m","og_description":"Kuparinauha pit\u00e4\u00e4 etanat ja nilvi\u00e4iset loitolla kasveistasi. Voit helposti liimata t\u00e4m\u00e4n kuparinauhan kukkaruukkuihin, kasviastioihin, korkeisiin","og_url":"https:\/\/rodoaed.ee\/fi\/tuote\/kupariteippi-hyonteisia-ja-etanoita-vastaan-50mm-x-20m\/","og_site_name":"Rodoaed","article_publisher":"https:\/\/www.facebook.com\/kasvuhooned\/","article_modified_time":"2026-04-17T07:18:32+00:00","og_image":[{"width":1500,"height":1432,"url":"https:\/\/rodoaed.ee\/wp-content\/uploads\/2026\/03\/vasklint-nalkjatele_1.jpg","type":"image\/jpeg"}],"twitter_card":"summary_large_image","twitter_misc":{"Arvioitu lukuaika":"1 minuutti"},"schema":{"@context":"https:\/\/schema.org","@graph":[{"@type":"WebPage","@id":"https:\/\/rodoaed.ee\/fi\/tuote\/kupariteippi-hyonteisia-ja-etanoita-vastaan-50mm-x-20m\/","url":"https:\/\/rodoaed.ee\/fi\/tuote\/kupariteippi-hyonteisia-ja-etanoita-vastaan-50mm-x-20m\/","name":"Kupariteippi hy\u00f6nteisi\u00e4 ja etanoita vastaan 50mm x 20m - Rodoaed","isPartOf":{"@id":"https:\/\/rodoaed.ee\/#website"},"primaryImageOfPage":{"@id":"https:\/\/rodoaed.ee\/fi\/tuote\/kupariteippi-hyonteisia-ja-etanoita-vastaan-50mm-x-20m\/#primaryimage"},"image":{"@id":"https:\/\/rodoaed.ee\/fi\/tuote\/kupariteippi-hyonteisia-ja-etanoita-vastaan-50mm-x-20m\/#primaryimage"},"thumbnailUrl":"https:\/\/rodoaed.ee\/wp-content\/uploads\/2026\/03\/vasklint-nalkjatele_1.jpg","datePublished":"2026-03-26T09:05:27+00:00","dateModified":"2026-04-17T07:18:32+00:00","breadcrumb":{"@id":"https:\/\/rodoaed.ee\/fi\/tuote\/kupariteippi-hyonteisia-ja-etanoita-vastaan-50mm-x-20m\/#breadcrumb"},"inLanguage":"fi","potentialAction":[{"@type":"ReadAction","target":["https:\/\/rodoaed.ee\/fi\/tuote\/kupariteippi-hyonteisia-ja-etanoita-vastaan-50mm-x-20m\/"]}]},{"@type":"ImageObject","inLanguage":"fi","@id":"https:\/\/rodoaed.ee\/fi\/tuote\/kupariteippi-hyonteisia-ja-etanoita-vastaan-50mm-x-20m\/#primaryimage","url":"https:\/\/rodoaed.ee\/wp-content\/uploads\/2026\/03\/vasklint-nalkjatele_1.jpg","contentUrl":"https:\/\/rodoaed.ee\/wp-content\/uploads\/2026\/03\/vasklint-nalkjatele_1.jpg","width":1500,"height":1432},{"@type":"BreadcrumbList","@id":"https:\/\/rodoaed.ee\/fi\/tuote\/kupariteippi-hyonteisia-ja-etanoita-vastaan-50mm-x-20m\/#breadcrumb","itemListElement":[{"@type":"ListItem","position":1,"name":"Home","item":"https:\/\/rodoaed.ee\/fi\/"},{"@type":"ListItem","position":2,"name":"Osta osoitteessa","item":"https:\/\/rodoaed.ee\/osta-osoitteessa\/"},{"@type":"ListItem","position":3,"name":"Kupariteippi hy\u00f6nteisi\u00e4 ja etanoita vastaan 50mm x 20m"}]},{"@type":"WebSite","@id":"https:\/\/rodoaed.ee\/#website","url":"https:\/\/rodoaed.ee\/","name":"Rodoaed","description":"","publisher":{"@id":"https:\/\/rodoaed.ee\/#organization"},"potentialAction":[{"@type":"SearchAction","target":{"@type":"EntryPoint","urlTemplate":"https:\/\/rodoaed.ee\/?s={search_term_string}"},"query-input":{"@type":"PropertyValueSpecification","valueRequired":true,"valueName":"search_term_string"}}],"inLanguage":"fi"},{"@type":"Organization","@id":"https:\/\/rodoaed.ee\/#organization","name":"Rodoaed","url":"https:\/\/rodoaed.ee\/","logo":{"@type":"ImageObject","inLanguage":"fi","@id":"https:\/\/rodoaed.ee\/#\/schema\/logo\/image\/","url":"https:\/\/rodoaed.ee\/wp-content\/uploads\/2019\/11\/rodoaed-logo-ilma-taustata.jpg","contentUrl":"https:\/\/rodoaed.ee\/wp-content\/uploads\/2019\/11\/rodoaed-logo-ilma-taustata.jpg","width":769,"height":268,"caption":"Rodoaed"},"image":{"@id":"https:\/\/rodoaed.ee\/#\/schema\/logo\/image\/"},"sameAs":["https:\/\/www.facebook.com\/kasvuhooned\/","https:\/\/rodoaed.ee"]}]}},"_links":{"self":[{"href":"https:\/\/rodoaed.ee\/fi\/wp-json\/wp\/v2\/product\/52611","targetHints":{"allow":["GET"]}}],"collection":[{"href":"https:\/\/rodoaed.ee\/fi\/wp-json\/wp\/v2\/product"}],"about":[{"href":"https:\/\/rodoaed.ee\/fi\/wp-json\/wp\/v2\/types\/product"}],"wp:featuredmedia":[{"embeddable":true,"href":"https:\/\/rodoaed.ee\/fi\/wp-json\/wp\/v2\/media\/52063"}],"wp:attachment":[{"href":"https:\/\/rodoaed.ee\/fi\/wp-json\/wp\/v2\/media?parent=52611"}],"wp:term":[{"taxonomy":"product_brand","embeddable":true,"href":"https:\/\/rodoaed.ee\/fi\/wp-json\/wp\/v2\/product_brand?post=52611"},{"taxonomy":"product_cat","embeddable":true,"href":"https:\/\/rodoaed.ee\/fi\/wp-json\/wp\/v2\/product_cat?post=52611"},{"taxonomy":"product_tag","embeddable":true,"href":"https:\/\/rodoaed.ee\/fi\/wp-json\/wp\/v2\/product_tag?post=52611"}],"curies":[{"name":"wp","href":"https:\/\/api.w.org\/{rel}","templated":true}]}}