{"id":52664,"date":"2026-03-10T14:11:28","date_gmt":"2026-03-10T12:11:28","guid":{"rendered":"https:\/\/rodoaed.ee\/toode\/6x-erikoistarjous-kasvituki-berberis-uno-duo-ja-trio-malleihin\/"},"modified":"2026-04-17T10:17:11","modified_gmt":"2026-04-17T07:17:11","slug":"6x-erikoistarjous-kasvituki-berberis-uno-duo-ja-trio-malleihin","status":"publish","type":"product","link":"https:\/\/rodoaed.ee\/fi\/tuote\/6x-erikoistarjous-kasvituki-berberis-uno-duo-ja-trio-malleihin\/","title":{"rendered":"6x Erikoistarjous &#8211; Kasvituki Berberis Uno-, Duo- ja Trio-malleihin."},"content":{"rendered":"<h3>Istutustuki kasviastioihin tai k\u00e4ytett\u00e4v\u00e4ksi tavallisessa s\u00e4ngyss\u00e4.<\/h3>\n<p>T\u00e4m\u00e4 istutustuki tarjoaa mahdollisuuden kasvattaa kaikenlaisia k\u00f6ynn\u00f6st\u00e4vi\u00e4 kasveja. Soveltuu k\u00e4ytett\u00e4v\u00e4ksi kaikissa Berberis UNO, DUO ja TRIO -malleissa ja suurissa XL55-malleissa sek\u00e4 kukkapenkeiss\u00e4 ja istutusastioissa. Valmistettu kierr\u00e4tysmateriaaleista, joten pienet v\u00e4rivaihtelut ovat mahdollisia.  <\/p>\n<p>Voit istuttaa istutusmateriaalia tarpeen mukaan. Joko vain ensimm\u00e4isen vaiheen, toisen vaiheen tai kaikki kolme kerralla. Voit my\u00f6s lis\u00e4t\u00e4 uusia renkaita tarpeen mukaan lis\u00e4laitesarjan avulla.  <\/p>\n<h4>T\u00e4rkeimm\u00e4t ominaisuudet<\/h4>\n<ul>\n<li>Mitat: 38 x 38 x 132,5 cm korkeus cm<\/li>\n<li>V\u00e4ri: musta<\/li>\n<li>Paino 1,22 kg<\/li>\n<\/ul>\n<p><a href=\"https:\/\/rodoaed.ee\/fi\/\">kotisivu<\/a> <a href=\"https:\/\/rodoaed.ee\/tootekategooria\/kasvuhooned-ja-talveaiad\/\">k\u00e4ynnist\u00e4<\/a> <a href=\"https:\/\/rodoaed.ee\/tootekategooria\/kasvuhooned-ja-talveaiad\/kasvuhoone-lisavarustus\/\">tarvikkeet<\/a> <a href=\"https:\/\/rodoaed.ee\/tootekategooria\/kasvuhooned-ja-talveaiad\/kasvuhoone-lisavarustus\/kasvuhoone-tarvikud\/\">tarvikkeet<\/a><\/p>\n<div>\n<div><\/div>\n<\/div>\n","protected":false},"excerpt":{"rendered":"<p>Istutustuki kasviastioihin tai k\u00e4ytett\u00e4v\u00e4ksi tavallisessa s\u00e4ngyss\u00e4. T\u00e4m\u00e4 istutustuki tarjoaa mahdollisuuden kasvattaa kaikenlaisia k\u00f6ynn\u00f6st\u00e4vi\u00e4 kasveja. Soveltuu k\u00e4ytett\u00e4v\u00e4ksi kaikissa Berberis UNO, DUO ja TRIO -malleissa ja suurissa XL55-malleissa sek\u00e4 kukkapenkeiss\u00e4 ja istutusastioissa. Valmistettu kierr\u00e4tysmateriaaleista, joten pienet v\u00e4rivaihtelut ovat mahdollisia. Voit istuttaa istutusmateriaalia tarpeen mukaan. Joko vain ensimm\u00e4isen vaiheen, toisen vaiheen tai kaikki kolme kerralla. Voit my\u00f6s lis\u00e4t\u00e4 uusia renkaita tarpeen mukaan lis\u00e4laitesarjan avulla. T\u00e4rkeimm\u00e4t ominaisuudet Mitat: 38&#8230;<\/p>\n","protected":false},"featured_media":46939,"template":"","meta":{"_acf_changed":false},"product_brand":[],"product_cat":[1777,1788,1743,1752,1745],"product_tag":[],"class_list":{"0":"post-52664","1":"product","2":"type-product","3":"status-publish","4":"has-post-thumbnail","6":"product_cat-art-containers-berberis-uno-duo-ja-trio","7":"product_cat-kukkaruukut-ja-kasviastiat","8":"product_cat-lisalahjat-lahjat","9":"product_cat-puutarha-ja-piha","10":"product_cat-suuri-varaston-tyhjennysmyynti","11":"product_shipping_class-kuljetus-ainoastaan-kuriiripalvelun-valityksella","12":"pa_variatsioon-kasvatussailio-16l2l-jossa-on-vesisailio-ja-kehys","14":"first","15":"instock","16":"sale","17":"taxable","18":"shipping-taxable","19":"purchasable","20":"product-type-simple"},"acf":[],"yoast_head":"<!-- This site is optimized with the Yoast SEO Premium plugin v27.3 (Yoast SEO v27.3) - https:\/\/yoast.com\/product\/yoast-seo-premium-wordpress\/ -->\n<title>6x Erikoistarjous - Kasvituki Berberis Uno-, Duo- ja Trio-malleihin. - Rodoaed<\/title>\n<meta name=\"description\" content=\"Kasvien kasvuastia. S\u00e4ili\u00f6n alla on kastelus\u00e4ili\u00f6, josta kasvit voivat ime\u00e4 juurineen sopivan m\u00e4\u00e4r\u00e4n vett\u00e4.\" \/>\n<meta name=\"robots\" content=\"index, follow, max-snippet:-1, max-image-preview:large, max-video-preview:-1\" \/>\n<link rel=\"canonical\" href=\"https:\/\/rodoaed.ee\/fi\/tuote\/6x-erikoistarjous-kasvituki-berberis-uno-duo-ja-trio-malleihin\/\" \/>\n<meta property=\"og:locale\" content=\"fi_FI\" \/>\n<meta property=\"og:type\" content=\"article\" \/>\n<meta property=\"og:title\" content=\"6x Erikoistarjous - Kasvituki Berberis Uno-, Duo- ja Trio-malleihin.\" \/>\n<meta property=\"og:description\" content=\"Istutustuki kasviastioihin tai k\u00e4ytett\u00e4v\u00e4ksi tavallisessa s\u00e4ngyss\u00e4. T\u00e4m\u00e4 istutustuki tarjoaa mahdollisuuden kasvattaa kaikenlaisia k\u00f6ynn\u00f6st\u00e4vi\u00e4 kasveja.\" \/>\n<meta property=\"og:url\" content=\"https:\/\/rodoaed.ee\/fi\/tuote\/6x-erikoistarjous-kasvituki-berberis-uno-duo-ja-trio-malleihin\/\" \/>\n<meta property=\"og:site_name\" content=\"Rodoaed\" \/>\n<meta property=\"article:publisher\" content=\"https:\/\/www.facebook.com\/kasvuhooned\/\" \/>\n<meta property=\"article:modified_time\" content=\"2026-04-17T07:17:11+00:00\" \/>\n<meta property=\"og:image\" content=\"https:\/\/rodoaed.ee\/wp-content\/uploads\/2024\/03\/Taimetugi-Berberis-mudelitele_2.jpg\" \/>\n\t<meta property=\"og:image:width\" content=\"933\" \/>\n\t<meta property=\"og:image:height\" content=\"1400\" \/>\n\t<meta property=\"og:image:type\" content=\"image\/jpeg\" \/>\n<meta name=\"twitter:card\" content=\"summary_large_image\" \/>\n<script type=\"application\/ld+json\" class=\"yoast-schema-graph\">{\"@context\":\"https:\\\/\\\/schema.org\",\"@graph\":[{\"@type\":\"WebPage\",\"@id\":\"https:\\\/\\\/rodoaed.ee\\\/fi\\\/tuote\\\/6x-erikoistarjous-kasvituki-berberis-uno-duo-ja-trio-malleihin\\\/\",\"url\":\"https:\\\/\\\/rodoaed.ee\\\/fi\\\/tuote\\\/6x-erikoistarjous-kasvituki-berberis-uno-duo-ja-trio-malleihin\\\/\",\"name\":\"6x Erikoistarjous - Kasvituki Berberis Uno-, Duo- ja Trio-malleihin. - Rodoaed\",\"isPartOf\":{\"@id\":\"https:\\\/\\\/rodoaed.ee\\\/#website\"},\"primaryImageOfPage\":{\"@id\":\"https:\\\/\\\/rodoaed.ee\\\/fi\\\/tuote\\\/6x-erikoistarjous-kasvituki-berberis-uno-duo-ja-trio-malleihin\\\/#primaryimage\"},\"image\":{\"@id\":\"https:\\\/\\\/rodoaed.ee\\\/fi\\\/tuote\\\/6x-erikoistarjous-kasvituki-berberis-uno-duo-ja-trio-malleihin\\\/#primaryimage\"},\"thumbnailUrl\":\"https:\\\/\\\/rodoaed.ee\\\/wp-content\\\/uploads\\\/2024\\\/03\\\/Taimetugi-Berberis-mudelitele_2.jpg\",\"datePublished\":\"2026-03-10T12:11:28+00:00\",\"dateModified\":\"2026-04-17T07:17:11+00:00\",\"description\":\"Kasvien kasvuastia. S\u00e4ili\u00f6n alla on kastelus\u00e4ili\u00f6, josta kasvit voivat ime\u00e4 juurineen sopivan m\u00e4\u00e4r\u00e4n vett\u00e4.\",\"breadcrumb\":{\"@id\":\"https:\\\/\\\/rodoaed.ee\\\/fi\\\/tuote\\\/6x-erikoistarjous-kasvituki-berberis-uno-duo-ja-trio-malleihin\\\/#breadcrumb\"},\"inLanguage\":\"fi\",\"potentialAction\":[{\"@type\":\"ReadAction\",\"target\":[\"https:\\\/\\\/rodoaed.ee\\\/fi\\\/tuote\\\/6x-erikoistarjous-kasvituki-berberis-uno-duo-ja-trio-malleihin\\\/\"]}]},{\"@type\":\"ImageObject\",\"inLanguage\":\"fi\",\"@id\":\"https:\\\/\\\/rodoaed.ee\\\/fi\\\/tuote\\\/6x-erikoistarjous-kasvituki-berberis-uno-duo-ja-trio-malleihin\\\/#primaryimage\",\"url\":\"https:\\\/\\\/rodoaed.ee\\\/wp-content\\\/uploads\\\/2024\\\/03\\\/Taimetugi-Berberis-mudelitele_2.jpg\",\"contentUrl\":\"https:\\\/\\\/rodoaed.ee\\\/wp-content\\\/uploads\\\/2024\\\/03\\\/Taimetugi-Berberis-mudelitele_2.jpg\",\"width\":933,\"height\":1400},{\"@type\":\"BreadcrumbList\",\"@id\":\"https:\\\/\\\/rodoaed.ee\\\/fi\\\/tuote\\\/6x-erikoistarjous-kasvituki-berberis-uno-duo-ja-trio-malleihin\\\/#breadcrumb\",\"itemListElement\":[{\"@type\":\"ListItem\",\"position\":1,\"name\":\"Home\",\"item\":\"https:\\\/\\\/rodoaed.ee\\\/fi\\\/\"},{\"@type\":\"ListItem\",\"position\":2,\"name\":\"Osta osoitteessa\",\"item\":\"https:\\\/\\\/rodoaed.ee\\\/osta-osoitteessa\\\/\"},{\"@type\":\"ListItem\",\"position\":3,\"name\":\"6x Erikoistarjous &#8211; Kasvituki Berberis Uno-, Duo- ja Trio-malleihin.\"}]},{\"@type\":\"WebSite\",\"@id\":\"https:\\\/\\\/rodoaed.ee\\\/#website\",\"url\":\"https:\\\/\\\/rodoaed.ee\\\/\",\"name\":\"Rodoaed\",\"description\":\"\",\"publisher\":{\"@id\":\"https:\\\/\\\/rodoaed.ee\\\/#organization\"},\"potentialAction\":[{\"@type\":\"SearchAction\",\"target\":{\"@type\":\"EntryPoint\",\"urlTemplate\":\"https:\\\/\\\/rodoaed.ee\\\/?s={search_term_string}\"},\"query-input\":{\"@type\":\"PropertyValueSpecification\",\"valueRequired\":true,\"valueName\":\"search_term_string\"}}],\"inLanguage\":\"fi\"},{\"@type\":\"Organization\",\"@id\":\"https:\\\/\\\/rodoaed.ee\\\/#organization\",\"name\":\"Rodoaed\",\"url\":\"https:\\\/\\\/rodoaed.ee\\\/\",\"logo\":{\"@type\":\"ImageObject\",\"inLanguage\":\"fi\",\"@id\":\"https:\\\/\\\/rodoaed.ee\\\/#\\\/schema\\\/logo\\\/image\\\/\",\"url\":\"https:\\\/\\\/rodoaed.ee\\\/wp-content\\\/uploads\\\/2019\\\/11\\\/rodoaed-logo-ilma-taustata.jpg\",\"contentUrl\":\"https:\\\/\\\/rodoaed.ee\\\/wp-content\\\/uploads\\\/2019\\\/11\\\/rodoaed-logo-ilma-taustata.jpg\",\"width\":769,\"height\":268,\"caption\":\"Rodoaed\"},\"image\":{\"@id\":\"https:\\\/\\\/rodoaed.ee\\\/#\\\/schema\\\/logo\\\/image\\\/\"},\"sameAs\":[\"https:\\\/\\\/www.facebook.com\\\/kasvuhooned\\\/\",\"https:\\\/\\\/rodoaed.ee\"]}]}<\/script>\n<!-- \/ Yoast SEO Premium plugin. -->","yoast_head_json":{"title":"6x Erikoistarjous - Kasvituki Berberis Uno-, Duo- ja Trio-malleihin. - Rodoaed","description":"Kasvien kasvuastia. S\u00e4ili\u00f6n alla on kastelus\u00e4ili\u00f6, josta kasvit voivat ime\u00e4 juurineen sopivan m\u00e4\u00e4r\u00e4n vett\u00e4.","robots":{"index":"index","follow":"follow","max-snippet":"max-snippet:-1","max-image-preview":"max-image-preview:large","max-video-preview":"max-video-preview:-1"},"canonical":"https:\/\/rodoaed.ee\/fi\/tuote\/6x-erikoistarjous-kasvituki-berberis-uno-duo-ja-trio-malleihin\/","og_locale":"fi_FI","og_type":"article","og_title":"6x Erikoistarjous - Kasvituki Berberis Uno-, Duo- ja Trio-malleihin.","og_description":"Istutustuki kasviastioihin tai k\u00e4ytett\u00e4v\u00e4ksi tavallisessa s\u00e4ngyss\u00e4. T\u00e4m\u00e4 istutustuki tarjoaa mahdollisuuden kasvattaa kaikenlaisia k\u00f6ynn\u00f6st\u00e4vi\u00e4 kasveja.","og_url":"https:\/\/rodoaed.ee\/fi\/tuote\/6x-erikoistarjous-kasvituki-berberis-uno-duo-ja-trio-malleihin\/","og_site_name":"Rodoaed","article_publisher":"https:\/\/www.facebook.com\/kasvuhooned\/","article_modified_time":"2026-04-17T07:17:11+00:00","og_image":[{"width":933,"height":1400,"url":"https:\/\/rodoaed.ee\/wp-content\/uploads\/2024\/03\/Taimetugi-Berberis-mudelitele_2.jpg","type":"image\/jpeg"}],"twitter_card":"summary_large_image","schema":{"@context":"https:\/\/schema.org","@graph":[{"@type":"WebPage","@id":"https:\/\/rodoaed.ee\/fi\/tuote\/6x-erikoistarjous-kasvituki-berberis-uno-duo-ja-trio-malleihin\/","url":"https:\/\/rodoaed.ee\/fi\/tuote\/6x-erikoistarjous-kasvituki-berberis-uno-duo-ja-trio-malleihin\/","name":"6x Erikoistarjous - Kasvituki Berberis Uno-, Duo- ja Trio-malleihin. - Rodoaed","isPartOf":{"@id":"https:\/\/rodoaed.ee\/#website"},"primaryImageOfPage":{"@id":"https:\/\/rodoaed.ee\/fi\/tuote\/6x-erikoistarjous-kasvituki-berberis-uno-duo-ja-trio-malleihin\/#primaryimage"},"image":{"@id":"https:\/\/rodoaed.ee\/fi\/tuote\/6x-erikoistarjous-kasvituki-berberis-uno-duo-ja-trio-malleihin\/#primaryimage"},"thumbnailUrl":"https:\/\/rodoaed.ee\/wp-content\/uploads\/2024\/03\/Taimetugi-Berberis-mudelitele_2.jpg","datePublished":"2026-03-10T12:11:28+00:00","dateModified":"2026-04-17T07:17:11+00:00","description":"Kasvien kasvuastia. S\u00e4ili\u00f6n alla on kastelus\u00e4ili\u00f6, josta kasvit voivat ime\u00e4 juurineen sopivan m\u00e4\u00e4r\u00e4n vett\u00e4.","breadcrumb":{"@id":"https:\/\/rodoaed.ee\/fi\/tuote\/6x-erikoistarjous-kasvituki-berberis-uno-duo-ja-trio-malleihin\/#breadcrumb"},"inLanguage":"fi","potentialAction":[{"@type":"ReadAction","target":["https:\/\/rodoaed.ee\/fi\/tuote\/6x-erikoistarjous-kasvituki-berberis-uno-duo-ja-trio-malleihin\/"]}]},{"@type":"ImageObject","inLanguage":"fi","@id":"https:\/\/rodoaed.ee\/fi\/tuote\/6x-erikoistarjous-kasvituki-berberis-uno-duo-ja-trio-malleihin\/#primaryimage","url":"https:\/\/rodoaed.ee\/wp-content\/uploads\/2024\/03\/Taimetugi-Berberis-mudelitele_2.jpg","contentUrl":"https:\/\/rodoaed.ee\/wp-content\/uploads\/2024\/03\/Taimetugi-Berberis-mudelitele_2.jpg","width":933,"height":1400},{"@type":"BreadcrumbList","@id":"https:\/\/rodoaed.ee\/fi\/tuote\/6x-erikoistarjous-kasvituki-berberis-uno-duo-ja-trio-malleihin\/#breadcrumb","itemListElement":[{"@type":"ListItem","position":1,"name":"Home","item":"https:\/\/rodoaed.ee\/fi\/"},{"@type":"ListItem","position":2,"name":"Osta osoitteessa","item":"https:\/\/rodoaed.ee\/osta-osoitteessa\/"},{"@type":"ListItem","position":3,"name":"6x Erikoistarjous &#8211; Kasvituki Berberis Uno-, Duo- ja Trio-malleihin."}]},{"@type":"WebSite","@id":"https:\/\/rodoaed.ee\/#website","url":"https:\/\/rodoaed.ee\/","name":"Rodoaed","description":"","publisher":{"@id":"https:\/\/rodoaed.ee\/#organization"},"potentialAction":[{"@type":"SearchAction","target":{"@type":"EntryPoint","urlTemplate":"https:\/\/rodoaed.ee\/?s={search_term_string}"},"query-input":{"@type":"PropertyValueSpecification","valueRequired":true,"valueName":"search_term_string"}}],"inLanguage":"fi"},{"@type":"Organization","@id":"https:\/\/rodoaed.ee\/#organization","name":"Rodoaed","url":"https:\/\/rodoaed.ee\/","logo":{"@type":"ImageObject","inLanguage":"fi","@id":"https:\/\/rodoaed.ee\/#\/schema\/logo\/image\/","url":"https:\/\/rodoaed.ee\/wp-content\/uploads\/2019\/11\/rodoaed-logo-ilma-taustata.jpg","contentUrl":"https:\/\/rodoaed.ee\/wp-content\/uploads\/2019\/11\/rodoaed-logo-ilma-taustata.jpg","width":769,"height":268,"caption":"Rodoaed"},"image":{"@id":"https:\/\/rodoaed.ee\/#\/schema\/logo\/image\/"},"sameAs":["https:\/\/www.facebook.com\/kasvuhooned\/","https:\/\/rodoaed.ee"]}]}},"_links":{"self":[{"href":"https:\/\/rodoaed.ee\/fi\/wp-json\/wp\/v2\/product\/52664","targetHints":{"allow":["GET"]}}],"collection":[{"href":"https:\/\/rodoaed.ee\/fi\/wp-json\/wp\/v2\/product"}],"about":[{"href":"https:\/\/rodoaed.ee\/fi\/wp-json\/wp\/v2\/types\/product"}],"wp:featuredmedia":[{"embeddable":true,"href":"https:\/\/rodoaed.ee\/fi\/wp-json\/wp\/v2\/media\/46939"}],"wp:attachment":[{"href":"https:\/\/rodoaed.ee\/fi\/wp-json\/wp\/v2\/media?parent=52664"}],"wp:term":[{"taxonomy":"product_brand","embeddable":true,"href":"https:\/\/rodoaed.ee\/fi\/wp-json\/wp\/v2\/product_brand?post=52664"},{"taxonomy":"product_cat","embeddable":true,"href":"https:\/\/rodoaed.ee\/fi\/wp-json\/wp\/v2\/product_cat?post=52664"},{"taxonomy":"product_tag","embeddable":true,"href":"https:\/\/rodoaed.ee\/fi\/wp-json\/wp\/v2\/product_tag?post=52664"}],"curies":[{"name":"wp","href":"https:\/\/api.w.org\/{rel}","templated":true}]}}